{"id":9096,"date":"2019-06-16T17:28:15","date_gmt":"2019-06-17T02:34:04","guid":{"rendered":"https:\/\/landioustravel.com\/?post_type=product&#038;p=9096"},"modified":"2026-02-04T06:38:19","modified_gmt":"2026-02-04T04:38:19","slug":"viaggio-individuale-minya-cairo","status":"publish","type":"product","link":"https:\/\/landioustravel.com\/it\/shop\/viaggio-individuale-minya-cairo\/","title":{"rendered":"Viaggio individuale a El-Minya dal Cairo"},"content":{"rendered":"<p>Un viaggio individuale informativo a El-Minya dal <a href=\"https:\/\/landioustravel.com\/it\/egitto\/citta-egiziane\/governatorato-cairo\/\">Cairo<\/a>! Raccomandiamo il viaggio perch\u00e9 permette ai turisti di vedere un gran numero di antiche attrazioni egiziane. Inoltre, perch\u00e9 ti permette di conoscere molto sulla <a href=\"https:\/\/landioustravel.com\/it\/egitto\/storia-egitto\/storia-egiziana-antica\/\">storia dell&#8217;antico Egitto<\/a>!<\/p>\n<h2>I punti principali del programma individuale a El-Minya<\/h2>\n<ul>\n<li>Tonno El-Gabel<\/li>\n<li>Di &#8216;ad Al Amarna<\/li>\n<li>Pranzo<\/li>\n<li>E, Beni Hassan Tombs<\/li>\n<\/ul>\n<h3>Il programma di viaggio a El-Minya dal Cairo<\/h3>\n<ul>\n<li>Vi verremo a prendere dall&#8217;hotel alle 04:00 del mattino<\/li>\n<li>Dopo averti preso, l&#8217;autobus (limousine o minibus) parte verso El-Minya passando le citt\u00e0 di Giza e Beni Suef. Queste citt\u00e0 sono a sud del Cairo, nella valle del Nilo. La strada, dal centro del Cairo a El-Minya, dura circa 4 ore.<\/li>\n<li>Non appena arrivi a El Minya, ti mostriamo Beni Hassan che \u00e8 il sito di quasi 40 tombe dell&#8217;11 \u00b0 e 12 \u00b0 dinastia. Queste tombe sono: Tomba di Baqet che era governatore e soldato, la seconda per suo figlio Khety, la terza per Amenmhet e la quarta per Khunumhotep, il successore del re Amenemhat.<\/li>\n<li>La prossima tappa sar\u00e0 al ristorante. L\u00ec potrai gustare un delizioso pranzo.<\/li>\n<li>Quindi, si continua il viaggio individuale nella zona di Tuna El Gabel, che era il centro culturale in cui i pellegrini hanno reso omaggio a Dio Thot.<\/li>\n<li>Dopodich\u00e9 sarai trasferito a Tell Al Amarna dove King Ikhnaton e sua moglie, la regina Nefertiti, fondarono questa citt\u00e0 come dedizione al culto del nuovo dio Aton.<\/li>\n<li>Il nostro autobus parte per il Cairo, dopo un programma del genere nella meravigliosa citt\u00e0 di El Minya<\/li>\n<li>Questo &#8220;Viaggio individuale a El-Minya dal Cairo&#8221; termina alle 20:00 circa<\/li>\n<\/ul>\n<h4>Cosa \u00e8 incluso nel prezzo del viaggio<\/h4>\n<ul>\n<li>Biglietti per visitare i templi di El-Minya<\/li>\n<li>Pranzo<\/li>\n<li>Bevande<\/li>\n<li>Guida privata<\/li>\n<li>E, veicolo privato per El-Minya, e ritorno in hotel al Cairo<\/li>\n<\/ul>\n<h5>Cosa non \u00e8 incluso nel prezzo del viaggio<\/h5>\n<ul>\n<li>Ulteriori programmi di escursione se non inclusi nel programma sopra menzionato<\/li>\n<\/ul>\n<h6>Cosa portare con te per il tour<\/h6>\n<ul>\n<li>Scatola della colazione<\/li>\n<li>Vestiti per la stagione<\/li>\n<\/ul>\n<h6>GIORNI DI ORGANIZZAZIONE DI ESCURSIONE<\/h6>\n<ul>\n<li>Tutti i giorni dalle 04:00 alle 20:00<\/li>\n<\/ul>\n","protected":false},"excerpt":{"rendered":"<p>Scopri le meraviglie dell&#8217;antico Egitto durante il nostro viaggio guidato a El-Minya dal Cairo. La tua sicurezza e il tuo comfort sono le nostre massime priorit\u00e0 mentre esploriamo attentamente tre grandi siti storici: Tuna El-Gabel, Tell Al Amarna e Beni Hassan Tombs. Il prezzo del viaggio include un delizioso pranzo, i trasferimenti e la guida esperta di una guida egittologa di lingua inglese.<\/p>\n<p>El Minya \u00e8 una citt\u00e0 ricca di storia e cultura, dove gli antichi re egizi costruirono i loro regni e diedero inizio a una nuova religione. Contiene molte bellissime rovine e templi a Taal El Amarna di Akhnaton e tombe di Beni Hassan scavate nella roccia. Unisciti a noi nel nostro tour e immergiti nella ricca storia di questa incredibile citt\u00e0.<\/p>\n<p>In questo affascinante tour di un giorno al Cairo, visiterai il sito noto come Tell el-Amarna, la citt\u00e0 del dio Aten, che ti permetter\u00e0 di scoprire antichi siti egizi raramente visitati dai visitatori. Sfrutta al massimo la tua visita in Egitto prenotando uno dei nostri interessanti tour giornalieri del Cairo, come il tour El Minya dal Cairo.<\/p>\n<p>Viaggeremo verso El Minya, che si trova circa a met\u00e0 strada tra il nord e il sud dell&#8217;Egitto, ma a breve distanza dal Cairo. La nostra guida esperta ti fornir\u00e0 una presentazione storica sulla storia dell&#8217;Egitto durante il viaggio di circa quattro ore.<\/p>\n<p>Inizieremo visitando Tel El Amarna, fondata dal re Akhenaton, figlio di Amenhotep III e padre di Tutankhamon. \u00c8 noto per essere sede di molti bei monumenti e siti storici risalenti al periodo faraonico dell&#8217;Egitto. Avrai l&#8217;opportunit\u00e0 di vedere le bellissime tombe scavate nella roccia dei gruppi meridionali e settentrionali ed esplorare uno dei rarissimi palazzi reali rimasti dell&#8217;antico Egitto, il palazzo della regina Nefertiti.<\/p>\n<p>Successivamente, continueremo il tuo tour El Minya dal Cairo e ci sposteremo a Beni Hassan per vedere le tombe dei nobili e dei sovrani della regione durante il Medio Regno. Rimarrai stupito dalla visione completa delle scene della vita quotidiana come la caccia, la raccolta e la creazione di acrobati, cos\u00ec come i popolari movimenti di wrestling che mostrano pi\u00f9 di 250 azioni diverse e molte altre scene della vita quotidiana che hanno pi\u00f9 di 4000 anni.<\/p>\n<p>Dopo aver completato il tuo tour di Tel El Amarna in Egitto, la tua guida ti riporter\u00e0 al tuo hotel al Cairo e il tuo pranzo sar\u00e0 servito sulla via del ritorno dal tuo viaggio al Cairo. Ci auguriamo che tu abbia un viaggio sicuro e piacevole con noi.<\/p>\n<p>Cosa \u00e8 incluso nel tuo tour El Minya dal Cairo? La tua sicurezza e il tuo comfort sono le nostre massime priorit\u00e0. Trasporti dall&#8217;hotel e ritorno ovunque si trovi l&#8217;hotel al Cairo o a Giza, biglietti d&#8217;ingresso e spese per i siti menzionati a Beni Hassan e Tel El Amarna, i tuoi trasferimenti a El Minya e ritorno saranno effettuati da un moderno privato con aria condizionata veicolo, guida egittologa di lingua inglese durante il tuo tour El Minya dal Cairo, pranzo in un buon ristorante, bottiglie di acqua minerale gratuite durante i tuoi tour giornalieri del Cairo a El Minya e tutte le tasse e i costi di servizio dei tour giornalieri in Egitto sono coperti.<\/p>\n","protected":false},"featured_media":98946,"comment_status":"open","ping_status":"closed","template":"","meta":{"_coblocks_attr":"","_coblocks_dimensions":"","_coblocks_responsive_height":"","_coblocks_accordion_ie_support":"","_uag_custom_page_level_css":"","jetpack_publicize_message":"","jetpack_publicize_feature_enabled":true,"jetpack_social_post_already_shared":true,"jetpack_social_options":{"image_generator_settings":{"template":"highway","default_image_id":0,"font":"","enabled":false},"version":2},"_wpas_customize_per_network":false},"product_brand":[],"product_cat":[9852],"product_tag":[1644,1643,9910],"class_list":{"0":"post-9096","1":"product","2":"type-product","3":"status-publish","4":"has-post-thumbnail","6":"product_cat-escursioni-cairo","7":"product_tag-escursione","8":"product_tag-il-cairo","9":"product_tag-visita-turistica","11":"first","12":"instock","13":"sale","14":"taxable","15":"shipping-taxable","16":"purchasable","17":"product-type-variable"},"yoast_head":"<!-- This site is optimized with the Yoast SEO Premium plugin v26.9 (Yoast SEO v27.4) - https:\/\/yoast.com\/product\/yoast-seo-premium-wordpress\/ -->\n<title>Viaggio individuale a El-Minya dal Cairo<\/title>\n<meta name=\"description\" content=\"Viaggio individuale a El-Minya dal Cairo Raccomandiamo il viaggio perch\u00e9 permette ai turisti di vedere un gran numero di antiche attrazioni egiziane\" \/>\n<meta name=\"robots\" content=\"index, follow, max-snippet:-1, max-image-preview:large, max-video-preview:-1\" \/>\n<link rel=\"canonical\" href=\"https:\/\/landioustravel.com\/it\/shop\/viaggio-individuale-minya-cairo\/\" \/>\n<meta property=\"og:locale\" content=\"it_IT\" \/>\n<meta property=\"og:type\" content=\"article\" \/>\n<meta property=\"og:title\" content=\"Viaggio individuale a El-Minya dal Cairo\" \/>\n<meta property=\"og:description\" content=\"Landious Travel\" \/>\n<meta property=\"og:url\" content=\"https:\/\/landioustravel.com\/it\/shop\/viaggio-individuale-minya-cairo\/\" \/>\n<meta property=\"og:site_name\" content=\"Landious Travel\" \/>\n<meta property=\"article:publisher\" content=\"https:\/\/web.facebook.com\/landiousEgypt\" \/>\n<meta property=\"article:modified_time\" content=\"2026-02-04T04:38:19+00:00\" \/>\n<meta property=\"og:image\" content=\"https:\/\/i0.wp.com\/landioustravel.com\/wp-content\/uploads\/2019\/06\/Tuna-El-Gebel.jpg?fit=1000%2C537&ssl=1\" \/>\n\t<meta property=\"og:image:width\" content=\"1000\" \/>\n\t<meta property=\"og:image:height\" content=\"537\" \/>\n\t<meta property=\"og:image:type\" content=\"image\/jpeg\" \/>\n<meta name=\"twitter:card\" content=\"summary_large_image\" \/>\n<meta name=\"twitter:site\" content=\"@LandiousTours\" \/>\n<meta name=\"twitter:label1\" content=\"Tempo di lettura stimato\" \/>\n\t<meta name=\"twitter:data1\" content=\"2 minuti\" \/>\n<script type=\"application\/ld+json\" class=\"yoast-schema-graph\">{\"@context\":\"https:\\\/\\\/schema.org\",\"@graph\":[{\"@type\":\"WebPage\",\"@id\":\"https:\\\/\\\/landioustravel.com\\\/it\\\/shop\\\/viaggio-individuale-minya-cairo\\\/\",\"url\":\"https:\\\/\\\/landioustravel.com\\\/it\\\/shop\\\/viaggio-individuale-minya-cairo\\\/\",\"name\":\"Viaggio individuale a El-Minya dal Cairo\",\"isPartOf\":{\"@id\":\"https:\\\/\\\/landioustravel.com\\\/it\\\/#website\"},\"primaryImageOfPage\":{\"@id\":\"https:\\\/\\\/landioustravel.com\\\/it\\\/shop\\\/viaggio-individuale-minya-cairo\\\/#primaryimage\"},\"image\":{\"@id\":\"https:\\\/\\\/landioustravel.com\\\/it\\\/shop\\\/viaggio-individuale-minya-cairo\\\/#primaryimage\"},\"thumbnailUrl\":\"https:\\\/\\\/i0.wp.com\\\/landioustravel.com\\\/wp-content\\\/uploads\\\/2019\\\/06\\\/Tuna-El-Gebel.jpg?fit=1000%2C537&ssl=1\",\"datePublished\":\"2019-06-17T02:34:04+00:00\",\"dateModified\":\"2026-02-04T04:38:19+00:00\",\"description\":\"Viaggio individuale a El-Minya dal Cairo Raccomandiamo il viaggio perch\u00e9 permette ai turisti di vedere un gran numero di antiche attrazioni egiziane\",\"breadcrumb\":{\"@id\":\"https:\\\/\\\/landioustravel.com\\\/it\\\/shop\\\/viaggio-individuale-minya-cairo\\\/#breadcrumb\"},\"inLanguage\":\"it-IT\",\"potentialAction\":[{\"@type\":\"ReadAction\",\"target\":[\"https:\\\/\\\/landioustravel.com\\\/it\\\/shop\\\/viaggio-individuale-minya-cairo\\\/\"]}]},{\"@type\":\"ImageObject\",\"inLanguage\":\"it-IT\",\"@id\":\"https:\\\/\\\/landioustravel.com\\\/it\\\/shop\\\/viaggio-individuale-minya-cairo\\\/#primaryimage\",\"url\":\"https:\\\/\\\/i0.wp.com\\\/landioustravel.com\\\/wp-content\\\/uploads\\\/2019\\\/06\\\/Tuna-El-Gebel.jpg?fit=1000%2C537&ssl=1\",\"contentUrl\":\"https:\\\/\\\/i0.wp.com\\\/landioustravel.com\\\/wp-content\\\/uploads\\\/2019\\\/06\\\/Tuna-El-Gebel.jpg?fit=1000%2C537&ssl=1\",\"width\":1000,\"height\":537,\"caption\":\"Tuna El-Gebel\"},{\"@type\":\"BreadcrumbList\",\"@id\":\"https:\\\/\\\/landioustravel.com\\\/it\\\/shop\\\/viaggio-individuale-minya-cairo\\\/#breadcrumb\",\"itemListElement\":[{\"@type\":\"ListItem\",\"position\":1,\"name\":\"Home\",\"item\":\"https:\\\/\\\/landioustravel.com\\\/it\\\/\"},{\"@type\":\"ListItem\",\"position\":2,\"name\":\"Tour in Egitto\",\"item\":\"https:\\\/\\\/landioustravel.com\\\/it\\\/\"},{\"@type\":\"ListItem\",\"position\":3,\"name\":\"Viaggio individuale a El-Minya dal Cairo\"}]},{\"@type\":\"WebSite\",\"@id\":\"https:\\\/\\\/landioustravel.com\\\/it\\\/#website\",\"url\":\"https:\\\/\\\/landioustravel.com\\\/it\\\/\",\"name\":\"Landious Travel\",\"description\":\"Excursions, trips and cruises in Egypt\",\"publisher\":{\"@id\":\"https:\\\/\\\/landioustravel.com\\\/it\\\/#organization\"},\"potentialAction\":[{\"@type\":\"SearchAction\",\"target\":{\"@type\":\"EntryPoint\",\"urlTemplate\":\"https:\\\/\\\/landioustravel.com\\\/it\\\/?s={search_term_string}\"},\"query-input\":{\"@type\":\"PropertyValueSpecification\",\"valueRequired\":true,\"valueName\":\"search_term_string\"}}],\"inLanguage\":\"it-IT\"},{\"@type\":[\"Organization\",\"Place\"],\"@id\":\"https:\\\/\\\/landioustravel.com\\\/it\\\/#organization\",\"name\":\"Landious Travel\",\"alternateName\":\"Landious Travel\",\"url\":\"https:\\\/\\\/landioustravel.com\\\/it\\\/\",\"logo\":{\"@id\":\"https:\\\/\\\/landioustravel.com\\\/it\\\/shop\\\/viaggio-individuale-minya-cairo\\\/#local-main-organization-logo\"},\"image\":{\"@id\":\"https:\\\/\\\/landioustravel.com\\\/it\\\/shop\\\/viaggio-individuale-minya-cairo\\\/#local-main-organization-logo\"},\"sameAs\":[\"https:\\\/\\\/web.facebook.com\\\/landiousEgypt\",\"https:\\\/\\\/x.com\\\/LandiousTours\",\"https:\\\/\\\/mastodon.social\\\/@landious\"],\"legalName\":\"Landious Travel\",\"telephone\":[],\"openingHoursSpecification\":[{\"@type\":\"OpeningHoursSpecification\",\"dayOfWeek\":[\"Monday\",\"Tuesday\",\"Wednesday\",\"Thursday\",\"Friday\",\"Saturday\",\"Sunday\"],\"opens\":\"09:00\",\"closes\":\"17:00\"}]},{\"@type\":\"ImageObject\",\"inLanguage\":\"it-IT\",\"@id\":\"https:\\\/\\\/landioustravel.com\\\/it\\\/shop\\\/viaggio-individuale-minya-cairo\\\/#local-main-organization-logo\",\"url\":\"https:\\\/\\\/i0.wp.com\\\/landioustravel.com\\\/wp-content\\\/uploads\\\/2021\\\/06\\\/Landious-T.png?fit=500%2C500&ssl=1\",\"contentUrl\":\"https:\\\/\\\/i0.wp.com\\\/landioustravel.com\\\/wp-content\\\/uploads\\\/2021\\\/06\\\/Landious-T.png?fit=500%2C500&ssl=1\",\"width\":500,\"height\":500,\"caption\":\"Landious Travel\"}]}<\/script>\n<!-- \/ Yoast SEO Premium plugin. -->","yoast_head_json":{"title":"Viaggio individuale a El-Minya dal Cairo","description":"Viaggio individuale a El-Minya dal Cairo Raccomandiamo il viaggio perch\u00e9 permette ai turisti di vedere un gran numero di antiche attrazioni egiziane","robots":{"index":"index","follow":"follow","max-snippet":"max-snippet:-1","max-image-preview":"max-image-preview:large","max-video-preview":"max-video-preview:-1"},"canonical":"https:\/\/landioustravel.com\/it\/shop\/viaggio-individuale-minya-cairo\/","og_locale":"it_IT","og_type":"article","og_title":"Viaggio individuale a El-Minya dal Cairo","og_description":"Landious Travel","og_url":"https:\/\/landioustravel.com\/it\/shop\/viaggio-individuale-minya-cairo\/","og_site_name":"Landious Travel","article_publisher":"https:\/\/web.facebook.com\/landiousEgypt","article_modified_time":"2026-02-04T04:38:19+00:00","og_image":[{"width":1000,"height":537,"url":"https:\/\/i0.wp.com\/landioustravel.com\/wp-content\/uploads\/2019\/06\/Tuna-El-Gebel.jpg?fit=1000%2C537&ssl=1","type":"image\/jpeg"}],"twitter_card":"summary_large_image","twitter_site":"@LandiousTours","twitter_misc":{"Tempo di lettura stimato":"2 minuti"},"schema":{"@context":"https:\/\/schema.org","@graph":[{"@type":"WebPage","@id":"https:\/\/landioustravel.com\/it\/shop\/viaggio-individuale-minya-cairo\/","url":"https:\/\/landioustravel.com\/it\/shop\/viaggio-individuale-minya-cairo\/","name":"Viaggio individuale a El-Minya dal Cairo","isPartOf":{"@id":"https:\/\/landioustravel.com\/it\/#website"},"primaryImageOfPage":{"@id":"https:\/\/landioustravel.com\/it\/shop\/viaggio-individuale-minya-cairo\/#primaryimage"},"image":{"@id":"https:\/\/landioustravel.com\/it\/shop\/viaggio-individuale-minya-cairo\/#primaryimage"},"thumbnailUrl":"https:\/\/i0.wp.com\/landioustravel.com\/wp-content\/uploads\/2019\/06\/Tuna-El-Gebel.jpg?fit=1000%2C537&ssl=1","datePublished":"2019-06-17T02:34:04+00:00","dateModified":"2026-02-04T04:38:19+00:00","description":"Viaggio individuale a El-Minya dal Cairo Raccomandiamo il viaggio perch\u00e9 permette ai turisti di vedere un gran numero di antiche attrazioni egiziane","breadcrumb":{"@id":"https:\/\/landioustravel.com\/it\/shop\/viaggio-individuale-minya-cairo\/#breadcrumb"},"inLanguage":"it-IT","potentialAction":[{"@type":"ReadAction","target":["https:\/\/landioustravel.com\/it\/shop\/viaggio-individuale-minya-cairo\/"]}]},{"@type":"ImageObject","inLanguage":"it-IT","@id":"https:\/\/landioustravel.com\/it\/shop\/viaggio-individuale-minya-cairo\/#primaryimage","url":"https:\/\/i0.wp.com\/landioustravel.com\/wp-content\/uploads\/2019\/06\/Tuna-El-Gebel.jpg?fit=1000%2C537&ssl=1","contentUrl":"https:\/\/i0.wp.com\/landioustravel.com\/wp-content\/uploads\/2019\/06\/Tuna-El-Gebel.jpg?fit=1000%2C537&ssl=1","width":1000,"height":537,"caption":"Tuna El-Gebel"},{"@type":"BreadcrumbList","@id":"https:\/\/landioustravel.com\/it\/shop\/viaggio-individuale-minya-cairo\/#breadcrumb","itemListElement":[{"@type":"ListItem","position":1,"name":"Home","item":"https:\/\/landioustravel.com\/it\/"},{"@type":"ListItem","position":2,"name":"Tour in Egitto","item":"https:\/\/landioustravel.com\/it\/"},{"@type":"ListItem","position":3,"name":"Viaggio individuale a El-Minya dal Cairo"}]},{"@type":"WebSite","@id":"https:\/\/landioustravel.com\/it\/#website","url":"https:\/\/landioustravel.com\/it\/","name":"Landious Travel","description":"Excursions, trips and cruises in Egypt","publisher":{"@id":"https:\/\/landioustravel.com\/it\/#organization"},"potentialAction":[{"@type":"SearchAction","target":{"@type":"EntryPoint","urlTemplate":"https:\/\/landioustravel.com\/it\/?s={search_term_string}"},"query-input":{"@type":"PropertyValueSpecification","valueRequired":true,"valueName":"search_term_string"}}],"inLanguage":"it-IT"},{"@type":["Organization","Place"],"@id":"https:\/\/landioustravel.com\/it\/#organization","name":"Landious Travel","alternateName":"Landious Travel","url":"https:\/\/landioustravel.com\/it\/","logo":{"@id":"https:\/\/landioustravel.com\/it\/shop\/viaggio-individuale-minya-cairo\/#local-main-organization-logo"},"image":{"@id":"https:\/\/landioustravel.com\/it\/shop\/viaggio-individuale-minya-cairo\/#local-main-organization-logo"},"sameAs":["https:\/\/web.facebook.com\/landiousEgypt","https:\/\/x.com\/LandiousTours","https:\/\/mastodon.social\/@landious"],"legalName":"Landious Travel","telephone":[],"openingHoursSpecification":[{"@type":"OpeningHoursSpecification","dayOfWeek":["Monday","Tuesday","Wednesday","Thursday","Friday","Saturday","Sunday"],"opens":"09:00","closes":"17:00"}]},{"@type":"ImageObject","inLanguage":"it-IT","@id":"https:\/\/landioustravel.com\/it\/shop\/viaggio-individuale-minya-cairo\/#local-main-organization-logo","url":"https:\/\/i0.wp.com\/landioustravel.com\/wp-content\/uploads\/2021\/06\/Landious-T.png?fit=500%2C500&ssl=1","contentUrl":"https:\/\/i0.wp.com\/landioustravel.com\/wp-content\/uploads\/2021\/06\/Landious-T.png?fit=500%2C500&ssl=1","width":500,"height":500,"caption":"Landious Travel"}]}},"jetpack_publicize_connections":[],"uagb_featured_image_src":{"full":["https:\/\/i0.wp.com\/landioustravel.com\/wp-content\/uploads\/2019\/06\/Tuna-El-Gebel.jpg?fit=1000%2C537&ssl=1",1000,537,false],"thumbnail":["https:\/\/i0.wp.com\/landioustravel.com\/wp-content\/uploads\/2019\/06\/Tuna-El-Gebel.jpg?resize=150%2C150&ssl=1",150,150,true],"medium":["https:\/\/i0.wp.com\/landioustravel.com\/wp-content\/uploads\/2019\/06\/Tuna-El-Gebel.jpg?fit=300%2C161&ssl=1",300,161,true],"medium_large":["https:\/\/i0.wp.com\/landioustravel.com\/wp-content\/uploads\/2019\/06\/Tuna-El-Gebel.jpg?fit=768%2C412&ssl=1",768,412,true],"large":["https:\/\/i0.wp.com\/landioustravel.com\/wp-content\/uploads\/2019\/06\/Tuna-El-Gebel.jpg?fit=980%2C526&ssl=1",980,526,true],"1536x1536":["https:\/\/i0.wp.com\/landioustravel.com\/wp-content\/uploads\/2019\/06\/Tuna-El-Gebel.jpg?fit=1000%2C537&ssl=1",1000,537,true],"2048x2048":["https:\/\/i0.wp.com\/landioustravel.com\/wp-content\/uploads\/2019\/06\/Tuna-El-Gebel.jpg?fit=1000%2C537&ssl=1",1000,537,true],"newspack-article-block-landscape-large":["https:\/\/i0.wp.com\/landioustravel.com\/wp-content\/uploads\/2019\/06\/Tuna-El-Gebel.jpg?resize=1000%2C537&ssl=1",1000,537,true],"newspack-article-block-portrait-large":["https:\/\/i0.wp.com\/landioustravel.com\/wp-content\/uploads\/2019\/06\/Tuna-El-Gebel.jpg?resize=900%2C537&ssl=1",900,537,true],"newspack-article-block-square-large":["https:\/\/i0.wp.com\/landioustravel.com\/wp-content\/uploads\/2019\/06\/Tuna-El-Gebel.jpg?resize=1000%2C537&ssl=1",1000,537,true],"newspack-article-block-landscape-medium":["https:\/\/i0.wp.com\/landioustravel.com\/wp-content\/uploads\/2019\/06\/Tuna-El-Gebel.jpg?resize=800%2C537&ssl=1",800,537,true],"newspack-article-block-portrait-medium":["https:\/\/i0.wp.com\/landioustravel.com\/wp-content\/uploads\/2019\/06\/Tuna-El-Gebel.jpg?resize=600%2C537&ssl=1",600,537,true],"newspack-article-block-square-medium":["https:\/\/i0.wp.com\/landioustravel.com\/wp-content\/uploads\/2019\/06\/Tuna-El-Gebel.jpg?resize=800%2C537&ssl=1",800,537,true],"newspack-article-block-landscape-intermediate":["https:\/\/i0.wp.com\/landioustravel.com\/wp-content\/uploads\/2019\/06\/Tuna-El-Gebel.jpg?resize=600%2C450&ssl=1",600,450,true],"newspack-article-block-portrait-intermediate":["https:\/\/i0.wp.com\/landioustravel.com\/wp-content\/uploads\/2019\/06\/Tuna-El-Gebel.jpg?resize=450%2C537&ssl=1",450,537,true],"newspack-article-block-square-intermediate":["https:\/\/i0.wp.com\/landioustravel.com\/wp-content\/uploads\/2019\/06\/Tuna-El-Gebel.jpg?resize=600%2C537&ssl=1",600,537,true],"newspack-article-block-landscape-small":["https:\/\/i0.wp.com\/landioustravel.com\/wp-content\/uploads\/2019\/06\/Tuna-El-Gebel.jpg?resize=400%2C300&ssl=1",400,300,true],"newspack-article-block-portrait-small":["https:\/\/i0.wp.com\/landioustravel.com\/wp-content\/uploads\/2019\/06\/Tuna-El-Gebel.jpg?resize=300%2C400&ssl=1",300,400,true],"newspack-article-block-square-small":["https:\/\/i0.wp.com\/landioustravel.com\/wp-content\/uploads\/2019\/06\/Tuna-El-Gebel.jpg?resize=400%2C400&ssl=1",400,400,true],"newspack-article-block-landscape-tiny":["https:\/\/i0.wp.com\/landioustravel.com\/wp-content\/uploads\/2019\/06\/Tuna-El-Gebel.jpg?resize=200%2C150&ssl=1",200,150,true],"newspack-article-block-portrait-tiny":["https:\/\/i0.wp.com\/landioustravel.com\/wp-content\/uploads\/2019\/06\/Tuna-El-Gebel.jpg?resize=150%2C200&ssl=1",150,200,true],"newspack-article-block-square-tiny":["https:\/\/i0.wp.com\/landioustravel.com\/wp-content\/uploads\/2019\/06\/Tuna-El-Gebel.jpg?resize=200%2C200&ssl=1",200,200,true],"newspack-article-block-uncropped":["https:\/\/i0.wp.com\/landioustravel.com\/wp-content\/uploads\/2019\/06\/Tuna-El-Gebel.jpg?fit=1000%2C537&ssl=1",1000,537,true],"woocommerce_thumbnail":["https:\/\/i0.wp.com\/landioustravel.com\/wp-content\/uploads\/2019\/06\/Tuna-El-Gebel.jpg?resize=324%2C324&ssl=1",324,324,true],"woocommerce_single":["https:\/\/i0.wp.com\/landioustravel.com\/wp-content\/uploads\/2019\/06\/Tuna-El-Gebel.jpg?fit=416%2C223&ssl=1",416,223,true],"woocommerce_gallery_thumbnail":["https:\/\/i0.wp.com\/landioustravel.com\/wp-content\/uploads\/2019\/06\/Tuna-El-Gebel.jpg?resize=100%2C100&ssl=1",100,100,true]},"uagb_author_info":{"display_name":"Mofreh Landious","author_link":"https:\/\/landioustravel.com\/it\/author\/"},"uagb_comment_info":2,"uagb_excerpt":"Scopri le meraviglie dell'antico Egitto durante il nostro viaggio guidato a El-Minya dal Cairo. La tua sicurezza e il tuo comfort sono le nostre massime priorit\u00e0 mentre esploriamo attentamente tre grandi siti storici: Tuna El-Gabel, Tell Al Amarna e Beni Hassan Tombs. Il prezzo del viaggio include un delizioso pranzo, i trasferimenti e la guida&hellip;","jetpack_sharing_enabled":true,"jetpack_likes_enabled":true,"amp_enabled":true,"_links":{"self":[{"href":"https:\/\/landioustravel.com\/it\/wp-json\/wp\/v2\/product\/9096","targetHints":{"allow":["GET"]}}],"collection":[{"href":"https:\/\/landioustravel.com\/it\/wp-json\/wp\/v2\/product"}],"about":[{"href":"https:\/\/landioustravel.com\/it\/wp-json\/wp\/v2\/types\/product"}],"replies":[{"embeddable":true,"href":"https:\/\/landioustravel.com\/it\/wp-json\/wp\/v2\/comments?post=9096"}],"wp:featuredmedia":[{"embeddable":true,"href":"https:\/\/landioustravel.com\/it\/wp-json\/wp\/v2\/media\/98946"}],"wp:attachment":[{"href":"https:\/\/landioustravel.com\/it\/wp-json\/wp\/v2\/media?parent=9096"}],"wp:term":[{"taxonomy":"product_brand","embeddable":true,"href":"https:\/\/landioustravel.com\/it\/wp-json\/wp\/v2\/product_brand?post=9096"},{"taxonomy":"product_cat","embeddable":true,"href":"https:\/\/landioustravel.com\/it\/wp-json\/wp\/v2\/product_cat?post=9096"},{"taxonomy":"product_tag","embeddable":true,"href":"https:\/\/landioustravel.com\/it\/wp-json\/wp\/v2\/product_tag?post=9096"}],"curies":[{"name":"wp","href":"https:\/\/api.w.org\/{rel}","templated":true}]}}