{"id":9408,"date":"2019-06-22T05:49:01","date_gmt":"2019-06-23T03:45:36","guid":{"rendered":"https:\/\/landioustravel.com\/?post_type=product&#038;p=9408"},"modified":"2026-04-27T20:13:31","modified_gmt":"2026-04-27T17:13:31","slug":"gita-mezza-giornata-complesso-piramidale-giza","status":"publish","type":"product","link":"https:\/\/landioustravel.com\/it\/shop\/gita-mezza-giornata-complesso-piramidale-giza\/","title":{"rendered":"Gita di mezza giornata al Complesso piramidale di Giza"},"content":{"rendered":"<p>Una meravigliosa gita di mezza giornata al Pyramid Complex di Giza! Raccomandiamo la gita di mezza giornata per il fatto che permette ai turisti di vedere i siti pi\u00f9 impressionanti costruiti durante <a href=\"https:\/\/landioustravel.com\/it\/egitto\/storia-egitto\/storia-egiziana-antica\/\">l&#8217;antico Egitto<\/a>, le antiche piramidi egizie. Inoltre, consente di imparare di pi\u00f9 sulla <a href=\"https:\/\/landioustravel.com\/it\/egitto\/storia-egitto\/\">storia del paese<\/a>.<\/p>\n<h2>Punti principali del programma individuale a Giza<\/h2>\n<ul>\n<li>Visita le tre piramidi di Giza<\/li>\n<li>E, la Grande Sfinge nel complesso piramidale<\/li>\n<\/ul>\n<h3>Programma dell&#8217;escursione al Complesso piramidale di Giza<\/h3>\n<ul>\n<li>Ritiriamo dal tuo hotel (<a href=\"https:\/\/landioustravel.com\/it\/egitto\/citta-egiziane\/governatorato-cairo\/\">al Cairo<\/a> e Giza) verso le 08:00 del mattino<\/li>\n<li>Dopo averti preso, il tuo veicolo privato (Limousine o minibus) parte per Giza. La strada, dal centro del Cairo a Giza, dura circa un&#8217;ora.<\/li>\n<\/ul>\n<h4>Programma a Giza<\/h4>\n<ul>\n<li>Non appena arrivi a Giza, ti dirigerai verso il complesso della piramide, dove ci sono tre grandi piramidi e Sfinge. La tua guida li mostra e d\u00e0 il tempo libero per scattare una foto<\/li>\n<li>Si torna ai propri hotel dopo un tale programma nella meravigliosa citt\u00e0 di Giza.<\/li>\n<li>Questo &#8220;Viaggio di mezza giornata al Complesso piramidale di Giza&#8221; termina alle 12:00 circa<\/li>\n<\/ul>\n<h4>Cosa \u00e8 incluso nel prezzo del tour<\/h4>\n<ul>\n<li>I biglietti per visitare i templi<\/li>\n<li>Bevande<\/li>\n<li>Guida privata<\/li>\n<li>Veicolo privato con aria condizionata<\/li>\n<\/ul>\n<h5>Cosa non \u00e8 incluso nel prezzo del tour<\/h5>\n<ul>\n<li>Programmi aggiuntivi se non inclusi nel programma sopra<\/li>\n<\/ul>\n<h6>COSA PORTARE CON TE PER IL VIAGGIO<\/h6>\n<ul>\n<li>Occhiali da sole<\/li>\n<li>Vestiti per la stagione<\/li>\n<\/ul>\n<h6>GIORNI DI ORGANIZZAZIONE DI ESCURSIONE<\/h6>\n<ul>\n<li>Tutti i giorni dalle 08:00 alle 12:00<\/li>\n<\/ul>\n","protected":false},"excerpt":{"rendered":"<p>Comprendiamo che visitare il Complesso delle Piramidi di Giza \u00e8 un&#8217;esperienza irripetibile per molte persone. Ecco perch\u00e9 offriamo un tour di mezza giornata che ti porter\u00e0 a vedere le incredibili tre piramidi, il Tempio della Valle (noto anche come Tempio della mummificazione) e la Grande Sfinge nel complesso piramidale. Il prezzo del tour include il trasporto, i biglietti d&#8217;ingresso e la guida delle nostre guide turistiche esperte.<\/p>\n<p>Durante il tour avrai l&#8217;opportunit\u00e0 di esplorare le principali attrazioni del Complesso della Piramide di Giza. Sarai portato al sito storico tramite un comodo veicolo e la nostra guida egittologa sar\u00e0 con te in ogni fase del percorso. Mentre ammiri le piramidi di Cheope, Chefren e Micerino, la nostra guida condivider\u00e0 affascinanti approfondimenti sulla ricca storia e cultura di queste antiche strutture.<\/p>\n<p>Ti porteremo anche a visitare il Tempio della Valle presso la Piramide di Chephren, dove scoprirai l&#8217;importante ruolo svolto nel processo di purificazione della mummia. E, naturalmente, nessun viaggio al Complesso della Piramide di Giza sarebbe completo senza una visita alla maestosa Grande Sfinge di Giza, scolpita nel calcare e ricca di mitologia.<\/p>\n<p>Dopo il tour, ti riporteremo sani e salvi al tuo hotel. Speriamo che questo tour sia per te un&#8217;esperienza davvero indimenticabile e non vediamo l&#8217;ora di aiutarti a sfruttare al meglio la tua visita a questo incredibile sito.<\/p>\n","protected":false},"featured_media":128625,"comment_status":"open","ping_status":"closed","template":"","meta":{"_coblocks_attr":"","_coblocks_dimensions":"","_coblocks_responsive_height":"","_coblocks_accordion_ie_support":"","_uag_custom_page_level_css":"","jetpack_publicize_message":"","jetpack_publicize_feature_enabled":true,"jetpack_social_post_already_shared":true,"jetpack_social_options":{"image_generator_settings":{"template":"highway","default_image_id":0,"font":"","enabled":false},"version":2},"_wpas_customize_per_network":false},"product_brand":[],"product_cat":[9852],"product_tag":[1644,1643,1645,1646,9910],"class_list":{"0":"post-9408","1":"product","2":"type-product","3":"status-publish","4":"has-post-thumbnail","6":"product_cat-escursioni-cairo","7":"product_tag-escursione","8":"product_tag-il-cairo","9":"product_tag-piramidi","10":"product_tag-sfinge","11":"product_tag-visita-turistica","13":"first","14":"instock","15":"sale","16":"taxable","17":"shipping-taxable","18":"purchasable","19":"product-type-variable"},"yoast_head":"<!-- This site is optimized with the Yoast SEO Premium plugin v26.9 (Yoast SEO v27.5) - https:\/\/yoast.com\/product\/yoast-seo-premium-wordpress\/ -->\n<title>Gita di mezza giornata al Complesso piramidale di Giza<\/title>\n<meta name=\"description\" content=\"Gita di mezza giornata al Complesso piramidale di Giza Raccomandiamo la gita di mezza giornata per il fatto che permette ai turisti di vedere i siti pi\u00f9\" \/>\n<meta name=\"robots\" content=\"index, follow, max-snippet:-1, max-image-preview:large, max-video-preview:-1\" \/>\n<link rel=\"canonical\" href=\"https:\/\/landioustravel.com\/it\/shop\/gita-mezza-giornata-complesso-piramidale-giza\/\" \/>\n<meta property=\"og:locale\" content=\"it_IT\" \/>\n<meta property=\"og:type\" content=\"article\" \/>\n<meta property=\"og:title\" content=\"Gita di mezza giornata al Complesso piramidale di Giza\" \/>\n<meta property=\"og:description\" content=\"Landious Travel\" \/>\n<meta property=\"og:url\" content=\"https:\/\/landioustravel.com\/it\/shop\/gita-mezza-giornata-complesso-piramidale-giza\/\" \/>\n<meta property=\"og:site_name\" content=\"Landious Travel\" \/>\n<meta property=\"article:publisher\" content=\"https:\/\/web.facebook.com\/landiousEgypt\" \/>\n<meta property=\"article:modified_time\" content=\"2026-04-27T17:13:31+00:00\" \/>\n<meta property=\"og:image\" content=\"https:\/\/i0.wp.com\/landioustravel.com\/wp-content\/uploads\/2019\/06\/Giza-Pyramid-Complex-Trip-1-e1668979516849.jpg?fit=1199%2C676&ssl=1\" \/>\n\t<meta property=\"og:image:width\" content=\"1199\" \/>\n\t<meta property=\"og:image:height\" content=\"676\" \/>\n\t<meta property=\"og:image:type\" content=\"image\/jpeg\" \/>\n<meta name=\"twitter:card\" content=\"summary_large_image\" \/>\n<meta name=\"twitter:site\" content=\"@LandiousTours\" \/>\n<meta name=\"twitter:label1\" content=\"Tempo di lettura stimato\" \/>\n\t<meta name=\"twitter:data1\" content=\"2 minuti\" \/>\n<script type=\"application\/ld+json\" class=\"yoast-schema-graph\">{\"@context\":\"https:\\\/\\\/schema.org\",\"@graph\":[{\"@type\":\"WebPage\",\"@id\":\"https:\\\/\\\/landioustravel.com\\\/it\\\/shop\\\/gita-mezza-giornata-complesso-piramidale-giza\\\/\",\"url\":\"https:\\\/\\\/landioustravel.com\\\/it\\\/shop\\\/gita-mezza-giornata-complesso-piramidale-giza\\\/\",\"name\":\"Gita di mezza giornata al Complesso piramidale di Giza\",\"isPartOf\":{\"@id\":\"https:\\\/\\\/landioustravel.com\\\/it\\\/#website\"},\"primaryImageOfPage\":{\"@id\":\"https:\\\/\\\/landioustravel.com\\\/it\\\/shop\\\/gita-mezza-giornata-complesso-piramidale-giza\\\/#primaryimage\"},\"image\":{\"@id\":\"https:\\\/\\\/landioustravel.com\\\/it\\\/shop\\\/gita-mezza-giornata-complesso-piramidale-giza\\\/#primaryimage\"},\"thumbnailUrl\":\"https:\\\/\\\/i0.wp.com\\\/landioustravel.com\\\/wp-content\\\/uploads\\\/2019\\\/06\\\/Giza-Pyramid-Complex-Trip-1-e1668979516849.jpg?fit=1199%2C676&ssl=1\",\"datePublished\":\"2019-06-23T03:45:36+00:00\",\"dateModified\":\"2026-04-27T17:13:31+00:00\",\"description\":\"Gita di mezza giornata al Complesso piramidale di Giza Raccomandiamo la gita di mezza giornata per il fatto che permette ai turisti di vedere i siti pi\u00f9\",\"breadcrumb\":{\"@id\":\"https:\\\/\\\/landioustravel.com\\\/it\\\/shop\\\/gita-mezza-giornata-complesso-piramidale-giza\\\/#breadcrumb\"},\"inLanguage\":\"it-IT\",\"potentialAction\":[{\"@type\":\"ReadAction\",\"target\":[\"https:\\\/\\\/landioustravel.com\\\/it\\\/shop\\\/gita-mezza-giornata-complesso-piramidale-giza\\\/\"]}]},{\"@type\":\"ImageObject\",\"inLanguage\":\"it-IT\",\"@id\":\"https:\\\/\\\/landioustravel.com\\\/it\\\/shop\\\/gita-mezza-giornata-complesso-piramidale-giza\\\/#primaryimage\",\"url\":\"https:\\\/\\\/i0.wp.com\\\/landioustravel.com\\\/wp-content\\\/uploads\\\/2019\\\/06\\\/Giza-Pyramid-Complex-Trip-1-e1668979516849.jpg?fit=1199%2C676&ssl=1\",\"contentUrl\":\"https:\\\/\\\/i0.wp.com\\\/landioustravel.com\\\/wp-content\\\/uploads\\\/2019\\\/06\\\/Giza-Pyramid-Complex-Trip-1-e1668979516849.jpg?fit=1199%2C676&ssl=1\",\"width\":1199,\"height\":676,\"caption\":\"Giza Pyramid Complex Trip\"},{\"@type\":\"BreadcrumbList\",\"@id\":\"https:\\\/\\\/landioustravel.com\\\/it\\\/shop\\\/gita-mezza-giornata-complesso-piramidale-giza\\\/#breadcrumb\",\"itemListElement\":[{\"@type\":\"ListItem\",\"position\":1,\"name\":\"Home\",\"item\":\"https:\\\/\\\/landioustravel.com\\\/it\\\/\"},{\"@type\":\"ListItem\",\"position\":2,\"name\":\"Tour in Egitto\",\"item\":\"https:\\\/\\\/landioustravel.com\\\/it\\\/\"},{\"@type\":\"ListItem\",\"position\":3,\"name\":\"Gita di mezza giornata al Complesso piramidale di Giza\"}]},{\"@type\":\"WebSite\",\"@id\":\"https:\\\/\\\/landioustravel.com\\\/it\\\/#website\",\"url\":\"https:\\\/\\\/landioustravel.com\\\/it\\\/\",\"name\":\"Landious Travel\",\"description\":\"Excursions, trips and cruises in Egypt\",\"publisher\":{\"@id\":\"https:\\\/\\\/landioustravel.com\\\/it\\\/#organization\"},\"potentialAction\":[{\"@type\":\"SearchAction\",\"target\":{\"@type\":\"EntryPoint\",\"urlTemplate\":\"https:\\\/\\\/landioustravel.com\\\/it\\\/?s={search_term_string}\"},\"query-input\":{\"@type\":\"PropertyValueSpecification\",\"valueRequired\":true,\"valueName\":\"search_term_string\"}}],\"inLanguage\":\"it-IT\"},{\"@type\":[\"Organization\",\"Place\"],\"@id\":\"https:\\\/\\\/landioustravel.com\\\/it\\\/#organization\",\"name\":\"Landious Travel\",\"alternateName\":\"Landious Travel\",\"url\":\"https:\\\/\\\/landioustravel.com\\\/it\\\/\",\"logo\":{\"@id\":\"https:\\\/\\\/landioustravel.com\\\/it\\\/shop\\\/gita-mezza-giornata-complesso-piramidale-giza\\\/#local-main-organization-logo\"},\"image\":{\"@id\":\"https:\\\/\\\/landioustravel.com\\\/it\\\/shop\\\/gita-mezza-giornata-complesso-piramidale-giza\\\/#local-main-organization-logo\"},\"sameAs\":[\"https:\\\/\\\/web.facebook.com\\\/landiousEgypt\",\"https:\\\/\\\/x.com\\\/LandiousTours\",\"https:\\\/\\\/mastodon.social\\\/@landious\"],\"legalName\":\"Landious Travel\",\"telephone\":[],\"openingHoursSpecification\":[{\"@type\":\"OpeningHoursSpecification\",\"dayOfWeek\":[\"Monday\",\"Tuesday\",\"Wednesday\",\"Thursday\",\"Friday\",\"Saturday\",\"Sunday\"],\"opens\":\"09:00\",\"closes\":\"17:00\"}]},{\"@type\":\"ImageObject\",\"inLanguage\":\"it-IT\",\"@id\":\"https:\\\/\\\/landioustravel.com\\\/it\\\/shop\\\/gita-mezza-giornata-complesso-piramidale-giza\\\/#local-main-organization-logo\",\"url\":\"https:\\\/\\\/i0.wp.com\\\/landioustravel.com\\\/wp-content\\\/uploads\\\/2021\\\/06\\\/Landious-T.png?fit=500%2C500&ssl=1\",\"contentUrl\":\"https:\\\/\\\/i0.wp.com\\\/landioustravel.com\\\/wp-content\\\/uploads\\\/2021\\\/06\\\/Landious-T.png?fit=500%2C500&ssl=1\",\"width\":500,\"height\":500,\"caption\":\"Landious Travel\"}]}<\/script>\n<!-- \/ Yoast SEO Premium plugin. -->","yoast_head_json":{"title":"Gita di mezza giornata al Complesso piramidale di Giza","description":"Gita di mezza giornata al Complesso piramidale di Giza Raccomandiamo la gita di mezza giornata per il fatto che permette ai turisti di vedere i siti pi\u00f9","robots":{"index":"index","follow":"follow","max-snippet":"max-snippet:-1","max-image-preview":"max-image-preview:large","max-video-preview":"max-video-preview:-1"},"canonical":"https:\/\/landioustravel.com\/it\/shop\/gita-mezza-giornata-complesso-piramidale-giza\/","og_locale":"it_IT","og_type":"article","og_title":"Gita di mezza giornata al Complesso piramidale di Giza","og_description":"Landious Travel","og_url":"https:\/\/landioustravel.com\/it\/shop\/gita-mezza-giornata-complesso-piramidale-giza\/","og_site_name":"Landious Travel","article_publisher":"https:\/\/web.facebook.com\/landiousEgypt","article_modified_time":"2026-04-27T17:13:31+00:00","og_image":[{"width":1199,"height":676,"url":"https:\/\/i0.wp.com\/landioustravel.com\/wp-content\/uploads\/2019\/06\/Giza-Pyramid-Complex-Trip-1-e1668979516849.jpg?fit=1199%2C676&ssl=1","type":"image\/jpeg"}],"twitter_card":"summary_large_image","twitter_site":"@LandiousTours","twitter_misc":{"Tempo di lettura stimato":"2 minuti"},"schema":{"@context":"https:\/\/schema.org","@graph":[{"@type":"WebPage","@id":"https:\/\/landioustravel.com\/it\/shop\/gita-mezza-giornata-complesso-piramidale-giza\/","url":"https:\/\/landioustravel.com\/it\/shop\/gita-mezza-giornata-complesso-piramidale-giza\/","name":"Gita di mezza giornata al Complesso piramidale di Giza","isPartOf":{"@id":"https:\/\/landioustravel.com\/it\/#website"},"primaryImageOfPage":{"@id":"https:\/\/landioustravel.com\/it\/shop\/gita-mezza-giornata-complesso-piramidale-giza\/#primaryimage"},"image":{"@id":"https:\/\/landioustravel.com\/it\/shop\/gita-mezza-giornata-complesso-piramidale-giza\/#primaryimage"},"thumbnailUrl":"https:\/\/i0.wp.com\/landioustravel.com\/wp-content\/uploads\/2019\/06\/Giza-Pyramid-Complex-Trip-1-e1668979516849.jpg?fit=1199%2C676&ssl=1","datePublished":"2019-06-23T03:45:36+00:00","dateModified":"2026-04-27T17:13:31+00:00","description":"Gita di mezza giornata al Complesso piramidale di Giza Raccomandiamo la gita di mezza giornata per il fatto che permette ai turisti di vedere i siti pi\u00f9","breadcrumb":{"@id":"https:\/\/landioustravel.com\/it\/shop\/gita-mezza-giornata-complesso-piramidale-giza\/#breadcrumb"},"inLanguage":"it-IT","potentialAction":[{"@type":"ReadAction","target":["https:\/\/landioustravel.com\/it\/shop\/gita-mezza-giornata-complesso-piramidale-giza\/"]}]},{"@type":"ImageObject","inLanguage":"it-IT","@id":"https:\/\/landioustravel.com\/it\/shop\/gita-mezza-giornata-complesso-piramidale-giza\/#primaryimage","url":"https:\/\/i0.wp.com\/landioustravel.com\/wp-content\/uploads\/2019\/06\/Giza-Pyramid-Complex-Trip-1-e1668979516849.jpg?fit=1199%2C676&ssl=1","contentUrl":"https:\/\/i0.wp.com\/landioustravel.com\/wp-content\/uploads\/2019\/06\/Giza-Pyramid-Complex-Trip-1-e1668979516849.jpg?fit=1199%2C676&ssl=1","width":1199,"height":676,"caption":"Giza Pyramid Complex Trip"},{"@type":"BreadcrumbList","@id":"https:\/\/landioustravel.com\/it\/shop\/gita-mezza-giornata-complesso-piramidale-giza\/#breadcrumb","itemListElement":[{"@type":"ListItem","position":1,"name":"Home","item":"https:\/\/landioustravel.com\/it\/"},{"@type":"ListItem","position":2,"name":"Tour in Egitto","item":"https:\/\/landioustravel.com\/it\/"},{"@type":"ListItem","position":3,"name":"Gita di mezza giornata al Complesso piramidale di Giza"}]},{"@type":"WebSite","@id":"https:\/\/landioustravel.com\/it\/#website","url":"https:\/\/landioustravel.com\/it\/","name":"Landious Travel","description":"Excursions, trips and cruises in Egypt","publisher":{"@id":"https:\/\/landioustravel.com\/it\/#organization"},"potentialAction":[{"@type":"SearchAction","target":{"@type":"EntryPoint","urlTemplate":"https:\/\/landioustravel.com\/it\/?s={search_term_string}"},"query-input":{"@type":"PropertyValueSpecification","valueRequired":true,"valueName":"search_term_string"}}],"inLanguage":"it-IT"},{"@type":["Organization","Place"],"@id":"https:\/\/landioustravel.com\/it\/#organization","name":"Landious Travel","alternateName":"Landious Travel","url":"https:\/\/landioustravel.com\/it\/","logo":{"@id":"https:\/\/landioustravel.com\/it\/shop\/gita-mezza-giornata-complesso-piramidale-giza\/#local-main-organization-logo"},"image":{"@id":"https:\/\/landioustravel.com\/it\/shop\/gita-mezza-giornata-complesso-piramidale-giza\/#local-main-organization-logo"},"sameAs":["https:\/\/web.facebook.com\/landiousEgypt","https:\/\/x.com\/LandiousTours","https:\/\/mastodon.social\/@landious"],"legalName":"Landious Travel","telephone":[],"openingHoursSpecification":[{"@type":"OpeningHoursSpecification","dayOfWeek":["Monday","Tuesday","Wednesday","Thursday","Friday","Saturday","Sunday"],"opens":"09:00","closes":"17:00"}]},{"@type":"ImageObject","inLanguage":"it-IT","@id":"https:\/\/landioustravel.com\/it\/shop\/gita-mezza-giornata-complesso-piramidale-giza\/#local-main-organization-logo","url":"https:\/\/i0.wp.com\/landioustravel.com\/wp-content\/uploads\/2021\/06\/Landious-T.png?fit=500%2C500&ssl=1","contentUrl":"https:\/\/i0.wp.com\/landioustravel.com\/wp-content\/uploads\/2021\/06\/Landious-T.png?fit=500%2C500&ssl=1","width":500,"height":500,"caption":"Landious Travel"}]}},"jetpack_publicize_connections":[],"uagb_featured_image_src":{"full":["https:\/\/i0.wp.com\/landioustravel.com\/wp-content\/uploads\/2019\/06\/Giza-Pyramid-Complex-Trip-1-e1668979516849.jpg?fit=1199%2C676&ssl=1",1199,676,false],"thumbnail":["https:\/\/i0.wp.com\/landioustravel.com\/wp-content\/uploads\/2019\/06\/Giza-Pyramid-Complex-Trip-1-e1668979516849.jpg?resize=150%2C150&ssl=1",150,150,true],"medium":["https:\/\/i0.wp.com\/landioustravel.com\/wp-content\/uploads\/2019\/06\/Giza-Pyramid-Complex-Trip-1-e1668979516849.jpg?fit=300%2C169&ssl=1",300,169,true],"medium_large":["https:\/\/i0.wp.com\/landioustravel.com\/wp-content\/uploads\/2019\/06\/Giza-Pyramid-Complex-Trip-1-e1668979516849.jpg?fit=768%2C433&ssl=1",768,433,true],"large":["https:\/\/i0.wp.com\/landioustravel.com\/wp-content\/uploads\/2019\/06\/Giza-Pyramid-Complex-Trip-1-e1668979516849.jpg?fit=980%2C552&ssl=1",980,552,true],"1536x1536":["https:\/\/i0.wp.com\/landioustravel.com\/wp-content\/uploads\/2019\/06\/Giza-Pyramid-Complex-Trip-1-e1668979516849.jpg?fit=1199%2C676&ssl=1",1199,676,true],"2048x2048":["https:\/\/i0.wp.com\/landioustravel.com\/wp-content\/uploads\/2019\/06\/Giza-Pyramid-Complex-Trip-1-e1668979516849.jpg?fit=1199%2C676&ssl=1",1199,676,true],"newspack-article-block-landscape-large":["https:\/\/i0.wp.com\/landioustravel.com\/wp-content\/uploads\/2019\/06\/Giza-Pyramid-Complex-Trip-1-e1668979516849.jpg?resize=1199%2C676&ssl=1",1199,676,true],"newspack-article-block-portrait-large":["https:\/\/i0.wp.com\/landioustravel.com\/wp-content\/uploads\/2019\/06\/Giza-Pyramid-Complex-Trip-1-e1668979516849.jpg?resize=900%2C676&ssl=1",900,676,true],"newspack-article-block-square-large":["https:\/\/i0.wp.com\/landioustravel.com\/wp-content\/uploads\/2019\/06\/Giza-Pyramid-Complex-Trip-1-e1668979516849.jpg?resize=1199%2C676&ssl=1",1199,676,true],"newspack-article-block-landscape-medium":["https:\/\/i0.wp.com\/landioustravel.com\/wp-content\/uploads\/2019\/06\/Giza-Pyramid-Complex-Trip-1-e1668979516849.jpg?resize=800%2C600&ssl=1",800,600,true],"newspack-article-block-portrait-medium":["https:\/\/i0.wp.com\/landioustravel.com\/wp-content\/uploads\/2019\/06\/Giza-Pyramid-Complex-Trip-1-e1668979516849.jpg?resize=600%2C676&ssl=1",600,676,true],"newspack-article-block-square-medium":["https:\/\/i0.wp.com\/landioustravel.com\/wp-content\/uploads\/2019\/06\/Giza-Pyramid-Complex-Trip-1-e1668979516849.jpg?resize=800%2C676&ssl=1",800,676,true],"newspack-article-block-landscape-intermediate":["https:\/\/i0.wp.com\/landioustravel.com\/wp-content\/uploads\/2019\/06\/Giza-Pyramid-Complex-Trip-1-e1668979516849.jpg?resize=600%2C450&ssl=1",600,450,true],"newspack-article-block-portrait-intermediate":["https:\/\/i0.wp.com\/landioustravel.com\/wp-content\/uploads\/2019\/06\/Giza-Pyramid-Complex-Trip-1-e1668979516849.jpg?resize=450%2C600&ssl=1",450,600,true],"newspack-article-block-square-intermediate":["https:\/\/i0.wp.com\/landioustravel.com\/wp-content\/uploads\/2019\/06\/Giza-Pyramid-Complex-Trip-1-e1668979516849.jpg?resize=600%2C600&ssl=1",600,600,true],"newspack-article-block-landscape-small":["https:\/\/i0.wp.com\/landioustravel.com\/wp-content\/uploads\/2019\/06\/Giza-Pyramid-Complex-Trip-1-e1668979516849.jpg?resize=400%2C300&ssl=1",400,300,true],"newspack-article-block-portrait-small":["https:\/\/i0.wp.com\/landioustravel.com\/wp-content\/uploads\/2019\/06\/Giza-Pyramid-Complex-Trip-1-e1668979516849.jpg?resize=300%2C400&ssl=1",300,400,true],"newspack-article-block-square-small":["https:\/\/i0.wp.com\/landioustravel.com\/wp-content\/uploads\/2019\/06\/Giza-Pyramid-Complex-Trip-1-e1668979516849.jpg?resize=400%2C400&ssl=1",400,400,true],"newspack-article-block-landscape-tiny":["https:\/\/i0.wp.com\/landioustravel.com\/wp-content\/uploads\/2019\/06\/Giza-Pyramid-Complex-Trip-1-e1668979516849.jpg?resize=200%2C150&ssl=1",200,150,true],"newspack-article-block-portrait-tiny":["https:\/\/i0.wp.com\/landioustravel.com\/wp-content\/uploads\/2019\/06\/Giza-Pyramid-Complex-Trip-1-e1668979516849.jpg?resize=150%2C200&ssl=1",150,200,true],"newspack-article-block-square-tiny":["https:\/\/i0.wp.com\/landioustravel.com\/wp-content\/uploads\/2019\/06\/Giza-Pyramid-Complex-Trip-1-e1668979516849.jpg?resize=200%2C200&ssl=1",200,200,true],"newspack-article-block-uncropped":["https:\/\/i0.wp.com\/landioustravel.com\/wp-content\/uploads\/2019\/06\/Giza-Pyramid-Complex-Trip-1-e1668979516849.jpg?fit=1199%2C676&ssl=1",1199,676,true],"woocommerce_thumbnail":["https:\/\/i0.wp.com\/landioustravel.com\/wp-content\/uploads\/2019\/06\/Giza-Pyramid-Complex-Trip-1-e1668979516849.jpg?resize=324%2C324&ssl=1",324,324,true],"woocommerce_single":["https:\/\/i0.wp.com\/landioustravel.com\/wp-content\/uploads\/2019\/06\/Giza-Pyramid-Complex-Trip-1-e1668979516849.jpg?fit=416%2C235&ssl=1",416,235,true],"woocommerce_gallery_thumbnail":["https:\/\/i0.wp.com\/landioustravel.com\/wp-content\/uploads\/2019\/06\/Giza-Pyramid-Complex-Trip-1-e1668979516849.jpg?resize=100%2C100&ssl=1",100,100,true]},"uagb_author_info":{"display_name":"Mofreh Landious","author_link":"https:\/\/landioustravel.com\/it\/author\/"},"uagb_comment_info":5,"uagb_excerpt":"Comprendiamo che visitare il Complesso delle Piramidi di Giza \u00e8 un'esperienza irripetibile per molte persone. Ecco perch\u00e9 offriamo un tour di mezza giornata che ti porter\u00e0 a vedere le incredibili tre piramidi, il Tempio della Valle (noto anche come Tempio della mummificazione) e la Grande Sfinge nel complesso piramidale. Il prezzo del tour include il&hellip;","jetpack_sharing_enabled":true,"jetpack_likes_enabled":true,"amp_enabled":true,"_links":{"self":[{"href":"https:\/\/landioustravel.com\/it\/wp-json\/wp\/v2\/product\/9408","targetHints":{"allow":["GET"]}}],"collection":[{"href":"https:\/\/landioustravel.com\/it\/wp-json\/wp\/v2\/product"}],"about":[{"href":"https:\/\/landioustravel.com\/it\/wp-json\/wp\/v2\/types\/product"}],"replies":[{"embeddable":true,"href":"https:\/\/landioustravel.com\/it\/wp-json\/wp\/v2\/comments?post=9408"}],"wp:featuredmedia":[{"embeddable":true,"href":"https:\/\/landioustravel.com\/it\/wp-json\/wp\/v2\/media\/128625"}],"wp:attachment":[{"href":"https:\/\/landioustravel.com\/it\/wp-json\/wp\/v2\/media?parent=9408"}],"wp:term":[{"taxonomy":"product_brand","embeddable":true,"href":"https:\/\/landioustravel.com\/it\/wp-json\/wp\/v2\/product_brand?post=9408"},{"taxonomy":"product_cat","embeddable":true,"href":"https:\/\/landioustravel.com\/it\/wp-json\/wp\/v2\/product_cat?post=9408"},{"taxonomy":"product_tag","embeddable":true,"href":"https:\/\/landioustravel.com\/it\/wp-json\/wp\/v2\/product_tag?post=9408"}],"curies":[{"name":"wp","href":"https:\/\/api.w.org\/{rel}","templated":true}]}}