{"id":19350,"date":"2019-09-12T18:04:46","date_gmt":"2019-09-12T16:04:46","guid":{"rendered":"https:\/\/landioustravel.com\/?page_id=19350"},"modified":"2019-09-12T18:04:48","modified_gmt":"2019-09-12T16:04:48","slug":"zuid-sinai-gouvernement","status":"publish","type":"page","link":"https:\/\/landioustravel.com\/nl\/egypte\/egyptische-steden\/zuid-sinai-gouvernement\/","title":{"rendered":"Zuid-Sina\u00ef gouvernement"},"content":{"rendered":"\n<p><amp-fit-text layout=\"fixed-height\" min-font-size=\"6\" max-font-size=\"72\" height=\"80\">Zuid-Sina\u00ef gouvernement ligt in de zuidelijke helft van het Sina\u00ef-schiereiland, Egypte. Dit gouvernement wordt begrensd door de Rode Zee, behalve het noordelijke deel. Het heeft de vorm van een driehoek omdat het grenst aan de Rode Zee in het zuiden, door de Golf van Akaba in het oosten, de Golf van Suez in het westen en het Noord-Sina\u00ef-gouvernement in het noorden.<\/amp-fit-text><\/p>\n\n\n\n<amp-fit-text layout=\"fixed-height\" min-font-size=\"6\" max-font-size=\"72\" height=\"80\"><h2 class=\"wp-block-heading\">Geschiedenis van het Zuid-Sina\u00ef gouvernement<\/h2><\/amp-fit-text>\n\n\n\n<p><amp-fit-text layout=\"fixed-height\" min-font-size=\"6\" max-font-size=\"72\" height=\"80\">Zuid-Sina\u00ef is een van de twee gouvernementen op het schiereiland van Sina\u00ef, en een van de 27 gouvernementen in Egypte. Hoewel het feit dat de lage bevolking het belangrijkste aspect van deze plek is gedurende lange periodes van de Egyptische geschiedenis. Het was getuige van kleine gemeenschappen in sommige delen ervan. Deze gemeenschappen waren voor bedoe\u00efenen of christelijke monniken. In de afgelopen 100 jaar werd Zuid-Sina\u00ef een belangrijke plaats voor zijn strategische locatie. Dit belang van locatie leidde tot de transformatie van een bijna verlaten plek naar een belangrijke toeristische bestemming in Egypte.<\/amp-fit-text><\/p>\n\n\n\n<p><amp-fit-text layout=\"fixed-height\" min-font-size=\"6\" max-font-size=\"72\" height=\"80\">Zoals het hele gebied op het Sina\u00ef-schiereiland, werd de Zuid-Sina\u00ef tijdens de Suez-crisis van 1956 door Isra\u00ebl bezet en in 1957 terug naar Egypte gebracht. Voor de crisis tussen Egypte en Isra\u00ebl was daar een vredesmacht van de Verenigde Naties gestationeerd tot de zesdaagse oorlog van 1967. Opnieuw heroverde Isra\u00ebl de stad na deze oorlog. Daarna startte Isra\u00ebl een aantal projecten in het gebied die effectief leidden tot meer commerci\u00eble ontwikkeling van het gebied van de Sina\u00ef. De Isra\u00ebli\u00ebrs bouwden de stad Ofira, met uitzicht op Sharm El Maya Bay en het Nesima-gebied. Bovendien openden ze de eerste toeristische instellingen in het gebied 6 km ten noorden van Naama Bay. Zuid-Sina\u00ef bleef onder Isra\u00eblische controle totdat Egypte het Sina\u00ef-schiereiland in 1982 opnieuw heeft hersteld in overeenstemming met het vredesverdrag tussen Egypte en Isra\u00ebl van 1979.<\/amp-fit-text><\/p>\n\n\n\n<p><amp-fit-text layout=\"fixed-height\" min-font-size=\"6\" max-font-size=\"72\" height=\"80\">Met de restauratie van de Sina\u00ef in 1982 lanceerde de Egyptische regering een initiatief om de ontwikkeling van het gouvernement aan te moedigen, dat nu een internationale toeristische bestemming is.<\/amp-fit-text><\/p>\n\n\n\n<amp-fit-text layout=\"fixed-height\" min-font-size=\"6\" max-font-size=\"72\" height=\"80\"><h2 class=\"wp-block-heading\">Administratieve afdelingen<\/h2><\/amp-fit-text>\n\n\n\n<p><amp-fit-text layout=\"fixed-height\" min-font-size=\"6\" max-font-size=\"72\" height=\"80\">Het gouvernement Zuid-Sina\u00ef bestaat uit de volgende gemeentelijke afdelingen voor administratieve doeleinden:<\/amp-fit-text><\/p>\n\n\n\n<ul class=\"wp-block-list\"><li>Abu Radis<\/li><li> El Tor (de hoofdstad)<\/li><li> Dahab<\/li><li> Nuweiba<\/li><li> Ras Sidr<\/li><li> Saint Catherine<\/li><li> Sharm El-Sheikh<\/li><li> Ook Taba<\/li><\/ul>\n","protected":false},"excerpt":{"rendered":"<p>Zuid-Sina\u00ef gouvernement ligt in de zuidelijke helft van het Sina\u00ef-schiereiland, Egypte. Dit gouvernement wordt begrensd door de Rode Zee, behalve het noordelijke deel. Het heeft de vorm van een driehoek omdat het grenst aan de Rode Zee in het zuiden, door de Golf van Akaba in het oosten, de Golf van Suez in het westen [&hellip;]<\/p>\n","protected":false},"author":1,"featured_media":0,"parent":19301,"menu_order":0,"comment_status":"open","ping_status":"open","template":"","meta":{"_coblocks_attr":"","_coblocks_dimensions":"","_coblocks_responsive_height":"","_coblocks_accordion_ie_support":"","_uag_custom_page_level_css":"","footnotes":""},"class_list":["post-19350","page","type-page","status-publish","hentry"],"yoast_head":"<!-- This site is optimized with the Yoast SEO Premium plugin v27.5 (Yoast SEO v27.5) - https:\/\/yoast.com\/product\/yoast-seo-premium-wordpress\/ -->\n<title>Zuid-Sina\u00ef gouvernement<\/title>\n<meta name=\"description\" content=\"Zuid-Sina\u00ef gouvernement ligt in de zuidelijke helft van het Sina\u00ef-schiereiland, Egypte. Dit gouvernement wordt begrensd door de Rode Zee, behalve het noordelijke deel. Het heeft de vorm van een driehoek omdat het grenst aan de Rode Zee in het zuiden, door de Golf van Akaba in het oosten, de Golf van Suez in het westen en het Noord-Sina\u00ef-gouvernement in het noorden\" \/>\n<meta name=\"robots\" content=\"index, follow, max-snippet:-1, max-image-preview:large, max-video-preview:-1\" \/>\n<link rel=\"canonical\" href=\"https:\/\/landioustravel.com\/nl\/egypte\/egyptische-steden\/zuid-sinai-gouvernement\/\" \/>\n<meta property=\"og:locale\" content=\"nl_NL\" \/>\n<meta property=\"og:type\" content=\"article\" \/>\n<meta property=\"og:title\" content=\"Zuid-Sina\u00ef gouvernement\" \/>\n<meta property=\"og:description\" content=\"Zuid-Sina\u00ef gouvernement ligt in de zuidelijke helft van het Sina\u00ef-schiereiland, Egypte. Dit gouvernement wordt begrensd door de Rode Zee, behalve het noordelijke deel. Het heeft de vorm van een driehoek omdat het grenst aan de Rode Zee in het zuiden, door de Golf van Akaba in het oosten, de Golf van Suez in het westen en het Noord-Sina\u00ef-gouvernement in het noorden\" \/>\n<meta property=\"og:url\" content=\"https:\/\/landioustravel.com\/nl\/egypte\/egyptische-steden\/zuid-sinai-gouvernement\/\" \/>\n<meta property=\"og:site_name\" content=\"Landious Travel\" \/>\n<meta property=\"article:publisher\" content=\"https:\/\/web.facebook.com\/landiousEgypt\" \/>\n<meta property=\"article:modified_time\" content=\"2019-09-12T16:04:48+00:00\" \/>\n<meta name=\"twitter:card\" content=\"summary_large_image\" \/>\n<meta name=\"twitter:site\" content=\"@LandiousTours\" \/>\n<meta name=\"twitter:label1\" content=\"Geschatte leestijd\" \/>\n\t<meta name=\"twitter:data1\" content=\"2 minuten\" \/>\n<script type=\"application\/ld+json\" class=\"yoast-schema-graph\">{\"@context\":\"https:\\\/\\\/schema.org\",\"@graph\":[{\"@type\":\"WebPage\",\"@id\":\"https:\\\/\\\/landioustravel.com\\\/nl\\\/egypte\\\/egyptische-steden\\\/zuid-sinai-gouvernement\\\/\",\"url\":\"https:\\\/\\\/landioustravel.com\\\/nl\\\/egypte\\\/egyptische-steden\\\/zuid-sinai-gouvernement\\\/\",\"name\":\"Zuid-Sina\u00ef gouvernement\",\"isPartOf\":{\"@id\":\"https:\\\/\\\/landioustravel.com\\\/nl\\\/#website\"},\"datePublished\":\"2019-09-12T16:04:46+00:00\",\"dateModified\":\"2019-09-12T16:04:48+00:00\",\"description\":\"Zuid-Sina\u00ef gouvernement ligt in de zuidelijke helft van het Sina\u00ef-schiereiland, Egypte. Dit gouvernement wordt begrensd door de Rode Zee, behalve het noordelijke deel. Het heeft de vorm van een driehoek omdat het grenst aan de Rode Zee in het zuiden, door de Golf van Akaba in het oosten, de Golf van Suez in het westen en het Noord-Sina\u00ef-gouvernement in het noorden\",\"breadcrumb\":{\"@id\":\"https:\\\/\\\/landioustravel.com\\\/nl\\\/egypte\\\/egyptische-steden\\\/zuid-sinai-gouvernement\\\/#breadcrumb\"},\"inLanguage\":\"nl-NL\",\"potentialAction\":[{\"@type\":\"ReadAction\",\"target\":[\"https:\\\/\\\/landioustravel.com\\\/nl\\\/egypte\\\/egyptische-steden\\\/zuid-sinai-gouvernement\\\/\"]}]},{\"@type\":\"BreadcrumbList\",\"@id\":\"https:\\\/\\\/landioustravel.com\\\/nl\\\/egypte\\\/egyptische-steden\\\/zuid-sinai-gouvernement\\\/#breadcrumb\",\"itemListElement\":[{\"@type\":\"ListItem\",\"position\":1,\"name\":\"Home\",\"item\":\"https:\\\/\\\/landioustravel.com\\\/nl\\\/\"},{\"@type\":\"ListItem\",\"position\":2,\"name\":\"Egypte\",\"item\":\"https:\\\/\\\/landioustravel.com\\\/nl\\\/egypte\\\/\"},{\"@type\":\"ListItem\",\"position\":3,\"name\":\"Egyptische steden\",\"item\":\"https:\\\/\\\/landioustravel.com\\\/nl\\\/egypte\\\/egyptische-steden\\\/\"},{\"@type\":\"ListItem\",\"position\":4,\"name\":\"Zuid-Sina\u00ef gouvernement\"}]},{\"@type\":\"WebSite\",\"@id\":\"https:\\\/\\\/landioustravel.com\\\/nl\\\/#website\",\"url\":\"https:\\\/\\\/landioustravel.com\\\/nl\\\/\",\"name\":\"Landious Travel\",\"description\":\"Excursions, trips and cruises in Egypt\",\"publisher\":{\"@id\":\"https:\\\/\\\/landioustravel.com\\\/nl\\\/#organization\"},\"potentialAction\":[{\"@type\":\"SearchAction\",\"target\":{\"@type\":\"EntryPoint\",\"urlTemplate\":\"https:\\\/\\\/landioustravel.com\\\/nl\\\/?s={search_term_string}\"},\"query-input\":{\"@type\":\"PropertyValueSpecification\",\"valueRequired\":true,\"valueName\":\"search_term_string\"}}],\"inLanguage\":\"nl-NL\"},{\"@type\":[\"Organization\",\"Place\"],\"@id\":\"https:\\\/\\\/landioustravel.com\\\/nl\\\/#organization\",\"name\":\"Landious Travel\",\"alternateName\":\"Landious Travel\",\"url\":\"https:\\\/\\\/landioustravel.com\\\/nl\\\/\",\"logo\":{\"@id\":\"https:\\\/\\\/landioustravel.com\\\/nl\\\/egypte\\\/egyptische-steden\\\/zuid-sinai-gouvernement\\\/#local-main-organization-logo\"},\"image\":{\"@id\":\"https:\\\/\\\/landioustravel.com\\\/nl\\\/egypte\\\/egyptische-steden\\\/zuid-sinai-gouvernement\\\/#local-main-organization-logo\"},\"sameAs\":[\"https:\\\/\\\/web.facebook.com\\\/landiousEgypt\",\"https:\\\/\\\/x.com\\\/LandiousTours\",\"https:\\\/\\\/mastodon.social\\\/@landious\"],\"legalName\":\"Landious Travel\",\"telephone\":[],\"openingHoursSpecification\":[{\"@type\":\"OpeningHoursSpecification\",\"dayOfWeek\":[\"Monday\",\"Tuesday\",\"Wednesday\",\"Thursday\",\"Friday\",\"Saturday\",\"Sunday\"],\"opens\":\"09:00\",\"closes\":\"17:00\"}]},{\"@type\":\"ImageObject\",\"inLanguage\":\"nl-NL\",\"@id\":\"https:\\\/\\\/landioustravel.com\\\/nl\\\/egypte\\\/egyptische-steden\\\/zuid-sinai-gouvernement\\\/#local-main-organization-logo\",\"url\":\"https:\\\/\\\/i0.wp.com\\\/landioustravel.com\\\/wp-content\\\/uploads\\\/2021\\\/06\\\/Landious-T.png?fit=500%2C500&ssl=1\",\"contentUrl\":\"https:\\\/\\\/i0.wp.com\\\/landioustravel.com\\\/wp-content\\\/uploads\\\/2021\\\/06\\\/Landious-T.png?fit=500%2C500&ssl=1\",\"width\":500,\"height\":500,\"caption\":\"Landious Travel\"}]}<\/script>\n<!-- \/ Yoast SEO Premium plugin. -->","yoast_head_json":{"title":"Zuid-Sina\u00ef gouvernement","description":"Zuid-Sina\u00ef gouvernement ligt in de zuidelijke helft van het Sina\u00ef-schiereiland, Egypte. Dit gouvernement wordt begrensd door de Rode Zee, behalve het noordelijke deel. Het heeft de vorm van een driehoek omdat het grenst aan de Rode Zee in het zuiden, door de Golf van Akaba in het oosten, de Golf van Suez in het westen en het Noord-Sina\u00ef-gouvernement in het noorden","robots":{"index":"index","follow":"follow","max-snippet":"max-snippet:-1","max-image-preview":"max-image-preview:large","max-video-preview":"max-video-preview:-1"},"canonical":"https:\/\/landioustravel.com\/nl\/egypte\/egyptische-steden\/zuid-sinai-gouvernement\/","og_locale":"nl_NL","og_type":"article","og_title":"Zuid-Sina\u00ef gouvernement","og_description":"Zuid-Sina\u00ef gouvernement ligt in de zuidelijke helft van het Sina\u00ef-schiereiland, Egypte. Dit gouvernement wordt begrensd door de Rode Zee, behalve het noordelijke deel. Het heeft de vorm van een driehoek omdat het grenst aan de Rode Zee in het zuiden, door de Golf van Akaba in het oosten, de Golf van Suez in het westen en het Noord-Sina\u00ef-gouvernement in het noorden","og_url":"https:\/\/landioustravel.com\/nl\/egypte\/egyptische-steden\/zuid-sinai-gouvernement\/","og_site_name":"Landious Travel","article_publisher":"https:\/\/web.facebook.com\/landiousEgypt","article_modified_time":"2019-09-12T16:04:48+00:00","twitter_card":"summary_large_image","twitter_site":"@LandiousTours","twitter_misc":{"Geschatte leestijd":"2 minuten"},"schema":{"@context":"https:\/\/schema.org","@graph":[{"@type":"WebPage","@id":"https:\/\/landioustravel.com\/nl\/egypte\/egyptische-steden\/zuid-sinai-gouvernement\/","url":"https:\/\/landioustravel.com\/nl\/egypte\/egyptische-steden\/zuid-sinai-gouvernement\/","name":"Zuid-Sina\u00ef gouvernement","isPartOf":{"@id":"https:\/\/landioustravel.com\/nl\/#website"},"datePublished":"2019-09-12T16:04:46+00:00","dateModified":"2019-09-12T16:04:48+00:00","description":"Zuid-Sina\u00ef gouvernement ligt in de zuidelijke helft van het Sina\u00ef-schiereiland, Egypte. Dit gouvernement wordt begrensd door de Rode Zee, behalve het noordelijke deel. Het heeft de vorm van een driehoek omdat het grenst aan de Rode Zee in het zuiden, door de Golf van Akaba in het oosten, de Golf van Suez in het westen en het Noord-Sina\u00ef-gouvernement in het noorden","breadcrumb":{"@id":"https:\/\/landioustravel.com\/nl\/egypte\/egyptische-steden\/zuid-sinai-gouvernement\/#breadcrumb"},"inLanguage":"nl-NL","potentialAction":[{"@type":"ReadAction","target":["https:\/\/landioustravel.com\/nl\/egypte\/egyptische-steden\/zuid-sinai-gouvernement\/"]}]},{"@type":"BreadcrumbList","@id":"https:\/\/landioustravel.com\/nl\/egypte\/egyptische-steden\/zuid-sinai-gouvernement\/#breadcrumb","itemListElement":[{"@type":"ListItem","position":1,"name":"Home","item":"https:\/\/landioustravel.com\/nl\/"},{"@type":"ListItem","position":2,"name":"Egypte","item":"https:\/\/landioustravel.com\/nl\/egypte\/"},{"@type":"ListItem","position":3,"name":"Egyptische steden","item":"https:\/\/landioustravel.com\/nl\/egypte\/egyptische-steden\/"},{"@type":"ListItem","position":4,"name":"Zuid-Sina\u00ef gouvernement"}]},{"@type":"WebSite","@id":"https:\/\/landioustravel.com\/nl\/#website","url":"https:\/\/landioustravel.com\/nl\/","name":"Landious Travel","description":"Excursions, trips and cruises in Egypt","publisher":{"@id":"https:\/\/landioustravel.com\/nl\/#organization"},"potentialAction":[{"@type":"SearchAction","target":{"@type":"EntryPoint","urlTemplate":"https:\/\/landioustravel.com\/nl\/?s={search_term_string}"},"query-input":{"@type":"PropertyValueSpecification","valueRequired":true,"valueName":"search_term_string"}}],"inLanguage":"nl-NL"},{"@type":["Organization","Place"],"@id":"https:\/\/landioustravel.com\/nl\/#organization","name":"Landious Travel","alternateName":"Landious Travel","url":"https:\/\/landioustravel.com\/nl\/","logo":{"@id":"https:\/\/landioustravel.com\/nl\/egypte\/egyptische-steden\/zuid-sinai-gouvernement\/#local-main-organization-logo"},"image":{"@id":"https:\/\/landioustravel.com\/nl\/egypte\/egyptische-steden\/zuid-sinai-gouvernement\/#local-main-organization-logo"},"sameAs":["https:\/\/web.facebook.com\/landiousEgypt","https:\/\/x.com\/LandiousTours","https:\/\/mastodon.social\/@landious"],"legalName":"Landious Travel","telephone":[],"openingHoursSpecification":[{"@type":"OpeningHoursSpecification","dayOfWeek":["Monday","Tuesday","Wednesday","Thursday","Friday","Saturday","Sunday"],"opens":"09:00","closes":"17:00"}]},{"@type":"ImageObject","inLanguage":"nl-NL","@id":"https:\/\/landioustravel.com\/nl\/egypte\/egyptische-steden\/zuid-sinai-gouvernement\/#local-main-organization-logo","url":"https:\/\/i0.wp.com\/landioustravel.com\/wp-content\/uploads\/2021\/06\/Landious-T.png?fit=500%2C500&ssl=1","contentUrl":"https:\/\/i0.wp.com\/landioustravel.com\/wp-content\/uploads\/2021\/06\/Landious-T.png?fit=500%2C500&ssl=1","width":500,"height":500,"caption":"Landious Travel"}]}},"uagb_featured_image_src":{"full":false,"thumbnail":false,"medium":false,"medium_large":false,"large":false,"1536x1536":false,"2048x2048":false,"newspack-article-block-landscape-large":false,"newspack-article-block-portrait-large":false,"newspack-article-block-square-large":false,"newspack-article-block-landscape-medium":false,"newspack-article-block-portrait-medium":false,"newspack-article-block-square-medium":false,"newspack-article-block-landscape-intermediate":false,"newspack-article-block-portrait-intermediate":false,"newspack-article-block-square-intermediate":false,"newspack-article-block-landscape-small":false,"newspack-article-block-portrait-small":false,"newspack-article-block-square-small":false,"newspack-article-block-landscape-tiny":false,"newspack-article-block-portrait-tiny":false,"newspack-article-block-square-tiny":false,"newspack-article-block-uncropped":false,"woocommerce_thumbnail":false,"woocommerce_single":false,"woocommerce_gallery_thumbnail":false},"uagb_author_info":{"display_name":"Mofreh Landious","author_link":"https:\/\/landioustravel.com\/nl\/author\/landious\/"},"uagb_comment_info":0,"uagb_excerpt":"Zuid-Sina\u00ef gouvernement ligt in de zuidelijke helft van het Sina\u00ef-schiereiland, Egypte. Dit gouvernement wordt begrensd door de Rode Zee, behalve het noordelijke deel. Het heeft de vorm van een driehoek omdat het grenst aan de Rode Zee in het zuiden, door de Golf van Akaba in het oosten, de Golf van Suez in het westen&hellip;","jetpack_sharing_enabled":true,"jetpack_shortlink":"https:\/\/wp.me\/Par4r5-526","jetpack_likes_enabled":true,"amp_enabled":true,"_links":{"self":[{"href":"https:\/\/landioustravel.com\/nl\/wp-json\/wp\/v2\/pages\/19350","targetHints":{"allow":["GET"]}}],"collection":[{"href":"https:\/\/landioustravel.com\/nl\/wp-json\/wp\/v2\/pages"}],"about":[{"href":"https:\/\/landioustravel.com\/nl\/wp-json\/wp\/v2\/types\/page"}],"author":[{"embeddable":true,"href":"https:\/\/landioustravel.com\/nl\/wp-json\/wp\/v2\/users\/1"}],"replies":[{"embeddable":true,"href":"https:\/\/landioustravel.com\/nl\/wp-json\/wp\/v2\/comments?post=19350"}],"version-history":[{"count":0,"href":"https:\/\/landioustravel.com\/nl\/wp-json\/wp\/v2\/pages\/19350\/revisions"}],"up":[{"embeddable":true,"href":"https:\/\/landioustravel.com\/nl\/wp-json\/wp\/v2\/pages\/19301"}],"wp:attachment":[{"href":"https:\/\/landioustravel.com\/nl\/wp-json\/wp\/v2\/media?parent=19350"}],"curies":[{"name":"wp","href":"https:\/\/api.w.org\/{rel}","templated":true}]}}