{"id":135937,"date":"2023-01-29T00:44:47","date_gmt":"2023-02-13T01:44:00","guid":{"rendered":"https:\/\/landioustravel.com\/?post_type=product&#038;p=135937"},"modified":"2023-06-14T00:06:18","modified_gmt":"2023-06-13T22:06:18","slug":"sterrenkijkreis-hurghada","status":"publish","type":"product","link":"https:\/\/landioustravel.com\/nl\/shop\/sterrenkijkreis-hurghada\/","title":{"rendered":"Sterrenkijkreis Hurghada"},"content":{"rendered":"<p>De <strong>Sterrenkijkreis Hurghada<\/strong> is een spannende Safari-activiteit per jeep 4\u00d74 in Hurghada, Egypte! We raden de <strong>Sterrenkijkreis Hurghada<\/strong> aan omdat het toeristen een unieke kans geeft om de sterren te zien in een kalme woestijnatmosfeer. Ook maakt het Stargazing-programma het mogelijk om de woestijn te zien en de bedoe\u00efenencultuur te ontmoeten. Het omvat inderdaad een bezoek aan het bedoe\u00efenendorp, waar u meer amusement zult hebben, zoals kamelenrijden. Het is een leuke ervaring met een blijvende indruk!<\/p>\n<h2>Hoogtepunten op sterrenkijkreis in Hurghada<\/h2>\n<ul>\n<li>Kamelen rijden in de woestijn.<\/li>\n<li>Vervolgens bedoe\u00efenendiner met frisdrank.<\/li>\n<li>Dan sterrenkijken via telescopen.<\/li>\n<li>Eindelijk genieten van het oosterse diner.<\/li>\n<\/ul>\n<h2>Programma van het Hurghada sterrenkijkavontuur<\/h2>\n<ul>\n<li>De vertegenwoordiger van Landious Travel haalt u rond 15:00 uur op bij het hotel in Hurghada.<\/li>\n<li>Nadat we alle bezoekers hebben opgepikt, gaat onze minibus\/bus richting de woestijn, een bedoe\u00efenengemeenschap. De weg naar de basis duurt ongeveer 40 minuten.<\/li>\n<\/ul>\n<h3>Kameelrijden en bedoe\u00efenentent<\/h3>\n<ul>\n<li>De Sterrenkijkreis begint met een spannende stop: Kameelrijden. Ten eerste is het beter om jezelf voor te bereiden door een zonnebril te dragen, een sjaal over je hoofd te rollen en hem om te doen. Ten tweede krijg je wat instructie en training over hoe je een tijdje op kamelen moet rijden. Vervolgens maak je een ritje op kamelen van ongeveer 20 minuten in het midden van de woestijn.<\/li>\n<li>Na deze mooie rit kun je de fantastische zonsondergang bekijken bovenop een nabijgelegen heuvel en heb je een panoramisch uitzicht over de woestijn.<\/li>\n<li>Onze volgende stop is een bedoe\u00efenentent. Zodra je aankomt in het bedoe\u00efenendorp, kun je foto&#8217;s maken met bedoe\u00efenen en genieten van het drinken van bedoe\u00efenenthee.<\/li>\n<li>Ons team zal u een heerlijk diner serveren in de bedoe\u00efenentent onder kaarslicht. Het is zo&#8217;n romantisch gevoel!<\/li>\n<li>Natuurlijk kom je te weten hoe de bedoe\u00efenen hun brood bakken in de woestijn. Het zal zo interessant zijn om naar jezelf te kijken.<\/li>\n<\/ul>\n<h3>Sterrenkijken via telescopen<\/h3>\n<ul>\n<li>Verder zult u genieten van het belangrijkste punt van het programma: sterren kijken door gigantische telescopen, GPS-gestuurde telescoop &#8220;Meade&#8221;. Ze zijn de meest professionele in Egypte met computerbegeleiding. Je gids zal je begeleiden naar het gebied van deze telescopen. Dan zul je de uitleg van de astronoom zo geweldig vinden en de kans krijgen om te sterrenkijken met deze deskundige telescopen. Wat zal het heerlijk zijn om de avond af te sluiten met deze geweldige activiteit.<\/li>\n<\/ul>\n<h3>Terug thuis<\/h3>\n<ul>\n<li>Eindelijk maak je je klaar om terug te rijden naar je hotel.<\/li>\n<li>Deze sterrenkijkreis in Hurghada eindigt om ongeveer 20:00 uur.<\/li>\n<\/ul>\n<h2>Wat is inclusief de prijs van een sterrenkijkexcursie Hurghada?<\/h2>\n<ul>\n<li>Lunch.<\/li>\n<li>Transfer ook naar de woestijn en terug naar het hotel.<\/li>\n<\/ul>\n<h2>Wat omvat het programma van sterrenkijken in Hurghada niet?<\/h2>\n<ul>\n<li>Video-dvd.<\/li>\n<li>Ook de foto-cd.<\/li>\n<\/ul>\n<h2>Wat neem je mee op reis?<\/h2>\n<ul>\n<li>Sjaal.<\/li>\n<li>Ook de zonnebril.<\/li>\n<\/ul>\n<h2>Boekingsdagen<\/h2>\n<ul>\n<li>Dagelijks van 15:00 \u2013 20:00.<\/li>\n<\/ul>\n","protected":false},"excerpt":{"rendered":"<p>Ben je ooit eerder op een sterrenkijkreis geweest? Die in Hurghada klinkt als een absoluut avontuur! Stel je voor dat je naar de sterren staart door gigantische telescopen in de woestijn. En dat is niet alles! Je zult ook op een kameel rijden en de bedoe\u00efenen ontmoeten om meer te weten te komen over hun cultuur. Bovendien is er een bedoe\u00efenendiner inbegrepen! Daarna beleef je een adembenemende jeepsafari door de Egyptische woestijn en ben je getuige van de betoverende zonsondergang. En het beste deel? Je bezoekt een observatorium en leert alles over de sterren en planeten. Hoe spannend is dat? Je wordt volledig ondergedompeld in de schoonheid van de Egyptische woestijn tijdens deze sterrenkijktour vanuit Hurghada, inclusief hoteltransfers. Het begint allemaal met een pick-up door jeep om je naar het startpunt van je tour te brengen, en vanaf daar ga je de pittoreske woestijn van Hurghada in. Je krijgt de verre melkweg te zien die wordt weergegeven door de sterren en zelfs enkele planeten door een telescoop, terwijl je spannende informatie leert over de ruimte en sterrenwetenschap van een astronoom. Als je klaar bent met het bewonderen van de sterren, keer je per jeep terug naar je hotel.<\/p>\n","protected":false},"featured_media":135938,"comment_status":"open","ping_status":"closed","template":"","meta":{"_coblocks_attr":"","_coblocks_dimensions":"","_coblocks_responsive_height":"","_coblocks_accordion_ie_support":"","_uag_custom_page_level_css":"","jetpack_post_was_ever_published":false,"jetpack_publicize_message":"","jetpack_publicize_feature_enabled":true,"jetpack_social_post_already_shared":true,"jetpack_social_options":{"image_generator_settings":{"template":"highway","default_image_id":0,"font":"","enabled":false},"version":2},"_wpas_customize_per_network":false},"product_brand":[],"product_cat":[13154,22124,22164,13157],"product_tag":[13178,13188,13190,13199,13170],"class_list":{"0":"post-135937","1":"product","2":"type-product","3":"status-publish","4":"has-post-thumbnail","6":"product_cat-excursies-hurghada","7":"product_cat-hurghada-budgetvriendelijke-excursies","8":"product_cat-hurghada-jeeptochten","9":"product_cat-safari-reizen-hurghada","10":"product_tag-excursie","11":"product_tag-hurghada-nl","12":"product_tag-jeepsafari","13":"product_tag-safari-nl","14":"product_tag-woestijnsafari","15":"pa_age-kind-5-11-jaar","16":"pa_age-volwassen","18":"first","19":"instock","20":"sale","21":"taxable","22":"shipping-taxable","23":"purchasable","24":"product-type-variable"},"yoast_head":"<!-- This site is optimized with the Yoast SEO Premium plugin v26.9 (Yoast SEO v27.3) - https:\/\/yoast.com\/product\/yoast-seo-premium-wordpress\/ -->\n<title>Sterrenkijkreis Hurghada<\/title>\n<meta name=\"description\" content=\"Sterrenkijkreis Hurghada is een spannende Safari-activiteit per jeep 4\u00d74 in Hurghada, Egypte! We raden de Stargazing Trip Hurghada aan omdat het toeristen\" \/>\n<meta name=\"robots\" content=\"index, follow, max-snippet:-1, max-image-preview:large, max-video-preview:-1\" \/>\n<link rel=\"canonical\" href=\"https:\/\/landioustravel.com\/nl\/shop\/sterrenkijkreis-hurghada\/\" \/>\n<meta property=\"og:locale\" content=\"nl_NL\" \/>\n<meta property=\"og:type\" content=\"article\" \/>\n<meta property=\"og:title\" content=\"Sterrenkijkreis Hurghada\" \/>\n<meta property=\"og:description\" content=\"Landious Travel\" \/>\n<meta property=\"og:url\" content=\"https:\/\/landioustravel.com\/nl\/shop\/sterrenkijkreis-hurghada\/\" \/>\n<meta property=\"og:site_name\" content=\"Landious Travel\" \/>\n<meta property=\"article:publisher\" content=\"https:\/\/web.facebook.com\/landiousEgypt\" \/>\n<meta property=\"article:modified_time\" content=\"2023-06-13T22:06:18+00:00\" \/>\n<meta property=\"og:image\" content=\"https:\/\/i0.wp.com\/landioustravel.com\/wp-content\/uploads\/2023\/01\/Stargazing-Trip-Hurghada-e1674945357951.jpg?fit=1199%2C674&ssl=1\" \/>\n\t<meta property=\"og:image:width\" content=\"1199\" \/>\n\t<meta property=\"og:image:height\" content=\"674\" \/>\n\t<meta property=\"og:image:type\" content=\"image\/jpeg\" \/>\n<meta name=\"twitter:card\" content=\"summary_large_image\" \/>\n<meta name=\"twitter:site\" content=\"@LandiousTours\" \/>\n<meta name=\"twitter:label1\" content=\"Geschatte leestijd\" \/>\n\t<meta name=\"twitter:data1\" content=\"2 minuten\" \/>\n<script type=\"application\/ld+json\" class=\"yoast-schema-graph\">{\"@context\":\"https:\\\/\\\/schema.org\",\"@graph\":[{\"@type\":\"WebPage\",\"@id\":\"https:\\\/\\\/landioustravel.com\\\/nl\\\/shop\\\/sterrenkijkreis-hurghada\\\/\",\"url\":\"https:\\\/\\\/landioustravel.com\\\/nl\\\/shop\\\/sterrenkijkreis-hurghada\\\/\",\"name\":\"Sterrenkijkreis Hurghada\",\"isPartOf\":{\"@id\":\"https:\\\/\\\/landioustravel.com\\\/nl\\\/#website\"},\"primaryImageOfPage\":{\"@id\":\"https:\\\/\\\/landioustravel.com\\\/nl\\\/shop\\\/sterrenkijkreis-hurghada\\\/#primaryimage\"},\"image\":{\"@id\":\"https:\\\/\\\/landioustravel.com\\\/nl\\\/shop\\\/sterrenkijkreis-hurghada\\\/#primaryimage\"},\"thumbnailUrl\":\"https:\\\/\\\/i0.wp.com\\\/landioustravel.com\\\/wp-content\\\/uploads\\\/2023\\\/01\\\/Stargazing-Trip-Hurghada-e1674945357951.jpg?fit=1199%2C674&ssl=1\",\"datePublished\":\"2023-02-13T01:44:00+00:00\",\"dateModified\":\"2023-06-13T22:06:18+00:00\",\"description\":\"Sterrenkijkreis Hurghada is een spannende Safari-activiteit per jeep 4\u00d74 in Hurghada, Egypte! We raden de Stargazing Trip Hurghada aan omdat het toeristen\",\"breadcrumb\":{\"@id\":\"https:\\\/\\\/landioustravel.com\\\/nl\\\/shop\\\/sterrenkijkreis-hurghada\\\/#breadcrumb\"},\"inLanguage\":\"nl-NL\",\"potentialAction\":[{\"@type\":\"ReadAction\",\"target\":[\"https:\\\/\\\/landioustravel.com\\\/nl\\\/shop\\\/sterrenkijkreis-hurghada\\\/\"]}]},{\"@type\":\"ImageObject\",\"inLanguage\":\"nl-NL\",\"@id\":\"https:\\\/\\\/landioustravel.com\\\/nl\\\/shop\\\/sterrenkijkreis-hurghada\\\/#primaryimage\",\"url\":\"https:\\\/\\\/i0.wp.com\\\/landioustravel.com\\\/wp-content\\\/uploads\\\/2023\\\/01\\\/Stargazing-Trip-Hurghada-e1674945357951.jpg?fit=1199%2C674&ssl=1\",\"contentUrl\":\"https:\\\/\\\/i0.wp.com\\\/landioustravel.com\\\/wp-content\\\/uploads\\\/2023\\\/01\\\/Stargazing-Trip-Hurghada-e1674945357951.jpg?fit=1199%2C674&ssl=1\",\"width\":1199,\"height\":674,\"caption\":\"Stargazing Trip Hurghada\"},{\"@type\":\"BreadcrumbList\",\"@id\":\"https:\\\/\\\/landioustravel.com\\\/nl\\\/shop\\\/sterrenkijkreis-hurghada\\\/#breadcrumb\",\"itemListElement\":[{\"@type\":\"ListItem\",\"position\":1,\"name\":\"Home\",\"item\":\"https:\\\/\\\/landioustravel.com\\\/nl\\\/\"},{\"@type\":\"ListItem\",\"position\":2,\"name\":\"Diensten &amp; rondleidingen\",\"item\":\"https:\\\/\\\/landioustravel.com\\\/nl\\\/\"},{\"@type\":\"ListItem\",\"position\":3,\"name\":\"Sterrenkijkreis Hurghada\"}]},{\"@type\":\"WebSite\",\"@id\":\"https:\\\/\\\/landioustravel.com\\\/nl\\\/#website\",\"url\":\"https:\\\/\\\/landioustravel.com\\\/nl\\\/\",\"name\":\"Landious Travel\",\"description\":\"Excursions, trips and cruises in Egypt\",\"publisher\":{\"@id\":\"https:\\\/\\\/landioustravel.com\\\/nl\\\/#organization\"},\"potentialAction\":[{\"@type\":\"SearchAction\",\"target\":{\"@type\":\"EntryPoint\",\"urlTemplate\":\"https:\\\/\\\/landioustravel.com\\\/nl\\\/?s={search_term_string}\"},\"query-input\":{\"@type\":\"PropertyValueSpecification\",\"valueRequired\":true,\"valueName\":\"search_term_string\"}}],\"inLanguage\":\"nl-NL\"},{\"@type\":[\"Organization\",\"Place\"],\"@id\":\"https:\\\/\\\/landioustravel.com\\\/nl\\\/#organization\",\"name\":\"Landious Travel\",\"alternateName\":\"Landious Travel\",\"url\":\"https:\\\/\\\/landioustravel.com\\\/nl\\\/\",\"logo\":{\"@id\":\"https:\\\/\\\/landioustravel.com\\\/nl\\\/shop\\\/sterrenkijkreis-hurghada\\\/#local-main-organization-logo\"},\"image\":{\"@id\":\"https:\\\/\\\/landioustravel.com\\\/nl\\\/shop\\\/sterrenkijkreis-hurghada\\\/#local-main-organization-logo\"},\"sameAs\":[\"https:\\\/\\\/web.facebook.com\\\/landiousEgypt\",\"https:\\\/\\\/x.com\\\/LandiousTours\",\"https:\\\/\\\/mastodon.social\\\/@landious\"],\"legalName\":\"Landious Travel\",\"telephone\":[],\"openingHoursSpecification\":[{\"@type\":\"OpeningHoursSpecification\",\"dayOfWeek\":[\"Monday\",\"Tuesday\",\"Wednesday\",\"Thursday\",\"Friday\",\"Saturday\",\"Sunday\"],\"opens\":\"09:00\",\"closes\":\"17:00\"}]},{\"@type\":\"ImageObject\",\"inLanguage\":\"nl-NL\",\"@id\":\"https:\\\/\\\/landioustravel.com\\\/nl\\\/shop\\\/sterrenkijkreis-hurghada\\\/#local-main-organization-logo\",\"url\":\"https:\\\/\\\/i0.wp.com\\\/landioustravel.com\\\/wp-content\\\/uploads\\\/2021\\\/06\\\/Landious-T.png?fit=500%2C500&ssl=1\",\"contentUrl\":\"https:\\\/\\\/i0.wp.com\\\/landioustravel.com\\\/wp-content\\\/uploads\\\/2021\\\/06\\\/Landious-T.png?fit=500%2C500&ssl=1\",\"width\":500,\"height\":500,\"caption\":\"Landious Travel\"}]}<\/script>\n<!-- \/ Yoast SEO Premium plugin. -->","yoast_head_json":{"title":"Sterrenkijkreis Hurghada","description":"Sterrenkijkreis Hurghada is een spannende Safari-activiteit per jeep 4\u00d74 in Hurghada, Egypte! We raden de Stargazing Trip Hurghada aan omdat het toeristen","robots":{"index":"index","follow":"follow","max-snippet":"max-snippet:-1","max-image-preview":"max-image-preview:large","max-video-preview":"max-video-preview:-1"},"canonical":"https:\/\/landioustravel.com\/nl\/shop\/sterrenkijkreis-hurghada\/","og_locale":"nl_NL","og_type":"article","og_title":"Sterrenkijkreis Hurghada","og_description":"Landious Travel","og_url":"https:\/\/landioustravel.com\/nl\/shop\/sterrenkijkreis-hurghada\/","og_site_name":"Landious Travel","article_publisher":"https:\/\/web.facebook.com\/landiousEgypt","article_modified_time":"2023-06-13T22:06:18+00:00","og_image":[{"width":1199,"height":674,"url":"https:\/\/i0.wp.com\/landioustravel.com\/wp-content\/uploads\/2023\/01\/Stargazing-Trip-Hurghada-e1674945357951.jpg?fit=1199%2C674&ssl=1","type":"image\/jpeg"}],"twitter_card":"summary_large_image","twitter_site":"@LandiousTours","twitter_misc":{"Geschatte leestijd":"2 minuten"},"schema":{"@context":"https:\/\/schema.org","@graph":[{"@type":"WebPage","@id":"https:\/\/landioustravel.com\/nl\/shop\/sterrenkijkreis-hurghada\/","url":"https:\/\/landioustravel.com\/nl\/shop\/sterrenkijkreis-hurghada\/","name":"Sterrenkijkreis Hurghada","isPartOf":{"@id":"https:\/\/landioustravel.com\/nl\/#website"},"primaryImageOfPage":{"@id":"https:\/\/landioustravel.com\/nl\/shop\/sterrenkijkreis-hurghada\/#primaryimage"},"image":{"@id":"https:\/\/landioustravel.com\/nl\/shop\/sterrenkijkreis-hurghada\/#primaryimage"},"thumbnailUrl":"https:\/\/i0.wp.com\/landioustravel.com\/wp-content\/uploads\/2023\/01\/Stargazing-Trip-Hurghada-e1674945357951.jpg?fit=1199%2C674&ssl=1","datePublished":"2023-02-13T01:44:00+00:00","dateModified":"2023-06-13T22:06:18+00:00","description":"Sterrenkijkreis Hurghada is een spannende Safari-activiteit per jeep 4\u00d74 in Hurghada, Egypte! We raden de Stargazing Trip Hurghada aan omdat het toeristen","breadcrumb":{"@id":"https:\/\/landioustravel.com\/nl\/shop\/sterrenkijkreis-hurghada\/#breadcrumb"},"inLanguage":"nl-NL","potentialAction":[{"@type":"ReadAction","target":["https:\/\/landioustravel.com\/nl\/shop\/sterrenkijkreis-hurghada\/"]}]},{"@type":"ImageObject","inLanguage":"nl-NL","@id":"https:\/\/landioustravel.com\/nl\/shop\/sterrenkijkreis-hurghada\/#primaryimage","url":"https:\/\/i0.wp.com\/landioustravel.com\/wp-content\/uploads\/2023\/01\/Stargazing-Trip-Hurghada-e1674945357951.jpg?fit=1199%2C674&ssl=1","contentUrl":"https:\/\/i0.wp.com\/landioustravel.com\/wp-content\/uploads\/2023\/01\/Stargazing-Trip-Hurghada-e1674945357951.jpg?fit=1199%2C674&ssl=1","width":1199,"height":674,"caption":"Stargazing Trip Hurghada"},{"@type":"BreadcrumbList","@id":"https:\/\/landioustravel.com\/nl\/shop\/sterrenkijkreis-hurghada\/#breadcrumb","itemListElement":[{"@type":"ListItem","position":1,"name":"Home","item":"https:\/\/landioustravel.com\/nl\/"},{"@type":"ListItem","position":2,"name":"Diensten &amp; rondleidingen","item":"https:\/\/landioustravel.com\/nl\/"},{"@type":"ListItem","position":3,"name":"Sterrenkijkreis Hurghada"}]},{"@type":"WebSite","@id":"https:\/\/landioustravel.com\/nl\/#website","url":"https:\/\/landioustravel.com\/nl\/","name":"Landious Travel","description":"Excursions, trips and cruises in Egypt","publisher":{"@id":"https:\/\/landioustravel.com\/nl\/#organization"},"potentialAction":[{"@type":"SearchAction","target":{"@type":"EntryPoint","urlTemplate":"https:\/\/landioustravel.com\/nl\/?s={search_term_string}"},"query-input":{"@type":"PropertyValueSpecification","valueRequired":true,"valueName":"search_term_string"}}],"inLanguage":"nl-NL"},{"@type":["Organization","Place"],"@id":"https:\/\/landioustravel.com\/nl\/#organization","name":"Landious Travel","alternateName":"Landious Travel","url":"https:\/\/landioustravel.com\/nl\/","logo":{"@id":"https:\/\/landioustravel.com\/nl\/shop\/sterrenkijkreis-hurghada\/#local-main-organization-logo"},"image":{"@id":"https:\/\/landioustravel.com\/nl\/shop\/sterrenkijkreis-hurghada\/#local-main-organization-logo"},"sameAs":["https:\/\/web.facebook.com\/landiousEgypt","https:\/\/x.com\/LandiousTours","https:\/\/mastodon.social\/@landious"],"legalName":"Landious Travel","telephone":[],"openingHoursSpecification":[{"@type":"OpeningHoursSpecification","dayOfWeek":["Monday","Tuesday","Wednesday","Thursday","Friday","Saturday","Sunday"],"opens":"09:00","closes":"17:00"}]},{"@type":"ImageObject","inLanguage":"nl-NL","@id":"https:\/\/landioustravel.com\/nl\/shop\/sterrenkijkreis-hurghada\/#local-main-organization-logo","url":"https:\/\/i0.wp.com\/landioustravel.com\/wp-content\/uploads\/2021\/06\/Landious-T.png?fit=500%2C500&ssl=1","contentUrl":"https:\/\/i0.wp.com\/landioustravel.com\/wp-content\/uploads\/2021\/06\/Landious-T.png?fit=500%2C500&ssl=1","width":500,"height":500,"caption":"Landious Travel"}]}},"jetpack_publicize_connections":[],"uagb_featured_image_src":{"full":["https:\/\/i0.wp.com\/landioustravel.com\/wp-content\/uploads\/2023\/01\/Stargazing-Trip-Hurghada-e1674945357951.jpg?fit=1199%2C674&ssl=1",1199,674,false],"thumbnail":["https:\/\/i0.wp.com\/landioustravel.com\/wp-content\/uploads\/2023\/01\/Stargazing-Trip-Hurghada-e1674945357951.jpg?resize=150%2C150&ssl=1",150,150,true],"medium":["https:\/\/i0.wp.com\/landioustravel.com\/wp-content\/uploads\/2023\/01\/Stargazing-Trip-Hurghada-e1674945357951.jpg?fit=300%2C169&ssl=1",300,169,true],"medium_large":["https:\/\/i0.wp.com\/landioustravel.com\/wp-content\/uploads\/2023\/01\/Stargazing-Trip-Hurghada-e1674945357951.jpg?fit=768%2C432&ssl=1",768,432,true],"large":["https:\/\/i0.wp.com\/landioustravel.com\/wp-content\/uploads\/2023\/01\/Stargazing-Trip-Hurghada-e1674945357951.jpg?fit=980%2C551&ssl=1",980,551,true],"1536x1536":["https:\/\/i0.wp.com\/landioustravel.com\/wp-content\/uploads\/2023\/01\/Stargazing-Trip-Hurghada-e1674945357951.jpg?fit=1536%2C853&ssl=1",1536,853,true],"2048x2048":["https:\/\/i0.wp.com\/landioustravel.com\/wp-content\/uploads\/2023\/01\/Stargazing-Trip-Hurghada-e1674945357951.jpg?fit=1199%2C674&ssl=1",1199,674,true],"newspack-article-block-landscape-large":["https:\/\/i0.wp.com\/landioustravel.com\/wp-content\/uploads\/2023\/01\/Stargazing-Trip-Hurghada-e1674945357951.jpg?resize=1199%2C674&ssl=1",1199,674,true],"newspack-article-block-portrait-large":["https:\/\/i0.wp.com\/landioustravel.com\/wp-content\/uploads\/2023\/01\/Stargazing-Trip-Hurghada-e1674945357951.jpg?resize=900%2C674&ssl=1",900,674,true],"newspack-article-block-square-large":["https:\/\/i0.wp.com\/landioustravel.com\/wp-content\/uploads\/2023\/01\/Stargazing-Trip-Hurghada-e1674945357951.jpg?resize=1199%2C674&ssl=1",1199,674,true],"newspack-article-block-landscape-medium":["https:\/\/i0.wp.com\/landioustravel.com\/wp-content\/uploads\/2023\/01\/Stargazing-Trip-Hurghada-e1674945357951.jpg?resize=800%2C600&ssl=1",800,600,true],"newspack-article-block-portrait-medium":["https:\/\/i0.wp.com\/landioustravel.com\/wp-content\/uploads\/2023\/01\/Stargazing-Trip-Hurghada-e1674945357951.jpg?resize=600%2C674&ssl=1",600,674,true],"newspack-article-block-square-medium":["https:\/\/i0.wp.com\/landioustravel.com\/wp-content\/uploads\/2023\/01\/Stargazing-Trip-Hurghada-e1674945357951.jpg?resize=800%2C674&ssl=1",800,674,true],"newspack-article-block-landscape-intermediate":["https:\/\/i0.wp.com\/landioustravel.com\/wp-content\/uploads\/2023\/01\/Stargazing-Trip-Hurghada-e1674945357951.jpg?resize=600%2C450&ssl=1",600,450,true],"newspack-article-block-portrait-intermediate":["https:\/\/i0.wp.com\/landioustravel.com\/wp-content\/uploads\/2023\/01\/Stargazing-Trip-Hurghada-e1674945357951.jpg?resize=450%2C600&ssl=1",450,600,true],"newspack-article-block-square-intermediate":["https:\/\/i0.wp.com\/landioustravel.com\/wp-content\/uploads\/2023\/01\/Stargazing-Trip-Hurghada-e1674945357951.jpg?resize=600%2C600&ssl=1",600,600,true],"newspack-article-block-landscape-small":["https:\/\/i0.wp.com\/landioustravel.com\/wp-content\/uploads\/2023\/01\/Stargazing-Trip-Hurghada-e1674945357951.jpg?resize=400%2C300&ssl=1",400,300,true],"newspack-article-block-portrait-small":["https:\/\/i0.wp.com\/landioustravel.com\/wp-content\/uploads\/2023\/01\/Stargazing-Trip-Hurghada-e1674945357951.jpg?resize=300%2C400&ssl=1",300,400,true],"newspack-article-block-square-small":["https:\/\/i0.wp.com\/landioustravel.com\/wp-content\/uploads\/2023\/01\/Stargazing-Trip-Hurghada-e1674945357951.jpg?resize=400%2C400&ssl=1",400,400,true],"newspack-article-block-landscape-tiny":["https:\/\/i0.wp.com\/landioustravel.com\/wp-content\/uploads\/2023\/01\/Stargazing-Trip-Hurghada-e1674945357951.jpg?resize=200%2C150&ssl=1",200,150,true],"newspack-article-block-portrait-tiny":["https:\/\/i0.wp.com\/landioustravel.com\/wp-content\/uploads\/2023\/01\/Stargazing-Trip-Hurghada-e1674945357951.jpg?resize=150%2C200&ssl=1",150,200,true],"newspack-article-block-square-tiny":["https:\/\/i0.wp.com\/landioustravel.com\/wp-content\/uploads\/2023\/01\/Stargazing-Trip-Hurghada-e1674945357951.jpg?resize=200%2C200&ssl=1",200,200,true],"newspack-article-block-uncropped":["https:\/\/i0.wp.com\/landioustravel.com\/wp-content\/uploads\/2023\/01\/Stargazing-Trip-Hurghada-e1674945357951.jpg?fit=1199%2C674&ssl=1",1199,674,true],"woocommerce_thumbnail":["https:\/\/i0.wp.com\/landioustravel.com\/wp-content\/uploads\/2023\/01\/Stargazing-Trip-Hurghada-e1674945357951.jpg?resize=324%2C324&ssl=1",324,324,true],"woocommerce_single":["https:\/\/i0.wp.com\/landioustravel.com\/wp-content\/uploads\/2023\/01\/Stargazing-Trip-Hurghada-e1674945357951.jpg?fit=416%2C234&ssl=1",416,234,true],"woocommerce_gallery_thumbnail":["https:\/\/i0.wp.com\/landioustravel.com\/wp-content\/uploads\/2023\/01\/Stargazing-Trip-Hurghada-e1674945357951.jpg?resize=100%2C100&ssl=1",100,100,true]},"uagb_author_info":{"display_name":"Mofreh Landious","author_link":"https:\/\/landioustravel.com\/nl\/author\/"},"uagb_comment_info":0,"uagb_excerpt":"Ben je ooit eerder op een sterrenkijkreis geweest? Die in Hurghada klinkt als een absoluut avontuur! Stel je voor dat je naar de sterren staart door gigantische telescopen in de woestijn. En dat is niet alles! Je zult ook op een kameel rijden en de bedoe\u00efenen ontmoeten om meer te weten te komen over hun&hellip;","jetpack_sharing_enabled":true,"jetpack_likes_enabled":true,"amp_enabled":true,"_links":{"self":[{"href":"https:\/\/landioustravel.com\/nl\/wp-json\/wp\/v2\/product\/135937","targetHints":{"allow":["GET"]}}],"collection":[{"href":"https:\/\/landioustravel.com\/nl\/wp-json\/wp\/v2\/product"}],"about":[{"href":"https:\/\/landioustravel.com\/nl\/wp-json\/wp\/v2\/types\/product"}],"replies":[{"embeddable":true,"href":"https:\/\/landioustravel.com\/nl\/wp-json\/wp\/v2\/comments?post=135937"}],"wp:featuredmedia":[{"embeddable":true,"href":"https:\/\/landioustravel.com\/nl\/wp-json\/wp\/v2\/media\/135938"}],"wp:attachment":[{"href":"https:\/\/landioustravel.com\/nl\/wp-json\/wp\/v2\/media?parent=135937"}],"wp:term":[{"taxonomy":"product_brand","embeddable":true,"href":"https:\/\/landioustravel.com\/nl\/wp-json\/wp\/v2\/product_brand?post=135937"},{"taxonomy":"product_cat","embeddable":true,"href":"https:\/\/landioustravel.com\/nl\/wp-json\/wp\/v2\/product_cat?post=135937"},{"taxonomy":"product_tag","embeddable":true,"href":"https:\/\/landioustravel.com\/nl\/wp-json\/wp\/v2\/product_tag?post=135937"}],"curies":[{"name":"wp","href":"https:\/\/api.w.org\/{rel}","templated":true}]}}