{"id":136105,"date":"2023-01-08T23:44:57","date_gmt":"2023-02-16T16:03:47","guid":{"rendered":"https:\/\/landioustravel.com\/?post_type=product&#038;p=136105"},"modified":"2023-06-14T01:41:37","modified_gmt":"2023-06-13T23:41:37","slug":"cairo-privetour-gouna","status":"publish","type":"product","link":"https:\/\/landioustravel.com\/nl\/shop\/cairo-privetour-gouna\/","title":{"rendered":"Ca\u00efro priv\u00e9tour El Gouna"},"content":{"rendered":"<p><strong>Ca\u00efro priv\u00e9tour El Gouna<\/strong> is een eendaagse individuele reis om de attracties van Gizeh en Ca\u00efro te zien vanuit El Gouna, Rode Zee, Egypte! Het is een van de meest populaire persoonlijke excursies in El Gouna! We raden de reis aan omdat toeristen hierdoor de meest indrukwekkende bezienswaardigheden kunnen zien die in het oude Egypte zijn gebouwd en meer te weten kunnen komen over de geschiedenis ervan.<\/p>\n<h2>Hoogtepunten van de priv\u00e9tour van Ca\u00efro vanuit El Gouna<\/h2>\n<ul>\n<li>Bezoek het Egyptisch Museum in Ca\u00efro.<\/li>\n<li>Lunchen in een restaurant.<\/li>\n<li>Zie de drie piramides in Gizeh.<\/li>\n<li>Ook de Grote Sfinx bij het piramidecomplex.<\/li>\n<\/ul>\n<h2>Programma van de priv\u00e9-excursie naar Ca\u00efro-Gizeh<\/h2>\n<ul>\n<li>Landious Travel-vertegenwoordiger haalt u rond 01:00 uur op bij uw El Gouna-hotels.<\/li>\n<li>Nadat je bent opgehaald, vertrekt je priv\u00e9voertuig (limousine of minibus) naar Ca\u00efro langs de stad Ras Ghareb, Zaafarana, Ain Sokhna en Suez. Al deze steden liggen ten noorden van Hurghada, aan de kust van de Rode Zee. Van het centrum van El Gouna naar Ca\u00efro duurt de weg ongeveer 6 uur.<\/li>\n<\/ul>\n<h3>Programma in Ca\u00efro<\/h3>\n<ul>\n<li>We laten je het Egyptisch Museum zien zodra je in Ca\u00efro aankomt. Er zijn ongeveer 100 tentoonstellingszalen in dit museum. Deze zalen tonen een unieke collectie bestaande uit ongeveer 150 duizend stukken. Je gids zal de taak hebben om de prachtige tentoonstellingen van dit museum te laten zien en je vrije tijd te geven om foto&#8217;s te maken.<\/li>\n<li>Na een bezoek aan het Egyptisch Museum in Ca\u00efro kun je ervoor kiezen om een boottocht op de Nijl te maken. Het is een aanvullend programma tegen meerprijs! Zodra de boottocht op de Nijl eindigt, ga je naar een andere stad &#8211; Gizeh.<\/li>\n<\/ul>\n<h3>Programma in Gizeh<\/h3>\n<ul>\n<li>De reis gaat verder in Gizeh. De eerste stop daar is in het restaurant. Het biedt een buffet.<\/li>\n<li>Na de lunch ga je naar het Gizeh-piramidecomplex, de fantastische drie piramides en de Sfinx. Je gids laat ze zien en geeft je vrije tijd om een foto te maken.<\/li>\n<\/ul>\n<h3>Vertrek<\/h3>\n<ul>\n<li>Eindelijk zal onze bus na zo&#8217;n programma in de prachtige steden Ca\u00efro en Gizeh terugkeren naar El Gouna.<\/li>\n<li>Deze individuele reis naar Ca\u00efro vanuit El Gouna eindigt om ongeveer 22:00 uur.<\/li>\n<\/ul>\n<h2>Wat is inbegrepen in de prijs van de individuele reis naar Ca\u00efro vanuit El Gouna?<\/h2>\n<ul>\n<li>Tickets voor het bezoeken van tempels.<\/li>\n<li>Lunch.<\/li>\n<li>Drankjes.<\/li>\n<li>Priv\u00e9 gids.<\/li>\n<li>Ook priv\u00e9voertuigen met airconditioning.<\/li>\n<\/ul>\n<h2>Wat zit er niet in het Programma van Individuele Reis El Gouna?<\/h2>\n<ul>\n<li>Aanvullende programma&#8217;s indien niet opgenomen in het bovenstaande programma.<\/li>\n<li>Ook drankjes in het restaurant.<\/li>\n<li>Wat neem je mee op reis?<\/li>\n<li>Ontbijtdoos.<\/li>\n<li>Ook kleding voor het seizoen.<\/li>\n<\/ul>\n<h2>Boekingsdagen van Ca\u00efro priv\u00e9tour El Gouna<\/h2>\n<ul>\n<li>Dagelijks van 02:00 \u2013 22:00.<\/li>\n<\/ul>\n<h2>Wat wordt er verwacht tijdens de individuele reis El Gouna in Ca\u00efro?<\/h2>\n<h3>Egyptisch museum<\/h3>\n<p>Het Egyptisch Museum is het oudste archeologische museum in Egypte en het Midden-Oosten. Het vertoont een uitgebreide collectie gaande van de Predynastische periode tot de Grieks-Romeinse periode. Bovendien herbergt deze repository de meest uitgebreide collectie faraonische antiquiteiten ter wereld. Deze fantastische collectie schetst 5000 jaar Egyptische geschiedenis.<\/p>\n<h3>Piramidecomplex van Gizeh<\/h3>\n<p>Het piramidecomplex van Gizeh is de meest populaire toeristische attractie in Egypte. We noemen het ook de Necropolis van Gizeh. Dit complex is een oud-Egyptische vindplaats op het plateau van Gizeh. Het is algemeen bekend en omvat de Grote Piramide van Gizeh met de bijbehorende netwerken en de Sfinx van Gizeh. De oude Egyptenaren bouwden deze enorme constructies tijdens de vierde dynastie van het oude koninkrijk van het oude Egypte. Bovendien omvat het Giza-complex verschillende begraafplaatsen en de overblijfselen van een arbeidersnederzetting op zijn grondgebied.<\/p>\n<h3>Piramide van Khufu<\/h3>\n<p>De Piramide van Khufu staat op een torenhoge hoogte van 138,5 meter. Gelegen in het piramidecomplex van Gizeh, heeft deze oudste en grootste piramide mensen door de eeuwen heen verbaasd. Dit wonder maakt deel uit van de zeven wonderen van de antieke wereld.<\/p>\n<h3>Piramide van Chefren<\/h3>\n<p>De Piramide van Khafre staat op 448 voet met een basislengte van 706 voet. Deze afmetingen maken deze piramide tot het op een na hoogste en op een na grootste piramidecomplex van Gizeh. Het herbergt het graf van de farao Khafre van de vierde dynastie, die regeerde tussen 2558-2532 v.Chr. Dit historische monument staat ook wel bekend als de Piramide van Chefren.<\/p>\n<h3>Menkaure-piramide<\/h3>\n<p>Menkaure is de derde piramide in het piramidecomplex van Gizeh in Groot-Ca\u00efro, Egypte. Kleinste van de drie; deze prachtige structuur stijgt tot 66 meter (218 voet). Menkaure Pyramid herbergt enkele van de meest verbluffende sculpturen uit de oude Egyptische geschiedenis, ondanks dat ze kort zijn.<\/p>\n<h3>Grote Sfinx<\/h3>\n<p>De Grote Sfinx is een van de belangrijkste sculpturen ter wereld. Het toont het lichaam van een liggende leeuw en een menselijk hoofd op bijna 20 meter hoogte. Een koninklijke hoofdtooi siert het menselijke hoofd van de Sfinx. De lengte van dit prachtige beeld is ongeveer 240 voet.<\/p>\n","protected":false},"excerpt":{"rendered":"<p>Ervaar de wonderen van Ca\u00efro en zijn rijke geschiedenis tijdens een dagtrip vanuit El Gouna. Bekijk de majestueuze piramides van Gizeh en de iconische Grote Sfinx voordat je geniet van een heerlijke lunch. Dompel jezelf daarna onder in de fascinerende tentoonstellingen in het Egyptisch Museum. Als bonus kun je ook genieten van een ontspannende boottocht op de Nijl. Alle noodzakelijke uitgaven zijn inbegrepen in de reisprijs, zoals priv\u00e9transfers, toegangskaarten en lunch. Tijdens deze priv\u00e9dagtour met de auto kunt u het museum, de piramides van Gizeh en de Grote Sfinx verkennen voordat u veilig wordt teruggebracht naar uw hotel in El Gouna. Ga met ons mee op deze spannende reis door de eeuwen heen, van het faraonische tijdperk tot de koptische en islamitische tijd. Bekijk de piramides van Gizeh en de sfinx en verken het museum, allemaal op \u00e9\u00e9n dag.<\/p>\n","protected":false},"featured_media":136106,"comment_status":"open","ping_status":"closed","template":"","meta":{"_coblocks_attr":"","_coblocks_dimensions":"","_coblocks_responsive_height":"","_coblocks_accordion_ie_support":"","_uag_custom_page_level_css":"","jetpack_publicize_message":"","jetpack_publicize_feature_enabled":true,"jetpack_social_post_already_shared":true,"jetpack_social_options":{"image_generator_settings":{"template":"highway","default_image_id":0,"font":"","enabled":false},"version":2},"_wpas_customize_per_network":false},"product_brand":[],"product_cat":[22115,21023,22118,22121,22154],"product_tag":[13209,13165,13176,13178,13195,13212],"class_list":{"0":"post-136105","1":"product","2":"type-product","3":"status-publish","4":"has-post-thumbnail","6":"product_cat-gouna-prive-dagtochten-cairo","7":"product_cat-gouna-prive-excursies","8":"product_cat-gouna-prive-rondleidingen","9":"product_cat-gouna-prive-rondleidingen-piramides","10":"product_cat-hurghada-excursies-cairo","11":"product_tag-bezienswaardigheden","12":"product_tag-cairo-nl","13":"product_tag-el-gouna-nl","14":"product_tag-excursie","15":"product_tag-piramides-nl","16":"product_tag-sfinx","18":"first","19":"instock","20":"sale","21":"taxable","22":"shipping-taxable","23":"purchasable","24":"product-type-variable"},"yoast_head":"<!-- This site is optimized with the Yoast SEO Premium plugin v26.9 (Yoast SEO v27.4) - https:\/\/yoast.com\/product\/yoast-seo-premium-wordpress\/ -->\n<title>Ca\u00efro priv\u00e9tour El Gouna<\/title>\n<meta name=\"description\" content=\"Ca\u00efro priv\u00e9tour El Gouna is een eendaagse individuele reis om de attracties van Gizeh en Ca\u00efro te zien vanuit El Gouna, Rode Zee, Egypte! Het is een van de\" \/>\n<meta name=\"robots\" content=\"index, follow, max-snippet:-1, max-image-preview:large, max-video-preview:-1\" \/>\n<link rel=\"canonical\" href=\"https:\/\/landioustravel.com\/nl\/shop\/cairo-privetour-gouna\/\" \/>\n<meta property=\"og:locale\" content=\"nl_NL\" \/>\n<meta property=\"og:type\" content=\"article\" \/>\n<meta property=\"og:title\" content=\"Ca\u00efro priv\u00e9tour El Gouna\" \/>\n<meta property=\"og:description\" content=\"Landious Travel\" \/>\n<meta property=\"og:url\" content=\"https:\/\/landioustravel.com\/nl\/shop\/cairo-privetour-gouna\/\" \/>\n<meta property=\"og:site_name\" content=\"Landious Travel\" \/>\n<meta property=\"article:publisher\" content=\"https:\/\/web.facebook.com\/landiousEgypt\" \/>\n<meta property=\"article:modified_time\" content=\"2023-06-13T23:41:37+00:00\" \/>\n<meta property=\"og:image\" content=\"https:\/\/i0.wp.com\/landioustravel.com\/wp-content\/uploads\/2023\/01\/Cairo-Private-Tour-El-Gouna-e1673214053744.jpg?fit=1201%2C675&ssl=1\" \/>\n\t<meta property=\"og:image:width\" content=\"1201\" \/>\n\t<meta property=\"og:image:height\" content=\"675\" \/>\n\t<meta property=\"og:image:type\" content=\"image\/jpeg\" \/>\n<meta name=\"twitter:card\" content=\"summary_large_image\" \/>\n<meta name=\"twitter:site\" content=\"@LandiousTours\" \/>\n<meta name=\"twitter:label1\" content=\"Geschatte leestijd\" \/>\n\t<meta name=\"twitter:data1\" content=\"4 minuten\" \/>\n<script type=\"application\/ld+json\" class=\"yoast-schema-graph\">{\"@context\":\"https:\\\/\\\/schema.org\",\"@graph\":[{\"@type\":\"WebPage\",\"@id\":\"https:\\\/\\\/landioustravel.com\\\/nl\\\/shop\\\/cairo-privetour-gouna\\\/\",\"url\":\"https:\\\/\\\/landioustravel.com\\\/nl\\\/shop\\\/cairo-privetour-gouna\\\/\",\"name\":\"Ca\u00efro priv\u00e9tour El Gouna\",\"isPartOf\":{\"@id\":\"https:\\\/\\\/landioustravel.com\\\/nl\\\/#website\"},\"primaryImageOfPage\":{\"@id\":\"https:\\\/\\\/landioustravel.com\\\/nl\\\/shop\\\/cairo-privetour-gouna\\\/#primaryimage\"},\"image\":{\"@id\":\"https:\\\/\\\/landioustravel.com\\\/nl\\\/shop\\\/cairo-privetour-gouna\\\/#primaryimage\"},\"thumbnailUrl\":\"https:\\\/\\\/i0.wp.com\\\/landioustravel.com\\\/wp-content\\\/uploads\\\/2023\\\/01\\\/Cairo-Private-Tour-El-Gouna-e1673214053744.jpg?fit=1201%2C675&ssl=1\",\"datePublished\":\"2023-02-16T16:03:47+00:00\",\"dateModified\":\"2023-06-13T23:41:37+00:00\",\"description\":\"Ca\u00efro priv\u00e9tour El Gouna is een eendaagse individuele reis om de attracties van Gizeh en Ca\u00efro te zien vanuit El Gouna, Rode Zee, Egypte! Het is een van de\",\"breadcrumb\":{\"@id\":\"https:\\\/\\\/landioustravel.com\\\/nl\\\/shop\\\/cairo-privetour-gouna\\\/#breadcrumb\"},\"inLanguage\":\"nl-NL\",\"potentialAction\":[{\"@type\":\"ReadAction\",\"target\":[\"https:\\\/\\\/landioustravel.com\\\/nl\\\/shop\\\/cairo-privetour-gouna\\\/\"]}]},{\"@type\":\"ImageObject\",\"inLanguage\":\"nl-NL\",\"@id\":\"https:\\\/\\\/landioustravel.com\\\/nl\\\/shop\\\/cairo-privetour-gouna\\\/#primaryimage\",\"url\":\"https:\\\/\\\/i0.wp.com\\\/landioustravel.com\\\/wp-content\\\/uploads\\\/2023\\\/01\\\/Cairo-Private-Tour-El-Gouna-e1673214053744.jpg?fit=1201%2C675&ssl=1\",\"contentUrl\":\"https:\\\/\\\/i0.wp.com\\\/landioustravel.com\\\/wp-content\\\/uploads\\\/2023\\\/01\\\/Cairo-Private-Tour-El-Gouna-e1673214053744.jpg?fit=1201%2C675&ssl=1\",\"width\":1201,\"height\":675,\"caption\":\"Cairo Private Tour El Gouna\"},{\"@type\":\"BreadcrumbList\",\"@id\":\"https:\\\/\\\/landioustravel.com\\\/nl\\\/shop\\\/cairo-privetour-gouna\\\/#breadcrumb\",\"itemListElement\":[{\"@type\":\"ListItem\",\"position\":1,\"name\":\"Home\",\"item\":\"https:\\\/\\\/landioustravel.com\\\/nl\\\/\"},{\"@type\":\"ListItem\",\"position\":2,\"name\":\"Diensten &amp; rondleidingen\",\"item\":\"https:\\\/\\\/landioustravel.com\\\/nl\\\/\"},{\"@type\":\"ListItem\",\"position\":3,\"name\":\"Ca\u00efro priv\u00e9tour El Gouna\"}]},{\"@type\":\"WebSite\",\"@id\":\"https:\\\/\\\/landioustravel.com\\\/nl\\\/#website\",\"url\":\"https:\\\/\\\/landioustravel.com\\\/nl\\\/\",\"name\":\"Landious Travel\",\"description\":\"Excursions, trips and cruises in Egypt\",\"publisher\":{\"@id\":\"https:\\\/\\\/landioustravel.com\\\/nl\\\/#organization\"},\"potentialAction\":[{\"@type\":\"SearchAction\",\"target\":{\"@type\":\"EntryPoint\",\"urlTemplate\":\"https:\\\/\\\/landioustravel.com\\\/nl\\\/?s={search_term_string}\"},\"query-input\":{\"@type\":\"PropertyValueSpecification\",\"valueRequired\":true,\"valueName\":\"search_term_string\"}}],\"inLanguage\":\"nl-NL\"},{\"@type\":[\"Organization\",\"Place\"],\"@id\":\"https:\\\/\\\/landioustravel.com\\\/nl\\\/#organization\",\"name\":\"Landious Travel\",\"alternateName\":\"Landious Travel\",\"url\":\"https:\\\/\\\/landioustravel.com\\\/nl\\\/\",\"logo\":{\"@id\":\"https:\\\/\\\/landioustravel.com\\\/nl\\\/shop\\\/cairo-privetour-gouna\\\/#local-main-organization-logo\"},\"image\":{\"@id\":\"https:\\\/\\\/landioustravel.com\\\/nl\\\/shop\\\/cairo-privetour-gouna\\\/#local-main-organization-logo\"},\"sameAs\":[\"https:\\\/\\\/web.facebook.com\\\/landiousEgypt\",\"https:\\\/\\\/x.com\\\/LandiousTours\",\"https:\\\/\\\/mastodon.social\\\/@landious\"],\"legalName\":\"Landious Travel\",\"telephone\":[],\"openingHoursSpecification\":[{\"@type\":\"OpeningHoursSpecification\",\"dayOfWeek\":[\"Monday\",\"Tuesday\",\"Wednesday\",\"Thursday\",\"Friday\",\"Saturday\",\"Sunday\"],\"opens\":\"09:00\",\"closes\":\"17:00\"}]},{\"@type\":\"ImageObject\",\"inLanguage\":\"nl-NL\",\"@id\":\"https:\\\/\\\/landioustravel.com\\\/nl\\\/shop\\\/cairo-privetour-gouna\\\/#local-main-organization-logo\",\"url\":\"https:\\\/\\\/i0.wp.com\\\/landioustravel.com\\\/wp-content\\\/uploads\\\/2021\\\/06\\\/Landious-T.png?fit=500%2C500&ssl=1\",\"contentUrl\":\"https:\\\/\\\/i0.wp.com\\\/landioustravel.com\\\/wp-content\\\/uploads\\\/2021\\\/06\\\/Landious-T.png?fit=500%2C500&ssl=1\",\"width\":500,\"height\":500,\"caption\":\"Landious Travel\"}]}<\/script>\n<!-- \/ Yoast SEO Premium plugin. -->","yoast_head_json":{"title":"Ca\u00efro priv\u00e9tour El Gouna","description":"Ca\u00efro priv\u00e9tour El Gouna is een eendaagse individuele reis om de attracties van Gizeh en Ca\u00efro te zien vanuit El Gouna, Rode Zee, Egypte! Het is een van de","robots":{"index":"index","follow":"follow","max-snippet":"max-snippet:-1","max-image-preview":"max-image-preview:large","max-video-preview":"max-video-preview:-1"},"canonical":"https:\/\/landioustravel.com\/nl\/shop\/cairo-privetour-gouna\/","og_locale":"nl_NL","og_type":"article","og_title":"Ca\u00efro priv\u00e9tour El Gouna","og_description":"Landious Travel","og_url":"https:\/\/landioustravel.com\/nl\/shop\/cairo-privetour-gouna\/","og_site_name":"Landious Travel","article_publisher":"https:\/\/web.facebook.com\/landiousEgypt","article_modified_time":"2023-06-13T23:41:37+00:00","og_image":[{"width":1201,"height":675,"url":"https:\/\/i0.wp.com\/landioustravel.com\/wp-content\/uploads\/2023\/01\/Cairo-Private-Tour-El-Gouna-e1673214053744.jpg?fit=1201%2C675&ssl=1","type":"image\/jpeg"}],"twitter_card":"summary_large_image","twitter_site":"@LandiousTours","twitter_misc":{"Geschatte leestijd":"4 minuten"},"schema":{"@context":"https:\/\/schema.org","@graph":[{"@type":"WebPage","@id":"https:\/\/landioustravel.com\/nl\/shop\/cairo-privetour-gouna\/","url":"https:\/\/landioustravel.com\/nl\/shop\/cairo-privetour-gouna\/","name":"Ca\u00efro priv\u00e9tour El Gouna","isPartOf":{"@id":"https:\/\/landioustravel.com\/nl\/#website"},"primaryImageOfPage":{"@id":"https:\/\/landioustravel.com\/nl\/shop\/cairo-privetour-gouna\/#primaryimage"},"image":{"@id":"https:\/\/landioustravel.com\/nl\/shop\/cairo-privetour-gouna\/#primaryimage"},"thumbnailUrl":"https:\/\/i0.wp.com\/landioustravel.com\/wp-content\/uploads\/2023\/01\/Cairo-Private-Tour-El-Gouna-e1673214053744.jpg?fit=1201%2C675&ssl=1","datePublished":"2023-02-16T16:03:47+00:00","dateModified":"2023-06-13T23:41:37+00:00","description":"Ca\u00efro priv\u00e9tour El Gouna is een eendaagse individuele reis om de attracties van Gizeh en Ca\u00efro te zien vanuit El Gouna, Rode Zee, Egypte! Het is een van de","breadcrumb":{"@id":"https:\/\/landioustravel.com\/nl\/shop\/cairo-privetour-gouna\/#breadcrumb"},"inLanguage":"nl-NL","potentialAction":[{"@type":"ReadAction","target":["https:\/\/landioustravel.com\/nl\/shop\/cairo-privetour-gouna\/"]}]},{"@type":"ImageObject","inLanguage":"nl-NL","@id":"https:\/\/landioustravel.com\/nl\/shop\/cairo-privetour-gouna\/#primaryimage","url":"https:\/\/i0.wp.com\/landioustravel.com\/wp-content\/uploads\/2023\/01\/Cairo-Private-Tour-El-Gouna-e1673214053744.jpg?fit=1201%2C675&ssl=1","contentUrl":"https:\/\/i0.wp.com\/landioustravel.com\/wp-content\/uploads\/2023\/01\/Cairo-Private-Tour-El-Gouna-e1673214053744.jpg?fit=1201%2C675&ssl=1","width":1201,"height":675,"caption":"Cairo Private Tour El Gouna"},{"@type":"BreadcrumbList","@id":"https:\/\/landioustravel.com\/nl\/shop\/cairo-privetour-gouna\/#breadcrumb","itemListElement":[{"@type":"ListItem","position":1,"name":"Home","item":"https:\/\/landioustravel.com\/nl\/"},{"@type":"ListItem","position":2,"name":"Diensten &amp; rondleidingen","item":"https:\/\/landioustravel.com\/nl\/"},{"@type":"ListItem","position":3,"name":"Ca\u00efro priv\u00e9tour El Gouna"}]},{"@type":"WebSite","@id":"https:\/\/landioustravel.com\/nl\/#website","url":"https:\/\/landioustravel.com\/nl\/","name":"Landious Travel","description":"Excursions, trips and cruises in Egypt","publisher":{"@id":"https:\/\/landioustravel.com\/nl\/#organization"},"potentialAction":[{"@type":"SearchAction","target":{"@type":"EntryPoint","urlTemplate":"https:\/\/landioustravel.com\/nl\/?s={search_term_string}"},"query-input":{"@type":"PropertyValueSpecification","valueRequired":true,"valueName":"search_term_string"}}],"inLanguage":"nl-NL"},{"@type":["Organization","Place"],"@id":"https:\/\/landioustravel.com\/nl\/#organization","name":"Landious Travel","alternateName":"Landious Travel","url":"https:\/\/landioustravel.com\/nl\/","logo":{"@id":"https:\/\/landioustravel.com\/nl\/shop\/cairo-privetour-gouna\/#local-main-organization-logo"},"image":{"@id":"https:\/\/landioustravel.com\/nl\/shop\/cairo-privetour-gouna\/#local-main-organization-logo"},"sameAs":["https:\/\/web.facebook.com\/landiousEgypt","https:\/\/x.com\/LandiousTours","https:\/\/mastodon.social\/@landious"],"legalName":"Landious Travel","telephone":[],"openingHoursSpecification":[{"@type":"OpeningHoursSpecification","dayOfWeek":["Monday","Tuesday","Wednesday","Thursday","Friday","Saturday","Sunday"],"opens":"09:00","closes":"17:00"}]},{"@type":"ImageObject","inLanguage":"nl-NL","@id":"https:\/\/landioustravel.com\/nl\/shop\/cairo-privetour-gouna\/#local-main-organization-logo","url":"https:\/\/i0.wp.com\/landioustravel.com\/wp-content\/uploads\/2021\/06\/Landious-T.png?fit=500%2C500&ssl=1","contentUrl":"https:\/\/i0.wp.com\/landioustravel.com\/wp-content\/uploads\/2021\/06\/Landious-T.png?fit=500%2C500&ssl=1","width":500,"height":500,"caption":"Landious Travel"}]}},"jetpack_publicize_connections":[],"uagb_featured_image_src":{"full":["https:\/\/i0.wp.com\/landioustravel.com\/wp-content\/uploads\/2023\/01\/Cairo-Private-Tour-El-Gouna-e1673214053744.jpg?fit=1201%2C675&ssl=1",1201,675,false],"thumbnail":["https:\/\/i0.wp.com\/landioustravel.com\/wp-content\/uploads\/2023\/01\/Cairo-Private-Tour-El-Gouna-e1673214053744.jpg?resize=150%2C150&ssl=1",150,150,true],"medium":["https:\/\/i0.wp.com\/landioustravel.com\/wp-content\/uploads\/2023\/01\/Cairo-Private-Tour-El-Gouna-e1673214053744.jpg?fit=300%2C169&ssl=1",300,169,true],"medium_large":["https:\/\/i0.wp.com\/landioustravel.com\/wp-content\/uploads\/2023\/01\/Cairo-Private-Tour-El-Gouna-e1673214053744.jpg?fit=768%2C432&ssl=1",768,432,true],"large":["https:\/\/i0.wp.com\/landioustravel.com\/wp-content\/uploads\/2023\/01\/Cairo-Private-Tour-El-Gouna-e1673214053744.jpg?fit=980%2C551&ssl=1",980,551,true],"1536x1536":["https:\/\/i0.wp.com\/landioustravel.com\/wp-content\/uploads\/2023\/01\/Cairo-Private-Tour-El-Gouna-e1673214053744.jpg?fit=1201%2C675&ssl=1",1201,675,true],"2048x2048":["https:\/\/i0.wp.com\/landioustravel.com\/wp-content\/uploads\/2023\/01\/Cairo-Private-Tour-El-Gouna-e1673214053744.jpg?fit=1201%2C675&ssl=1",1201,675,true],"newspack-article-block-landscape-large":["https:\/\/i0.wp.com\/landioustravel.com\/wp-content\/uploads\/2023\/01\/Cairo-Private-Tour-El-Gouna-e1673214053744.jpg?resize=1200%2C674&ssl=1",1200,674,true],"newspack-article-block-portrait-large":["https:\/\/i0.wp.com\/landioustravel.com\/wp-content\/uploads\/2023\/01\/Cairo-Private-Tour-El-Gouna-e1673214053744.jpg?resize=900%2C675&ssl=1",900,675,true],"newspack-article-block-square-large":["https:\/\/i0.wp.com\/landioustravel.com\/wp-content\/uploads\/2023\/01\/Cairo-Private-Tour-El-Gouna-e1673214053744.jpg?resize=1200%2C674&ssl=1",1200,674,true],"newspack-article-block-landscape-medium":["https:\/\/i0.wp.com\/landioustravel.com\/wp-content\/uploads\/2023\/01\/Cairo-Private-Tour-El-Gouna-e1673214053744.jpg?resize=800%2C600&ssl=1",800,600,true],"newspack-article-block-portrait-medium":["https:\/\/i0.wp.com\/landioustravel.com\/wp-content\/uploads\/2023\/01\/Cairo-Private-Tour-El-Gouna-e1673214053744.jpg?resize=600%2C675&ssl=1",600,675,true],"newspack-article-block-square-medium":["https:\/\/i0.wp.com\/landioustravel.com\/wp-content\/uploads\/2023\/01\/Cairo-Private-Tour-El-Gouna-e1673214053744.jpg?resize=800%2C675&ssl=1",800,675,true],"newspack-article-block-landscape-intermediate":["https:\/\/i0.wp.com\/landioustravel.com\/wp-content\/uploads\/2023\/01\/Cairo-Private-Tour-El-Gouna-e1673214053744.jpg?resize=600%2C450&ssl=1",600,450,true],"newspack-article-block-portrait-intermediate":["https:\/\/i0.wp.com\/landioustravel.com\/wp-content\/uploads\/2023\/01\/Cairo-Private-Tour-El-Gouna-e1673214053744.jpg?resize=450%2C600&ssl=1",450,600,true],"newspack-article-block-square-intermediate":["https:\/\/i0.wp.com\/landioustravel.com\/wp-content\/uploads\/2023\/01\/Cairo-Private-Tour-El-Gouna-e1673214053744.jpg?resize=600%2C600&ssl=1",600,600,true],"newspack-article-block-landscape-small":["https:\/\/i0.wp.com\/landioustravel.com\/wp-content\/uploads\/2023\/01\/Cairo-Private-Tour-El-Gouna-e1673214053744.jpg?resize=400%2C300&ssl=1",400,300,true],"newspack-article-block-portrait-small":["https:\/\/i0.wp.com\/landioustravel.com\/wp-content\/uploads\/2023\/01\/Cairo-Private-Tour-El-Gouna-e1673214053744.jpg?resize=300%2C400&ssl=1",300,400,true],"newspack-article-block-square-small":["https:\/\/i0.wp.com\/landioustravel.com\/wp-content\/uploads\/2023\/01\/Cairo-Private-Tour-El-Gouna-e1673214053744.jpg?resize=400%2C400&ssl=1",400,400,true],"newspack-article-block-landscape-tiny":["https:\/\/i0.wp.com\/landioustravel.com\/wp-content\/uploads\/2023\/01\/Cairo-Private-Tour-El-Gouna-e1673214053744.jpg?resize=200%2C150&ssl=1",200,150,true],"newspack-article-block-portrait-tiny":["https:\/\/i0.wp.com\/landioustravel.com\/wp-content\/uploads\/2023\/01\/Cairo-Private-Tour-El-Gouna-e1673214053744.jpg?resize=150%2C200&ssl=1",150,200,true],"newspack-article-block-square-tiny":["https:\/\/i0.wp.com\/landioustravel.com\/wp-content\/uploads\/2023\/01\/Cairo-Private-Tour-El-Gouna-e1673214053744.jpg?resize=200%2C200&ssl=1",200,200,true],"newspack-article-block-uncropped":["https:\/\/i0.wp.com\/landioustravel.com\/wp-content\/uploads\/2023\/01\/Cairo-Private-Tour-El-Gouna-e1673214053744.jpg?fit=1200%2C674&ssl=1",1200,674,true],"woocommerce_thumbnail":["https:\/\/i0.wp.com\/landioustravel.com\/wp-content\/uploads\/2023\/01\/Cairo-Private-Tour-El-Gouna-e1673214053744.jpg?resize=324%2C324&ssl=1",324,324,true],"woocommerce_single":["https:\/\/i0.wp.com\/landioustravel.com\/wp-content\/uploads\/2023\/01\/Cairo-Private-Tour-El-Gouna-e1673214053744.jpg?fit=416%2C234&ssl=1",416,234,true],"woocommerce_gallery_thumbnail":["https:\/\/i0.wp.com\/landioustravel.com\/wp-content\/uploads\/2023\/01\/Cairo-Private-Tour-El-Gouna-e1673214053744.jpg?resize=100%2C100&ssl=1",100,100,true]},"uagb_author_info":{"display_name":"Mofreh Landious","author_link":"https:\/\/landioustravel.com\/nl\/author\/"},"uagb_comment_info":0,"uagb_excerpt":"Ervaar de wonderen van Ca\u00efro en zijn rijke geschiedenis tijdens een dagtrip vanuit El Gouna. Bekijk de majestueuze piramides van Gizeh en de iconische Grote Sfinx voordat je geniet van een heerlijke lunch. Dompel jezelf daarna onder in de fascinerende tentoonstellingen in het Egyptisch Museum. Als bonus kun je ook genieten van een ontspannende boottocht&hellip;","jetpack_sharing_enabled":true,"jetpack_likes_enabled":true,"amp_enabled":true,"_links":{"self":[{"href":"https:\/\/landioustravel.com\/nl\/wp-json\/wp\/v2\/product\/136105","targetHints":{"allow":["GET"]}}],"collection":[{"href":"https:\/\/landioustravel.com\/nl\/wp-json\/wp\/v2\/product"}],"about":[{"href":"https:\/\/landioustravel.com\/nl\/wp-json\/wp\/v2\/types\/product"}],"replies":[{"embeddable":true,"href":"https:\/\/landioustravel.com\/nl\/wp-json\/wp\/v2\/comments?post=136105"}],"wp:featuredmedia":[{"embeddable":true,"href":"https:\/\/landioustravel.com\/nl\/wp-json\/wp\/v2\/media\/136106"}],"wp:attachment":[{"href":"https:\/\/landioustravel.com\/nl\/wp-json\/wp\/v2\/media?parent=136105"}],"wp:term":[{"taxonomy":"product_brand","embeddable":true,"href":"https:\/\/landioustravel.com\/nl\/wp-json\/wp\/v2\/product_brand?post=136105"},{"taxonomy":"product_cat","embeddable":true,"href":"https:\/\/landioustravel.com\/nl\/wp-json\/wp\/v2\/product_cat?post=136105"},{"taxonomy":"product_tag","embeddable":true,"href":"https:\/\/landioustravel.com\/nl\/wp-json\/wp\/v2\/product_tag?post=136105"}],"curies":[{"name":"wp","href":"https:\/\/api.w.org\/{rel}","templated":true}]}}