{"id":139969,"date":"2023-03-29T05:42:51","date_gmt":"2023-04-22T03:14:47","guid":{"rendered":"https:\/\/landioustravel.com\/?post_type=product&#038;p=139969"},"modified":"2025-10-26T14:29:44","modified_gmt":"2025-10-26T11:29:44","slug":"hurghada-luchthaven-transfer-hasheesh","status":"publish","type":"product","link":"https:\/\/landioustravel.com\/nl\/shop\/hurghada-luchthaven-transfer-hasheesh\/","title":{"rendered":"Hurghada Luchthaven transfer naar Sahl Hasheesh"},"content":{"rendered":"<p>Onze Luchthaven Hurghada transfer naar Sahl Hasheesh is een betaalbare, gemakkelijke manier om snel en comfortabel uw plaats van bestemming te bereiken. Wanneer u bij ons boekt, bent u verzekerd van een goed begin van uw vakantie! Boek deze priv\u00e9 Hurghada Airport-taxi&#8217;s, waar u bij aankomst wordt opgewacht door onze vriendelijke, professionele chauffeur en rechtstreeks naar de deur van uw hotel in Sahl Hasheesh wordt gebracht.<\/p>\n<p>Hurghada Airport transfers naar Sahl Hasheesh zijn 24\/7 beschikbaar. Diensten omvatten priv\u00e9huur per uur en transfers van en naar verschillende evenementen in Hurghada. Professionele en betrouwbare chauffeurs en uitstekende klantenservice voor, tijdens en na uw transfer. Uw veiligheid is onze prioriteit en uw comfort is onze tevredenheid.<\/p>\n<p>Boek uw luchthaven vooraf voor gemak en comfort. Priv\u00e9vervoer van de internationale luchthaven van Hurghada naar uw hotel laat de zorgen over het veiligstellen van vervoer verdwijnen wanneer u aankomt op uw bestemming. De transferdiensten zijn 24 uur per dag, zeven dagen per week beschikbaar.<\/p>\n<h2>Reisplan van de transfer van de luchthaven van Hurghada naar Sahl Hasheesh<\/h2>\n<ul>\n<li>Zodra u boekt, beginnen we met ons werk om uw aankomst en aflevering soepel te laten verlopen.<\/li>\n<li>Uw chauffeur haalt u op van de luchthaven van Hurghada naar uw hotel en helpt u uw bagage met een vriendelijke glimlach neer te zetten, uw comfortabele stoel naar ontspannende muziek te laten luisteren en u binnen een bepaalde tijd vrij veilig naar uw hotel te brengen, afhankelijk van de afstand.<\/li>\n<\/ul>\n<h2>Wat houdt het ophalen van de luchthaven van Hurghada naar Sahl Hasheesh in?<\/h2>\n<ul>\n<li>Meet &amp; assist bij aankomst op Hurghada Airport of vice versa.<\/li>\n<li>Transfer door een priv\u00e9voertuig met airconditioning, betrouwbare en professionele deskundige chauffeur<\/li>\n<li>Engelssprekende vertegenwoordiger\/chauffeur op de luchthaven met een bord waarop Landious Travel staat.<\/li>\n<li>Trolley voor uw bagage op de luchthaven<\/li>\n<li>Geniet van een vlotte, vriendelijke en probleemloze transferservice.<\/li>\n<li>Priv\u00e9transfer in \u00e9\u00e9n richting<\/li>\n<li>Alle belastingen, brandstoftoeslagen en servicekosten inbegrepen<\/li>\n<\/ul>\n<h3>Wat is niet inbegrepen bij de transfer van de luchthaven van Hurghada naar Sahl Hasheesh?<\/h3>\n<ul>\n<li>Fooien (aanbevolen)<\/li>\n<li>Country Entry visum (28 USD, inclusief administratiekosten)<\/li>\n<\/ul>\n","protected":false},"excerpt":{"rendered":"<p>Bent u op zoek naar een priv\u00e9transfer of een taxi van Hurghada Airport naar Sahl Hasheesh? Wij weten hoe belangrijk het voor u is om de transfers professioneel te regelen. Het is een eerste indruk. We werken eraan om uw reis naar de stad Hurghada gemakkelijk en soepel te laten verlopen. Wij bieden priv\u00e9vervoer vanaf Hurghada Hotels tegen concurrerende en betaalbare tarieven. Boek binnen enkele minuten online en bespaar tot 40% in vergelijking met een taxi met meter.<\/p>\n","protected":false},"featured_media":139975,"comment_status":"open","ping_status":"closed","template":"","meta":{"_coblocks_attr":"","_coblocks_dimensions":"","_coblocks_responsive_height":"","_coblocks_accordion_ie_support":"","_uag_custom_page_level_css":"","jetpack_publicize_message":"","jetpack_publicize_feature_enabled":true,"jetpack_social_post_already_shared":true,"jetpack_social_options":{"image_generator_settings":{"template":"highway","default_image_id":0,"font":"","enabled":false},"version":2},"_wpas_customize_per_network":false},"product_brand":[],"product_cat":[22495],"product_tag":[13188],"class_list":{"0":"post-139969","1":"product","2":"type-product","3":"status-publish","4":"has-post-thumbnail","6":"product_cat-hurghada-transfers-nl","7":"product_tag-hurghada-nl","9":"first","10":"instock","11":"sale","12":"virtual","13":"taxable","14":"purchasable","15":"product-type-simple"},"yoast_head":"<!-- This site is optimized with the Yoast SEO Premium plugin v26.9 (Yoast SEO v27.5) - https:\/\/yoast.com\/product\/yoast-seo-premium-wordpress\/ -->\n<title>Hurghada Luchthaven transfer naar Sahl Hasheesh -<\/title>\n<meta name=\"description\" content=\"Hurghada Luchthaven transfer naar Sahl Hasheesh is een betaalbare, gemakkelijke manier om snel en comfortabel uw plaats van bestemming te bereiken. Wanneer\" \/>\n<meta name=\"robots\" content=\"index, follow, max-snippet:-1, max-image-preview:large, max-video-preview:-1\" \/>\n<link rel=\"canonical\" href=\"https:\/\/landioustravel.com\/nl\/shop\/hurghada-luchthaven-transfer-hasheesh\/\" \/>\n<meta property=\"og:locale\" content=\"nl_NL\" \/>\n<meta property=\"og:type\" content=\"article\" \/>\n<meta property=\"og:title\" content=\"Hurghada Luchthaven transfer naar Sahl Hasheesh\" \/>\n<meta property=\"og:description\" content=\"Landious Travel\" \/>\n<meta property=\"og:url\" content=\"https:\/\/landioustravel.com\/nl\/shop\/hurghada-luchthaven-transfer-hasheesh\/\" \/>\n<meta property=\"og:site_name\" content=\"Landious Travel\" \/>\n<meta property=\"article:publisher\" content=\"https:\/\/web.facebook.com\/landiousEgypt\" \/>\n<meta property=\"article:modified_time\" content=\"2025-10-26T11:29:44+00:00\" \/>\n<meta property=\"og:image\" content=\"https:\/\/i0.wp.com\/landioustravel.com\/wp-content\/uploads\/2023\/03\/Hurghada-Airport-Transfer-to-Sahl-Hasheesh.jpg?fit=1024%2C610&ssl=1\" \/>\n\t<meta property=\"og:image:width\" content=\"1024\" \/>\n\t<meta property=\"og:image:height\" content=\"610\" \/>\n\t<meta property=\"og:image:type\" content=\"image\/jpeg\" \/>\n<meta name=\"twitter:card\" content=\"summary_large_image\" \/>\n<meta name=\"twitter:site\" content=\"@LandiousTours\" \/>\n<meta name=\"twitter:label1\" content=\"Geschatte leestijd\" \/>\n\t<meta name=\"twitter:data1\" content=\"2 minuten\" \/>\n<script type=\"application\/ld+json\" class=\"yoast-schema-graph\">{\"@context\":\"https:\\\/\\\/schema.org\",\"@graph\":[{\"@type\":\"WebPage\",\"@id\":\"https:\\\/\\\/landioustravel.com\\\/nl\\\/shop\\\/hurghada-luchthaven-transfer-hasheesh\\\/\",\"url\":\"https:\\\/\\\/landioustravel.com\\\/nl\\\/shop\\\/hurghada-luchthaven-transfer-hasheesh\\\/\",\"name\":\"Hurghada Luchthaven transfer naar Sahl Hasheesh -\",\"isPartOf\":{\"@id\":\"https:\\\/\\\/landioustravel.com\\\/nl\\\/#website\"},\"primaryImageOfPage\":{\"@id\":\"https:\\\/\\\/landioustravel.com\\\/nl\\\/shop\\\/hurghada-luchthaven-transfer-hasheesh\\\/#primaryimage\"},\"image\":{\"@id\":\"https:\\\/\\\/landioustravel.com\\\/nl\\\/shop\\\/hurghada-luchthaven-transfer-hasheesh\\\/#primaryimage\"},\"thumbnailUrl\":\"https:\\\/\\\/i0.wp.com\\\/landioustravel.com\\\/wp-content\\\/uploads\\\/2023\\\/03\\\/Hurghada-Airport-Transfer-to-Sahl-Hasheesh.jpg?fit=1024%2C610&ssl=1\",\"datePublished\":\"2023-04-22T03:14:47+00:00\",\"dateModified\":\"2025-10-26T11:29:44+00:00\",\"description\":\"Hurghada Luchthaven transfer naar Sahl Hasheesh is een betaalbare, gemakkelijke manier om snel en comfortabel uw plaats van bestemming te bereiken. Wanneer\",\"breadcrumb\":{\"@id\":\"https:\\\/\\\/landioustravel.com\\\/nl\\\/shop\\\/hurghada-luchthaven-transfer-hasheesh\\\/#breadcrumb\"},\"inLanguage\":\"nl-NL\",\"potentialAction\":[{\"@type\":\"ReadAction\",\"target\":[\"https:\\\/\\\/landioustravel.com\\\/nl\\\/shop\\\/hurghada-luchthaven-transfer-hasheesh\\\/\"]}]},{\"@type\":\"ImageObject\",\"inLanguage\":\"nl-NL\",\"@id\":\"https:\\\/\\\/landioustravel.com\\\/nl\\\/shop\\\/hurghada-luchthaven-transfer-hasheesh\\\/#primaryimage\",\"url\":\"https:\\\/\\\/i0.wp.com\\\/landioustravel.com\\\/wp-content\\\/uploads\\\/2023\\\/03\\\/Hurghada-Airport-Transfer-to-Sahl-Hasheesh.jpg?fit=1024%2C610&ssl=1\",\"contentUrl\":\"https:\\\/\\\/i0.wp.com\\\/landioustravel.com\\\/wp-content\\\/uploads\\\/2023\\\/03\\\/Hurghada-Airport-Transfer-to-Sahl-Hasheesh.jpg?fit=1024%2C610&ssl=1\",\"width\":1024,\"height\":610,\"caption\":\"Hurghada Airport Transfer to Sahl Hasheesh\"},{\"@type\":\"BreadcrumbList\",\"@id\":\"https:\\\/\\\/landioustravel.com\\\/nl\\\/shop\\\/hurghada-luchthaven-transfer-hasheesh\\\/#breadcrumb\",\"itemListElement\":[{\"@type\":\"ListItem\",\"position\":1,\"name\":\"Home\",\"item\":\"https:\\\/\\\/landioustravel.com\\\/nl\\\/\"},{\"@type\":\"ListItem\",\"position\":2,\"name\":\"Diensten &amp; rondleidingen\",\"item\":\"https:\\\/\\\/landioustravel.com\\\/nl\\\/\"},{\"@type\":\"ListItem\",\"position\":3,\"name\":\"Hurghada Luchthaven transfer naar Sahl Hasheesh\"}]},{\"@type\":\"WebSite\",\"@id\":\"https:\\\/\\\/landioustravel.com\\\/nl\\\/#website\",\"url\":\"https:\\\/\\\/landioustravel.com\\\/nl\\\/\",\"name\":\"Landious Travel\",\"description\":\"Excursions, trips and cruises in Egypt\",\"publisher\":{\"@id\":\"https:\\\/\\\/landioustravel.com\\\/nl\\\/#organization\"},\"potentialAction\":[{\"@type\":\"SearchAction\",\"target\":{\"@type\":\"EntryPoint\",\"urlTemplate\":\"https:\\\/\\\/landioustravel.com\\\/nl\\\/?s={search_term_string}\"},\"query-input\":{\"@type\":\"PropertyValueSpecification\",\"valueRequired\":true,\"valueName\":\"search_term_string\"}}],\"inLanguage\":\"nl-NL\"},{\"@type\":[\"Organization\",\"Place\"],\"@id\":\"https:\\\/\\\/landioustravel.com\\\/nl\\\/#organization\",\"name\":\"Landious Travel\",\"alternateName\":\"Landious Travel\",\"url\":\"https:\\\/\\\/landioustravel.com\\\/nl\\\/\",\"logo\":{\"@id\":\"https:\\\/\\\/landioustravel.com\\\/nl\\\/shop\\\/hurghada-luchthaven-transfer-hasheesh\\\/#local-main-organization-logo\"},\"image\":{\"@id\":\"https:\\\/\\\/landioustravel.com\\\/nl\\\/shop\\\/hurghada-luchthaven-transfer-hasheesh\\\/#local-main-organization-logo\"},\"sameAs\":[\"https:\\\/\\\/web.facebook.com\\\/landiousEgypt\",\"https:\\\/\\\/x.com\\\/LandiousTours\",\"https:\\\/\\\/mastodon.social\\\/@landious\"],\"legalName\":\"Landious Travel\",\"telephone\":[],\"openingHoursSpecification\":[{\"@type\":\"OpeningHoursSpecification\",\"dayOfWeek\":[\"Monday\",\"Tuesday\",\"Wednesday\",\"Thursday\",\"Friday\",\"Saturday\",\"Sunday\"],\"opens\":\"09:00\",\"closes\":\"17:00\"}]},{\"@type\":\"ImageObject\",\"inLanguage\":\"nl-NL\",\"@id\":\"https:\\\/\\\/landioustravel.com\\\/nl\\\/shop\\\/hurghada-luchthaven-transfer-hasheesh\\\/#local-main-organization-logo\",\"url\":\"https:\\\/\\\/i0.wp.com\\\/landioustravel.com\\\/wp-content\\\/uploads\\\/2021\\\/06\\\/Landious-T.png?fit=500%2C500&ssl=1\",\"contentUrl\":\"https:\\\/\\\/i0.wp.com\\\/landioustravel.com\\\/wp-content\\\/uploads\\\/2021\\\/06\\\/Landious-T.png?fit=500%2C500&ssl=1\",\"width\":500,\"height\":500,\"caption\":\"Landious Travel\"}]}<\/script>\n<!-- \/ Yoast SEO Premium plugin. -->","yoast_head_json":{"title":"Hurghada Luchthaven transfer naar Sahl Hasheesh -","description":"Hurghada Luchthaven transfer naar Sahl Hasheesh is een betaalbare, gemakkelijke manier om snel en comfortabel uw plaats van bestemming te bereiken. Wanneer","robots":{"index":"index","follow":"follow","max-snippet":"max-snippet:-1","max-image-preview":"max-image-preview:large","max-video-preview":"max-video-preview:-1"},"canonical":"https:\/\/landioustravel.com\/nl\/shop\/hurghada-luchthaven-transfer-hasheesh\/","og_locale":"nl_NL","og_type":"article","og_title":"Hurghada Luchthaven transfer naar Sahl Hasheesh","og_description":"Landious Travel","og_url":"https:\/\/landioustravel.com\/nl\/shop\/hurghada-luchthaven-transfer-hasheesh\/","og_site_name":"Landious Travel","article_publisher":"https:\/\/web.facebook.com\/landiousEgypt","article_modified_time":"2025-10-26T11:29:44+00:00","og_image":[{"width":1024,"height":610,"url":"https:\/\/i0.wp.com\/landioustravel.com\/wp-content\/uploads\/2023\/03\/Hurghada-Airport-Transfer-to-Sahl-Hasheesh.jpg?fit=1024%2C610&ssl=1","type":"image\/jpeg"}],"twitter_card":"summary_large_image","twitter_site":"@LandiousTours","twitter_misc":{"Geschatte leestijd":"2 minuten"},"schema":{"@context":"https:\/\/schema.org","@graph":[{"@type":"WebPage","@id":"https:\/\/landioustravel.com\/nl\/shop\/hurghada-luchthaven-transfer-hasheesh\/","url":"https:\/\/landioustravel.com\/nl\/shop\/hurghada-luchthaven-transfer-hasheesh\/","name":"Hurghada Luchthaven transfer naar Sahl Hasheesh -","isPartOf":{"@id":"https:\/\/landioustravel.com\/nl\/#website"},"primaryImageOfPage":{"@id":"https:\/\/landioustravel.com\/nl\/shop\/hurghada-luchthaven-transfer-hasheesh\/#primaryimage"},"image":{"@id":"https:\/\/landioustravel.com\/nl\/shop\/hurghada-luchthaven-transfer-hasheesh\/#primaryimage"},"thumbnailUrl":"https:\/\/i0.wp.com\/landioustravel.com\/wp-content\/uploads\/2023\/03\/Hurghada-Airport-Transfer-to-Sahl-Hasheesh.jpg?fit=1024%2C610&ssl=1","datePublished":"2023-04-22T03:14:47+00:00","dateModified":"2025-10-26T11:29:44+00:00","description":"Hurghada Luchthaven transfer naar Sahl Hasheesh is een betaalbare, gemakkelijke manier om snel en comfortabel uw plaats van bestemming te bereiken. Wanneer","breadcrumb":{"@id":"https:\/\/landioustravel.com\/nl\/shop\/hurghada-luchthaven-transfer-hasheesh\/#breadcrumb"},"inLanguage":"nl-NL","potentialAction":[{"@type":"ReadAction","target":["https:\/\/landioustravel.com\/nl\/shop\/hurghada-luchthaven-transfer-hasheesh\/"]}]},{"@type":"ImageObject","inLanguage":"nl-NL","@id":"https:\/\/landioustravel.com\/nl\/shop\/hurghada-luchthaven-transfer-hasheesh\/#primaryimage","url":"https:\/\/i0.wp.com\/landioustravel.com\/wp-content\/uploads\/2023\/03\/Hurghada-Airport-Transfer-to-Sahl-Hasheesh.jpg?fit=1024%2C610&ssl=1","contentUrl":"https:\/\/i0.wp.com\/landioustravel.com\/wp-content\/uploads\/2023\/03\/Hurghada-Airport-Transfer-to-Sahl-Hasheesh.jpg?fit=1024%2C610&ssl=1","width":1024,"height":610,"caption":"Hurghada Airport Transfer to Sahl Hasheesh"},{"@type":"BreadcrumbList","@id":"https:\/\/landioustravel.com\/nl\/shop\/hurghada-luchthaven-transfer-hasheesh\/#breadcrumb","itemListElement":[{"@type":"ListItem","position":1,"name":"Home","item":"https:\/\/landioustravel.com\/nl\/"},{"@type":"ListItem","position":2,"name":"Diensten &amp; rondleidingen","item":"https:\/\/landioustravel.com\/nl\/"},{"@type":"ListItem","position":3,"name":"Hurghada Luchthaven transfer naar Sahl Hasheesh"}]},{"@type":"WebSite","@id":"https:\/\/landioustravel.com\/nl\/#website","url":"https:\/\/landioustravel.com\/nl\/","name":"Landious Travel","description":"Excursions, trips and cruises in Egypt","publisher":{"@id":"https:\/\/landioustravel.com\/nl\/#organization"},"potentialAction":[{"@type":"SearchAction","target":{"@type":"EntryPoint","urlTemplate":"https:\/\/landioustravel.com\/nl\/?s={search_term_string}"},"query-input":{"@type":"PropertyValueSpecification","valueRequired":true,"valueName":"search_term_string"}}],"inLanguage":"nl-NL"},{"@type":["Organization","Place"],"@id":"https:\/\/landioustravel.com\/nl\/#organization","name":"Landious Travel","alternateName":"Landious Travel","url":"https:\/\/landioustravel.com\/nl\/","logo":{"@id":"https:\/\/landioustravel.com\/nl\/shop\/hurghada-luchthaven-transfer-hasheesh\/#local-main-organization-logo"},"image":{"@id":"https:\/\/landioustravel.com\/nl\/shop\/hurghada-luchthaven-transfer-hasheesh\/#local-main-organization-logo"},"sameAs":["https:\/\/web.facebook.com\/landiousEgypt","https:\/\/x.com\/LandiousTours","https:\/\/mastodon.social\/@landious"],"legalName":"Landious Travel","telephone":[],"openingHoursSpecification":[{"@type":"OpeningHoursSpecification","dayOfWeek":["Monday","Tuesday","Wednesday","Thursday","Friday","Saturday","Sunday"],"opens":"09:00","closes":"17:00"}]},{"@type":"ImageObject","inLanguage":"nl-NL","@id":"https:\/\/landioustravel.com\/nl\/shop\/hurghada-luchthaven-transfer-hasheesh\/#local-main-organization-logo","url":"https:\/\/i0.wp.com\/landioustravel.com\/wp-content\/uploads\/2021\/06\/Landious-T.png?fit=500%2C500&ssl=1","contentUrl":"https:\/\/i0.wp.com\/landioustravel.com\/wp-content\/uploads\/2021\/06\/Landious-T.png?fit=500%2C500&ssl=1","width":500,"height":500,"caption":"Landious Travel"}]}},"jetpack_publicize_connections":[],"uagb_featured_image_src":{"full":["https:\/\/i0.wp.com\/landioustravel.com\/wp-content\/uploads\/2023\/03\/Hurghada-Airport-Transfer-to-Sahl-Hasheesh.jpg?fit=1024%2C610&ssl=1",1024,610,false],"thumbnail":["https:\/\/i0.wp.com\/landioustravel.com\/wp-content\/uploads\/2023\/03\/Hurghada-Airport-Transfer-to-Sahl-Hasheesh.jpg?resize=150%2C150&ssl=1",150,150,true],"medium":["https:\/\/i0.wp.com\/landioustravel.com\/wp-content\/uploads\/2023\/03\/Hurghada-Airport-Transfer-to-Sahl-Hasheesh.jpg?fit=300%2C179&ssl=1",300,179,true],"medium_large":["https:\/\/i0.wp.com\/landioustravel.com\/wp-content\/uploads\/2023\/03\/Hurghada-Airport-Transfer-to-Sahl-Hasheesh.jpg?fit=768%2C458&ssl=1",768,458,true],"large":["https:\/\/i0.wp.com\/landioustravel.com\/wp-content\/uploads\/2023\/03\/Hurghada-Airport-Transfer-to-Sahl-Hasheesh.jpg?fit=980%2C584&ssl=1",980,584,true],"1536x1536":["https:\/\/i0.wp.com\/landioustravel.com\/wp-content\/uploads\/2023\/03\/Hurghada-Airport-Transfer-to-Sahl-Hasheesh.jpg?fit=1024%2C610&ssl=1",1024,610,true],"2048x2048":["https:\/\/i0.wp.com\/landioustravel.com\/wp-content\/uploads\/2023\/03\/Hurghada-Airport-Transfer-to-Sahl-Hasheesh.jpg?fit=1024%2C610&ssl=1",1024,610,true],"newspack-article-block-landscape-large":["https:\/\/i0.wp.com\/landioustravel.com\/wp-content\/uploads\/2023\/03\/Hurghada-Airport-Transfer-to-Sahl-Hasheesh.jpg?resize=1024%2C610&ssl=1",1024,610,true],"newspack-article-block-portrait-large":["https:\/\/i0.wp.com\/landioustravel.com\/wp-content\/uploads\/2023\/03\/Hurghada-Airport-Transfer-to-Sahl-Hasheesh.jpg?resize=900%2C610&ssl=1",900,610,true],"newspack-article-block-square-large":["https:\/\/i0.wp.com\/landioustravel.com\/wp-content\/uploads\/2023\/03\/Hurghada-Airport-Transfer-to-Sahl-Hasheesh.jpg?resize=1024%2C610&ssl=1",1024,610,true],"newspack-article-block-landscape-medium":["https:\/\/i0.wp.com\/landioustravel.com\/wp-content\/uploads\/2023\/03\/Hurghada-Airport-Transfer-to-Sahl-Hasheesh.jpg?resize=800%2C600&ssl=1",800,600,true],"newspack-article-block-portrait-medium":["https:\/\/i0.wp.com\/landioustravel.com\/wp-content\/uploads\/2023\/03\/Hurghada-Airport-Transfer-to-Sahl-Hasheesh.jpg?resize=600%2C610&ssl=1",600,610,true],"newspack-article-block-square-medium":["https:\/\/i0.wp.com\/landioustravel.com\/wp-content\/uploads\/2023\/03\/Hurghada-Airport-Transfer-to-Sahl-Hasheesh.jpg?resize=800%2C610&ssl=1",800,610,true],"newspack-article-block-landscape-intermediate":["https:\/\/i0.wp.com\/landioustravel.com\/wp-content\/uploads\/2023\/03\/Hurghada-Airport-Transfer-to-Sahl-Hasheesh.jpg?resize=600%2C450&ssl=1",600,450,true],"newspack-article-block-portrait-intermediate":["https:\/\/i0.wp.com\/landioustravel.com\/wp-content\/uploads\/2023\/03\/Hurghada-Airport-Transfer-to-Sahl-Hasheesh.jpg?resize=450%2C600&ssl=1",450,600,true],"newspack-article-block-square-intermediate":["https:\/\/i0.wp.com\/landioustravel.com\/wp-content\/uploads\/2023\/03\/Hurghada-Airport-Transfer-to-Sahl-Hasheesh.jpg?resize=600%2C600&ssl=1",600,600,true],"newspack-article-block-landscape-small":["https:\/\/i0.wp.com\/landioustravel.com\/wp-content\/uploads\/2023\/03\/Hurghada-Airport-Transfer-to-Sahl-Hasheesh.jpg?resize=400%2C300&ssl=1",400,300,true],"newspack-article-block-portrait-small":["https:\/\/i0.wp.com\/landioustravel.com\/wp-content\/uploads\/2023\/03\/Hurghada-Airport-Transfer-to-Sahl-Hasheesh.jpg?resize=300%2C400&ssl=1",300,400,true],"newspack-article-block-square-small":["https:\/\/i0.wp.com\/landioustravel.com\/wp-content\/uploads\/2023\/03\/Hurghada-Airport-Transfer-to-Sahl-Hasheesh.jpg?resize=400%2C400&ssl=1",400,400,true],"newspack-article-block-landscape-tiny":["https:\/\/i0.wp.com\/landioustravel.com\/wp-content\/uploads\/2023\/03\/Hurghada-Airport-Transfer-to-Sahl-Hasheesh.jpg?resize=200%2C150&ssl=1",200,150,true],"newspack-article-block-portrait-tiny":["https:\/\/i0.wp.com\/landioustravel.com\/wp-content\/uploads\/2023\/03\/Hurghada-Airport-Transfer-to-Sahl-Hasheesh.jpg?resize=150%2C200&ssl=1",150,200,true],"newspack-article-block-square-tiny":["https:\/\/i0.wp.com\/landioustravel.com\/wp-content\/uploads\/2023\/03\/Hurghada-Airport-Transfer-to-Sahl-Hasheesh.jpg?resize=200%2C200&ssl=1",200,200,true],"newspack-article-block-uncropped":["https:\/\/i0.wp.com\/landioustravel.com\/wp-content\/uploads\/2023\/03\/Hurghada-Airport-Transfer-to-Sahl-Hasheesh.jpg?fit=1024%2C610&ssl=1",1024,610,true],"woocommerce_thumbnail":["https:\/\/i0.wp.com\/landioustravel.com\/wp-content\/uploads\/2023\/03\/Hurghada-Airport-Transfer-to-Sahl-Hasheesh.jpg?resize=324%2C324&ssl=1",324,324,true],"woocommerce_single":["https:\/\/i0.wp.com\/landioustravel.com\/wp-content\/uploads\/2023\/03\/Hurghada-Airport-Transfer-to-Sahl-Hasheesh.jpg?fit=416%2C248&ssl=1",416,248,true],"woocommerce_gallery_thumbnail":["https:\/\/i0.wp.com\/landioustravel.com\/wp-content\/uploads\/2023\/03\/Hurghada-Airport-Transfer-to-Sahl-Hasheesh.jpg?resize=100%2C100&ssl=1",100,100,true]},"uagb_author_info":{"display_name":"Mofreh Landious","author_link":"https:\/\/landioustravel.com\/nl\/author\/"},"uagb_comment_info":0,"uagb_excerpt":"Bent u op zoek naar een priv\u00e9transfer of een taxi van Hurghada Airport naar Sahl Hasheesh? Wij weten hoe belangrijk het voor u is om de transfers professioneel te regelen. Het is een eerste indruk. We werken eraan om uw reis naar de stad Hurghada gemakkelijk en soepel te laten verlopen. Wij bieden priv\u00e9vervoer vanaf&hellip;","jetpack_sharing_enabled":true,"jetpack_likes_enabled":true,"amp_enabled":true,"_links":{"self":[{"href":"https:\/\/landioustravel.com\/nl\/wp-json\/wp\/v2\/product\/139969","targetHints":{"allow":["GET"]}}],"collection":[{"href":"https:\/\/landioustravel.com\/nl\/wp-json\/wp\/v2\/product"}],"about":[{"href":"https:\/\/landioustravel.com\/nl\/wp-json\/wp\/v2\/types\/product"}],"replies":[{"embeddable":true,"href":"https:\/\/landioustravel.com\/nl\/wp-json\/wp\/v2\/comments?post=139969"}],"wp:featuredmedia":[{"embeddable":true,"href":"https:\/\/landioustravel.com\/nl\/wp-json\/wp\/v2\/media\/139975"}],"wp:attachment":[{"href":"https:\/\/landioustravel.com\/nl\/wp-json\/wp\/v2\/media?parent=139969"}],"wp:term":[{"taxonomy":"product_brand","embeddable":true,"href":"https:\/\/landioustravel.com\/nl\/wp-json\/wp\/v2\/product_brand?post=139969"},{"taxonomy":"product_cat","embeddable":true,"href":"https:\/\/landioustravel.com\/nl\/wp-json\/wp\/v2\/product_cat?post=139969"},{"taxonomy":"product_tag","embeddable":true,"href":"https:\/\/landioustravel.com\/nl\/wp-json\/wp\/v2\/product_tag?post=139969"}],"curies":[{"name":"wp","href":"https:\/\/api.w.org\/{rel}","templated":true}]}}