{"id":140127,"date":"2023-01-04T03:42:13","date_gmt":"2023-04-18T20:58:31","guid":{"rendered":"https:\/\/landioustravel.com\/?post_type=product&#038;p=140127"},"modified":"2023-06-15T14:24:56","modified_gmt":"2023-06-15T12:24:56","slug":"bahariya-oase-tour-gouna","status":"publish","type":"product","link":"https:\/\/landioustravel.com\/nl\/shop\/bahariya-oase-tour-gouna\/","title":{"rendered":"Bahariya Oase Tour El Gouna"},"content":{"rendered":"<p>Bahariya Oase Tour El Gouna is een prachtige tweedaagse tour naar Bahariya Oasis vanuit El Gouna, Egypte! We bevelen deze dagtocht graag aan, want toeristen kunnen hierdoor de meest fantastische bezienswaardigheden en monumenten in deze oase zien. Het zal het inderdaad mogelijk maken om te genieten van de woestijnnatuur met zijn ondoordringbare uitzichten; en de oude Egyptische monumenten. Deze reis omvat veel activiteiten zoals woestijnsafari, reizen, bezienswaardigheden bekijken en kamperen. Het wordt een onvergetelijke ervaring en een spannend avontuur in Egypte!<\/p>\n<h2>Hoogtepunten van de Bahariya Oase Tour El Gouna<\/h2>\n<ul>\n<li>Bezoek de Bahariya-oase.<\/li>\n<li>Bezoek de Zwarte Woestijn en de natuurlijke warmwaterbron van El Haize.<\/li>\n<li>Lunch.<\/li>\n<li>Kristallen Berg.<\/li>\n<li>Vallei van Agabat.<\/li>\n<li>Nationaal Park Witte Woestijn.<\/li>\n<li>Kamperen in de witte woestijn.<\/li>\n<li>Ook Golden mummy-showroom en Nobles Tombs.<\/li>\n<\/ul>\n<h2>Programma van priv\u00e9-excursie naar de Baharyia-oase<\/h2>\n<ul>\n<li>Landious Travel-vertegenwoordiger haalt u rond 02:00 uur op bij het hotel (in El Gouna).<\/li>\n<li>Zodra we elke hoek hebben uitgekozen, vertrekt een priv\u00e9voertuig (limousine of minibus) rechtstreeks naar de Bahariya-oase. De weg van het centrum van El Gouna naar Baharyia duurt ongeveer 7 uur.<\/li>\n<\/ul>\n<h3>Programma van de eerste dag in de Baharyia-oase<\/h3>\n<ul>\n<li>Zodra je aankomt bij Bahariya Oasis, ga je lunchen. Daarna bezoek je de Zwarte Woestijn en de natuurlijke warmwaterbron van El Haize &#8211; we noemen het ook St.George Oasis. Daarna rijd je naar Crystal Mountain en de rotsformaties in de vallei van Agabat.<\/li>\n<li>De reis naar Bahariya Oasis gaat verder. Verder ga je naar het White Desert National Park &#8211; de bekendste woestijnbestemming van Egypte. Verbazingwekkend genoeg is het aantal prachtige door de wind uitgehouwen rotsformaties in de vorm van gigantische paddenstoelen of kiezels iets opvallends in vergelijking met welke woestijn dan ook ter wereld.<\/li>\n<li>Als het avond is kampeer je in de witte woestijn, of we overnachten in het Farafra oase hotel. Het zal zeker afhangen van beschikbaarheid.<\/li>\n<\/ul>\n<h4>Tweede-dagprogramma in Baharyia-oase<\/h4>\n<ul>\n<li>De tweede dag van de tour naar Bahariya Oasis begint met het ontbijt. Vervolgens rijd je naar de showroom van de gouden mummie. Daarna zult u genieten van een bezoek aan de Noble Tombs &#8211; een enorme begrafenis in de Bahariya-oase, die dateert uit de 26e dynastie.<\/li>\n<li>De volgende stop is op de top van Black Mountain. Inderdaad, je zult zo genieten van het beklimmen van deze berg!<\/li>\n<li>Na al deze avonturen en plezier geniet je van een lunch voordat je afscheid neemt van deze speciale plek.<\/li>\n<\/ul>\n<h5>Vertrek<\/h5>\n<ul>\n<li>Eindelijk, na het White and Black Deserts-programma, keert u terug naar de hotels.<\/li>\n<li>Deze Bahariya-oase van El Gouna-tour eindigt om ongeveer 23:00 uur op de tweede dag.<\/li>\n<\/ul>\n<h2>Wat is inbegrepen in de prijs van Bahariya Oase Tour El Gouna?<\/h2>\n<ol>\n<li>Tickets voor het bezoeken van tempels.<\/li>\n<li>Drankjes.<\/li>\n<li>Priv\u00e9 gids.<\/li>\n<li>De prijs is ook inclusief priv\u00e9voertuigen met airconditioning.<\/li>\n<li>Transfer per priv\u00e9 4\u00d74 voertuig naar de witte en zwarte woestijnen.<\/li>\n<li>Het omvat ook accommodatie voor \u00e9\u00e9n nacht in de woestijn (kamperen).<\/li>\n<li>Bovendien krijgen trippers \u00e9\u00e9n ontbijt, twee lunches en \u00e9\u00e9n dinermaaltijd.<\/li>\n<\/ol>\n<h2>Wat is niet inbegrepen in het programma van Bahariya Oasis Tour El Gouna?<\/h2>\n<ul>\n<li>Fooien<\/li>\n<li>Aanvullende programma&#8217;s indien niet opgenomen in het bovenstaande programma.<\/li>\n<\/ul>\n<h2>WAT NEEM JE MEE VOOR JE REIS?<\/h2>\n<ol>\n<li>Paspoort.<\/li>\n<li>Zonnebril.<\/li>\n<li>Draag ook kleding voor het seizoen bij je.<\/li>\n<\/ol>\n<h2>Boekingsdagen van Bahariya Oase Tour El Gouna<\/h2>\n<ul>\n<li>Dagelijks van 08:00 \u2013 16:00 tweede dag.<\/li>\n<\/ul>\n","protected":false},"excerpt":{"rendered":"<p>Begin aan een spannende tweedaagse excursie naar de betoverende Witte Woestijn en de Bahariya-oase vanuit El Gouna! Dompel jezelf onder in de betoverende schoonheid van de Egyptische woestijn, waar ongerepte natuur en rijke geschiedenis samenkomen om een onvergetelijk avontuur te cre\u00ebren. Maak je klaar om de Black and White Desert, de natuurlijke warmwaterbron van El Haize, Crystal Mountain, de vallei van Agabat, het White Desert National Park, de Golden Mummy Showroom en Nobles Tombs te verkennen. Deze spannende tour is je kans om getuige te zijn van de ontzagwekkende wonderen van de woestijn en te genieten van overheerlijk eten en drinken. Dus pak je koffers en maak je klaar om de sensatie van je leven te ervaren!<\/p>\n","protected":false},"featured_media":133930,"comment_status":"open","ping_status":"closed","template":"","meta":{"_coblocks_attr":"","_coblocks_dimensions":"","_coblocks_responsive_height":"","_coblocks_accordion_ie_support":"","_uag_custom_page_level_css":"","jetpack_post_was_ever_published":false,"jetpack_publicize_message":"","jetpack_publicize_feature_enabled":true,"jetpack_social_post_already_shared":true,"jetpack_social_options":{"image_generator_settings":{"template":"highway","default_image_id":0,"font":"","enabled":false},"version":2},"_wpas_customize_per_network":false},"product_brand":[],"product_cat":[21023,22116],"product_tag":[13209,13176,13178,13190,13199,13170],"class_list":{"0":"post-140127","1":"product","2":"type-product","3":"status-publish","4":"has-post-thumbnail","6":"product_cat-gouna-prive-excursies","7":"product_cat-gouna-prive-safaritochten","8":"product_tag-bezienswaardigheden","9":"product_tag-el-gouna-nl","10":"product_tag-excursie","11":"product_tag-jeepsafari","12":"product_tag-safari-nl","13":"product_tag-woestijnsafari","15":"first","16":"instock","17":"sale","18":"taxable","19":"shipping-taxable","20":"purchasable","21":"product-type-variable"},"yoast_head":"<!-- This site is optimized with the Yoast SEO Premium plugin v26.9 (Yoast SEO v27.3) - https:\/\/yoast.com\/product\/yoast-seo-premium-wordpress\/ -->\n<title>Bahariya Oase Tour El Gouna<\/title>\n<meta name=\"description\" content=\"Bahariya Oase Tour El Gouna is een prachtige tweedaagse tour naar Bahariya Oasis vanuit El Gouna, Egypte! We bevelen deze dagtocht graag aan, want toeristen\" \/>\n<meta name=\"robots\" content=\"index, follow, max-snippet:-1, max-image-preview:large, max-video-preview:-1\" \/>\n<link rel=\"canonical\" href=\"https:\/\/landioustravel.com\/nl\/shop\/bahariya-oase-tour-gouna\/\" \/>\n<meta property=\"og:locale\" content=\"nl_NL\" \/>\n<meta property=\"og:type\" content=\"article\" \/>\n<meta property=\"og:title\" content=\"Bahariya Oase Tour El Gouna\" \/>\n<meta property=\"og:description\" content=\"Landious Travel\" \/>\n<meta property=\"og:url\" content=\"https:\/\/landioustravel.com\/nl\/shop\/bahariya-oase-tour-gouna\/\" \/>\n<meta property=\"og:site_name\" content=\"Landious Travel\" \/>\n<meta property=\"article:publisher\" content=\"https:\/\/web.facebook.com\/landiousEgypt\" \/>\n<meta property=\"article:modified_time\" content=\"2023-06-15T12:24:56+00:00\" \/>\n<meta property=\"og:image\" content=\"https:\/\/i0.wp.com\/landioustravel.com\/wp-content\/uploads\/2023\/01\/Bahariya-Oasis-Tour-El-Gouna-e1672795975320.jpg?fit=1200%2C675&ssl=1\" \/>\n\t<meta property=\"og:image:width\" content=\"1200\" \/>\n\t<meta property=\"og:image:height\" content=\"675\" \/>\n\t<meta property=\"og:image:type\" content=\"image\/jpeg\" \/>\n<meta name=\"twitter:card\" content=\"summary_large_image\" \/>\n<meta name=\"twitter:site\" content=\"@LandiousTours\" \/>\n<meta name=\"twitter:label1\" content=\"Geschatte leestijd\" \/>\n\t<meta name=\"twitter:data1\" content=\"3 minuten\" \/>\n<script type=\"application\/ld+json\" class=\"yoast-schema-graph\">{\"@context\":\"https:\\\/\\\/schema.org\",\"@graph\":[{\"@type\":\"WebPage\",\"@id\":\"https:\\\/\\\/landioustravel.com\\\/nl\\\/shop\\\/bahariya-oase-tour-gouna\\\/\",\"url\":\"https:\\\/\\\/landioustravel.com\\\/nl\\\/shop\\\/bahariya-oase-tour-gouna\\\/\",\"name\":\"Bahariya Oase Tour El Gouna\",\"isPartOf\":{\"@id\":\"https:\\\/\\\/landioustravel.com\\\/nl\\\/#website\"},\"primaryImageOfPage\":{\"@id\":\"https:\\\/\\\/landioustravel.com\\\/nl\\\/shop\\\/bahariya-oase-tour-gouna\\\/#primaryimage\"},\"image\":{\"@id\":\"https:\\\/\\\/landioustravel.com\\\/nl\\\/shop\\\/bahariya-oase-tour-gouna\\\/#primaryimage\"},\"thumbnailUrl\":\"https:\\\/\\\/i0.wp.com\\\/landioustravel.com\\\/wp-content\\\/uploads\\\/2023\\\/01\\\/Bahariya-Oasis-Tour-El-Gouna-e1672795975320.jpg?fit=1200%2C675&ssl=1\",\"datePublished\":\"2023-04-18T20:58:31+00:00\",\"dateModified\":\"2023-06-15T12:24:56+00:00\",\"description\":\"Bahariya Oase Tour El Gouna is een prachtige tweedaagse tour naar Bahariya Oasis vanuit El Gouna, Egypte! We bevelen deze dagtocht graag aan, want toeristen\",\"breadcrumb\":{\"@id\":\"https:\\\/\\\/landioustravel.com\\\/nl\\\/shop\\\/bahariya-oase-tour-gouna\\\/#breadcrumb\"},\"inLanguage\":\"nl-NL\",\"potentialAction\":[{\"@type\":\"ReadAction\",\"target\":[\"https:\\\/\\\/landioustravel.com\\\/nl\\\/shop\\\/bahariya-oase-tour-gouna\\\/\"]}]},{\"@type\":\"ImageObject\",\"inLanguage\":\"nl-NL\",\"@id\":\"https:\\\/\\\/landioustravel.com\\\/nl\\\/shop\\\/bahariya-oase-tour-gouna\\\/#primaryimage\",\"url\":\"https:\\\/\\\/i0.wp.com\\\/landioustravel.com\\\/wp-content\\\/uploads\\\/2023\\\/01\\\/Bahariya-Oasis-Tour-El-Gouna-e1672795975320.jpg?fit=1200%2C675&ssl=1\",\"contentUrl\":\"https:\\\/\\\/i0.wp.com\\\/landioustravel.com\\\/wp-content\\\/uploads\\\/2023\\\/01\\\/Bahariya-Oasis-Tour-El-Gouna-e1672795975320.jpg?fit=1200%2C675&ssl=1\",\"width\":1200,\"height\":675,\"caption\":\"Bahariya Oasis Tour El Gouna\"},{\"@type\":\"BreadcrumbList\",\"@id\":\"https:\\\/\\\/landioustravel.com\\\/nl\\\/shop\\\/bahariya-oase-tour-gouna\\\/#breadcrumb\",\"itemListElement\":[{\"@type\":\"ListItem\",\"position\":1,\"name\":\"Home\",\"item\":\"https:\\\/\\\/landioustravel.com\\\/nl\\\/\"},{\"@type\":\"ListItem\",\"position\":2,\"name\":\"Diensten &amp; rondleidingen\",\"item\":\"https:\\\/\\\/landioustravel.com\\\/nl\\\/\"},{\"@type\":\"ListItem\",\"position\":3,\"name\":\"Bahariya Oase Tour El Gouna\"}]},{\"@type\":\"WebSite\",\"@id\":\"https:\\\/\\\/landioustravel.com\\\/nl\\\/#website\",\"url\":\"https:\\\/\\\/landioustravel.com\\\/nl\\\/\",\"name\":\"Landious Travel\",\"description\":\"Excursions, trips and cruises in Egypt\",\"publisher\":{\"@id\":\"https:\\\/\\\/landioustravel.com\\\/nl\\\/#organization\"},\"potentialAction\":[{\"@type\":\"SearchAction\",\"target\":{\"@type\":\"EntryPoint\",\"urlTemplate\":\"https:\\\/\\\/landioustravel.com\\\/nl\\\/?s={search_term_string}\"},\"query-input\":{\"@type\":\"PropertyValueSpecification\",\"valueRequired\":true,\"valueName\":\"search_term_string\"}}],\"inLanguage\":\"nl-NL\"},{\"@type\":[\"Organization\",\"Place\"],\"@id\":\"https:\\\/\\\/landioustravel.com\\\/nl\\\/#organization\",\"name\":\"Landious Travel\",\"alternateName\":\"Landious Travel\",\"url\":\"https:\\\/\\\/landioustravel.com\\\/nl\\\/\",\"logo\":{\"@id\":\"https:\\\/\\\/landioustravel.com\\\/nl\\\/shop\\\/bahariya-oase-tour-gouna\\\/#local-main-organization-logo\"},\"image\":{\"@id\":\"https:\\\/\\\/landioustravel.com\\\/nl\\\/shop\\\/bahariya-oase-tour-gouna\\\/#local-main-organization-logo\"},\"sameAs\":[\"https:\\\/\\\/web.facebook.com\\\/landiousEgypt\",\"https:\\\/\\\/x.com\\\/LandiousTours\",\"https:\\\/\\\/mastodon.social\\\/@landious\"],\"legalName\":\"Landious Travel\",\"telephone\":[],\"openingHoursSpecification\":[{\"@type\":\"OpeningHoursSpecification\",\"dayOfWeek\":[\"Monday\",\"Tuesday\",\"Wednesday\",\"Thursday\",\"Friday\",\"Saturday\",\"Sunday\"],\"opens\":\"09:00\",\"closes\":\"17:00\"}]},{\"@type\":\"ImageObject\",\"inLanguage\":\"nl-NL\",\"@id\":\"https:\\\/\\\/landioustravel.com\\\/nl\\\/shop\\\/bahariya-oase-tour-gouna\\\/#local-main-organization-logo\",\"url\":\"https:\\\/\\\/i0.wp.com\\\/landioustravel.com\\\/wp-content\\\/uploads\\\/2021\\\/06\\\/Landious-T.png?fit=500%2C500&ssl=1\",\"contentUrl\":\"https:\\\/\\\/i0.wp.com\\\/landioustravel.com\\\/wp-content\\\/uploads\\\/2021\\\/06\\\/Landious-T.png?fit=500%2C500&ssl=1\",\"width\":500,\"height\":500,\"caption\":\"Landious Travel\"}]}<\/script>\n<!-- \/ Yoast SEO Premium plugin. -->","yoast_head_json":{"title":"Bahariya Oase Tour El Gouna","description":"Bahariya Oase Tour El Gouna is een prachtige tweedaagse tour naar Bahariya Oasis vanuit El Gouna, Egypte! We bevelen deze dagtocht graag aan, want toeristen","robots":{"index":"index","follow":"follow","max-snippet":"max-snippet:-1","max-image-preview":"max-image-preview:large","max-video-preview":"max-video-preview:-1"},"canonical":"https:\/\/landioustravel.com\/nl\/shop\/bahariya-oase-tour-gouna\/","og_locale":"nl_NL","og_type":"article","og_title":"Bahariya Oase Tour El Gouna","og_description":"Landious Travel","og_url":"https:\/\/landioustravel.com\/nl\/shop\/bahariya-oase-tour-gouna\/","og_site_name":"Landious Travel","article_publisher":"https:\/\/web.facebook.com\/landiousEgypt","article_modified_time":"2023-06-15T12:24:56+00:00","og_image":[{"width":1200,"height":675,"url":"https:\/\/i0.wp.com\/landioustravel.com\/wp-content\/uploads\/2023\/01\/Bahariya-Oasis-Tour-El-Gouna-e1672795975320.jpg?fit=1200%2C675&ssl=1","type":"image\/jpeg"}],"twitter_card":"summary_large_image","twitter_site":"@LandiousTours","twitter_misc":{"Geschatte leestijd":"3 minuten"},"schema":{"@context":"https:\/\/schema.org","@graph":[{"@type":"WebPage","@id":"https:\/\/landioustravel.com\/nl\/shop\/bahariya-oase-tour-gouna\/","url":"https:\/\/landioustravel.com\/nl\/shop\/bahariya-oase-tour-gouna\/","name":"Bahariya Oase Tour El Gouna","isPartOf":{"@id":"https:\/\/landioustravel.com\/nl\/#website"},"primaryImageOfPage":{"@id":"https:\/\/landioustravel.com\/nl\/shop\/bahariya-oase-tour-gouna\/#primaryimage"},"image":{"@id":"https:\/\/landioustravel.com\/nl\/shop\/bahariya-oase-tour-gouna\/#primaryimage"},"thumbnailUrl":"https:\/\/i0.wp.com\/landioustravel.com\/wp-content\/uploads\/2023\/01\/Bahariya-Oasis-Tour-El-Gouna-e1672795975320.jpg?fit=1200%2C675&ssl=1","datePublished":"2023-04-18T20:58:31+00:00","dateModified":"2023-06-15T12:24:56+00:00","description":"Bahariya Oase Tour El Gouna is een prachtige tweedaagse tour naar Bahariya Oasis vanuit El Gouna, Egypte! We bevelen deze dagtocht graag aan, want toeristen","breadcrumb":{"@id":"https:\/\/landioustravel.com\/nl\/shop\/bahariya-oase-tour-gouna\/#breadcrumb"},"inLanguage":"nl-NL","potentialAction":[{"@type":"ReadAction","target":["https:\/\/landioustravel.com\/nl\/shop\/bahariya-oase-tour-gouna\/"]}]},{"@type":"ImageObject","inLanguage":"nl-NL","@id":"https:\/\/landioustravel.com\/nl\/shop\/bahariya-oase-tour-gouna\/#primaryimage","url":"https:\/\/i0.wp.com\/landioustravel.com\/wp-content\/uploads\/2023\/01\/Bahariya-Oasis-Tour-El-Gouna-e1672795975320.jpg?fit=1200%2C675&ssl=1","contentUrl":"https:\/\/i0.wp.com\/landioustravel.com\/wp-content\/uploads\/2023\/01\/Bahariya-Oasis-Tour-El-Gouna-e1672795975320.jpg?fit=1200%2C675&ssl=1","width":1200,"height":675,"caption":"Bahariya Oasis Tour El Gouna"},{"@type":"BreadcrumbList","@id":"https:\/\/landioustravel.com\/nl\/shop\/bahariya-oase-tour-gouna\/#breadcrumb","itemListElement":[{"@type":"ListItem","position":1,"name":"Home","item":"https:\/\/landioustravel.com\/nl\/"},{"@type":"ListItem","position":2,"name":"Diensten &amp; rondleidingen","item":"https:\/\/landioustravel.com\/nl\/"},{"@type":"ListItem","position":3,"name":"Bahariya Oase Tour El Gouna"}]},{"@type":"WebSite","@id":"https:\/\/landioustravel.com\/nl\/#website","url":"https:\/\/landioustravel.com\/nl\/","name":"Landious Travel","description":"Excursions, trips and cruises in Egypt","publisher":{"@id":"https:\/\/landioustravel.com\/nl\/#organization"},"potentialAction":[{"@type":"SearchAction","target":{"@type":"EntryPoint","urlTemplate":"https:\/\/landioustravel.com\/nl\/?s={search_term_string}"},"query-input":{"@type":"PropertyValueSpecification","valueRequired":true,"valueName":"search_term_string"}}],"inLanguage":"nl-NL"},{"@type":["Organization","Place"],"@id":"https:\/\/landioustravel.com\/nl\/#organization","name":"Landious Travel","alternateName":"Landious Travel","url":"https:\/\/landioustravel.com\/nl\/","logo":{"@id":"https:\/\/landioustravel.com\/nl\/shop\/bahariya-oase-tour-gouna\/#local-main-organization-logo"},"image":{"@id":"https:\/\/landioustravel.com\/nl\/shop\/bahariya-oase-tour-gouna\/#local-main-organization-logo"},"sameAs":["https:\/\/web.facebook.com\/landiousEgypt","https:\/\/x.com\/LandiousTours","https:\/\/mastodon.social\/@landious"],"legalName":"Landious Travel","telephone":[],"openingHoursSpecification":[{"@type":"OpeningHoursSpecification","dayOfWeek":["Monday","Tuesday","Wednesday","Thursday","Friday","Saturday","Sunday"],"opens":"09:00","closes":"17:00"}]},{"@type":"ImageObject","inLanguage":"nl-NL","@id":"https:\/\/landioustravel.com\/nl\/shop\/bahariya-oase-tour-gouna\/#local-main-organization-logo","url":"https:\/\/i0.wp.com\/landioustravel.com\/wp-content\/uploads\/2021\/06\/Landious-T.png?fit=500%2C500&ssl=1","contentUrl":"https:\/\/i0.wp.com\/landioustravel.com\/wp-content\/uploads\/2021\/06\/Landious-T.png?fit=500%2C500&ssl=1","width":500,"height":500,"caption":"Landious Travel"}]}},"jetpack_publicize_connections":[],"uagb_featured_image_src":{"full":["https:\/\/i0.wp.com\/landioustravel.com\/wp-content\/uploads\/2023\/01\/Bahariya-Oasis-Tour-El-Gouna-e1672795975320.jpg?fit=1200%2C675&ssl=1",1200,675,false],"thumbnail":["https:\/\/i0.wp.com\/landioustravel.com\/wp-content\/uploads\/2023\/01\/Bahariya-Oasis-Tour-El-Gouna-e1672795975320.jpg?resize=150%2C150&ssl=1",150,150,true],"medium":["https:\/\/i0.wp.com\/landioustravel.com\/wp-content\/uploads\/2023\/01\/Bahariya-Oasis-Tour-El-Gouna-e1672795975320.jpg?fit=300%2C169&ssl=1",300,169,true],"medium_large":["https:\/\/i0.wp.com\/landioustravel.com\/wp-content\/uploads\/2023\/01\/Bahariya-Oasis-Tour-El-Gouna-e1672795975320.jpg?fit=768%2C432&ssl=1",768,432,true],"large":["https:\/\/i0.wp.com\/landioustravel.com\/wp-content\/uploads\/2023\/01\/Bahariya-Oasis-Tour-El-Gouna-e1672795975320.jpg?fit=980%2C551&ssl=1",980,551,true],"1536x1536":["https:\/\/i0.wp.com\/landioustravel.com\/wp-content\/uploads\/2023\/01\/Bahariya-Oasis-Tour-El-Gouna-e1672795975320.jpg?fit=1200%2C675&ssl=1",1200,675,true],"2048x2048":["https:\/\/i0.wp.com\/landioustravel.com\/wp-content\/uploads\/2023\/01\/Bahariya-Oasis-Tour-El-Gouna-e1672795975320.jpg?fit=1200%2C675&ssl=1",1200,675,true],"newspack-article-block-landscape-large":["https:\/\/i0.wp.com\/landioustravel.com\/wp-content\/uploads\/2023\/01\/Bahariya-Oasis-Tour-El-Gouna-e1672795975320.jpg?resize=1200%2C675&ssl=1",1200,675,true],"newspack-article-block-portrait-large":["https:\/\/i0.wp.com\/landioustravel.com\/wp-content\/uploads\/2023\/01\/Bahariya-Oasis-Tour-El-Gouna-e1672795975320.jpg?resize=900%2C675&ssl=1",900,675,true],"newspack-article-block-square-large":["https:\/\/i0.wp.com\/landioustravel.com\/wp-content\/uploads\/2023\/01\/Bahariya-Oasis-Tour-El-Gouna-e1672795975320.jpg?resize=1200%2C675&ssl=1",1200,675,true],"newspack-article-block-landscape-medium":["https:\/\/i0.wp.com\/landioustravel.com\/wp-content\/uploads\/2023\/01\/Bahariya-Oasis-Tour-El-Gouna-e1672795975320.jpg?resize=800%2C600&ssl=1",800,600,true],"newspack-article-block-portrait-medium":["https:\/\/i0.wp.com\/landioustravel.com\/wp-content\/uploads\/2023\/01\/Bahariya-Oasis-Tour-El-Gouna-e1672795975320.jpg?resize=600%2C675&ssl=1",600,675,true],"newspack-article-block-square-medium":["https:\/\/i0.wp.com\/landioustravel.com\/wp-content\/uploads\/2023\/01\/Bahariya-Oasis-Tour-El-Gouna-e1672795975320.jpg?resize=800%2C675&ssl=1",800,675,true],"newspack-article-block-landscape-intermediate":["https:\/\/i0.wp.com\/landioustravel.com\/wp-content\/uploads\/2023\/01\/Bahariya-Oasis-Tour-El-Gouna-e1672795975320.jpg?resize=600%2C450&ssl=1",600,450,true],"newspack-article-block-portrait-intermediate":["https:\/\/i0.wp.com\/landioustravel.com\/wp-content\/uploads\/2023\/01\/Bahariya-Oasis-Tour-El-Gouna-e1672795975320.jpg?resize=450%2C600&ssl=1",450,600,true],"newspack-article-block-square-intermediate":["https:\/\/i0.wp.com\/landioustravel.com\/wp-content\/uploads\/2023\/01\/Bahariya-Oasis-Tour-El-Gouna-e1672795975320.jpg?resize=600%2C600&ssl=1",600,600,true],"newspack-article-block-landscape-small":["https:\/\/i0.wp.com\/landioustravel.com\/wp-content\/uploads\/2023\/01\/Bahariya-Oasis-Tour-El-Gouna-e1672795975320.jpg?resize=400%2C300&ssl=1",400,300,true],"newspack-article-block-portrait-small":["https:\/\/i0.wp.com\/landioustravel.com\/wp-content\/uploads\/2023\/01\/Bahariya-Oasis-Tour-El-Gouna-e1672795975320.jpg?resize=300%2C400&ssl=1",300,400,true],"newspack-article-block-square-small":["https:\/\/i0.wp.com\/landioustravel.com\/wp-content\/uploads\/2023\/01\/Bahariya-Oasis-Tour-El-Gouna-e1672795975320.jpg?resize=400%2C400&ssl=1",400,400,true],"newspack-article-block-landscape-tiny":["https:\/\/i0.wp.com\/landioustravel.com\/wp-content\/uploads\/2023\/01\/Bahariya-Oasis-Tour-El-Gouna-e1672795975320.jpg?resize=200%2C150&ssl=1",200,150,true],"newspack-article-block-portrait-tiny":["https:\/\/i0.wp.com\/landioustravel.com\/wp-content\/uploads\/2023\/01\/Bahariya-Oasis-Tour-El-Gouna-e1672795975320.jpg?resize=150%2C200&ssl=1",150,200,true],"newspack-article-block-square-tiny":["https:\/\/i0.wp.com\/landioustravel.com\/wp-content\/uploads\/2023\/01\/Bahariya-Oasis-Tour-El-Gouna-e1672795975320.jpg?resize=200%2C200&ssl=1",200,200,true],"newspack-article-block-uncropped":["https:\/\/i0.wp.com\/landioustravel.com\/wp-content\/uploads\/2023\/01\/Bahariya-Oasis-Tour-El-Gouna-e1672795975320.jpg?fit=1200%2C675&ssl=1",1200,675,true],"woocommerce_thumbnail":["https:\/\/i0.wp.com\/landioustravel.com\/wp-content\/uploads\/2023\/01\/Bahariya-Oasis-Tour-El-Gouna-e1672795975320.jpg?resize=324%2C324&ssl=1",324,324,true],"woocommerce_single":["https:\/\/i0.wp.com\/landioustravel.com\/wp-content\/uploads\/2023\/01\/Bahariya-Oasis-Tour-El-Gouna-e1672795975320.jpg?fit=416%2C234&ssl=1",416,234,true],"woocommerce_gallery_thumbnail":["https:\/\/i0.wp.com\/landioustravel.com\/wp-content\/uploads\/2023\/01\/Bahariya-Oasis-Tour-El-Gouna-e1672795975320.jpg?resize=100%2C100&ssl=1",100,100,true]},"uagb_author_info":{"display_name":"Mofreh Landious","author_link":"https:\/\/landioustravel.com\/nl\/author\/"},"uagb_comment_info":0,"uagb_excerpt":"Begin aan een spannende tweedaagse excursie naar de betoverende Witte Woestijn en de Bahariya-oase vanuit El Gouna! Dompel jezelf onder in de betoverende schoonheid van de Egyptische woestijn, waar ongerepte natuur en rijke geschiedenis samenkomen om een onvergetelijk avontuur te cre\u00ebren. Maak je klaar om de Black and White Desert, de natuurlijke warmwaterbron van El&hellip;","jetpack_sharing_enabled":true,"jetpack_likes_enabled":true,"amp_enabled":true,"_links":{"self":[{"href":"https:\/\/landioustravel.com\/nl\/wp-json\/wp\/v2\/product\/140127","targetHints":{"allow":["GET"]}}],"collection":[{"href":"https:\/\/landioustravel.com\/nl\/wp-json\/wp\/v2\/product"}],"about":[{"href":"https:\/\/landioustravel.com\/nl\/wp-json\/wp\/v2\/types\/product"}],"replies":[{"embeddable":true,"href":"https:\/\/landioustravel.com\/nl\/wp-json\/wp\/v2\/comments?post=140127"}],"wp:featuredmedia":[{"embeddable":true,"href":"https:\/\/landioustravel.com\/nl\/wp-json\/wp\/v2\/media\/133930"}],"wp:attachment":[{"href":"https:\/\/landioustravel.com\/nl\/wp-json\/wp\/v2\/media?parent=140127"}],"wp:term":[{"taxonomy":"product_brand","embeddable":true,"href":"https:\/\/landioustravel.com\/nl\/wp-json\/wp\/v2\/product_brand?post=140127"},{"taxonomy":"product_cat","embeddable":true,"href":"https:\/\/landioustravel.com\/nl\/wp-json\/wp\/v2\/product_cat?post=140127"},{"taxonomy":"product_tag","embeddable":true,"href":"https:\/\/landioustravel.com\/nl\/wp-json\/wp\/v2\/product_tag?post=140127"}],"curies":[{"name":"wp","href":"https:\/\/api.w.org\/{rel}","templated":true}]}}