{"id":140273,"date":"2023-01-02T01:42:05","date_gmt":"2023-04-18T18:52:26","guid":{"rendered":"https:\/\/landioustravel.com\/?post_type=product&#038;p=140273"},"modified":"2023-06-16T16:26:16","modified_gmt":"2023-06-16T14:26:16","slug":"onderzeeer-reis-gouna","status":"publish","type":"product","link":"https:\/\/landioustravel.com\/nl\/shop\/onderzeeer-reis-gouna\/","title":{"rendered":"Onderzee\u00ebr reis vanuit El Gouna"},"content":{"rendered":"<p>Onderzee\u00ebr reis vanuit El Gouna is een spannende zeereis op de onderzee\u00ebr &#8220;Sindbad&#8221; in Hurghada, Egypte! We raden de reis aan omdat het de enige optie is aan boord van een onderzee\u00ebr in de Rode Zee. Het is ongelooflijk om dit gevoel te ervaren en in zo&#8217;n onderzee\u00ebr te stappen! Het wordt inderdaad een unieke kans om prachtige koraalriffen en verschillende vissen aan boord van een onderzee\u00ebr te zien! Trouwens, die reis zal een korte bootpicknick over de Rode Zee mogelijk maken. Deze picknick vindt plaats in de buurt van het prachtige gebied bij Giftun Island.<\/p>\n<h2>Hoogtepunten van de onderzeese excursie El Gouna<\/h2>\n<ul>\n<li>Zeepicknick aan de Rode Zee.<\/li>\n<li>Bekijk ook de onderwaterwereld aan boord van de onderzee\u00ebr Sindbad.<\/li>\n<\/ul>\n<h2>Programma van Onderzee\u00ebr reis<\/h2>\n<ul>\n<li>Landious Travel-vertegenwoordiger haalt u rond 10:00 uur op bij uw hotel in El Gouna.<\/li>\n<li>Nadat alle bezoekers zijn opgehaald, rijdt de bus naar de haven. De weg naar deze haven duurt ongeveer 40 minuten.<\/li>\n<li>Aan het begin van het programma geniet je van een zeepicknick door de Rode Zee. Deze zeepicknick vindt plaats aan boord van een boot.<\/li>\n<li>Dezelfde boot vaart naar een drijvend podium. Dienovereenkomstig zal het je naar de onderzee\u00ebr brengen. Daarna wissel je van plaats en neem je plaats aan boord van de onderzee\u00ebr.<\/li>\n<li>Daarna zal de onderzee\u00ebr beginnen te zinken tot 25 meter. Hierdoor kun je op deze diepte vissen en koraalriffen zien. Aan boord van die onderzee\u00ebr kijken naar de onderwaterwereld kost je een heel uur.<\/li>\n<li>Als laatste wissel je weer van plaats en neem je plaats op de boot richting de haven.<\/li>\n<li>Eindelijk begeleiden we je terug naar je hotels na zo&#8217;n mooi avontuur.<\/li>\n<li>Deze zee-excursie op een onderzee\u00ebr in Hurghada eindigt om ongeveer 14:00 uur.<\/li>\n<\/ul>\n<h2>Wat is bij de prijs van de onderzeese excursie El Gouna inbegrepen?<\/h2>\n<ul>\n<li>Toegangsprijs (5 USD per persoon)<\/li>\n<li>Transfer naar de haven en terug naar het hotel.<\/li>\n<\/ul>\n<h2>Wat is niet inbegrepen in het programma Onderzee\u00ebr Excursie El Gouna?<\/h2>\n<ul>\n<li>Video-dvd.<\/li>\n<li>Ook de foto-cd.<\/li>\n<\/ul>\n<h2>Wat neem je mee voor de tour?<\/h2>\n<ul>\n<li>Zonnebril.<\/li>\n<\/ul>\n<h2>Onderzee\u00ebr Excursie El Gouna Boekingsdagen<\/h2>\n<ul>\n<li>Dagelijks van 10:00 \u2013 12:00.<\/li>\n<li>Ook dagelijks van 14:00 \u2013 16:00.<\/li>\n<\/ul>\n<h2>Diensten gepresenteerd tijdens de onderzeese excursie El Gouna<\/h2>\n<ul>\n<li>Vervoer: Landious Travel maakt gebruik van limousines\/minibussen met airconditioning. Een professionele chauffeur begeleidt u naar de haven en uw hotel.<\/li>\n<li>Begeleiding: een professionele Engelse reisleider haalt je op bij je hotels en begeleidt je naar de haven.<\/li>\n<li>Team en zo: je hebt een vriendelijke en professionele bemanning op de boot. Onze instructeurs en trainers begeleiden je tijdens de reis.<\/li>\n<\/ul>\n","protected":false},"excerpt":{"rendered":"<p>Ga op een spannend avontuur met je dierbaren en dompel jezelf onder in de fascinerende wereld van het onderwaterleven in de Rode Zee! Ontdek de schoonheid van de Rode Zeevissen en het Koraalrif terwijl je 25 meter onder water duikt met de Sindbad-onderzee\u00ebr in Hurghada. Je zult versteld staan van de levendige kleuren en de verscheidenheid aan zeedieren om je heen. Dit is absoluut een van de beste dingen om te doen in EL Gouna, en we bieden de beste prijzen voor excursies in Hurghada.<\/p>\n<p>Met onze priv\u00e9transferservice halen we je op bij je hotel in El Gouna en nemen we je mee op een twee uur durende zeereis naar de Sindbad-onderzee\u00ebr. De onderzee\u00ebr biedt plaats aan maximaal 44 passagiers en heeft twee bemanningskapiteins die je zullen begeleiden op een ongelooflijke onderwaterreis. Je vaart door de Rode Zee op een boot met 2 dekken en ziet de prachtige riffen en kleurrijke vissen op een diepte van 25 meter.<\/p>\n<p>De onderzee\u00ebr daalt af tot een diepte van maximaal 22 meter, waar je verschillende soorten koraalriffen en kleurrijke vissen zult zien. Ga met ons mee voor een onvergetelijke ervaring en cre\u00eber herinneringen die een leven lang meegaan! De reissom is inclusief transfers en een entreeticket, dus je hoeft je nergens zorgen over te maken.<\/p>\n","protected":false},"featured_media":140277,"comment_status":"open","ping_status":"closed","template":"","meta":{"_coblocks_attr":"","_coblocks_dimensions":"","_coblocks_responsive_height":"","_coblocks_accordion_ie_support":"","_uag_custom_page_level_css":"","jetpack_publicize_message":"","jetpack_publicize_feature_enabled":true,"jetpack_social_post_already_shared":true,"jetpack_social_options":{"image_generator_settings":{"template":"highway","default_image_id":0,"font":"","enabled":false},"version":2},"_wpas_customize_per_network":false},"product_brand":[],"product_cat":[21017,21021],"product_tag":[13205,13176,13178,13188,13213,13204],"class_list":{"0":"post-140273","1":"product","2":"type-product","3":"status-publish","4":"has-post-thumbnail","6":"product_cat-gouna-excursies","7":"product_cat-gouna-zeereizen","8":"product_tag-boottochten","9":"product_tag-el-gouna-nl","10":"product_tag-excursie","11":"product_tag-hurghada-nl","12":"product_tag-onderzeeer","13":"product_tag-zee","14":"pa_age-kind-1-4-jaar","15":"pa_age-kind-5-11-jaar","16":"pa_age-volwassen","18":"first","19":"instock","20":"sale","21":"taxable","22":"shipping-taxable","23":"purchasable","24":"product-type-variable"},"yoast_head":"<!-- This site is optimized with the Yoast SEO Premium plugin v26.9 (Yoast SEO v27.4) - https:\/\/yoast.com\/product\/yoast-seo-premium-wordpress\/ -->\n<title>Onderzee\u00ebr reis vanuit El Gouna<\/title>\n<meta name=\"description\" content=\"Onderzee\u00ebr reis vanuit El Gouna is een spannende zeereis op de onderzee\u00ebr &quot;Sindbad&quot; in Hurghada, Egypte! We raden de reis aan omdat het de enige optie is\" \/>\n<meta name=\"robots\" content=\"index, follow, max-snippet:-1, max-image-preview:large, max-video-preview:-1\" \/>\n<link rel=\"canonical\" href=\"https:\/\/landioustravel.com\/nl\/shop\/onderzeeer-reis-gouna\/\" \/>\n<meta property=\"og:locale\" content=\"nl_NL\" \/>\n<meta property=\"og:type\" content=\"article\" \/>\n<meta property=\"og:title\" content=\"Onderzee\u00ebr reis vanuit El Gouna\" \/>\n<meta property=\"og:description\" content=\"Landious Travel\" \/>\n<meta property=\"og:url\" content=\"https:\/\/landioustravel.com\/nl\/shop\/onderzeeer-reis-gouna\/\" \/>\n<meta property=\"og:site_name\" content=\"Landious Travel\" \/>\n<meta property=\"article:publisher\" content=\"https:\/\/web.facebook.com\/landiousEgypt\" \/>\n<meta property=\"article:modified_time\" content=\"2023-06-16T14:26:16+00:00\" \/>\n<meta property=\"og:image\" content=\"https:\/\/i0.wp.com\/landioustravel.com\/wp-content\/uploads\/2023\/01\/Submarine-Trip-from-El-Gouna-e1672616413408.jpg?fit=1200%2C675&ssl=1\" \/>\n\t<meta property=\"og:image:width\" content=\"1200\" \/>\n\t<meta property=\"og:image:height\" content=\"675\" \/>\n\t<meta property=\"og:image:type\" content=\"image\/jpeg\" \/>\n<meta name=\"twitter:card\" content=\"summary_large_image\" \/>\n<meta name=\"twitter:site\" content=\"@LandiousTours\" \/>\n<meta name=\"twitter:label1\" content=\"Geschatte leestijd\" \/>\n\t<meta name=\"twitter:data1\" content=\"2 minuten\" \/>\n<script type=\"application\/ld+json\" class=\"yoast-schema-graph\">{\"@context\":\"https:\\\/\\\/schema.org\",\"@graph\":[{\"@type\":\"WebPage\",\"@id\":\"https:\\\/\\\/landioustravel.com\\\/nl\\\/shop\\\/onderzeeer-reis-gouna\\\/\",\"url\":\"https:\\\/\\\/landioustravel.com\\\/nl\\\/shop\\\/onderzeeer-reis-gouna\\\/\",\"name\":\"Onderzee\u00ebr reis vanuit El Gouna\",\"isPartOf\":{\"@id\":\"https:\\\/\\\/landioustravel.com\\\/nl\\\/#website\"},\"primaryImageOfPage\":{\"@id\":\"https:\\\/\\\/landioustravel.com\\\/nl\\\/shop\\\/onderzeeer-reis-gouna\\\/#primaryimage\"},\"image\":{\"@id\":\"https:\\\/\\\/landioustravel.com\\\/nl\\\/shop\\\/onderzeeer-reis-gouna\\\/#primaryimage\"},\"thumbnailUrl\":\"https:\\\/\\\/i0.wp.com\\\/landioustravel.com\\\/wp-content\\\/uploads\\\/2023\\\/01\\\/Submarine-Trip-from-El-Gouna-e1672616413408.jpg?fit=1200%2C675&ssl=1\",\"datePublished\":\"2023-04-18T18:52:26+00:00\",\"dateModified\":\"2023-06-16T14:26:16+00:00\",\"description\":\"Onderzee\u00ebr reis vanuit El Gouna is een spannende zeereis op de onderzee\u00ebr \\\"Sindbad\\\" in Hurghada, Egypte! We raden de reis aan omdat het de enige optie is\",\"breadcrumb\":{\"@id\":\"https:\\\/\\\/landioustravel.com\\\/nl\\\/shop\\\/onderzeeer-reis-gouna\\\/#breadcrumb\"},\"inLanguage\":\"nl-NL\",\"potentialAction\":[{\"@type\":\"ReadAction\",\"target\":[\"https:\\\/\\\/landioustravel.com\\\/nl\\\/shop\\\/onderzeeer-reis-gouna\\\/\"]}]},{\"@type\":\"ImageObject\",\"inLanguage\":\"nl-NL\",\"@id\":\"https:\\\/\\\/landioustravel.com\\\/nl\\\/shop\\\/onderzeeer-reis-gouna\\\/#primaryimage\",\"url\":\"https:\\\/\\\/i0.wp.com\\\/landioustravel.com\\\/wp-content\\\/uploads\\\/2023\\\/01\\\/Submarine-Trip-from-El-Gouna-e1672616413408.jpg?fit=1200%2C675&ssl=1\",\"contentUrl\":\"https:\\\/\\\/i0.wp.com\\\/landioustravel.com\\\/wp-content\\\/uploads\\\/2023\\\/01\\\/Submarine-Trip-from-El-Gouna-e1672616413408.jpg?fit=1200%2C675&ssl=1\",\"width\":1200,\"height\":675,\"caption\":\"Submarine Trip from El Gouna\"},{\"@type\":\"BreadcrumbList\",\"@id\":\"https:\\\/\\\/landioustravel.com\\\/nl\\\/shop\\\/onderzeeer-reis-gouna\\\/#breadcrumb\",\"itemListElement\":[{\"@type\":\"ListItem\",\"position\":1,\"name\":\"Home\",\"item\":\"https:\\\/\\\/landioustravel.com\\\/nl\\\/\"},{\"@type\":\"ListItem\",\"position\":2,\"name\":\"Diensten &amp; rondleidingen\",\"item\":\"https:\\\/\\\/landioustravel.com\\\/nl\\\/\"},{\"@type\":\"ListItem\",\"position\":3,\"name\":\"Onderzee\u00ebr reis vanuit El Gouna\"}]},{\"@type\":\"WebSite\",\"@id\":\"https:\\\/\\\/landioustravel.com\\\/nl\\\/#website\",\"url\":\"https:\\\/\\\/landioustravel.com\\\/nl\\\/\",\"name\":\"Landious Travel\",\"description\":\"Excursions, trips and cruises in Egypt\",\"publisher\":{\"@id\":\"https:\\\/\\\/landioustravel.com\\\/nl\\\/#organization\"},\"potentialAction\":[{\"@type\":\"SearchAction\",\"target\":{\"@type\":\"EntryPoint\",\"urlTemplate\":\"https:\\\/\\\/landioustravel.com\\\/nl\\\/?s={search_term_string}\"},\"query-input\":{\"@type\":\"PropertyValueSpecification\",\"valueRequired\":true,\"valueName\":\"search_term_string\"}}],\"inLanguage\":\"nl-NL\"},{\"@type\":[\"Organization\",\"Place\"],\"@id\":\"https:\\\/\\\/landioustravel.com\\\/nl\\\/#organization\",\"name\":\"Landious Travel\",\"alternateName\":\"Landious Travel\",\"url\":\"https:\\\/\\\/landioustravel.com\\\/nl\\\/\",\"logo\":{\"@id\":\"https:\\\/\\\/landioustravel.com\\\/nl\\\/shop\\\/onderzeeer-reis-gouna\\\/#local-main-organization-logo\"},\"image\":{\"@id\":\"https:\\\/\\\/landioustravel.com\\\/nl\\\/shop\\\/onderzeeer-reis-gouna\\\/#local-main-organization-logo\"},\"sameAs\":[\"https:\\\/\\\/web.facebook.com\\\/landiousEgypt\",\"https:\\\/\\\/x.com\\\/LandiousTours\",\"https:\\\/\\\/mastodon.social\\\/@landious\"],\"legalName\":\"Landious Travel\",\"telephone\":[],\"openingHoursSpecification\":[{\"@type\":\"OpeningHoursSpecification\",\"dayOfWeek\":[\"Monday\",\"Tuesday\",\"Wednesday\",\"Thursday\",\"Friday\",\"Saturday\",\"Sunday\"],\"opens\":\"09:00\",\"closes\":\"17:00\"}]},{\"@type\":\"ImageObject\",\"inLanguage\":\"nl-NL\",\"@id\":\"https:\\\/\\\/landioustravel.com\\\/nl\\\/shop\\\/onderzeeer-reis-gouna\\\/#local-main-organization-logo\",\"url\":\"https:\\\/\\\/i0.wp.com\\\/landioustravel.com\\\/wp-content\\\/uploads\\\/2021\\\/06\\\/Landious-T.png?fit=500%2C500&ssl=1\",\"contentUrl\":\"https:\\\/\\\/i0.wp.com\\\/landioustravel.com\\\/wp-content\\\/uploads\\\/2021\\\/06\\\/Landious-T.png?fit=500%2C500&ssl=1\",\"width\":500,\"height\":500,\"caption\":\"Landious Travel\"}]}<\/script>\n<!-- \/ Yoast SEO Premium plugin. -->","yoast_head_json":{"title":"Onderzee\u00ebr reis vanuit El Gouna","description":"Onderzee\u00ebr reis vanuit El Gouna is een spannende zeereis op de onderzee\u00ebr \"Sindbad\" in Hurghada, Egypte! We raden de reis aan omdat het de enige optie is","robots":{"index":"index","follow":"follow","max-snippet":"max-snippet:-1","max-image-preview":"max-image-preview:large","max-video-preview":"max-video-preview:-1"},"canonical":"https:\/\/landioustravel.com\/nl\/shop\/onderzeeer-reis-gouna\/","og_locale":"nl_NL","og_type":"article","og_title":"Onderzee\u00ebr reis vanuit El Gouna","og_description":"Landious Travel","og_url":"https:\/\/landioustravel.com\/nl\/shop\/onderzeeer-reis-gouna\/","og_site_name":"Landious Travel","article_publisher":"https:\/\/web.facebook.com\/landiousEgypt","article_modified_time":"2023-06-16T14:26:16+00:00","og_image":[{"width":1200,"height":675,"url":"https:\/\/i0.wp.com\/landioustravel.com\/wp-content\/uploads\/2023\/01\/Submarine-Trip-from-El-Gouna-e1672616413408.jpg?fit=1200%2C675&ssl=1","type":"image\/jpeg"}],"twitter_card":"summary_large_image","twitter_site":"@LandiousTours","twitter_misc":{"Geschatte leestijd":"2 minuten"},"schema":{"@context":"https:\/\/schema.org","@graph":[{"@type":"WebPage","@id":"https:\/\/landioustravel.com\/nl\/shop\/onderzeeer-reis-gouna\/","url":"https:\/\/landioustravel.com\/nl\/shop\/onderzeeer-reis-gouna\/","name":"Onderzee\u00ebr reis vanuit El Gouna","isPartOf":{"@id":"https:\/\/landioustravel.com\/nl\/#website"},"primaryImageOfPage":{"@id":"https:\/\/landioustravel.com\/nl\/shop\/onderzeeer-reis-gouna\/#primaryimage"},"image":{"@id":"https:\/\/landioustravel.com\/nl\/shop\/onderzeeer-reis-gouna\/#primaryimage"},"thumbnailUrl":"https:\/\/i0.wp.com\/landioustravel.com\/wp-content\/uploads\/2023\/01\/Submarine-Trip-from-El-Gouna-e1672616413408.jpg?fit=1200%2C675&ssl=1","datePublished":"2023-04-18T18:52:26+00:00","dateModified":"2023-06-16T14:26:16+00:00","description":"Onderzee\u00ebr reis vanuit El Gouna is een spannende zeereis op de onderzee\u00ebr \"Sindbad\" in Hurghada, Egypte! We raden de reis aan omdat het de enige optie is","breadcrumb":{"@id":"https:\/\/landioustravel.com\/nl\/shop\/onderzeeer-reis-gouna\/#breadcrumb"},"inLanguage":"nl-NL","potentialAction":[{"@type":"ReadAction","target":["https:\/\/landioustravel.com\/nl\/shop\/onderzeeer-reis-gouna\/"]}]},{"@type":"ImageObject","inLanguage":"nl-NL","@id":"https:\/\/landioustravel.com\/nl\/shop\/onderzeeer-reis-gouna\/#primaryimage","url":"https:\/\/i0.wp.com\/landioustravel.com\/wp-content\/uploads\/2023\/01\/Submarine-Trip-from-El-Gouna-e1672616413408.jpg?fit=1200%2C675&ssl=1","contentUrl":"https:\/\/i0.wp.com\/landioustravel.com\/wp-content\/uploads\/2023\/01\/Submarine-Trip-from-El-Gouna-e1672616413408.jpg?fit=1200%2C675&ssl=1","width":1200,"height":675,"caption":"Submarine Trip from El Gouna"},{"@type":"BreadcrumbList","@id":"https:\/\/landioustravel.com\/nl\/shop\/onderzeeer-reis-gouna\/#breadcrumb","itemListElement":[{"@type":"ListItem","position":1,"name":"Home","item":"https:\/\/landioustravel.com\/nl\/"},{"@type":"ListItem","position":2,"name":"Diensten &amp; rondleidingen","item":"https:\/\/landioustravel.com\/nl\/"},{"@type":"ListItem","position":3,"name":"Onderzee\u00ebr reis vanuit El Gouna"}]},{"@type":"WebSite","@id":"https:\/\/landioustravel.com\/nl\/#website","url":"https:\/\/landioustravel.com\/nl\/","name":"Landious Travel","description":"Excursions, trips and cruises in Egypt","publisher":{"@id":"https:\/\/landioustravel.com\/nl\/#organization"},"potentialAction":[{"@type":"SearchAction","target":{"@type":"EntryPoint","urlTemplate":"https:\/\/landioustravel.com\/nl\/?s={search_term_string}"},"query-input":{"@type":"PropertyValueSpecification","valueRequired":true,"valueName":"search_term_string"}}],"inLanguage":"nl-NL"},{"@type":["Organization","Place"],"@id":"https:\/\/landioustravel.com\/nl\/#organization","name":"Landious Travel","alternateName":"Landious Travel","url":"https:\/\/landioustravel.com\/nl\/","logo":{"@id":"https:\/\/landioustravel.com\/nl\/shop\/onderzeeer-reis-gouna\/#local-main-organization-logo"},"image":{"@id":"https:\/\/landioustravel.com\/nl\/shop\/onderzeeer-reis-gouna\/#local-main-organization-logo"},"sameAs":["https:\/\/web.facebook.com\/landiousEgypt","https:\/\/x.com\/LandiousTours","https:\/\/mastodon.social\/@landious"],"legalName":"Landious Travel","telephone":[],"openingHoursSpecification":[{"@type":"OpeningHoursSpecification","dayOfWeek":["Monday","Tuesday","Wednesday","Thursday","Friday","Saturday","Sunday"],"opens":"09:00","closes":"17:00"}]},{"@type":"ImageObject","inLanguage":"nl-NL","@id":"https:\/\/landioustravel.com\/nl\/shop\/onderzeeer-reis-gouna\/#local-main-organization-logo","url":"https:\/\/i0.wp.com\/landioustravel.com\/wp-content\/uploads\/2021\/06\/Landious-T.png?fit=500%2C500&ssl=1","contentUrl":"https:\/\/i0.wp.com\/landioustravel.com\/wp-content\/uploads\/2021\/06\/Landious-T.png?fit=500%2C500&ssl=1","width":500,"height":500,"caption":"Landious Travel"}]}},"jetpack_publicize_connections":[],"uagb_featured_image_src":{"full":["https:\/\/i0.wp.com\/landioustravel.com\/wp-content\/uploads\/2023\/01\/Submarine-Trip-from-El-Gouna-e1672616413408.jpg?fit=1200%2C675&ssl=1",1200,675,false],"thumbnail":["https:\/\/i0.wp.com\/landioustravel.com\/wp-content\/uploads\/2023\/01\/Submarine-Trip-from-El-Gouna-e1672616413408.jpg?resize=150%2C150&ssl=1",150,150,true],"medium":["https:\/\/i0.wp.com\/landioustravel.com\/wp-content\/uploads\/2023\/01\/Submarine-Trip-from-El-Gouna-e1672616413408.jpg?fit=300%2C169&ssl=1",300,169,true],"medium_large":["https:\/\/i0.wp.com\/landioustravel.com\/wp-content\/uploads\/2023\/01\/Submarine-Trip-from-El-Gouna-e1672616413408.jpg?fit=768%2C432&ssl=1",768,432,true],"large":["https:\/\/i0.wp.com\/landioustravel.com\/wp-content\/uploads\/2023\/01\/Submarine-Trip-from-El-Gouna-e1672616413408.jpg?fit=980%2C551&ssl=1",980,551,true],"1536x1536":["https:\/\/i0.wp.com\/landioustravel.com\/wp-content\/uploads\/2023\/01\/Submarine-Trip-from-El-Gouna-e1672616413408.jpg?fit=1200%2C675&ssl=1",1200,675,true],"2048x2048":["https:\/\/i0.wp.com\/landioustravel.com\/wp-content\/uploads\/2023\/01\/Submarine-Trip-from-El-Gouna-e1672616413408.jpg?fit=1200%2C675&ssl=1",1200,675,true],"newspack-article-block-landscape-large":["https:\/\/i0.wp.com\/landioustravel.com\/wp-content\/uploads\/2023\/01\/Submarine-Trip-from-El-Gouna-e1672616413408.jpg?resize=1200%2C675&ssl=1",1200,675,true],"newspack-article-block-portrait-large":["https:\/\/i0.wp.com\/landioustravel.com\/wp-content\/uploads\/2023\/01\/Submarine-Trip-from-El-Gouna-e1672616413408.jpg?resize=900%2C675&ssl=1",900,675,true],"newspack-article-block-square-large":["https:\/\/i0.wp.com\/landioustravel.com\/wp-content\/uploads\/2023\/01\/Submarine-Trip-from-El-Gouna-e1672616413408.jpg?resize=1200%2C675&ssl=1",1200,675,true],"newspack-article-block-landscape-medium":["https:\/\/i0.wp.com\/landioustravel.com\/wp-content\/uploads\/2023\/01\/Submarine-Trip-from-El-Gouna-e1672616413408.jpg?resize=800%2C600&ssl=1",800,600,true],"newspack-article-block-portrait-medium":["https:\/\/i0.wp.com\/landioustravel.com\/wp-content\/uploads\/2023\/01\/Submarine-Trip-from-El-Gouna-e1672616413408.jpg?resize=600%2C675&ssl=1",600,675,true],"newspack-article-block-square-medium":["https:\/\/i0.wp.com\/landioustravel.com\/wp-content\/uploads\/2023\/01\/Submarine-Trip-from-El-Gouna-e1672616413408.jpg?resize=800%2C675&ssl=1",800,675,true],"newspack-article-block-landscape-intermediate":["https:\/\/i0.wp.com\/landioustravel.com\/wp-content\/uploads\/2023\/01\/Submarine-Trip-from-El-Gouna-e1672616413408.jpg?resize=600%2C450&ssl=1",600,450,true],"newspack-article-block-portrait-intermediate":["https:\/\/i0.wp.com\/landioustravel.com\/wp-content\/uploads\/2023\/01\/Submarine-Trip-from-El-Gouna-e1672616413408.jpg?resize=450%2C600&ssl=1",450,600,true],"newspack-article-block-square-intermediate":["https:\/\/i0.wp.com\/landioustravel.com\/wp-content\/uploads\/2023\/01\/Submarine-Trip-from-El-Gouna-e1672616413408.jpg?resize=600%2C600&ssl=1",600,600,true],"newspack-article-block-landscape-small":["https:\/\/i0.wp.com\/landioustravel.com\/wp-content\/uploads\/2023\/01\/Submarine-Trip-from-El-Gouna-e1672616413408.jpg?resize=400%2C300&ssl=1",400,300,true],"newspack-article-block-portrait-small":["https:\/\/i0.wp.com\/landioustravel.com\/wp-content\/uploads\/2023\/01\/Submarine-Trip-from-El-Gouna-e1672616413408.jpg?resize=300%2C400&ssl=1",300,400,true],"newspack-article-block-square-small":["https:\/\/i0.wp.com\/landioustravel.com\/wp-content\/uploads\/2023\/01\/Submarine-Trip-from-El-Gouna-e1672616413408.jpg?resize=400%2C400&ssl=1",400,400,true],"newspack-article-block-landscape-tiny":["https:\/\/i0.wp.com\/landioustravel.com\/wp-content\/uploads\/2023\/01\/Submarine-Trip-from-El-Gouna-e1672616413408.jpg?resize=200%2C150&ssl=1",200,150,true],"newspack-article-block-portrait-tiny":["https:\/\/i0.wp.com\/landioustravel.com\/wp-content\/uploads\/2023\/01\/Submarine-Trip-from-El-Gouna-e1672616413408.jpg?resize=150%2C200&ssl=1",150,200,true],"newspack-article-block-square-tiny":["https:\/\/i0.wp.com\/landioustravel.com\/wp-content\/uploads\/2023\/01\/Submarine-Trip-from-El-Gouna-e1672616413408.jpg?resize=200%2C200&ssl=1",200,200,true],"newspack-article-block-uncropped":["https:\/\/i0.wp.com\/landioustravel.com\/wp-content\/uploads\/2023\/01\/Submarine-Trip-from-El-Gouna-e1672616413408.jpg?fit=1200%2C675&ssl=1",1200,675,true],"woocommerce_thumbnail":["https:\/\/i0.wp.com\/landioustravel.com\/wp-content\/uploads\/2023\/01\/Submarine-Trip-from-El-Gouna-e1672616413408.jpg?resize=324%2C324&ssl=1",324,324,true],"woocommerce_single":["https:\/\/i0.wp.com\/landioustravel.com\/wp-content\/uploads\/2023\/01\/Submarine-Trip-from-El-Gouna-e1672616413408.jpg?fit=416%2C234&ssl=1",416,234,true],"woocommerce_gallery_thumbnail":["https:\/\/i0.wp.com\/landioustravel.com\/wp-content\/uploads\/2023\/01\/Submarine-Trip-from-El-Gouna-e1672616413408.jpg?resize=100%2C100&ssl=1",100,100,true]},"uagb_author_info":{"display_name":"Mofreh Landious","author_link":"https:\/\/landioustravel.com\/nl\/author\/"},"uagb_comment_info":0,"uagb_excerpt":"Ga op een spannend avontuur met je dierbaren en dompel jezelf onder in de fascinerende wereld van het onderwaterleven in de Rode Zee! Ontdek de schoonheid van de Rode Zeevissen en het Koraalrif terwijl je 25 meter onder water duikt met de Sindbad-onderzee\u00ebr in Hurghada. Je zult versteld staan van de levendige kleuren en de&hellip;","jetpack_sharing_enabled":true,"jetpack_likes_enabled":true,"amp_enabled":true,"_links":{"self":[{"href":"https:\/\/landioustravel.com\/nl\/wp-json\/wp\/v2\/product\/140273","targetHints":{"allow":["GET"]}}],"collection":[{"href":"https:\/\/landioustravel.com\/nl\/wp-json\/wp\/v2\/product"}],"about":[{"href":"https:\/\/landioustravel.com\/nl\/wp-json\/wp\/v2\/types\/product"}],"replies":[{"embeddable":true,"href":"https:\/\/landioustravel.com\/nl\/wp-json\/wp\/v2\/comments?post=140273"}],"wp:featuredmedia":[{"embeddable":true,"href":"https:\/\/landioustravel.com\/nl\/wp-json\/wp\/v2\/media\/140277"}],"wp:attachment":[{"href":"https:\/\/landioustravel.com\/nl\/wp-json\/wp\/v2\/media?parent=140273"}],"wp:term":[{"taxonomy":"product_brand","embeddable":true,"href":"https:\/\/landioustravel.com\/nl\/wp-json\/wp\/v2\/product_brand?post=140273"},{"taxonomy":"product_cat","embeddable":true,"href":"https:\/\/landioustravel.com\/nl\/wp-json\/wp\/v2\/product_cat?post=140273"},{"taxonomy":"product_tag","embeddable":true,"href":"https:\/\/landioustravel.com\/nl\/wp-json\/wp\/v2\/product_tag?post=140273"}],"curies":[{"name":"wp","href":"https:\/\/api.w.org\/{rel}","templated":true}]}}