{"id":140292,"date":"2023-01-01T23:02:46","date_gmt":"2023-04-18T13:49:26","guid":{"rendered":"https:\/\/landioustravel.com\/?post_type=product&#038;p=140292"},"modified":"2023-06-16T17:44:38","modified_gmt":"2023-06-16T15:44:38","slug":"semi-onderzeeer-reis-gouna","status":"publish","type":"product","link":"https:\/\/landioustravel.com\/nl\/shop\/semi-onderzeeer-reis-gouna\/","title":{"rendered":"Semi onderzee\u00ebr reis El Gouna"},"content":{"rendered":"<p>Semi-onderzee\u00ebrreis El Gouna is een favoriete zeereis op een semi-onderzee\u00ebr in El-Gouna\/Hurghada, Egypte! We raden de reis aan omdat het toeristen van alle leeftijden in staat stelt om een leuke tijd op zee te hebben, koraalriffen en veel vissen te bekijken. En het laat je ook genieten van een zeepicknick door de Rode Zee. De Giftun-eilanden bekijken &#8211; een van de Rode Zee-eilanden zal vrolijk zijn!<\/p>\n<h2>Hoogtepunten van de ontdekking van semi-onderzee\u00ebrs vanuit El Gouna<\/h2>\n<ul>\n<li>Zeepicknick aan de overkant van de Rode Zee.<\/li>\n<li>Bekijk de onderwaterwereld aan boord van een semi-onderzee\u00ebr.<\/li>\n<li>Snorkel ook in de open zee met maskers en zwemvliezen.<\/li>\n<\/ul>\n<h2>Programma van de semi-onderzee\u00ebr Excursie<\/h2>\n<ul>\n<li>Landious Travel-vertegenwoordiger haalt u rond 10:00 uur op bij uw hotel in El-Gouna.<\/li>\n<li>Na alle bezoekers genomen te hebben, gaat de bus naar de haven. De weg naar de haven duurt ongeveer 20 minuten.<\/li>\n<li>Aan het begin van het excursieprogramma heb je een zeepicknick aan de Rode Zee.<\/li>\n<li>Vervolgens stap je naar de onderste verdieping van de semi-onderzee\u00ebr. Je kunt daar ongeveer 45 minuten zitten en naar vissen en koraalriffen kijken.<\/li>\n<li>Verder stopt de semi-onderzee\u00ebr op open zee. Zo kun je ongeveer 45 minuten in de open oceaan zwemmen.<\/li>\n<li>Op de terugweg naar de haven heb je ook de kans om koraalriffen en vissen te zien.<\/li>\n<li>Ten slotte begeleiden we u terug naar uw hotel.<\/li>\n<li>Deze Zeereis op een semi-onderzee\u00ebr in El-Gouna\/Hurghada eindigt om ongeveer 13:00 uur.<\/li>\n<\/ul>\n<h2>Wat is inbegrepen in de prijs van de reis in een semi-onderzee\u00ebr El Gouna?<\/h2>\n<ul>\n<li>Maskers en zwemvliezen.<\/li>\n<li>Ook transfer naar de haven en terug naar het hotel.<\/li>\n<\/ul>\n<h2>Wat zit er niet in het programma Semi onderzee\u00ebr Picknick van El Gouna?<\/h2>\n<ul>\n<li>Toegangsprijs (5 USD per persoon)<\/li>\n<li>Video-dvd.<\/li>\n<li>Ook de foto-cd.<\/li>\n<\/ul>\n<h2>Wat neem je mee voor de tour?<\/h2>\n<ul>\n<li>Handdoek.<\/li>\n<li>Ook zonnebrandcr\u00e8me.<\/li>\n<\/ul>\n<h2>Boekingsdagen van Semi-onderzee\u00ebrreis El Gouna<\/h2>\n<ul>\n<li>Dagelijks van 09:00 \u2013 14:00.<\/li>\n<\/ul>\n<h2>Diensten Gepresenteerd tijdens de Semi onderzee\u00ebr Piknik El Gouna<\/h2>\n<ul>\n<li><strong>Vervoer<\/strong>: Landious Travel maakt gebruik van limousines\/minibussen met airconditioning. Een professionele chauffeur begeleidt u naar de haven en uw hotel.<\/li>\n<li><strong>Begeleiding<\/strong>: een professionele Engelse reisleider haalt je op bij je hotels en begeleidt je naar de haven.<\/li>\n<li>Bootfaciliteiten: onze boten zijn nieuwe boten met drie verdiepingen. Deze boten hebben veel faciliteiten: een eetsalon, waterkoeler, een keuken, toiletten en reddingsvesten. Ook bieden we snorkeluitrusting op de eerste verdieping. Ondertussen heeft de zonnedekvloer comfortabele ligbedden en een tent.<\/li>\n<li><strong>Team en personeel<\/strong>: je hebt een vriendelijke en professionele bemanning op de boot. Onze instructeurs en trainers begeleiden je tijdens de reis.<\/li>\n<li><strong>Snorkeluitrusting:<\/strong> u kunt zonder extra kosten reddingsvesten en snorkeluitrusting gebruiken.<\/li>\n<\/ul>\n","protected":false},"excerpt":{"rendered":"<p>Deze ongelooflijke zeereis op een tweedeks semi-onderzee\u00ebr in El-Gouna\/Hurghada laat je de prachtige riffen en kleurrijke vissen van de Rode Zee zien aan boord van een semi-onderzee\u00ebr. De boot drijft op het wateroppervlak, terwijl de bodem tot 4 meter onder water gaat.<\/p>\n<p>U kunt de Rode Zee bewonderen door de grote panoramische ramen &#8211; het benedendek is uitgerust met panoramische ramen van een halve meter om de onderwaterwereld te observeren. Het programma omvat zwemmen en snorkelen met maskers en flippers in de open zee.<\/p>\n","protected":false},"featured_media":140284,"comment_status":"open","ping_status":"closed","template":"","meta":{"_coblocks_attr":"","_coblocks_dimensions":"","_coblocks_responsive_height":"","_coblocks_accordion_ie_support":"","_uag_custom_page_level_css":"","jetpack_publicize_message":"","jetpack_publicize_feature_enabled":true,"jetpack_social_post_already_shared":true,"jetpack_social_options":{"image_generator_settings":{"template":"highway","default_image_id":0,"font":"","enabled":false},"version":2},"_wpas_customize_per_network":false},"product_brand":[],"product_cat":[21017,21021],"product_tag":[13205,13176,13178,13188,13207,13211,13204],"class_list":{"0":"post-140292","1":"product","2":"type-product","3":"status-publish","4":"has-post-thumbnail","6":"product_cat-gouna-excursies","7":"product_cat-gouna-zeereizen","8":"product_tag-boottochten","9":"product_tag-el-gouna-nl","10":"product_tag-excursie","11":"product_tag-hurghada-nl","12":"product_tag-semi-onderzeeer","13":"product_tag-snorkelen","14":"product_tag-zee","15":"pa_age-kind-1-4-jaar","16":"pa_age-kind-5-11-jaar","17":"pa_age-volwassen","19":"first","20":"instock","21":"sale","22":"taxable","23":"shipping-taxable","24":"purchasable","25":"product-type-variable"},"yoast_head":"<!-- This site is optimized with the Yoast SEO Premium plugin v27.5 (Yoast SEO v27.5) - https:\/\/yoast.com\/product\/yoast-seo-premium-wordpress\/ -->\n<title>Semi onderzee\u00ebr reis El Gouna<\/title>\n<meta name=\"description\" content=\"Semi onderzee\u00ebr reis El Gouna is een favoriete zeereis op een semi-onderzee\u00ebr in El-Gouna\/Hurghada, Egypte! We raden de reis aan omdat het toeristen\" \/>\n<meta name=\"robots\" content=\"index, follow, max-snippet:-1, max-image-preview:large, max-video-preview:-1\" \/>\n<link rel=\"canonical\" href=\"https:\/\/landioustravel.com\/nl\/shop\/semi-onderzeeer-reis-gouna\/\" \/>\n<meta property=\"og:locale\" content=\"nl_NL\" \/>\n<meta property=\"og:type\" content=\"article\" \/>\n<meta property=\"og:title\" content=\"Semi onderzee\u00ebr reis El Gouna\" \/>\n<meta property=\"og:description\" content=\"Landious Travel\" \/>\n<meta property=\"og:url\" content=\"https:\/\/landioustravel.com\/nl\/shop\/semi-onderzeeer-reis-gouna\/\" \/>\n<meta property=\"og:site_name\" content=\"Landious Travel\" \/>\n<meta property=\"article:publisher\" content=\"https:\/\/web.facebook.com\/landiousEgypt\" \/>\n<meta property=\"article:modified_time\" content=\"2023-06-16T15:44:38+00:00\" \/>\n<meta property=\"og:image\" content=\"https:\/\/i0.wp.com\/landioustravel.com\/wp-content\/uploads\/2023\/01\/Semi-Submarine-Trip-El-Gouna-e1672606817115.jpg?fit=1200%2C676&ssl=1\" \/>\n\t<meta property=\"og:image:width\" content=\"1200\" \/>\n\t<meta property=\"og:image:height\" content=\"676\" \/>\n\t<meta property=\"og:image:type\" content=\"image\/jpeg\" \/>\n<meta name=\"twitter:card\" content=\"summary_large_image\" \/>\n<meta name=\"twitter:site\" content=\"@LandiousTours\" \/>\n<meta name=\"twitter:label1\" content=\"Geschatte leestijd\" \/>\n\t<meta name=\"twitter:data1\" content=\"2 minuten\" \/>\n<script type=\"application\/ld+json\" class=\"yoast-schema-graph\">{\"@context\":\"https:\\\/\\\/schema.org\",\"@graph\":[{\"@type\":\"WebPage\",\"@id\":\"https:\\\/\\\/landioustravel.com\\\/nl\\\/shop\\\/semi-onderzeeer-reis-gouna\\\/\",\"url\":\"https:\\\/\\\/landioustravel.com\\\/nl\\\/shop\\\/semi-onderzeeer-reis-gouna\\\/\",\"name\":\"Semi onderzee\u00ebr reis El Gouna\",\"isPartOf\":{\"@id\":\"https:\\\/\\\/landioustravel.com\\\/nl\\\/#website\"},\"primaryImageOfPage\":{\"@id\":\"https:\\\/\\\/landioustravel.com\\\/nl\\\/shop\\\/semi-onderzeeer-reis-gouna\\\/#primaryimage\"},\"image\":{\"@id\":\"https:\\\/\\\/landioustravel.com\\\/nl\\\/shop\\\/semi-onderzeeer-reis-gouna\\\/#primaryimage\"},\"thumbnailUrl\":\"https:\\\/\\\/i0.wp.com\\\/landioustravel.com\\\/wp-content\\\/uploads\\\/2023\\\/01\\\/Semi-Submarine-Trip-El-Gouna-e1672606817115.jpg?fit=1200%2C676&ssl=1\",\"datePublished\":\"2023-04-18T13:49:26+00:00\",\"dateModified\":\"2023-06-16T15:44:38+00:00\",\"description\":\"Semi onderzee\u00ebr reis El Gouna is een favoriete zeereis op een semi-onderzee\u00ebr in El-Gouna\\\/Hurghada, Egypte! We raden de reis aan omdat het toeristen\",\"breadcrumb\":{\"@id\":\"https:\\\/\\\/landioustravel.com\\\/nl\\\/shop\\\/semi-onderzeeer-reis-gouna\\\/#breadcrumb\"},\"inLanguage\":\"nl-NL\",\"potentialAction\":[{\"@type\":\"ReadAction\",\"target\":[\"https:\\\/\\\/landioustravel.com\\\/nl\\\/shop\\\/semi-onderzeeer-reis-gouna\\\/\"]}]},{\"@type\":\"ImageObject\",\"inLanguage\":\"nl-NL\",\"@id\":\"https:\\\/\\\/landioustravel.com\\\/nl\\\/shop\\\/semi-onderzeeer-reis-gouna\\\/#primaryimage\",\"url\":\"https:\\\/\\\/i0.wp.com\\\/landioustravel.com\\\/wp-content\\\/uploads\\\/2023\\\/01\\\/Semi-Submarine-Trip-El-Gouna-e1672606817115.jpg?fit=1200%2C676&ssl=1\",\"contentUrl\":\"https:\\\/\\\/i0.wp.com\\\/landioustravel.com\\\/wp-content\\\/uploads\\\/2023\\\/01\\\/Semi-Submarine-Trip-El-Gouna-e1672606817115.jpg?fit=1200%2C676&ssl=1\",\"width\":1200,\"height\":676,\"caption\":\"Semi Submarine Trip El Gouna\"},{\"@type\":\"BreadcrumbList\",\"@id\":\"https:\\\/\\\/landioustravel.com\\\/nl\\\/shop\\\/semi-onderzeeer-reis-gouna\\\/#breadcrumb\",\"itemListElement\":[{\"@type\":\"ListItem\",\"position\":1,\"name\":\"Home\",\"item\":\"https:\\\/\\\/landioustravel.com\\\/nl\\\/\"},{\"@type\":\"ListItem\",\"position\":2,\"name\":\"Diensten &amp; rondleidingen\",\"item\":\"https:\\\/\\\/landioustravel.com\\\/nl\\\/\"},{\"@type\":\"ListItem\",\"position\":3,\"name\":\"Semi onderzee\u00ebr reis El Gouna\"}]},{\"@type\":\"WebSite\",\"@id\":\"https:\\\/\\\/landioustravel.com\\\/nl\\\/#website\",\"url\":\"https:\\\/\\\/landioustravel.com\\\/nl\\\/\",\"name\":\"Landious Travel\",\"description\":\"Excursions, trips and cruises in Egypt\",\"publisher\":{\"@id\":\"https:\\\/\\\/landioustravel.com\\\/nl\\\/#organization\"},\"potentialAction\":[{\"@type\":\"SearchAction\",\"target\":{\"@type\":\"EntryPoint\",\"urlTemplate\":\"https:\\\/\\\/landioustravel.com\\\/nl\\\/?s={search_term_string}\"},\"query-input\":{\"@type\":\"PropertyValueSpecification\",\"valueRequired\":true,\"valueName\":\"search_term_string\"}}],\"inLanguage\":\"nl-NL\"},{\"@type\":[\"Organization\",\"Place\"],\"@id\":\"https:\\\/\\\/landioustravel.com\\\/nl\\\/#organization\",\"name\":\"Landious Travel\",\"alternateName\":\"Landious Travel\",\"url\":\"https:\\\/\\\/landioustravel.com\\\/nl\\\/\",\"logo\":{\"@id\":\"https:\\\/\\\/landioustravel.com\\\/nl\\\/shop\\\/semi-onderzeeer-reis-gouna\\\/#local-main-organization-logo\"},\"image\":{\"@id\":\"https:\\\/\\\/landioustravel.com\\\/nl\\\/shop\\\/semi-onderzeeer-reis-gouna\\\/#local-main-organization-logo\"},\"sameAs\":[\"https:\\\/\\\/web.facebook.com\\\/landiousEgypt\",\"https:\\\/\\\/x.com\\\/LandiousTours\",\"https:\\\/\\\/mastodon.social\\\/@landious\"],\"legalName\":\"Landious Travel\",\"telephone\":[],\"openingHoursSpecification\":[{\"@type\":\"OpeningHoursSpecification\",\"dayOfWeek\":[\"Monday\",\"Tuesday\",\"Wednesday\",\"Thursday\",\"Friday\",\"Saturday\",\"Sunday\"],\"opens\":\"09:00\",\"closes\":\"17:00\"}]},{\"@type\":\"ImageObject\",\"inLanguage\":\"nl-NL\",\"@id\":\"https:\\\/\\\/landioustravel.com\\\/nl\\\/shop\\\/semi-onderzeeer-reis-gouna\\\/#local-main-organization-logo\",\"url\":\"https:\\\/\\\/i0.wp.com\\\/landioustravel.com\\\/wp-content\\\/uploads\\\/2021\\\/06\\\/Landious-T.png?fit=500%2C500&ssl=1\",\"contentUrl\":\"https:\\\/\\\/i0.wp.com\\\/landioustravel.com\\\/wp-content\\\/uploads\\\/2021\\\/06\\\/Landious-T.png?fit=500%2C500&ssl=1\",\"width\":500,\"height\":500,\"caption\":\"Landious Travel\"}]}<\/script>\n<!-- \/ Yoast SEO Premium plugin. -->","yoast_head_json":{"title":"Semi onderzee\u00ebr reis El Gouna","description":"Semi onderzee\u00ebr reis El Gouna is een favoriete zeereis op een semi-onderzee\u00ebr in El-Gouna\/Hurghada, Egypte! We raden de reis aan omdat het toeristen","robots":{"index":"index","follow":"follow","max-snippet":"max-snippet:-1","max-image-preview":"max-image-preview:large","max-video-preview":"max-video-preview:-1"},"canonical":"https:\/\/landioustravel.com\/nl\/shop\/semi-onderzeeer-reis-gouna\/","og_locale":"nl_NL","og_type":"article","og_title":"Semi onderzee\u00ebr reis El Gouna","og_description":"Landious Travel","og_url":"https:\/\/landioustravel.com\/nl\/shop\/semi-onderzeeer-reis-gouna\/","og_site_name":"Landious Travel","article_publisher":"https:\/\/web.facebook.com\/landiousEgypt","article_modified_time":"2023-06-16T15:44:38+00:00","og_image":[{"width":1200,"height":676,"url":"https:\/\/i0.wp.com\/landioustravel.com\/wp-content\/uploads\/2023\/01\/Semi-Submarine-Trip-El-Gouna-e1672606817115.jpg?fit=1200%2C676&ssl=1","type":"image\/jpeg"}],"twitter_card":"summary_large_image","twitter_site":"@LandiousTours","twitter_misc":{"Geschatte leestijd":"2 minuten"},"schema":{"@context":"https:\/\/schema.org","@graph":[{"@type":"WebPage","@id":"https:\/\/landioustravel.com\/nl\/shop\/semi-onderzeeer-reis-gouna\/","url":"https:\/\/landioustravel.com\/nl\/shop\/semi-onderzeeer-reis-gouna\/","name":"Semi onderzee\u00ebr reis El Gouna","isPartOf":{"@id":"https:\/\/landioustravel.com\/nl\/#website"},"primaryImageOfPage":{"@id":"https:\/\/landioustravel.com\/nl\/shop\/semi-onderzeeer-reis-gouna\/#primaryimage"},"image":{"@id":"https:\/\/landioustravel.com\/nl\/shop\/semi-onderzeeer-reis-gouna\/#primaryimage"},"thumbnailUrl":"https:\/\/i0.wp.com\/landioustravel.com\/wp-content\/uploads\/2023\/01\/Semi-Submarine-Trip-El-Gouna-e1672606817115.jpg?fit=1200%2C676&ssl=1","datePublished":"2023-04-18T13:49:26+00:00","dateModified":"2023-06-16T15:44:38+00:00","description":"Semi onderzee\u00ebr reis El Gouna is een favoriete zeereis op een semi-onderzee\u00ebr in El-Gouna\/Hurghada, Egypte! We raden de reis aan omdat het toeristen","breadcrumb":{"@id":"https:\/\/landioustravel.com\/nl\/shop\/semi-onderzeeer-reis-gouna\/#breadcrumb"},"inLanguage":"nl-NL","potentialAction":[{"@type":"ReadAction","target":["https:\/\/landioustravel.com\/nl\/shop\/semi-onderzeeer-reis-gouna\/"]}]},{"@type":"ImageObject","inLanguage":"nl-NL","@id":"https:\/\/landioustravel.com\/nl\/shop\/semi-onderzeeer-reis-gouna\/#primaryimage","url":"https:\/\/i0.wp.com\/landioustravel.com\/wp-content\/uploads\/2023\/01\/Semi-Submarine-Trip-El-Gouna-e1672606817115.jpg?fit=1200%2C676&ssl=1","contentUrl":"https:\/\/i0.wp.com\/landioustravel.com\/wp-content\/uploads\/2023\/01\/Semi-Submarine-Trip-El-Gouna-e1672606817115.jpg?fit=1200%2C676&ssl=1","width":1200,"height":676,"caption":"Semi Submarine Trip El Gouna"},{"@type":"BreadcrumbList","@id":"https:\/\/landioustravel.com\/nl\/shop\/semi-onderzeeer-reis-gouna\/#breadcrumb","itemListElement":[{"@type":"ListItem","position":1,"name":"Home","item":"https:\/\/landioustravel.com\/nl\/"},{"@type":"ListItem","position":2,"name":"Diensten &amp; rondleidingen","item":"https:\/\/landioustravel.com\/nl\/"},{"@type":"ListItem","position":3,"name":"Semi onderzee\u00ebr reis El Gouna"}]},{"@type":"WebSite","@id":"https:\/\/landioustravel.com\/nl\/#website","url":"https:\/\/landioustravel.com\/nl\/","name":"Landious Travel","description":"Excursions, trips and cruises in Egypt","publisher":{"@id":"https:\/\/landioustravel.com\/nl\/#organization"},"potentialAction":[{"@type":"SearchAction","target":{"@type":"EntryPoint","urlTemplate":"https:\/\/landioustravel.com\/nl\/?s={search_term_string}"},"query-input":{"@type":"PropertyValueSpecification","valueRequired":true,"valueName":"search_term_string"}}],"inLanguage":"nl-NL"},{"@type":["Organization","Place"],"@id":"https:\/\/landioustravel.com\/nl\/#organization","name":"Landious Travel","alternateName":"Landious Travel","url":"https:\/\/landioustravel.com\/nl\/","logo":{"@id":"https:\/\/landioustravel.com\/nl\/shop\/semi-onderzeeer-reis-gouna\/#local-main-organization-logo"},"image":{"@id":"https:\/\/landioustravel.com\/nl\/shop\/semi-onderzeeer-reis-gouna\/#local-main-organization-logo"},"sameAs":["https:\/\/web.facebook.com\/landiousEgypt","https:\/\/x.com\/LandiousTours","https:\/\/mastodon.social\/@landious"],"legalName":"Landious Travel","telephone":[],"openingHoursSpecification":[{"@type":"OpeningHoursSpecification","dayOfWeek":["Monday","Tuesday","Wednesday","Thursday","Friday","Saturday","Sunday"],"opens":"09:00","closes":"17:00"}]},{"@type":"ImageObject","inLanguage":"nl-NL","@id":"https:\/\/landioustravel.com\/nl\/shop\/semi-onderzeeer-reis-gouna\/#local-main-organization-logo","url":"https:\/\/i0.wp.com\/landioustravel.com\/wp-content\/uploads\/2021\/06\/Landious-T.png?fit=500%2C500&ssl=1","contentUrl":"https:\/\/i0.wp.com\/landioustravel.com\/wp-content\/uploads\/2021\/06\/Landious-T.png?fit=500%2C500&ssl=1","width":500,"height":500,"caption":"Landious Travel"}]}},"jetpack_publicize_connections":[],"uagb_featured_image_src":{"full":["https:\/\/i0.wp.com\/landioustravel.com\/wp-content\/uploads\/2023\/01\/Semi-Submarine-Trip-El-Gouna-e1672606817115.jpg?fit=1200%2C676&ssl=1",1200,676,false],"thumbnail":["https:\/\/i0.wp.com\/landioustravel.com\/wp-content\/uploads\/2023\/01\/Semi-Submarine-Trip-El-Gouna-e1672606817115.jpg?resize=150%2C150&ssl=1",150,150,true],"medium":["https:\/\/i0.wp.com\/landioustravel.com\/wp-content\/uploads\/2023\/01\/Semi-Submarine-Trip-El-Gouna-e1672606817115.jpg?fit=300%2C169&ssl=1",300,169,true],"medium_large":["https:\/\/i0.wp.com\/landioustravel.com\/wp-content\/uploads\/2023\/01\/Semi-Submarine-Trip-El-Gouna-e1672606817115.jpg?fit=768%2C433&ssl=1",768,433,true],"large":["https:\/\/i0.wp.com\/landioustravel.com\/wp-content\/uploads\/2023\/01\/Semi-Submarine-Trip-El-Gouna-e1672606817115.jpg?fit=980%2C552&ssl=1",980,552,true],"1536x1536":["https:\/\/i0.wp.com\/landioustravel.com\/wp-content\/uploads\/2023\/01\/Semi-Submarine-Trip-El-Gouna-e1672606817115.jpg?fit=1536%2C866&ssl=1",1536,866,true],"2048x2048":["https:\/\/i0.wp.com\/landioustravel.com\/wp-content\/uploads\/2023\/01\/Semi-Submarine-Trip-El-Gouna-e1672606817115.jpg?fit=2048%2C1259&ssl=1",2048,1259,true],"newspack-article-block-landscape-large":["https:\/\/i0.wp.com\/landioustravel.com\/wp-content\/uploads\/2023\/01\/Semi-Submarine-Trip-El-Gouna-e1672606817115.jpg?resize=1200%2C676&ssl=1",1200,676,true],"newspack-article-block-portrait-large":["https:\/\/i0.wp.com\/landioustravel.com\/wp-content\/uploads\/2023\/01\/Semi-Submarine-Trip-El-Gouna-e1672606817115.jpg?resize=900%2C676&ssl=1",900,676,true],"newspack-article-block-square-large":["https:\/\/i0.wp.com\/landioustravel.com\/wp-content\/uploads\/2023\/01\/Semi-Submarine-Trip-El-Gouna-e1672606817115.jpg?resize=1200%2C676&ssl=1",1200,676,true],"newspack-article-block-landscape-medium":["https:\/\/i0.wp.com\/landioustravel.com\/wp-content\/uploads\/2023\/01\/Semi-Submarine-Trip-El-Gouna-e1672606817115.jpg?resize=800%2C600&ssl=1",800,600,true],"newspack-article-block-portrait-medium":["https:\/\/i0.wp.com\/landioustravel.com\/wp-content\/uploads\/2023\/01\/Semi-Submarine-Trip-El-Gouna-e1672606817115.jpg?resize=600%2C676&ssl=1",600,676,true],"newspack-article-block-square-medium":["https:\/\/i0.wp.com\/landioustravel.com\/wp-content\/uploads\/2023\/01\/Semi-Submarine-Trip-El-Gouna-e1672606817115.jpg?resize=800%2C676&ssl=1",800,676,true],"newspack-article-block-landscape-intermediate":["https:\/\/i0.wp.com\/landioustravel.com\/wp-content\/uploads\/2023\/01\/Semi-Submarine-Trip-El-Gouna-e1672606817115.jpg?resize=600%2C450&ssl=1",600,450,true],"newspack-article-block-portrait-intermediate":["https:\/\/i0.wp.com\/landioustravel.com\/wp-content\/uploads\/2023\/01\/Semi-Submarine-Trip-El-Gouna-e1672606817115.jpg?resize=450%2C600&ssl=1",450,600,true],"newspack-article-block-square-intermediate":["https:\/\/i0.wp.com\/landioustravel.com\/wp-content\/uploads\/2023\/01\/Semi-Submarine-Trip-El-Gouna-e1672606817115.jpg?resize=600%2C600&ssl=1",600,600,true],"newspack-article-block-landscape-small":["https:\/\/i0.wp.com\/landioustravel.com\/wp-content\/uploads\/2023\/01\/Semi-Submarine-Trip-El-Gouna-e1672606817115.jpg?resize=400%2C300&ssl=1",400,300,true],"newspack-article-block-portrait-small":["https:\/\/i0.wp.com\/landioustravel.com\/wp-content\/uploads\/2023\/01\/Semi-Submarine-Trip-El-Gouna-e1672606817115.jpg?resize=300%2C400&ssl=1",300,400,true],"newspack-article-block-square-small":["https:\/\/i0.wp.com\/landioustravel.com\/wp-content\/uploads\/2023\/01\/Semi-Submarine-Trip-El-Gouna-e1672606817115.jpg?resize=400%2C400&ssl=1",400,400,true],"newspack-article-block-landscape-tiny":["https:\/\/i0.wp.com\/landioustravel.com\/wp-content\/uploads\/2023\/01\/Semi-Submarine-Trip-El-Gouna-e1672606817115.jpg?resize=200%2C150&ssl=1",200,150,true],"newspack-article-block-portrait-tiny":["https:\/\/i0.wp.com\/landioustravel.com\/wp-content\/uploads\/2023\/01\/Semi-Submarine-Trip-El-Gouna-e1672606817115.jpg?resize=150%2C200&ssl=1",150,200,true],"newspack-article-block-square-tiny":["https:\/\/i0.wp.com\/landioustravel.com\/wp-content\/uploads\/2023\/01\/Semi-Submarine-Trip-El-Gouna-e1672606817115.jpg?resize=200%2C200&ssl=1",200,200,true],"newspack-article-block-uncropped":["https:\/\/i0.wp.com\/landioustravel.com\/wp-content\/uploads\/2023\/01\/Semi-Submarine-Trip-El-Gouna-e1672606817115.jpg?fit=1200%2C676&ssl=1",1200,676,true],"woocommerce_thumbnail":["https:\/\/i0.wp.com\/landioustravel.com\/wp-content\/uploads\/2023\/01\/Semi-Submarine-Trip-El-Gouna-e1672606817115.jpg?resize=324%2C324&ssl=1",324,324,true],"woocommerce_single":["https:\/\/i0.wp.com\/landioustravel.com\/wp-content\/uploads\/2023\/01\/Semi-Submarine-Trip-El-Gouna-e1672606817115.jpg?fit=416%2C234&ssl=1",416,234,true],"woocommerce_gallery_thumbnail":["https:\/\/i0.wp.com\/landioustravel.com\/wp-content\/uploads\/2023\/01\/Semi-Submarine-Trip-El-Gouna-e1672606817115.jpg?resize=100%2C100&ssl=1",100,100,true]},"uagb_author_info":{"display_name":"Mofreh Landious","author_link":"https:\/\/landioustravel.com\/nl\/author\/"},"uagb_comment_info":0,"uagb_excerpt":"Deze ongelooflijke zeereis op een tweedeks semi-onderzee\u00ebr in El-Gouna\/Hurghada laat je de prachtige riffen en kleurrijke vissen van de Rode Zee zien aan boord van een semi-onderzee\u00ebr. De boot drijft op het wateroppervlak, terwijl de bodem tot 4 meter onder water gaat. U kunt de Rode Zee bewonderen door de grote panoramische ramen - het&hellip;","jetpack_sharing_enabled":true,"jetpack_likes_enabled":true,"amp_enabled":true,"_links":{"self":[{"href":"https:\/\/landioustravel.com\/nl\/wp-json\/wp\/v2\/product\/140292","targetHints":{"allow":["GET"]}}],"collection":[{"href":"https:\/\/landioustravel.com\/nl\/wp-json\/wp\/v2\/product"}],"about":[{"href":"https:\/\/landioustravel.com\/nl\/wp-json\/wp\/v2\/types\/product"}],"replies":[{"embeddable":true,"href":"https:\/\/landioustravel.com\/nl\/wp-json\/wp\/v2\/comments?post=140292"}],"wp:featuredmedia":[{"embeddable":true,"href":"https:\/\/landioustravel.com\/nl\/wp-json\/wp\/v2\/media\/140284"}],"wp:attachment":[{"href":"https:\/\/landioustravel.com\/nl\/wp-json\/wp\/v2\/media?parent=140292"}],"wp:term":[{"taxonomy":"product_brand","embeddable":true,"href":"https:\/\/landioustravel.com\/nl\/wp-json\/wp\/v2\/product_brand?post=140292"},{"taxonomy":"product_cat","embeddable":true,"href":"https:\/\/landioustravel.com\/nl\/wp-json\/wp\/v2\/product_cat?post=140292"},{"taxonomy":"product_tag","embeddable":true,"href":"https:\/\/landioustravel.com\/nl\/wp-json\/wp\/v2\/product_tag?post=140292"}],"curies":[{"name":"wp","href":"https:\/\/api.w.org\/{rel}","templated":true}]}}