{"id":140365,"date":"2022-12-30T09:07:23","date_gmt":"2023-04-20T01:33:28","guid":{"rendered":"https:\/\/landioustravel.com\/?post_type=product&#038;p=140365"},"modified":"2023-06-17T22:55:40","modified_gmt":"2023-06-17T20:55:40","slug":"cairo-tour-vanuit-gouna","status":"publish","type":"product","link":"https:\/\/landioustravel.com\/nl\/shop\/cairo-tour-vanuit-gouna\/","title":{"rendered":"Ca\u00efro tour vanuit El Gouna"},"content":{"rendered":"<p>Ca\u00efro Tour vanuit El Gouna is een spannende reis om de topattracties in Ca\u00efro en Gizeh te zien vanuit El Gouna, Egypte! Het is ongetwijfeld een van de meest populaire El Gouna tours naar de piramides van Gizeh! We raden de excursie aan omdat toeristen hierdoor de meest indrukwekkende monumenten kunnen zien die in het oude Egypte zijn gebouwd. Bovendien kunnen toeristen hierdoor meer te weten komen over de geschiedenis van het land.<\/p>\n<h2>Hoogtepunten van Ca\u00efro tour vanuit El Gouna<\/h2>\n<ul>\n<li>Bezoek het Egyptisch Museum in Ca\u00efro.<\/li>\n<li>Lunchen in een restaurant.<\/li>\n<li>Bezoek de drie piramides in Gizeh.<\/li>\n<li>Bezoek ook de Grote Sfinx in het piramidecomplex.<\/li>\n<\/ul>\n<h2>Programma van de reis Ca\u00efro-Gizeh<\/h2>\n<ul>\n<li>Eerst haalt de vertegenwoordiger van Landious Travel u rond 03:00 uur op bij uw hotel in El Gouna.<\/li>\n<li>Ten tweede vertrekt de minibus, nadat alle bezoekers zijn opgehaald, naar Ca\u00efro. Het zal de stad Ras Ghareb, Zaafaran, Ain Sokhna en Suez passeren. Al deze steden liggen ten noorden van El Gouna, aan de kust van de Rode Zee. De weg van het centrum van Hurghada naar Ca\u00efro duurt ongeveer 6 uur.<\/li>\n<li>De excursie naar Ca\u00efro &#8211; Gizeh vanuit El Gouna gaat naar twee steden, Ca\u00efro en Gizeh. Het is een van de mooiste tours naar de Sfinx!<\/li>\n<\/ul>\n<h3>Programma in Ca\u00efro<\/h3>\n<ul>\n<li>Eenmaal aangekomen in Ca\u00efro, laten we je het Egyptisch Museum zien. Je gids heeft de taak om je al deze tempels te laten zien en je vrije tijd te geven om foto&#8217;s te maken.<\/li>\n<li>Na het bezoek aan het Egyptisch Museum in Ca\u00efro begint u aan een boottocht over de rivier de Nijl. Het is een aanvullend programma. Natuurlijk kunt u deze vooraf via ons reserveren! Zodra de boottocht op de Nijl eindigt, ga je naar een andere stad &#8211; Gizeh.<\/li>\n<\/ul>\n<h3>Programma in Gizeh<\/h3>\n<ul>\n<li>Natuurlijk gaat de tour door in Gizeh. De eerste stop daar is in het restaurant. Het biedt een buffet.<\/li>\n<li>Daarna gaat de groep naar het piramidecomplex, de fantastische drie piramides en de Sfinx. Nogmaals, je gids zal je deze monumenten laten zien en je vrije tijd geven om een foto te maken.<\/li>\n<\/ul>\n<h5>Vertrek<\/h5>\n<ul>\n<li>Eindelijk zal onze bus na zo&#8217;n programma vertrekken in de prachtige steden Ca\u00efro en Gizeh.<\/li>\n<li>Deze excursie naar Ca\u00efro en Gizeh vanuit El Gouna eindigt om ongeveer 22:00 uur.<\/li>\n<\/ul>\n<h2>Wat is inclusief de prijs van de excursie El Gouna naar Ca\u00efro en Gizeh?<\/h2>\n<ul>\n<li>Tickets voor het bezoeken van tempels.<\/li>\n<li>Lunch.<\/li>\n<li>Gids.<\/li>\n<li>Ook transfer naar Ca\u00efro en terug naar het hotel.<\/li>\n<\/ul>\n<h2>Wat is niet inbegrepen in het programma Ca\u00efro en Gizeh Excursie El Gouna?<\/h2>\n<ul>\n<li>Aanvullende excursieprogramma&#8217;s indien niet inbegrepen in het bovenstaande programma.<\/li>\n<li>Ook zijn drankjes in het restaurant voor extra geld.<\/li>\n<\/ul>\n<h2>Wat neem je mee voor de reis naar Ca\u00efro \u2013 Gizeh?<\/h2>\n<ul>\n<li>Ontbijtdoos.<\/li>\n<li>Paspoort.<\/li>\n<li>Trek ook geschikte kleding aan voor het seizoen.<\/li>\n<\/ul>\n<h2>Boekingsdagen van Ca\u00efro-tour vanuit El Gouna<\/h2>\n<ul>\n<li>Dagelijks van 02:00 \u2013 22:00.<\/li>\n<\/ul>\n<h2>Wat wordt er verwacht tijdens de Gizeh &amp; Ca\u00efro tour vanuit El Gouna?<\/h2>\n<h3>Egyptisch museum<\/h3>\n<p>Het Egyptisch Museum is het oudste archeologische museum in Egypte en het Midden-Oosten. Het vertoont een uitgebreide collectie van de Predynastische periode tot de Grieks-Romeinse periode. Bovendien herbergt deze repository de meest uitgebreide collectie faraonische antiquiteiten ter wereld. Deze fantastische collectie schetst 5000 jaar Egyptische geschiedenis.<\/p>\n<h3>Piramidecomplex van Gizeh<\/h3>\n<p>Het piramidecomplex van Gizeh is de meest populaire toeristische attractie in Egypte. Dit complex is een oud-Egyptische vindplaats op het plateau van Gizeh. Het is algemeen bekend en omvat de Grote Piramide van Gizeh, de bijbehorende netwerken en de Sfinx van Gizeh. We noemen het ook de Necropolis van Gizeh.<\/p>\n<p>De oude Egyptenaren bouwden deze enorme constructies tijdens de vierde dynastie van het oude koninkrijk van het oude Egypte. Bovendien omvat het Giza-complex verschillende begraafplaatsen en de overblijfselen van een arbeidersnederzetting op zijn grondgebied.<\/p>\n<h3>Piramide van Khufu<\/h3>\n<p>De Piramide van Khufu staat op een torenhoge hoogte van 138,5 meter. Gelegen in het piramidecomplex van Gizeh, heeft deze oudste en grootste piramide mensen door de eeuwen heen verbaasd. Dit wonder maakt deel uit van de zeven wonderen van de antieke wereld.<\/p>\n<h3>Piramide van Chefren<\/h3>\n<p>De Piramide van Khafre staat op 448 voet met een basislengte van 706 voet. Deze afmetingen maken de Piramide tot de op een na hoogste en op een na grootste van het Gizeh-piramidecomplex. Dit historische monument staat ook wel bekend als de Piramide van Chefren. Het herbergt het graf van de farao Khafre van de vierde dynastie, die regeerde tussen 2558-2532 v.Chr.<\/p>\n<h3>Menkaure-piramide<\/h3>\n<p>Menkaure is de derde piramide in het piramidecomplex van Gizeh in Groot-Ca\u00efro, Egypte. Kleinste van de drie; deze prachtige structuur stijgt tot 66 meter (218 voet). Menkaure Pyramid herbergt enkele van de meest verbluffende sculpturen uit de oude Egyptische geschiedenis, ondanks dat ze kort zijn.<\/p>\n<h3>Grote Sfinx<\/h3>\n<p>De Grote Sfinx is een van de belangrijkste sculpturen ter wereld. Het staat bijna 20 meter en toont het lichaam van een achterover leunende leeuw en een menselijk hoofd. Een koninklijke hoofdtooi siert het menselijke hoofd van de Sfinx. De lengte van dit prachtige beeld is ongeveer 240 voet.<\/p>\n","protected":false},"excerpt":{"rendered":"<p>Bereid je voor om vol ontzag te staan tijdens je reis van El Gouna naar Ca\u00efro terwijl je je waagt in de richting van de grote piramides van Gizeh en de Sfinx. Je geniet van een heerlijke lunch voordat je het fascinerende Egyptisch Museum gaat verkennen, met een verbazingwekkende collectie van meer dan 150.000 artefacten verspreid over 100 tentoonstellingszalen. Je tourkosten zijn inclusief toegangskaarten en lunch, dus leun achterover en ontspan terwijl je aan een onvergetelijk avontuur begint. Geniet van een opwindende dagtocht naar Ca\u00efro en de piramides vanuit El Gouna in een priv\u00e9auto met airconditioning terwijl je de rijke geschiedenis van Ca\u00efro ontdekt die verschillende periodes omvat, waaronder het faraonische tijdperk, de Koptische en islamitische tijd. Als onze vertegenwoordiger u om 03:30 uur ophaalt bij uw hotel, duurt de reis van 500 km naar Ca\u00efro ongeveer 6 uur, waar u wordt begroet door onze behulpzame vertegenwoordiger. Je Egyptoloog-gids neemt je vervolgens mee op een boeiende rondleiding door de piramides van Cheops, Chephren, Mykerinus, de Sfinx en de Valleitempel van de Piramide van Chephren. Na een heerlijke lunch in een plaatselijk restaurant, verken je het Egyptisch Museum, dat een zeldzame collectie van 5000 jaar kunst herbergt, waaronder een tentoonstelling gewijd aan de schatten en juwelen van Toetanchamon. Uw reis wordt afgesloten met een comfortabele rit terug naar uw hotel in El Gouna vanuit Ca\u00efro. Maak je klaar voor een toekomstige ervaring die je niet snel zult vergeten!<\/p>\n","protected":false},"featured_media":140368,"comment_status":"open","ping_status":"closed","template":"","meta":{"_coblocks_attr":"","_coblocks_dimensions":"","_coblocks_responsive_height":"","_coblocks_accordion_ie_support":"","_uag_custom_page_level_css":"","jetpack_post_was_ever_published":false,"jetpack_publicize_message":"","jetpack_publicize_feature_enabled":true,"jetpack_social_post_already_shared":true,"jetpack_social_options":{"image_generator_settings":{"template":"highway","default_image_id":0,"font":"","enabled":false},"version":2},"_wpas_customize_per_network":false},"product_brand":[],"product_cat":[21017,21022],"product_tag":[13209,13165,13176,13178,13195,13212],"class_list":{"0":"post-140365","1":"product","2":"type-product","3":"status-publish","4":"has-post-thumbnail","6":"product_cat-gouna-excursies","7":"product_cat-gouna-sightseeing-tochten","8":"product_tag-bezienswaardigheden","9":"product_tag-cairo-nl","10":"product_tag-el-gouna-nl","11":"product_tag-excursie","12":"product_tag-piramides-nl","13":"product_tag-sfinx","14":"pa_age-kind-1-4-jaar","15":"pa_age-kind-5-11-jaar","16":"pa_age-volwassen","18":"first","19":"instock","20":"sale","21":"taxable","22":"shipping-taxable","23":"purchasable","24":"product-type-variable"},"yoast_head":"<!-- This site is optimized with the Yoast SEO Premium plugin v26.9 (Yoast SEO v27.3) - https:\/\/yoast.com\/product\/yoast-seo-premium-wordpress\/ -->\n<title>Ca\u00efro tour vanuit El Gouna<\/title>\n<meta name=\"description\" content=\"Ca\u00efro tour vanuit El Gouna is een spannende reis om de topattracties in Ca\u00efro en Gizeh te zien vanuit El Gouna, Egypte! Het is ongetwijfeld een van de meest\" \/>\n<meta name=\"robots\" content=\"index, follow, max-snippet:-1, max-image-preview:large, max-video-preview:-1\" \/>\n<link rel=\"canonical\" href=\"https:\/\/landioustravel.com\/nl\/shop\/cairo-tour-vanuit-gouna\/\" \/>\n<meta property=\"og:locale\" content=\"nl_NL\" \/>\n<meta property=\"og:type\" content=\"article\" \/>\n<meta property=\"og:title\" content=\"Ca\u00efro tour vanuit El Gouna\" \/>\n<meta property=\"og:description\" content=\"Landious Travel\" \/>\n<meta property=\"og:url\" content=\"https:\/\/landioustravel.com\/nl\/shop\/cairo-tour-vanuit-gouna\/\" \/>\n<meta property=\"og:site_name\" content=\"Landious Travel\" \/>\n<meta property=\"article:publisher\" content=\"https:\/\/web.facebook.com\/landiousEgypt\" \/>\n<meta property=\"article:modified_time\" content=\"2023-06-17T20:55:40+00:00\" \/>\n<meta property=\"og:image\" content=\"https:\/\/i0.wp.com\/landioustravel.com\/wp-content\/uploads\/2022\/12\/Cairo-Tour-from-El-Gouna-e1672383802731.jpeg?fit=1200%2C675&ssl=1\" \/>\n\t<meta property=\"og:image:width\" content=\"1200\" \/>\n\t<meta property=\"og:image:height\" content=\"675\" \/>\n\t<meta property=\"og:image:type\" content=\"image\/jpeg\" \/>\n<meta name=\"twitter:card\" content=\"summary_large_image\" \/>\n<meta name=\"twitter:site\" content=\"@LandiousTours\" \/>\n<meta name=\"twitter:label1\" content=\"Geschatte leestijd\" \/>\n\t<meta name=\"twitter:data1\" content=\"4 minuten\" \/>\n<script type=\"application\/ld+json\" class=\"yoast-schema-graph\">{\"@context\":\"https:\\\/\\\/schema.org\",\"@graph\":[{\"@type\":\"WebPage\",\"@id\":\"https:\\\/\\\/landioustravel.com\\\/nl\\\/shop\\\/cairo-tour-vanuit-gouna\\\/\",\"url\":\"https:\\\/\\\/landioustravel.com\\\/nl\\\/shop\\\/cairo-tour-vanuit-gouna\\\/\",\"name\":\"Ca\u00efro tour vanuit El Gouna\",\"isPartOf\":{\"@id\":\"https:\\\/\\\/landioustravel.com\\\/nl\\\/#website\"},\"primaryImageOfPage\":{\"@id\":\"https:\\\/\\\/landioustravel.com\\\/nl\\\/shop\\\/cairo-tour-vanuit-gouna\\\/#primaryimage\"},\"image\":{\"@id\":\"https:\\\/\\\/landioustravel.com\\\/nl\\\/shop\\\/cairo-tour-vanuit-gouna\\\/#primaryimage\"},\"thumbnailUrl\":\"https:\\\/\\\/i0.wp.com\\\/landioustravel.com\\\/wp-content\\\/uploads\\\/2022\\\/12\\\/Cairo-Tour-from-El-Gouna-e1672383802731.jpeg?fit=1200%2C675&ssl=1\",\"datePublished\":\"2023-04-20T01:33:28+00:00\",\"dateModified\":\"2023-06-17T20:55:40+00:00\",\"description\":\"Ca\u00efro tour vanuit El Gouna is een spannende reis om de topattracties in Ca\u00efro en Gizeh te zien vanuit El Gouna, Egypte! Het is ongetwijfeld een van de meest\",\"breadcrumb\":{\"@id\":\"https:\\\/\\\/landioustravel.com\\\/nl\\\/shop\\\/cairo-tour-vanuit-gouna\\\/#breadcrumb\"},\"inLanguage\":\"nl-NL\",\"potentialAction\":[{\"@type\":\"ReadAction\",\"target\":[\"https:\\\/\\\/landioustravel.com\\\/nl\\\/shop\\\/cairo-tour-vanuit-gouna\\\/\"]}]},{\"@type\":\"ImageObject\",\"inLanguage\":\"nl-NL\",\"@id\":\"https:\\\/\\\/landioustravel.com\\\/nl\\\/shop\\\/cairo-tour-vanuit-gouna\\\/#primaryimage\",\"url\":\"https:\\\/\\\/i0.wp.com\\\/landioustravel.com\\\/wp-content\\\/uploads\\\/2022\\\/12\\\/Cairo-Tour-from-El-Gouna-e1672383802731.jpeg?fit=1200%2C675&ssl=1\",\"contentUrl\":\"https:\\\/\\\/i0.wp.com\\\/landioustravel.com\\\/wp-content\\\/uploads\\\/2022\\\/12\\\/Cairo-Tour-from-El-Gouna-e1672383802731.jpeg?fit=1200%2C675&ssl=1\",\"width\":1200,\"height\":675,\"caption\":\"Cairo Tour from El Gouna\"},{\"@type\":\"BreadcrumbList\",\"@id\":\"https:\\\/\\\/landioustravel.com\\\/nl\\\/shop\\\/cairo-tour-vanuit-gouna\\\/#breadcrumb\",\"itemListElement\":[{\"@type\":\"ListItem\",\"position\":1,\"name\":\"Home\",\"item\":\"https:\\\/\\\/landioustravel.com\\\/nl\\\/\"},{\"@type\":\"ListItem\",\"position\":2,\"name\":\"Diensten &amp; rondleidingen\",\"item\":\"https:\\\/\\\/landioustravel.com\\\/nl\\\/\"},{\"@type\":\"ListItem\",\"position\":3,\"name\":\"Ca\u00efro tour vanuit El Gouna\"}]},{\"@type\":\"WebSite\",\"@id\":\"https:\\\/\\\/landioustravel.com\\\/nl\\\/#website\",\"url\":\"https:\\\/\\\/landioustravel.com\\\/nl\\\/\",\"name\":\"Landious Travel\",\"description\":\"Excursions, trips and cruises in Egypt\",\"publisher\":{\"@id\":\"https:\\\/\\\/landioustravel.com\\\/nl\\\/#organization\"},\"potentialAction\":[{\"@type\":\"SearchAction\",\"target\":{\"@type\":\"EntryPoint\",\"urlTemplate\":\"https:\\\/\\\/landioustravel.com\\\/nl\\\/?s={search_term_string}\"},\"query-input\":{\"@type\":\"PropertyValueSpecification\",\"valueRequired\":true,\"valueName\":\"search_term_string\"}}],\"inLanguage\":\"nl-NL\"},{\"@type\":[\"Organization\",\"Place\"],\"@id\":\"https:\\\/\\\/landioustravel.com\\\/nl\\\/#organization\",\"name\":\"Landious Travel\",\"alternateName\":\"Landious Travel\",\"url\":\"https:\\\/\\\/landioustravel.com\\\/nl\\\/\",\"logo\":{\"@id\":\"https:\\\/\\\/landioustravel.com\\\/nl\\\/shop\\\/cairo-tour-vanuit-gouna\\\/#local-main-organization-logo\"},\"image\":{\"@id\":\"https:\\\/\\\/landioustravel.com\\\/nl\\\/shop\\\/cairo-tour-vanuit-gouna\\\/#local-main-organization-logo\"},\"sameAs\":[\"https:\\\/\\\/web.facebook.com\\\/landiousEgypt\",\"https:\\\/\\\/x.com\\\/LandiousTours\",\"https:\\\/\\\/mastodon.social\\\/@landious\"],\"legalName\":\"Landious Travel\",\"telephone\":[],\"openingHoursSpecification\":[{\"@type\":\"OpeningHoursSpecification\",\"dayOfWeek\":[\"Monday\",\"Tuesday\",\"Wednesday\",\"Thursday\",\"Friday\",\"Saturday\",\"Sunday\"],\"opens\":\"09:00\",\"closes\":\"17:00\"}]},{\"@type\":\"ImageObject\",\"inLanguage\":\"nl-NL\",\"@id\":\"https:\\\/\\\/landioustravel.com\\\/nl\\\/shop\\\/cairo-tour-vanuit-gouna\\\/#local-main-organization-logo\",\"url\":\"https:\\\/\\\/i0.wp.com\\\/landioustravel.com\\\/wp-content\\\/uploads\\\/2021\\\/06\\\/Landious-T.png?fit=500%2C500&ssl=1\",\"contentUrl\":\"https:\\\/\\\/i0.wp.com\\\/landioustravel.com\\\/wp-content\\\/uploads\\\/2021\\\/06\\\/Landious-T.png?fit=500%2C500&ssl=1\",\"width\":500,\"height\":500,\"caption\":\"Landious Travel\"}]}<\/script>\n<!-- \/ Yoast SEO Premium plugin. -->","yoast_head_json":{"title":"Ca\u00efro tour vanuit El Gouna","description":"Ca\u00efro tour vanuit El Gouna is een spannende reis om de topattracties in Ca\u00efro en Gizeh te zien vanuit El Gouna, Egypte! Het is ongetwijfeld een van de meest","robots":{"index":"index","follow":"follow","max-snippet":"max-snippet:-1","max-image-preview":"max-image-preview:large","max-video-preview":"max-video-preview:-1"},"canonical":"https:\/\/landioustravel.com\/nl\/shop\/cairo-tour-vanuit-gouna\/","og_locale":"nl_NL","og_type":"article","og_title":"Ca\u00efro tour vanuit El Gouna","og_description":"Landious Travel","og_url":"https:\/\/landioustravel.com\/nl\/shop\/cairo-tour-vanuit-gouna\/","og_site_name":"Landious Travel","article_publisher":"https:\/\/web.facebook.com\/landiousEgypt","article_modified_time":"2023-06-17T20:55:40+00:00","og_image":[{"width":1200,"height":675,"url":"https:\/\/i0.wp.com\/landioustravel.com\/wp-content\/uploads\/2022\/12\/Cairo-Tour-from-El-Gouna-e1672383802731.jpeg?fit=1200%2C675&ssl=1","type":"image\/jpeg"}],"twitter_card":"summary_large_image","twitter_site":"@LandiousTours","twitter_misc":{"Geschatte leestijd":"4 minuten"},"schema":{"@context":"https:\/\/schema.org","@graph":[{"@type":"WebPage","@id":"https:\/\/landioustravel.com\/nl\/shop\/cairo-tour-vanuit-gouna\/","url":"https:\/\/landioustravel.com\/nl\/shop\/cairo-tour-vanuit-gouna\/","name":"Ca\u00efro tour vanuit El Gouna","isPartOf":{"@id":"https:\/\/landioustravel.com\/nl\/#website"},"primaryImageOfPage":{"@id":"https:\/\/landioustravel.com\/nl\/shop\/cairo-tour-vanuit-gouna\/#primaryimage"},"image":{"@id":"https:\/\/landioustravel.com\/nl\/shop\/cairo-tour-vanuit-gouna\/#primaryimage"},"thumbnailUrl":"https:\/\/i0.wp.com\/landioustravel.com\/wp-content\/uploads\/2022\/12\/Cairo-Tour-from-El-Gouna-e1672383802731.jpeg?fit=1200%2C675&ssl=1","datePublished":"2023-04-20T01:33:28+00:00","dateModified":"2023-06-17T20:55:40+00:00","description":"Ca\u00efro tour vanuit El Gouna is een spannende reis om de topattracties in Ca\u00efro en Gizeh te zien vanuit El Gouna, Egypte! Het is ongetwijfeld een van de meest","breadcrumb":{"@id":"https:\/\/landioustravel.com\/nl\/shop\/cairo-tour-vanuit-gouna\/#breadcrumb"},"inLanguage":"nl-NL","potentialAction":[{"@type":"ReadAction","target":["https:\/\/landioustravel.com\/nl\/shop\/cairo-tour-vanuit-gouna\/"]}]},{"@type":"ImageObject","inLanguage":"nl-NL","@id":"https:\/\/landioustravel.com\/nl\/shop\/cairo-tour-vanuit-gouna\/#primaryimage","url":"https:\/\/i0.wp.com\/landioustravel.com\/wp-content\/uploads\/2022\/12\/Cairo-Tour-from-El-Gouna-e1672383802731.jpeg?fit=1200%2C675&ssl=1","contentUrl":"https:\/\/i0.wp.com\/landioustravel.com\/wp-content\/uploads\/2022\/12\/Cairo-Tour-from-El-Gouna-e1672383802731.jpeg?fit=1200%2C675&ssl=1","width":1200,"height":675,"caption":"Cairo Tour from El Gouna"},{"@type":"BreadcrumbList","@id":"https:\/\/landioustravel.com\/nl\/shop\/cairo-tour-vanuit-gouna\/#breadcrumb","itemListElement":[{"@type":"ListItem","position":1,"name":"Home","item":"https:\/\/landioustravel.com\/nl\/"},{"@type":"ListItem","position":2,"name":"Diensten &amp; rondleidingen","item":"https:\/\/landioustravel.com\/nl\/"},{"@type":"ListItem","position":3,"name":"Ca\u00efro tour vanuit El Gouna"}]},{"@type":"WebSite","@id":"https:\/\/landioustravel.com\/nl\/#website","url":"https:\/\/landioustravel.com\/nl\/","name":"Landious Travel","description":"Excursions, trips and cruises in Egypt","publisher":{"@id":"https:\/\/landioustravel.com\/nl\/#organization"},"potentialAction":[{"@type":"SearchAction","target":{"@type":"EntryPoint","urlTemplate":"https:\/\/landioustravel.com\/nl\/?s={search_term_string}"},"query-input":{"@type":"PropertyValueSpecification","valueRequired":true,"valueName":"search_term_string"}}],"inLanguage":"nl-NL"},{"@type":["Organization","Place"],"@id":"https:\/\/landioustravel.com\/nl\/#organization","name":"Landious Travel","alternateName":"Landious Travel","url":"https:\/\/landioustravel.com\/nl\/","logo":{"@id":"https:\/\/landioustravel.com\/nl\/shop\/cairo-tour-vanuit-gouna\/#local-main-organization-logo"},"image":{"@id":"https:\/\/landioustravel.com\/nl\/shop\/cairo-tour-vanuit-gouna\/#local-main-organization-logo"},"sameAs":["https:\/\/web.facebook.com\/landiousEgypt","https:\/\/x.com\/LandiousTours","https:\/\/mastodon.social\/@landious"],"legalName":"Landious Travel","telephone":[],"openingHoursSpecification":[{"@type":"OpeningHoursSpecification","dayOfWeek":["Monday","Tuesday","Wednesday","Thursday","Friday","Saturday","Sunday"],"opens":"09:00","closes":"17:00"}]},{"@type":"ImageObject","inLanguage":"nl-NL","@id":"https:\/\/landioustravel.com\/nl\/shop\/cairo-tour-vanuit-gouna\/#local-main-organization-logo","url":"https:\/\/i0.wp.com\/landioustravel.com\/wp-content\/uploads\/2021\/06\/Landious-T.png?fit=500%2C500&ssl=1","contentUrl":"https:\/\/i0.wp.com\/landioustravel.com\/wp-content\/uploads\/2021\/06\/Landious-T.png?fit=500%2C500&ssl=1","width":500,"height":500,"caption":"Landious Travel"}]}},"jetpack_publicize_connections":[],"uagb_featured_image_src":{"full":["https:\/\/i0.wp.com\/landioustravel.com\/wp-content\/uploads\/2022\/12\/Cairo-Tour-from-El-Gouna-e1672383802731.jpeg?fit=1200%2C675&ssl=1",1200,675,false],"thumbnail":["https:\/\/i0.wp.com\/landioustravel.com\/wp-content\/uploads\/2022\/12\/Cairo-Tour-from-El-Gouna-e1672383802731.jpeg?resize=150%2C150&ssl=1",150,150,true],"medium":["https:\/\/i0.wp.com\/landioustravel.com\/wp-content\/uploads\/2022\/12\/Cairo-Tour-from-El-Gouna-e1672383802731.jpeg?fit=300%2C169&ssl=1",300,169,true],"medium_large":["https:\/\/i0.wp.com\/landioustravel.com\/wp-content\/uploads\/2022\/12\/Cairo-Tour-from-El-Gouna-e1672383802731.jpeg?fit=768%2C432&ssl=1",768,432,true],"large":["https:\/\/i0.wp.com\/landioustravel.com\/wp-content\/uploads\/2022\/12\/Cairo-Tour-from-El-Gouna-e1672383802731.jpeg?fit=980%2C551&ssl=1",980,551,true],"1536x1536":["https:\/\/i0.wp.com\/landioustravel.com\/wp-content\/uploads\/2022\/12\/Cairo-Tour-from-El-Gouna-e1672383802731.jpeg?fit=1200%2C675&ssl=1",1200,675,true],"2048x2048":["https:\/\/i0.wp.com\/landioustravel.com\/wp-content\/uploads\/2022\/12\/Cairo-Tour-from-El-Gouna-e1672383802731.jpeg?fit=1200%2C675&ssl=1",1200,675,true],"newspack-article-block-landscape-large":["https:\/\/i0.wp.com\/landioustravel.com\/wp-content\/uploads\/2022\/12\/Cairo-Tour-from-El-Gouna-e1672383802731.jpeg?resize=1200%2C675&ssl=1",1200,675,true],"newspack-article-block-portrait-large":["https:\/\/i0.wp.com\/landioustravel.com\/wp-content\/uploads\/2022\/12\/Cairo-Tour-from-El-Gouna-e1672383802731.jpeg?resize=900%2C675&ssl=1",900,675,true],"newspack-article-block-square-large":["https:\/\/i0.wp.com\/landioustravel.com\/wp-content\/uploads\/2022\/12\/Cairo-Tour-from-El-Gouna-e1672383802731.jpeg?resize=1200%2C675&ssl=1",1200,675,true],"newspack-article-block-landscape-medium":["https:\/\/i0.wp.com\/landioustravel.com\/wp-content\/uploads\/2022\/12\/Cairo-Tour-from-El-Gouna-e1672383802731.jpeg?resize=800%2C600&ssl=1",800,600,true],"newspack-article-block-portrait-medium":["https:\/\/i0.wp.com\/landioustravel.com\/wp-content\/uploads\/2022\/12\/Cairo-Tour-from-El-Gouna-e1672383802731.jpeg?resize=600%2C675&ssl=1",600,675,true],"newspack-article-block-square-medium":["https:\/\/i0.wp.com\/landioustravel.com\/wp-content\/uploads\/2022\/12\/Cairo-Tour-from-El-Gouna-e1672383802731.jpeg?resize=800%2C675&ssl=1",800,675,true],"newspack-article-block-landscape-intermediate":["https:\/\/i0.wp.com\/landioustravel.com\/wp-content\/uploads\/2022\/12\/Cairo-Tour-from-El-Gouna-e1672383802731.jpeg?resize=600%2C450&ssl=1",600,450,true],"newspack-article-block-portrait-intermediate":["https:\/\/i0.wp.com\/landioustravel.com\/wp-content\/uploads\/2022\/12\/Cairo-Tour-from-El-Gouna-e1672383802731.jpeg?resize=450%2C600&ssl=1",450,600,true],"newspack-article-block-square-intermediate":["https:\/\/i0.wp.com\/landioustravel.com\/wp-content\/uploads\/2022\/12\/Cairo-Tour-from-El-Gouna-e1672383802731.jpeg?resize=600%2C600&ssl=1",600,600,true],"newspack-article-block-landscape-small":["https:\/\/i0.wp.com\/landioustravel.com\/wp-content\/uploads\/2022\/12\/Cairo-Tour-from-El-Gouna-e1672383802731.jpeg?resize=400%2C300&ssl=1",400,300,true],"newspack-article-block-portrait-small":["https:\/\/i0.wp.com\/landioustravel.com\/wp-content\/uploads\/2022\/12\/Cairo-Tour-from-El-Gouna-e1672383802731.jpeg?resize=300%2C400&ssl=1",300,400,true],"newspack-article-block-square-small":["https:\/\/i0.wp.com\/landioustravel.com\/wp-content\/uploads\/2022\/12\/Cairo-Tour-from-El-Gouna-e1672383802731.jpeg?resize=400%2C400&ssl=1",400,400,true],"newspack-article-block-landscape-tiny":["https:\/\/i0.wp.com\/landioustravel.com\/wp-content\/uploads\/2022\/12\/Cairo-Tour-from-El-Gouna-e1672383802731.jpeg?resize=200%2C150&ssl=1",200,150,true],"newspack-article-block-portrait-tiny":["https:\/\/i0.wp.com\/landioustravel.com\/wp-content\/uploads\/2022\/12\/Cairo-Tour-from-El-Gouna-e1672383802731.jpeg?resize=150%2C200&ssl=1",150,200,true],"newspack-article-block-square-tiny":["https:\/\/i0.wp.com\/landioustravel.com\/wp-content\/uploads\/2022\/12\/Cairo-Tour-from-El-Gouna-e1672383802731.jpeg?resize=200%2C200&ssl=1",200,200,true],"newspack-article-block-uncropped":["https:\/\/i0.wp.com\/landioustravel.com\/wp-content\/uploads\/2022\/12\/Cairo-Tour-from-El-Gouna-e1672383802731.jpeg?fit=1200%2C675&ssl=1",1200,675,true],"woocommerce_thumbnail":["https:\/\/i0.wp.com\/landioustravel.com\/wp-content\/uploads\/2022\/12\/Cairo-Tour-from-El-Gouna-e1672383802731.jpeg?resize=324%2C324&ssl=1",324,324,true],"woocommerce_single":["https:\/\/i0.wp.com\/landioustravel.com\/wp-content\/uploads\/2022\/12\/Cairo-Tour-from-El-Gouna-e1672383802731.jpeg?fit=416%2C234&ssl=1",416,234,true],"woocommerce_gallery_thumbnail":["https:\/\/i0.wp.com\/landioustravel.com\/wp-content\/uploads\/2022\/12\/Cairo-Tour-from-El-Gouna-e1672383802731.jpeg?resize=100%2C100&ssl=1",100,100,true]},"uagb_author_info":{"display_name":"Mofreh Landious","author_link":"https:\/\/landioustravel.com\/nl\/author\/"},"uagb_comment_info":0,"uagb_excerpt":"Bereid je voor om vol ontzag te staan tijdens je reis van El Gouna naar Ca\u00efro terwijl je je waagt in de richting van de grote piramides van Gizeh en de Sfinx. Je geniet van een heerlijke lunch voordat je het fascinerende Egyptisch Museum gaat verkennen, met een verbazingwekkende collectie van meer dan 150.000 artefacten&hellip;","jetpack_sharing_enabled":true,"jetpack_likes_enabled":true,"amp_enabled":true,"_links":{"self":[{"href":"https:\/\/landioustravel.com\/nl\/wp-json\/wp\/v2\/product\/140365","targetHints":{"allow":["GET"]}}],"collection":[{"href":"https:\/\/landioustravel.com\/nl\/wp-json\/wp\/v2\/product"}],"about":[{"href":"https:\/\/landioustravel.com\/nl\/wp-json\/wp\/v2\/types\/product"}],"replies":[{"embeddable":true,"href":"https:\/\/landioustravel.com\/nl\/wp-json\/wp\/v2\/comments?post=140365"}],"wp:featuredmedia":[{"embeddable":true,"href":"https:\/\/landioustravel.com\/nl\/wp-json\/wp\/v2\/media\/140368"}],"wp:attachment":[{"href":"https:\/\/landioustravel.com\/nl\/wp-json\/wp\/v2\/media?parent=140365"}],"wp:term":[{"taxonomy":"product_brand","embeddable":true,"href":"https:\/\/landioustravel.com\/nl\/wp-json\/wp\/v2\/product_brand?post=140365"},{"taxonomy":"product_cat","embeddable":true,"href":"https:\/\/landioustravel.com\/nl\/wp-json\/wp\/v2\/product_cat?post=140365"},{"taxonomy":"product_tag","embeddable":true,"href":"https:\/\/landioustravel.com\/nl\/wp-json\/wp\/v2\/product_tag?post=140365"}],"curies":[{"name":"wp","href":"https:\/\/api.w.org\/{rel}","templated":true}]}}