{"id":140799,"date":"2022-12-21T00:42:26","date_gmt":"2023-04-15T20:37:30","guid":{"rendered":"https:\/\/landioustravel.com\/?post_type=product&#038;p=140799"},"modified":"2023-06-19T03:38:53","modified_gmt":"2023-06-19T01:38:53","slug":"onderzeeer-reis-safaga","status":"publish","type":"product","link":"https:\/\/landioustravel.com\/nl\/shop\/onderzeeer-reis-safaga\/","title":{"rendered":"Onderzee\u00ebr Reis vanuit Safaga"},"content":{"rendered":"<p>Onderzee\u00ebr Reis vanuit Safaga is een spannende zeereis op de Sindbad-onderzee\u00ebr in Hurghada waaraan toeristen kunnen deelnemen vanuit Safaga, Egypte! We raden de reis aan omdat het de enige optie is aan boord van een onderzee\u00ebr in de Rode Zee. Het is ongelooflijk om dit gevoel te ervaren en in zo&#8217;n onderzee\u00ebr te stappen! Het wordt inderdaad een unieke kans om prachtige koraalriffen en verschillende vissen aan boord van een onderzee\u00ebr te zien! Trouwens, die reis zal een korte bootpicknick over de Rode Zee mogelijk maken. Deze picknick vindt plaats in de buurt van het prachtige gebied bij Giftun Island.<\/p>\n<h2>Hoogtepunten op onderzeese reis Safaga<\/h2>\n<ul>\n<li>Zeepicknick aan de Rode Zee.<\/li>\n<li>Bekijk ook de onderwaterwereld aan boord van de onderzee\u00ebr Sindbad.<\/li>\n<\/ul>\n<h2>Programma van Sindbad Onderzee\u00ebr Reis<\/h2>\n<ul>\n<li>Landious Travel-vertegenwoordiger haalt u om ongeveer 09:00 uur op bij uw Safaga-hotels.<\/li>\n<li>Nadat alle bezoekers zijn opgehaald, rijdt de bus naar de haven. De weg naar deze haven duurt ongeveer 40 minuten.<\/li>\n<li>Aan het begin van het programma geniet je van een zeepicknick door de Rode Zee. Deze zeepicknick vindt plaats aan boord van een boot.<\/li>\n<li>Dezelfde boot vaart naar een drijvend podium. Dienovereenkomstig zal het je naar de onderzee\u00ebr brengen. Daarna wissel je van plaats en neem je plaats aan boord van de onderzee\u00ebr.<\/li>\n<li>Daarna zal de onderzee\u00ebr beginnen te zinken tot 25 meter. Hierdoor kun je op deze diepte vissen en koraalriffen zien. Aan boord van die onderzee\u00ebr kijken naar de onderwaterwereld kost je een heel uur.<\/li>\n<li>Als laatste wissel je weer van plaats en neem je plaats op de boot richting de haven.<\/li>\n<li>Eindelijk begeleiden we je terug naar je hotels na zo&#8217;n mooi avontuur.<\/li>\n<li>Deze zee-excursie op een onderzee\u00ebr in Hurghada eindigt om ongeveer 14:00 uur.<\/li>\n<\/ul>\n<h2>Wat is bij de prijs van de onderzeese excursie Safaga inbegrepen?<\/h2>\n<ul>\n<li>Transfer naar de haven en terug naar het hotel.<\/li>\n<\/ul>\n<h2>Wat is niet inbegrepen in het Onderzee\u00ebr Reis vanuit Safaga-programma?<\/h2>\n<ul>\n<li>Toegangsprijs (5 USD per persoon)<\/li>\n<li>Video-dvd.<\/li>\n<li>Ook de foto-cd.<\/li>\n<\/ul>\n<h2>Wat neem je mee voor de tour?<\/h2>\n<ul>\n<li>Zonnebril.<\/li>\n<\/ul>\n<h2>Onderzee\u00ebr Excursie Safaga Boekingsdagen<\/h2>\n<ul>\n<li>Dagelijks van 10:00 \u2013 12:00.<\/li>\n<li>Ook dagelijks van 14:00 \u2013 16:00.<\/li>\n<\/ul>\n<h2>Diensten gepresenteerd tijdens de onderzeese excursie Safaga<\/h2>\n<ul>\n<li>Vervoer: Landious Travel maakt gebruik van limousines\/minibussen met airconditioning. Een professionele chauffeur begeleidt u naar de haven en uw hotel.<\/li>\n<li>Begeleiding: een professionele Engelse reisleider haalt je op bij je hotels en begeleidt je naar de haven.<\/li>\n<li>Team en zo: je hebt een vriendelijke en professionele bemanning op de boot. Onze instructeurs en trainers begeleiden je tijdens de reis.<\/li>\n<\/ul>\n","protected":false},"excerpt":{"rendered":"<p>Ervaar de sensatie van het verkennen van de mysterieuze onderwaterwereld tijdens een epische reis met een deskundige gids! Wees getuige van de adembenemende schoonheid van vissen en haaien in hun natuurlijke leefomgeving en onthul de geheimen van het zeeleven en hun fascinerende relaties. Ontdek hele steden die de onze weerspiegelen en wees getuige van families die samenleven in een goed georganiseerde maar toch vreemde omgeving. Dit alles en meer wacht op je tijdens de ongelooflijke Sindbad-onderzee\u00ebrtour vanuit Safaga! Vaar door het kristalheldere water van de Rode Zee aan boord van de magnifieke Sindbad-onderzee\u00ebr in Hurghada. Geniet van een adembenemend uitzicht vanaf de boot met 2 dekken en verwonder je over de ongelooflijke riffen en levendige, kleurrijke vissen die recht onder je zwemmen op een diepte van 25 meter. Dit geweldige avontuur wordt compleet geleverd met transfers en een toegangsbewijs. Mis deze onvergetelijke reis van je leven niet!<\/p>\n","protected":false},"featured_media":138432,"comment_status":"open","ping_status":"closed","template":"","meta":{"_coblocks_attr":"","_coblocks_dimensions":"","_coblocks_responsive_height":"","_coblocks_accordion_ie_support":"","_uag_custom_page_level_css":"","jetpack_publicize_message":"","jetpack_publicize_feature_enabled":true,"jetpack_social_post_already_shared":true,"jetpack_social_options":{"image_generator_settings":{"template":"highway","default_image_id":0,"font":"","enabled":false},"version":2},"_wpas_customize_per_network":false},"product_brand":[],"product_cat":[16885,19570],"product_tag":[13205,13178,13213,13210,13204],"class_list":{"0":"post-140799","1":"product","2":"type-product","3":"status-publish","4":"has-post-thumbnail","6":"product_cat-excursies-safaga","7":"product_cat-zeereizen-safaga","8":"product_tag-boottochten","9":"product_tag-excursie","10":"product_tag-onderzeeer","11":"product_tag-onderzeeer-sinbad","12":"product_tag-zee","13":"pa_age-kind-1-4-jaar","14":"pa_age-kind-5-11-jaar","15":"pa_age-volwassen","17":"first","18":"instock","19":"sale","20":"taxable","21":"shipping-taxable","22":"purchasable","23":"product-type-variable"},"yoast_head":"<!-- This site is optimized with the Yoast SEO Premium plugin v26.9 (Yoast SEO v27.4) - https:\/\/yoast.com\/product\/yoast-seo-premium-wordpress\/ -->\n<title>Onderzee\u00ebr Reis vanuit Safaga<\/title>\n<meta name=\"description\" content=\"Onderzee\u00ebr Reis vanuit Safaga is een spannende zeereis op de Sindbad-onderzee\u00ebr in Hurghada waaraan toeristen kunnen deelnemen vanuit Safaga, Egypte! We\" \/>\n<meta name=\"robots\" content=\"index, follow, max-snippet:-1, max-image-preview:large, max-video-preview:-1\" \/>\n<link rel=\"canonical\" href=\"https:\/\/landioustravel.com\/nl\/shop\/onderzeeer-reis-safaga\/\" \/>\n<meta property=\"og:locale\" content=\"nl_NL\" \/>\n<meta property=\"og:type\" content=\"article\" \/>\n<meta property=\"og:title\" content=\"Onderzee\u00ebr Reis vanuit Safaga\" \/>\n<meta property=\"og:description\" content=\"Landious Travel\" \/>\n<meta property=\"og:url\" content=\"https:\/\/landioustravel.com\/nl\/shop\/onderzeeer-reis-safaga\/\" \/>\n<meta property=\"og:site_name\" content=\"Landious Travel\" \/>\n<meta property=\"article:publisher\" content=\"https:\/\/web.facebook.com\/landiousEgypt\" \/>\n<meta property=\"article:modified_time\" content=\"2023-06-19T01:38:53+00:00\" \/>\n<meta property=\"og:image\" content=\"https:\/\/i0.wp.com\/landioustravel.com\/wp-content\/uploads\/2022\/12\/Submarine-Trip-from-Safaga.jpg?fit=1200%2C600&ssl=1\" \/>\n\t<meta property=\"og:image:width\" content=\"1200\" \/>\n\t<meta property=\"og:image:height\" content=\"600\" \/>\n\t<meta property=\"og:image:type\" content=\"image\/jpeg\" \/>\n<meta name=\"twitter:card\" content=\"summary_large_image\" \/>\n<meta name=\"twitter:site\" content=\"@LandiousTours\" \/>\n<meta name=\"twitter:label1\" content=\"Geschatte leestijd\" \/>\n\t<meta name=\"twitter:data1\" content=\"2 minuten\" \/>\n<script type=\"application\/ld+json\" class=\"yoast-schema-graph\">{\"@context\":\"https:\\\/\\\/schema.org\",\"@graph\":[{\"@type\":\"WebPage\",\"@id\":\"https:\\\/\\\/landioustravel.com\\\/nl\\\/shop\\\/onderzeeer-reis-safaga\\\/\",\"url\":\"https:\\\/\\\/landioustravel.com\\\/nl\\\/shop\\\/onderzeeer-reis-safaga\\\/\",\"name\":\"Onderzee\u00ebr Reis vanuit Safaga\",\"isPartOf\":{\"@id\":\"https:\\\/\\\/landioustravel.com\\\/nl\\\/#website\"},\"primaryImageOfPage\":{\"@id\":\"https:\\\/\\\/landioustravel.com\\\/nl\\\/shop\\\/onderzeeer-reis-safaga\\\/#primaryimage\"},\"image\":{\"@id\":\"https:\\\/\\\/landioustravel.com\\\/nl\\\/shop\\\/onderzeeer-reis-safaga\\\/#primaryimage\"},\"thumbnailUrl\":\"https:\\\/\\\/i0.wp.com\\\/landioustravel.com\\\/wp-content\\\/uploads\\\/2022\\\/12\\\/Submarine-Trip-from-Safaga.jpg?fit=1200%2C600&ssl=1\",\"datePublished\":\"2023-04-15T20:37:30+00:00\",\"dateModified\":\"2023-06-19T01:38:53+00:00\",\"description\":\"Onderzee\u00ebr Reis vanuit Safaga is een spannende zeereis op de Sindbad-onderzee\u00ebr in Hurghada waaraan toeristen kunnen deelnemen vanuit Safaga, Egypte! We\",\"breadcrumb\":{\"@id\":\"https:\\\/\\\/landioustravel.com\\\/nl\\\/shop\\\/onderzeeer-reis-safaga\\\/#breadcrumb\"},\"inLanguage\":\"nl-NL\",\"potentialAction\":[{\"@type\":\"ReadAction\",\"target\":[\"https:\\\/\\\/landioustravel.com\\\/nl\\\/shop\\\/onderzeeer-reis-safaga\\\/\"]}]},{\"@type\":\"ImageObject\",\"inLanguage\":\"nl-NL\",\"@id\":\"https:\\\/\\\/landioustravel.com\\\/nl\\\/shop\\\/onderzeeer-reis-safaga\\\/#primaryimage\",\"url\":\"https:\\\/\\\/i0.wp.com\\\/landioustravel.com\\\/wp-content\\\/uploads\\\/2022\\\/12\\\/Submarine-Trip-from-Safaga.jpg?fit=1200%2C600&ssl=1\",\"contentUrl\":\"https:\\\/\\\/i0.wp.com\\\/landioustravel.com\\\/wp-content\\\/uploads\\\/2022\\\/12\\\/Submarine-Trip-from-Safaga.jpg?fit=1200%2C600&ssl=1\",\"width\":1200,\"height\":600,\"caption\":\"Submarine Trip from Safaga\"},{\"@type\":\"BreadcrumbList\",\"@id\":\"https:\\\/\\\/landioustravel.com\\\/nl\\\/shop\\\/onderzeeer-reis-safaga\\\/#breadcrumb\",\"itemListElement\":[{\"@type\":\"ListItem\",\"position\":1,\"name\":\"Home\",\"item\":\"https:\\\/\\\/landioustravel.com\\\/nl\\\/\"},{\"@type\":\"ListItem\",\"position\":2,\"name\":\"Diensten &amp; rondleidingen\",\"item\":\"https:\\\/\\\/landioustravel.com\\\/nl\\\/\"},{\"@type\":\"ListItem\",\"position\":3,\"name\":\"Onderzee\u00ebr Reis vanuit Safaga\"}]},{\"@type\":\"WebSite\",\"@id\":\"https:\\\/\\\/landioustravel.com\\\/nl\\\/#website\",\"url\":\"https:\\\/\\\/landioustravel.com\\\/nl\\\/\",\"name\":\"Landious Travel\",\"description\":\"Excursions, trips and cruises in Egypt\",\"publisher\":{\"@id\":\"https:\\\/\\\/landioustravel.com\\\/nl\\\/#organization\"},\"potentialAction\":[{\"@type\":\"SearchAction\",\"target\":{\"@type\":\"EntryPoint\",\"urlTemplate\":\"https:\\\/\\\/landioustravel.com\\\/nl\\\/?s={search_term_string}\"},\"query-input\":{\"@type\":\"PropertyValueSpecification\",\"valueRequired\":true,\"valueName\":\"search_term_string\"}}],\"inLanguage\":\"nl-NL\"},{\"@type\":[\"Organization\",\"Place\"],\"@id\":\"https:\\\/\\\/landioustravel.com\\\/nl\\\/#organization\",\"name\":\"Landious Travel\",\"alternateName\":\"Landious Travel\",\"url\":\"https:\\\/\\\/landioustravel.com\\\/nl\\\/\",\"logo\":{\"@id\":\"https:\\\/\\\/landioustravel.com\\\/nl\\\/shop\\\/onderzeeer-reis-safaga\\\/#local-main-organization-logo\"},\"image\":{\"@id\":\"https:\\\/\\\/landioustravel.com\\\/nl\\\/shop\\\/onderzeeer-reis-safaga\\\/#local-main-organization-logo\"},\"sameAs\":[\"https:\\\/\\\/web.facebook.com\\\/landiousEgypt\",\"https:\\\/\\\/x.com\\\/LandiousTours\",\"https:\\\/\\\/mastodon.social\\\/@landious\"],\"legalName\":\"Landious Travel\",\"telephone\":[],\"openingHoursSpecification\":[{\"@type\":\"OpeningHoursSpecification\",\"dayOfWeek\":[\"Monday\",\"Tuesday\",\"Wednesday\",\"Thursday\",\"Friday\",\"Saturday\",\"Sunday\"],\"opens\":\"09:00\",\"closes\":\"17:00\"}]},{\"@type\":\"ImageObject\",\"inLanguage\":\"nl-NL\",\"@id\":\"https:\\\/\\\/landioustravel.com\\\/nl\\\/shop\\\/onderzeeer-reis-safaga\\\/#local-main-organization-logo\",\"url\":\"https:\\\/\\\/i0.wp.com\\\/landioustravel.com\\\/wp-content\\\/uploads\\\/2021\\\/06\\\/Landious-T.png?fit=500%2C500&ssl=1\",\"contentUrl\":\"https:\\\/\\\/i0.wp.com\\\/landioustravel.com\\\/wp-content\\\/uploads\\\/2021\\\/06\\\/Landious-T.png?fit=500%2C500&ssl=1\",\"width\":500,\"height\":500,\"caption\":\"Landious Travel\"}]}<\/script>\n<!-- \/ Yoast SEO Premium plugin. -->","yoast_head_json":{"title":"Onderzee\u00ebr Reis vanuit Safaga","description":"Onderzee\u00ebr Reis vanuit Safaga is een spannende zeereis op de Sindbad-onderzee\u00ebr in Hurghada waaraan toeristen kunnen deelnemen vanuit Safaga, Egypte! We","robots":{"index":"index","follow":"follow","max-snippet":"max-snippet:-1","max-image-preview":"max-image-preview:large","max-video-preview":"max-video-preview:-1"},"canonical":"https:\/\/landioustravel.com\/nl\/shop\/onderzeeer-reis-safaga\/","og_locale":"nl_NL","og_type":"article","og_title":"Onderzee\u00ebr Reis vanuit Safaga","og_description":"Landious Travel","og_url":"https:\/\/landioustravel.com\/nl\/shop\/onderzeeer-reis-safaga\/","og_site_name":"Landious Travel","article_publisher":"https:\/\/web.facebook.com\/landiousEgypt","article_modified_time":"2023-06-19T01:38:53+00:00","og_image":[{"width":1200,"height":600,"url":"https:\/\/i0.wp.com\/landioustravel.com\/wp-content\/uploads\/2022\/12\/Submarine-Trip-from-Safaga.jpg?fit=1200%2C600&ssl=1","type":"image\/jpeg"}],"twitter_card":"summary_large_image","twitter_site":"@LandiousTours","twitter_misc":{"Geschatte leestijd":"2 minuten"},"schema":{"@context":"https:\/\/schema.org","@graph":[{"@type":"WebPage","@id":"https:\/\/landioustravel.com\/nl\/shop\/onderzeeer-reis-safaga\/","url":"https:\/\/landioustravel.com\/nl\/shop\/onderzeeer-reis-safaga\/","name":"Onderzee\u00ebr Reis vanuit Safaga","isPartOf":{"@id":"https:\/\/landioustravel.com\/nl\/#website"},"primaryImageOfPage":{"@id":"https:\/\/landioustravel.com\/nl\/shop\/onderzeeer-reis-safaga\/#primaryimage"},"image":{"@id":"https:\/\/landioustravel.com\/nl\/shop\/onderzeeer-reis-safaga\/#primaryimage"},"thumbnailUrl":"https:\/\/i0.wp.com\/landioustravel.com\/wp-content\/uploads\/2022\/12\/Submarine-Trip-from-Safaga.jpg?fit=1200%2C600&ssl=1","datePublished":"2023-04-15T20:37:30+00:00","dateModified":"2023-06-19T01:38:53+00:00","description":"Onderzee\u00ebr Reis vanuit Safaga is een spannende zeereis op de Sindbad-onderzee\u00ebr in Hurghada waaraan toeristen kunnen deelnemen vanuit Safaga, Egypte! We","breadcrumb":{"@id":"https:\/\/landioustravel.com\/nl\/shop\/onderzeeer-reis-safaga\/#breadcrumb"},"inLanguage":"nl-NL","potentialAction":[{"@type":"ReadAction","target":["https:\/\/landioustravel.com\/nl\/shop\/onderzeeer-reis-safaga\/"]}]},{"@type":"ImageObject","inLanguage":"nl-NL","@id":"https:\/\/landioustravel.com\/nl\/shop\/onderzeeer-reis-safaga\/#primaryimage","url":"https:\/\/i0.wp.com\/landioustravel.com\/wp-content\/uploads\/2022\/12\/Submarine-Trip-from-Safaga.jpg?fit=1200%2C600&ssl=1","contentUrl":"https:\/\/i0.wp.com\/landioustravel.com\/wp-content\/uploads\/2022\/12\/Submarine-Trip-from-Safaga.jpg?fit=1200%2C600&ssl=1","width":1200,"height":600,"caption":"Submarine Trip from Safaga"},{"@type":"BreadcrumbList","@id":"https:\/\/landioustravel.com\/nl\/shop\/onderzeeer-reis-safaga\/#breadcrumb","itemListElement":[{"@type":"ListItem","position":1,"name":"Home","item":"https:\/\/landioustravel.com\/nl\/"},{"@type":"ListItem","position":2,"name":"Diensten &amp; rondleidingen","item":"https:\/\/landioustravel.com\/nl\/"},{"@type":"ListItem","position":3,"name":"Onderzee\u00ebr Reis vanuit Safaga"}]},{"@type":"WebSite","@id":"https:\/\/landioustravel.com\/nl\/#website","url":"https:\/\/landioustravel.com\/nl\/","name":"Landious Travel","description":"Excursions, trips and cruises in Egypt","publisher":{"@id":"https:\/\/landioustravel.com\/nl\/#organization"},"potentialAction":[{"@type":"SearchAction","target":{"@type":"EntryPoint","urlTemplate":"https:\/\/landioustravel.com\/nl\/?s={search_term_string}"},"query-input":{"@type":"PropertyValueSpecification","valueRequired":true,"valueName":"search_term_string"}}],"inLanguage":"nl-NL"},{"@type":["Organization","Place"],"@id":"https:\/\/landioustravel.com\/nl\/#organization","name":"Landious Travel","alternateName":"Landious Travel","url":"https:\/\/landioustravel.com\/nl\/","logo":{"@id":"https:\/\/landioustravel.com\/nl\/shop\/onderzeeer-reis-safaga\/#local-main-organization-logo"},"image":{"@id":"https:\/\/landioustravel.com\/nl\/shop\/onderzeeer-reis-safaga\/#local-main-organization-logo"},"sameAs":["https:\/\/web.facebook.com\/landiousEgypt","https:\/\/x.com\/LandiousTours","https:\/\/mastodon.social\/@landious"],"legalName":"Landious Travel","telephone":[],"openingHoursSpecification":[{"@type":"OpeningHoursSpecification","dayOfWeek":["Monday","Tuesday","Wednesday","Thursday","Friday","Saturday","Sunday"],"opens":"09:00","closes":"17:00"}]},{"@type":"ImageObject","inLanguage":"nl-NL","@id":"https:\/\/landioustravel.com\/nl\/shop\/onderzeeer-reis-safaga\/#local-main-organization-logo","url":"https:\/\/i0.wp.com\/landioustravel.com\/wp-content\/uploads\/2021\/06\/Landious-T.png?fit=500%2C500&ssl=1","contentUrl":"https:\/\/i0.wp.com\/landioustravel.com\/wp-content\/uploads\/2021\/06\/Landious-T.png?fit=500%2C500&ssl=1","width":500,"height":500,"caption":"Landious Travel"}]}},"jetpack_publicize_connections":[],"uagb_featured_image_src":{"full":["https:\/\/i0.wp.com\/landioustravel.com\/wp-content\/uploads\/2022\/12\/Submarine-Trip-from-Safaga.jpg?fit=1200%2C600&ssl=1",1200,600,false],"thumbnail":["https:\/\/i0.wp.com\/landioustravel.com\/wp-content\/uploads\/2022\/12\/Submarine-Trip-from-Safaga.jpg?resize=150%2C150&ssl=1",150,150,true],"medium":["https:\/\/i0.wp.com\/landioustravel.com\/wp-content\/uploads\/2022\/12\/Submarine-Trip-from-Safaga.jpg?fit=300%2C150&ssl=1",300,150,true],"medium_large":["https:\/\/i0.wp.com\/landioustravel.com\/wp-content\/uploads\/2022\/12\/Submarine-Trip-from-Safaga.jpg?fit=768%2C384&ssl=1",768,384,true],"large":["https:\/\/i0.wp.com\/landioustravel.com\/wp-content\/uploads\/2022\/12\/Submarine-Trip-from-Safaga.jpg?fit=980%2C490&ssl=1",980,490,true],"1536x1536":["https:\/\/i0.wp.com\/landioustravel.com\/wp-content\/uploads\/2022\/12\/Submarine-Trip-from-Safaga.jpg?fit=1200%2C600&ssl=1",1200,600,true],"2048x2048":["https:\/\/i0.wp.com\/landioustravel.com\/wp-content\/uploads\/2022\/12\/Submarine-Trip-from-Safaga.jpg?fit=1200%2C600&ssl=1",1200,600,true],"newspack-article-block-landscape-large":["https:\/\/i0.wp.com\/landioustravel.com\/wp-content\/uploads\/2022\/12\/Submarine-Trip-from-Safaga.jpg?resize=1200%2C600&ssl=1",1200,600,true],"newspack-article-block-portrait-large":["https:\/\/i0.wp.com\/landioustravel.com\/wp-content\/uploads\/2022\/12\/Submarine-Trip-from-Safaga.jpg?resize=900%2C600&ssl=1",900,600,true],"newspack-article-block-square-large":["https:\/\/i0.wp.com\/landioustravel.com\/wp-content\/uploads\/2022\/12\/Submarine-Trip-from-Safaga.jpg?resize=1200%2C600&ssl=1",1200,600,true],"newspack-article-block-landscape-medium":["https:\/\/i0.wp.com\/landioustravel.com\/wp-content\/uploads\/2022\/12\/Submarine-Trip-from-Safaga.jpg?resize=800%2C600&ssl=1",800,600,true],"newspack-article-block-portrait-medium":["https:\/\/i0.wp.com\/landioustravel.com\/wp-content\/uploads\/2022\/12\/Submarine-Trip-from-Safaga.jpg?resize=600%2C600&ssl=1",600,600,true],"newspack-article-block-square-medium":["https:\/\/i0.wp.com\/landioustravel.com\/wp-content\/uploads\/2022\/12\/Submarine-Trip-from-Safaga.jpg?resize=800%2C600&ssl=1",800,600,true],"newspack-article-block-landscape-intermediate":["https:\/\/i0.wp.com\/landioustravel.com\/wp-content\/uploads\/2022\/12\/Submarine-Trip-from-Safaga.jpg?resize=600%2C450&ssl=1",600,450,true],"newspack-article-block-portrait-intermediate":["https:\/\/i0.wp.com\/landioustravel.com\/wp-content\/uploads\/2022\/12\/Submarine-Trip-from-Safaga.jpg?resize=450%2C600&ssl=1",450,600,true],"newspack-article-block-square-intermediate":["https:\/\/i0.wp.com\/landioustravel.com\/wp-content\/uploads\/2022\/12\/Submarine-Trip-from-Safaga.jpg?resize=600%2C600&ssl=1",600,600,true],"newspack-article-block-landscape-small":["https:\/\/i0.wp.com\/landioustravel.com\/wp-content\/uploads\/2022\/12\/Submarine-Trip-from-Safaga.jpg?resize=400%2C300&ssl=1",400,300,true],"newspack-article-block-portrait-small":["https:\/\/i0.wp.com\/landioustravel.com\/wp-content\/uploads\/2022\/12\/Submarine-Trip-from-Safaga.jpg?resize=300%2C400&ssl=1",300,400,true],"newspack-article-block-square-small":["https:\/\/i0.wp.com\/landioustravel.com\/wp-content\/uploads\/2022\/12\/Submarine-Trip-from-Safaga.jpg?resize=400%2C400&ssl=1",400,400,true],"newspack-article-block-landscape-tiny":["https:\/\/i0.wp.com\/landioustravel.com\/wp-content\/uploads\/2022\/12\/Submarine-Trip-from-Safaga.jpg?resize=200%2C150&ssl=1",200,150,true],"newspack-article-block-portrait-tiny":["https:\/\/i0.wp.com\/landioustravel.com\/wp-content\/uploads\/2022\/12\/Submarine-Trip-from-Safaga.jpg?resize=150%2C200&ssl=1",150,200,true],"newspack-article-block-square-tiny":["https:\/\/i0.wp.com\/landioustravel.com\/wp-content\/uploads\/2022\/12\/Submarine-Trip-from-Safaga.jpg?resize=200%2C200&ssl=1",200,200,true],"newspack-article-block-uncropped":["https:\/\/i0.wp.com\/landioustravel.com\/wp-content\/uploads\/2022\/12\/Submarine-Trip-from-Safaga.jpg?fit=1200%2C600&ssl=1",1200,600,true],"woocommerce_thumbnail":["https:\/\/i0.wp.com\/landioustravel.com\/wp-content\/uploads\/2022\/12\/Submarine-Trip-from-Safaga.jpg?resize=324%2C324&ssl=1",324,324,true],"woocommerce_single":["https:\/\/i0.wp.com\/landioustravel.com\/wp-content\/uploads\/2022\/12\/Submarine-Trip-from-Safaga.jpg?fit=416%2C208&ssl=1",416,208,true],"woocommerce_gallery_thumbnail":["https:\/\/i0.wp.com\/landioustravel.com\/wp-content\/uploads\/2022\/12\/Submarine-Trip-from-Safaga.jpg?resize=100%2C100&ssl=1",100,100,true]},"uagb_author_info":{"display_name":"Mofreh Landious","author_link":"https:\/\/landioustravel.com\/nl\/author\/"},"uagb_comment_info":0,"uagb_excerpt":"Ervaar de sensatie van het verkennen van de mysterieuze onderwaterwereld tijdens een epische reis met een deskundige gids! Wees getuige van de adembenemende schoonheid van vissen en haaien in hun natuurlijke leefomgeving en onthul de geheimen van het zeeleven en hun fascinerende relaties. Ontdek hele steden die de onze weerspiegelen en wees getuige van families&hellip;","jetpack_sharing_enabled":true,"jetpack_likes_enabled":true,"amp_enabled":true,"_links":{"self":[{"href":"https:\/\/landioustravel.com\/nl\/wp-json\/wp\/v2\/product\/140799","targetHints":{"allow":["GET"]}}],"collection":[{"href":"https:\/\/landioustravel.com\/nl\/wp-json\/wp\/v2\/product"}],"about":[{"href":"https:\/\/landioustravel.com\/nl\/wp-json\/wp\/v2\/types\/product"}],"replies":[{"embeddable":true,"href":"https:\/\/landioustravel.com\/nl\/wp-json\/wp\/v2\/comments?post=140799"}],"wp:featuredmedia":[{"embeddable":true,"href":"https:\/\/landioustravel.com\/nl\/wp-json\/wp\/v2\/media\/138432"}],"wp:attachment":[{"href":"https:\/\/landioustravel.com\/nl\/wp-json\/wp\/v2\/media?parent=140799"}],"wp:term":[{"taxonomy":"product_brand","embeddable":true,"href":"https:\/\/landioustravel.com\/nl\/wp-json\/wp\/v2\/product_brand?post=140799"},{"taxonomy":"product_cat","embeddable":true,"href":"https:\/\/landioustravel.com\/nl\/wp-json\/wp\/v2\/product_cat?post=140799"},{"taxonomy":"product_tag","embeddable":true,"href":"https:\/\/landioustravel.com\/nl\/wp-json\/wp\/v2\/product_tag?post=140799"}],"curies":[{"name":"wp","href":"https:\/\/api.w.org\/{rel}","templated":true}]}}