{"id":140886,"date":"2022-12-18T01:50:12","date_gmt":"2023-04-14T23:26:58","guid":{"rendered":"https:\/\/landioustravel.com\/?post_type=product&#038;p=140886"},"modified":"2023-06-19T16:32:56","modified_gmt":"2023-06-19T14:32:56","slug":"reis-cairo-vliegtuig-safaga","status":"publish","type":"product","link":"https:\/\/landioustravel.com\/nl\/shop\/reis-cairo-vliegtuig-safaga\/","title":{"rendered":"Ca\u00efro Reis per vliegtuig Safaga"},"content":{"rendered":"<p>Ca\u00efro Reis per vliegtuig Safaga is een fantastische tour om de oude Egyptische monumenten van Gizeh en Ca\u00efro vanuit Safaga per vliegtuig, Egypte, te verkennen! We raden deze reis aan omdat toeristen hierdoor de meest indrukwekkende bezienswaardigheden kunnen zien en meer te weten kunnen komen over de geschiedenis ervan. Natuurlijk gaat deze reis naar de grote piramides en de gigantische sfinx in Gizeh. Bovendien gaat het ook naar het Egyptisch Museum in Ca\u00efro. Bovendien zullen passagiers van de reis deze langverwachte reis maken zonder veel tijd te verliezen. Over het algemeen bespaart reizen per vliegtuig tijd.<\/p>\n<h2>Hoogtepunten op reis naar Ca\u00efro vanuit Safaga per vliegtuig<\/h2>\n<ul>\n<li>Bezoek het Egyptisch Museum in Ca\u00efro.<\/li>\n<li>Lunchen in een restaurant.<\/li>\n<li>Bezoek de drie piramides in Gizeh.<\/li>\n<li>Bewonder ook de Grote Sfinx bij het piramidecomplex.<\/li>\n<\/ul>\n<h2>Programma vliegreis naar Ca\u00efro\/Gizeh<\/h2>\n<ul>\n<li>Landious Travel-vertegenwoordiger haalt u om ongeveer 05:00 uur op bij uw hotel in Safaga in een voertuig met airconditioning.<\/li>\n<li>Nadat alle bezoekers zijn opgehaald, gaat de bus naar de internationale luchthaven van Hurghada. Het duurt ongeveer 40 minuten om naar de luchthaven te komen.<\/li>\n<\/ul>\n<h3>Programma in Ca\u00efro<\/h3>\n<ul>\n<li>We laten je het Egyptisch Museum zien zodra je in Ca\u00efro aankomt. Dit museum heeft ongeveer 100 tentoonstellingszalen in dit museum. In deze hallen bevindt zich een unieke collectie van zo&#8217;n 150 duizend stuks. Je gids zal alle belangrijke tentoonstellingen in dit enorme museum laten zien. Hij geeft je ook vrije tijd om foto&#8217;s te maken.<\/li>\n<li>Na het bezoek aan het Egyptisch Museum begint u aan de bootpicknick op de rivier de Nijl. Deze Nijlreis is een aanvullend programma; u kunt deze vooraf via ons reserveren! Zodra de bootpicknick op de Nijl eindigt, ga je naar een andere stad &#8211; Gizeh.<\/li>\n<\/ul>\n<h3>Programma in Gizeh<\/h3>\n<ul>\n<li>Natuurlijk gaat de reis verder in Gizeh. De eerste stop op deze plek is in het restaurant. Het biedt een open buffet.<\/li>\n<li>Daarna gaat de groep verder naar het Gizeh-piramidecomplex, met grote piramides en de Sfinx. Nogmaals, je gids zal je deze monumenten laten zien en je vrije tijd geven om een foto te maken.<\/li>\n<\/ul>\n<h3>Vertrek naar Safaga<\/h3>\n<ul>\n<li>Eindelijk, na zo&#8217;n uitstekend programma in de steden Ca\u00efro en Gizeh, ga je naar de luchthaven van Ca\u00efro.<\/li>\n<li>Deze reis naar Ca\u00efro vanuit Safaga per vliegtuig eindigt om ongeveer 23:00 uur.<\/li>\n<\/ul>\n<h2>Wat is inbegrepen in de prijs van het Ca\u00efro Reis per vliegtuig Safaga?<\/h2>\n<ol>\n<li>Tickets voor het bezoeken van tempels.<\/li>\n<li>Lunch.<\/li>\n<li>Gids.<\/li>\n<li>Transfer naar de luchthaven van Hurghada.<\/li>\n<li>Voertuig in Ca\u00efro.<\/li>\n<li>Ook transfer van Hurghada Airport terug naar uw hotel.<\/li>\n<\/ol>\n<h2>Wat is niet inbegrepen in het programma van Cairo Tour Safaga per vliegtuig?<\/h2>\n<p>Aanvullende excursieprogramma&#8217;s indien niet inbegrepen in het bovenstaande programma.<\/p>\n<ul>\n<li>Ook drankjes.<\/li>\n<\/ul>\n<h2>Wat neem je mee op reis?<\/h2>\n<ul>\n<li>Ontbijtdoos.<\/li>\n<li>Ook Paspoort.<\/li>\n<\/ul>\n<h2>Boekingsdagen van Ca\u00efro Reis per vliegtuig Safaga<\/h2>\n<h3>Controleer de beschikbaarheid bij ons!<\/h3>\n<p>&nbsp;<\/p>\n<ul>\n<li>Zondag van 05:00 \u2013 23:00.<\/li>\n<li>Donderdagen van 05:00 \u2013 23:00.<\/li>\n<li>Ook zijn vrijdagen van 05:00 \u2013 23:00.<\/li>\n<\/ul>\n<h2>Wat wordt er verwacht tijdens de Ca\u00efro Reis per vliegtuig Safaga?<\/h2>\n<h3>Egyptisch museum<\/h3>\n<p>Het Egyptisch Museum is het oudste archeologische museum in Egypte en het Midden-Oosten. Het vertoont een uitgebreide collectie gaande van de Predynastische periode tot de Grieks-Romeinse periode. Bovendien herbergt deze repository de meest uitgebreide collectie faraonische antiquiteiten ter wereld. Deze fantastische collectie schetst 5000 jaar Egyptische geschiedenis.<\/p>\n<h3>Piramidecomplex van Gizeh<\/h3>\n<p>Het piramidecomplex van Gizeh is de meest populaire toeristische attractie in Egypte. Dit complex is een oud-Egyptische vindplaats op het plateau van Gizeh. Het is algemeen bekend en omvat de Grote Piramide van Gizeh met de bijbehorende netwerken en de Sfinx van Gizeh. We noemen het ook de Necropolis van Gizeh.<\/p>\n<p>&nbsp;<\/p>\n<p>De oude Egyptenaren bouwden deze enorme constructies tijdens de vierde dynastie van het oude koninkrijk van het oude Egypte. Bovendien omvat het Giza-complex verschillende begraafplaatsen en de overblijfselen van een arbeidersnederzetting op zijn grondgebied.<\/p>\n<h3>Piramide van Khufu<\/h3>\n<p>De Piramide van Khufu staat op een torenhoge hoogte van 138,5 meter. Gelegen in het piramidecomplex van Gizeh, heeft deze oudste en grootste piramide mensen door de eeuwen heen verbaasd. Dit wonder maakt deel uit van de zeven wonderen van de antieke wereld.<\/p>\n<h3>Piramide van Chefren<\/h3>\n<p>De Piramide van Khafre staat op 448 voet met een basislengte van 706 voet. Deze afmetingen maken de Piramide tot het op een na hoogste en op een na grootste piramidecomplex van Gizeh. Het herbergt het graf van de farao Khafre van de vierde dynastie, die regeerde tussen 2558 en 2532 voor Christus. Dit historische monument staat ook wel bekend als de Piramide van Chefren.<\/p>\n<h3>Menkaure-piramide<\/h3>\n<p>Menkaure is de derde piramide in het piramidecomplex van Gizeh in Groot-Ca\u00efro, Egypte. Kleinste van de drie; deze prachtige structuur stijgt tot 66 meter (218 voet). Menkaure Pyramid herbergt enkele van de meest verbluffende sculpturen uit de oude Egyptische geschiedenis, ondanks dat ze kort zijn.<\/p>\n<h3>Grote Sfinx<\/h3>\n<p>De Grote Sfinx is een van de belangrijkste sculpturen ter wereld. Het staat bijna 20 meter en toont het lichaam van een achterover leunende leeuw en een menselijk hoofd. Ook siert een koninklijke hoofdtooi het menselijke hoofd van de Sfinx. De lengte van dit prachtige beeld is ongeveer 240 voet.<\/p>\n<h3>Oud Ca\u00efro<\/h3>\n<p>In 576 vGT viel Nebukadnezar (koning van Babel) het oude Egypte binnen. Hij bouwde een fort op de oostelijke oever van de Nijl nabij de hoofdstad Memphis.<\/p>\n","protected":false},"excerpt":{"rendered":"<p>Begin aan een onvergetelijke reis naar Ca\u00efro-Gizeh vanuit Safaga per vliegtuig en word verliefd op de verbluffende bezienswaardigheden van de drie majestueuze piramides van Gizeh en de Grote Sfinx. Geniet van een heerlijke lunch en maak een uitstapje naar het Egyptisch Museum in Ca\u00efro, waar je versteld zult staan van de prachtige oude Egyptische kunstvoorwerpen. Om je excursieprogramma af te sluiten, heb je een heerlijke bootpicknick op de rivier de Nijl en verken je de charmante straten van het oude Ca\u00efro. De tourprijs dekt al uw behoeften, inclusief vliegtickets, toegangskaarten en transfers. Ervaar het beste van Egypte met &#8220;Safaga Shore Excursions&#8221; en trakteer uzelf op een dagtrip naar Ca\u00efro vanuit de haven van Safaga per vliegtuig. Ga met ons mee op een onvergetelijk avontuur!<\/p>\n","protected":false},"featured_media":137893,"comment_status":"open","ping_status":"closed","template":"","meta":{"_coblocks_attr":"","_coblocks_dimensions":"","_coblocks_responsive_height":"","_coblocks_accordion_ie_support":"","_uag_custom_page_level_css":"","jetpack_post_was_ever_published":false,"jetpack_publicize_message":"","jetpack_publicize_feature_enabled":true,"jetpack_social_post_already_shared":true,"jetpack_social_options":{"image_generator_settings":{"template":"highway","default_image_id":0,"font":"","enabled":false},"version":2},"_wpas_customize_per_network":false},"product_brand":[],"product_cat":[16885,22122,21033],"product_tag":[13209,13165,13178,13195,13212],"class_list":{"0":"post-140886","1":"product","2":"type-product","3":"status-publish","4":"has-post-thumbnail","6":"product_cat-excursies-safaga","7":"product_cat-hurghada-vliegreizen","8":"product_cat-safaga-bezienswaardigheden-excursies","9":"product_tag-bezienswaardigheden","10":"product_tag-cairo-nl","11":"product_tag-excursie","12":"product_tag-piramides-nl","13":"product_tag-sfinx","14":"pa_age-kind-1-4-jaar","15":"pa_age-kind-5-11-jaar","16":"pa_age-volwassen","18":"first","19":"instock","20":"sale","21":"taxable","22":"shipping-taxable","23":"purchasable","24":"product-type-variable"},"yoast_head":"<!-- This site is optimized with the Yoast SEO Premium plugin v26.9 (Yoast SEO v27.3) - https:\/\/yoast.com\/product\/yoast-seo-premium-wordpress\/ -->\n<title>Ca\u00efro Reis per vliegtuig Safaga<\/title>\n<meta name=\"description\" content=\"Ca\u00efro Reis per vliegtuig Safaga is een fantastische tour om de oude Egyptische monumenten van Gizeh en Ca\u00efro vanuit Safaga per vliegtuig, Egypte, te\" \/>\n<meta name=\"robots\" content=\"index, follow, max-snippet:-1, max-image-preview:large, max-video-preview:-1\" \/>\n<link rel=\"canonical\" href=\"https:\/\/landioustravel.com\/nl\/shop\/reis-cairo-vliegtuig-safaga\/\" \/>\n<meta property=\"og:locale\" content=\"nl_NL\" \/>\n<meta property=\"og:type\" content=\"article\" \/>\n<meta property=\"og:title\" content=\"Ca\u00efro Reis per vliegtuig Safaga\" \/>\n<meta property=\"og:description\" content=\"Landious Travel\" \/>\n<meta property=\"og:url\" content=\"https:\/\/landioustravel.com\/nl\/shop\/reis-cairo-vliegtuig-safaga\/\" \/>\n<meta property=\"og:site_name\" content=\"Landious Travel\" \/>\n<meta property=\"article:publisher\" content=\"https:\/\/web.facebook.com\/landiousEgypt\" \/>\n<meta property=\"article:modified_time\" content=\"2023-06-19T14:32:56+00:00\" \/>\n<meta property=\"og:image\" content=\"https:\/\/i0.wp.com\/landioustravel.com\/wp-content\/uploads\/2022\/12\/Cairo-Trip-by-Plane-Safaga-e1671321735469.jpg?fit=1200%2C675&ssl=1\" \/>\n\t<meta property=\"og:image:width\" content=\"1200\" \/>\n\t<meta property=\"og:image:height\" content=\"675\" \/>\n\t<meta property=\"og:image:type\" content=\"image\/jpeg\" \/>\n<meta name=\"twitter:card\" content=\"summary_large_image\" \/>\n<meta name=\"twitter:site\" content=\"@LandiousTours\" \/>\n<meta name=\"twitter:label1\" content=\"Geschatte leestijd\" \/>\n\t<meta name=\"twitter:data1\" content=\"4 minuten\" \/>\n<script type=\"application\/ld+json\" class=\"yoast-schema-graph\">{\"@context\":\"https:\\\/\\\/schema.org\",\"@graph\":[{\"@type\":\"WebPage\",\"@id\":\"https:\\\/\\\/landioustravel.com\\\/nl\\\/shop\\\/reis-cairo-vliegtuig-safaga\\\/\",\"url\":\"https:\\\/\\\/landioustravel.com\\\/nl\\\/shop\\\/reis-cairo-vliegtuig-safaga\\\/\",\"name\":\"Ca\u00efro Reis per vliegtuig Safaga\",\"isPartOf\":{\"@id\":\"https:\\\/\\\/landioustravel.com\\\/nl\\\/#website\"},\"primaryImageOfPage\":{\"@id\":\"https:\\\/\\\/landioustravel.com\\\/nl\\\/shop\\\/reis-cairo-vliegtuig-safaga\\\/#primaryimage\"},\"image\":{\"@id\":\"https:\\\/\\\/landioustravel.com\\\/nl\\\/shop\\\/reis-cairo-vliegtuig-safaga\\\/#primaryimage\"},\"thumbnailUrl\":\"https:\\\/\\\/i0.wp.com\\\/landioustravel.com\\\/wp-content\\\/uploads\\\/2022\\\/12\\\/Cairo-Trip-by-Plane-Safaga-e1671321735469.jpg?fit=1200%2C675&ssl=1\",\"datePublished\":\"2023-04-14T23:26:58+00:00\",\"dateModified\":\"2023-06-19T14:32:56+00:00\",\"description\":\"Ca\u00efro Reis per vliegtuig Safaga is een fantastische tour om de oude Egyptische monumenten van Gizeh en Ca\u00efro vanuit Safaga per vliegtuig, Egypte, te\",\"breadcrumb\":{\"@id\":\"https:\\\/\\\/landioustravel.com\\\/nl\\\/shop\\\/reis-cairo-vliegtuig-safaga\\\/#breadcrumb\"},\"inLanguage\":\"nl-NL\",\"potentialAction\":[{\"@type\":\"ReadAction\",\"target\":[\"https:\\\/\\\/landioustravel.com\\\/nl\\\/shop\\\/reis-cairo-vliegtuig-safaga\\\/\"]}]},{\"@type\":\"ImageObject\",\"inLanguage\":\"nl-NL\",\"@id\":\"https:\\\/\\\/landioustravel.com\\\/nl\\\/shop\\\/reis-cairo-vliegtuig-safaga\\\/#primaryimage\",\"url\":\"https:\\\/\\\/i0.wp.com\\\/landioustravel.com\\\/wp-content\\\/uploads\\\/2022\\\/12\\\/Cairo-Trip-by-Plane-Safaga-e1671321735469.jpg?fit=1200%2C675&ssl=1\",\"contentUrl\":\"https:\\\/\\\/i0.wp.com\\\/landioustravel.com\\\/wp-content\\\/uploads\\\/2022\\\/12\\\/Cairo-Trip-by-Plane-Safaga-e1671321735469.jpg?fit=1200%2C675&ssl=1\",\"width\":1200,\"height\":675,\"caption\":\"Cairo Trip by Plane Safaga\"},{\"@type\":\"BreadcrumbList\",\"@id\":\"https:\\\/\\\/landioustravel.com\\\/nl\\\/shop\\\/reis-cairo-vliegtuig-safaga\\\/#breadcrumb\",\"itemListElement\":[{\"@type\":\"ListItem\",\"position\":1,\"name\":\"Home\",\"item\":\"https:\\\/\\\/landioustravel.com\\\/nl\\\/\"},{\"@type\":\"ListItem\",\"position\":2,\"name\":\"Diensten &amp; rondleidingen\",\"item\":\"https:\\\/\\\/landioustravel.com\\\/nl\\\/\"},{\"@type\":\"ListItem\",\"position\":3,\"name\":\"Ca\u00efro Reis per vliegtuig Safaga\"}]},{\"@type\":\"WebSite\",\"@id\":\"https:\\\/\\\/landioustravel.com\\\/nl\\\/#website\",\"url\":\"https:\\\/\\\/landioustravel.com\\\/nl\\\/\",\"name\":\"Landious Travel\",\"description\":\"Excursions, trips and cruises in Egypt\",\"publisher\":{\"@id\":\"https:\\\/\\\/landioustravel.com\\\/nl\\\/#organization\"},\"potentialAction\":[{\"@type\":\"SearchAction\",\"target\":{\"@type\":\"EntryPoint\",\"urlTemplate\":\"https:\\\/\\\/landioustravel.com\\\/nl\\\/?s={search_term_string}\"},\"query-input\":{\"@type\":\"PropertyValueSpecification\",\"valueRequired\":true,\"valueName\":\"search_term_string\"}}],\"inLanguage\":\"nl-NL\"},{\"@type\":[\"Organization\",\"Place\"],\"@id\":\"https:\\\/\\\/landioustravel.com\\\/nl\\\/#organization\",\"name\":\"Landious Travel\",\"alternateName\":\"Landious Travel\",\"url\":\"https:\\\/\\\/landioustravel.com\\\/nl\\\/\",\"logo\":{\"@id\":\"https:\\\/\\\/landioustravel.com\\\/nl\\\/shop\\\/reis-cairo-vliegtuig-safaga\\\/#local-main-organization-logo\"},\"image\":{\"@id\":\"https:\\\/\\\/landioustravel.com\\\/nl\\\/shop\\\/reis-cairo-vliegtuig-safaga\\\/#local-main-organization-logo\"},\"sameAs\":[\"https:\\\/\\\/web.facebook.com\\\/landiousEgypt\",\"https:\\\/\\\/x.com\\\/LandiousTours\",\"https:\\\/\\\/mastodon.social\\\/@landious\"],\"legalName\":\"Landious Travel\",\"telephone\":[],\"openingHoursSpecification\":[{\"@type\":\"OpeningHoursSpecification\",\"dayOfWeek\":[\"Monday\",\"Tuesday\",\"Wednesday\",\"Thursday\",\"Friday\",\"Saturday\",\"Sunday\"],\"opens\":\"09:00\",\"closes\":\"17:00\"}]},{\"@type\":\"ImageObject\",\"inLanguage\":\"nl-NL\",\"@id\":\"https:\\\/\\\/landioustravel.com\\\/nl\\\/shop\\\/reis-cairo-vliegtuig-safaga\\\/#local-main-organization-logo\",\"url\":\"https:\\\/\\\/i0.wp.com\\\/landioustravel.com\\\/wp-content\\\/uploads\\\/2021\\\/06\\\/Landious-T.png?fit=500%2C500&ssl=1\",\"contentUrl\":\"https:\\\/\\\/i0.wp.com\\\/landioustravel.com\\\/wp-content\\\/uploads\\\/2021\\\/06\\\/Landious-T.png?fit=500%2C500&ssl=1\",\"width\":500,\"height\":500,\"caption\":\"Landious Travel\"}]}<\/script>\n<!-- \/ Yoast SEO Premium plugin. -->","yoast_head_json":{"title":"Ca\u00efro Reis per vliegtuig Safaga","description":"Ca\u00efro Reis per vliegtuig Safaga is een fantastische tour om de oude Egyptische monumenten van Gizeh en Ca\u00efro vanuit Safaga per vliegtuig, Egypte, te","robots":{"index":"index","follow":"follow","max-snippet":"max-snippet:-1","max-image-preview":"max-image-preview:large","max-video-preview":"max-video-preview:-1"},"canonical":"https:\/\/landioustravel.com\/nl\/shop\/reis-cairo-vliegtuig-safaga\/","og_locale":"nl_NL","og_type":"article","og_title":"Ca\u00efro Reis per vliegtuig Safaga","og_description":"Landious Travel","og_url":"https:\/\/landioustravel.com\/nl\/shop\/reis-cairo-vliegtuig-safaga\/","og_site_name":"Landious Travel","article_publisher":"https:\/\/web.facebook.com\/landiousEgypt","article_modified_time":"2023-06-19T14:32:56+00:00","og_image":[{"width":1200,"height":675,"url":"https:\/\/i0.wp.com\/landioustravel.com\/wp-content\/uploads\/2022\/12\/Cairo-Trip-by-Plane-Safaga-e1671321735469.jpg?fit=1200%2C675&ssl=1","type":"image\/jpeg"}],"twitter_card":"summary_large_image","twitter_site":"@LandiousTours","twitter_misc":{"Geschatte leestijd":"4 minuten"},"schema":{"@context":"https:\/\/schema.org","@graph":[{"@type":"WebPage","@id":"https:\/\/landioustravel.com\/nl\/shop\/reis-cairo-vliegtuig-safaga\/","url":"https:\/\/landioustravel.com\/nl\/shop\/reis-cairo-vliegtuig-safaga\/","name":"Ca\u00efro Reis per vliegtuig Safaga","isPartOf":{"@id":"https:\/\/landioustravel.com\/nl\/#website"},"primaryImageOfPage":{"@id":"https:\/\/landioustravel.com\/nl\/shop\/reis-cairo-vliegtuig-safaga\/#primaryimage"},"image":{"@id":"https:\/\/landioustravel.com\/nl\/shop\/reis-cairo-vliegtuig-safaga\/#primaryimage"},"thumbnailUrl":"https:\/\/i0.wp.com\/landioustravel.com\/wp-content\/uploads\/2022\/12\/Cairo-Trip-by-Plane-Safaga-e1671321735469.jpg?fit=1200%2C675&ssl=1","datePublished":"2023-04-14T23:26:58+00:00","dateModified":"2023-06-19T14:32:56+00:00","description":"Ca\u00efro Reis per vliegtuig Safaga is een fantastische tour om de oude Egyptische monumenten van Gizeh en Ca\u00efro vanuit Safaga per vliegtuig, Egypte, te","breadcrumb":{"@id":"https:\/\/landioustravel.com\/nl\/shop\/reis-cairo-vliegtuig-safaga\/#breadcrumb"},"inLanguage":"nl-NL","potentialAction":[{"@type":"ReadAction","target":["https:\/\/landioustravel.com\/nl\/shop\/reis-cairo-vliegtuig-safaga\/"]}]},{"@type":"ImageObject","inLanguage":"nl-NL","@id":"https:\/\/landioustravel.com\/nl\/shop\/reis-cairo-vliegtuig-safaga\/#primaryimage","url":"https:\/\/i0.wp.com\/landioustravel.com\/wp-content\/uploads\/2022\/12\/Cairo-Trip-by-Plane-Safaga-e1671321735469.jpg?fit=1200%2C675&ssl=1","contentUrl":"https:\/\/i0.wp.com\/landioustravel.com\/wp-content\/uploads\/2022\/12\/Cairo-Trip-by-Plane-Safaga-e1671321735469.jpg?fit=1200%2C675&ssl=1","width":1200,"height":675,"caption":"Cairo Trip by Plane Safaga"},{"@type":"BreadcrumbList","@id":"https:\/\/landioustravel.com\/nl\/shop\/reis-cairo-vliegtuig-safaga\/#breadcrumb","itemListElement":[{"@type":"ListItem","position":1,"name":"Home","item":"https:\/\/landioustravel.com\/nl\/"},{"@type":"ListItem","position":2,"name":"Diensten &amp; rondleidingen","item":"https:\/\/landioustravel.com\/nl\/"},{"@type":"ListItem","position":3,"name":"Ca\u00efro Reis per vliegtuig Safaga"}]},{"@type":"WebSite","@id":"https:\/\/landioustravel.com\/nl\/#website","url":"https:\/\/landioustravel.com\/nl\/","name":"Landious Travel","description":"Excursions, trips and cruises in Egypt","publisher":{"@id":"https:\/\/landioustravel.com\/nl\/#organization"},"potentialAction":[{"@type":"SearchAction","target":{"@type":"EntryPoint","urlTemplate":"https:\/\/landioustravel.com\/nl\/?s={search_term_string}"},"query-input":{"@type":"PropertyValueSpecification","valueRequired":true,"valueName":"search_term_string"}}],"inLanguage":"nl-NL"},{"@type":["Organization","Place"],"@id":"https:\/\/landioustravel.com\/nl\/#organization","name":"Landious Travel","alternateName":"Landious Travel","url":"https:\/\/landioustravel.com\/nl\/","logo":{"@id":"https:\/\/landioustravel.com\/nl\/shop\/reis-cairo-vliegtuig-safaga\/#local-main-organization-logo"},"image":{"@id":"https:\/\/landioustravel.com\/nl\/shop\/reis-cairo-vliegtuig-safaga\/#local-main-organization-logo"},"sameAs":["https:\/\/web.facebook.com\/landiousEgypt","https:\/\/x.com\/LandiousTours","https:\/\/mastodon.social\/@landious"],"legalName":"Landious Travel","telephone":[],"openingHoursSpecification":[{"@type":"OpeningHoursSpecification","dayOfWeek":["Monday","Tuesday","Wednesday","Thursday","Friday","Saturday","Sunday"],"opens":"09:00","closes":"17:00"}]},{"@type":"ImageObject","inLanguage":"nl-NL","@id":"https:\/\/landioustravel.com\/nl\/shop\/reis-cairo-vliegtuig-safaga\/#local-main-organization-logo","url":"https:\/\/i0.wp.com\/landioustravel.com\/wp-content\/uploads\/2021\/06\/Landious-T.png?fit=500%2C500&ssl=1","contentUrl":"https:\/\/i0.wp.com\/landioustravel.com\/wp-content\/uploads\/2021\/06\/Landious-T.png?fit=500%2C500&ssl=1","width":500,"height":500,"caption":"Landious Travel"}]}},"jetpack_publicize_connections":[],"uagb_featured_image_src":{"full":["https:\/\/i0.wp.com\/landioustravel.com\/wp-content\/uploads\/2022\/12\/Cairo-Trip-by-Plane-Safaga-e1671321735469.jpg?fit=1200%2C675&ssl=1",1200,675,false],"thumbnail":["https:\/\/i0.wp.com\/landioustravel.com\/wp-content\/uploads\/2022\/12\/Cairo-Trip-by-Plane-Safaga-e1671321735469.jpg?resize=150%2C150&ssl=1",150,150,true],"medium":["https:\/\/i0.wp.com\/landioustravel.com\/wp-content\/uploads\/2022\/12\/Cairo-Trip-by-Plane-Safaga-e1671321735469.jpg?fit=300%2C169&ssl=1",300,169,true],"medium_large":["https:\/\/i0.wp.com\/landioustravel.com\/wp-content\/uploads\/2022\/12\/Cairo-Trip-by-Plane-Safaga-e1671321735469.jpg?fit=768%2C432&ssl=1",768,432,true],"large":["https:\/\/i0.wp.com\/landioustravel.com\/wp-content\/uploads\/2022\/12\/Cairo-Trip-by-Plane-Safaga-e1671321735469.jpg?fit=980%2C551&ssl=1",980,551,true],"1536x1536":["https:\/\/i0.wp.com\/landioustravel.com\/wp-content\/uploads\/2022\/12\/Cairo-Trip-by-Plane-Safaga-e1671321735469.jpg?fit=1200%2C675&ssl=1",1200,675,true],"2048x2048":["https:\/\/i0.wp.com\/landioustravel.com\/wp-content\/uploads\/2022\/12\/Cairo-Trip-by-Plane-Safaga-e1671321735469.jpg?fit=1200%2C675&ssl=1",1200,675,true],"newspack-article-block-landscape-large":["https:\/\/i0.wp.com\/landioustravel.com\/wp-content\/uploads\/2022\/12\/Cairo-Trip-by-Plane-Safaga-e1671321735469.jpg?resize=1200%2C675&ssl=1",1200,675,true],"newspack-article-block-portrait-large":["https:\/\/i0.wp.com\/landioustravel.com\/wp-content\/uploads\/2022\/12\/Cairo-Trip-by-Plane-Safaga-e1671321735469.jpg?resize=900%2C675&ssl=1",900,675,true],"newspack-article-block-square-large":["https:\/\/i0.wp.com\/landioustravel.com\/wp-content\/uploads\/2022\/12\/Cairo-Trip-by-Plane-Safaga-e1671321735469.jpg?resize=1200%2C675&ssl=1",1200,675,true],"newspack-article-block-landscape-medium":["https:\/\/i0.wp.com\/landioustravel.com\/wp-content\/uploads\/2022\/12\/Cairo-Trip-by-Plane-Safaga-e1671321735469.jpg?resize=800%2C600&ssl=1",800,600,true],"newspack-article-block-portrait-medium":["https:\/\/i0.wp.com\/landioustravel.com\/wp-content\/uploads\/2022\/12\/Cairo-Trip-by-Plane-Safaga-e1671321735469.jpg?resize=600%2C675&ssl=1",600,675,true],"newspack-article-block-square-medium":["https:\/\/i0.wp.com\/landioustravel.com\/wp-content\/uploads\/2022\/12\/Cairo-Trip-by-Plane-Safaga-e1671321735469.jpg?resize=800%2C675&ssl=1",800,675,true],"newspack-article-block-landscape-intermediate":["https:\/\/i0.wp.com\/landioustravel.com\/wp-content\/uploads\/2022\/12\/Cairo-Trip-by-Plane-Safaga-e1671321735469.jpg?resize=600%2C450&ssl=1",600,450,true],"newspack-article-block-portrait-intermediate":["https:\/\/i0.wp.com\/landioustravel.com\/wp-content\/uploads\/2022\/12\/Cairo-Trip-by-Plane-Safaga-e1671321735469.jpg?resize=450%2C600&ssl=1",450,600,true],"newspack-article-block-square-intermediate":["https:\/\/i0.wp.com\/landioustravel.com\/wp-content\/uploads\/2022\/12\/Cairo-Trip-by-Plane-Safaga-e1671321735469.jpg?resize=600%2C600&ssl=1",600,600,true],"newspack-article-block-landscape-small":["https:\/\/i0.wp.com\/landioustravel.com\/wp-content\/uploads\/2022\/12\/Cairo-Trip-by-Plane-Safaga-e1671321735469.jpg?resize=400%2C300&ssl=1",400,300,true],"newspack-article-block-portrait-small":["https:\/\/i0.wp.com\/landioustravel.com\/wp-content\/uploads\/2022\/12\/Cairo-Trip-by-Plane-Safaga-e1671321735469.jpg?resize=300%2C400&ssl=1",300,400,true],"newspack-article-block-square-small":["https:\/\/i0.wp.com\/landioustravel.com\/wp-content\/uploads\/2022\/12\/Cairo-Trip-by-Plane-Safaga-e1671321735469.jpg?resize=400%2C400&ssl=1",400,400,true],"newspack-article-block-landscape-tiny":["https:\/\/i0.wp.com\/landioustravel.com\/wp-content\/uploads\/2022\/12\/Cairo-Trip-by-Plane-Safaga-e1671321735469.jpg?resize=200%2C150&ssl=1",200,150,true],"newspack-article-block-portrait-tiny":["https:\/\/i0.wp.com\/landioustravel.com\/wp-content\/uploads\/2022\/12\/Cairo-Trip-by-Plane-Safaga-e1671321735469.jpg?resize=150%2C200&ssl=1",150,200,true],"newspack-article-block-square-tiny":["https:\/\/i0.wp.com\/landioustravel.com\/wp-content\/uploads\/2022\/12\/Cairo-Trip-by-Plane-Safaga-e1671321735469.jpg?resize=200%2C200&ssl=1",200,200,true],"newspack-article-block-uncropped":["https:\/\/i0.wp.com\/landioustravel.com\/wp-content\/uploads\/2022\/12\/Cairo-Trip-by-Plane-Safaga-e1671321735469.jpg?fit=1200%2C675&ssl=1",1200,675,true],"woocommerce_thumbnail":["https:\/\/i0.wp.com\/landioustravel.com\/wp-content\/uploads\/2022\/12\/Cairo-Trip-by-Plane-Safaga-e1671321735469.jpg?resize=324%2C324&ssl=1",324,324,true],"woocommerce_single":["https:\/\/i0.wp.com\/landioustravel.com\/wp-content\/uploads\/2022\/12\/Cairo-Trip-by-Plane-Safaga-e1671321735469.jpg?fit=416%2C234&ssl=1",416,234,true],"woocommerce_gallery_thumbnail":["https:\/\/i0.wp.com\/landioustravel.com\/wp-content\/uploads\/2022\/12\/Cairo-Trip-by-Plane-Safaga-e1671321735469.jpg?resize=100%2C100&ssl=1",100,100,true]},"uagb_author_info":{"display_name":"Mofreh Landious","author_link":"https:\/\/landioustravel.com\/nl\/author\/"},"uagb_comment_info":0,"uagb_excerpt":"Begin aan een onvergetelijke reis naar Ca\u00efro-Gizeh vanuit Safaga per vliegtuig en word verliefd op de verbluffende bezienswaardigheden van de drie majestueuze piramides van Gizeh en de Grote Sfinx. Geniet van een heerlijke lunch en maak een uitstapje naar het Egyptisch Museum in Ca\u00efro, waar je versteld zult staan van de prachtige oude Egyptische kunstvoorwerpen.&hellip;","jetpack_sharing_enabled":true,"jetpack_likes_enabled":true,"amp_enabled":true,"_links":{"self":[{"href":"https:\/\/landioustravel.com\/nl\/wp-json\/wp\/v2\/product\/140886","targetHints":{"allow":["GET"]}}],"collection":[{"href":"https:\/\/landioustravel.com\/nl\/wp-json\/wp\/v2\/product"}],"about":[{"href":"https:\/\/landioustravel.com\/nl\/wp-json\/wp\/v2\/types\/product"}],"replies":[{"embeddable":true,"href":"https:\/\/landioustravel.com\/nl\/wp-json\/wp\/v2\/comments?post=140886"}],"wp:featuredmedia":[{"embeddable":true,"href":"https:\/\/landioustravel.com\/nl\/wp-json\/wp\/v2\/media\/137893"}],"wp:attachment":[{"href":"https:\/\/landioustravel.com\/nl\/wp-json\/wp\/v2\/media?parent=140886"}],"wp:term":[{"taxonomy":"product_brand","embeddable":true,"href":"https:\/\/landioustravel.com\/nl\/wp-json\/wp\/v2\/product_brand?post=140886"},{"taxonomy":"product_cat","embeddable":true,"href":"https:\/\/landioustravel.com\/nl\/wp-json\/wp\/v2\/product_cat?post=140886"},{"taxonomy":"product_tag","embeddable":true,"href":"https:\/\/landioustravel.com\/nl\/wp-json\/wp\/v2\/product_tag?post=140886"}],"curies":[{"name":"wp","href":"https:\/\/api.w.org\/{rel}","templated":true}]}}