{"id":14488,"date":"2019-05-12T04:59:40","date_gmt":"2019-08-06T01:29:12","guid":{"rendered":"https:\/\/landioustravel.com\/?post_type=product&#038;p=14488"},"modified":"2024-04-13T19:14:26","modified_gmt":"2024-04-13T17:14:26","slug":"privereis-cairo-hurghada-vliegtuig","status":"publish","type":"product","link":"https:\/\/landioustravel.com\/nl\/shop\/privereis-cairo-hurghada-vliegtuig\/","title":{"rendered":"Priv\u00e9reis naar Cairo vanuit Hurghada met vliegtuig"},"content":{"rendered":"<p>Het is een geweldige priv\u00e9reis naar Hurghada vanuit Ca\u00efro met het vliegtuig! We raden deze individuele reis aan omdat het toeristen in staat stelt de meest indrukwekkende bezienswaardigheden te zien en meer te leren over de geschiedenis van het land. Het gaat naar de grote piramides en de sfinx in Gizeh. En het gaat ook naar het Egyptische museum in Ca\u00efro. Passagiers op de reis zullen deze langverwachte reis per vliegtuig maken zonder veel tijd te verliezen.<\/p>\n<h2>Hoofdpunten van het excursieprogramma naar Ca\u00efro per vliegtuig<\/h2>\n<ul>\n<li>Bezoek aan het Egyptisch museum in Ca\u00efro<\/li>\n<li>Lunch<\/li>\n<li>Bezoek de drie piramides in Gizeh<\/li>\n<li>En de Grote Sfinx in het piramide-complex<\/li>\n<\/ul>\n<h3>Het programma van een priv\u00e9vluchtreis naar Ca\u00efro &#8211; Gizeh vanuit Hurghada<\/h3>\n<ul>\n<li>We halen u rond 05:00 uur op in een priv\u00e9voertuig van uw hotel<\/li>\n<li>Nadat alle bezoekers zijn opgehaald, gaat de bus naar de internationale luchthaven van Hurghada. Het duurt ongeveer 30 minuten om naar de luchthaven te komen.<\/li>\n<\/ul>\n<h4>Programma in Ca\u00efro<\/h4>\n<ul>\n<li>Zodra je aankomt in Ca\u00efro, laten we je het Egyptisch Museum zien. Het heeft ongeveer 100 tentoonstellingshallen in dit museum, waar een unieke collectie bestaat van ongeveer 150 duizend items. Je gids heeft de taak om alle hoofdtentoonstellingen in dit enorme museum te tonen en vrije tijd te geven om foto&#8217;s te maken<\/li>\n<li>Na een bezoek aan het Egyptisch Museum in Ca\u00efro, start je de bootpicknick op de rivier de Nijl als een betaalde optie. Dit is een aanvullend programma en moet vooraf bij ons worden besteld! Zodra de bootpicknick op de Nijl eindigt, ga je naar een andere stad, Giza<\/li>\n<\/ul>\n<h4>Programma in Gizeh<\/h4>\n<ul>\n<li>De reis gaat verder in Gizeh. De eerste stop daar zal in het restaurant zijn. Het biedt een open buffet<\/li>\n<li>Vervolgens gaat de groep naar het piramide-complex, waar zulke grote piramides en de Sfinx zijn. Je gids toont ze en geeft je vrije tijd om een \u200b\u200bfoto te maken<\/li>\n<li>Na zo&#8217;n programma in de prachtige steden Ca\u00efro en Gizeh ga je terug naar de luchthaven van Ca\u00efro.<\/li>\n<li>Deze &#8220;priv\u00e9vluchtreis naar Cairo vanuit Hurghada&#8221; eindigt om ongeveer 23:00 uur.<\/li>\n<\/ul>\n<h4>Wat is inbegrepen in de tourprijs<\/h4>\n<ul>\n<li>Tickets voor het bezoeken van tempels<\/li>\n<li>Lunch<\/li>\n<li>Priv\u00e9gids<\/li>\n<li>Individuele transfer naar Hurghada Airport<\/li>\n<li>Prive-voertuig in Ca\u00efro<\/li>\n<li>Ook individuele transfer van Hurghada Airport terug naar uw hotel<\/li>\n<\/ul>\n<h5>Wat is niet inbegrepen in de prijs van de reis<\/h5>\n<ul>\n<li>Extra excursieprogramma&#8217;s indien niet inbegrepen in het bovenstaande programma<\/li>\n<li>Ook drankjes<\/li>\n<\/ul>\n<h6>WAT MEE TE NEMEN VOOR DE REIS<\/h6>\n<ul>\n<li>Ontbijtdoos<\/li>\n<li>Ook paspoort<\/li>\n<\/ul>\n<h6>Dagen van excursie organisatie<\/h6>\n<ul>\n<li>Donderdag 05:00 &#8211; 23:00 uur<\/li>\n<li>Ook op vrijdag van 05:00 &#8211; 23:00 uur<\/li>\n<\/ul>\n","protected":false},"excerpt":{"rendered":"<p>Plan je een reis naar Ca\u00efro vanuit Hurghada? Laat ons het u gemakkelijk en onvergetelijk maken. Ons pakket omvat vliegtickets, toegangskaarten en transfers, zodat u zich nergens zorgen over hoeft te maken. We halen je om 04:30 uur op bij je hotel in Hurghada en brengen je naar het vliegveld. Na een korte vlucht naar Ca\u00efro zal onze vertegenwoordiger u de hele dag ontmoeten en bijstaan. Je zult genieten van een priv\u00e9tour met onze Egyptoloog-gids, die je gedetailleerd inzicht zal geven in de prachtige piramides van Gizeh, de Grote Sfinx en de Valleitempel van de Piramide van Chephren. Daarna nemen we je mee naar een lokaal restaurant om te lunchen.<\/p>\n<p>De volgende stop is het Egyptisch Museum, met kunstvoorwerpen uit de faraonische periode. Het museum heeft een zeldzame collectie van 5000 jaar kunst, waaronder een tentoonstelling gewijd aan de verzameling schatten, goud en juwelen van Toetanchamon. Je hebt ruim de tijd om Khan El Khalili, de oude bazaar van Ca\u00efro, te verkennen voordat je naar de luchthaven van Ca\u00efro wordt gereden voor je vlucht terug naar Hurghada. Wij zorgen ervoor dat u veilig aankomt bij uw hotel en dat u een vlotte en plezierige reis heeft gehad. Laat ons voor alles zorgen, zodat u zich kunt concentreren op het maken van onvergetelijke herinneringen in de hoofdstad van Egypte.<\/p>\n","protected":false},"featured_media":99204,"comment_status":"open","ping_status":"closed","template":"","meta":{"_coblocks_attr":"","_coblocks_dimensions":"","_coblocks_responsive_height":"","_coblocks_accordion_ie_support":"","_uag_custom_page_level_css":"","jetpack_post_was_ever_published":false,"jetpack_publicize_message":"","jetpack_publicize_feature_enabled":true,"jetpack_social_post_already_shared":true,"jetpack_social_options":{"image_generator_settings":{"template":"highway","default_image_id":0,"font":"","enabled":false},"version":2},"_wpas_customize_per_network":false},"product_brand":[],"product_cat":[13155,21026,22154,21037,21040,21034,21030,22122,13151],"product_tag":[13209,13165,13178,13181,13188,13195,13212],"class_list":{"0":"post-14488","1":"product","2":"type-product","3":"status-publish","4":"has-post-thumbnail","6":"product_cat-historische-excursies-hurghada","7":"product_cat-hurghada-dagtochten-cairo","8":"product_cat-hurghada-excursies-cairo","9":"product_cat-hurghada-prive-sightseeingtours","10":"product_cat-hurghada-privetours-piramides","11":"product_cat-hurghada-privedagtochten-cairo","12":"product_cat-hurghada-tours-piramides","13":"product_cat-hurghada-vliegreizen","14":"product_cat-individuele-excursies-hurghada","15":"product_tag-bezienswaardigheden","16":"product_tag-cairo-nl","17":"product_tag-excursie","18":"product_tag-excursies-vanuit-hurghada","19":"product_tag-hurghada-nl","20":"product_tag-piramides-nl","21":"product_tag-sfinx","23":"first","24":"instock","25":"sale","26":"taxable","27":"shipping-taxable","28":"purchasable","29":"product-type-variable"},"yoast_head":"<!-- This site is optimized with the Yoast SEO Premium plugin v26.9 (Yoast SEO v27.3) - https:\/\/yoast.com\/product\/yoast-seo-premium-wordpress\/ -->\n<title>Priv\u00e9reis naar Cairo vanuit Hurghada met vliegtuig<\/title>\n<meta name=\"description\" content=\"Priv\u00e9reis naar Cairo vanuit Hurghada met vliegtuig We raden deze individuele reis aan omdat het toeristen in staat stelt de meest indrukwekkende\" \/>\n<meta name=\"robots\" content=\"index, follow, max-snippet:-1, max-image-preview:large, max-video-preview:-1\" \/>\n<link rel=\"canonical\" href=\"https:\/\/landioustravel.com\/nl\/shop\/privereis-cairo-hurghada-vliegtuig\/\" \/>\n<meta property=\"og:locale\" content=\"nl_NL\" \/>\n<meta property=\"og:type\" content=\"article\" \/>\n<meta property=\"og:title\" content=\"Priv\u00e9reis naar Cairo vanuit Hurghada met vliegtuig\" \/>\n<meta property=\"og:description\" content=\"Landious Travel\" \/>\n<meta property=\"og:url\" content=\"https:\/\/landioustravel.com\/nl\/shop\/privereis-cairo-hurghada-vliegtuig\/\" \/>\n<meta property=\"og:site_name\" content=\"Landious Travel\" \/>\n<meta property=\"article:publisher\" content=\"https:\/\/web.facebook.com\/landiousEgypt\" \/>\n<meta property=\"article:modified_time\" content=\"2024-04-13T17:14:26+00:00\" \/>\n<meta property=\"og:image\" content=\"https:\/\/i0.wp.com\/landioustravel.com\/wp-content\/uploads\/2019\/05\/Cairo-Private-Trip-by-Plane-Hurghada-e1669160935397.jpg?fit=1200%2C675&ssl=1\" \/>\n\t<meta property=\"og:image:width\" content=\"1200\" \/>\n\t<meta property=\"og:image:height\" content=\"675\" \/>\n\t<meta property=\"og:image:type\" content=\"image\/jpeg\" \/>\n<meta name=\"twitter:card\" content=\"summary_large_image\" \/>\n<meta name=\"twitter:site\" content=\"@LandiousTours\" \/>\n<meta name=\"twitter:label1\" content=\"Geschatte leestijd\" \/>\n\t<meta name=\"twitter:data1\" content=\"2 minuten\" \/>\n<script type=\"application\/ld+json\" class=\"yoast-schema-graph\">{\"@context\":\"https:\\\/\\\/schema.org\",\"@graph\":[{\"@type\":\"WebPage\",\"@id\":\"https:\\\/\\\/landioustravel.com\\\/nl\\\/shop\\\/privereis-cairo-hurghada-vliegtuig\\\/\",\"url\":\"https:\\\/\\\/landioustravel.com\\\/nl\\\/shop\\\/privereis-cairo-hurghada-vliegtuig\\\/\",\"name\":\"Priv\u00e9reis naar Cairo vanuit Hurghada met vliegtuig\",\"isPartOf\":{\"@id\":\"https:\\\/\\\/landioustravel.com\\\/nl\\\/#website\"},\"primaryImageOfPage\":{\"@id\":\"https:\\\/\\\/landioustravel.com\\\/nl\\\/shop\\\/privereis-cairo-hurghada-vliegtuig\\\/#primaryimage\"},\"image\":{\"@id\":\"https:\\\/\\\/landioustravel.com\\\/nl\\\/shop\\\/privereis-cairo-hurghada-vliegtuig\\\/#primaryimage\"},\"thumbnailUrl\":\"https:\\\/\\\/i0.wp.com\\\/landioustravel.com\\\/wp-content\\\/uploads\\\/2019\\\/05\\\/Cairo-Private-Trip-by-Plane-Hurghada-e1669160935397.jpg?fit=1200%2C675&ssl=1\",\"datePublished\":\"2019-08-06T01:29:12+00:00\",\"dateModified\":\"2024-04-13T17:14:26+00:00\",\"description\":\"Priv\u00e9reis naar Cairo vanuit Hurghada met vliegtuig We raden deze individuele reis aan omdat het toeristen in staat stelt de meest indrukwekkende\",\"breadcrumb\":{\"@id\":\"https:\\\/\\\/landioustravel.com\\\/nl\\\/shop\\\/privereis-cairo-hurghada-vliegtuig\\\/#breadcrumb\"},\"inLanguage\":\"nl-NL\",\"potentialAction\":[{\"@type\":\"ReadAction\",\"target\":[\"https:\\\/\\\/landioustravel.com\\\/nl\\\/shop\\\/privereis-cairo-hurghada-vliegtuig\\\/\"]}]},{\"@type\":\"ImageObject\",\"inLanguage\":\"nl-NL\",\"@id\":\"https:\\\/\\\/landioustravel.com\\\/nl\\\/shop\\\/privereis-cairo-hurghada-vliegtuig\\\/#primaryimage\",\"url\":\"https:\\\/\\\/i0.wp.com\\\/landioustravel.com\\\/wp-content\\\/uploads\\\/2019\\\/05\\\/Cairo-Private-Trip-by-Plane-Hurghada-e1669160935397.jpg?fit=1200%2C675&ssl=1\",\"contentUrl\":\"https:\\\/\\\/i0.wp.com\\\/landioustravel.com\\\/wp-content\\\/uploads\\\/2019\\\/05\\\/Cairo-Private-Trip-by-Plane-Hurghada-e1669160935397.jpg?fit=1200%2C675&ssl=1\",\"width\":1200,\"height\":675,\"caption\":\"Cairo Private Trip by Plane Hurghada\"},{\"@type\":\"BreadcrumbList\",\"@id\":\"https:\\\/\\\/landioustravel.com\\\/nl\\\/shop\\\/privereis-cairo-hurghada-vliegtuig\\\/#breadcrumb\",\"itemListElement\":[{\"@type\":\"ListItem\",\"position\":1,\"name\":\"Home\",\"item\":\"https:\\\/\\\/landioustravel.com\\\/nl\\\/\"},{\"@type\":\"ListItem\",\"position\":2,\"name\":\"Diensten &amp; rondleidingen\",\"item\":\"https:\\\/\\\/landioustravel.com\\\/nl\\\/\"},{\"@type\":\"ListItem\",\"position\":3,\"name\":\"Priv\u00e9reis naar Cairo vanuit Hurghada met vliegtuig\"}]},{\"@type\":\"WebSite\",\"@id\":\"https:\\\/\\\/landioustravel.com\\\/nl\\\/#website\",\"url\":\"https:\\\/\\\/landioustravel.com\\\/nl\\\/\",\"name\":\"Landious Travel\",\"description\":\"Excursions, trips and cruises in Egypt\",\"publisher\":{\"@id\":\"https:\\\/\\\/landioustravel.com\\\/nl\\\/#organization\"},\"potentialAction\":[{\"@type\":\"SearchAction\",\"target\":{\"@type\":\"EntryPoint\",\"urlTemplate\":\"https:\\\/\\\/landioustravel.com\\\/nl\\\/?s={search_term_string}\"},\"query-input\":{\"@type\":\"PropertyValueSpecification\",\"valueRequired\":true,\"valueName\":\"search_term_string\"}}],\"inLanguage\":\"nl-NL\"},{\"@type\":[\"Organization\",\"Place\"],\"@id\":\"https:\\\/\\\/landioustravel.com\\\/nl\\\/#organization\",\"name\":\"Landious Travel\",\"alternateName\":\"Landious Travel\",\"url\":\"https:\\\/\\\/landioustravel.com\\\/nl\\\/\",\"logo\":{\"@id\":\"https:\\\/\\\/landioustravel.com\\\/nl\\\/shop\\\/privereis-cairo-hurghada-vliegtuig\\\/#local-main-organization-logo\"},\"image\":{\"@id\":\"https:\\\/\\\/landioustravel.com\\\/nl\\\/shop\\\/privereis-cairo-hurghada-vliegtuig\\\/#local-main-organization-logo\"},\"sameAs\":[\"https:\\\/\\\/web.facebook.com\\\/landiousEgypt\",\"https:\\\/\\\/x.com\\\/LandiousTours\",\"https:\\\/\\\/mastodon.social\\\/@landious\"],\"legalName\":\"Landious Travel\",\"telephone\":[],\"openingHoursSpecification\":[{\"@type\":\"OpeningHoursSpecification\",\"dayOfWeek\":[\"Monday\",\"Tuesday\",\"Wednesday\",\"Thursday\",\"Friday\",\"Saturday\",\"Sunday\"],\"opens\":\"09:00\",\"closes\":\"17:00\"}]},{\"@type\":\"ImageObject\",\"inLanguage\":\"nl-NL\",\"@id\":\"https:\\\/\\\/landioustravel.com\\\/nl\\\/shop\\\/privereis-cairo-hurghada-vliegtuig\\\/#local-main-organization-logo\",\"url\":\"https:\\\/\\\/i0.wp.com\\\/landioustravel.com\\\/wp-content\\\/uploads\\\/2021\\\/06\\\/Landious-T.png?fit=500%2C500&ssl=1\",\"contentUrl\":\"https:\\\/\\\/i0.wp.com\\\/landioustravel.com\\\/wp-content\\\/uploads\\\/2021\\\/06\\\/Landious-T.png?fit=500%2C500&ssl=1\",\"width\":500,\"height\":500,\"caption\":\"Landious Travel\"}]}<\/script>\n<!-- \/ Yoast SEO Premium plugin. -->","yoast_head_json":{"title":"Priv\u00e9reis naar Cairo vanuit Hurghada met vliegtuig","description":"Priv\u00e9reis naar Cairo vanuit Hurghada met vliegtuig We raden deze individuele reis aan omdat het toeristen in staat stelt de meest indrukwekkende","robots":{"index":"index","follow":"follow","max-snippet":"max-snippet:-1","max-image-preview":"max-image-preview:large","max-video-preview":"max-video-preview:-1"},"canonical":"https:\/\/landioustravel.com\/nl\/shop\/privereis-cairo-hurghada-vliegtuig\/","og_locale":"nl_NL","og_type":"article","og_title":"Priv\u00e9reis naar Cairo vanuit Hurghada met vliegtuig","og_description":"Landious Travel","og_url":"https:\/\/landioustravel.com\/nl\/shop\/privereis-cairo-hurghada-vliegtuig\/","og_site_name":"Landious Travel","article_publisher":"https:\/\/web.facebook.com\/landiousEgypt","article_modified_time":"2024-04-13T17:14:26+00:00","og_image":[{"width":1200,"height":675,"url":"https:\/\/i0.wp.com\/landioustravel.com\/wp-content\/uploads\/2019\/05\/Cairo-Private-Trip-by-Plane-Hurghada-e1669160935397.jpg?fit=1200%2C675&ssl=1","type":"image\/jpeg"}],"twitter_card":"summary_large_image","twitter_site":"@LandiousTours","twitter_misc":{"Geschatte leestijd":"2 minuten"},"schema":{"@context":"https:\/\/schema.org","@graph":[{"@type":"WebPage","@id":"https:\/\/landioustravel.com\/nl\/shop\/privereis-cairo-hurghada-vliegtuig\/","url":"https:\/\/landioustravel.com\/nl\/shop\/privereis-cairo-hurghada-vliegtuig\/","name":"Priv\u00e9reis naar Cairo vanuit Hurghada met vliegtuig","isPartOf":{"@id":"https:\/\/landioustravel.com\/nl\/#website"},"primaryImageOfPage":{"@id":"https:\/\/landioustravel.com\/nl\/shop\/privereis-cairo-hurghada-vliegtuig\/#primaryimage"},"image":{"@id":"https:\/\/landioustravel.com\/nl\/shop\/privereis-cairo-hurghada-vliegtuig\/#primaryimage"},"thumbnailUrl":"https:\/\/i0.wp.com\/landioustravel.com\/wp-content\/uploads\/2019\/05\/Cairo-Private-Trip-by-Plane-Hurghada-e1669160935397.jpg?fit=1200%2C675&ssl=1","datePublished":"2019-08-06T01:29:12+00:00","dateModified":"2024-04-13T17:14:26+00:00","description":"Priv\u00e9reis naar Cairo vanuit Hurghada met vliegtuig We raden deze individuele reis aan omdat het toeristen in staat stelt de meest indrukwekkende","breadcrumb":{"@id":"https:\/\/landioustravel.com\/nl\/shop\/privereis-cairo-hurghada-vliegtuig\/#breadcrumb"},"inLanguage":"nl-NL","potentialAction":[{"@type":"ReadAction","target":["https:\/\/landioustravel.com\/nl\/shop\/privereis-cairo-hurghada-vliegtuig\/"]}]},{"@type":"ImageObject","inLanguage":"nl-NL","@id":"https:\/\/landioustravel.com\/nl\/shop\/privereis-cairo-hurghada-vliegtuig\/#primaryimage","url":"https:\/\/i0.wp.com\/landioustravel.com\/wp-content\/uploads\/2019\/05\/Cairo-Private-Trip-by-Plane-Hurghada-e1669160935397.jpg?fit=1200%2C675&ssl=1","contentUrl":"https:\/\/i0.wp.com\/landioustravel.com\/wp-content\/uploads\/2019\/05\/Cairo-Private-Trip-by-Plane-Hurghada-e1669160935397.jpg?fit=1200%2C675&ssl=1","width":1200,"height":675,"caption":"Cairo Private Trip by Plane Hurghada"},{"@type":"BreadcrumbList","@id":"https:\/\/landioustravel.com\/nl\/shop\/privereis-cairo-hurghada-vliegtuig\/#breadcrumb","itemListElement":[{"@type":"ListItem","position":1,"name":"Home","item":"https:\/\/landioustravel.com\/nl\/"},{"@type":"ListItem","position":2,"name":"Diensten &amp; rondleidingen","item":"https:\/\/landioustravel.com\/nl\/"},{"@type":"ListItem","position":3,"name":"Priv\u00e9reis naar Cairo vanuit Hurghada met vliegtuig"}]},{"@type":"WebSite","@id":"https:\/\/landioustravel.com\/nl\/#website","url":"https:\/\/landioustravel.com\/nl\/","name":"Landious Travel","description":"Excursions, trips and cruises in Egypt","publisher":{"@id":"https:\/\/landioustravel.com\/nl\/#organization"},"potentialAction":[{"@type":"SearchAction","target":{"@type":"EntryPoint","urlTemplate":"https:\/\/landioustravel.com\/nl\/?s={search_term_string}"},"query-input":{"@type":"PropertyValueSpecification","valueRequired":true,"valueName":"search_term_string"}}],"inLanguage":"nl-NL"},{"@type":["Organization","Place"],"@id":"https:\/\/landioustravel.com\/nl\/#organization","name":"Landious Travel","alternateName":"Landious Travel","url":"https:\/\/landioustravel.com\/nl\/","logo":{"@id":"https:\/\/landioustravel.com\/nl\/shop\/privereis-cairo-hurghada-vliegtuig\/#local-main-organization-logo"},"image":{"@id":"https:\/\/landioustravel.com\/nl\/shop\/privereis-cairo-hurghada-vliegtuig\/#local-main-organization-logo"},"sameAs":["https:\/\/web.facebook.com\/landiousEgypt","https:\/\/x.com\/LandiousTours","https:\/\/mastodon.social\/@landious"],"legalName":"Landious Travel","telephone":[],"openingHoursSpecification":[{"@type":"OpeningHoursSpecification","dayOfWeek":["Monday","Tuesday","Wednesday","Thursday","Friday","Saturday","Sunday"],"opens":"09:00","closes":"17:00"}]},{"@type":"ImageObject","inLanguage":"nl-NL","@id":"https:\/\/landioustravel.com\/nl\/shop\/privereis-cairo-hurghada-vliegtuig\/#local-main-organization-logo","url":"https:\/\/i0.wp.com\/landioustravel.com\/wp-content\/uploads\/2021\/06\/Landious-T.png?fit=500%2C500&ssl=1","contentUrl":"https:\/\/i0.wp.com\/landioustravel.com\/wp-content\/uploads\/2021\/06\/Landious-T.png?fit=500%2C500&ssl=1","width":500,"height":500,"caption":"Landious Travel"}]}},"jetpack_publicize_connections":[],"uagb_featured_image_src":{"full":["https:\/\/i0.wp.com\/landioustravel.com\/wp-content\/uploads\/2019\/05\/Cairo-Private-Trip-by-Plane-Hurghada-e1669160935397.jpg?fit=1200%2C675&ssl=1",1200,675,false],"thumbnail":["https:\/\/i0.wp.com\/landioustravel.com\/wp-content\/uploads\/2019\/05\/Cairo-Private-Trip-by-Plane-Hurghada-e1669160935397.jpg?resize=150%2C150&ssl=1",150,150,true],"medium":["https:\/\/i0.wp.com\/landioustravel.com\/wp-content\/uploads\/2019\/05\/Cairo-Private-Trip-by-Plane-Hurghada-e1669160935397.jpg?fit=300%2C169&ssl=1",300,169,true],"medium_large":["https:\/\/i0.wp.com\/landioustravel.com\/wp-content\/uploads\/2019\/05\/Cairo-Private-Trip-by-Plane-Hurghada-e1669160935397.jpg?fit=768%2C432&ssl=1",768,432,true],"large":["https:\/\/i0.wp.com\/landioustravel.com\/wp-content\/uploads\/2019\/05\/Cairo-Private-Trip-by-Plane-Hurghada-e1669160935397.jpg?fit=980%2C551&ssl=1",980,551,true],"1536x1536":["https:\/\/i0.wp.com\/landioustravel.com\/wp-content\/uploads\/2019\/05\/Cairo-Private-Trip-by-Plane-Hurghada-e1669160935397.jpg?fit=1536%2C864&ssl=1",1536,864,true],"2048x2048":["https:\/\/i0.wp.com\/landioustravel.com\/wp-content\/uploads\/2019\/05\/Cairo-Private-Trip-by-Plane-Hurghada-e1669160935397.jpg?fit=2048%2C1152&ssl=1",2048,1152,true],"newspack-article-block-landscape-large":["https:\/\/i0.wp.com\/landioustravel.com\/wp-content\/uploads\/2019\/05\/Cairo-Private-Trip-by-Plane-Hurghada-e1669160935397.jpg?resize=1200%2C675&ssl=1",1200,675,true],"newspack-article-block-portrait-large":["https:\/\/i0.wp.com\/landioustravel.com\/wp-content\/uploads\/2019\/05\/Cairo-Private-Trip-by-Plane-Hurghada-e1669160935397.jpg?resize=900%2C675&ssl=1",900,675,true],"newspack-article-block-square-large":["https:\/\/i0.wp.com\/landioustravel.com\/wp-content\/uploads\/2019\/05\/Cairo-Private-Trip-by-Plane-Hurghada-e1669160935397.jpg?resize=1200%2C675&ssl=1",1200,675,true],"newspack-article-block-landscape-medium":["https:\/\/i0.wp.com\/landioustravel.com\/wp-content\/uploads\/2019\/05\/Cairo-Private-Trip-by-Plane-Hurghada-e1669160935397.jpg?resize=800%2C600&ssl=1",800,600,true],"newspack-article-block-portrait-medium":["https:\/\/i0.wp.com\/landioustravel.com\/wp-content\/uploads\/2019\/05\/Cairo-Private-Trip-by-Plane-Hurghada-e1669160935397.jpg?resize=600%2C675&ssl=1",600,675,true],"newspack-article-block-square-medium":["https:\/\/i0.wp.com\/landioustravel.com\/wp-content\/uploads\/2019\/05\/Cairo-Private-Trip-by-Plane-Hurghada-e1669160935397.jpg?resize=800%2C675&ssl=1",800,675,true],"newspack-article-block-landscape-intermediate":["https:\/\/i0.wp.com\/landioustravel.com\/wp-content\/uploads\/2019\/05\/Cairo-Private-Trip-by-Plane-Hurghada-e1669160935397.jpg?resize=600%2C450&ssl=1",600,450,true],"newspack-article-block-portrait-intermediate":["https:\/\/i0.wp.com\/landioustravel.com\/wp-content\/uploads\/2019\/05\/Cairo-Private-Trip-by-Plane-Hurghada-e1669160935397.jpg?resize=450%2C600&ssl=1",450,600,true],"newspack-article-block-square-intermediate":["https:\/\/i0.wp.com\/landioustravel.com\/wp-content\/uploads\/2019\/05\/Cairo-Private-Trip-by-Plane-Hurghada-e1669160935397.jpg?resize=600%2C600&ssl=1",600,600,true],"newspack-article-block-landscape-small":["https:\/\/i0.wp.com\/landioustravel.com\/wp-content\/uploads\/2019\/05\/Cairo-Private-Trip-by-Plane-Hurghada-e1669160935397.jpg?resize=400%2C300&ssl=1",400,300,true],"newspack-article-block-portrait-small":["https:\/\/i0.wp.com\/landioustravel.com\/wp-content\/uploads\/2019\/05\/Cairo-Private-Trip-by-Plane-Hurghada-e1669160935397.jpg?resize=300%2C400&ssl=1",300,400,true],"newspack-article-block-square-small":["https:\/\/i0.wp.com\/landioustravel.com\/wp-content\/uploads\/2019\/05\/Cairo-Private-Trip-by-Plane-Hurghada-e1669160935397.jpg?resize=400%2C400&ssl=1",400,400,true],"newspack-article-block-landscape-tiny":["https:\/\/i0.wp.com\/landioustravel.com\/wp-content\/uploads\/2019\/05\/Cairo-Private-Trip-by-Plane-Hurghada-e1669160935397.jpg?resize=200%2C150&ssl=1",200,150,true],"newspack-article-block-portrait-tiny":["https:\/\/i0.wp.com\/landioustravel.com\/wp-content\/uploads\/2019\/05\/Cairo-Private-Trip-by-Plane-Hurghada-e1669160935397.jpg?resize=150%2C200&ssl=1",150,200,true],"newspack-article-block-square-tiny":["https:\/\/i0.wp.com\/landioustravel.com\/wp-content\/uploads\/2019\/05\/Cairo-Private-Trip-by-Plane-Hurghada-e1669160935397.jpg?resize=200%2C200&ssl=1",200,200,true],"newspack-article-block-uncropped":["https:\/\/i0.wp.com\/landioustravel.com\/wp-content\/uploads\/2019\/05\/Cairo-Private-Trip-by-Plane-Hurghada-e1669160935397.jpg?fit=1200%2C675&ssl=1",1200,675,true],"woocommerce_thumbnail":["https:\/\/i0.wp.com\/landioustravel.com\/wp-content\/uploads\/2019\/05\/Cairo-Private-Trip-by-Plane-Hurghada-e1669160935397.jpg?resize=324%2C324&ssl=1",324,324,true],"woocommerce_single":["https:\/\/i0.wp.com\/landioustravel.com\/wp-content\/uploads\/2019\/05\/Cairo-Private-Trip-by-Plane-Hurghada-e1669160935397.jpg?fit=416%2C234&ssl=1",416,234,true],"woocommerce_gallery_thumbnail":["https:\/\/i0.wp.com\/landioustravel.com\/wp-content\/uploads\/2019\/05\/Cairo-Private-Trip-by-Plane-Hurghada-e1669160935397.jpg?resize=100%2C100&ssl=1",100,100,true]},"uagb_author_info":{"display_name":"Mofreh Landious","author_link":"https:\/\/landioustravel.com\/nl\/author\/"},"uagb_comment_info":3,"uagb_excerpt":"Plan je een reis naar Ca\u00efro vanuit Hurghada? Laat ons het u gemakkelijk en onvergetelijk maken. Ons pakket omvat vliegtickets, toegangskaarten en transfers, zodat u zich nergens zorgen over hoeft te maken. We halen je om 04:30 uur op bij je hotel in Hurghada en brengen je naar het vliegveld. Na een korte vlucht naar&hellip;","jetpack_sharing_enabled":true,"jetpack_likes_enabled":true,"amp_enabled":true,"_links":{"self":[{"href":"https:\/\/landioustravel.com\/nl\/wp-json\/wp\/v2\/product\/14488","targetHints":{"allow":["GET"]}}],"collection":[{"href":"https:\/\/landioustravel.com\/nl\/wp-json\/wp\/v2\/product"}],"about":[{"href":"https:\/\/landioustravel.com\/nl\/wp-json\/wp\/v2\/types\/product"}],"replies":[{"embeddable":true,"href":"https:\/\/landioustravel.com\/nl\/wp-json\/wp\/v2\/comments?post=14488"}],"wp:featuredmedia":[{"embeddable":true,"href":"https:\/\/landioustravel.com\/nl\/wp-json\/wp\/v2\/media\/99204"}],"wp:attachment":[{"href":"https:\/\/landioustravel.com\/nl\/wp-json\/wp\/v2\/media?parent=14488"}],"wp:term":[{"taxonomy":"product_brand","embeddable":true,"href":"https:\/\/landioustravel.com\/nl\/wp-json\/wp\/v2\/product_brand?post=14488"},{"taxonomy":"product_cat","embeddable":true,"href":"https:\/\/landioustravel.com\/nl\/wp-json\/wp\/v2\/product_cat?post=14488"},{"taxonomy":"product_tag","embeddable":true,"href":"https:\/\/landioustravel.com\/nl\/wp-json\/wp\/v2\/product_tag?post=14488"}],"curies":[{"name":"wp","href":"https:\/\/api.w.org\/{rel}","templated":true}]}}