{"id":14781,"date":"2018-12-03T21:41:36","date_gmt":"2019-08-07T08:02:06","guid":{"rendered":"https:\/\/landioustravel.com\/?post_type=product&#038;p=14781"},"modified":"2025-10-01T20:22:13","modified_gmt":"2025-10-01T17:22:13","slug":"excursie-cairo-giza-sharm-sheikh","status":"publish","type":"product","link":"https:\/\/landioustravel.com\/nl\/shop\/excursie-cairo-giza-sharm-sheikh\/","title":{"rendered":"Excursie naar Ca\u00efro &#8211; Giza vanuit Sharm El-Sheikh"},"content":{"rendered":"<p>Een prachtige excursie naar Ca\u00efro en Giza vanuit het resort van Sharm El-Sheikh! We raden de excursie aan vanwege het feit dat het toeristen toelaat om de meest indrukwekkende bezienswaardigheden te zien, gebouwd tijdens het oude Egypte, en meer te leren over de geschiedenis van het land.<\/p>\n<h2>Hoofdpunten van het excursieprogramma in Ca\u00efro<\/h2>\n<ul>\n<li>Bezoek aan het Egyptisch museum in Ca\u00efro<\/li>\n<li>Lunch<\/li>\n<li>Bezoek aan de drie piramides in Gizeh<\/li>\n<li>Ook de Grote Sfinx in het piramide-complex<\/li>\n<\/ul>\n<h3>Het programma van de excursies naar Cairo &#8211; Giza vanuit Sharm El Sheikh<\/h3>\n<ul>\n<li>Wij halen u om ongeveer 00:00 op bij uw hotel<\/li>\n<li>Nadat alle bezoekers zijn opgehaald, vertrekt de bus in de richting van Ca\u00efro en passeert de steden El Tor, Abu Zinema, Ras Sidr en Suez. Al deze steden liggen ten noorden van Sharm El Sheikh, aan de kust van de Rode Zee. De weg, vanuit het centrum van Sharm El Sheikh naar Ca\u00efro, duurt ongeveer 6 uur.<\/li>\n<\/ul>\n<h4>Programma in Ca\u00efro<\/h4>\n<ul>\n<li>Zodra je in Ca\u00efro aankomt, laten we je het Egyptisch Museum zien. Je gids heeft de taak om al deze tempels te laten zien en geeft vrije tijd om foto&#8217;s te maken<\/li>\n<li>Na een bezoek aan het Egyptisch Museum in Ca\u00efro, start je de bootpicknick op de rivier de Nijl. Dit is een extra programma en moet vooraf bij ons worden besteld! Zodra de bootpicknick op de Nijl eindigt, ga je naar een andere stad, Giza<\/li>\n<\/ul>\n<h4>Programma in Gizeh<\/h4>\n<ul>\n<li>De reis gaat verder in Gizeh. De eerste stop daar zal in het restaurant zijn. Het biedt een open buffet<br \/>\nNa de lunch ga je nog even shoppen<\/li>\n<li>Daarna gaat de groep naar het piramide-complex, waar zulke grote piramides en Sphinx zijn. Je gids laat ze zien en geeft je vrije tijd om ze op de foto te zetten<\/li>\n<li>Voor het einde van het programma in Gizeh hebben toeristen tijd om te winkelen in de parfumhal<\/li>\n<li>Onze bus vertrekt terug na zo&#8217;n programma in de prachtige steden Ca\u00efro en Gizeh.<\/li>\n<li>Deze &#8220;Excursie naar Ca\u00efro &#8211; Gizeh vanuit Sharm El-Sheikh&#8221; eindigt om ongeveer 23.30 uur<\/li>\n<\/ul>\n<h4>Wat is inbegrepen in de reissom<\/h4>\n<ul>\n<li>Tickets voor het bezoeken van toeristische bezienswaardigheden<\/li>\n<li>Lunch<\/li>\n<li>Gids<\/li>\n<li>Transfer ook naar Cairo en terug naar het hotel<\/li>\n<\/ul>\n<h5>Wat is niet inbegrepen in de prijs van de reis<\/h5>\n<ul>\n<li>Aanvullende excursieprogramma&#8217;s<\/li>\n<li>Ook drankjes<\/li>\n<\/ul>\n<h6>Wat mee te nemen voor de reis<\/h6>\n<ul>\n<li>Ontbijtdoos<\/li>\n<li>Paspoort<\/li>\n<li>Ook kleding voor het seizoen<\/li>\n<\/ul>\n<h6>DAGEN VAN EXCURSIE-ORGANISATIE<\/h6>\n<ul>\n<li>Dagelijks van 00:00 &#8211; 23:30 uur<\/li>\n<\/ul>\n","protected":false},"excerpt":{"rendered":"<p>Als u Ca\u00efro en Gizeh in slechts \u00e9\u00e9n dag vanuit Sharm El Sheikh wilt verkennen, dan hebben wij u gedekt. Je krijgt de kans om de drie verbazingwekkende piramides van Gizeh en de Grote Sfinx te zien, gevolgd door een heerlijke lunch. Na de lunch bezoek je het Egyptisch Museum, met een ongelooflijke collectie van meer dan 150.000 unieke stukken verspreid over 100 tentoonstellingshallen. Om uw excursie compleet te maken, kunt u zelfs kiezen voor een bootpicknick over de rivier de Nijl.<\/p>\n<p>We begrijpen dat reiskosten snel kunnen oplopen, daarom bieden we een meer budgetvriendelijke manier om Ca\u00efro in een dag te bezoeken zonder de noodzaak van een dure vlucht of trein vanuit Sharm El Sheikh. Onze busdagtrip kan vroeg beginnen, maar zorgt ervoor dat u de beroemde Egyptische bezienswaardigheden in en rond Ca\u00efro niet zult missen. Je maakt deel uit van een groep en je verkent het Egyptisch Museum, de Grote Sfinx en de Piramides van Gizeh tijdens een tocht te voet, te paard of op een kameel. Onze bus met airconditioning brengt je van Sharm El Sheikh naar Ca\u00efro, en we hebben zelfs vooraf gereserveerde toegang tot bezienswaardigheden zoals het Egyptisch Museum om je tijd te besparen. Je krijgt de kans om de piramides van Gizeh op de traditionele manier te ervaren, op de rug van een kameel, en je kunt zelfs een boottocht op de Nijl maken (tegen betaling).<\/p>\n<p>Tijdens je bezoek aan het Egyptisch Museum kun je je twee uur lang vergapen aan talloze historische tentoonstellingen, inclusief toegangsbewijs. Als u op zoek bent naar een meer ontspannen ervaring, kunt u ervoor kiezen om tegen betaling een boottocht op de Nijl te maken of een gratis wandeling van 30 minuten langs de oevers van de Nijl te maken. De piramides van Gizeh zijn een must-see en een fantastische ervaring. Je vindt hier in totaal drie piramides: de Chephren-, Cheops- en Mykerinos-piramides. U kunt de omgeving te voet, te paard of per kameel verkennen, met een duur van 2-3 uur en een toegangsbewijs inbegrepen. Eindelijk, na een bezoek aan de piramides van Gizeh, ga je naar de Grote Sfinx, verreweg de grootste en best bewaarde Sfinx. De Sfinx had een menselijk hoofd op het lichaam van een leeuw en was uitgehouwen uit de rest van een kalkstenen heuvel die diende als steengroeve voor de Grote Piramide van Cheops. Het bezoek duurt ongeveer 20-30 minuten.<\/p>\n<p>We hopen dat deze informatie je helpt bij het plannen van je reis naar Ca\u00efro en Gizeh, en we zijn er om je te helpen met al je vragen of opmerkingen.<\/p>\n","protected":false},"featured_media":99446,"comment_status":"open","ping_status":"closed","template":"","meta":{"_coblocks_attr":"","_coblocks_dimensions":"","_coblocks_responsive_height":"","_coblocks_accordion_ie_support":"","_uag_custom_page_level_css":"","jetpack_publicize_message":"","jetpack_publicize_feature_enabled":true,"jetpack_social_post_already_shared":true,"jetpack_social_options":{"image_generator_settings":{"template":"highway","default_image_id":0,"font":"","enabled":false},"version":2},"_wpas_customize_per_network":false},"product_brand":[],"product_cat":[13148,13149],"product_tag":[13209,13165,13178,13195,13212,13208],"class_list":{"0":"post-14781","1":"product","2":"type-product","3":"status-publish","4":"has-post-thumbnail","6":"product_cat-excursies-in-sharm-el-sheikh","7":"product_cat-historische-excursies-sharm-sheikh","8":"product_tag-bezienswaardigheden","9":"product_tag-cairo-nl","10":"product_tag-excursie","11":"product_tag-piramides-nl","12":"product_tag-sfinx","13":"product_tag-sharm-el-sheikh-nl","14":"pa_age-kind-1-4-jaar","15":"pa_age-kind-5-11-jaar","16":"pa_age-volwassen","18":"first","19":"instock","20":"sale","21":"purchasable","22":"product-type-variable"},"yoast_head":"<!-- This site is optimized with the Yoast SEO Premium plugin v27.5 (Yoast SEO v27.5) - https:\/\/yoast.com\/product\/yoast-seo-premium-wordpress\/ -->\n<title>Excursie naar Ca\u00efro - Giza vanuit Sharm El-Sheikh<\/title>\n<meta name=\"description\" content=\"Excursie naar Ca\u00efro - Giza vanuit Sharm El-Sheikh We raden de excursie aan vanwege het feit dat het toeristen toelaat om de meest indrukwekkende\" \/>\n<meta name=\"robots\" content=\"index, follow, max-snippet:-1, max-image-preview:large, max-video-preview:-1\" \/>\n<link rel=\"canonical\" href=\"https:\/\/landioustravel.com\/nl\/shop\/excursie-cairo-giza-sharm-sheikh\/\" \/>\n<meta property=\"og:locale\" content=\"nl_NL\" \/>\n<meta property=\"og:type\" content=\"article\" \/>\n<meta property=\"og:title\" content=\"Excursie naar Ca\u00efro - Giza vanuit Sharm El-Sheikh\" \/>\n<meta property=\"og:description\" content=\"Landious Travel\" \/>\n<meta property=\"og:url\" content=\"https:\/\/landioustravel.com\/nl\/shop\/excursie-cairo-giza-sharm-sheikh\/\" \/>\n<meta property=\"og:site_name\" content=\"Landious Travel\" \/>\n<meta property=\"article:publisher\" content=\"https:\/\/web.facebook.com\/landiousEgypt\" \/>\n<meta property=\"article:modified_time\" content=\"2025-10-01T17:22:13+00:00\" \/>\n<meta property=\"og:image\" content=\"https:\/\/i0.wp.com\/landioustravel.com\/wp-content\/uploads\/2022\/05\/Egyptian-Pyramids-e1652448963518.jpg?fit=1200%2C675&ssl=1\" \/>\n\t<meta property=\"og:image:width\" content=\"1200\" \/>\n\t<meta property=\"og:image:height\" content=\"675\" \/>\n\t<meta property=\"og:image:type\" content=\"image\/jpeg\" \/>\n<meta name=\"twitter:card\" content=\"summary_large_image\" \/>\n<meta name=\"twitter:site\" content=\"@LandiousTours\" \/>\n<meta name=\"twitter:label1\" content=\"Geschatte leestijd\" \/>\n\t<meta name=\"twitter:data1\" content=\"2 minuten\" \/>\n<script type=\"application\/ld+json\" class=\"yoast-schema-graph\">{\"@context\":\"https:\\\/\\\/schema.org\",\"@graph\":[{\"@type\":\"WebPage\",\"@id\":\"https:\\\/\\\/landioustravel.com\\\/nl\\\/shop\\\/excursie-cairo-giza-sharm-sheikh\\\/\",\"url\":\"https:\\\/\\\/landioustravel.com\\\/nl\\\/shop\\\/excursie-cairo-giza-sharm-sheikh\\\/\",\"name\":\"Excursie naar Ca\u00efro - Giza vanuit Sharm El-Sheikh\",\"isPartOf\":{\"@id\":\"https:\\\/\\\/landioustravel.com\\\/nl\\\/#website\"},\"primaryImageOfPage\":{\"@id\":\"https:\\\/\\\/landioustravel.com\\\/nl\\\/shop\\\/excursie-cairo-giza-sharm-sheikh\\\/#primaryimage\"},\"image\":{\"@id\":\"https:\\\/\\\/landioustravel.com\\\/nl\\\/shop\\\/excursie-cairo-giza-sharm-sheikh\\\/#primaryimage\"},\"thumbnailUrl\":\"https:\\\/\\\/i0.wp.com\\\/landioustravel.com\\\/wp-content\\\/uploads\\\/2022\\\/05\\\/Egyptian-Pyramids-e1652448963518.jpg?fit=1200%2C675&ssl=1\",\"datePublished\":\"2019-08-07T08:02:06+00:00\",\"dateModified\":\"2025-10-01T17:22:13+00:00\",\"description\":\"Excursie naar Ca\u00efro - Giza vanuit Sharm El-Sheikh We raden de excursie aan vanwege het feit dat het toeristen toelaat om de meest indrukwekkende\",\"breadcrumb\":{\"@id\":\"https:\\\/\\\/landioustravel.com\\\/nl\\\/shop\\\/excursie-cairo-giza-sharm-sheikh\\\/#breadcrumb\"},\"inLanguage\":\"nl-NL\",\"potentialAction\":[{\"@type\":\"ReadAction\",\"target\":[\"https:\\\/\\\/landioustravel.com\\\/nl\\\/shop\\\/excursie-cairo-giza-sharm-sheikh\\\/\"]}]},{\"@type\":\"ImageObject\",\"inLanguage\":\"nl-NL\",\"@id\":\"https:\\\/\\\/landioustravel.com\\\/nl\\\/shop\\\/excursie-cairo-giza-sharm-sheikh\\\/#primaryimage\",\"url\":\"https:\\\/\\\/i0.wp.com\\\/landioustravel.com\\\/wp-content\\\/uploads\\\/2022\\\/05\\\/Egyptian-Pyramids-e1652448963518.jpg?fit=1200%2C675&ssl=1\",\"contentUrl\":\"https:\\\/\\\/i0.wp.com\\\/landioustravel.com\\\/wp-content\\\/uploads\\\/2022\\\/05\\\/Egyptian-Pyramids-e1652448963518.jpg?fit=1200%2C675&ssl=1\",\"width\":1200,\"height\":675,\"caption\":\"Egyptian pyramids\"},{\"@type\":\"BreadcrumbList\",\"@id\":\"https:\\\/\\\/landioustravel.com\\\/nl\\\/shop\\\/excursie-cairo-giza-sharm-sheikh\\\/#breadcrumb\",\"itemListElement\":[{\"@type\":\"ListItem\",\"position\":1,\"name\":\"Home\",\"item\":\"https:\\\/\\\/landioustravel.com\\\/nl\\\/\"},{\"@type\":\"ListItem\",\"position\":2,\"name\":\"Diensten &amp; rondleidingen\",\"item\":\"https:\\\/\\\/landioustravel.com\\\/nl\\\/\"},{\"@type\":\"ListItem\",\"position\":3,\"name\":\"Excursie naar Ca\u00efro &#8211; Giza vanuit Sharm El-Sheikh\"}]},{\"@type\":\"WebSite\",\"@id\":\"https:\\\/\\\/landioustravel.com\\\/nl\\\/#website\",\"url\":\"https:\\\/\\\/landioustravel.com\\\/nl\\\/\",\"name\":\"Landious Travel\",\"description\":\"Excursions, trips and cruises in Egypt\",\"publisher\":{\"@id\":\"https:\\\/\\\/landioustravel.com\\\/nl\\\/#organization\"},\"potentialAction\":[{\"@type\":\"SearchAction\",\"target\":{\"@type\":\"EntryPoint\",\"urlTemplate\":\"https:\\\/\\\/landioustravel.com\\\/nl\\\/?s={search_term_string}\"},\"query-input\":{\"@type\":\"PropertyValueSpecification\",\"valueRequired\":true,\"valueName\":\"search_term_string\"}}],\"inLanguage\":\"nl-NL\"},{\"@type\":[\"Organization\",\"Place\"],\"@id\":\"https:\\\/\\\/landioustravel.com\\\/nl\\\/#organization\",\"name\":\"Landious Travel\",\"alternateName\":\"Landious Travel\",\"url\":\"https:\\\/\\\/landioustravel.com\\\/nl\\\/\",\"logo\":{\"@id\":\"https:\\\/\\\/landioustravel.com\\\/nl\\\/shop\\\/excursie-cairo-giza-sharm-sheikh\\\/#local-main-organization-logo\"},\"image\":{\"@id\":\"https:\\\/\\\/landioustravel.com\\\/nl\\\/shop\\\/excursie-cairo-giza-sharm-sheikh\\\/#local-main-organization-logo\"},\"sameAs\":[\"https:\\\/\\\/web.facebook.com\\\/landiousEgypt\",\"https:\\\/\\\/x.com\\\/LandiousTours\",\"https:\\\/\\\/mastodon.social\\\/@landious\"],\"legalName\":\"Landious Travel\",\"telephone\":[],\"openingHoursSpecification\":[{\"@type\":\"OpeningHoursSpecification\",\"dayOfWeek\":[\"Monday\",\"Tuesday\",\"Wednesday\",\"Thursday\",\"Friday\",\"Saturday\",\"Sunday\"],\"opens\":\"09:00\",\"closes\":\"17:00\"}]},{\"@type\":\"ImageObject\",\"inLanguage\":\"nl-NL\",\"@id\":\"https:\\\/\\\/landioustravel.com\\\/nl\\\/shop\\\/excursie-cairo-giza-sharm-sheikh\\\/#local-main-organization-logo\",\"url\":\"https:\\\/\\\/i0.wp.com\\\/landioustravel.com\\\/wp-content\\\/uploads\\\/2021\\\/06\\\/Landious-T.png?fit=500%2C500&ssl=1\",\"contentUrl\":\"https:\\\/\\\/i0.wp.com\\\/landioustravel.com\\\/wp-content\\\/uploads\\\/2021\\\/06\\\/Landious-T.png?fit=500%2C500&ssl=1\",\"width\":500,\"height\":500,\"caption\":\"Landious Travel\"}]}<\/script>\n<!-- \/ Yoast SEO Premium plugin. -->","yoast_head_json":{"title":"Excursie naar Ca\u00efro - Giza vanuit Sharm El-Sheikh","description":"Excursie naar Ca\u00efro - Giza vanuit Sharm El-Sheikh We raden de excursie aan vanwege het feit dat het toeristen toelaat om de meest indrukwekkende","robots":{"index":"index","follow":"follow","max-snippet":"max-snippet:-1","max-image-preview":"max-image-preview:large","max-video-preview":"max-video-preview:-1"},"canonical":"https:\/\/landioustravel.com\/nl\/shop\/excursie-cairo-giza-sharm-sheikh\/","og_locale":"nl_NL","og_type":"article","og_title":"Excursie naar Ca\u00efro - Giza vanuit Sharm El-Sheikh","og_description":"Landious Travel","og_url":"https:\/\/landioustravel.com\/nl\/shop\/excursie-cairo-giza-sharm-sheikh\/","og_site_name":"Landious Travel","article_publisher":"https:\/\/web.facebook.com\/landiousEgypt","article_modified_time":"2025-10-01T17:22:13+00:00","og_image":[{"width":1200,"height":675,"url":"https:\/\/i0.wp.com\/landioustravel.com\/wp-content\/uploads\/2022\/05\/Egyptian-Pyramids-e1652448963518.jpg?fit=1200%2C675&ssl=1","type":"image\/jpeg"}],"twitter_card":"summary_large_image","twitter_site":"@LandiousTours","twitter_misc":{"Geschatte leestijd":"2 minuten"},"schema":{"@context":"https:\/\/schema.org","@graph":[{"@type":"WebPage","@id":"https:\/\/landioustravel.com\/nl\/shop\/excursie-cairo-giza-sharm-sheikh\/","url":"https:\/\/landioustravel.com\/nl\/shop\/excursie-cairo-giza-sharm-sheikh\/","name":"Excursie naar Ca\u00efro - Giza vanuit Sharm El-Sheikh","isPartOf":{"@id":"https:\/\/landioustravel.com\/nl\/#website"},"primaryImageOfPage":{"@id":"https:\/\/landioustravel.com\/nl\/shop\/excursie-cairo-giza-sharm-sheikh\/#primaryimage"},"image":{"@id":"https:\/\/landioustravel.com\/nl\/shop\/excursie-cairo-giza-sharm-sheikh\/#primaryimage"},"thumbnailUrl":"https:\/\/i0.wp.com\/landioustravel.com\/wp-content\/uploads\/2022\/05\/Egyptian-Pyramids-e1652448963518.jpg?fit=1200%2C675&ssl=1","datePublished":"2019-08-07T08:02:06+00:00","dateModified":"2025-10-01T17:22:13+00:00","description":"Excursie naar Ca\u00efro - Giza vanuit Sharm El-Sheikh We raden de excursie aan vanwege het feit dat het toeristen toelaat om de meest indrukwekkende","breadcrumb":{"@id":"https:\/\/landioustravel.com\/nl\/shop\/excursie-cairo-giza-sharm-sheikh\/#breadcrumb"},"inLanguage":"nl-NL","potentialAction":[{"@type":"ReadAction","target":["https:\/\/landioustravel.com\/nl\/shop\/excursie-cairo-giza-sharm-sheikh\/"]}]},{"@type":"ImageObject","inLanguage":"nl-NL","@id":"https:\/\/landioustravel.com\/nl\/shop\/excursie-cairo-giza-sharm-sheikh\/#primaryimage","url":"https:\/\/i0.wp.com\/landioustravel.com\/wp-content\/uploads\/2022\/05\/Egyptian-Pyramids-e1652448963518.jpg?fit=1200%2C675&ssl=1","contentUrl":"https:\/\/i0.wp.com\/landioustravel.com\/wp-content\/uploads\/2022\/05\/Egyptian-Pyramids-e1652448963518.jpg?fit=1200%2C675&ssl=1","width":1200,"height":675,"caption":"Egyptian pyramids"},{"@type":"BreadcrumbList","@id":"https:\/\/landioustravel.com\/nl\/shop\/excursie-cairo-giza-sharm-sheikh\/#breadcrumb","itemListElement":[{"@type":"ListItem","position":1,"name":"Home","item":"https:\/\/landioustravel.com\/nl\/"},{"@type":"ListItem","position":2,"name":"Diensten &amp; rondleidingen","item":"https:\/\/landioustravel.com\/nl\/"},{"@type":"ListItem","position":3,"name":"Excursie naar Ca\u00efro &#8211; Giza vanuit Sharm El-Sheikh"}]},{"@type":"WebSite","@id":"https:\/\/landioustravel.com\/nl\/#website","url":"https:\/\/landioustravel.com\/nl\/","name":"Landious Travel","description":"Excursions, trips and cruises in Egypt","publisher":{"@id":"https:\/\/landioustravel.com\/nl\/#organization"},"potentialAction":[{"@type":"SearchAction","target":{"@type":"EntryPoint","urlTemplate":"https:\/\/landioustravel.com\/nl\/?s={search_term_string}"},"query-input":{"@type":"PropertyValueSpecification","valueRequired":true,"valueName":"search_term_string"}}],"inLanguage":"nl-NL"},{"@type":["Organization","Place"],"@id":"https:\/\/landioustravel.com\/nl\/#organization","name":"Landious Travel","alternateName":"Landious Travel","url":"https:\/\/landioustravel.com\/nl\/","logo":{"@id":"https:\/\/landioustravel.com\/nl\/shop\/excursie-cairo-giza-sharm-sheikh\/#local-main-organization-logo"},"image":{"@id":"https:\/\/landioustravel.com\/nl\/shop\/excursie-cairo-giza-sharm-sheikh\/#local-main-organization-logo"},"sameAs":["https:\/\/web.facebook.com\/landiousEgypt","https:\/\/x.com\/LandiousTours","https:\/\/mastodon.social\/@landious"],"legalName":"Landious Travel","telephone":[],"openingHoursSpecification":[{"@type":"OpeningHoursSpecification","dayOfWeek":["Monday","Tuesday","Wednesday","Thursday","Friday","Saturday","Sunday"],"opens":"09:00","closes":"17:00"}]},{"@type":"ImageObject","inLanguage":"nl-NL","@id":"https:\/\/landioustravel.com\/nl\/shop\/excursie-cairo-giza-sharm-sheikh\/#local-main-organization-logo","url":"https:\/\/i0.wp.com\/landioustravel.com\/wp-content\/uploads\/2021\/06\/Landious-T.png?fit=500%2C500&ssl=1","contentUrl":"https:\/\/i0.wp.com\/landioustravel.com\/wp-content\/uploads\/2021\/06\/Landious-T.png?fit=500%2C500&ssl=1","width":500,"height":500,"caption":"Landious Travel"}]}},"jetpack_publicize_connections":[],"uagb_featured_image_src":{"full":["https:\/\/i0.wp.com\/landioustravel.com\/wp-content\/uploads\/2022\/05\/Egyptian-Pyramids-e1652448963518.jpg?fit=1200%2C675&ssl=1",1200,675,false],"thumbnail":["https:\/\/i0.wp.com\/landioustravel.com\/wp-content\/uploads\/2022\/05\/Egyptian-Pyramids-e1652448963518.jpg?resize=150%2C150&ssl=1",150,150,true],"medium":["https:\/\/i0.wp.com\/landioustravel.com\/wp-content\/uploads\/2022\/05\/Egyptian-Pyramids-e1652448963518.jpg?fit=300%2C169&ssl=1",300,169,true],"medium_large":["https:\/\/i0.wp.com\/landioustravel.com\/wp-content\/uploads\/2022\/05\/Egyptian-Pyramids-e1652448963518.jpg?fit=768%2C432&ssl=1",768,432,true],"large":["https:\/\/i0.wp.com\/landioustravel.com\/wp-content\/uploads\/2022\/05\/Egyptian-Pyramids-e1652448963518.jpg?fit=980%2C551&ssl=1",980,551,true],"1536x1536":["https:\/\/i0.wp.com\/landioustravel.com\/wp-content\/uploads\/2022\/05\/Egyptian-Pyramids-e1652448963518.jpg?fit=1536%2C864&ssl=1",1536,864,true],"2048x2048":["https:\/\/i0.wp.com\/landioustravel.com\/wp-content\/uploads\/2022\/05\/Egyptian-Pyramids-e1652448963518.jpg?fit=1200%2C675&ssl=1",1200,675,true],"newspack-article-block-landscape-large":["https:\/\/i0.wp.com\/landioustravel.com\/wp-content\/uploads\/2022\/05\/Egyptian-Pyramids-e1652448963518.jpg?resize=1200%2C675&ssl=1",1200,675,true],"newspack-article-block-portrait-large":["https:\/\/i0.wp.com\/landioustravel.com\/wp-content\/uploads\/2022\/05\/Egyptian-Pyramids-e1652448963518.jpg?resize=900%2C675&ssl=1",900,675,true],"newspack-article-block-square-large":["https:\/\/i0.wp.com\/landioustravel.com\/wp-content\/uploads\/2022\/05\/Egyptian-Pyramids-e1652448963518.jpg?resize=1200%2C675&ssl=1",1200,675,true],"newspack-article-block-landscape-medium":["https:\/\/i0.wp.com\/landioustravel.com\/wp-content\/uploads\/2022\/05\/Egyptian-Pyramids-e1652448963518.jpg?resize=800%2C600&ssl=1",800,600,true],"newspack-article-block-portrait-medium":["https:\/\/i0.wp.com\/landioustravel.com\/wp-content\/uploads\/2022\/05\/Egyptian-Pyramids-e1652448963518.jpg?resize=600%2C675&ssl=1",600,675,true],"newspack-article-block-square-medium":["https:\/\/i0.wp.com\/landioustravel.com\/wp-content\/uploads\/2022\/05\/Egyptian-Pyramids-e1652448963518.jpg?resize=800%2C675&ssl=1",800,675,true],"newspack-article-block-landscape-intermediate":["https:\/\/i0.wp.com\/landioustravel.com\/wp-content\/uploads\/2022\/05\/Egyptian-Pyramids-e1652448963518.jpg?resize=600%2C450&ssl=1",600,450,true],"newspack-article-block-portrait-intermediate":["https:\/\/i0.wp.com\/landioustravel.com\/wp-content\/uploads\/2022\/05\/Egyptian-Pyramids-e1652448963518.jpg?resize=450%2C600&ssl=1",450,600,true],"newspack-article-block-square-intermediate":["https:\/\/i0.wp.com\/landioustravel.com\/wp-content\/uploads\/2022\/05\/Egyptian-Pyramids-e1652448963518.jpg?resize=600%2C600&ssl=1",600,600,true],"newspack-article-block-landscape-small":["https:\/\/i0.wp.com\/landioustravel.com\/wp-content\/uploads\/2022\/05\/Egyptian-Pyramids-e1652448963518.jpg?resize=400%2C300&ssl=1",400,300,true],"newspack-article-block-portrait-small":["https:\/\/i0.wp.com\/landioustravel.com\/wp-content\/uploads\/2022\/05\/Egyptian-Pyramids-e1652448963518.jpg?resize=300%2C400&ssl=1",300,400,true],"newspack-article-block-square-small":["https:\/\/i0.wp.com\/landioustravel.com\/wp-content\/uploads\/2022\/05\/Egyptian-Pyramids-e1652448963518.jpg?resize=400%2C400&ssl=1",400,400,true],"newspack-article-block-landscape-tiny":["https:\/\/i0.wp.com\/landioustravel.com\/wp-content\/uploads\/2022\/05\/Egyptian-Pyramids-e1652448963518.jpg?resize=200%2C150&ssl=1",200,150,true],"newspack-article-block-portrait-tiny":["https:\/\/i0.wp.com\/landioustravel.com\/wp-content\/uploads\/2022\/05\/Egyptian-Pyramids-e1652448963518.jpg?resize=150%2C200&ssl=1",150,200,true],"newspack-article-block-square-tiny":["https:\/\/i0.wp.com\/landioustravel.com\/wp-content\/uploads\/2022\/05\/Egyptian-Pyramids-e1652448963518.jpg?resize=200%2C200&ssl=1",200,200,true],"newspack-article-block-uncropped":["https:\/\/i0.wp.com\/landioustravel.com\/wp-content\/uploads\/2022\/05\/Egyptian-Pyramids-e1652448963518.jpg?fit=1200%2C675&ssl=1",1200,675,true],"woocommerce_thumbnail":["https:\/\/i0.wp.com\/landioustravel.com\/wp-content\/uploads\/2022\/05\/Egyptian-Pyramids-e1652448963518.jpg?resize=324%2C324&ssl=1",324,324,true],"woocommerce_single":["https:\/\/i0.wp.com\/landioustravel.com\/wp-content\/uploads\/2022\/05\/Egyptian-Pyramids-e1652448963518.jpg?fit=416%2C234&ssl=1",416,234,true],"woocommerce_gallery_thumbnail":["https:\/\/i0.wp.com\/landioustravel.com\/wp-content\/uploads\/2022\/05\/Egyptian-Pyramids-e1652448963518.jpg?resize=100%2C100&ssl=1",100,100,true]},"uagb_author_info":{"display_name":"Mofreh Landious","author_link":"https:\/\/landioustravel.com\/nl\/author\/"},"uagb_comment_info":6,"uagb_excerpt":"Als u Ca\u00efro en Gizeh in slechts \u00e9\u00e9n dag vanuit Sharm El Sheikh wilt verkennen, dan hebben wij u gedekt. Je krijgt de kans om de drie verbazingwekkende piramides van Gizeh en de Grote Sfinx te zien, gevolgd door een heerlijke lunch. Na de lunch bezoek je het Egyptisch Museum, met een ongelooflijke collectie van&hellip;","jetpack_sharing_enabled":true,"jetpack_likes_enabled":true,"amp_enabled":true,"_links":{"self":[{"href":"https:\/\/landioustravel.com\/nl\/wp-json\/wp\/v2\/product\/14781","targetHints":{"allow":["GET"]}}],"collection":[{"href":"https:\/\/landioustravel.com\/nl\/wp-json\/wp\/v2\/product"}],"about":[{"href":"https:\/\/landioustravel.com\/nl\/wp-json\/wp\/v2\/types\/product"}],"replies":[{"embeddable":true,"href":"https:\/\/landioustravel.com\/nl\/wp-json\/wp\/v2\/comments?post=14781"}],"wp:featuredmedia":[{"embeddable":true,"href":"https:\/\/landioustravel.com\/nl\/wp-json\/wp\/v2\/media\/99446"}],"wp:attachment":[{"href":"https:\/\/landioustravel.com\/nl\/wp-json\/wp\/v2\/media?parent=14781"}],"wp:term":[{"taxonomy":"product_brand","embeddable":true,"href":"https:\/\/landioustravel.com\/nl\/wp-json\/wp\/v2\/product_brand?post=14781"},{"taxonomy":"product_cat","embeddable":true,"href":"https:\/\/landioustravel.com\/nl\/wp-json\/wp\/v2\/product_cat?post=14781"},{"taxonomy":"product_tag","embeddable":true,"href":"https:\/\/landioustravel.com\/nl\/wp-json\/wp\/v2\/product_tag?post=14781"}],"curies":[{"name":"wp","href":"https:\/\/api.w.org\/{rel}","templated":true}]}}