{"id":14848,"date":"2018-11-13T09:55:59","date_gmt":"2019-08-08T01:46:58","guid":{"rendered":"https:\/\/landioustravel.com\/?post_type=product&#038;p=14848"},"modified":"2024-09-04T20:14:00","modified_gmt":"2024-09-04T17:14:00","slug":"excursie-cairo-alexandrie-hurghada","status":"publish","type":"product","link":"https:\/\/landioustravel.com\/nl\/shop\/excursie-cairo-alexandrie-hurghada\/","title":{"rendered":"Excursie naar Ca\u00efro &#8211; Alexandri\u00eb vanuit Hurghada"},"content":{"rendered":"<p>Een intensieve excursie naar Ca\u00efro &#8211; Alexandri\u00eb vanuit de badplaats Hurghada! We raden de reis aan, omdat het toeristen de meest indrukwekkende bezienswaardigheden in Egypte laat zien. Deze attracties zijn te vinden in drie steden: Ca\u00efro, Gizeh en Alexandri\u00eb. In de steden _ Ca\u00efro en Gizeh zie je de oude Egyptische bezienswaardigheden. Terwijl je in Alexandri\u00eb bent, zie je de bezienswaardigheden van het Romeinse rijk en de moderne periode. Al deze bezoeken laten je meer weten over de geschiedenis van het land en krijgen veel indrukken.<\/p>\n<h2>De belangrijkste punten van het excursieprogramma naar Ca\u00efro-Alexandri\u00eb<\/h2>\n<p>-Programma in Ca\u00efro:<\/p>\n<ul>\n<li>Bezoek aan het Egyptisch museum in Ca\u00efro<\/li>\n<li>De drie piramides in Gizeh<\/li>\n<li>En de Grote Sfinx in het piramide-complex<\/li>\n<li>Ook hotel overnachting<\/li>\n<\/ul>\n<p>-Programma in Alexandri\u00eb:<\/p>\n<ul>\n<li>Bezoek aan Montazah Park en de vuurtoren van Alexandri\u00eb<\/li>\n<li>Bezoek aan de bibliotheek van Alexandri\u00eb<\/li>\n<li>Lunch in een visrestaurant<\/li>\n<li>Citadel van Qeitbay en Abu-Abbas-moskee<\/li>\n<li>Ook een bezoek aan het Romeinse amfitheater<\/li>\n<\/ul>\n<h3>Het excursieprogramma naar Cairo-Alexandria vanuit Hurghada<\/h3>\n<ul>\n<li>We halen u om ongeveer 02:00 uur &#8217;s ochtends op bij het hotel<\/li>\n<li>Nadat alle bezoekers zijn opgehaald, vertrekt de bus naar Ca\u00efro. Onderweg passeert de bus de steden Ras Gareb, Zaafarana, Ain Sohna en Suez. Al deze steden liggen ten noorden van Hurghada, aan de kust van de Rode Zee. De weg van het centrum van Hurghada naar Ca\u00efro duurt ongeveer 6 uur<\/li>\n<\/ul>\n<h4>Eerste dagprogramma in Ca\u00efro<\/h4>\n<ul>\n<li>Eenmaal aangekomen in Ca\u00efro, laten we je het Egyptisch Museum zien. Je gids heeft zo&#8217;n taak om je alle exposities te laten zien en geeft vrije tijd om foto&#8217;s te maken.<\/li>\n<li>Na een bezoek aan het Egyptisch Museum in Ca\u00efro, start je een bootpicknick op de rivier de Nijl. Dit is een extra programma en moet vooraf bij ons worden besteld! Zodra de bootpicknick eindigt, ga je naar een andere stad, Gizeh<\/li>\n<li>De reis gaat verder in Gizeh. De eerste stop daar zal in het restaurant zijn. Het biedt een open buffet<br \/>\nNa de lunch ga je nog even shoppen<\/li>\n<li>Vervolgens gaat de groep naar het piramide-complex, waar zulke grote piramides en de Sfinx zijn. Je gids toont ze en geeft je vrije tijd om ze een foto te laten maken<\/li>\n<li>Voor het einde van het programma in Gizeh krijgen toeristen tijd om te winkelen in de parfumruimte<\/li>\n<li>Vervolgens ga je naar het hotel om in te checken en je nacht door te brengen<\/li>\n<li>&#8216;S Ochtends moet u naar Alexandri\u00eb gaan. Wij halen u om ongeveer 03:00 uur op bij uw hotel<\/li>\n<\/ul>\n<h4>Tweede dagprogramma in Alexandri\u00eb<\/h4>\n<ul>\n<li>Zodra je aankomt in Alexandri\u00eb, laten we je het Montazah-park zien, waar een paleis voor de koning van Egypte is, en de Pharos-vuurtoren<\/li>\n<li>Verder zie je de bibliotheek van Alexandri\u00eb en de Abu-Abbas-moskee.<\/li>\n<li>Daarnaast bezoekt u het fort van Qaitbay<\/li>\n<li>Na een bezoek aan het fort luncht u in een visrestaurant<\/li>\n<li>Uiteindelijk ga je terug naar Ca\u00efro en ga je verder naar Hurghada<\/li>\n<li>Deze &#8220;Excursie naar Ca\u00efro &#8211; Alexandri\u00eb vanuit Hurghada&#8221; eindigt om ongeveer 22.00 uur op de tweede dag<\/li>\n<\/ul>\n<h4>Wat is inbegrepen in de reissom<\/h4>\n<ul>\n<li>Tickets voor het bezoeken van tempels<\/li>\n<li>Eten (behalve drankjes)<\/li>\n<li>Gids<\/li>\n<li>Transfer ook naar Cairo-Alexandria en terug naar het hotel<\/li>\n<\/ul>\n<h5>Wat is niet inbegrepen in de prijs van de reis<\/h5>\n<ul>\n<li>Aanvullende excursieprogramma&#8217;s<\/li>\n<li>Ook drankjes<\/li>\n<\/ul>\n<h6>Wat te nemen voor de reis<\/h6>\n<ul>\n<li>Ontbijtdoos<\/li>\n<li>Paspoort<\/li>\n<li>Ook kleding voor het seizoen<\/li>\n<\/ul>\n<h6>DAGEN VAN EXCURSIE-ORGANISATIE<\/h6>\n<ul>\n<li>Zondag van 02:00 &#8211; 20:00<\/li>\n<li>Dinsdagen van 02:00 &#8211; 20:00<\/li>\n<li>Ook donderdag van 02:00 &#8211; 20:00 uur<\/li>\n<\/ul>\n","protected":false},"excerpt":{"rendered":"<p>We bieden u graag een tweedaagse reis aan naar Ca\u00efro en Alexandri\u00eb, waar u de rijke geschiedenis van Egypte kunt ontdekken. We nemen je mee op een comfortabele bus vanuit Hurghada om de magnifieke piramides van Gizeh en de Grote Sfinx te zien. Na de lunch maken we een boottocht over de prachtige rivier de Nijl en bezoeken we het indrukwekkende Egyptisch Museum.<\/p>\n<p>Op de tweede dag reizen we naar Alexandri\u00eb om de Montaza Palace Gardens en de Citadel Fortress of Kite Bay te bezoeken. We stoppen voor de lunch in een mooi visrestaurant en genieten van de stadstour. Je krijgt ook de gelegenheid om het Romeinse amfitheater, de Abu al-Abbas-moskee en de beroemde bibliotheek van Alexandri\u00eb te zien.<\/p>\n<p>We begrijpen dat reizen vermoeiend kan zijn, daarom hebben we gezorgd voor een comfortabel verblijf in het Movenpick Pyramids Hotel in Ca\u00efro, waar u kunt ontspannen en nieuwe energie kunt opdoen. Onze ervaren en deskundige gids begeleidt je tijdens de tour en geeft je fascinerende inzichten in de geschiedenis en cultuur van Egypte.<\/p>\n<p>Inbegrepen in het pakket zijn alle toegangsprijzen, twee lunches in lokale restaurants, mineraalwater en frisdrank aan boord van het voertuig. We willen dat u een veilige en plezierige reis heeft en wij zorgen voor al het andere. Bedankt dat u ons heeft gekozen als uw reispartner.<\/p>\n","protected":false},"featured_media":14849,"comment_status":"open","ping_status":"closed","template":"","meta":{"_coblocks_attr":"","_coblocks_dimensions":"","_coblocks_responsive_height":"","_coblocks_accordion_ie_support":"","_uag_custom_page_level_css":"","jetpack_publicize_message":"","jetpack_publicize_feature_enabled":true,"jetpack_social_post_already_shared":true,"jetpack_social_options":{"image_generator_settings":{"template":"highway","default_image_id":0,"font":"","enabled":false},"version":2},"_wpas_customize_per_network":false},"product_brand":[],"product_cat":[13154,13155,22124,22154,21030,22135],"product_tag":[13161,13209,13165,13178,13181,13188,13195,13212],"class_list":{"0":"post-14848","1":"product","2":"type-product","3":"status-publish","4":"has-post-thumbnail","6":"product_cat-excursies-hurghada","7":"product_cat-historische-excursies-hurghada","8":"product_cat-hurghada-budgetvriendelijke-excursies","9":"product_cat-hurghada-excursies-cairo","10":"product_cat-hurghada-tours-piramides","11":"product_cat-hurghada-tweedaagse-rondleidingen","12":"product_tag-alexandrie-nl","13":"product_tag-bezienswaardigheden","14":"product_tag-cairo-nl","15":"product_tag-excursie","16":"product_tag-excursies-vanuit-hurghada","17":"product_tag-hurghada-nl","18":"product_tag-piramides-nl","19":"product_tag-sfinx","20":"pa_age-kind-1-4-jaar","21":"pa_age-kind-5-11-jaar","22":"pa_age-volwassen","24":"first","25":"instock","26":"sale","27":"purchasable","28":"product-type-variable"},"yoast_head":"<!-- This site is optimized with the Yoast SEO Premium plugin v26.9 (Yoast SEO v27.5) - https:\/\/yoast.com\/product\/yoast-seo-premium-wordpress\/ -->\n<title>Excursie naar Ca\u00efro - Alexandri\u00eb vanuit Hurghada<\/title>\n<meta name=\"description\" content=\"Excursie naar Ca\u00efro - Alexandri\u00eb vanuit Hurghada We raden de reis aan, omdat het toeristen de meest indrukwekkende bezienswaardigheden in Egypte laat zien.\" \/>\n<meta name=\"robots\" content=\"index, follow, max-snippet:-1, max-image-preview:large, max-video-preview:-1\" \/>\n<link rel=\"canonical\" href=\"https:\/\/landioustravel.com\/nl\/shop\/excursie-cairo-alexandrie-hurghada\/\" \/>\n<meta property=\"og:locale\" content=\"nl_NL\" \/>\n<meta property=\"og:type\" content=\"article\" \/>\n<meta property=\"og:title\" content=\"Excursie naar Ca\u00efro - Alexandri\u00eb vanuit Hurghada\" \/>\n<meta property=\"og:description\" content=\"Landious Travel\" \/>\n<meta property=\"og:url\" content=\"https:\/\/landioustravel.com\/nl\/shop\/excursie-cairo-alexandrie-hurghada\/\" \/>\n<meta property=\"og:site_name\" content=\"Landious Travel\" \/>\n<meta property=\"article:publisher\" content=\"https:\/\/web.facebook.com\/landiousEgypt\" \/>\n<meta property=\"article:modified_time\" content=\"2024-09-04T17:14:00+00:00\" \/>\n<meta property=\"og:image\" content=\"https:\/\/i0.wp.com\/landioustravel.com\/wp-content\/uploads\/2019\/01\/Excursion_Cairo_Alexandria_from_Sharm_El_Sheikh-1-e1551833862799.jpg?fit=1200%2C674&ssl=1\" \/>\n\t<meta property=\"og:image:width\" content=\"1200\" \/>\n\t<meta property=\"og:image:height\" content=\"674\" \/>\n\t<meta property=\"og:image:type\" content=\"image\/jpeg\" \/>\n<meta name=\"twitter:card\" content=\"summary_large_image\" \/>\n<meta name=\"twitter:site\" content=\"@LandiousTours\" \/>\n<meta name=\"twitter:label1\" content=\"Geschatte leestijd\" \/>\n\t<meta name=\"twitter:data1\" content=\"3 minuten\" \/>\n<script type=\"application\/ld+json\" class=\"yoast-schema-graph\">{\"@context\":\"https:\\\/\\\/schema.org\",\"@graph\":[{\"@type\":\"WebPage\",\"@id\":\"https:\\\/\\\/landioustravel.com\\\/nl\\\/shop\\\/excursie-cairo-alexandrie-hurghada\\\/\",\"url\":\"https:\\\/\\\/landioustravel.com\\\/nl\\\/shop\\\/excursie-cairo-alexandrie-hurghada\\\/\",\"name\":\"Excursie naar Ca\u00efro - Alexandri\u00eb vanuit Hurghada\",\"isPartOf\":{\"@id\":\"https:\\\/\\\/landioustravel.com\\\/nl\\\/#website\"},\"primaryImageOfPage\":{\"@id\":\"https:\\\/\\\/landioustravel.com\\\/nl\\\/shop\\\/excursie-cairo-alexandrie-hurghada\\\/#primaryimage\"},\"image\":{\"@id\":\"https:\\\/\\\/landioustravel.com\\\/nl\\\/shop\\\/excursie-cairo-alexandrie-hurghada\\\/#primaryimage\"},\"thumbnailUrl\":\"https:\\\/\\\/i0.wp.com\\\/landioustravel.com\\\/wp-content\\\/uploads\\\/2019\\\/01\\\/Excursion_Cairo_Alexandria_from_Sharm_El_Sheikh-1-e1551833862799.jpg?fit=1200%2C674&ssl=1\",\"datePublished\":\"2019-08-08T01:46:58+00:00\",\"dateModified\":\"2024-09-04T17:14:00+00:00\",\"description\":\"Excursie naar Ca\u00efro - Alexandri\u00eb vanuit Hurghada We raden de reis aan, omdat het toeristen de meest indrukwekkende bezienswaardigheden in Egypte laat zien.\",\"breadcrumb\":{\"@id\":\"https:\\\/\\\/landioustravel.com\\\/nl\\\/shop\\\/excursie-cairo-alexandrie-hurghada\\\/#breadcrumb\"},\"inLanguage\":\"nl-NL\",\"potentialAction\":[{\"@type\":\"ReadAction\",\"target\":[\"https:\\\/\\\/landioustravel.com\\\/nl\\\/shop\\\/excursie-cairo-alexandrie-hurghada\\\/\"]}]},{\"@type\":\"ImageObject\",\"inLanguage\":\"nl-NL\",\"@id\":\"https:\\\/\\\/landioustravel.com\\\/nl\\\/shop\\\/excursie-cairo-alexandrie-hurghada\\\/#primaryimage\",\"url\":\"https:\\\/\\\/i0.wp.com\\\/landioustravel.com\\\/wp-content\\\/uploads\\\/2019\\\/01\\\/Excursion_Cairo_Alexandria_from_Sharm_El_Sheikh-1-e1551833862799.jpg?fit=1200%2C674&ssl=1\",\"contentUrl\":\"https:\\\/\\\/i0.wp.com\\\/landioustravel.com\\\/wp-content\\\/uploads\\\/2019\\\/01\\\/Excursion_Cairo_Alexandria_from_Sharm_El_Sheikh-1-e1551833862799.jpg?fit=1200%2C674&ssl=1\",\"width\":1200,\"height\":674,\"caption\":\"Excursion to Cairo-Alexandria from Hurghada\"},{\"@type\":\"BreadcrumbList\",\"@id\":\"https:\\\/\\\/landioustravel.com\\\/nl\\\/shop\\\/excursie-cairo-alexandrie-hurghada\\\/#breadcrumb\",\"itemListElement\":[{\"@type\":\"ListItem\",\"position\":1,\"name\":\"Home\",\"item\":\"https:\\\/\\\/landioustravel.com\\\/nl\\\/\"},{\"@type\":\"ListItem\",\"position\":2,\"name\":\"Diensten &amp; rondleidingen\",\"item\":\"https:\\\/\\\/landioustravel.com\\\/nl\\\/\"},{\"@type\":\"ListItem\",\"position\":3,\"name\":\"Excursie naar Ca\u00efro &#8211; Alexandri\u00eb vanuit Hurghada\"}]},{\"@type\":\"WebSite\",\"@id\":\"https:\\\/\\\/landioustravel.com\\\/nl\\\/#website\",\"url\":\"https:\\\/\\\/landioustravel.com\\\/nl\\\/\",\"name\":\"Landious Travel\",\"description\":\"Excursions, trips and cruises in Egypt\",\"publisher\":{\"@id\":\"https:\\\/\\\/landioustravel.com\\\/nl\\\/#organization\"},\"potentialAction\":[{\"@type\":\"SearchAction\",\"target\":{\"@type\":\"EntryPoint\",\"urlTemplate\":\"https:\\\/\\\/landioustravel.com\\\/nl\\\/?s={search_term_string}\"},\"query-input\":{\"@type\":\"PropertyValueSpecification\",\"valueRequired\":true,\"valueName\":\"search_term_string\"}}],\"inLanguage\":\"nl-NL\"},{\"@type\":[\"Organization\",\"Place\"],\"@id\":\"https:\\\/\\\/landioustravel.com\\\/nl\\\/#organization\",\"name\":\"Landious Travel\",\"alternateName\":\"Landious Travel\",\"url\":\"https:\\\/\\\/landioustravel.com\\\/nl\\\/\",\"logo\":{\"@id\":\"https:\\\/\\\/landioustravel.com\\\/nl\\\/shop\\\/excursie-cairo-alexandrie-hurghada\\\/#local-main-organization-logo\"},\"image\":{\"@id\":\"https:\\\/\\\/landioustravel.com\\\/nl\\\/shop\\\/excursie-cairo-alexandrie-hurghada\\\/#local-main-organization-logo\"},\"sameAs\":[\"https:\\\/\\\/web.facebook.com\\\/landiousEgypt\",\"https:\\\/\\\/x.com\\\/LandiousTours\",\"https:\\\/\\\/mastodon.social\\\/@landious\"],\"legalName\":\"Landious Travel\",\"telephone\":[],\"openingHoursSpecification\":[{\"@type\":\"OpeningHoursSpecification\",\"dayOfWeek\":[\"Monday\",\"Tuesday\",\"Wednesday\",\"Thursday\",\"Friday\",\"Saturday\",\"Sunday\"],\"opens\":\"09:00\",\"closes\":\"17:00\"}]},{\"@type\":\"ImageObject\",\"inLanguage\":\"nl-NL\",\"@id\":\"https:\\\/\\\/landioustravel.com\\\/nl\\\/shop\\\/excursie-cairo-alexandrie-hurghada\\\/#local-main-organization-logo\",\"url\":\"https:\\\/\\\/i0.wp.com\\\/landioustravel.com\\\/wp-content\\\/uploads\\\/2021\\\/06\\\/Landious-T.png?fit=500%2C500&ssl=1\",\"contentUrl\":\"https:\\\/\\\/i0.wp.com\\\/landioustravel.com\\\/wp-content\\\/uploads\\\/2021\\\/06\\\/Landious-T.png?fit=500%2C500&ssl=1\",\"width\":500,\"height\":500,\"caption\":\"Landious Travel\"}]}<\/script>\n<!-- \/ Yoast SEO Premium plugin. -->","yoast_head_json":{"title":"Excursie naar Ca\u00efro - Alexandri\u00eb vanuit Hurghada","description":"Excursie naar Ca\u00efro - Alexandri\u00eb vanuit Hurghada We raden de reis aan, omdat het toeristen de meest indrukwekkende bezienswaardigheden in Egypte laat zien.","robots":{"index":"index","follow":"follow","max-snippet":"max-snippet:-1","max-image-preview":"max-image-preview:large","max-video-preview":"max-video-preview:-1"},"canonical":"https:\/\/landioustravel.com\/nl\/shop\/excursie-cairo-alexandrie-hurghada\/","og_locale":"nl_NL","og_type":"article","og_title":"Excursie naar Ca\u00efro - Alexandri\u00eb vanuit Hurghada","og_description":"Landious Travel","og_url":"https:\/\/landioustravel.com\/nl\/shop\/excursie-cairo-alexandrie-hurghada\/","og_site_name":"Landious Travel","article_publisher":"https:\/\/web.facebook.com\/landiousEgypt","article_modified_time":"2024-09-04T17:14:00+00:00","og_image":[{"width":1200,"height":674,"url":"https:\/\/i0.wp.com\/landioustravel.com\/wp-content\/uploads\/2019\/01\/Excursion_Cairo_Alexandria_from_Sharm_El_Sheikh-1-e1551833862799.jpg?fit=1200%2C674&ssl=1","type":"image\/jpeg"}],"twitter_card":"summary_large_image","twitter_site":"@LandiousTours","twitter_misc":{"Geschatte leestijd":"3 minuten"},"schema":{"@context":"https:\/\/schema.org","@graph":[{"@type":"WebPage","@id":"https:\/\/landioustravel.com\/nl\/shop\/excursie-cairo-alexandrie-hurghada\/","url":"https:\/\/landioustravel.com\/nl\/shop\/excursie-cairo-alexandrie-hurghada\/","name":"Excursie naar Ca\u00efro - Alexandri\u00eb vanuit Hurghada","isPartOf":{"@id":"https:\/\/landioustravel.com\/nl\/#website"},"primaryImageOfPage":{"@id":"https:\/\/landioustravel.com\/nl\/shop\/excursie-cairo-alexandrie-hurghada\/#primaryimage"},"image":{"@id":"https:\/\/landioustravel.com\/nl\/shop\/excursie-cairo-alexandrie-hurghada\/#primaryimage"},"thumbnailUrl":"https:\/\/i0.wp.com\/landioustravel.com\/wp-content\/uploads\/2019\/01\/Excursion_Cairo_Alexandria_from_Sharm_El_Sheikh-1-e1551833862799.jpg?fit=1200%2C674&ssl=1","datePublished":"2019-08-08T01:46:58+00:00","dateModified":"2024-09-04T17:14:00+00:00","description":"Excursie naar Ca\u00efro - Alexandri\u00eb vanuit Hurghada We raden de reis aan, omdat het toeristen de meest indrukwekkende bezienswaardigheden in Egypte laat zien.","breadcrumb":{"@id":"https:\/\/landioustravel.com\/nl\/shop\/excursie-cairo-alexandrie-hurghada\/#breadcrumb"},"inLanguage":"nl-NL","potentialAction":[{"@type":"ReadAction","target":["https:\/\/landioustravel.com\/nl\/shop\/excursie-cairo-alexandrie-hurghada\/"]}]},{"@type":"ImageObject","inLanguage":"nl-NL","@id":"https:\/\/landioustravel.com\/nl\/shop\/excursie-cairo-alexandrie-hurghada\/#primaryimage","url":"https:\/\/i0.wp.com\/landioustravel.com\/wp-content\/uploads\/2019\/01\/Excursion_Cairo_Alexandria_from_Sharm_El_Sheikh-1-e1551833862799.jpg?fit=1200%2C674&ssl=1","contentUrl":"https:\/\/i0.wp.com\/landioustravel.com\/wp-content\/uploads\/2019\/01\/Excursion_Cairo_Alexandria_from_Sharm_El_Sheikh-1-e1551833862799.jpg?fit=1200%2C674&ssl=1","width":1200,"height":674,"caption":"Excursion to Cairo-Alexandria from Hurghada"},{"@type":"BreadcrumbList","@id":"https:\/\/landioustravel.com\/nl\/shop\/excursie-cairo-alexandrie-hurghada\/#breadcrumb","itemListElement":[{"@type":"ListItem","position":1,"name":"Home","item":"https:\/\/landioustravel.com\/nl\/"},{"@type":"ListItem","position":2,"name":"Diensten &amp; rondleidingen","item":"https:\/\/landioustravel.com\/nl\/"},{"@type":"ListItem","position":3,"name":"Excursie naar Ca\u00efro &#8211; Alexandri\u00eb vanuit Hurghada"}]},{"@type":"WebSite","@id":"https:\/\/landioustravel.com\/nl\/#website","url":"https:\/\/landioustravel.com\/nl\/","name":"Landious Travel","description":"Excursions, trips and cruises in Egypt","publisher":{"@id":"https:\/\/landioustravel.com\/nl\/#organization"},"potentialAction":[{"@type":"SearchAction","target":{"@type":"EntryPoint","urlTemplate":"https:\/\/landioustravel.com\/nl\/?s={search_term_string}"},"query-input":{"@type":"PropertyValueSpecification","valueRequired":true,"valueName":"search_term_string"}}],"inLanguage":"nl-NL"},{"@type":["Organization","Place"],"@id":"https:\/\/landioustravel.com\/nl\/#organization","name":"Landious Travel","alternateName":"Landious Travel","url":"https:\/\/landioustravel.com\/nl\/","logo":{"@id":"https:\/\/landioustravel.com\/nl\/shop\/excursie-cairo-alexandrie-hurghada\/#local-main-organization-logo"},"image":{"@id":"https:\/\/landioustravel.com\/nl\/shop\/excursie-cairo-alexandrie-hurghada\/#local-main-organization-logo"},"sameAs":["https:\/\/web.facebook.com\/landiousEgypt","https:\/\/x.com\/LandiousTours","https:\/\/mastodon.social\/@landious"],"legalName":"Landious Travel","telephone":[],"openingHoursSpecification":[{"@type":"OpeningHoursSpecification","dayOfWeek":["Monday","Tuesday","Wednesday","Thursday","Friday","Saturday","Sunday"],"opens":"09:00","closes":"17:00"}]},{"@type":"ImageObject","inLanguage":"nl-NL","@id":"https:\/\/landioustravel.com\/nl\/shop\/excursie-cairo-alexandrie-hurghada\/#local-main-organization-logo","url":"https:\/\/i0.wp.com\/landioustravel.com\/wp-content\/uploads\/2021\/06\/Landious-T.png?fit=500%2C500&ssl=1","contentUrl":"https:\/\/i0.wp.com\/landioustravel.com\/wp-content\/uploads\/2021\/06\/Landious-T.png?fit=500%2C500&ssl=1","width":500,"height":500,"caption":"Landious Travel"}]}},"jetpack_publicize_connections":[],"uagb_featured_image_src":{"full":["https:\/\/i0.wp.com\/landioustravel.com\/wp-content\/uploads\/2019\/01\/Excursion_Cairo_Alexandria_from_Sharm_El_Sheikh-1-e1551833862799.jpg?fit=1200%2C674&ssl=1",1200,674,false],"thumbnail":["https:\/\/i0.wp.com\/landioustravel.com\/wp-content\/uploads\/2019\/01\/Excursion_Cairo_Alexandria_from_Sharm_El_Sheikh-1-e1551833862799.jpg?resize=150%2C150&ssl=1",150,150,true],"medium":["https:\/\/i0.wp.com\/landioustravel.com\/wp-content\/uploads\/2019\/01\/Excursion_Cairo_Alexandria_from_Sharm_El_Sheikh-1-e1551833862799.jpg?fit=300%2C169&ssl=1",300,169,true],"medium_large":["https:\/\/i0.wp.com\/landioustravel.com\/wp-content\/uploads\/2019\/01\/Excursion_Cairo_Alexandria_from_Sharm_El_Sheikh-1-e1551833862799.jpg?fit=768%2C431&ssl=1",768,431,true],"large":["https:\/\/i0.wp.com\/landioustravel.com\/wp-content\/uploads\/2019\/01\/Excursion_Cairo_Alexandria_from_Sharm_El_Sheikh-1-e1551833862799.jpg?fit=980%2C550&ssl=1",980,550,true],"1536x1536":["https:\/\/i0.wp.com\/landioustravel.com\/wp-content\/uploads\/2019\/01\/Excursion_Cairo_Alexandria_from_Sharm_El_Sheikh-1-e1551833862799.jpg?fit=1200%2C674&ssl=1",1200,674,true],"2048x2048":["https:\/\/i0.wp.com\/landioustravel.com\/wp-content\/uploads\/2019\/01\/Excursion_Cairo_Alexandria_from_Sharm_El_Sheikh-1-e1551833862799.jpg?fit=1200%2C674&ssl=1",1200,674,true],"newspack-article-block-landscape-large":["https:\/\/i0.wp.com\/landioustravel.com\/wp-content\/uploads\/2019\/01\/Excursion_Cairo_Alexandria_from_Sharm_El_Sheikh-1-e1551833862799.jpg?resize=1200%2C674&ssl=1",1200,674,true],"newspack-article-block-portrait-large":["https:\/\/i0.wp.com\/landioustravel.com\/wp-content\/uploads\/2019\/01\/Excursion_Cairo_Alexandria_from_Sharm_El_Sheikh-1-e1551833862799.jpg?resize=900%2C674&ssl=1",900,674,true],"newspack-article-block-square-large":["https:\/\/i0.wp.com\/landioustravel.com\/wp-content\/uploads\/2019\/01\/Excursion_Cairo_Alexandria_from_Sharm_El_Sheikh-1-e1551833862799.jpg?resize=1200%2C674&ssl=1",1200,674,true],"newspack-article-block-landscape-medium":["https:\/\/i0.wp.com\/landioustravel.com\/wp-content\/uploads\/2019\/01\/Excursion_Cairo_Alexandria_from_Sharm_El_Sheikh-1-e1551833862799.jpg?resize=800%2C600&ssl=1",800,600,true],"newspack-article-block-portrait-medium":["https:\/\/i0.wp.com\/landioustravel.com\/wp-content\/uploads\/2019\/01\/Excursion_Cairo_Alexandria_from_Sharm_El_Sheikh-1-e1551833862799.jpg?resize=600%2C674&ssl=1",600,674,true],"newspack-article-block-square-medium":["https:\/\/i0.wp.com\/landioustravel.com\/wp-content\/uploads\/2019\/01\/Excursion_Cairo_Alexandria_from_Sharm_El_Sheikh-1-e1551833862799.jpg?resize=800%2C674&ssl=1",800,674,true],"newspack-article-block-landscape-intermediate":["https:\/\/i0.wp.com\/landioustravel.com\/wp-content\/uploads\/2019\/01\/Excursion_Cairo_Alexandria_from_Sharm_El_Sheikh-1-e1551833862799.jpg?resize=600%2C450&ssl=1",600,450,true],"newspack-article-block-portrait-intermediate":["https:\/\/i0.wp.com\/landioustravel.com\/wp-content\/uploads\/2019\/01\/Excursion_Cairo_Alexandria_from_Sharm_El_Sheikh-1-e1551833862799.jpg?resize=450%2C600&ssl=1",450,600,true],"newspack-article-block-square-intermediate":["https:\/\/i0.wp.com\/landioustravel.com\/wp-content\/uploads\/2019\/01\/Excursion_Cairo_Alexandria_from_Sharm_El_Sheikh-1-e1551833862799.jpg?resize=600%2C600&ssl=1",600,600,true],"newspack-article-block-landscape-small":["https:\/\/i0.wp.com\/landioustravel.com\/wp-content\/uploads\/2019\/01\/Excursion_Cairo_Alexandria_from_Sharm_El_Sheikh-1-e1551833862799.jpg?resize=400%2C300&ssl=1",400,300,true],"newspack-article-block-portrait-small":["https:\/\/i0.wp.com\/landioustravel.com\/wp-content\/uploads\/2019\/01\/Excursion_Cairo_Alexandria_from_Sharm_El_Sheikh-1-e1551833862799.jpg?resize=300%2C400&ssl=1",300,400,true],"newspack-article-block-square-small":["https:\/\/i0.wp.com\/landioustravel.com\/wp-content\/uploads\/2019\/01\/Excursion_Cairo_Alexandria_from_Sharm_El_Sheikh-1-e1551833862799.jpg?resize=400%2C400&ssl=1",400,400,true],"newspack-article-block-landscape-tiny":["https:\/\/i0.wp.com\/landioustravel.com\/wp-content\/uploads\/2019\/01\/Excursion_Cairo_Alexandria_from_Sharm_El_Sheikh-1-e1551833862799.jpg?resize=200%2C150&ssl=1",200,150,true],"newspack-article-block-portrait-tiny":["https:\/\/i0.wp.com\/landioustravel.com\/wp-content\/uploads\/2019\/01\/Excursion_Cairo_Alexandria_from_Sharm_El_Sheikh-1-e1551833862799.jpg?resize=150%2C200&ssl=1",150,200,true],"newspack-article-block-square-tiny":["https:\/\/i0.wp.com\/landioustravel.com\/wp-content\/uploads\/2019\/01\/Excursion_Cairo_Alexandria_from_Sharm_El_Sheikh-1-e1551833862799.jpg?resize=200%2C200&ssl=1",200,200,true],"newspack-article-block-uncropped":["https:\/\/i0.wp.com\/landioustravel.com\/wp-content\/uploads\/2019\/01\/Excursion_Cairo_Alexandria_from_Sharm_El_Sheikh-1-e1551833862799.jpg?fit=1200%2C674&ssl=1",1200,674,true],"woocommerce_thumbnail":["https:\/\/i0.wp.com\/landioustravel.com\/wp-content\/uploads\/2019\/01\/Excursion_Cairo_Alexandria_from_Sharm_El_Sheikh-1-e1551833862799.jpg?resize=324%2C324&ssl=1",324,324,true],"woocommerce_single":["https:\/\/i0.wp.com\/landioustravel.com\/wp-content\/uploads\/2019\/01\/Excursion_Cairo_Alexandria_from_Sharm_El_Sheikh-1-e1551833862799.jpg?fit=416%2C234&ssl=1",416,234,true],"woocommerce_gallery_thumbnail":["https:\/\/i0.wp.com\/landioustravel.com\/wp-content\/uploads\/2019\/01\/Excursion_Cairo_Alexandria_from_Sharm_El_Sheikh-1-e1551833862799.jpg?resize=100%2C100&ssl=1",100,100,true]},"uagb_author_info":{"display_name":"Mofreh Landious","author_link":"https:\/\/landioustravel.com\/nl\/author\/"},"uagb_comment_info":5,"uagb_excerpt":"We bieden u graag een tweedaagse reis aan naar Ca\u00efro en Alexandri\u00eb, waar u de rijke geschiedenis van Egypte kunt ontdekken. We nemen je mee op een comfortabele bus vanuit Hurghada om de magnifieke piramides van Gizeh en de Grote Sfinx te zien. Na de lunch maken we een boottocht over de prachtige rivier de&hellip;","jetpack_sharing_enabled":true,"jetpack_likes_enabled":true,"amp_enabled":true,"_links":{"self":[{"href":"https:\/\/landioustravel.com\/nl\/wp-json\/wp\/v2\/product\/14848","targetHints":{"allow":["GET"]}}],"collection":[{"href":"https:\/\/landioustravel.com\/nl\/wp-json\/wp\/v2\/product"}],"about":[{"href":"https:\/\/landioustravel.com\/nl\/wp-json\/wp\/v2\/types\/product"}],"replies":[{"embeddable":true,"href":"https:\/\/landioustravel.com\/nl\/wp-json\/wp\/v2\/comments?post=14848"}],"wp:featuredmedia":[{"embeddable":true,"href":"https:\/\/landioustravel.com\/nl\/wp-json\/wp\/v2\/media\/14849"}],"wp:attachment":[{"href":"https:\/\/landioustravel.com\/nl\/wp-json\/wp\/v2\/media?parent=14848"}],"wp:term":[{"taxonomy":"product_brand","embeddable":true,"href":"https:\/\/landioustravel.com\/nl\/wp-json\/wp\/v2\/product_brand?post=14848"},{"taxonomy":"product_cat","embeddable":true,"href":"https:\/\/landioustravel.com\/nl\/wp-json\/wp\/v2\/product_cat?post=14848"},{"taxonomy":"product_tag","embeddable":true,"href":"https:\/\/landioustravel.com\/nl\/wp-json\/wp\/v2\/product_tag?post=14848"}],"curies":[{"name":"wp","href":"https:\/\/api.w.org\/{rel}","templated":true}]}}