{"id":25593,"date":"2020-10-11T06:25:25","date_gmt":"2020-10-30T14:18:01","guid":{"rendered":"https:\/\/landioustravel.com\/?post_type=product&#038;p=25593"},"modified":"2024-05-30T09:29:45","modified_gmt":"2024-05-30T06:29:45","slug":"safari-duinbuggy-sharm-sheikh","status":"publish","type":"product","link":"https:\/\/landioustravel.com\/nl\/shop\/safari-duinbuggy-sharm-sheikh\/","title":{"rendered":"Safari met duinbuggy in Sharm El Sheikh"},"content":{"rendered":"<p>Het is een zeer actieve reis voor het rijden met een buggy in <a href=\"https:\/\/landioustravel.com\/nl\/stad-sharm-sheikh\/\">Sharm El Sheikh<\/a>, <a href=\"https:\/\/landioustravel.com\/nl\/egypte\/\">Egypte<\/a>! Het wordt echt een fantastische manier om dit spannende avontuur te beleven. We raden de excursie &#8220;Safari met duinbuggy in Sharm El Sheikh&#8221; aan om een \u200b\u200baantal redenen. Het is een feit dat toeristen tijdens deze reis een goede tijd kunnen doorbrengen met het rijden van buggy&#8217;s voor een lange afstand in de woestijn, de charme van de natuur ontdekken en de cultuur van bedoe\u00efenen leren kennen. Echt, het is een van de beste safaritrips in Sharm El-Sheikh!<\/p>\n<h2>Hoofdpunten van het excursieprogramma voor buggy rijden<\/h2>\n<ul>\n<li>Buggy rijden over een afstand van 50 km in de woestijn<\/li>\n<li>Kameel rijden<\/li>\n<li>Ook thee drinken in de bedoe\u00efenentent<\/li>\n<\/ul>\n<h3>Duinbuggy Safari-programma in Sharm El Sheikh<\/h3>\n<ul>\n<li>De vertegenwoordiger van Landious Travel haalt u om ongeveer 08:00 uur &#8217;s ochtends op bij het hotel in Sharm El Sheikh<\/li>\n<li>Nadat we alle bezoekers hebben opgehaald, gaat onze minibus \/ jeep richting de woestijn, waar een buggybasis is. Gelukkig duurt de weg naar de basis ongeveer 30 minuten<\/li>\n<li>In het begin moet je jezelf klaarmaken om een \u200b\u200bsjaal om je hoofd te vouwen, een helm op te zetten en een zonnebril te dragen<\/li>\n<li>Vervolgens geven onze professionele instructeurs u instructie en een korte training om veilig te rijden<br \/>\nVervolgens begin je je avontuur dwars door de woestijn terwijl je ongeveer 25 km naar het bedoe\u00efenendorp rijdt<\/li>\n<li>Zodra je aankomt in het bedoe\u00efenendorp, ga je op een kameel rijden en maak je foto&#8217;s met de bedoe\u00efenen<\/li>\n<li>Na een kameelrit begeleidt de gids je naar de bedoe\u00efenentent. Daar drink je thee en stel je je gids vragen waarop je antwoord moet krijgen<\/li>\n<li>Je maakt je weer klaar om 25 km terug naar de basis te rijden. Normaal gesproken duurt deze reis, op een buggy-safari, drie uur<\/li>\n<li>Aan het einde van deze interessante activiteit heb je een foto-cd-briefing. Het is natuurlijk iets optioneels om een \u200b\u200bsouvenir te kopen voor dit leuke avontuur<\/li>\n<li>Ten slotte begeleiden we u terug naar uw hotels<\/li>\n<li>Deze &#8220;Safari met Duinbuggy in Sharm El Sheikh&#8221; eindigt om ongeveer 12.00 uur<\/li>\n<\/ul>\n<h4>Wat is inbegrepen in de reisprijs<\/h4>\n<ul>\n<li>Transfer naar de woestijn en terug naar het hotel<\/li>\n<li>Wat is niet inbegrepen in de prijs van de reis<\/li>\n<li>Video-dvd<\/li>\n<li>Ook foto-cd<\/li>\n<\/ul>\n<h5>Wat mee te nemen voor de buggy safarireis<\/h5>\n<ul>\n<li>Sjaal<\/li>\n<li>Ook een zonnebril<\/li>\n<\/ul>\n<h6>Dagen van excursieorganisatie<\/h6>\n<ul>\n<li>Dagelijks van 08: 00-12: 00 uur<\/li>\n<\/ul>\n","protected":false},"excerpt":{"rendered":"<p>Bereid je voor op een onvergetelijk avontuur met onze &#8220;Buggy Safari in Sharm El Sheikh&#8221;! Sluit je aan en race door de majestueuze zandduinen van de Egyptische woestijn terwijl je jezelf onderdompelt in de betoverende natuurlijke wonderen en de ongelooflijke bedoe\u00efenen ontmoet. Deze spannende reis mag je niet missen, en het mooiste? Uw transfer is bij de prijs inbegrepen!<\/p>\n<p>Onze zandduinbuggy&#8217;s zijn het perfecte voertuig om de verborgen juweeltjes van de woestijn te ontdekken. Sneller en veiliger dan een quad, onze buggy&#8217;s worden geleverd met 2 zitplaatsen voor jou en je favoriete persoon, of kies onze Family Buggy met 4 zitplaatsen! Gedurende 2 uur verken je de uitgestrekte schoonheid van de woestijn en stop je bij een bedoe\u00efenendorp voor een verfrissend kopje thee.<\/p>\n<p>Je reis begint wanneer je wordt opgehaald bij je hotel in Sharm El Sheikh en binnen 20 minuten arriveer je bij ons Buggy-station. Onze ervaren gidsen geven je instructies voor het bedienen van de Buggy, en dan ben je vertrokken! Je zoeft met een veilige snelheid door de woestijn, onder leiding van onze tourbegeleider. Vergeet niet een hoofddoek te dragen om jezelf te beschermen tegen stof en zand &#8211; onze gids zal je laten zien hoe je deze op de juiste manier vastbindt.<\/p>\n<p>Terwijl we achter elkaar rijden, voel je de opwinding van het avontuur en stop je \u00e9\u00e9n keer bij bedoe\u00efenententen. Hier krijg je gratis bedoe\u00efenenthee aangeboden met &#8220;Habak&#8221; &#8211; een must-try!<\/p>\n<p>Aan het einde van de tour word je teruggebracht naar je hotel. En als je meer wilt beleven, bieden we tegen een meerprijs de mogelijkheid om op een kameel te rijden of te genieten van een bedoe\u00efenendiner met een show. Mis dit ongelooflijke avontuur niet! Neem contact met ons op voor meer informatie.<\/p>\n","protected":false},"featured_media":45715,"comment_status":"open","ping_status":"closed","template":"","meta":{"_coblocks_attr":"","_coblocks_dimensions":"","_coblocks_responsive_height":"","_coblocks_accordion_ie_support":"","_uag_custom_page_level_css":"","jetpack_publicize_message":"","jetpack_publicize_feature_enabled":true,"jetpack_social_post_already_shared":true,"jetpack_social_options":{"image_generator_settings":{"template":"highway","default_image_id":0,"font":"","enabled":false},"version":2},"_wpas_customize_per_network":false},"product_brand":[],"product_cat":[13148,19118],"product_tag":[13178,13199,13208,13170],"class_list":{"0":"post-25593","1":"product","2":"type-product","3":"status-publish","4":"has-post-thumbnail","6":"product_cat-excursies-in-sharm-el-sheikh","7":"product_cat-safaritours-sharm-sheikh","8":"product_tag-excursie","9":"product_tag-safari-nl","10":"product_tag-sharm-el-sheikh-nl","11":"product_tag-woestijnsafari","13":"first","14":"instock","15":"sale","16":"taxable","17":"shipping-taxable","18":"purchasable","19":"product-type-variable"},"yoast_head":"<!-- This site is optimized with the Yoast SEO Premium plugin v27.5 (Yoast SEO v27.5) - https:\/\/yoast.com\/product\/yoast-seo-premium-wordpress\/ -->\n<title>Safari met duinbuggy in Sharm El Sheikh - Ga duinbuggy<\/title>\n<meta name=\"description\" content=\"Safari met duinbuggy in Sharm El Sheikh kun je genieten van de woestijn die over de zandduinen rijdt! De reis laat je kennis maken met de woestijnnatuur\" \/>\n<meta name=\"robots\" content=\"index, follow, max-snippet:-1, max-image-preview:large, max-video-preview:-1\" \/>\n<link rel=\"canonical\" href=\"https:\/\/landioustravel.com\/nl\/shop\/safari-duinbuggy-sharm-sheikh\/\" \/>\n<meta property=\"og:locale\" content=\"nl_NL\" \/>\n<meta property=\"og:type\" content=\"article\" \/>\n<meta property=\"og:title\" content=\"Safari met duinbuggy in Sharm El Sheikh\" \/>\n<meta property=\"og:description\" content=\"Landious Travel\" \/>\n<meta property=\"og:url\" content=\"https:\/\/landioustravel.com\/nl\/shop\/safari-duinbuggy-sharm-sheikh\/\" \/>\n<meta property=\"og:site_name\" content=\"Landious Travel\" \/>\n<meta property=\"article:publisher\" content=\"https:\/\/web.facebook.com\/landiousEgypt\" \/>\n<meta property=\"article:modified_time\" content=\"2024-05-30T06:29:45+00:00\" \/>\n<meta property=\"og:image\" content=\"https:\/\/i0.wp.com\/landioustravel.com\/wp-content\/uploads\/2020\/10\/Dune-Buggy-Safari-Sharm-El-Sheikh-e1617558120166.jpg?fit=1200%2C675&ssl=1\" \/>\n\t<meta property=\"og:image:width\" content=\"1200\" \/>\n\t<meta property=\"og:image:height\" content=\"675\" \/>\n\t<meta property=\"og:image:type\" content=\"image\/jpeg\" \/>\n<meta name=\"twitter:card\" content=\"summary_large_image\" \/>\n<meta name=\"twitter:site\" content=\"@LandiousTours\" \/>\n<meta name=\"twitter:label1\" content=\"Geschatte leestijd\" \/>\n\t<meta name=\"twitter:data1\" content=\"2 minuten\" \/>\n<script type=\"application\/ld+json\" class=\"yoast-schema-graph\">{\"@context\":\"https:\\\/\\\/schema.org\",\"@graph\":[{\"@type\":\"WebPage\",\"@id\":\"https:\\\/\\\/landioustravel.com\\\/nl\\\/shop\\\/safari-duinbuggy-sharm-sheikh\\\/\",\"url\":\"https:\\\/\\\/landioustravel.com\\\/nl\\\/shop\\\/safari-duinbuggy-sharm-sheikh\\\/\",\"name\":\"Safari met duinbuggy in Sharm El Sheikh - Ga duinbuggy\",\"isPartOf\":{\"@id\":\"https:\\\/\\\/landioustravel.com\\\/nl\\\/#website\"},\"primaryImageOfPage\":{\"@id\":\"https:\\\/\\\/landioustravel.com\\\/nl\\\/shop\\\/safari-duinbuggy-sharm-sheikh\\\/#primaryimage\"},\"image\":{\"@id\":\"https:\\\/\\\/landioustravel.com\\\/nl\\\/shop\\\/safari-duinbuggy-sharm-sheikh\\\/#primaryimage\"},\"thumbnailUrl\":\"https:\\\/\\\/i0.wp.com\\\/landioustravel.com\\\/wp-content\\\/uploads\\\/2020\\\/10\\\/Dune-Buggy-Safari-Sharm-El-Sheikh-e1617558120166.jpg?fit=1200%2C675&ssl=1\",\"datePublished\":\"2020-10-30T14:18:01+00:00\",\"dateModified\":\"2024-05-30T06:29:45+00:00\",\"description\":\"Safari met duinbuggy in Sharm El Sheikh kun je genieten van de woestijn die over de zandduinen rijdt! De reis laat je kennis maken met de woestijnnatuur\",\"breadcrumb\":{\"@id\":\"https:\\\/\\\/landioustravel.com\\\/nl\\\/shop\\\/safari-duinbuggy-sharm-sheikh\\\/#breadcrumb\"},\"inLanguage\":\"nl-NL\",\"potentialAction\":[{\"@type\":\"ReadAction\",\"target\":[\"https:\\\/\\\/landioustravel.com\\\/nl\\\/shop\\\/safari-duinbuggy-sharm-sheikh\\\/\"]}]},{\"@type\":\"ImageObject\",\"inLanguage\":\"nl-NL\",\"@id\":\"https:\\\/\\\/landioustravel.com\\\/nl\\\/shop\\\/safari-duinbuggy-sharm-sheikh\\\/#primaryimage\",\"url\":\"https:\\\/\\\/i0.wp.com\\\/landioustravel.com\\\/wp-content\\\/uploads\\\/2020\\\/10\\\/Dune-Buggy-Safari-Sharm-El-Sheikh-e1617558120166.jpg?fit=1200%2C675&ssl=1\",\"contentUrl\":\"https:\\\/\\\/i0.wp.com\\\/landioustravel.com\\\/wp-content\\\/uploads\\\/2020\\\/10\\\/Dune-Buggy-Safari-Sharm-El-Sheikh-e1617558120166.jpg?fit=1200%2C675&ssl=1\",\"width\":1200,\"height\":675,\"caption\":\"Dune Buggy Safari Sharm El Sheikh\"},{\"@type\":\"BreadcrumbList\",\"@id\":\"https:\\\/\\\/landioustravel.com\\\/nl\\\/shop\\\/safari-duinbuggy-sharm-sheikh\\\/#breadcrumb\",\"itemListElement\":[{\"@type\":\"ListItem\",\"position\":1,\"name\":\"Home\",\"item\":\"https:\\\/\\\/landioustravel.com\\\/nl\\\/\"},{\"@type\":\"ListItem\",\"position\":2,\"name\":\"Diensten &amp; rondleidingen\",\"item\":\"https:\\\/\\\/landioustravel.com\\\/nl\\\/\"},{\"@type\":\"ListItem\",\"position\":3,\"name\":\"Safari met duinbuggy in Sharm El Sheikh\"}]},{\"@type\":\"WebSite\",\"@id\":\"https:\\\/\\\/landioustravel.com\\\/nl\\\/#website\",\"url\":\"https:\\\/\\\/landioustravel.com\\\/nl\\\/\",\"name\":\"Landious Travel\",\"description\":\"Excursions, trips and cruises in Egypt\",\"publisher\":{\"@id\":\"https:\\\/\\\/landioustravel.com\\\/nl\\\/#organization\"},\"potentialAction\":[{\"@type\":\"SearchAction\",\"target\":{\"@type\":\"EntryPoint\",\"urlTemplate\":\"https:\\\/\\\/landioustravel.com\\\/nl\\\/?s={search_term_string}\"},\"query-input\":{\"@type\":\"PropertyValueSpecification\",\"valueRequired\":true,\"valueName\":\"search_term_string\"}}],\"inLanguage\":\"nl-NL\"},{\"@type\":[\"Organization\",\"Place\"],\"@id\":\"https:\\\/\\\/landioustravel.com\\\/nl\\\/#organization\",\"name\":\"Landious Travel\",\"alternateName\":\"Landious Travel\",\"url\":\"https:\\\/\\\/landioustravel.com\\\/nl\\\/\",\"logo\":{\"@id\":\"https:\\\/\\\/landioustravel.com\\\/nl\\\/shop\\\/safari-duinbuggy-sharm-sheikh\\\/#local-main-organization-logo\"},\"image\":{\"@id\":\"https:\\\/\\\/landioustravel.com\\\/nl\\\/shop\\\/safari-duinbuggy-sharm-sheikh\\\/#local-main-organization-logo\"},\"sameAs\":[\"https:\\\/\\\/web.facebook.com\\\/landiousEgypt\",\"https:\\\/\\\/x.com\\\/LandiousTours\",\"https:\\\/\\\/mastodon.social\\\/@landious\"],\"legalName\":\"Landious Travel\",\"telephone\":[],\"openingHoursSpecification\":[{\"@type\":\"OpeningHoursSpecification\",\"dayOfWeek\":[\"Monday\",\"Tuesday\",\"Wednesday\",\"Thursday\",\"Friday\",\"Saturday\",\"Sunday\"],\"opens\":\"09:00\",\"closes\":\"17:00\"}]},{\"@type\":\"ImageObject\",\"inLanguage\":\"nl-NL\",\"@id\":\"https:\\\/\\\/landioustravel.com\\\/nl\\\/shop\\\/safari-duinbuggy-sharm-sheikh\\\/#local-main-organization-logo\",\"url\":\"https:\\\/\\\/i0.wp.com\\\/landioustravel.com\\\/wp-content\\\/uploads\\\/2021\\\/06\\\/Landious-T.png?fit=500%2C500&ssl=1\",\"contentUrl\":\"https:\\\/\\\/i0.wp.com\\\/landioustravel.com\\\/wp-content\\\/uploads\\\/2021\\\/06\\\/Landious-T.png?fit=500%2C500&ssl=1\",\"width\":500,\"height\":500,\"caption\":\"Landious Travel\"}]}<\/script>\n<!-- \/ Yoast SEO Premium plugin. -->","yoast_head_json":{"title":"Safari met duinbuggy in Sharm El Sheikh - Ga duinbuggy","description":"Safari met duinbuggy in Sharm El Sheikh kun je genieten van de woestijn die over de zandduinen rijdt! De reis laat je kennis maken met de woestijnnatuur","robots":{"index":"index","follow":"follow","max-snippet":"max-snippet:-1","max-image-preview":"max-image-preview:large","max-video-preview":"max-video-preview:-1"},"canonical":"https:\/\/landioustravel.com\/nl\/shop\/safari-duinbuggy-sharm-sheikh\/","og_locale":"nl_NL","og_type":"article","og_title":"Safari met duinbuggy in Sharm El Sheikh","og_description":"Landious Travel","og_url":"https:\/\/landioustravel.com\/nl\/shop\/safari-duinbuggy-sharm-sheikh\/","og_site_name":"Landious Travel","article_publisher":"https:\/\/web.facebook.com\/landiousEgypt","article_modified_time":"2024-05-30T06:29:45+00:00","og_image":[{"width":1200,"height":675,"url":"https:\/\/i0.wp.com\/landioustravel.com\/wp-content\/uploads\/2020\/10\/Dune-Buggy-Safari-Sharm-El-Sheikh-e1617558120166.jpg?fit=1200%2C675&ssl=1","type":"image\/jpeg"}],"twitter_card":"summary_large_image","twitter_site":"@LandiousTours","twitter_misc":{"Geschatte leestijd":"2 minuten"},"schema":{"@context":"https:\/\/schema.org","@graph":[{"@type":"WebPage","@id":"https:\/\/landioustravel.com\/nl\/shop\/safari-duinbuggy-sharm-sheikh\/","url":"https:\/\/landioustravel.com\/nl\/shop\/safari-duinbuggy-sharm-sheikh\/","name":"Safari met duinbuggy in Sharm El Sheikh - Ga duinbuggy","isPartOf":{"@id":"https:\/\/landioustravel.com\/nl\/#website"},"primaryImageOfPage":{"@id":"https:\/\/landioustravel.com\/nl\/shop\/safari-duinbuggy-sharm-sheikh\/#primaryimage"},"image":{"@id":"https:\/\/landioustravel.com\/nl\/shop\/safari-duinbuggy-sharm-sheikh\/#primaryimage"},"thumbnailUrl":"https:\/\/i0.wp.com\/landioustravel.com\/wp-content\/uploads\/2020\/10\/Dune-Buggy-Safari-Sharm-El-Sheikh-e1617558120166.jpg?fit=1200%2C675&ssl=1","datePublished":"2020-10-30T14:18:01+00:00","dateModified":"2024-05-30T06:29:45+00:00","description":"Safari met duinbuggy in Sharm El Sheikh kun je genieten van de woestijn die over de zandduinen rijdt! De reis laat je kennis maken met de woestijnnatuur","breadcrumb":{"@id":"https:\/\/landioustravel.com\/nl\/shop\/safari-duinbuggy-sharm-sheikh\/#breadcrumb"},"inLanguage":"nl-NL","potentialAction":[{"@type":"ReadAction","target":["https:\/\/landioustravel.com\/nl\/shop\/safari-duinbuggy-sharm-sheikh\/"]}]},{"@type":"ImageObject","inLanguage":"nl-NL","@id":"https:\/\/landioustravel.com\/nl\/shop\/safari-duinbuggy-sharm-sheikh\/#primaryimage","url":"https:\/\/i0.wp.com\/landioustravel.com\/wp-content\/uploads\/2020\/10\/Dune-Buggy-Safari-Sharm-El-Sheikh-e1617558120166.jpg?fit=1200%2C675&ssl=1","contentUrl":"https:\/\/i0.wp.com\/landioustravel.com\/wp-content\/uploads\/2020\/10\/Dune-Buggy-Safari-Sharm-El-Sheikh-e1617558120166.jpg?fit=1200%2C675&ssl=1","width":1200,"height":675,"caption":"Dune Buggy Safari Sharm El Sheikh"},{"@type":"BreadcrumbList","@id":"https:\/\/landioustravel.com\/nl\/shop\/safari-duinbuggy-sharm-sheikh\/#breadcrumb","itemListElement":[{"@type":"ListItem","position":1,"name":"Home","item":"https:\/\/landioustravel.com\/nl\/"},{"@type":"ListItem","position":2,"name":"Diensten &amp; rondleidingen","item":"https:\/\/landioustravel.com\/nl\/"},{"@type":"ListItem","position":3,"name":"Safari met duinbuggy in Sharm El Sheikh"}]},{"@type":"WebSite","@id":"https:\/\/landioustravel.com\/nl\/#website","url":"https:\/\/landioustravel.com\/nl\/","name":"Landious Travel","description":"Excursions, trips and cruises in Egypt","publisher":{"@id":"https:\/\/landioustravel.com\/nl\/#organization"},"potentialAction":[{"@type":"SearchAction","target":{"@type":"EntryPoint","urlTemplate":"https:\/\/landioustravel.com\/nl\/?s={search_term_string}"},"query-input":{"@type":"PropertyValueSpecification","valueRequired":true,"valueName":"search_term_string"}}],"inLanguage":"nl-NL"},{"@type":["Organization","Place"],"@id":"https:\/\/landioustravel.com\/nl\/#organization","name":"Landious Travel","alternateName":"Landious Travel","url":"https:\/\/landioustravel.com\/nl\/","logo":{"@id":"https:\/\/landioustravel.com\/nl\/shop\/safari-duinbuggy-sharm-sheikh\/#local-main-organization-logo"},"image":{"@id":"https:\/\/landioustravel.com\/nl\/shop\/safari-duinbuggy-sharm-sheikh\/#local-main-organization-logo"},"sameAs":["https:\/\/web.facebook.com\/landiousEgypt","https:\/\/x.com\/LandiousTours","https:\/\/mastodon.social\/@landious"],"legalName":"Landious Travel","telephone":[],"openingHoursSpecification":[{"@type":"OpeningHoursSpecification","dayOfWeek":["Monday","Tuesday","Wednesday","Thursday","Friday","Saturday","Sunday"],"opens":"09:00","closes":"17:00"}]},{"@type":"ImageObject","inLanguage":"nl-NL","@id":"https:\/\/landioustravel.com\/nl\/shop\/safari-duinbuggy-sharm-sheikh\/#local-main-organization-logo","url":"https:\/\/i0.wp.com\/landioustravel.com\/wp-content\/uploads\/2021\/06\/Landious-T.png?fit=500%2C500&ssl=1","contentUrl":"https:\/\/i0.wp.com\/landioustravel.com\/wp-content\/uploads\/2021\/06\/Landious-T.png?fit=500%2C500&ssl=1","width":500,"height":500,"caption":"Landious Travel"}]}},"jetpack_publicize_connections":[],"uagb_featured_image_src":{"full":["https:\/\/i0.wp.com\/landioustravel.com\/wp-content\/uploads\/2020\/10\/Dune-Buggy-Safari-Sharm-El-Sheikh-e1617558120166.jpg?fit=1200%2C675&ssl=1",1200,675,false],"thumbnail":["https:\/\/i0.wp.com\/landioustravel.com\/wp-content\/uploads\/2020\/10\/Dune-Buggy-Safari-Sharm-El-Sheikh-e1617558120166.jpg?resize=150%2C150&ssl=1",150,150,true],"medium":["https:\/\/i0.wp.com\/landioustravel.com\/wp-content\/uploads\/2020\/10\/Dune-Buggy-Safari-Sharm-El-Sheikh-e1617558120166.jpg?fit=300%2C169&ssl=1",300,169,true],"medium_large":["https:\/\/i0.wp.com\/landioustravel.com\/wp-content\/uploads\/2020\/10\/Dune-Buggy-Safari-Sharm-El-Sheikh-e1617558120166.jpg?fit=768%2C432&ssl=1",768,432,true],"large":["https:\/\/i0.wp.com\/landioustravel.com\/wp-content\/uploads\/2020\/10\/Dune-Buggy-Safari-Sharm-El-Sheikh-e1617558120166.jpg?fit=980%2C551&ssl=1",980,551,true],"1536x1536":["https:\/\/i0.wp.com\/landioustravel.com\/wp-content\/uploads\/2020\/10\/Dune-Buggy-Safari-Sharm-El-Sheikh-e1617558120166.jpg?fit=1200%2C675&ssl=1",1200,675,true],"2048x2048":["https:\/\/i0.wp.com\/landioustravel.com\/wp-content\/uploads\/2020\/10\/Dune-Buggy-Safari-Sharm-El-Sheikh-e1617558120166.jpg?fit=1200%2C675&ssl=1",1200,675,true],"newspack-article-block-landscape-large":["https:\/\/i0.wp.com\/landioustravel.com\/wp-content\/uploads\/2020\/10\/Dune-Buggy-Safari-Sharm-El-Sheikh-e1617558120166.jpg?resize=1200%2C675&ssl=1",1200,801,true],"newspack-article-block-portrait-large":["https:\/\/i0.wp.com\/landioustravel.com\/wp-content\/uploads\/2020\/10\/Dune-Buggy-Safari-Sharm-El-Sheikh-e1617558120166.jpg?resize=900%2C675&ssl=1",900,801,true],"newspack-article-block-square-large":["https:\/\/i0.wp.com\/landioustravel.com\/wp-content\/uploads\/2020\/10\/Dune-Buggy-Safari-Sharm-El-Sheikh-e1617558120166.jpg?resize=1200%2C675&ssl=1",1200,801,true],"newspack-article-block-landscape-medium":["https:\/\/i0.wp.com\/landioustravel.com\/wp-content\/uploads\/2020\/10\/Dune-Buggy-Safari-Sharm-El-Sheikh-e1617558120166.jpg?resize=800%2C600&ssl=1",800,600,true],"newspack-article-block-portrait-medium":["https:\/\/i0.wp.com\/landioustravel.com\/wp-content\/uploads\/2020\/10\/Dune-Buggy-Safari-Sharm-El-Sheikh-e1617558120166.jpg?resize=600%2C675&ssl=1",600,800,true],"newspack-article-block-square-medium":["https:\/\/i0.wp.com\/landioustravel.com\/wp-content\/uploads\/2020\/10\/Dune-Buggy-Safari-Sharm-El-Sheikh-e1617558120166.jpg?resize=800%2C675&ssl=1",800,800,true],"newspack-article-block-landscape-intermediate":["https:\/\/i0.wp.com\/landioustravel.com\/wp-content\/uploads\/2020\/10\/Dune-Buggy-Safari-Sharm-El-Sheikh-e1617558120166.jpg?resize=600%2C450&ssl=1",600,450,true],"newspack-article-block-portrait-intermediate":["https:\/\/i0.wp.com\/landioustravel.com\/wp-content\/uploads\/2020\/10\/Dune-Buggy-Safari-Sharm-El-Sheikh-e1617558120166.jpg?resize=450%2C600&ssl=1",450,600,true],"newspack-article-block-square-intermediate":["https:\/\/i0.wp.com\/landioustravel.com\/wp-content\/uploads\/2020\/10\/Dune-Buggy-Safari-Sharm-El-Sheikh-e1617558120166.jpg?resize=600%2C600&ssl=1",600,600,true],"newspack-article-block-landscape-small":["https:\/\/i0.wp.com\/landioustravel.com\/wp-content\/uploads\/2020\/10\/Dune-Buggy-Safari-Sharm-El-Sheikh-e1617558120166.jpg?resize=400%2C300&ssl=1",400,300,true],"newspack-article-block-portrait-small":["https:\/\/i0.wp.com\/landioustravel.com\/wp-content\/uploads\/2020\/10\/Dune-Buggy-Safari-Sharm-El-Sheikh-e1617558120166.jpg?resize=300%2C400&ssl=1",300,400,true],"newspack-article-block-square-small":["https:\/\/i0.wp.com\/landioustravel.com\/wp-content\/uploads\/2020\/10\/Dune-Buggy-Safari-Sharm-El-Sheikh-e1617558120166.jpg?resize=400%2C400&ssl=1",400,400,true],"newspack-article-block-landscape-tiny":["https:\/\/i0.wp.com\/landioustravel.com\/wp-content\/uploads\/2020\/10\/Dune-Buggy-Safari-Sharm-El-Sheikh-e1617558120166.jpg?resize=200%2C150&ssl=1",200,150,true],"newspack-article-block-portrait-tiny":["https:\/\/i0.wp.com\/landioustravel.com\/wp-content\/uploads\/2020\/10\/Dune-Buggy-Safari-Sharm-El-Sheikh-e1617558120166.jpg?resize=150%2C200&ssl=1",150,200,true],"newspack-article-block-square-tiny":["https:\/\/i0.wp.com\/landioustravel.com\/wp-content\/uploads\/2020\/10\/Dune-Buggy-Safari-Sharm-El-Sheikh-e1617558120166.jpg?resize=200%2C200&ssl=1",200,200,true],"newspack-article-block-uncropped":["https:\/\/i0.wp.com\/landioustravel.com\/wp-content\/uploads\/2020\/10\/Dune-Buggy-Safari-Sharm-El-Sheikh-e1617558120166.jpg?fit=1200%2C675&ssl=1",1200,675,true],"woocommerce_thumbnail":["https:\/\/i0.wp.com\/landioustravel.com\/wp-content\/uploads\/2020\/10\/Dune-Buggy-Safari-Sharm-El-Sheikh-e1617558120166.jpg?resize=324%2C324&ssl=1",324,324,true],"woocommerce_single":["https:\/\/i0.wp.com\/landioustravel.com\/wp-content\/uploads\/2020\/10\/Dune-Buggy-Safari-Sharm-El-Sheikh-e1617558120166.jpg?fit=416%2C234&ssl=1",416,234,true],"woocommerce_gallery_thumbnail":["https:\/\/i0.wp.com\/landioustravel.com\/wp-content\/uploads\/2020\/10\/Dune-Buggy-Safari-Sharm-El-Sheikh-e1617558120166.jpg?resize=100%2C100&ssl=1",100,100,true]},"uagb_author_info":{"display_name":"Mofreh Landious","author_link":"https:\/\/landioustravel.com\/nl\/author\/"},"uagb_comment_info":3,"uagb_excerpt":"Bereid je voor op een onvergetelijk avontuur met onze \"Buggy Safari in Sharm El Sheikh\"! Sluit je aan en race door de majestueuze zandduinen van de Egyptische woestijn terwijl je jezelf onderdompelt in de betoverende natuurlijke wonderen en de ongelooflijke bedoe\u00efenen ontmoet. Deze spannende reis mag je niet missen, en het mooiste? Uw transfer is&hellip;","jetpack_sharing_enabled":true,"jetpack_likes_enabled":true,"amp_enabled":true,"_links":{"self":[{"href":"https:\/\/landioustravel.com\/nl\/wp-json\/wp\/v2\/product\/25593","targetHints":{"allow":["GET"]}}],"collection":[{"href":"https:\/\/landioustravel.com\/nl\/wp-json\/wp\/v2\/product"}],"about":[{"href":"https:\/\/landioustravel.com\/nl\/wp-json\/wp\/v2\/types\/product"}],"replies":[{"embeddable":true,"href":"https:\/\/landioustravel.com\/nl\/wp-json\/wp\/v2\/comments?post=25593"}],"wp:featuredmedia":[{"embeddable":true,"href":"https:\/\/landioustravel.com\/nl\/wp-json\/wp\/v2\/media\/45715"}],"wp:attachment":[{"href":"https:\/\/landioustravel.com\/nl\/wp-json\/wp\/v2\/media?parent=25593"}],"wp:term":[{"taxonomy":"product_brand","embeddable":true,"href":"https:\/\/landioustravel.com\/nl\/wp-json\/wp\/v2\/product_brand?post=25593"},{"taxonomy":"product_cat","embeddable":true,"href":"https:\/\/landioustravel.com\/nl\/wp-json\/wp\/v2\/product_cat?post=25593"},{"taxonomy":"product_tag","embeddable":true,"href":"https:\/\/landioustravel.com\/nl\/wp-json\/wp\/v2\/product_tag?post=25593"}],"curies":[{"name":"wp","href":"https:\/\/api.w.org\/{rel}","templated":true}]}}