{"id":25958,"date":"2020-11-02T15:29:21","date_gmt":"2020-11-26T11:45:32","guid":{"rendered":"https:\/\/landioustravel.com\/?post_type=product&#038;p=25958"},"modified":"2024-02-25T19:17:32","modified_gmt":"2024-02-25T17:17:32","slug":"reis-alexandrie-cairo","status":"publish","type":"product","link":"https:\/\/landioustravel.com\/nl\/shop\/reis-alexandrie-cairo\/","title":{"rendered":"Reis naar Alexandri\u00eb vanuit Ca\u00efro"},"content":{"rendered":"<p>Een intensieve excursie naar Alexandri\u00eb vanuit <a href=\"https:\/\/landioustravel.com\/nl\/egypte\/egyptische-steden\/gouvernement-cairo\/\">Ca\u00efro<\/a>, Egypte! We raden de reis aan, omdat toeristen hierdoor de meest indrukwekkende bezienswaardigheden in Egypte kunnen zien. Deze monumenten en attracties bevinden zich in de kuststad Alexandri\u00eb. In deze stad zie je de bezienswaardigheden van het Romeinse rijk en de moderne tijd. Door al deze bezoeken kom je meer te weten over de geschiedenis van het land en krijg je veel indrukken. Je mag deze mooie reis naar Alexandri\u00eb vanuit Ca\u00efro niet missen!<\/p>\n<h2>Hoofdpunten van het reisprogramma naar Alexandri\u00eb<\/h2>\n<ul>\n<li>Uit rotsen gehouwen Romeinse catacomben<\/li>\n<li>Ru\u00efnes van een Romeins tempelcomplex<\/li>\n<li>Bovendien, de Alexandria Library<\/li>\n<li>Lunch in een visrestaurant<\/li>\n<li>Citadel van Qeitbay en Abu-Abbas-moskee<\/li>\n<li>Ook een bezoek aan het Romeinse amfitheater<\/li>\n<\/ul>\n<h3>Excursieprogramma naar Alexandri\u00eb vanuit Ca\u00efro<\/h3>\n<ul>\n<li>De vertegenwoordiger van Landious Travel haalt u om ongeveer 05:00 uur &#8217;s ochtends op bij het hotel in Ca\u00efro<\/li>\n<li>Nadat alle bezoekers zijn opgehaald, vertrekt de bus rechtstreeks naar Alexandri\u00eb. De reis, van het centrum van Ca\u00efro naar Alexandri\u00eb, duurt ongeveer 3 uur<\/li>\n<li>Zodra je in Alexandri\u00eb aankomt, bezoek je de Pompey&#8217;s Pillar. Deze pilaar werd aan het einde van de 4e eeuw gebouwd ter ere van keizer Diocletianus. Het bevond zich oorspronkelijk in de tempel van de Serapis. Het is ooit een prachtig bouwwerk dat wedijvert met de Soma en de keizersnede<\/li>\n<li>De reis naar Alexandri\u00eb gaat verder met het bezoeken van de catacomben. Dit is de grootste Romeinse begraafplaats die bestaat uit drie in de rotsen uitgehouwen niveaus<\/li>\n<li>Na een bezoek aan de Romeinse begraafplaats, lunch je in een visrestaurant<\/li>\n<li>Vervolgens laten we u het Montazah-park zien, waar een paleis is voor de koning van Egypte, en de Pharos-vuurtoren<\/li>\n<li>Verder zie je de bibliotheek van Alexandri\u00eb en de Abu-Abbas-moskee.<\/li>\n<li>Aan het einde van deze interessante excursie bezoek je het fort van Qaitbay. Deze citadel is gebouwd op de plaats van de oude vuurtoren van de farao van Alexandri\u00eb<\/li>\n<li>Ten slotte begeleiden we u terug naar uw hotel in Ca\u00efro<\/li>\n<li>Deze &#8220;Reis naar Alexandri\u00eb vanuit Ca\u00efro&#8221; eindigt om ongeveer 19.00 uur<\/li>\n<\/ul>\n<h4>Wat is inbegrepen in de reisprijs<\/h4>\n<ul>\n<li>Kaartjes voor het bezoeken van tempels<\/li>\n<li>Eten (behalve drankjes)<\/li>\n<li>Gids<\/li>\n<li>Transfer ook naar Ca\u00efro-Alexandri\u00eb en terug naar het hotel<\/li>\n<\/ul>\n<h5>Wat is niet inbegrepen in de prijs van de reis<\/h5>\n<ul>\n<li>Extra excursieprogramma&#8217;s<\/li>\n<li>Ook drankjes<\/li>\n<\/ul>\n<h6>Wat u moet meenemen voor de reis<\/h6>\n<ul>\n<li>Ontbijtdoos<\/li>\n<li>Paspoort<\/li>\n<li>Ook kleding voor het seizoen<\/li>\n<\/ul>\n<h6>Dagen van excursie organisatie<\/h6>\n<ul>\n<li>Dagelijks van 05:00 &#8211; 19:00 uur<\/li>\n<\/ul>\n","protected":false},"excerpt":{"rendered":"<p>Ga met ons mee op een eendaagse reis naar Alexandri\u00eb vanuit Ca\u00efro, waar we vele fascinerende locaties zullen verkennen. We beginnen met een bezoek aan de uit rotsen gehouwen Romeinse catacomben en de ru\u00efnes van een Romeins tempelcomplex. Daarna gaan we naar Qaitbey Citadel, waar u de gelegenheid krijgt om enkele gedenkwaardige foto&#8217;s te maken. Later zullen we genieten van een heerlijke lunch in een lokaal visrestaurant voordat we onze tour voortzetten. We zullen dan het Romeinse amfitheater bezoeken, waar je de kans krijgt om het prachtige moza\u00efek Vissen in de villa van vogels te zien. Vervolgens gaan we naar het Royal Jewelry Museum, waar u versteld zult staan van de prachtige collectie diamanten, robijnen en zeldzame stenen. Ten slotte bezoeken we de beroemde Abu Al-Abbas Al-Mursi-moskee, de grootste moskee van de stad. Onze tourprijs is inclusief begeleiding, transfers en lunch, zodat u achterover kunt leunen en kunt genieten van de geweldige bezienswaardigheden en geluiden van Alexandri\u00eb. Met onze tour zie je alle hoogtepunten van Alexandri\u00eb in slechts \u00e9\u00e9n dag.<\/p>\n","protected":false},"featured_media":45619,"comment_status":"open","ping_status":"closed","template":"","meta":{"_coblocks_attr":"","_coblocks_dimensions":"","_coblocks_responsive_height":"","_coblocks_accordion_ie_support":"","_uag_custom_page_level_css":"","jetpack_publicize_message":"","jetpack_publicize_feature_enabled":true,"jetpack_social_post_already_shared":true,"jetpack_social_options":{"image_generator_settings":{"template":"highway","default_image_id":0,"font":"","enabled":false},"version":2},"_wpas_customize_per_network":false},"product_brand":[],"product_cat":[13144],"product_tag":[13161,13209,13165,13178],"class_list":{"0":"post-25958","1":"product","2":"type-product","3":"status-publish","4":"has-post-thumbnail","6":"product_cat-excursies-in-cairo","7":"product_tag-alexandrie-nl","8":"product_tag-bezienswaardigheden","9":"product_tag-cairo-nl","10":"product_tag-excursie","12":"first","13":"instock","14":"sale","15":"taxable","16":"shipping-taxable","17":"purchasable","18":"product-type-variable"},"yoast_head":"<!-- This site is optimized with the Yoast SEO Premium plugin v26.9 (Yoast SEO v27.5) - https:\/\/yoast.com\/product\/yoast-seo-premium-wordpress\/ -->\n<title>Reis naar Alexandri\u00eb vanuit Ca\u00efro<\/title>\n<meta name=\"description\" content=\"Reis naar Alexandri\u00eb vanuit Ca\u00efro bezoeken we de uit rotsen gehouwen Romeinse catacomben, ru\u00efnes van een Romeins tempelcomplex en de Qaitbey Citadel. Ook\" \/>\n<meta name=\"robots\" content=\"index, follow, max-snippet:-1, max-image-preview:large, max-video-preview:-1\" \/>\n<link rel=\"canonical\" href=\"https:\/\/landioustravel.com\/nl\/shop\/reis-alexandrie-cairo\/\" \/>\n<meta property=\"og:locale\" content=\"nl_NL\" \/>\n<meta property=\"og:type\" content=\"article\" \/>\n<meta property=\"og:title\" content=\"Reis naar Alexandri\u00eb vanuit Ca\u00efro\" \/>\n<meta property=\"og:description\" content=\"Landious Travel\" \/>\n<meta property=\"og:url\" content=\"https:\/\/landioustravel.com\/nl\/shop\/reis-alexandrie-cairo\/\" \/>\n<meta property=\"og:site_name\" content=\"Landious Travel\" \/>\n<meta property=\"article:publisher\" content=\"https:\/\/web.facebook.com\/landiousEgypt\" \/>\n<meta property=\"article:modified_time\" content=\"2024-02-25T17:17:32+00:00\" \/>\n<meta property=\"og:image\" content=\"https:\/\/i0.wp.com\/landioustravel.com\/wp-content\/uploads\/2020\/11\/Alexandria-Trip-Cairo-e1617554461353.jpg?fit=1200%2C675&ssl=1\" \/>\n\t<meta property=\"og:image:width\" content=\"1200\" \/>\n\t<meta property=\"og:image:height\" content=\"675\" \/>\n\t<meta property=\"og:image:type\" content=\"image\/jpeg\" \/>\n<meta name=\"twitter:card\" content=\"summary_large_image\" \/>\n<meta name=\"twitter:site\" content=\"@LandiousTours\" \/>\n<meta name=\"twitter:label1\" content=\"Geschatte leestijd\" \/>\n\t<meta name=\"twitter:data1\" content=\"2 minuten\" \/>\n<script type=\"application\/ld+json\" class=\"yoast-schema-graph\">{\"@context\":\"https:\\\/\\\/schema.org\",\"@graph\":[{\"@type\":\"WebPage\",\"@id\":\"https:\\\/\\\/landioustravel.com\\\/nl\\\/shop\\\/reis-alexandrie-cairo\\\/\",\"url\":\"https:\\\/\\\/landioustravel.com\\\/nl\\\/shop\\\/reis-alexandrie-cairo\\\/\",\"name\":\"Reis naar Alexandri\u00eb vanuit Ca\u00efro\",\"isPartOf\":{\"@id\":\"https:\\\/\\\/landioustravel.com\\\/nl\\\/#website\"},\"primaryImageOfPage\":{\"@id\":\"https:\\\/\\\/landioustravel.com\\\/nl\\\/shop\\\/reis-alexandrie-cairo\\\/#primaryimage\"},\"image\":{\"@id\":\"https:\\\/\\\/landioustravel.com\\\/nl\\\/shop\\\/reis-alexandrie-cairo\\\/#primaryimage\"},\"thumbnailUrl\":\"https:\\\/\\\/i0.wp.com\\\/landioustravel.com\\\/wp-content\\\/uploads\\\/2020\\\/11\\\/Alexandria-Trip-Cairo-e1617554461353.jpg?fit=1200%2C675&ssl=1\",\"datePublished\":\"2020-11-26T11:45:32+00:00\",\"dateModified\":\"2024-02-25T17:17:32+00:00\",\"description\":\"Reis naar Alexandri\u00eb vanuit Ca\u00efro bezoeken we de uit rotsen gehouwen Romeinse catacomben, ru\u00efnes van een Romeins tempelcomplex en de Qaitbey Citadel. Ook\",\"breadcrumb\":{\"@id\":\"https:\\\/\\\/landioustravel.com\\\/nl\\\/shop\\\/reis-alexandrie-cairo\\\/#breadcrumb\"},\"inLanguage\":\"nl-NL\",\"potentialAction\":[{\"@type\":\"ReadAction\",\"target\":[\"https:\\\/\\\/landioustravel.com\\\/nl\\\/shop\\\/reis-alexandrie-cairo\\\/\"]}]},{\"@type\":\"ImageObject\",\"inLanguage\":\"nl-NL\",\"@id\":\"https:\\\/\\\/landioustravel.com\\\/nl\\\/shop\\\/reis-alexandrie-cairo\\\/#primaryimage\",\"url\":\"https:\\\/\\\/i0.wp.com\\\/landioustravel.com\\\/wp-content\\\/uploads\\\/2020\\\/11\\\/Alexandria-Trip-Cairo-e1617554461353.jpg?fit=1200%2C675&ssl=1\",\"contentUrl\":\"https:\\\/\\\/i0.wp.com\\\/landioustravel.com\\\/wp-content\\\/uploads\\\/2020\\\/11\\\/Alexandria-Trip-Cairo-e1617554461353.jpg?fit=1200%2C675&ssl=1\",\"width\":1200,\"height\":675,\"caption\":\"Alexandria Trip Cairo\"},{\"@type\":\"BreadcrumbList\",\"@id\":\"https:\\\/\\\/landioustravel.com\\\/nl\\\/shop\\\/reis-alexandrie-cairo\\\/#breadcrumb\",\"itemListElement\":[{\"@type\":\"ListItem\",\"position\":1,\"name\":\"Home\",\"item\":\"https:\\\/\\\/landioustravel.com\\\/nl\\\/\"},{\"@type\":\"ListItem\",\"position\":2,\"name\":\"Diensten &amp; rondleidingen\",\"item\":\"https:\\\/\\\/landioustravel.com\\\/nl\\\/\"},{\"@type\":\"ListItem\",\"position\":3,\"name\":\"Reis naar Alexandri\u00eb vanuit Ca\u00efro\"}]},{\"@type\":\"WebSite\",\"@id\":\"https:\\\/\\\/landioustravel.com\\\/nl\\\/#website\",\"url\":\"https:\\\/\\\/landioustravel.com\\\/nl\\\/\",\"name\":\"Landious Travel\",\"description\":\"Excursions, trips and cruises in Egypt\",\"publisher\":{\"@id\":\"https:\\\/\\\/landioustravel.com\\\/nl\\\/#organization\"},\"potentialAction\":[{\"@type\":\"SearchAction\",\"target\":{\"@type\":\"EntryPoint\",\"urlTemplate\":\"https:\\\/\\\/landioustravel.com\\\/nl\\\/?s={search_term_string}\"},\"query-input\":{\"@type\":\"PropertyValueSpecification\",\"valueRequired\":true,\"valueName\":\"search_term_string\"}}],\"inLanguage\":\"nl-NL\"},{\"@type\":[\"Organization\",\"Place\"],\"@id\":\"https:\\\/\\\/landioustravel.com\\\/nl\\\/#organization\",\"name\":\"Landious Travel\",\"alternateName\":\"Landious Travel\",\"url\":\"https:\\\/\\\/landioustravel.com\\\/nl\\\/\",\"logo\":{\"@id\":\"https:\\\/\\\/landioustravel.com\\\/nl\\\/shop\\\/reis-alexandrie-cairo\\\/#local-main-organization-logo\"},\"image\":{\"@id\":\"https:\\\/\\\/landioustravel.com\\\/nl\\\/shop\\\/reis-alexandrie-cairo\\\/#local-main-organization-logo\"},\"sameAs\":[\"https:\\\/\\\/web.facebook.com\\\/landiousEgypt\",\"https:\\\/\\\/x.com\\\/LandiousTours\",\"https:\\\/\\\/mastodon.social\\\/@landious\"],\"legalName\":\"Landious Travel\",\"telephone\":[],\"openingHoursSpecification\":[{\"@type\":\"OpeningHoursSpecification\",\"dayOfWeek\":[\"Monday\",\"Tuesday\",\"Wednesday\",\"Thursday\",\"Friday\",\"Saturday\",\"Sunday\"],\"opens\":\"09:00\",\"closes\":\"17:00\"}]},{\"@type\":\"ImageObject\",\"inLanguage\":\"nl-NL\",\"@id\":\"https:\\\/\\\/landioustravel.com\\\/nl\\\/shop\\\/reis-alexandrie-cairo\\\/#local-main-organization-logo\",\"url\":\"https:\\\/\\\/i0.wp.com\\\/landioustravel.com\\\/wp-content\\\/uploads\\\/2021\\\/06\\\/Landious-T.png?fit=500%2C500&ssl=1\",\"contentUrl\":\"https:\\\/\\\/i0.wp.com\\\/landioustravel.com\\\/wp-content\\\/uploads\\\/2021\\\/06\\\/Landious-T.png?fit=500%2C500&ssl=1\",\"width\":500,\"height\":500,\"caption\":\"Landious Travel\"}]}<\/script>\n<!-- \/ Yoast SEO Premium plugin. -->","yoast_head_json":{"title":"Reis naar Alexandri\u00eb vanuit Ca\u00efro","description":"Reis naar Alexandri\u00eb vanuit Ca\u00efro bezoeken we de uit rotsen gehouwen Romeinse catacomben, ru\u00efnes van een Romeins tempelcomplex en de Qaitbey Citadel. Ook","robots":{"index":"index","follow":"follow","max-snippet":"max-snippet:-1","max-image-preview":"max-image-preview:large","max-video-preview":"max-video-preview:-1"},"canonical":"https:\/\/landioustravel.com\/nl\/shop\/reis-alexandrie-cairo\/","og_locale":"nl_NL","og_type":"article","og_title":"Reis naar Alexandri\u00eb vanuit Ca\u00efro","og_description":"Landious Travel","og_url":"https:\/\/landioustravel.com\/nl\/shop\/reis-alexandrie-cairo\/","og_site_name":"Landious Travel","article_publisher":"https:\/\/web.facebook.com\/landiousEgypt","article_modified_time":"2024-02-25T17:17:32+00:00","og_image":[{"width":1200,"height":675,"url":"https:\/\/i0.wp.com\/landioustravel.com\/wp-content\/uploads\/2020\/11\/Alexandria-Trip-Cairo-e1617554461353.jpg?fit=1200%2C675&ssl=1","type":"image\/jpeg"}],"twitter_card":"summary_large_image","twitter_site":"@LandiousTours","twitter_misc":{"Geschatte leestijd":"2 minuten"},"schema":{"@context":"https:\/\/schema.org","@graph":[{"@type":"WebPage","@id":"https:\/\/landioustravel.com\/nl\/shop\/reis-alexandrie-cairo\/","url":"https:\/\/landioustravel.com\/nl\/shop\/reis-alexandrie-cairo\/","name":"Reis naar Alexandri\u00eb vanuit Ca\u00efro","isPartOf":{"@id":"https:\/\/landioustravel.com\/nl\/#website"},"primaryImageOfPage":{"@id":"https:\/\/landioustravel.com\/nl\/shop\/reis-alexandrie-cairo\/#primaryimage"},"image":{"@id":"https:\/\/landioustravel.com\/nl\/shop\/reis-alexandrie-cairo\/#primaryimage"},"thumbnailUrl":"https:\/\/i0.wp.com\/landioustravel.com\/wp-content\/uploads\/2020\/11\/Alexandria-Trip-Cairo-e1617554461353.jpg?fit=1200%2C675&ssl=1","datePublished":"2020-11-26T11:45:32+00:00","dateModified":"2024-02-25T17:17:32+00:00","description":"Reis naar Alexandri\u00eb vanuit Ca\u00efro bezoeken we de uit rotsen gehouwen Romeinse catacomben, ru\u00efnes van een Romeins tempelcomplex en de Qaitbey Citadel. Ook","breadcrumb":{"@id":"https:\/\/landioustravel.com\/nl\/shop\/reis-alexandrie-cairo\/#breadcrumb"},"inLanguage":"nl-NL","potentialAction":[{"@type":"ReadAction","target":["https:\/\/landioustravel.com\/nl\/shop\/reis-alexandrie-cairo\/"]}]},{"@type":"ImageObject","inLanguage":"nl-NL","@id":"https:\/\/landioustravel.com\/nl\/shop\/reis-alexandrie-cairo\/#primaryimage","url":"https:\/\/i0.wp.com\/landioustravel.com\/wp-content\/uploads\/2020\/11\/Alexandria-Trip-Cairo-e1617554461353.jpg?fit=1200%2C675&ssl=1","contentUrl":"https:\/\/i0.wp.com\/landioustravel.com\/wp-content\/uploads\/2020\/11\/Alexandria-Trip-Cairo-e1617554461353.jpg?fit=1200%2C675&ssl=1","width":1200,"height":675,"caption":"Alexandria Trip Cairo"},{"@type":"BreadcrumbList","@id":"https:\/\/landioustravel.com\/nl\/shop\/reis-alexandrie-cairo\/#breadcrumb","itemListElement":[{"@type":"ListItem","position":1,"name":"Home","item":"https:\/\/landioustravel.com\/nl\/"},{"@type":"ListItem","position":2,"name":"Diensten &amp; rondleidingen","item":"https:\/\/landioustravel.com\/nl\/"},{"@type":"ListItem","position":3,"name":"Reis naar Alexandri\u00eb vanuit Ca\u00efro"}]},{"@type":"WebSite","@id":"https:\/\/landioustravel.com\/nl\/#website","url":"https:\/\/landioustravel.com\/nl\/","name":"Landious Travel","description":"Excursions, trips and cruises in Egypt","publisher":{"@id":"https:\/\/landioustravel.com\/nl\/#organization"},"potentialAction":[{"@type":"SearchAction","target":{"@type":"EntryPoint","urlTemplate":"https:\/\/landioustravel.com\/nl\/?s={search_term_string}"},"query-input":{"@type":"PropertyValueSpecification","valueRequired":true,"valueName":"search_term_string"}}],"inLanguage":"nl-NL"},{"@type":["Organization","Place"],"@id":"https:\/\/landioustravel.com\/nl\/#organization","name":"Landious Travel","alternateName":"Landious Travel","url":"https:\/\/landioustravel.com\/nl\/","logo":{"@id":"https:\/\/landioustravel.com\/nl\/shop\/reis-alexandrie-cairo\/#local-main-organization-logo"},"image":{"@id":"https:\/\/landioustravel.com\/nl\/shop\/reis-alexandrie-cairo\/#local-main-organization-logo"},"sameAs":["https:\/\/web.facebook.com\/landiousEgypt","https:\/\/x.com\/LandiousTours","https:\/\/mastodon.social\/@landious"],"legalName":"Landious Travel","telephone":[],"openingHoursSpecification":[{"@type":"OpeningHoursSpecification","dayOfWeek":["Monday","Tuesday","Wednesday","Thursday","Friday","Saturday","Sunday"],"opens":"09:00","closes":"17:00"}]},{"@type":"ImageObject","inLanguage":"nl-NL","@id":"https:\/\/landioustravel.com\/nl\/shop\/reis-alexandrie-cairo\/#local-main-organization-logo","url":"https:\/\/i0.wp.com\/landioustravel.com\/wp-content\/uploads\/2021\/06\/Landious-T.png?fit=500%2C500&ssl=1","contentUrl":"https:\/\/i0.wp.com\/landioustravel.com\/wp-content\/uploads\/2021\/06\/Landious-T.png?fit=500%2C500&ssl=1","width":500,"height":500,"caption":"Landious Travel"}]}},"jetpack_publicize_connections":[],"uagb_featured_image_src":{"full":["https:\/\/i0.wp.com\/landioustravel.com\/wp-content\/uploads\/2020\/11\/Alexandria-Trip-Cairo-e1617554461353.jpg?fit=1200%2C675&ssl=1",1200,675,false],"thumbnail":["https:\/\/i0.wp.com\/landioustravel.com\/wp-content\/uploads\/2020\/11\/Alexandria-Trip-Cairo-e1617554461353.jpg?resize=150%2C150&ssl=1",150,150,true],"medium":["https:\/\/i0.wp.com\/landioustravel.com\/wp-content\/uploads\/2020\/11\/Alexandria-Trip-Cairo-e1617554461353.jpg?fit=300%2C169&ssl=1",300,169,true],"medium_large":["https:\/\/i0.wp.com\/landioustravel.com\/wp-content\/uploads\/2020\/11\/Alexandria-Trip-Cairo-e1617554461353.jpg?fit=768%2C432&ssl=1",768,432,true],"large":["https:\/\/i0.wp.com\/landioustravel.com\/wp-content\/uploads\/2020\/11\/Alexandria-Trip-Cairo-e1617554461353.jpg?fit=980%2C551&ssl=1",980,551,true],"1536x1536":["https:\/\/i0.wp.com\/landioustravel.com\/wp-content\/uploads\/2020\/11\/Alexandria-Trip-Cairo-e1617554461353.jpg?fit=1536%2C864&ssl=1",1536,864,true],"2048x2048":["https:\/\/i0.wp.com\/landioustravel.com\/wp-content\/uploads\/2020\/11\/Alexandria-Trip-Cairo-e1617554461353.jpg?fit=2048%2C1152&ssl=1",2048,1152,true],"newspack-article-block-landscape-large":["https:\/\/i0.wp.com\/landioustravel.com\/wp-content\/uploads\/2020\/11\/Alexandria-Trip-Cairo-e1617554461353.jpg?resize=1200%2C675&ssl=1",1200,900,true],"newspack-article-block-portrait-large":["https:\/\/i0.wp.com\/landioustravel.com\/wp-content\/uploads\/2020\/11\/Alexandria-Trip-Cairo-e1617554461353.jpg?resize=900%2C675&ssl=1",900,1200,true],"newspack-article-block-square-large":["https:\/\/i0.wp.com\/landioustravel.com\/wp-content\/uploads\/2020\/11\/Alexandria-Trip-Cairo-e1617554461353.jpg?resize=1200%2C675&ssl=1",1200,1200,true],"newspack-article-block-landscape-medium":["https:\/\/i0.wp.com\/landioustravel.com\/wp-content\/uploads\/2020\/11\/Alexandria-Trip-Cairo-e1617554461353.jpg?resize=800%2C600&ssl=1",800,600,true],"newspack-article-block-portrait-medium":["https:\/\/i0.wp.com\/landioustravel.com\/wp-content\/uploads\/2020\/11\/Alexandria-Trip-Cairo-e1617554461353.jpg?resize=600%2C675&ssl=1",600,800,true],"newspack-article-block-square-medium":["https:\/\/i0.wp.com\/landioustravel.com\/wp-content\/uploads\/2020\/11\/Alexandria-Trip-Cairo-e1617554461353.jpg?resize=800%2C675&ssl=1",800,800,true],"newspack-article-block-landscape-intermediate":["https:\/\/i0.wp.com\/landioustravel.com\/wp-content\/uploads\/2020\/11\/Alexandria-Trip-Cairo-e1617554461353.jpg?resize=600%2C450&ssl=1",600,450,true],"newspack-article-block-portrait-intermediate":["https:\/\/i0.wp.com\/landioustravel.com\/wp-content\/uploads\/2020\/11\/Alexandria-Trip-Cairo-e1617554461353.jpg?resize=450%2C600&ssl=1",450,600,true],"newspack-article-block-square-intermediate":["https:\/\/i0.wp.com\/landioustravel.com\/wp-content\/uploads\/2020\/11\/Alexandria-Trip-Cairo-e1617554461353.jpg?resize=600%2C600&ssl=1",600,600,true],"newspack-article-block-landscape-small":["https:\/\/i0.wp.com\/landioustravel.com\/wp-content\/uploads\/2020\/11\/Alexandria-Trip-Cairo-e1617554461353.jpg?resize=400%2C300&ssl=1",400,300,true],"newspack-article-block-portrait-small":["https:\/\/i0.wp.com\/landioustravel.com\/wp-content\/uploads\/2020\/11\/Alexandria-Trip-Cairo-e1617554461353.jpg?resize=300%2C400&ssl=1",300,400,true],"newspack-article-block-square-small":["https:\/\/i0.wp.com\/landioustravel.com\/wp-content\/uploads\/2020\/11\/Alexandria-Trip-Cairo-e1617554461353.jpg?resize=400%2C400&ssl=1",400,400,true],"newspack-article-block-landscape-tiny":["https:\/\/i0.wp.com\/landioustravel.com\/wp-content\/uploads\/2020\/11\/Alexandria-Trip-Cairo-e1617554461353.jpg?resize=200%2C150&ssl=1",200,150,true],"newspack-article-block-portrait-tiny":["https:\/\/i0.wp.com\/landioustravel.com\/wp-content\/uploads\/2020\/11\/Alexandria-Trip-Cairo-e1617554461353.jpg?resize=150%2C200&ssl=1",150,200,true],"newspack-article-block-square-tiny":["https:\/\/i0.wp.com\/landioustravel.com\/wp-content\/uploads\/2020\/11\/Alexandria-Trip-Cairo-e1617554461353.jpg?resize=200%2C200&ssl=1",200,200,true],"newspack-article-block-uncropped":["https:\/\/i0.wp.com\/landioustravel.com\/wp-content\/uploads\/2020\/11\/Alexandria-Trip-Cairo-e1617554461353.jpg?fit=1200%2C675&ssl=1",1200,675,true],"woocommerce_thumbnail":["https:\/\/i0.wp.com\/landioustravel.com\/wp-content\/uploads\/2020\/11\/Alexandria-Trip-Cairo-e1617554461353.jpg?resize=324%2C324&ssl=1",324,324,true],"woocommerce_single":["https:\/\/i0.wp.com\/landioustravel.com\/wp-content\/uploads\/2020\/11\/Alexandria-Trip-Cairo-e1617554461353.jpg?fit=416%2C234&ssl=1",416,234,true],"woocommerce_gallery_thumbnail":["https:\/\/i0.wp.com\/landioustravel.com\/wp-content\/uploads\/2020\/11\/Alexandria-Trip-Cairo-e1617554461353.jpg?resize=100%2C100&ssl=1",100,100,true]},"uagb_author_info":{"display_name":"Mofreh Landious","author_link":"https:\/\/landioustravel.com\/nl\/author\/"},"uagb_comment_info":1,"uagb_excerpt":"Ga met ons mee op een eendaagse reis naar Alexandri\u00eb vanuit Ca\u00efro, waar we vele fascinerende locaties zullen verkennen. We beginnen met een bezoek aan de uit rotsen gehouwen Romeinse catacomben en de ru\u00efnes van een Romeins tempelcomplex. Daarna gaan we naar Qaitbey Citadel, waar u de gelegenheid krijgt om enkele gedenkwaardige foto's te maken.&hellip;","jetpack_sharing_enabled":true,"jetpack_likes_enabled":true,"amp_enabled":true,"_links":{"self":[{"href":"https:\/\/landioustravel.com\/nl\/wp-json\/wp\/v2\/product\/25958","targetHints":{"allow":["GET"]}}],"collection":[{"href":"https:\/\/landioustravel.com\/nl\/wp-json\/wp\/v2\/product"}],"about":[{"href":"https:\/\/landioustravel.com\/nl\/wp-json\/wp\/v2\/types\/product"}],"replies":[{"embeddable":true,"href":"https:\/\/landioustravel.com\/nl\/wp-json\/wp\/v2\/comments?post=25958"}],"wp:featuredmedia":[{"embeddable":true,"href":"https:\/\/landioustravel.com\/nl\/wp-json\/wp\/v2\/media\/45619"}],"wp:attachment":[{"href":"https:\/\/landioustravel.com\/nl\/wp-json\/wp\/v2\/media?parent=25958"}],"wp:term":[{"taxonomy":"product_brand","embeddable":true,"href":"https:\/\/landioustravel.com\/nl\/wp-json\/wp\/v2\/product_brand?post=25958"},{"taxonomy":"product_cat","embeddable":true,"href":"https:\/\/landioustravel.com\/nl\/wp-json\/wp\/v2\/product_cat?post=25958"},{"taxonomy":"product_tag","embeddable":true,"href":"https:\/\/landioustravel.com\/nl\/wp-json\/wp\/v2\/product_tag?post=25958"}],"curies":[{"name":"wp","href":"https:\/\/api.w.org\/{rel}","templated":true}]}}