{"id":25986,"date":"2020-11-02T02:24:35","date_gmt":"2020-11-26T20:54:54","guid":{"rendered":"https:\/\/landioustravel.com\/?post_type=product&#038;p=25986"},"modified":"2026-01-27T19:13:58","modified_gmt":"2026-01-27T17:13:58","slug":"reis-piramides-egyptisch-museum-cairo","status":"publish","type":"product","link":"https:\/\/landioustravel.com\/nl\/shop\/reis-piramides-egyptisch-museum-cairo\/","title":{"rendered":"Reis naar piramides en Egyptisch museum in Ca\u00efro"},"content":{"rendered":"<p>Een prachtige dagtocht naar piramides en Egyptisch museum in <a href=\"https:\/\/landioustravel.com\/nl\/egypte\/egyptische-steden\/gouvernement-cairo\/\">Ca\u00efro<\/a>! We raden de excursie aan vanwege het feit dat toeristen de meest indrukwekkende bezienswaardigheden kunnen zien die tijdens het oude Egypte zijn gebouwd en meer te weten komen over de geschiedenis van het land.<\/p>\n<h2>Hoofdpunten van het excursieprogramma in Ca\u00efro<\/h2>\n<ul>\n<li>Bezoek aan het Egyptisch Museum in Ca\u00efro<\/li>\n<li>Lunch<\/li>\n<li>Bezoek de drie piramides in Gizeh<\/li>\n<li>Bezoek ook de Grote Sfinx in het piramidecomplex<\/li>\n<\/ul>\n<h3>Programma van reis naar piramides en Egyptisch museum in Ca\u00efro<\/h3>\n<ul>\n<li>De vertegenwoordiger van Landious Travel haalt u rond 08:00 uur &#8217;s ochtends op bij het hotel in Ca\u00efro<\/li>\n<li>Nadat alle bezoekers zijn opgehaald, gaat de minibus naar het complex van Gizeh-piramides<\/li>\n<li>Vermeldenswaard is dat de excursie naar Piramides en het Egyptisch Museum naar twee verschillende steden gaat: Ca\u00efro en Gizeh<\/li>\n<\/ul>\n<h4>Programma in Ca\u00efro<\/h4>\n<ul>\n<li>Zodra je in Ca\u00efro aankomt, laten we het Egyptisch Museum zien. Je gids heeft de taak om al deze tempels te laten zien en vrije tijd te geven om foto&#8217;s te maken<\/li>\n<li>Na een bezoek aan het Egyptisch Museum in Ca\u00efro start u de boottocht op de Nijl. Dit is een aanvullend programma en kan via ons vooraf besteld worden! Zodra de boottocht op de Nijl eindigt, gaat u naar een andere stad, Gizeh<\/li>\n<\/ul>\n<h4>Programma in Gizeh<\/h4>\n<ul>\n<li>De tour gaat verder in Gizeh. De eerste stop daar is in het restaurant. Het biedt een buffet<\/li>\n<li>Vervolgens gaat de groep naar het piramidecomplex, waar zich drie grote piramides en de Sfinx bevinden. U zult genieten van een piramidetour door Cheops, Chephren en Mykerinus. Daarnaast bezoek je de Vallei Tempel en Sfinx.<\/li>\n<li>Onze bus vertrekt na zo&#8217;n programma terug in de prachtige steden Ca\u00efro en Gizeh.<\/li>\n<li>Deze &#8220;reis naar Piramides en Egyptisch museum in Ca\u00efro&#8221; eindigt om ongeveer 22.00 uur<\/li>\n<\/ul>\n<h4>Wat is inbegrepen in de tourprijs<\/h4>\n<ul>\n<li>Kaartjes voor het bezoeken van tempels<\/li>\n<li>Lunch<\/li>\n<li>Gids<\/li>\n<li>Transfer ook naar alle bestemmingen en terug naar het hotel<\/li>\n<\/ul>\n<h5>Wat is niet inbegrepen in de prijs van de tour?<\/h5>\n<ul>\n<li>Extra excursieprogramma&#8217;s indien niet inbegrepen in het bovenstaande programma<\/li>\n<li>Ook drankjes in restaurant<\/li>\n<\/ul>\n<h6>Wat u moet meenemen voor de reis naar Ca\u00efro &#8211; Gizeh<\/h6>\n<ul>\n<li>Extra geld<\/li>\n<li>Ook kleding voor het seizoen<\/li>\n<\/ul>\n<h6>Dagen van excursie organisatie<\/h6>\n<ul>\n<li>Dagelijks van 08: 00-15: 00 uur<\/li>\n<\/ul>\n","protected":false},"excerpt":{"rendered":"<p>Ervaar de wonderen van het oude Egypte tijdens een dagtocht naar de piramides en het Egyptisch museum in Ca\u00efro. Bekijk de grote piramides van Gizeh, waaronder Cheops, Chephren en Mykerinos, evenals de legendarische Sfinx. Bezoek na de lunch het Egyptisch Museum, met een ongelooflijke collectie van 150.000 voorwerpen verspreid over 100 tentoonstellingshallen. Be\u00ebindig de tour met een winkelexcursie naar de Khan Khalili-bazaar. Verken het beste van Ca\u00efro en Gizeh met een priv\u00e9gids en voertuig, voor een persoonlijke ervaring. Bekijk de iconische monumenten van het Gizeh-plateau, inclusief de Vallei-tempel, en geniet van een Egyptische lunch voordat je het Tahrir-plein bezoekt, de plaats van de Arabische lente. Snuffel tussen souvenirs en specerijen op de levendige Khan Khalili Bazaar. Wees getuige van de oude schatten van farao&#8217;s in het toonaangevende museum van het land. Mis deze kans niet om de rijke geschiedenis en het moderne leven van Ca\u00efro te ontdekken.<\/p>\n","protected":false},"featured_media":128313,"comment_status":"open","ping_status":"closed","template":"","meta":{"_coblocks_attr":"","_coblocks_dimensions":"","_coblocks_responsive_height":"","_coblocks_accordion_ie_support":"","_uag_custom_page_level_css":"","jetpack_publicize_message":"","jetpack_publicize_feature_enabled":true,"jetpack_social_post_already_shared":true,"jetpack_social_options":{"image_generator_settings":{"template":"highway","default_image_id":0,"font":"","enabled":false},"version":2},"_wpas_customize_per_network":false},"product_brand":[],"product_cat":[13144],"product_tag":[13209,13165,13178,13195,13212],"class_list":{"0":"post-25986","1":"product","2":"type-product","3":"status-publish","4":"has-post-thumbnail","6":"product_cat-excursies-in-cairo","7":"product_tag-bezienswaardigheden","8":"product_tag-cairo-nl","9":"product_tag-excursie","10":"product_tag-piramides-nl","11":"product_tag-sfinx","13":"first","14":"instock","15":"sale","16":"taxable","17":"shipping-taxable","18":"purchasable","19":"product-type-variable"},"yoast_head":"<!-- This site is optimized with the Yoast SEO Premium plugin v27.5 (Yoast SEO v27.5) - https:\/\/yoast.com\/product\/yoast-seo-premium-wordpress\/ -->\n<title>Reis naar piramides en Egyptisch museum in Ca\u00efro<\/title>\n<meta name=\"description\" content=\"Reis naar piramides en Egyptisch museum in Ca\u00efro met de bus, bezoeken we de drie grote piramides van Gizeh en de Grote Sfinx. Dan gaan we lunchen. Na de\" \/>\n<meta name=\"robots\" content=\"index, follow, max-snippet:-1, max-image-preview:large, max-video-preview:-1\" \/>\n<link rel=\"canonical\" href=\"https:\/\/landioustravel.com\/nl\/shop\/reis-piramides-egyptisch-museum-cairo\/\" \/>\n<meta property=\"og:locale\" content=\"nl_NL\" \/>\n<meta property=\"og:type\" content=\"article\" \/>\n<meta property=\"og:title\" content=\"Reis naar piramides en Egyptisch museum in Ca\u00efro\" \/>\n<meta property=\"og:description\" content=\"Landious Travel\" \/>\n<meta property=\"og:url\" content=\"https:\/\/landioustravel.com\/nl\/shop\/reis-piramides-egyptisch-museum-cairo\/\" \/>\n<meta property=\"og:site_name\" content=\"Landious Travel\" \/>\n<meta property=\"article:publisher\" content=\"https:\/\/web.facebook.com\/landiousEgypt\" \/>\n<meta property=\"article:modified_time\" content=\"2026-01-27T17:13:58+00:00\" \/>\n<meta property=\"og:image\" content=\"https:\/\/i0.wp.com\/landioustravel.com\/wp-content\/uploads\/2020\/11\/Egyptian-Museum-Pyramids-Trip-Cairo-e1668807624676.jpeg?fit=1200%2C675&ssl=1\" \/>\n\t<meta property=\"og:image:width\" content=\"1200\" \/>\n\t<meta property=\"og:image:height\" content=\"675\" \/>\n\t<meta property=\"og:image:type\" content=\"image\/jpeg\" \/>\n<meta name=\"twitter:card\" content=\"summary_large_image\" \/>\n<meta name=\"twitter:site\" content=\"@LandiousTours\" \/>\n<meta name=\"twitter:label1\" content=\"Geschatte leestijd\" \/>\n\t<meta name=\"twitter:data1\" content=\"2 minuten\" \/>\n<script type=\"application\/ld+json\" class=\"yoast-schema-graph\">{\"@context\":\"https:\\\/\\\/schema.org\",\"@graph\":[{\"@type\":\"WebPage\",\"@id\":\"https:\\\/\\\/landioustravel.com\\\/nl\\\/shop\\\/reis-piramides-egyptisch-museum-cairo\\\/\",\"url\":\"https:\\\/\\\/landioustravel.com\\\/nl\\\/shop\\\/reis-piramides-egyptisch-museum-cairo\\\/\",\"name\":\"Reis naar piramides en Egyptisch museum in Ca\u00efro\",\"isPartOf\":{\"@id\":\"https:\\\/\\\/landioustravel.com\\\/nl\\\/#website\"},\"primaryImageOfPage\":{\"@id\":\"https:\\\/\\\/landioustravel.com\\\/nl\\\/shop\\\/reis-piramides-egyptisch-museum-cairo\\\/#primaryimage\"},\"image\":{\"@id\":\"https:\\\/\\\/landioustravel.com\\\/nl\\\/shop\\\/reis-piramides-egyptisch-museum-cairo\\\/#primaryimage\"},\"thumbnailUrl\":\"https:\\\/\\\/i0.wp.com\\\/landioustravel.com\\\/wp-content\\\/uploads\\\/2020\\\/11\\\/Egyptian-Museum-Pyramids-Trip-Cairo-e1668807624676.jpeg?fit=1200%2C675&ssl=1\",\"datePublished\":\"2020-11-26T20:54:54+00:00\",\"dateModified\":\"2026-01-27T17:13:58+00:00\",\"description\":\"Reis naar piramides en Egyptisch museum in Ca\u00efro met de bus, bezoeken we de drie grote piramides van Gizeh en de Grote Sfinx. Dan gaan we lunchen. Na de\",\"breadcrumb\":{\"@id\":\"https:\\\/\\\/landioustravel.com\\\/nl\\\/shop\\\/reis-piramides-egyptisch-museum-cairo\\\/#breadcrumb\"},\"inLanguage\":\"nl-NL\",\"potentialAction\":[{\"@type\":\"ReadAction\",\"target\":[\"https:\\\/\\\/landioustravel.com\\\/nl\\\/shop\\\/reis-piramides-egyptisch-museum-cairo\\\/\"]}]},{\"@type\":\"ImageObject\",\"inLanguage\":\"nl-NL\",\"@id\":\"https:\\\/\\\/landioustravel.com\\\/nl\\\/shop\\\/reis-piramides-egyptisch-museum-cairo\\\/#primaryimage\",\"url\":\"https:\\\/\\\/i0.wp.com\\\/landioustravel.com\\\/wp-content\\\/uploads\\\/2020\\\/11\\\/Egyptian-Museum-Pyramids-Trip-Cairo-e1668807624676.jpeg?fit=1200%2C675&ssl=1\",\"contentUrl\":\"https:\\\/\\\/i0.wp.com\\\/landioustravel.com\\\/wp-content\\\/uploads\\\/2020\\\/11\\\/Egyptian-Museum-Pyramids-Trip-Cairo-e1668807624676.jpeg?fit=1200%2C675&ssl=1\",\"width\":1200,\"height\":675,\"caption\":\"Egyptian Museum Pyramids Trip Cairo\"},{\"@type\":\"BreadcrumbList\",\"@id\":\"https:\\\/\\\/landioustravel.com\\\/nl\\\/shop\\\/reis-piramides-egyptisch-museum-cairo\\\/#breadcrumb\",\"itemListElement\":[{\"@type\":\"ListItem\",\"position\":1,\"name\":\"Home\",\"item\":\"https:\\\/\\\/landioustravel.com\\\/nl\\\/\"},{\"@type\":\"ListItem\",\"position\":2,\"name\":\"Diensten &amp; rondleidingen\",\"item\":\"https:\\\/\\\/landioustravel.com\\\/nl\\\/\"},{\"@type\":\"ListItem\",\"position\":3,\"name\":\"Reis naar piramides en Egyptisch museum in Ca\u00efro\"}]},{\"@type\":\"WebSite\",\"@id\":\"https:\\\/\\\/landioustravel.com\\\/nl\\\/#website\",\"url\":\"https:\\\/\\\/landioustravel.com\\\/nl\\\/\",\"name\":\"Landious Travel\",\"description\":\"Excursions, trips and cruises in Egypt\",\"publisher\":{\"@id\":\"https:\\\/\\\/landioustravel.com\\\/nl\\\/#organization\"},\"potentialAction\":[{\"@type\":\"SearchAction\",\"target\":{\"@type\":\"EntryPoint\",\"urlTemplate\":\"https:\\\/\\\/landioustravel.com\\\/nl\\\/?s={search_term_string}\"},\"query-input\":{\"@type\":\"PropertyValueSpecification\",\"valueRequired\":true,\"valueName\":\"search_term_string\"}}],\"inLanguage\":\"nl-NL\"},{\"@type\":[\"Organization\",\"Place\"],\"@id\":\"https:\\\/\\\/landioustravel.com\\\/nl\\\/#organization\",\"name\":\"Landious Travel\",\"alternateName\":\"Landious Travel\",\"url\":\"https:\\\/\\\/landioustravel.com\\\/nl\\\/\",\"logo\":{\"@id\":\"https:\\\/\\\/landioustravel.com\\\/nl\\\/shop\\\/reis-piramides-egyptisch-museum-cairo\\\/#local-main-organization-logo\"},\"image\":{\"@id\":\"https:\\\/\\\/landioustravel.com\\\/nl\\\/shop\\\/reis-piramides-egyptisch-museum-cairo\\\/#local-main-organization-logo\"},\"sameAs\":[\"https:\\\/\\\/web.facebook.com\\\/landiousEgypt\",\"https:\\\/\\\/x.com\\\/LandiousTours\",\"https:\\\/\\\/mastodon.social\\\/@landious\"],\"legalName\":\"Landious Travel\",\"telephone\":[],\"openingHoursSpecification\":[{\"@type\":\"OpeningHoursSpecification\",\"dayOfWeek\":[\"Monday\",\"Tuesday\",\"Wednesday\",\"Thursday\",\"Friday\",\"Saturday\",\"Sunday\"],\"opens\":\"09:00\",\"closes\":\"17:00\"}]},{\"@type\":\"ImageObject\",\"inLanguage\":\"nl-NL\",\"@id\":\"https:\\\/\\\/landioustravel.com\\\/nl\\\/shop\\\/reis-piramides-egyptisch-museum-cairo\\\/#local-main-organization-logo\",\"url\":\"https:\\\/\\\/i0.wp.com\\\/landioustravel.com\\\/wp-content\\\/uploads\\\/2021\\\/06\\\/Landious-T.png?fit=500%2C500&ssl=1\",\"contentUrl\":\"https:\\\/\\\/i0.wp.com\\\/landioustravel.com\\\/wp-content\\\/uploads\\\/2021\\\/06\\\/Landious-T.png?fit=500%2C500&ssl=1\",\"width\":500,\"height\":500,\"caption\":\"Landious Travel\"}]}<\/script>\n<!-- \/ Yoast SEO Premium plugin. -->","yoast_head_json":{"title":"Reis naar piramides en Egyptisch museum in Ca\u00efro","description":"Reis naar piramides en Egyptisch museum in Ca\u00efro met de bus, bezoeken we de drie grote piramides van Gizeh en de Grote Sfinx. Dan gaan we lunchen. Na de","robots":{"index":"index","follow":"follow","max-snippet":"max-snippet:-1","max-image-preview":"max-image-preview:large","max-video-preview":"max-video-preview:-1"},"canonical":"https:\/\/landioustravel.com\/nl\/shop\/reis-piramides-egyptisch-museum-cairo\/","og_locale":"nl_NL","og_type":"article","og_title":"Reis naar piramides en Egyptisch museum in Ca\u00efro","og_description":"Landious Travel","og_url":"https:\/\/landioustravel.com\/nl\/shop\/reis-piramides-egyptisch-museum-cairo\/","og_site_name":"Landious Travel","article_publisher":"https:\/\/web.facebook.com\/landiousEgypt","article_modified_time":"2026-01-27T17:13:58+00:00","og_image":[{"width":1200,"height":675,"url":"https:\/\/i0.wp.com\/landioustravel.com\/wp-content\/uploads\/2020\/11\/Egyptian-Museum-Pyramids-Trip-Cairo-e1668807624676.jpeg?fit=1200%2C675&ssl=1","type":"image\/jpeg"}],"twitter_card":"summary_large_image","twitter_site":"@LandiousTours","twitter_misc":{"Geschatte leestijd":"2 minuten"},"schema":{"@context":"https:\/\/schema.org","@graph":[{"@type":"WebPage","@id":"https:\/\/landioustravel.com\/nl\/shop\/reis-piramides-egyptisch-museum-cairo\/","url":"https:\/\/landioustravel.com\/nl\/shop\/reis-piramides-egyptisch-museum-cairo\/","name":"Reis naar piramides en Egyptisch museum in Ca\u00efro","isPartOf":{"@id":"https:\/\/landioustravel.com\/nl\/#website"},"primaryImageOfPage":{"@id":"https:\/\/landioustravel.com\/nl\/shop\/reis-piramides-egyptisch-museum-cairo\/#primaryimage"},"image":{"@id":"https:\/\/landioustravel.com\/nl\/shop\/reis-piramides-egyptisch-museum-cairo\/#primaryimage"},"thumbnailUrl":"https:\/\/i0.wp.com\/landioustravel.com\/wp-content\/uploads\/2020\/11\/Egyptian-Museum-Pyramids-Trip-Cairo-e1668807624676.jpeg?fit=1200%2C675&ssl=1","datePublished":"2020-11-26T20:54:54+00:00","dateModified":"2026-01-27T17:13:58+00:00","description":"Reis naar piramides en Egyptisch museum in Ca\u00efro met de bus, bezoeken we de drie grote piramides van Gizeh en de Grote Sfinx. Dan gaan we lunchen. Na de","breadcrumb":{"@id":"https:\/\/landioustravel.com\/nl\/shop\/reis-piramides-egyptisch-museum-cairo\/#breadcrumb"},"inLanguage":"nl-NL","potentialAction":[{"@type":"ReadAction","target":["https:\/\/landioustravel.com\/nl\/shop\/reis-piramides-egyptisch-museum-cairo\/"]}]},{"@type":"ImageObject","inLanguage":"nl-NL","@id":"https:\/\/landioustravel.com\/nl\/shop\/reis-piramides-egyptisch-museum-cairo\/#primaryimage","url":"https:\/\/i0.wp.com\/landioustravel.com\/wp-content\/uploads\/2020\/11\/Egyptian-Museum-Pyramids-Trip-Cairo-e1668807624676.jpeg?fit=1200%2C675&ssl=1","contentUrl":"https:\/\/i0.wp.com\/landioustravel.com\/wp-content\/uploads\/2020\/11\/Egyptian-Museum-Pyramids-Trip-Cairo-e1668807624676.jpeg?fit=1200%2C675&ssl=1","width":1200,"height":675,"caption":"Egyptian Museum Pyramids Trip Cairo"},{"@type":"BreadcrumbList","@id":"https:\/\/landioustravel.com\/nl\/shop\/reis-piramides-egyptisch-museum-cairo\/#breadcrumb","itemListElement":[{"@type":"ListItem","position":1,"name":"Home","item":"https:\/\/landioustravel.com\/nl\/"},{"@type":"ListItem","position":2,"name":"Diensten &amp; rondleidingen","item":"https:\/\/landioustravel.com\/nl\/"},{"@type":"ListItem","position":3,"name":"Reis naar piramides en Egyptisch museum in Ca\u00efro"}]},{"@type":"WebSite","@id":"https:\/\/landioustravel.com\/nl\/#website","url":"https:\/\/landioustravel.com\/nl\/","name":"Landious Travel","description":"Excursions, trips and cruises in Egypt","publisher":{"@id":"https:\/\/landioustravel.com\/nl\/#organization"},"potentialAction":[{"@type":"SearchAction","target":{"@type":"EntryPoint","urlTemplate":"https:\/\/landioustravel.com\/nl\/?s={search_term_string}"},"query-input":{"@type":"PropertyValueSpecification","valueRequired":true,"valueName":"search_term_string"}}],"inLanguage":"nl-NL"},{"@type":["Organization","Place"],"@id":"https:\/\/landioustravel.com\/nl\/#organization","name":"Landious Travel","alternateName":"Landious Travel","url":"https:\/\/landioustravel.com\/nl\/","logo":{"@id":"https:\/\/landioustravel.com\/nl\/shop\/reis-piramides-egyptisch-museum-cairo\/#local-main-organization-logo"},"image":{"@id":"https:\/\/landioustravel.com\/nl\/shop\/reis-piramides-egyptisch-museum-cairo\/#local-main-organization-logo"},"sameAs":["https:\/\/web.facebook.com\/landiousEgypt","https:\/\/x.com\/LandiousTours","https:\/\/mastodon.social\/@landious"],"legalName":"Landious Travel","telephone":[],"openingHoursSpecification":[{"@type":"OpeningHoursSpecification","dayOfWeek":["Monday","Tuesday","Wednesday","Thursday","Friday","Saturday","Sunday"],"opens":"09:00","closes":"17:00"}]},{"@type":"ImageObject","inLanguage":"nl-NL","@id":"https:\/\/landioustravel.com\/nl\/shop\/reis-piramides-egyptisch-museum-cairo\/#local-main-organization-logo","url":"https:\/\/i0.wp.com\/landioustravel.com\/wp-content\/uploads\/2021\/06\/Landious-T.png?fit=500%2C500&ssl=1","contentUrl":"https:\/\/i0.wp.com\/landioustravel.com\/wp-content\/uploads\/2021\/06\/Landious-T.png?fit=500%2C500&ssl=1","width":500,"height":500,"caption":"Landious Travel"}]}},"jetpack_publicize_connections":[],"uagb_featured_image_src":{"full":["https:\/\/i0.wp.com\/landioustravel.com\/wp-content\/uploads\/2020\/11\/Egyptian-Museum-Pyramids-Trip-Cairo-e1668807624676.jpeg?fit=1200%2C675&ssl=1",1200,675,false],"thumbnail":["https:\/\/i0.wp.com\/landioustravel.com\/wp-content\/uploads\/2020\/11\/Egyptian-Museum-Pyramids-Trip-Cairo-e1668807624676.jpeg?resize=150%2C150&ssl=1",150,150,true],"medium":["https:\/\/i0.wp.com\/landioustravel.com\/wp-content\/uploads\/2020\/11\/Egyptian-Museum-Pyramids-Trip-Cairo-e1668807624676.jpeg?fit=300%2C169&ssl=1",300,169,true],"medium_large":["https:\/\/i0.wp.com\/landioustravel.com\/wp-content\/uploads\/2020\/11\/Egyptian-Museum-Pyramids-Trip-Cairo-e1668807624676.jpeg?fit=768%2C432&ssl=1",768,432,true],"large":["https:\/\/i0.wp.com\/landioustravel.com\/wp-content\/uploads\/2020\/11\/Egyptian-Museum-Pyramids-Trip-Cairo-e1668807624676.jpeg?fit=980%2C551&ssl=1",980,551,true],"1536x1536":["https:\/\/i0.wp.com\/landioustravel.com\/wp-content\/uploads\/2020\/11\/Egyptian-Museum-Pyramids-Trip-Cairo-e1668807624676.jpeg?fit=1536%2C864&ssl=1",1536,864,true],"2048x2048":["https:\/\/i0.wp.com\/landioustravel.com\/wp-content\/uploads\/2020\/11\/Egyptian-Museum-Pyramids-Trip-Cairo-e1668807624676.jpeg?fit=1200%2C675&ssl=1",1200,675,true],"newspack-article-block-landscape-large":["https:\/\/i0.wp.com\/landioustravel.com\/wp-content\/uploads\/2020\/11\/Egyptian-Museum-Pyramids-Trip-Cairo-e1668807624676.jpeg?resize=1200%2C675&ssl=1",1200,675,true],"newspack-article-block-portrait-large":["https:\/\/i0.wp.com\/landioustravel.com\/wp-content\/uploads\/2020\/11\/Egyptian-Museum-Pyramids-Trip-Cairo-e1668807624676.jpeg?resize=900%2C675&ssl=1",900,675,true],"newspack-article-block-square-large":["https:\/\/i0.wp.com\/landioustravel.com\/wp-content\/uploads\/2020\/11\/Egyptian-Museum-Pyramids-Trip-Cairo-e1668807624676.jpeg?resize=1200%2C675&ssl=1",1200,675,true],"newspack-article-block-landscape-medium":["https:\/\/i0.wp.com\/landioustravel.com\/wp-content\/uploads\/2020\/11\/Egyptian-Museum-Pyramids-Trip-Cairo-e1668807624676.jpeg?resize=800%2C600&ssl=1",800,600,true],"newspack-article-block-portrait-medium":["https:\/\/i0.wp.com\/landioustravel.com\/wp-content\/uploads\/2020\/11\/Egyptian-Museum-Pyramids-Trip-Cairo-e1668807624676.jpeg?resize=600%2C675&ssl=1",600,675,true],"newspack-article-block-square-medium":["https:\/\/i0.wp.com\/landioustravel.com\/wp-content\/uploads\/2020\/11\/Egyptian-Museum-Pyramids-Trip-Cairo-e1668807624676.jpeg?resize=800%2C675&ssl=1",800,675,true],"newspack-article-block-landscape-intermediate":["https:\/\/i0.wp.com\/landioustravel.com\/wp-content\/uploads\/2020\/11\/Egyptian-Museum-Pyramids-Trip-Cairo-e1668807624676.jpeg?resize=600%2C450&ssl=1",600,450,true],"newspack-article-block-portrait-intermediate":["https:\/\/i0.wp.com\/landioustravel.com\/wp-content\/uploads\/2020\/11\/Egyptian-Museum-Pyramids-Trip-Cairo-e1668807624676.jpeg?resize=450%2C600&ssl=1",450,600,true],"newspack-article-block-square-intermediate":["https:\/\/i0.wp.com\/landioustravel.com\/wp-content\/uploads\/2020\/11\/Egyptian-Museum-Pyramids-Trip-Cairo-e1668807624676.jpeg?resize=600%2C600&ssl=1",600,600,true],"newspack-article-block-landscape-small":["https:\/\/i0.wp.com\/landioustravel.com\/wp-content\/uploads\/2020\/11\/Egyptian-Museum-Pyramids-Trip-Cairo-e1668807624676.jpeg?resize=400%2C300&ssl=1",400,300,true],"newspack-article-block-portrait-small":["https:\/\/i0.wp.com\/landioustravel.com\/wp-content\/uploads\/2020\/11\/Egyptian-Museum-Pyramids-Trip-Cairo-e1668807624676.jpeg?resize=300%2C400&ssl=1",300,400,true],"newspack-article-block-square-small":["https:\/\/i0.wp.com\/landioustravel.com\/wp-content\/uploads\/2020\/11\/Egyptian-Museum-Pyramids-Trip-Cairo-e1668807624676.jpeg?resize=400%2C400&ssl=1",400,400,true],"newspack-article-block-landscape-tiny":["https:\/\/i0.wp.com\/landioustravel.com\/wp-content\/uploads\/2020\/11\/Egyptian-Museum-Pyramids-Trip-Cairo-e1668807624676.jpeg?resize=200%2C150&ssl=1",200,150,true],"newspack-article-block-portrait-tiny":["https:\/\/i0.wp.com\/landioustravel.com\/wp-content\/uploads\/2020\/11\/Egyptian-Museum-Pyramids-Trip-Cairo-e1668807624676.jpeg?resize=150%2C200&ssl=1",150,200,true],"newspack-article-block-square-tiny":["https:\/\/i0.wp.com\/landioustravel.com\/wp-content\/uploads\/2020\/11\/Egyptian-Museum-Pyramids-Trip-Cairo-e1668807624676.jpeg?resize=200%2C200&ssl=1",200,200,true],"newspack-article-block-uncropped":["https:\/\/i0.wp.com\/landioustravel.com\/wp-content\/uploads\/2020\/11\/Egyptian-Museum-Pyramids-Trip-Cairo-e1668807624676.jpeg?fit=1200%2C675&ssl=1",1200,675,true],"woocommerce_thumbnail":["https:\/\/i0.wp.com\/landioustravel.com\/wp-content\/uploads\/2020\/11\/Egyptian-Museum-Pyramids-Trip-Cairo-e1668807624676.jpeg?resize=324%2C324&ssl=1",324,324,true],"woocommerce_single":["https:\/\/i0.wp.com\/landioustravel.com\/wp-content\/uploads\/2020\/11\/Egyptian-Museum-Pyramids-Trip-Cairo-e1668807624676.jpeg?fit=416%2C234&ssl=1",416,234,true],"woocommerce_gallery_thumbnail":["https:\/\/i0.wp.com\/landioustravel.com\/wp-content\/uploads\/2020\/11\/Egyptian-Museum-Pyramids-Trip-Cairo-e1668807624676.jpeg?resize=100%2C100&ssl=1",100,100,true]},"uagb_author_info":{"display_name":"Mofreh Landious","author_link":"https:\/\/landioustravel.com\/nl\/author\/"},"uagb_comment_info":1,"uagb_excerpt":"Ervaar de wonderen van het oude Egypte tijdens een dagtocht naar de piramides en het Egyptisch museum in Ca\u00efro. Bekijk de grote piramides van Gizeh, waaronder Cheops, Chephren en Mykerinos, evenals de legendarische Sfinx. Bezoek na de lunch het Egyptisch Museum, met een ongelooflijke collectie van 150.000 voorwerpen verspreid over 100 tentoonstellingshallen. Be\u00ebindig de tour&hellip;","jetpack_sharing_enabled":true,"jetpack_likes_enabled":true,"amp_enabled":true,"_links":{"self":[{"href":"https:\/\/landioustravel.com\/nl\/wp-json\/wp\/v2\/product\/25986","targetHints":{"allow":["GET"]}}],"collection":[{"href":"https:\/\/landioustravel.com\/nl\/wp-json\/wp\/v2\/product"}],"about":[{"href":"https:\/\/landioustravel.com\/nl\/wp-json\/wp\/v2\/types\/product"}],"replies":[{"embeddable":true,"href":"https:\/\/landioustravel.com\/nl\/wp-json\/wp\/v2\/comments?post=25986"}],"wp:featuredmedia":[{"embeddable":true,"href":"https:\/\/landioustravel.com\/nl\/wp-json\/wp\/v2\/media\/128313"}],"wp:attachment":[{"href":"https:\/\/landioustravel.com\/nl\/wp-json\/wp\/v2\/media?parent=25986"}],"wp:term":[{"taxonomy":"product_brand","embeddable":true,"href":"https:\/\/landioustravel.com\/nl\/wp-json\/wp\/v2\/product_brand?post=25986"},{"taxonomy":"product_cat","embeddable":true,"href":"https:\/\/landioustravel.com\/nl\/wp-json\/wp\/v2\/product_cat?post=25986"},{"taxonomy":"product_tag","embeddable":true,"href":"https:\/\/landioustravel.com\/nl\/wp-json\/wp\/v2\/product_tag?post=25986"}],"curies":[{"name":"wp","href":"https:\/\/api.w.org\/{rel}","templated":true}]}}