{"id":26212,"date":"2020-10-05T04:07:29","date_gmt":"2020-12-11T01:47:06","guid":{"rendered":"https:\/\/landioustravel.com\/?post_type=product&#038;p=26212"},"modified":"2024-09-21T15:06:52","modified_gmt":"2024-09-21T12:06:52","slug":"sterrenkijk-reis-sharm-sheikh","status":"publish","type":"product","link":"https:\/\/landioustravel.com\/nl\/shop\/sterrenkijk-reis-sharm-sheikh\/","title":{"rendered":"Sterrenkijkreis in Sharm El Sheikh"},"content":{"rendered":"<p>De sterrenkijkreis in Sharm el Sheikh is een van de meest interessante activiteiten die je kunt doen op het schiereiland Sina\u00ef, Egypte! We raden de excursie aan omdat het toeristen een unieke kans geeft om de sterren te zien in een kalme woestijnatmosfeer. Ook geeft de reis de mogelijkheid om de woestijn te zien en kennis te maken met de bedoe\u00efenencultuur. Het omvat zeker een bezoek aan het bedoe\u00efenendorp, waar je meer amusement krijgt, zoals kamelen rijden en de oosterse show bekijken. Het is een leuke ervaring met een blijvende indruk!<\/p>\n<h2>Hoofdpunten van het excursieprogramma voor sterrenkijken<\/h2>\n<ul>\n<li>Kamelen rijden in de woestijn<\/li>\n<li>Vervolgens bedoe\u00efenendiner met frisdrank<\/li>\n<li>Daarna sterrenkijken met telescopen<\/li>\n<li>Eindelijk genieten van de ori\u00ebntaalse show<\/li>\n<\/ul>\n<h3>Programma van de sterrenkijkreis in Sharm El-Sheikh<\/h3>\n<ul>\n<li>De vertegenwoordiger van Landious Travel haalt u om ongeveer 15.00 uur op bij het hotel in Sharm El-Sheikh<\/li>\n<li>Nadat we alle bezoekers hebben opgehaald, gaat onze minibus \/ bus richting de woestijn, waar een bedoe\u00efenengemeenschap is. De weg naar de basis duurt ongeveer 45 minuten<\/li>\n<li>De Stargazing trip begint met een spannende stop: Camel Riding. Ten eerste moet je jezelf voorbereiden met het dragen van een zonnebril, een sjaal om je hoofd rollen en het aantrekken. Ten tweede krijg je voor een tijdje wat instructie en training over het rijden op kamelen. Vervolgens maak je een ritje op kamelen van een half uur midden in de woestijn<\/li>\n<li>Na deze mooie rit kun je de fantastische zonsondergang op een nabijgelegen heuvel bekijken en een panoramisch uitzicht over de woestijn hebben<\/li>\n<li>Onze volgende stop is een bedoe\u00efenentent. Zodra je aankomt in het bedoe\u00efenendorp, kun je foto&#8217;s maken met bedoe\u00efenen en genieten van het drinken van de bedoe\u00efenenthee. Het wordt gevolgd met Afrikaanse en Nubische shows<\/li>\n<li>Een heerlijk diner wordt geserveerd in de bedoe\u00efenentent onder het licht van kaarsen<\/li>\n<li>Natuurlijk wilt u na deze avondmaaltijd naar de Tanura-dans en het vuurwerk kijken. Ook maak je kennis met hoe de bedoe\u00efenen hun brood bakken in de woestijn. Het zal zo interessant zijn om naar jezelf te kijken<\/li>\n<li>Verder zul je genieten van het belangrijkste punt van het programma: sterren kijken door enorme telescopen. Deze telescopen zijn voorzien van 14 inch spiegels. Ze worden beschouwd als de meest professionals in Egypte met computerbegeleiding. Je gids zal je begeleiden naar het telescopengebied. U zult de uitleg van de astronoom zo geweldig vinden en de kans krijgen om met deze deskundige telescopen naar de sterren te kijken. Het zal zo leuk zijn om de avond af te sluiten met deze geweldige activiteit<\/li>\n<li>Eindelijk maak je je klaar om terug te rijden naar je hotels<\/li>\n<li>Deze \u201cSterrenkijkreis in Sharm El Sheikh\u201d eindigt om ongeveer 20.00 uur<\/li>\n<\/ul>\n<h4>Wat is inbegrepen in de prijs van de sterrenkijkreis<\/h4>\n<ul>\n<li>Lunch<\/li>\n<li>Transfer ook naar de woestijn en terug naar het hotel<\/li>\n<\/ul>\n<h5>Wat is niet inbegrepen in de prijs van de reis<\/h5>\n<ul>\n<li>Video-dvd<\/li>\n<li>Ook foto-cd<\/li>\n<\/ul>\n<h6>Wat u moet meenemen voor de reis<\/h6>\n<ul>\n<li>Sjaal<\/li>\n<li>Ook een zonnebril<\/li>\n<\/ul>\n<h6>Dagen van excursieorganisatie<\/h6>\n<ul>\n<li>Dagelijks van 15:00 &#8211; 20:00 uur<\/li>\n<\/ul>\n","protected":false},"excerpt":{"rendered":"<p>Ben je klaar voor een onvergetelijke ervaring in Sharm el Sheikh? Maak je klaar om te beginnen aan een sterrenkijkavontuur als geen ander! Het reisprogramma belooft een spannende stop waar je naar de sterren kunt staren met behulp van gigantische telescopen in de adembenemende woestijn. Maar dat is niet alles &#8211; er is ook kameelrijden en een oosterse show om naar uit te kijken. Je zult zelfs de bedoe\u00efenen ontmoeten en meer te weten komen over hun cultuur terwijl je geniet van een heerlijk bedoe\u00efenendiner. Deze reis is de ultieme combinatie van entertainment, avontuur en culturele onderdompeling.<\/p>\n<p>We komen je elke dag rond 15.30 uur ophalen bij je hotel en brengen je naar de oase genaamd &#8220;Wadi Al Aat&#8221;, die slechts 15 km verwijderd is van Sharm El Sheikh. Bereid je voor op een adrenalinekick terwijl je een uur gaat quadrijden in de woestijnvallei van Al Kh-room.<\/p>\n<p>Wanneer we in het gebied aankomen, staan er kamelen op je te wachten. Je kunt genieten van een rit van 20 minuten op deze magnifieke wezens terwijl je geniet van het adembenemende uitzicht op de zonsondergang. Daarna is het tijd om te genieten van een heerlijke bedoe\u00efenenmaaltijd, compleet met frisdrank en bedoe\u00efenenthee; allemaal inbegrepen in het pakket.<\/p>\n<p>Maar het echte plezier begint na uw maaltijd, wanneer de bedoe\u00efenen een spectaculaire show geven met buikdansen, een Tanura-show en folkloristische zang. Het is een avond vol feest en vreugde. En als de show eindigt, word je naar de telescopen gebracht om het belangrijkste evenement mee te maken: sterrenkijken. Onze deskundige astronomiegids geeft je inzicht in de sterren, de nachtelijke hemel en planeten, waardoor dit ook een leerzame ervaring wordt. Maak je klaar om de ontzagwekkende nachtelijke hemel door de telescopen te zien &#8211; het is een once-in-a-lifetime ervaring die je niet wilt missen!<\/p>\n","protected":false},"featured_media":24617,"comment_status":"open","ping_status":"closed","template":"","meta":{"_coblocks_attr":"","_coblocks_dimensions":"","_coblocks_responsive_height":"","_coblocks_accordion_ie_support":"","_uag_custom_page_level_css":"","jetpack_post_was_ever_published":false,"jetpack_publicize_message":"","jetpack_publicize_feature_enabled":true,"jetpack_social_post_already_shared":true,"jetpack_social_options":{"image_generator_settings":{"template":"highway","default_image_id":0,"font":"","enabled":false},"version":2},"_wpas_customize_per_network":false},"product_brand":[],"product_cat":[13148,19118],"product_tag":[13178,13199,13208],"class_list":{"0":"post-26212","1":"product","2":"type-product","3":"status-publish","4":"has-post-thumbnail","6":"product_cat-excursies-in-sharm-el-sheikh","7":"product_cat-safaritours-sharm-sheikh","8":"product_tag-excursie","9":"product_tag-safari-nl","10":"product_tag-sharm-el-sheikh-nl","11":"pa_age-kind-1-4-jaar","12":"pa_age-kind-5-11-jaar","13":"pa_age-volwassen","15":"first","16":"instock","17":"sale","18":"featured","19":"taxable","20":"shipping-taxable","21":"purchasable","22":"product-type-variable"},"yoast_head":"<!-- This site is optimized with the Yoast SEO Premium plugin v26.9 (Yoast SEO v27.3) - https:\/\/yoast.com\/product\/yoast-seo-premium-wordpress\/ -->\n<title>Sterrenkijkreis in Sharm El Sheikh<\/title>\n<meta name=\"description\" content=\"Sterrenkijkreis in Sharm El Sheikh Het programma van deze woestijnsafari-reis omvat voornamelijk de sterrenkijkactiviteit, waar toeristen kunnen genieten\" \/>\n<meta name=\"robots\" content=\"index, follow, max-snippet:-1, max-image-preview:large, max-video-preview:-1\" \/>\n<link rel=\"canonical\" href=\"https:\/\/landioustravel.com\/nl\/shop\/sterrenkijk-reis-sharm-sheikh\/\" \/>\n<meta property=\"og:locale\" content=\"nl_NL\" \/>\n<meta property=\"og:type\" content=\"article\" \/>\n<meta property=\"og:title\" content=\"Sterrenkijkreis in Sharm El Sheikh\" \/>\n<meta property=\"og:description\" content=\"Landious Travel\" \/>\n<meta property=\"og:url\" content=\"https:\/\/landioustravel.com\/nl\/shop\/sterrenkijk-reis-sharm-sheikh\/\" \/>\n<meta property=\"og:site_name\" content=\"Landious Travel\" \/>\n<meta property=\"article:publisher\" content=\"https:\/\/web.facebook.com\/landiousEgypt\" \/>\n<meta property=\"article:modified_time\" content=\"2024-09-21T12:06:52+00:00\" \/>\n<meta property=\"og:image\" content=\"https:\/\/i0.wp.com\/landioustravel.com\/wp-content\/uploads\/2020\/10\/desert_stargazing-e1617567655534.jpg?fit=1200%2C675&ssl=1\" \/>\n\t<meta property=\"og:image:width\" content=\"1200\" \/>\n\t<meta property=\"og:image:height\" content=\"675\" \/>\n\t<meta property=\"og:image:type\" content=\"image\/jpeg\" \/>\n<meta name=\"twitter:card\" content=\"summary_large_image\" \/>\n<meta name=\"twitter:site\" content=\"@LandiousTours\" \/>\n<meta name=\"twitter:label1\" content=\"Geschatte leestijd\" \/>\n\t<meta name=\"twitter:data1\" content=\"3 minuten\" \/>\n<script type=\"application\/ld+json\" class=\"yoast-schema-graph\">{\"@context\":\"https:\\\/\\\/schema.org\",\"@graph\":[{\"@type\":\"WebPage\",\"@id\":\"https:\\\/\\\/landioustravel.com\\\/nl\\\/shop\\\/sterrenkijk-reis-sharm-sheikh\\\/\",\"url\":\"https:\\\/\\\/landioustravel.com\\\/nl\\\/shop\\\/sterrenkijk-reis-sharm-sheikh\\\/\",\"name\":\"Sterrenkijkreis in Sharm El Sheikh\",\"isPartOf\":{\"@id\":\"https:\\\/\\\/landioustravel.com\\\/nl\\\/#website\"},\"primaryImageOfPage\":{\"@id\":\"https:\\\/\\\/landioustravel.com\\\/nl\\\/shop\\\/sterrenkijk-reis-sharm-sheikh\\\/#primaryimage\"},\"image\":{\"@id\":\"https:\\\/\\\/landioustravel.com\\\/nl\\\/shop\\\/sterrenkijk-reis-sharm-sheikh\\\/#primaryimage\"},\"thumbnailUrl\":\"https:\\\/\\\/i0.wp.com\\\/landioustravel.com\\\/wp-content\\\/uploads\\\/2020\\\/10\\\/desert_stargazing-e1617567655534.jpg?fit=1200%2C675&ssl=1\",\"datePublished\":\"2020-12-11T01:47:06+00:00\",\"dateModified\":\"2024-09-21T12:06:52+00:00\",\"description\":\"Sterrenkijkreis in Sharm El Sheikh Het programma van deze woestijnsafari-reis omvat voornamelijk de sterrenkijkactiviteit, waar toeristen kunnen genieten\",\"breadcrumb\":{\"@id\":\"https:\\\/\\\/landioustravel.com\\\/nl\\\/shop\\\/sterrenkijk-reis-sharm-sheikh\\\/#breadcrumb\"},\"inLanguage\":\"nl-NL\",\"potentialAction\":[{\"@type\":\"ReadAction\",\"target\":[\"https:\\\/\\\/landioustravel.com\\\/nl\\\/shop\\\/sterrenkijk-reis-sharm-sheikh\\\/\"]}]},{\"@type\":\"ImageObject\",\"inLanguage\":\"nl-NL\",\"@id\":\"https:\\\/\\\/landioustravel.com\\\/nl\\\/shop\\\/sterrenkijk-reis-sharm-sheikh\\\/#primaryimage\",\"url\":\"https:\\\/\\\/i0.wp.com\\\/landioustravel.com\\\/wp-content\\\/uploads\\\/2020\\\/10\\\/desert_stargazing-e1617567655534.jpg?fit=1200%2C675&ssl=1\",\"contentUrl\":\"https:\\\/\\\/i0.wp.com\\\/landioustravel.com\\\/wp-content\\\/uploads\\\/2020\\\/10\\\/desert_stargazing-e1617567655534.jpg?fit=1200%2C675&ssl=1\",\"width\":1200,\"height\":675,\"caption\":\"\u0441\u043e\u0437\u0435\u0440\u0446\u0430\u043d\u0438\u0435 \u0437\u0432\u0435\u0437\u0434 \u0432 \u0428\u0430\u0440\u043c \u044d\u043b\u044c \u0428\u0435\u0439\u0445\u0435\"},{\"@type\":\"BreadcrumbList\",\"@id\":\"https:\\\/\\\/landioustravel.com\\\/nl\\\/shop\\\/sterrenkijk-reis-sharm-sheikh\\\/#breadcrumb\",\"itemListElement\":[{\"@type\":\"ListItem\",\"position\":1,\"name\":\"Home\",\"item\":\"https:\\\/\\\/landioustravel.com\\\/nl\\\/\"},{\"@type\":\"ListItem\",\"position\":2,\"name\":\"Diensten &amp; rondleidingen\",\"item\":\"https:\\\/\\\/landioustravel.com\\\/nl\\\/\"},{\"@type\":\"ListItem\",\"position\":3,\"name\":\"Sterrenkijkreis in Sharm El Sheikh\"}]},{\"@type\":\"WebSite\",\"@id\":\"https:\\\/\\\/landioustravel.com\\\/nl\\\/#website\",\"url\":\"https:\\\/\\\/landioustravel.com\\\/nl\\\/\",\"name\":\"Landious Travel\",\"description\":\"Excursions, trips and cruises in Egypt\",\"publisher\":{\"@id\":\"https:\\\/\\\/landioustravel.com\\\/nl\\\/#organization\"},\"potentialAction\":[{\"@type\":\"SearchAction\",\"target\":{\"@type\":\"EntryPoint\",\"urlTemplate\":\"https:\\\/\\\/landioustravel.com\\\/nl\\\/?s={search_term_string}\"},\"query-input\":{\"@type\":\"PropertyValueSpecification\",\"valueRequired\":true,\"valueName\":\"search_term_string\"}}],\"inLanguage\":\"nl-NL\"},{\"@type\":[\"Organization\",\"Place\"],\"@id\":\"https:\\\/\\\/landioustravel.com\\\/nl\\\/#organization\",\"name\":\"Landious Travel\",\"alternateName\":\"Landious Travel\",\"url\":\"https:\\\/\\\/landioustravel.com\\\/nl\\\/\",\"logo\":{\"@id\":\"https:\\\/\\\/landioustravel.com\\\/nl\\\/shop\\\/sterrenkijk-reis-sharm-sheikh\\\/#local-main-organization-logo\"},\"image\":{\"@id\":\"https:\\\/\\\/landioustravel.com\\\/nl\\\/shop\\\/sterrenkijk-reis-sharm-sheikh\\\/#local-main-organization-logo\"},\"sameAs\":[\"https:\\\/\\\/web.facebook.com\\\/landiousEgypt\",\"https:\\\/\\\/x.com\\\/LandiousTours\",\"https:\\\/\\\/mastodon.social\\\/@landious\"],\"legalName\":\"Landious Travel\",\"telephone\":[],\"openingHoursSpecification\":[{\"@type\":\"OpeningHoursSpecification\",\"dayOfWeek\":[\"Monday\",\"Tuesday\",\"Wednesday\",\"Thursday\",\"Friday\",\"Saturday\",\"Sunday\"],\"opens\":\"09:00\",\"closes\":\"17:00\"}]},{\"@type\":\"ImageObject\",\"inLanguage\":\"nl-NL\",\"@id\":\"https:\\\/\\\/landioustravel.com\\\/nl\\\/shop\\\/sterrenkijk-reis-sharm-sheikh\\\/#local-main-organization-logo\",\"url\":\"https:\\\/\\\/i0.wp.com\\\/landioustravel.com\\\/wp-content\\\/uploads\\\/2021\\\/06\\\/Landious-T.png?fit=500%2C500&ssl=1\",\"contentUrl\":\"https:\\\/\\\/i0.wp.com\\\/landioustravel.com\\\/wp-content\\\/uploads\\\/2021\\\/06\\\/Landious-T.png?fit=500%2C500&ssl=1\",\"width\":500,\"height\":500,\"caption\":\"Landious Travel\"}]}<\/script>\n<!-- \/ Yoast SEO Premium plugin. -->","yoast_head_json":{"title":"Sterrenkijkreis in Sharm El Sheikh","description":"Sterrenkijkreis in Sharm El Sheikh Het programma van deze woestijnsafari-reis omvat voornamelijk de sterrenkijkactiviteit, waar toeristen kunnen genieten","robots":{"index":"index","follow":"follow","max-snippet":"max-snippet:-1","max-image-preview":"max-image-preview:large","max-video-preview":"max-video-preview:-1"},"canonical":"https:\/\/landioustravel.com\/nl\/shop\/sterrenkijk-reis-sharm-sheikh\/","og_locale":"nl_NL","og_type":"article","og_title":"Sterrenkijkreis in Sharm El Sheikh","og_description":"Landious Travel","og_url":"https:\/\/landioustravel.com\/nl\/shop\/sterrenkijk-reis-sharm-sheikh\/","og_site_name":"Landious Travel","article_publisher":"https:\/\/web.facebook.com\/landiousEgypt","article_modified_time":"2024-09-21T12:06:52+00:00","og_image":[{"width":1200,"height":675,"url":"https:\/\/i0.wp.com\/landioustravel.com\/wp-content\/uploads\/2020\/10\/desert_stargazing-e1617567655534.jpg?fit=1200%2C675&ssl=1","type":"image\/jpeg"}],"twitter_card":"summary_large_image","twitter_site":"@LandiousTours","twitter_misc":{"Geschatte leestijd":"3 minuten"},"schema":{"@context":"https:\/\/schema.org","@graph":[{"@type":"WebPage","@id":"https:\/\/landioustravel.com\/nl\/shop\/sterrenkijk-reis-sharm-sheikh\/","url":"https:\/\/landioustravel.com\/nl\/shop\/sterrenkijk-reis-sharm-sheikh\/","name":"Sterrenkijkreis in Sharm El Sheikh","isPartOf":{"@id":"https:\/\/landioustravel.com\/nl\/#website"},"primaryImageOfPage":{"@id":"https:\/\/landioustravel.com\/nl\/shop\/sterrenkijk-reis-sharm-sheikh\/#primaryimage"},"image":{"@id":"https:\/\/landioustravel.com\/nl\/shop\/sterrenkijk-reis-sharm-sheikh\/#primaryimage"},"thumbnailUrl":"https:\/\/i0.wp.com\/landioustravel.com\/wp-content\/uploads\/2020\/10\/desert_stargazing-e1617567655534.jpg?fit=1200%2C675&ssl=1","datePublished":"2020-12-11T01:47:06+00:00","dateModified":"2024-09-21T12:06:52+00:00","description":"Sterrenkijkreis in Sharm El Sheikh Het programma van deze woestijnsafari-reis omvat voornamelijk de sterrenkijkactiviteit, waar toeristen kunnen genieten","breadcrumb":{"@id":"https:\/\/landioustravel.com\/nl\/shop\/sterrenkijk-reis-sharm-sheikh\/#breadcrumb"},"inLanguage":"nl-NL","potentialAction":[{"@type":"ReadAction","target":["https:\/\/landioustravel.com\/nl\/shop\/sterrenkijk-reis-sharm-sheikh\/"]}]},{"@type":"ImageObject","inLanguage":"nl-NL","@id":"https:\/\/landioustravel.com\/nl\/shop\/sterrenkijk-reis-sharm-sheikh\/#primaryimage","url":"https:\/\/i0.wp.com\/landioustravel.com\/wp-content\/uploads\/2020\/10\/desert_stargazing-e1617567655534.jpg?fit=1200%2C675&ssl=1","contentUrl":"https:\/\/i0.wp.com\/landioustravel.com\/wp-content\/uploads\/2020\/10\/desert_stargazing-e1617567655534.jpg?fit=1200%2C675&ssl=1","width":1200,"height":675,"caption":"\u0441\u043e\u0437\u0435\u0440\u0446\u0430\u043d\u0438\u0435 \u0437\u0432\u0435\u0437\u0434 \u0432 \u0428\u0430\u0440\u043c \u044d\u043b\u044c \u0428\u0435\u0439\u0445\u0435"},{"@type":"BreadcrumbList","@id":"https:\/\/landioustravel.com\/nl\/shop\/sterrenkijk-reis-sharm-sheikh\/#breadcrumb","itemListElement":[{"@type":"ListItem","position":1,"name":"Home","item":"https:\/\/landioustravel.com\/nl\/"},{"@type":"ListItem","position":2,"name":"Diensten &amp; rondleidingen","item":"https:\/\/landioustravel.com\/nl\/"},{"@type":"ListItem","position":3,"name":"Sterrenkijkreis in Sharm El Sheikh"}]},{"@type":"WebSite","@id":"https:\/\/landioustravel.com\/nl\/#website","url":"https:\/\/landioustravel.com\/nl\/","name":"Landious Travel","description":"Excursions, trips and cruises in Egypt","publisher":{"@id":"https:\/\/landioustravel.com\/nl\/#organization"},"potentialAction":[{"@type":"SearchAction","target":{"@type":"EntryPoint","urlTemplate":"https:\/\/landioustravel.com\/nl\/?s={search_term_string}"},"query-input":{"@type":"PropertyValueSpecification","valueRequired":true,"valueName":"search_term_string"}}],"inLanguage":"nl-NL"},{"@type":["Organization","Place"],"@id":"https:\/\/landioustravel.com\/nl\/#organization","name":"Landious Travel","alternateName":"Landious Travel","url":"https:\/\/landioustravel.com\/nl\/","logo":{"@id":"https:\/\/landioustravel.com\/nl\/shop\/sterrenkijk-reis-sharm-sheikh\/#local-main-organization-logo"},"image":{"@id":"https:\/\/landioustravel.com\/nl\/shop\/sterrenkijk-reis-sharm-sheikh\/#local-main-organization-logo"},"sameAs":["https:\/\/web.facebook.com\/landiousEgypt","https:\/\/x.com\/LandiousTours","https:\/\/mastodon.social\/@landious"],"legalName":"Landious Travel","telephone":[],"openingHoursSpecification":[{"@type":"OpeningHoursSpecification","dayOfWeek":["Monday","Tuesday","Wednesday","Thursday","Friday","Saturday","Sunday"],"opens":"09:00","closes":"17:00"}]},{"@type":"ImageObject","inLanguage":"nl-NL","@id":"https:\/\/landioustravel.com\/nl\/shop\/sterrenkijk-reis-sharm-sheikh\/#local-main-organization-logo","url":"https:\/\/i0.wp.com\/landioustravel.com\/wp-content\/uploads\/2021\/06\/Landious-T.png?fit=500%2C500&ssl=1","contentUrl":"https:\/\/i0.wp.com\/landioustravel.com\/wp-content\/uploads\/2021\/06\/Landious-T.png?fit=500%2C500&ssl=1","width":500,"height":500,"caption":"Landious Travel"}]}},"jetpack_publicize_connections":[],"uagb_featured_image_src":{"full":["https:\/\/i0.wp.com\/landioustravel.com\/wp-content\/uploads\/2020\/10\/desert_stargazing-e1617567655534.jpg?fit=1200%2C675&ssl=1",1200,675,false],"thumbnail":["https:\/\/i0.wp.com\/landioustravel.com\/wp-content\/uploads\/2020\/10\/desert_stargazing-e1617567655534.jpg?resize=150%2C150&ssl=1",150,150,true],"medium":["https:\/\/i0.wp.com\/landioustravel.com\/wp-content\/uploads\/2020\/10\/desert_stargazing-e1617567655534.jpg?fit=300%2C192&ssl=1",300,192,true],"medium_large":["https:\/\/i0.wp.com\/landioustravel.com\/wp-content\/uploads\/2020\/10\/desert_stargazing-e1617567655534.jpg?fit=768%2C490&ssl=1",768,490,true],"large":["https:\/\/i0.wp.com\/landioustravel.com\/wp-content\/uploads\/2020\/10\/desert_stargazing-e1617567655534.jpg?fit=980%2C626&ssl=1",980,626,true],"1536x1536":["https:\/\/i0.wp.com\/landioustravel.com\/wp-content\/uploads\/2020\/10\/desert_stargazing-e1617567655534.jpg?fit=1200%2C675&ssl=1",1200,675,true],"2048x2048":["https:\/\/i0.wp.com\/landioustravel.com\/wp-content\/uploads\/2020\/10\/desert_stargazing-e1617567655534.jpg?fit=1200%2C675&ssl=1",1200,675,true],"newspack-article-block-landscape-large":["https:\/\/i0.wp.com\/landioustravel.com\/wp-content\/uploads\/2020\/10\/desert_stargazing-e1617567655534.jpg?resize=1200%2C675&ssl=1",1200,850,true],"newspack-article-block-portrait-large":["https:\/\/i0.wp.com\/landioustravel.com\/wp-content\/uploads\/2020\/10\/desert_stargazing-e1617567655534.jpg?resize=900%2C675&ssl=1",900,766,true],"newspack-article-block-square-large":["https:\/\/i0.wp.com\/landioustravel.com\/wp-content\/uploads\/2020\/10\/desert_stargazing-e1617567655534.jpg?resize=1200%2C675&ssl=1",1200,850,true],"newspack-article-block-landscape-medium":["https:\/\/i0.wp.com\/landioustravel.com\/wp-content\/uploads\/2020\/10\/desert_stargazing-e1617567655534.jpg?resize=800%2C600&ssl=1",800,600,true],"newspack-article-block-portrait-medium":["https:\/\/i0.wp.com\/landioustravel.com\/wp-content\/uploads\/2020\/10\/desert_stargazing-e1617567655534.jpg?resize=600%2C675&ssl=1",600,766,true],"newspack-article-block-square-medium":["https:\/\/i0.wp.com\/landioustravel.com\/wp-content\/uploads\/2020\/10\/desert_stargazing-e1617567655534.jpg?resize=800%2C675&ssl=1",800,766,true],"newspack-article-block-landscape-intermediate":["https:\/\/i0.wp.com\/landioustravel.com\/wp-content\/uploads\/2020\/10\/desert_stargazing-e1617567655534.jpg?resize=600%2C450&ssl=1",600,450,true],"newspack-article-block-portrait-intermediate":["https:\/\/i0.wp.com\/landioustravel.com\/wp-content\/uploads\/2020\/10\/desert_stargazing-e1617567655534.jpg?resize=450%2C600&ssl=1",450,600,true],"newspack-article-block-square-intermediate":["https:\/\/i0.wp.com\/landioustravel.com\/wp-content\/uploads\/2020\/10\/desert_stargazing-e1617567655534.jpg?resize=600%2C600&ssl=1",600,600,true],"newspack-article-block-landscape-small":["https:\/\/i0.wp.com\/landioustravel.com\/wp-content\/uploads\/2020\/10\/desert_stargazing-e1617567655534.jpg?resize=400%2C300&ssl=1",400,300,true],"newspack-article-block-portrait-small":["https:\/\/i0.wp.com\/landioustravel.com\/wp-content\/uploads\/2020\/10\/desert_stargazing-e1617567655534.jpg?resize=300%2C400&ssl=1",300,400,true],"newspack-article-block-square-small":["https:\/\/i0.wp.com\/landioustravel.com\/wp-content\/uploads\/2020\/10\/desert_stargazing-e1617567655534.jpg?resize=400%2C400&ssl=1",400,400,true],"newspack-article-block-landscape-tiny":["https:\/\/i0.wp.com\/landioustravel.com\/wp-content\/uploads\/2020\/10\/desert_stargazing-e1617567655534.jpg?resize=200%2C150&ssl=1",200,150,true],"newspack-article-block-portrait-tiny":["https:\/\/i0.wp.com\/landioustravel.com\/wp-content\/uploads\/2020\/10\/desert_stargazing-e1617567655534.jpg?resize=150%2C200&ssl=1",150,200,true],"newspack-article-block-square-tiny":["https:\/\/i0.wp.com\/landioustravel.com\/wp-content\/uploads\/2020\/10\/desert_stargazing-e1617567655534.jpg?resize=200%2C200&ssl=1",200,200,true],"newspack-article-block-uncropped":["https:\/\/i0.wp.com\/landioustravel.com\/wp-content\/uploads\/2020\/10\/desert_stargazing-e1617567655534.jpg?fit=1200%2C766&ssl=1",1200,766,true],"woocommerce_thumbnail":["https:\/\/i0.wp.com\/landioustravel.com\/wp-content\/uploads\/2020\/10\/desert_stargazing-e1617567655534.jpg?resize=324%2C324&ssl=1",324,324,true],"woocommerce_single":["https:\/\/i0.wp.com\/landioustravel.com\/wp-content\/uploads\/2020\/10\/desert_stargazing-e1617567655534.jpg?fit=416%2C234&ssl=1",416,234,true],"woocommerce_gallery_thumbnail":["https:\/\/i0.wp.com\/landioustravel.com\/wp-content\/uploads\/2020\/10\/desert_stargazing-e1617567655534.jpg?resize=100%2C100&ssl=1",100,100,true]},"uagb_author_info":{"display_name":"Mofreh Landious","author_link":"https:\/\/landioustravel.com\/nl\/author\/"},"uagb_comment_info":2,"uagb_excerpt":"Ben je klaar voor een onvergetelijke ervaring in Sharm el Sheikh? Maak je klaar om te beginnen aan een sterrenkijkavontuur als geen ander! Het reisprogramma belooft een spannende stop waar je naar de sterren kunt staren met behulp van gigantische telescopen in de adembenemende woestijn. Maar dat is niet alles - er is ook kameelrijden&hellip;","jetpack_sharing_enabled":true,"jetpack_likes_enabled":true,"amp_enabled":true,"_links":{"self":[{"href":"https:\/\/landioustravel.com\/nl\/wp-json\/wp\/v2\/product\/26212","targetHints":{"allow":["GET"]}}],"collection":[{"href":"https:\/\/landioustravel.com\/nl\/wp-json\/wp\/v2\/product"}],"about":[{"href":"https:\/\/landioustravel.com\/nl\/wp-json\/wp\/v2\/types\/product"}],"replies":[{"embeddable":true,"href":"https:\/\/landioustravel.com\/nl\/wp-json\/wp\/v2\/comments?post=26212"}],"wp:featuredmedia":[{"embeddable":true,"href":"https:\/\/landioustravel.com\/nl\/wp-json\/wp\/v2\/media\/24617"}],"wp:attachment":[{"href":"https:\/\/landioustravel.com\/nl\/wp-json\/wp\/v2\/media?parent=26212"}],"wp:term":[{"taxonomy":"product_brand","embeddable":true,"href":"https:\/\/landioustravel.com\/nl\/wp-json\/wp\/v2\/product_brand?post=26212"},{"taxonomy":"product_cat","embeddable":true,"href":"https:\/\/landioustravel.com\/nl\/wp-json\/wp\/v2\/product_cat?post=26212"},{"taxonomy":"product_tag","embeddable":true,"href":"https:\/\/landioustravel.com\/nl\/wp-json\/wp\/v2\/product_tag?post=26212"}],"curies":[{"name":"wp","href":"https:\/\/api.w.org\/{rel}","templated":true}]}}