{"id":26222,"date":"2020-11-05T15:45:22","date_gmt":"2020-12-11T19:05:45","guid":{"rendered":"https:\/\/landioustravel.com\/?post_type=product&#038;p=26222"},"modified":"2024-09-30T20:14:33","modified_gmt":"2024-09-30T17:14:33","slug":"reis-egyptisch-museum-oud-cairo","status":"publish","type":"product","link":"https:\/\/landioustravel.com\/nl\/shop\/reis-egyptisch-museum-oud-cairo\/","title":{"rendered":"Reis Egyptisch museum en oud Ca\u00efro in Ca\u00efro"},"content":{"rendered":"<p>Het is een geweldige reis voor een bezoek aan het Egyptisch Museum, de Citadel van Saladin en het oude Ca\u00efro uit Ca\u00efro, Egypte! We raden de excursie aan vanwege het feit dat toeristen hierdoor de meest indrukwekkende bezienswaardigheden kunnen zien die zijn gebouwd tijdens het oude Egypte en het oude gedeelte van Ca\u00efro. Het geeft je de kans veel te weten over de geschiedenis van Egypte. Je zult zeker tentoonstellingen en plaatsen uit drie verschillende tijdperken zien: het oude Egypte, het koptische Egypte en het islamitische Egypte. Het is een geweldige ervaring en leerzame tour door de geschiedenis!<\/p>\n<h2>Hoofdpunten van het tourprogramma in Ca\u00efro<\/h2>\n<ul>\n<li>Bezoek aan het Egyptisch Museum in Ca\u00efro<\/li>\n<li>Lunch<\/li>\n<li>Een bezoek aan de oude wijk Ca\u00efro met een stop bij Khan El-Khalili<\/li>\n<li>Ook de citadel van Saladin<\/li>\n<\/ul>\n<h3>Programma van de excursie naar het Egyptisch museum en de citadel van Saladin<\/h3>\n<ul>\n<li>De vertegenwoordiger van Landious Travel haalt u rond 08.00 uur &#8217;s ochtends op bij het hotel in Ca\u00efro<\/li>\n<li>Zodra we iedereen hebben opgehaald, vertrekt uw priv\u00e9voertuig (limousine of minibus) naar het Egyptisch Museum op het Tahrir-plein. In dit enorme museum zijn er ongeveer 100 tentoonstellingshallen in het museum, waar een unieke collectie is van ongeveer 150 duizend items. Je gids heeft de taak om de prachtige tentoonstellingen van dit museum te laten zien en vrije tijd te geven om foto&#8217;s te maken<\/li>\n<li>Na een bezoek aan het Egyptisch Museum in Ca\u00efro, ga je naar het oude Ca\u00efro<\/li>\n<li>De eerste stop is bij de Citadel van Saladin. In deze grote citadel kun je de beroemde moskee &#8220;Mohamed Ali-moskee&#8221; bezoeken en de vestingwerken van deze plaats zien. Het is vermeldenswaard dat u zich in deze citadel bevindt en u een panoramisch uitzicht geeft over het hele oude deel van de stad.<\/li>\n<li>De lunch komt na deze islamitische site<\/li>\n<li>De volgende stop is in de wijk Khan El-Khalili en de oude bazaar van Ca\u00efro.<\/li>\n<li>Met de finish van deze stadstour in Khan El-Khalili, ga je naar het christelijke deel van de stad _ Koptisch Ca\u00efro. Op deze plek bezoekt u de hangende kerk, de Ben Ezra-synagoge, de kerk van St. Barbara en de kerk van Abu Serga.<\/li>\n<li>Ten slotte begeleiden we je terug naar je hotels na zo&#8217;n programma in de prachtige steden Ca\u00efro en Gizeh.<\/li>\n<li>Deze &#8220;Egyptisch museum en oud Ca\u00efro reis in Ca\u00efro&#8221; komt de volgende dag om ongeveer 17.00 uur aan in de hotels<\/li>\n<\/ul>\n<h4>Wat is inbegrepen in de tourprijs<\/h4>\n<ul>\n<li>Kaartjes voor het bezoeken van tempels<\/li>\n<li>Lunch<\/li>\n<li>Drankjes<\/li>\n<li>Gids<\/li>\n<li>Hotelverblijf in Ca\u00efro<\/li>\n<li>Transfer ook naar Ca\u00efro en terug naar hotels<\/li>\n<\/ul>\n<h5>Wat is niet inbegrepen in de prijs van de tour?<\/h5>\n<ul>\n<li>Extra programma&#8217;s indien niet opgenomen in het bovenstaande programma<\/li>\n<li>Ook drankjes<\/li>\n<\/ul>\n<h6>Wat u moet meenemen voor de reis<\/h6>\n<ul>\n<li>Paspoort<\/li>\n<li>Extra geld<\/li>\n<li>Ook kleding voor het seizoen<\/li>\n<\/ul>\n<h6>Dagen van excursieorganisatie<\/h6>\n<ul>\n<li>Dagelijks van 08:00 &#8211; 16:00 uur<\/li>\n<\/ul>\n","protected":false},"excerpt":{"rendered":"<p>Begin aan een Cairo City Tour om getuige te zijn van een scala aan historische bezienswaardigheden en attracties. Geniet van de oud-Egyptische tentoonstellingen in het Egyptisch Museum en bewonder de islamitische monumenten zoals de Saladin-citadel en de Mohamed Ali-moskee. Om nog maar te zwijgen van het verkennen van de christelijke en joodse monumenten, waaronder de talrijke Koptische kerken en synagogen. Vang bovendien een glimp op van enkele Romeinse bezienswaardigheden. Kies voor een priv\u00e9rondrit om meer topattracties in Ca\u00efro te zien, zoals het Egyptisch Museum, Koptisch Ca\u00efro en de oude markt van de stad in minder tijd. Met vervoer met airconditioning krijgt u de kans om getuige te zijn van de oude, christelijke en joodse geschiedenis van de stad, vergezeld van een priv\u00e9gids die u onverdeelde aandacht zal geven. Een dagtour door het historische Ca\u00efro is de moeite waard, inclusief lunch, toegang en vervoer.<\/p>\n<p>Verwacht het Museum van Egyptische Oudheden te zien, dat een uitgebreide collectie oude Egyptische antiquiteiten heeft, met 120.000 items en een representatieve hoeveelheid tentoongesteld. De rest wordt opgeslagen in magazijnen. Het museum, gebouwd in 1901, is een van de grootste in de regio en bezoekers kunnen het vanaf maart 2019 verkennen voordat het in 2020 werd vervangen door het nieuwe Grand Egyptian Museum in Gizeh.<\/p>\n<p>Koptisch Ca\u00efro is een uitzonderlijk deel van het oude Ca\u00efro dat bestaat uit het fort van Babylon, de hangende kerk, de Griekse kerk van St. George en vele andere koptische kerken en historische bezienswaardigheden. Volgens de christelijke traditie bezocht de Heilige Familie dit gebied en verbleef ze op de plaats van de Saints Sergius en Bacchus-kerk (Abu Serga). Koptisch Ca\u00efro was tot het islamitische tijdperk een bolwerk voor het christendom in Egypte. De meeste huidige gebouwen van de kerken in Koptisch Ca\u00efro zijn echter gebouwd na de islamitische verovering van Egypte in de 7e eeuw.<\/p>\n","protected":false},"featured_media":45522,"comment_status":"open","ping_status":"closed","template":"","meta":{"_coblocks_attr":"","_coblocks_dimensions":"","_coblocks_responsive_height":"","_coblocks_accordion_ie_support":"","_uag_custom_page_level_css":"","jetpack_publicize_message":"","jetpack_publicize_feature_enabled":true,"jetpack_social_post_already_shared":true,"jetpack_social_options":{"image_generator_settings":{"template":"highway","default_image_id":0,"font":"","enabled":false},"version":2},"_wpas_customize_per_network":false},"product_brand":[],"product_cat":[13144],"product_tag":[13209,13165,13178,13195,13212],"class_list":{"0":"post-26222","1":"product","2":"type-product","3":"status-publish","4":"has-post-thumbnail","6":"product_cat-excursies-in-cairo","7":"product_tag-bezienswaardigheden","8":"product_tag-cairo-nl","9":"product_tag-excursie","10":"product_tag-piramides-nl","11":"product_tag-sfinx","13":"first","14":"instock","15":"sale","16":"taxable","17":"shipping-taxable","18":"purchasable","19":"product-type-variable"},"yoast_head":"<!-- This site is optimized with the Yoast SEO Premium plugin v26.9 (Yoast SEO v27.4) - https:\/\/yoast.com\/product\/yoast-seo-premium-wordpress\/ -->\n<title>Reis Egyptisch museum en oud Ca\u00efro in Ca\u00efro<\/title>\n<meta name=\"description\" content=\"Reis Egyptisch museum en oud Ca\u00efro in Ca\u00efro Dienovereenkomstig geniet u van Ca\u00efro en bezoekt u tentoonstellingen uit het Oude Egypte in het Egyptisch\" \/>\n<meta name=\"robots\" content=\"index, follow, max-snippet:-1, max-image-preview:large, max-video-preview:-1\" \/>\n<link rel=\"canonical\" href=\"https:\/\/landioustravel.com\/nl\/shop\/reis-egyptisch-museum-oud-cairo\/\" \/>\n<meta property=\"og:locale\" content=\"nl_NL\" \/>\n<meta property=\"og:type\" content=\"article\" \/>\n<meta property=\"og:title\" content=\"Reis Egyptisch museum en oud Ca\u00efro in Ca\u00efro\" \/>\n<meta property=\"og:description\" content=\"Landious Travel\" \/>\n<meta property=\"og:url\" content=\"https:\/\/landioustravel.com\/nl\/shop\/reis-egyptisch-museum-oud-cairo\/\" \/>\n<meta property=\"og:site_name\" content=\"Landious Travel\" \/>\n<meta property=\"article:publisher\" content=\"https:\/\/web.facebook.com\/landiousEgypt\" \/>\n<meta property=\"article:modified_time\" content=\"2024-09-30T17:14:33+00:00\" \/>\n<meta property=\"og:image\" content=\"https:\/\/i0.wp.com\/landioustravel.com\/wp-content\/uploads\/2020\/11\/Egyptian-Museum-Old-Cairo-Trip-e1617540920597.jpg?fit=1200%2C675&ssl=1\" \/>\n\t<meta property=\"og:image:width\" content=\"1200\" \/>\n\t<meta property=\"og:image:height\" content=\"675\" \/>\n\t<meta property=\"og:image:type\" content=\"image\/jpeg\" \/>\n<meta name=\"twitter:card\" content=\"summary_large_image\" \/>\n<meta name=\"twitter:site\" content=\"@LandiousTours\" \/>\n<meta name=\"twitter:label1\" content=\"Geschatte leestijd\" \/>\n\t<meta name=\"twitter:data1\" content=\"3 minuten\" \/>\n<script type=\"application\/ld+json\" class=\"yoast-schema-graph\">{\"@context\":\"https:\\\/\\\/schema.org\",\"@graph\":[{\"@type\":\"WebPage\",\"@id\":\"https:\\\/\\\/landioustravel.com\\\/nl\\\/shop\\\/reis-egyptisch-museum-oud-cairo\\\/\",\"url\":\"https:\\\/\\\/landioustravel.com\\\/nl\\\/shop\\\/reis-egyptisch-museum-oud-cairo\\\/\",\"name\":\"Reis Egyptisch museum en oud Ca\u00efro in Ca\u00efro\",\"isPartOf\":{\"@id\":\"https:\\\/\\\/landioustravel.com\\\/nl\\\/#website\"},\"primaryImageOfPage\":{\"@id\":\"https:\\\/\\\/landioustravel.com\\\/nl\\\/shop\\\/reis-egyptisch-museum-oud-cairo\\\/#primaryimage\"},\"image\":{\"@id\":\"https:\\\/\\\/landioustravel.com\\\/nl\\\/shop\\\/reis-egyptisch-museum-oud-cairo\\\/#primaryimage\"},\"thumbnailUrl\":\"https:\\\/\\\/i0.wp.com\\\/landioustravel.com\\\/wp-content\\\/uploads\\\/2020\\\/11\\\/Egyptian-Museum-Old-Cairo-Trip-e1617540920597.jpg?fit=1200%2C675&ssl=1\",\"datePublished\":\"2020-12-11T19:05:45+00:00\",\"dateModified\":\"2024-09-30T17:14:33+00:00\",\"description\":\"Reis Egyptisch museum en oud Ca\u00efro in Ca\u00efro Dienovereenkomstig geniet u van Ca\u00efro en bezoekt u tentoonstellingen uit het Oude Egypte in het Egyptisch\",\"breadcrumb\":{\"@id\":\"https:\\\/\\\/landioustravel.com\\\/nl\\\/shop\\\/reis-egyptisch-museum-oud-cairo\\\/#breadcrumb\"},\"inLanguage\":\"nl-NL\",\"potentialAction\":[{\"@type\":\"ReadAction\",\"target\":[\"https:\\\/\\\/landioustravel.com\\\/nl\\\/shop\\\/reis-egyptisch-museum-oud-cairo\\\/\"]}]},{\"@type\":\"ImageObject\",\"inLanguage\":\"nl-NL\",\"@id\":\"https:\\\/\\\/landioustravel.com\\\/nl\\\/shop\\\/reis-egyptisch-museum-oud-cairo\\\/#primaryimage\",\"url\":\"https:\\\/\\\/i0.wp.com\\\/landioustravel.com\\\/wp-content\\\/uploads\\\/2020\\\/11\\\/Egyptian-Museum-Old-Cairo-Trip-e1617540920597.jpg?fit=1200%2C675&ssl=1\",\"contentUrl\":\"https:\\\/\\\/i0.wp.com\\\/landioustravel.com\\\/wp-content\\\/uploads\\\/2020\\\/11\\\/Egyptian-Museum-Old-Cairo-Trip-e1617540920597.jpg?fit=1200%2C675&ssl=1\",\"width\":1200,\"height\":675,\"caption\":\"Egyptian Museum Old Cairo Trip\"},{\"@type\":\"BreadcrumbList\",\"@id\":\"https:\\\/\\\/landioustravel.com\\\/nl\\\/shop\\\/reis-egyptisch-museum-oud-cairo\\\/#breadcrumb\",\"itemListElement\":[{\"@type\":\"ListItem\",\"position\":1,\"name\":\"Home\",\"item\":\"https:\\\/\\\/landioustravel.com\\\/nl\\\/\"},{\"@type\":\"ListItem\",\"position\":2,\"name\":\"Diensten &amp; rondleidingen\",\"item\":\"https:\\\/\\\/landioustravel.com\\\/nl\\\/\"},{\"@type\":\"ListItem\",\"position\":3,\"name\":\"Reis Egyptisch museum en oud Ca\u00efro in Ca\u00efro\"}]},{\"@type\":\"WebSite\",\"@id\":\"https:\\\/\\\/landioustravel.com\\\/nl\\\/#website\",\"url\":\"https:\\\/\\\/landioustravel.com\\\/nl\\\/\",\"name\":\"Landious Travel\",\"description\":\"Excursions, trips and cruises in Egypt\",\"publisher\":{\"@id\":\"https:\\\/\\\/landioustravel.com\\\/nl\\\/#organization\"},\"potentialAction\":[{\"@type\":\"SearchAction\",\"target\":{\"@type\":\"EntryPoint\",\"urlTemplate\":\"https:\\\/\\\/landioustravel.com\\\/nl\\\/?s={search_term_string}\"},\"query-input\":{\"@type\":\"PropertyValueSpecification\",\"valueRequired\":true,\"valueName\":\"search_term_string\"}}],\"inLanguage\":\"nl-NL\"},{\"@type\":[\"Organization\",\"Place\"],\"@id\":\"https:\\\/\\\/landioustravel.com\\\/nl\\\/#organization\",\"name\":\"Landious Travel\",\"alternateName\":\"Landious Travel\",\"url\":\"https:\\\/\\\/landioustravel.com\\\/nl\\\/\",\"logo\":{\"@id\":\"https:\\\/\\\/landioustravel.com\\\/nl\\\/shop\\\/reis-egyptisch-museum-oud-cairo\\\/#local-main-organization-logo\"},\"image\":{\"@id\":\"https:\\\/\\\/landioustravel.com\\\/nl\\\/shop\\\/reis-egyptisch-museum-oud-cairo\\\/#local-main-organization-logo\"},\"sameAs\":[\"https:\\\/\\\/web.facebook.com\\\/landiousEgypt\",\"https:\\\/\\\/x.com\\\/LandiousTours\",\"https:\\\/\\\/mastodon.social\\\/@landious\"],\"legalName\":\"Landious Travel\",\"telephone\":[],\"openingHoursSpecification\":[{\"@type\":\"OpeningHoursSpecification\",\"dayOfWeek\":[\"Monday\",\"Tuesday\",\"Wednesday\",\"Thursday\",\"Friday\",\"Saturday\",\"Sunday\"],\"opens\":\"09:00\",\"closes\":\"17:00\"}]},{\"@type\":\"ImageObject\",\"inLanguage\":\"nl-NL\",\"@id\":\"https:\\\/\\\/landioustravel.com\\\/nl\\\/shop\\\/reis-egyptisch-museum-oud-cairo\\\/#local-main-organization-logo\",\"url\":\"https:\\\/\\\/i0.wp.com\\\/landioustravel.com\\\/wp-content\\\/uploads\\\/2021\\\/06\\\/Landious-T.png?fit=500%2C500&ssl=1\",\"contentUrl\":\"https:\\\/\\\/i0.wp.com\\\/landioustravel.com\\\/wp-content\\\/uploads\\\/2021\\\/06\\\/Landious-T.png?fit=500%2C500&ssl=1\",\"width\":500,\"height\":500,\"caption\":\"Landious Travel\"}]}<\/script>\n<!-- \/ Yoast SEO Premium plugin. -->","yoast_head_json":{"title":"Reis Egyptisch museum en oud Ca\u00efro in Ca\u00efro","description":"Reis Egyptisch museum en oud Ca\u00efro in Ca\u00efro Dienovereenkomstig geniet u van Ca\u00efro en bezoekt u tentoonstellingen uit het Oude Egypte in het Egyptisch","robots":{"index":"index","follow":"follow","max-snippet":"max-snippet:-1","max-image-preview":"max-image-preview:large","max-video-preview":"max-video-preview:-1"},"canonical":"https:\/\/landioustravel.com\/nl\/shop\/reis-egyptisch-museum-oud-cairo\/","og_locale":"nl_NL","og_type":"article","og_title":"Reis Egyptisch museum en oud Ca\u00efro in Ca\u00efro","og_description":"Landious Travel","og_url":"https:\/\/landioustravel.com\/nl\/shop\/reis-egyptisch-museum-oud-cairo\/","og_site_name":"Landious Travel","article_publisher":"https:\/\/web.facebook.com\/landiousEgypt","article_modified_time":"2024-09-30T17:14:33+00:00","og_image":[{"width":1200,"height":675,"url":"https:\/\/i0.wp.com\/landioustravel.com\/wp-content\/uploads\/2020\/11\/Egyptian-Museum-Old-Cairo-Trip-e1617540920597.jpg?fit=1200%2C675&ssl=1","type":"image\/jpeg"}],"twitter_card":"summary_large_image","twitter_site":"@LandiousTours","twitter_misc":{"Geschatte leestijd":"3 minuten"},"schema":{"@context":"https:\/\/schema.org","@graph":[{"@type":"WebPage","@id":"https:\/\/landioustravel.com\/nl\/shop\/reis-egyptisch-museum-oud-cairo\/","url":"https:\/\/landioustravel.com\/nl\/shop\/reis-egyptisch-museum-oud-cairo\/","name":"Reis Egyptisch museum en oud Ca\u00efro in Ca\u00efro","isPartOf":{"@id":"https:\/\/landioustravel.com\/nl\/#website"},"primaryImageOfPage":{"@id":"https:\/\/landioustravel.com\/nl\/shop\/reis-egyptisch-museum-oud-cairo\/#primaryimage"},"image":{"@id":"https:\/\/landioustravel.com\/nl\/shop\/reis-egyptisch-museum-oud-cairo\/#primaryimage"},"thumbnailUrl":"https:\/\/i0.wp.com\/landioustravel.com\/wp-content\/uploads\/2020\/11\/Egyptian-Museum-Old-Cairo-Trip-e1617540920597.jpg?fit=1200%2C675&ssl=1","datePublished":"2020-12-11T19:05:45+00:00","dateModified":"2024-09-30T17:14:33+00:00","description":"Reis Egyptisch museum en oud Ca\u00efro in Ca\u00efro Dienovereenkomstig geniet u van Ca\u00efro en bezoekt u tentoonstellingen uit het Oude Egypte in het Egyptisch","breadcrumb":{"@id":"https:\/\/landioustravel.com\/nl\/shop\/reis-egyptisch-museum-oud-cairo\/#breadcrumb"},"inLanguage":"nl-NL","potentialAction":[{"@type":"ReadAction","target":["https:\/\/landioustravel.com\/nl\/shop\/reis-egyptisch-museum-oud-cairo\/"]}]},{"@type":"ImageObject","inLanguage":"nl-NL","@id":"https:\/\/landioustravel.com\/nl\/shop\/reis-egyptisch-museum-oud-cairo\/#primaryimage","url":"https:\/\/i0.wp.com\/landioustravel.com\/wp-content\/uploads\/2020\/11\/Egyptian-Museum-Old-Cairo-Trip-e1617540920597.jpg?fit=1200%2C675&ssl=1","contentUrl":"https:\/\/i0.wp.com\/landioustravel.com\/wp-content\/uploads\/2020\/11\/Egyptian-Museum-Old-Cairo-Trip-e1617540920597.jpg?fit=1200%2C675&ssl=1","width":1200,"height":675,"caption":"Egyptian Museum Old Cairo Trip"},{"@type":"BreadcrumbList","@id":"https:\/\/landioustravel.com\/nl\/shop\/reis-egyptisch-museum-oud-cairo\/#breadcrumb","itemListElement":[{"@type":"ListItem","position":1,"name":"Home","item":"https:\/\/landioustravel.com\/nl\/"},{"@type":"ListItem","position":2,"name":"Diensten &amp; rondleidingen","item":"https:\/\/landioustravel.com\/nl\/"},{"@type":"ListItem","position":3,"name":"Reis Egyptisch museum en oud Ca\u00efro in Ca\u00efro"}]},{"@type":"WebSite","@id":"https:\/\/landioustravel.com\/nl\/#website","url":"https:\/\/landioustravel.com\/nl\/","name":"Landious Travel","description":"Excursions, trips and cruises in Egypt","publisher":{"@id":"https:\/\/landioustravel.com\/nl\/#organization"},"potentialAction":[{"@type":"SearchAction","target":{"@type":"EntryPoint","urlTemplate":"https:\/\/landioustravel.com\/nl\/?s={search_term_string}"},"query-input":{"@type":"PropertyValueSpecification","valueRequired":true,"valueName":"search_term_string"}}],"inLanguage":"nl-NL"},{"@type":["Organization","Place"],"@id":"https:\/\/landioustravel.com\/nl\/#organization","name":"Landious Travel","alternateName":"Landious Travel","url":"https:\/\/landioustravel.com\/nl\/","logo":{"@id":"https:\/\/landioustravel.com\/nl\/shop\/reis-egyptisch-museum-oud-cairo\/#local-main-organization-logo"},"image":{"@id":"https:\/\/landioustravel.com\/nl\/shop\/reis-egyptisch-museum-oud-cairo\/#local-main-organization-logo"},"sameAs":["https:\/\/web.facebook.com\/landiousEgypt","https:\/\/x.com\/LandiousTours","https:\/\/mastodon.social\/@landious"],"legalName":"Landious Travel","telephone":[],"openingHoursSpecification":[{"@type":"OpeningHoursSpecification","dayOfWeek":["Monday","Tuesday","Wednesday","Thursday","Friday","Saturday","Sunday"],"opens":"09:00","closes":"17:00"}]},{"@type":"ImageObject","inLanguage":"nl-NL","@id":"https:\/\/landioustravel.com\/nl\/shop\/reis-egyptisch-museum-oud-cairo\/#local-main-organization-logo","url":"https:\/\/i0.wp.com\/landioustravel.com\/wp-content\/uploads\/2021\/06\/Landious-T.png?fit=500%2C500&ssl=1","contentUrl":"https:\/\/i0.wp.com\/landioustravel.com\/wp-content\/uploads\/2021\/06\/Landious-T.png?fit=500%2C500&ssl=1","width":500,"height":500,"caption":"Landious Travel"}]}},"jetpack_publicize_connections":[],"uagb_featured_image_src":{"full":["https:\/\/i0.wp.com\/landioustravel.com\/wp-content\/uploads\/2020\/11\/Egyptian-Museum-Old-Cairo-Trip-e1617540920597.jpg?fit=1200%2C675&ssl=1",1200,675,false],"thumbnail":["https:\/\/i0.wp.com\/landioustravel.com\/wp-content\/uploads\/2020\/11\/Egyptian-Museum-Old-Cairo-Trip-e1617540920597.jpg?resize=150%2C150&ssl=1",150,150,true],"medium":["https:\/\/i0.wp.com\/landioustravel.com\/wp-content\/uploads\/2020\/11\/Egyptian-Museum-Old-Cairo-Trip-e1617540920597.jpg?fit=300%2C169&ssl=1",300,169,true],"medium_large":["https:\/\/i0.wp.com\/landioustravel.com\/wp-content\/uploads\/2020\/11\/Egyptian-Museum-Old-Cairo-Trip-e1617540920597.jpg?fit=768%2C432&ssl=1",768,432,true],"large":["https:\/\/i0.wp.com\/landioustravel.com\/wp-content\/uploads\/2020\/11\/Egyptian-Museum-Old-Cairo-Trip-e1617540920597.jpg?fit=980%2C551&ssl=1",980,551,true],"1536x1536":["https:\/\/i0.wp.com\/landioustravel.com\/wp-content\/uploads\/2020\/11\/Egyptian-Museum-Old-Cairo-Trip-e1617540920597.jpg?fit=1536%2C864&ssl=1",1536,864,true],"2048x2048":["https:\/\/i0.wp.com\/landioustravel.com\/wp-content\/uploads\/2020\/11\/Egyptian-Museum-Old-Cairo-Trip-e1617540920597.jpg?fit=2048%2C1152&ssl=1",2048,1152,true],"newspack-article-block-landscape-large":["https:\/\/i0.wp.com\/landioustravel.com\/wp-content\/uploads\/2020\/11\/Egyptian-Museum-Old-Cairo-Trip-e1617540920597.jpg?resize=1200%2C675&ssl=1",1200,900,true],"newspack-article-block-portrait-large":["https:\/\/i0.wp.com\/landioustravel.com\/wp-content\/uploads\/2020\/11\/Egyptian-Museum-Old-Cairo-Trip-e1617540920597.jpg?resize=900%2C675&ssl=1",900,1200,true],"newspack-article-block-square-large":["https:\/\/i0.wp.com\/landioustravel.com\/wp-content\/uploads\/2020\/11\/Egyptian-Museum-Old-Cairo-Trip-e1617540920597.jpg?resize=1200%2C675&ssl=1",1200,1200,true],"newspack-article-block-landscape-medium":["https:\/\/i0.wp.com\/landioustravel.com\/wp-content\/uploads\/2020\/11\/Egyptian-Museum-Old-Cairo-Trip-e1617540920597.jpg?resize=800%2C600&ssl=1",800,600,true],"newspack-article-block-portrait-medium":["https:\/\/i0.wp.com\/landioustravel.com\/wp-content\/uploads\/2020\/11\/Egyptian-Museum-Old-Cairo-Trip-e1617540920597.jpg?resize=600%2C675&ssl=1",600,800,true],"newspack-article-block-square-medium":["https:\/\/i0.wp.com\/landioustravel.com\/wp-content\/uploads\/2020\/11\/Egyptian-Museum-Old-Cairo-Trip-e1617540920597.jpg?resize=800%2C675&ssl=1",800,800,true],"newspack-article-block-landscape-intermediate":["https:\/\/i0.wp.com\/landioustravel.com\/wp-content\/uploads\/2020\/11\/Egyptian-Museum-Old-Cairo-Trip-e1617540920597.jpg?resize=600%2C450&ssl=1",600,450,true],"newspack-article-block-portrait-intermediate":["https:\/\/i0.wp.com\/landioustravel.com\/wp-content\/uploads\/2020\/11\/Egyptian-Museum-Old-Cairo-Trip-e1617540920597.jpg?resize=450%2C600&ssl=1",450,600,true],"newspack-article-block-square-intermediate":["https:\/\/i0.wp.com\/landioustravel.com\/wp-content\/uploads\/2020\/11\/Egyptian-Museum-Old-Cairo-Trip-e1617540920597.jpg?resize=600%2C600&ssl=1",600,600,true],"newspack-article-block-landscape-small":["https:\/\/i0.wp.com\/landioustravel.com\/wp-content\/uploads\/2020\/11\/Egyptian-Museum-Old-Cairo-Trip-e1617540920597.jpg?resize=400%2C300&ssl=1",400,300,true],"newspack-article-block-portrait-small":["https:\/\/i0.wp.com\/landioustravel.com\/wp-content\/uploads\/2020\/11\/Egyptian-Museum-Old-Cairo-Trip-e1617540920597.jpg?resize=300%2C400&ssl=1",300,400,true],"newspack-article-block-square-small":["https:\/\/i0.wp.com\/landioustravel.com\/wp-content\/uploads\/2020\/11\/Egyptian-Museum-Old-Cairo-Trip-e1617540920597.jpg?resize=400%2C400&ssl=1",400,400,true],"newspack-article-block-landscape-tiny":["https:\/\/i0.wp.com\/landioustravel.com\/wp-content\/uploads\/2020\/11\/Egyptian-Museum-Old-Cairo-Trip-e1617540920597.jpg?resize=200%2C150&ssl=1",200,150,true],"newspack-article-block-portrait-tiny":["https:\/\/i0.wp.com\/landioustravel.com\/wp-content\/uploads\/2020\/11\/Egyptian-Museum-Old-Cairo-Trip-e1617540920597.jpg?resize=150%2C200&ssl=1",150,200,true],"newspack-article-block-square-tiny":["https:\/\/i0.wp.com\/landioustravel.com\/wp-content\/uploads\/2020\/11\/Egyptian-Museum-Old-Cairo-Trip-e1617540920597.jpg?resize=200%2C200&ssl=1",200,200,true],"newspack-article-block-uncropped":["https:\/\/i0.wp.com\/landioustravel.com\/wp-content\/uploads\/2020\/11\/Egyptian-Museum-Old-Cairo-Trip-e1617540920597.jpg?fit=1200%2C675&ssl=1",1200,675,true],"woocommerce_thumbnail":["https:\/\/i0.wp.com\/landioustravel.com\/wp-content\/uploads\/2020\/11\/Egyptian-Museum-Old-Cairo-Trip-e1617540920597.jpg?resize=324%2C324&ssl=1",324,324,true],"woocommerce_single":["https:\/\/i0.wp.com\/landioustravel.com\/wp-content\/uploads\/2020\/11\/Egyptian-Museum-Old-Cairo-Trip-e1617540920597.jpg?fit=416%2C234&ssl=1",416,234,true],"woocommerce_gallery_thumbnail":["https:\/\/i0.wp.com\/landioustravel.com\/wp-content\/uploads\/2020\/11\/Egyptian-Museum-Old-Cairo-Trip-e1617540920597.jpg?resize=100%2C100&ssl=1",100,100,true]},"uagb_author_info":{"display_name":"Mofreh Landious","author_link":"https:\/\/landioustravel.com\/nl\/author\/"},"uagb_comment_info":3,"uagb_excerpt":"Begin aan een Cairo City Tour om getuige te zijn van een scala aan historische bezienswaardigheden en attracties. Geniet van de oud-Egyptische tentoonstellingen in het Egyptisch Museum en bewonder de islamitische monumenten zoals de Saladin-citadel en de Mohamed Ali-moskee. Om nog maar te zwijgen van het verkennen van de christelijke en joodse monumenten, waaronder de&hellip;","jetpack_sharing_enabled":true,"jetpack_likes_enabled":true,"amp_enabled":true,"_links":{"self":[{"href":"https:\/\/landioustravel.com\/nl\/wp-json\/wp\/v2\/product\/26222","targetHints":{"allow":["GET"]}}],"collection":[{"href":"https:\/\/landioustravel.com\/nl\/wp-json\/wp\/v2\/product"}],"about":[{"href":"https:\/\/landioustravel.com\/nl\/wp-json\/wp\/v2\/types\/product"}],"replies":[{"embeddable":true,"href":"https:\/\/landioustravel.com\/nl\/wp-json\/wp\/v2\/comments?post=26222"}],"wp:featuredmedia":[{"embeddable":true,"href":"https:\/\/landioustravel.com\/nl\/wp-json\/wp\/v2\/media\/45522"}],"wp:attachment":[{"href":"https:\/\/landioustravel.com\/nl\/wp-json\/wp\/v2\/media?parent=26222"}],"wp:term":[{"taxonomy":"product_brand","embeddable":true,"href":"https:\/\/landioustravel.com\/nl\/wp-json\/wp\/v2\/product_brand?post=26222"},{"taxonomy":"product_cat","embeddable":true,"href":"https:\/\/landioustravel.com\/nl\/wp-json\/wp\/v2\/product_cat?post=26222"},{"taxonomy":"product_tag","embeddable":true,"href":"https:\/\/landioustravel.com\/nl\/wp-json\/wp\/v2\/product_tag?post=26222"}],"curies":[{"name":"wp","href":"https:\/\/api.w.org\/{rel}","templated":true}]}}