{"id":26628,"date":"2020-12-22T23:34:57","date_gmt":"2020-12-24T01:22:09","guid":{"rendered":"https:\/\/landioustravel.com\/?post_type=product&#038;p=26628"},"modified":"2024-09-23T20:15:15","modified_gmt":"2024-09-23T17:15:15","slug":"sakkara-dahshur-reis-hurghada","status":"publish","type":"product","link":"https:\/\/landioustravel.com\/nl\/shop\/sakkara-dahshur-reis-hurghada\/","title":{"rendered":"Sakkara &#038; Dahshur-reis vanuit Hurghada"},"content":{"rendered":"<p>Het is een prachtige dagtocht naar het Piramidencomplex in Gizeh, Sakkara en Dahshur vanuit Hurghada, Egypte! Met veel plezier raden we deze dagtocht aan omdat het toeristen in staat stelt de meest indrukwekkende bezienswaardigheden en monumenten te zien die zijn gebouwd tijdens het oude Egypte &#8211; de oude Egyptische piramides en de oudere trappiramide. Ook leert het meer over de geschiedenis van het land.<\/p>\n<h2>Hoofdpunten van individueel programma in Dahshur<\/h2>\n<ul>\n<li>Bezoek de drie piramides in Gizeh<\/li>\n<li>The Valley Temple (Mummification Temple)<\/li>\n<li>Ook de Grote Sfinx in het piramidecomplex<\/li>\n<li>De trappenpiramide van Djoser in de necropolis van Sakkara<\/li>\n<li>Lunch<\/li>\n<li>En de piramides van Dahshur<\/li>\n<\/ul>\n<h3>Programma van de excursie naar Giza-Dahshur vanuit Hurghada<\/h3>\n<ul>\n<li>De vertegenwoordiger van Landious Travel haalt je rond 01:00 uur op bij je hotel in Hurghada<\/li>\n<li>Zodra we elke hoek hebben uitgekozen, vertrekt uw priv\u00e9voertuig (limousine of minibus) rechtstreeks naar Gizeh. De reis, van het centrum van Ca\u00efro naar Gizeh, duurt ongeveer een uur.<\/li>\n<\/ul>\n<h4>Programma in Gizeh<\/h4>\n<ul>\n<li>Zodra je in Gizeh aankomt, ga je naar het piramidecomplex, waar de drie grote piramides van Cheops, Chephren en Mykerinus zijn. Ga dan verder met een bezoek aan de Grote Sfinx, die dateert uit de tijd van Chephren en bezoek de Vallei-tempel. Voor uw gemak laat uw gids ze zien en geeft u vrije tijd om een \u200b\u200bfoto te maken<\/li>\n<\/ul>\n<h4>Programma in Sakkara<\/h4>\n<ul>\n<li>Verder ga je naar Sakkara na de finish van het bezoek aan het Piramidencomplex in Gizeh. Op deze interessante plek kunt u genieten van een bezoek aan de trappiramide van koning Djoser. Het is &#8217;s werelds oudste grote stenen structuur die dateert uit de 3e dynastie<\/li>\n<li>De lunch komt net na dit geweldige bezoek aan de necropolis van Sakkara<\/li>\n<\/ul>\n<h4>Programma in Dahshur<\/h4>\n<ul>\n<li>Daarna ga je naar Dahshur om de Rode Piramide en de Gebogen Piramide te zien. Dahshur is een beroemde koninklijke necropolis in Egypte waar vele beroemde piramides van koning snefru zijn gevestigd<\/li>\n<li>Uiteindelijk vertrek je terug naar je hotels na zo&#8217;n programma in de prachtige steden Gizeh, Dahshur en Sakkara.<\/li>\n<li>Deze \u201cSakkara &amp; Dahshur-reis vanuit Hurghada\u201d eindigt om ongeveer 22.00 uur<\/li>\n<\/ul>\n<h4>Wat is inbegrepen in de tourprijs<\/h4>\n<ul>\n<li>Kaartjes voor het bezoeken van tempels<\/li>\n<li>Drankjes<\/li>\n<li>Priv\u00e9 gids<\/li>\n<li>Ook priv\u00e9 voertuig met airconditioning<\/li>\n<\/ul>\n<h5>Wat is niet inbegrepen in de prijs van de tour?<\/h5>\n<ul>\n<li>Extra programma&#8217;s indien niet opgenomen in het bovenstaande programma<\/li>\n<\/ul>\n<h6>WAT MOET U MEE NEMEN VOOR DE REIS?<\/h6>\n<ul>\n<li>Zonnebril<\/li>\n<li>Ook kleding voor het seizoen<\/li>\n<\/ul>\n<h6>DAGEN VAN EXCURSIE ORGANISATIE<\/h6>\n<ul>\n<li>Dagelijks van 01:00 &#8211; 22:00 uur<\/li>\n<\/ul>\n","protected":false},"excerpt":{"rendered":"<p>Ervaar de wonderen van het oude Egypte en Ca\u00efro tijdens een dagtocht per vliegtuig naar de trappenpiramide (Sakkara), Memphis, Dahshur-piramides en de piramides van Gizeh vanuit Hurghada. Verken de oudste van de 7 wereldwonderen in Gizeh, bewonder de hoge piramide van Khufu en leer over de unieke bouwtechnieken van een Egyptoloog-gids. Bewonder het liggende standbeeld van de Grote Sfinx en bezoek Memphis en Sakkara voordat je de Dahshur-piramides verkent. Met een transfervoertuig met airconditioning wordt u opgehaald bij uw hotel in Hurghada en naar de luchthaven gereden voor een vlucht van 45 minuten naar Ca\u00efro. Je Engelssprekende gids zal je bij aankomst ontmoeten en je gaat verder in een voertuig met airconditioning naar Dahshur, Memphis en Sakkara. Je stopt voor de lunch in een lokaal restaurant voordat je doorgaat naar de Grote Piramides van Gizeh, inclusief de Piramides van Cheops, Chephren en Mykerinus. De tour eindigt met een bezoek aan de Sfinx en de tempel in de vallei, en onze transferservice brengt je terug naar het vliegveld in Ca\u00efro voor je terugvlucht naar Hurghada. Houd er rekening mee dat de volgorde van de bezienswaardigheden indien nodig lokaal kan worden gewijzigd. Deze excursie kan op verzoek ook in priv\u00e9vorm worden aangeboden met een individueel programma en priv\u00e9gids. Neem contact met ons op als je ge\u00efnteresseerd bent.<\/p>\n","protected":false},"featured_media":45297,"comment_status":"open","ping_status":"closed","template":"","meta":{"_coblocks_attr":"","_coblocks_dimensions":"","_coblocks_responsive_height":"","_coblocks_accordion_ie_support":"","_uag_custom_page_level_css":"","jetpack_post_was_ever_published":false,"jetpack_publicize_message":"","jetpack_publicize_feature_enabled":true,"jetpack_social_post_already_shared":true,"jetpack_social_options":{"image_generator_settings":{"template":"highway","default_image_id":0,"font":"","enabled":false},"version":2},"_wpas_customize_per_network":false},"product_brand":[],"product_cat":[13155,21026,22154,22132,21037,21040,21034,21030,13151],"product_tag":[13209,13178,13181,13188,13195,13212],"class_list":{"0":"post-26628","1":"product","2":"type-product","3":"status-publish","4":"has-post-thumbnail","6":"product_cat-historische-excursies-hurghada","7":"product_cat-hurghada-dagtochten-cairo","8":"product_cat-hurghada-excursies-cairo","9":"product_cat-hurghada-familie-excursies","10":"product_cat-hurghada-prive-sightseeingtours","11":"product_cat-hurghada-privetours-piramides","12":"product_cat-hurghada-privedagtochten-cairo","13":"product_cat-hurghada-tours-piramides","14":"product_cat-individuele-excursies-hurghada","15":"product_tag-bezienswaardigheden","16":"product_tag-excursie","17":"product_tag-excursies-vanuit-hurghada","18":"product_tag-hurghada-nl","19":"product_tag-piramides-nl","20":"product_tag-sfinx","22":"first","23":"instock","24":"sale","25":"taxable","26":"shipping-taxable","27":"purchasable","28":"product-type-variable"},"yoast_head":"<!-- This site is optimized with the Yoast SEO Premium plugin v26.9 (Yoast SEO v27.3) - https:\/\/yoast.com\/product\/yoast-seo-premium-wordpress\/ -->\n<title>Sakkara &amp; Dahshur-reis vanuit Hurghada<\/title>\n<meta name=\"description\" content=\"Sakkara &amp; Dahshur-reis vanuit Hurghada De reis geeft je de mogelijkheid om de drie piramides in Gizeh, de Vallei-tempel (Mummificatietempel), de Grote Sfinx\" \/>\n<meta name=\"robots\" content=\"index, follow, max-snippet:-1, max-image-preview:large, max-video-preview:-1\" \/>\n<link rel=\"canonical\" href=\"https:\/\/landioustravel.com\/nl\/shop\/sakkara-dahshur-reis-hurghada\/\" \/>\n<meta property=\"og:locale\" content=\"nl_NL\" \/>\n<meta property=\"og:type\" content=\"article\" \/>\n<meta property=\"og:title\" content=\"Sakkara &amp; Dahshur-reis vanuit Hurghada\" \/>\n<meta property=\"og:description\" content=\"Landious Travel\" \/>\n<meta property=\"og:url\" content=\"https:\/\/landioustravel.com\/nl\/shop\/sakkara-dahshur-reis-hurghada\/\" \/>\n<meta property=\"og:site_name\" content=\"Landious Travel\" \/>\n<meta property=\"article:publisher\" content=\"https:\/\/web.facebook.com\/landiousEgypt\" \/>\n<meta property=\"article:modified_time\" content=\"2024-09-23T17:15:15+00:00\" \/>\n<meta property=\"og:image\" content=\"https:\/\/i0.wp.com\/landioustravel.com\/wp-content\/uploads\/2020\/12\/Sakkara-Dahshur-Trip-Hurghada-e1617497105328.jpg?fit=1200%2C675&ssl=1\" \/>\n\t<meta property=\"og:image:width\" content=\"1200\" \/>\n\t<meta property=\"og:image:height\" content=\"675\" \/>\n\t<meta property=\"og:image:type\" content=\"image\/jpeg\" \/>\n<meta name=\"twitter:card\" content=\"summary_large_image\" \/>\n<meta name=\"twitter:site\" content=\"@LandiousTours\" \/>\n<meta name=\"twitter:label1\" content=\"Geschatte leestijd\" \/>\n\t<meta name=\"twitter:data1\" content=\"2 minuten\" \/>\n<script type=\"application\/ld+json\" class=\"yoast-schema-graph\">{\"@context\":\"https:\\\/\\\/schema.org\",\"@graph\":[{\"@type\":\"WebPage\",\"@id\":\"https:\\\/\\\/landioustravel.com\\\/nl\\\/shop\\\/sakkara-dahshur-reis-hurghada\\\/\",\"url\":\"https:\\\/\\\/landioustravel.com\\\/nl\\\/shop\\\/sakkara-dahshur-reis-hurghada\\\/\",\"name\":\"Sakkara & Dahshur-reis vanuit Hurghada\",\"isPartOf\":{\"@id\":\"https:\\\/\\\/landioustravel.com\\\/nl\\\/#website\"},\"primaryImageOfPage\":{\"@id\":\"https:\\\/\\\/landioustravel.com\\\/nl\\\/shop\\\/sakkara-dahshur-reis-hurghada\\\/#primaryimage\"},\"image\":{\"@id\":\"https:\\\/\\\/landioustravel.com\\\/nl\\\/shop\\\/sakkara-dahshur-reis-hurghada\\\/#primaryimage\"},\"thumbnailUrl\":\"https:\\\/\\\/i0.wp.com\\\/landioustravel.com\\\/wp-content\\\/uploads\\\/2020\\\/12\\\/Sakkara-Dahshur-Trip-Hurghada-e1617497105328.jpg?fit=1200%2C675&ssl=1\",\"datePublished\":\"2020-12-24T01:22:09+00:00\",\"dateModified\":\"2024-09-23T17:15:15+00:00\",\"description\":\"Sakkara & Dahshur-reis vanuit Hurghada De reis geeft je de mogelijkheid om de drie piramides in Gizeh, de Vallei-tempel (Mummificatietempel), de Grote Sfinx\",\"breadcrumb\":{\"@id\":\"https:\\\/\\\/landioustravel.com\\\/nl\\\/shop\\\/sakkara-dahshur-reis-hurghada\\\/#breadcrumb\"},\"inLanguage\":\"nl-NL\",\"potentialAction\":[{\"@type\":\"ReadAction\",\"target\":[\"https:\\\/\\\/landioustravel.com\\\/nl\\\/shop\\\/sakkara-dahshur-reis-hurghada\\\/\"]}]},{\"@type\":\"ImageObject\",\"inLanguage\":\"nl-NL\",\"@id\":\"https:\\\/\\\/landioustravel.com\\\/nl\\\/shop\\\/sakkara-dahshur-reis-hurghada\\\/#primaryimage\",\"url\":\"https:\\\/\\\/i0.wp.com\\\/landioustravel.com\\\/wp-content\\\/uploads\\\/2020\\\/12\\\/Sakkara-Dahshur-Trip-Hurghada-e1617497105328.jpg?fit=1200%2C675&ssl=1\",\"contentUrl\":\"https:\\\/\\\/i0.wp.com\\\/landioustravel.com\\\/wp-content\\\/uploads\\\/2020\\\/12\\\/Sakkara-Dahshur-Trip-Hurghada-e1617497105328.jpg?fit=1200%2C675&ssl=1\",\"width\":1200,\"height\":675,\"caption\":\"Sakkara Dahshur Trip Hurghada\"},{\"@type\":\"BreadcrumbList\",\"@id\":\"https:\\\/\\\/landioustravel.com\\\/nl\\\/shop\\\/sakkara-dahshur-reis-hurghada\\\/#breadcrumb\",\"itemListElement\":[{\"@type\":\"ListItem\",\"position\":1,\"name\":\"Home\",\"item\":\"https:\\\/\\\/landioustravel.com\\\/nl\\\/\"},{\"@type\":\"ListItem\",\"position\":2,\"name\":\"Diensten &amp; rondleidingen\",\"item\":\"https:\\\/\\\/landioustravel.com\\\/nl\\\/\"},{\"@type\":\"ListItem\",\"position\":3,\"name\":\"Sakkara &#038; Dahshur-reis vanuit Hurghada\"}]},{\"@type\":\"WebSite\",\"@id\":\"https:\\\/\\\/landioustravel.com\\\/nl\\\/#website\",\"url\":\"https:\\\/\\\/landioustravel.com\\\/nl\\\/\",\"name\":\"Landious Travel\",\"description\":\"Excursions, trips and cruises in Egypt\",\"publisher\":{\"@id\":\"https:\\\/\\\/landioustravel.com\\\/nl\\\/#organization\"},\"potentialAction\":[{\"@type\":\"SearchAction\",\"target\":{\"@type\":\"EntryPoint\",\"urlTemplate\":\"https:\\\/\\\/landioustravel.com\\\/nl\\\/?s={search_term_string}\"},\"query-input\":{\"@type\":\"PropertyValueSpecification\",\"valueRequired\":true,\"valueName\":\"search_term_string\"}}],\"inLanguage\":\"nl-NL\"},{\"@type\":[\"Organization\",\"Place\"],\"@id\":\"https:\\\/\\\/landioustravel.com\\\/nl\\\/#organization\",\"name\":\"Landious Travel\",\"alternateName\":\"Landious Travel\",\"url\":\"https:\\\/\\\/landioustravel.com\\\/nl\\\/\",\"logo\":{\"@id\":\"https:\\\/\\\/landioustravel.com\\\/nl\\\/shop\\\/sakkara-dahshur-reis-hurghada\\\/#local-main-organization-logo\"},\"image\":{\"@id\":\"https:\\\/\\\/landioustravel.com\\\/nl\\\/shop\\\/sakkara-dahshur-reis-hurghada\\\/#local-main-organization-logo\"},\"sameAs\":[\"https:\\\/\\\/web.facebook.com\\\/landiousEgypt\",\"https:\\\/\\\/x.com\\\/LandiousTours\",\"https:\\\/\\\/mastodon.social\\\/@landious\"],\"legalName\":\"Landious Travel\",\"telephone\":[],\"openingHoursSpecification\":[{\"@type\":\"OpeningHoursSpecification\",\"dayOfWeek\":[\"Monday\",\"Tuesday\",\"Wednesday\",\"Thursday\",\"Friday\",\"Saturday\",\"Sunday\"],\"opens\":\"09:00\",\"closes\":\"17:00\"}]},{\"@type\":\"ImageObject\",\"inLanguage\":\"nl-NL\",\"@id\":\"https:\\\/\\\/landioustravel.com\\\/nl\\\/shop\\\/sakkara-dahshur-reis-hurghada\\\/#local-main-organization-logo\",\"url\":\"https:\\\/\\\/i0.wp.com\\\/landioustravel.com\\\/wp-content\\\/uploads\\\/2021\\\/06\\\/Landious-T.png?fit=500%2C500&ssl=1\",\"contentUrl\":\"https:\\\/\\\/i0.wp.com\\\/landioustravel.com\\\/wp-content\\\/uploads\\\/2021\\\/06\\\/Landious-T.png?fit=500%2C500&ssl=1\",\"width\":500,\"height\":500,\"caption\":\"Landious Travel\"}]}<\/script>\n<!-- \/ Yoast SEO Premium plugin. -->","yoast_head_json":{"title":"Sakkara & Dahshur-reis vanuit Hurghada","description":"Sakkara & Dahshur-reis vanuit Hurghada De reis geeft je de mogelijkheid om de drie piramides in Gizeh, de Vallei-tempel (Mummificatietempel), de Grote Sfinx","robots":{"index":"index","follow":"follow","max-snippet":"max-snippet:-1","max-image-preview":"max-image-preview:large","max-video-preview":"max-video-preview:-1"},"canonical":"https:\/\/landioustravel.com\/nl\/shop\/sakkara-dahshur-reis-hurghada\/","og_locale":"nl_NL","og_type":"article","og_title":"Sakkara & Dahshur-reis vanuit Hurghada","og_description":"Landious Travel","og_url":"https:\/\/landioustravel.com\/nl\/shop\/sakkara-dahshur-reis-hurghada\/","og_site_name":"Landious Travel","article_publisher":"https:\/\/web.facebook.com\/landiousEgypt","article_modified_time":"2024-09-23T17:15:15+00:00","og_image":[{"width":1200,"height":675,"url":"https:\/\/i0.wp.com\/landioustravel.com\/wp-content\/uploads\/2020\/12\/Sakkara-Dahshur-Trip-Hurghada-e1617497105328.jpg?fit=1200%2C675&ssl=1","type":"image\/jpeg"}],"twitter_card":"summary_large_image","twitter_site":"@LandiousTours","twitter_misc":{"Geschatte leestijd":"2 minuten"},"schema":{"@context":"https:\/\/schema.org","@graph":[{"@type":"WebPage","@id":"https:\/\/landioustravel.com\/nl\/shop\/sakkara-dahshur-reis-hurghada\/","url":"https:\/\/landioustravel.com\/nl\/shop\/sakkara-dahshur-reis-hurghada\/","name":"Sakkara & Dahshur-reis vanuit Hurghada","isPartOf":{"@id":"https:\/\/landioustravel.com\/nl\/#website"},"primaryImageOfPage":{"@id":"https:\/\/landioustravel.com\/nl\/shop\/sakkara-dahshur-reis-hurghada\/#primaryimage"},"image":{"@id":"https:\/\/landioustravel.com\/nl\/shop\/sakkara-dahshur-reis-hurghada\/#primaryimage"},"thumbnailUrl":"https:\/\/i0.wp.com\/landioustravel.com\/wp-content\/uploads\/2020\/12\/Sakkara-Dahshur-Trip-Hurghada-e1617497105328.jpg?fit=1200%2C675&ssl=1","datePublished":"2020-12-24T01:22:09+00:00","dateModified":"2024-09-23T17:15:15+00:00","description":"Sakkara & Dahshur-reis vanuit Hurghada De reis geeft je de mogelijkheid om de drie piramides in Gizeh, de Vallei-tempel (Mummificatietempel), de Grote Sfinx","breadcrumb":{"@id":"https:\/\/landioustravel.com\/nl\/shop\/sakkara-dahshur-reis-hurghada\/#breadcrumb"},"inLanguage":"nl-NL","potentialAction":[{"@type":"ReadAction","target":["https:\/\/landioustravel.com\/nl\/shop\/sakkara-dahshur-reis-hurghada\/"]}]},{"@type":"ImageObject","inLanguage":"nl-NL","@id":"https:\/\/landioustravel.com\/nl\/shop\/sakkara-dahshur-reis-hurghada\/#primaryimage","url":"https:\/\/i0.wp.com\/landioustravel.com\/wp-content\/uploads\/2020\/12\/Sakkara-Dahshur-Trip-Hurghada-e1617497105328.jpg?fit=1200%2C675&ssl=1","contentUrl":"https:\/\/i0.wp.com\/landioustravel.com\/wp-content\/uploads\/2020\/12\/Sakkara-Dahshur-Trip-Hurghada-e1617497105328.jpg?fit=1200%2C675&ssl=1","width":1200,"height":675,"caption":"Sakkara Dahshur Trip Hurghada"},{"@type":"BreadcrumbList","@id":"https:\/\/landioustravel.com\/nl\/shop\/sakkara-dahshur-reis-hurghada\/#breadcrumb","itemListElement":[{"@type":"ListItem","position":1,"name":"Home","item":"https:\/\/landioustravel.com\/nl\/"},{"@type":"ListItem","position":2,"name":"Diensten &amp; rondleidingen","item":"https:\/\/landioustravel.com\/nl\/"},{"@type":"ListItem","position":3,"name":"Sakkara &#038; Dahshur-reis vanuit Hurghada"}]},{"@type":"WebSite","@id":"https:\/\/landioustravel.com\/nl\/#website","url":"https:\/\/landioustravel.com\/nl\/","name":"Landious Travel","description":"Excursions, trips and cruises in Egypt","publisher":{"@id":"https:\/\/landioustravel.com\/nl\/#organization"},"potentialAction":[{"@type":"SearchAction","target":{"@type":"EntryPoint","urlTemplate":"https:\/\/landioustravel.com\/nl\/?s={search_term_string}"},"query-input":{"@type":"PropertyValueSpecification","valueRequired":true,"valueName":"search_term_string"}}],"inLanguage":"nl-NL"},{"@type":["Organization","Place"],"@id":"https:\/\/landioustravel.com\/nl\/#organization","name":"Landious Travel","alternateName":"Landious Travel","url":"https:\/\/landioustravel.com\/nl\/","logo":{"@id":"https:\/\/landioustravel.com\/nl\/shop\/sakkara-dahshur-reis-hurghada\/#local-main-organization-logo"},"image":{"@id":"https:\/\/landioustravel.com\/nl\/shop\/sakkara-dahshur-reis-hurghada\/#local-main-organization-logo"},"sameAs":["https:\/\/web.facebook.com\/landiousEgypt","https:\/\/x.com\/LandiousTours","https:\/\/mastodon.social\/@landious"],"legalName":"Landious Travel","telephone":[],"openingHoursSpecification":[{"@type":"OpeningHoursSpecification","dayOfWeek":["Monday","Tuesday","Wednesday","Thursday","Friday","Saturday","Sunday"],"opens":"09:00","closes":"17:00"}]},{"@type":"ImageObject","inLanguage":"nl-NL","@id":"https:\/\/landioustravel.com\/nl\/shop\/sakkara-dahshur-reis-hurghada\/#local-main-organization-logo","url":"https:\/\/i0.wp.com\/landioustravel.com\/wp-content\/uploads\/2021\/06\/Landious-T.png?fit=500%2C500&ssl=1","contentUrl":"https:\/\/i0.wp.com\/landioustravel.com\/wp-content\/uploads\/2021\/06\/Landious-T.png?fit=500%2C500&ssl=1","width":500,"height":500,"caption":"Landious Travel"}]}},"jetpack_publicize_connections":[],"uagb_featured_image_src":{"full":["https:\/\/i0.wp.com\/landioustravel.com\/wp-content\/uploads\/2020\/12\/Sakkara-Dahshur-Trip-Hurghada-e1617497105328.jpg?fit=1200%2C675&ssl=1",1200,675,false],"thumbnail":["https:\/\/i0.wp.com\/landioustravel.com\/wp-content\/uploads\/2020\/12\/Sakkara-Dahshur-Trip-Hurghada-e1617497105328.jpg?resize=150%2C150&ssl=1",150,150,true],"medium":["https:\/\/i0.wp.com\/landioustravel.com\/wp-content\/uploads\/2020\/12\/Sakkara-Dahshur-Trip-Hurghada-e1617497105328.jpg?fit=300%2C169&ssl=1",300,169,true],"medium_large":["https:\/\/i0.wp.com\/landioustravel.com\/wp-content\/uploads\/2020\/12\/Sakkara-Dahshur-Trip-Hurghada-e1617497105328.jpg?fit=768%2C432&ssl=1",768,432,true],"large":["https:\/\/i0.wp.com\/landioustravel.com\/wp-content\/uploads\/2020\/12\/Sakkara-Dahshur-Trip-Hurghada-e1617497105328.jpg?fit=980%2C551&ssl=1",980,551,true],"1536x1536":["https:\/\/i0.wp.com\/landioustravel.com\/wp-content\/uploads\/2020\/12\/Sakkara-Dahshur-Trip-Hurghada-e1617497105328.jpg?fit=1536%2C864&ssl=1",1536,864,true],"2048x2048":["https:\/\/i0.wp.com\/landioustravel.com\/wp-content\/uploads\/2020\/12\/Sakkara-Dahshur-Trip-Hurghada-e1617497105328.jpg?fit=1200%2C675&ssl=1",1200,675,true],"newspack-article-block-landscape-large":["https:\/\/i0.wp.com\/landioustravel.com\/wp-content\/uploads\/2020\/12\/Sakkara-Dahshur-Trip-Hurghada-e1617497105328.jpg?resize=1200%2C675&ssl=1",1200,900,true],"newspack-article-block-portrait-large":["https:\/\/i0.wp.com\/landioustravel.com\/wp-content\/uploads\/2020\/12\/Sakkara-Dahshur-Trip-Hurghada-e1617497105328.jpg?resize=900%2C675&ssl=1",900,900,true],"newspack-article-block-square-large":["https:\/\/i0.wp.com\/landioustravel.com\/wp-content\/uploads\/2020\/12\/Sakkara-Dahshur-Trip-Hurghada-e1617497105328.jpg?resize=1200%2C675&ssl=1",1200,900,true],"newspack-article-block-landscape-medium":["https:\/\/i0.wp.com\/landioustravel.com\/wp-content\/uploads\/2020\/12\/Sakkara-Dahshur-Trip-Hurghada-e1617497105328.jpg?resize=800%2C600&ssl=1",800,600,true],"newspack-article-block-portrait-medium":["https:\/\/i0.wp.com\/landioustravel.com\/wp-content\/uploads\/2020\/12\/Sakkara-Dahshur-Trip-Hurghada-e1617497105328.jpg?resize=600%2C675&ssl=1",600,800,true],"newspack-article-block-square-medium":["https:\/\/i0.wp.com\/landioustravel.com\/wp-content\/uploads\/2020\/12\/Sakkara-Dahshur-Trip-Hurghada-e1617497105328.jpg?resize=800%2C675&ssl=1",800,800,true],"newspack-article-block-landscape-intermediate":["https:\/\/i0.wp.com\/landioustravel.com\/wp-content\/uploads\/2020\/12\/Sakkara-Dahshur-Trip-Hurghada-e1617497105328.jpg?resize=600%2C450&ssl=1",600,450,true],"newspack-article-block-portrait-intermediate":["https:\/\/i0.wp.com\/landioustravel.com\/wp-content\/uploads\/2020\/12\/Sakkara-Dahshur-Trip-Hurghada-e1617497105328.jpg?resize=450%2C600&ssl=1",450,600,true],"newspack-article-block-square-intermediate":["https:\/\/i0.wp.com\/landioustravel.com\/wp-content\/uploads\/2020\/12\/Sakkara-Dahshur-Trip-Hurghada-e1617497105328.jpg?resize=600%2C600&ssl=1",600,600,true],"newspack-article-block-landscape-small":["https:\/\/i0.wp.com\/landioustravel.com\/wp-content\/uploads\/2020\/12\/Sakkara-Dahshur-Trip-Hurghada-e1617497105328.jpg?resize=400%2C300&ssl=1",400,300,true],"newspack-article-block-portrait-small":["https:\/\/i0.wp.com\/landioustravel.com\/wp-content\/uploads\/2020\/12\/Sakkara-Dahshur-Trip-Hurghada-e1617497105328.jpg?resize=300%2C400&ssl=1",300,400,true],"newspack-article-block-square-small":["https:\/\/i0.wp.com\/landioustravel.com\/wp-content\/uploads\/2020\/12\/Sakkara-Dahshur-Trip-Hurghada-e1617497105328.jpg?resize=400%2C400&ssl=1",400,400,true],"newspack-article-block-landscape-tiny":["https:\/\/i0.wp.com\/landioustravel.com\/wp-content\/uploads\/2020\/12\/Sakkara-Dahshur-Trip-Hurghada-e1617497105328.jpg?resize=200%2C150&ssl=1",200,150,true],"newspack-article-block-portrait-tiny":["https:\/\/i0.wp.com\/landioustravel.com\/wp-content\/uploads\/2020\/12\/Sakkara-Dahshur-Trip-Hurghada-e1617497105328.jpg?resize=150%2C200&ssl=1",150,200,true],"newspack-article-block-square-tiny":["https:\/\/i0.wp.com\/landioustravel.com\/wp-content\/uploads\/2020\/12\/Sakkara-Dahshur-Trip-Hurghada-e1617497105328.jpg?resize=200%2C200&ssl=1",200,200,true],"newspack-article-block-uncropped":["https:\/\/i0.wp.com\/landioustravel.com\/wp-content\/uploads\/2020\/12\/Sakkara-Dahshur-Trip-Hurghada-e1617497105328.jpg?fit=1200%2C675&ssl=1",1200,675,true],"woocommerce_thumbnail":["https:\/\/i0.wp.com\/landioustravel.com\/wp-content\/uploads\/2020\/12\/Sakkara-Dahshur-Trip-Hurghada-e1617497105328.jpg?resize=324%2C324&ssl=1",324,324,true],"woocommerce_single":["https:\/\/i0.wp.com\/landioustravel.com\/wp-content\/uploads\/2020\/12\/Sakkara-Dahshur-Trip-Hurghada-e1617497105328.jpg?fit=416%2C234&ssl=1",416,234,true],"woocommerce_gallery_thumbnail":["https:\/\/i0.wp.com\/landioustravel.com\/wp-content\/uploads\/2020\/12\/Sakkara-Dahshur-Trip-Hurghada-e1617497105328.jpg?resize=100%2C100&ssl=1",100,100,true]},"uagb_author_info":{"display_name":"Mofreh Landious","author_link":"https:\/\/landioustravel.com\/nl\/author\/"},"uagb_comment_info":3,"uagb_excerpt":"Ervaar de wonderen van het oude Egypte en Ca\u00efro tijdens een dagtocht per vliegtuig naar de trappenpiramide (Sakkara), Memphis, Dahshur-piramides en de piramides van Gizeh vanuit Hurghada. Verken de oudste van de 7 wereldwonderen in Gizeh, bewonder de hoge piramide van Khufu en leer over de unieke bouwtechnieken van een Egyptoloog-gids. Bewonder het liggende standbeeld&hellip;","jetpack_sharing_enabled":true,"jetpack_likes_enabled":true,"amp_enabled":true,"_links":{"self":[{"href":"https:\/\/landioustravel.com\/nl\/wp-json\/wp\/v2\/product\/26628","targetHints":{"allow":["GET"]}}],"collection":[{"href":"https:\/\/landioustravel.com\/nl\/wp-json\/wp\/v2\/product"}],"about":[{"href":"https:\/\/landioustravel.com\/nl\/wp-json\/wp\/v2\/types\/product"}],"replies":[{"embeddable":true,"href":"https:\/\/landioustravel.com\/nl\/wp-json\/wp\/v2\/comments?post=26628"}],"wp:featuredmedia":[{"embeddable":true,"href":"https:\/\/landioustravel.com\/nl\/wp-json\/wp\/v2\/media\/45297"}],"wp:attachment":[{"href":"https:\/\/landioustravel.com\/nl\/wp-json\/wp\/v2\/media?parent=26628"}],"wp:term":[{"taxonomy":"product_brand","embeddable":true,"href":"https:\/\/landioustravel.com\/nl\/wp-json\/wp\/v2\/product_brand?post=26628"},{"taxonomy":"product_cat","embeddable":true,"href":"https:\/\/landioustravel.com\/nl\/wp-json\/wp\/v2\/product_cat?post=26628"},{"taxonomy":"product_tag","embeddable":true,"href":"https:\/\/landioustravel.com\/nl\/wp-json\/wp\/v2\/product_tag?post=26628"}],"curies":[{"name":"wp","href":"https:\/\/api.w.org\/{rel}","templated":true}]}}