{"id":26890,"date":"2021-01-01T13:38:20","date_gmt":"2021-01-01T11:38:20","guid":{"rendered":"https:\/\/landioustravel.com\/?post_type=product&#038;p=26890"},"modified":"2025-10-27T05:57:10","modified_gmt":"2025-10-27T02:57:10","slug":"faiyum-wadi-rayan-reis-cairo","status":"publish","type":"product","link":"https:\/\/landioustravel.com\/nl\/shop\/faiyum-wadi-rayan-reis-cairo\/","title":{"rendered":"Faiyum &#038; Wadi El Rayan reis vanuit Ca\u00efro"},"content":{"rendered":"<p>Het is een zeer actieve excursie naar Al Faiyum vanuit Ca\u00efro, Egypte! We raden de Faiyum &amp; Wadi El Rayan-reis vanuit Ca\u00efro aan, omdat je hierdoor een van de meest indrukwekkende bezienswaardigheden van Al-Fayoum kunt zien en ook kunt genieten van de natuur! Deze reis omvat ook een bezoek aan de natuurlijk beschermde gebieden van Wadi Al Rayan met zijn verbazingwekkende en prachtige watervallen in het midden van de woestijn. We moedigen je aan om deze tour te boeken en jezelf te laten genieten van de pittoreske en betoverende natuur van Faiyum. Echt, het is een van de beste Ca\u00efro-excursies waar je kunt genieten van de natuur!<\/p>\n<h2>Hoofdpunten van het excursieprogramma naar Al Faiyum vanuit Ca\u00efro<\/h2>\n<ul>\n<li>Faiyum Oasis bezoeken<\/li>\n<li>Monumenten van Karanis bezoeken<\/li>\n<li>Rit met paard en wagen<\/li>\n<li>Kijken naar de waterwielen<\/li>\n<li>Bezoek aan het meer Qaroun<\/li>\n<li>Lunch<\/li>\n<li>Ook een bezoek aan Wadi Al Rayan<\/li>\n<\/ul>\n<h3>Programma van Faiyum &amp; Wadi El Rayan-reis vanuit Ca\u00efro<\/h3>\n<ul>\n<li>De vertegenwoordiger van Landious Travel haalt u om ongeveer 07:00 uur op bij uw hotel in Ca\u00efro<\/li>\n<li>Nadat iedereen is opgehaald, vertrekt de bus richting het gouvernement Faiyum. De reis, van het centrum van Ca\u00efro naar Al Faiyum, duurt ongeveer 2 uur.<\/li>\n<li>Zodra je aankomt in Al Faiyum, begint je reis met een bezoek aan Karanis om de ru\u00efnes van deze oude stad te zien. Het is vermeldenswaard dat Karanis een aantal monumenten heeft die dateren uit de Romeinse tijd, het Koptische tijdperk en de vroege islamitische periode.<\/li>\n<li>Na het bezoek aan Karanis, rijd je met een paardenkoets om de beroemde waterwielen te bereiken waarvan wordt gezegd dat ze draaien sinds het Ptoleme\u00efsche tijdperk<\/li>\n<li>Vervolgens ga je naar het Qaroun-meer dat wordt beschouwd als een van de oudste natuurlijke meren ter wereld en het op twee na grootste meer van Egypte.<\/li>\n<li>De lunch komt na de stop bij Lake Qaroun<\/li>\n<li>Onze excursie gaat verder met een bezoek aan Wadi El Rayan. De Egyptische regering heeft deze vallei in 1989 officieel tot natuurreservaat verklaard<\/li>\n<li>Ten slotte begeleiden we je terug naar Ca\u00efro na zo&#8217;n spannende reis in de oase van Faiyum<\/li>\n<li>Deze &#8220;Faiyum &amp; Wadi El Rayan-reis vanuit Ca\u00efro&#8221; eindigt om ongeveer 22:00 uur<\/li>\n<\/ul>\n<h4>Wat is inbegrepen in de tourprijs<\/h4>\n<ul>\n<li>Toegangskaarten<\/li>\n<li>Lunch<\/li>\n<li>Gids<\/li>\n<li>Transfer ook naar het klooster en terug naar je hotel<\/li>\n<\/ul>\n<h5>Wat is niet inbegrepen in de prijs van de tour?<\/h5>\n<ul>\n<li>Extra excursieprogramma&#8217;s<\/li>\n<\/ul>\n<h6>Wat u moet meenemen voor de reis<\/h6>\n<ul>\n<li>Paspoort<\/li>\n<li>Ook kleding voor het seizoen<\/li>\n<\/ul>\n<h6>Dagen van excursie organisatie<\/h6>\n<ul>\n<li>Dagelijks van 07:00 &#8211; 22:00 uur<\/li>\n<\/ul>\n<h4>Hoogtepunten<\/h4>\n<ul>\n<li><strong>Faiyum<\/strong> is de grootste Egyptische oase en een van de Egyptische provincies. Het gouvernement van El Faiyum heeft een agrarisch karakter. In het oude Egypte was de krokodilgod Sobek de nationale godheid. De moderne beschaving begon ongeveer 200 jaar geleden tijdens Mohammed Ali Pasha, die vele hervormingen van de infrastructuur doorgaf<\/li>\n<li><strong>Wadi El Rayan<\/strong> is een uniek natuurbeschermingsgebied gelegen in de westelijke woestijn, zo&#8217;n 42 meter onder de zeespiegel. Het heeft twee meren gevormd door watervallen. In ruil daarvoor zijn deze watervallen de enige in Egypte, gevormd in 1970 door een overloop van drainagewater uit de landbouwgronden in Faiyum. Verbazingwekkend genoeg geven ze een spectaculair uitzicht!<\/li>\n<\/ul>\n","protected":false},"excerpt":{"rendered":"<p>Ontsnap aan de drukte van Ca\u00efro en ga op avontuur naar het prachtige El Fayoum en Wadi El Rayan. Maak je klaar om weggeblazen te worden door de prachtige vallei van walvissen, met een geschiedenis van 40 miljoen jaar met walvisskeletten die gewoonweg ontzagwekkend zijn. Je krijgt ook de kans om je te vergapen aan de spectaculaire watervallen van Fayoum en door de duinen te surfen als een echte avonturier. Deze Egypt Day Tour naar de provincie El Fayoum en Wadi El Rayan vanuit Ca\u00efro is de perfecte manier om de lokale geschiedenis en cultuur te ontdekken terwijl je jezelf onderdompelt in een natuurlijke omgeving als geen ander. Met een scala aan priv\u00e9rondleidingen, waaronder deze, heb je de mogelijkheid om een verscheidenheid aan Egyptische oases te verkennen, waar natuur, geschiedenis en het oude land in perfecte harmonie samenkomen. Als je zin hebt in een dagje buiten de gebaande paden, dan zou een bezoek aan El Fayoum vanuit Ca\u00efro bovenaan je lijstje moeten staan. Ontdek de schoonheid van Lake Qarun en het natuurreservaat Wadi El Rayan, compleet met zijn adembenemende watervallen. Dit is een ervaring als geen ander, dus waarom wachten? Boek vandaag nog uw reis van Ca\u00efro naar Wadi El Rayan Egypte en ontdek de magie van Egypte!<\/p>\n","protected":false},"featured_media":26864,"comment_status":"open","ping_status":"closed","template":"","meta":{"_coblocks_attr":"","_coblocks_dimensions":"","_coblocks_responsive_height":"","_coblocks_accordion_ie_support":"","_uag_custom_page_level_css":"","jetpack_publicize_message":"","jetpack_publicize_feature_enabled":true,"jetpack_social_post_already_shared":true,"jetpack_social_options":{"image_generator_settings":{"template":"highway","default_image_id":0,"font":"","enabled":false},"version":2},"_wpas_customize_per_network":false},"product_brand":[],"product_cat":[13144],"product_tag":[13209,13165,13178],"class_list":{"0":"post-26890","1":"product","2":"type-product","3":"status-publish","4":"has-post-thumbnail","6":"product_cat-excursies-in-cairo","7":"product_tag-bezienswaardigheden","8":"product_tag-cairo-nl","9":"product_tag-excursie","11":"first","12":"instock","13":"sale","14":"taxable","15":"shipping-taxable","16":"purchasable","17":"product-type-variable"},"yoast_head":"<!-- This site is optimized with the Yoast SEO Premium plugin v26.9 (Yoast SEO v27.5) - https:\/\/yoast.com\/product\/yoast-seo-premium-wordpress\/ -->\n<title>Faiyum &amp; Wadi El Rayan reis vanuit Ca\u00efro<\/title>\n<meta name=\"description\" content=\"Faiyum &amp; Wadi El Rayan reis vanuit Ca\u00efro De dagtour naar de provincie El Fayoum vanuit Ca\u00efro geeft je de mogelijkheid om het Qarun-meer en het natuurlijke\" \/>\n<meta name=\"robots\" content=\"index, follow, max-snippet:-1, max-image-preview:large, max-video-preview:-1\" \/>\n<link rel=\"canonical\" href=\"https:\/\/landioustravel.com\/nl\/shop\/faiyum-wadi-rayan-reis-cairo\/\" \/>\n<meta property=\"og:locale\" content=\"nl_NL\" \/>\n<meta property=\"og:type\" content=\"article\" \/>\n<meta property=\"og:title\" content=\"Faiyum &amp; Wadi El Rayan reis vanuit Ca\u00efro\" \/>\n<meta property=\"og:description\" content=\"Landious Travel\" \/>\n<meta property=\"og:url\" content=\"https:\/\/landioustravel.com\/nl\/shop\/faiyum-wadi-rayan-reis-cairo\/\" \/>\n<meta property=\"og:site_name\" content=\"Landious Travel\" \/>\n<meta property=\"article:publisher\" content=\"https:\/\/web.facebook.com\/landiousEgypt\" \/>\n<meta property=\"article:modified_time\" content=\"2025-10-27T02:57:10+00:00\" \/>\n<meta property=\"og:image\" content=\"https:\/\/i0.wp.com\/landioustravel.com\/wp-content\/uploads\/2021\/01\/faiyum_governorate-e1609483979351.jpg?fit=1200%2C675&ssl=1\" \/>\n\t<meta property=\"og:image:width\" content=\"1200\" \/>\n\t<meta property=\"og:image:height\" content=\"675\" \/>\n\t<meta property=\"og:image:type\" content=\"image\/jpeg\" \/>\n<meta name=\"twitter:card\" content=\"summary_large_image\" \/>\n<meta name=\"twitter:site\" content=\"@LandiousTours\" \/>\n<meta name=\"twitter:label1\" content=\"Geschatte leestijd\" \/>\n\t<meta name=\"twitter:data1\" content=\"3 minuten\" \/>\n<script type=\"application\/ld+json\" class=\"yoast-schema-graph\">{\"@context\":\"https:\\\/\\\/schema.org\",\"@graph\":[{\"@type\":\"WebPage\",\"@id\":\"https:\\\/\\\/landioustravel.com\\\/nl\\\/shop\\\/faiyum-wadi-rayan-reis-cairo\\\/\",\"url\":\"https:\\\/\\\/landioustravel.com\\\/nl\\\/shop\\\/faiyum-wadi-rayan-reis-cairo\\\/\",\"name\":\"Faiyum & Wadi El Rayan reis vanuit Ca\u00efro\",\"isPartOf\":{\"@id\":\"https:\\\/\\\/landioustravel.com\\\/nl\\\/#website\"},\"primaryImageOfPage\":{\"@id\":\"https:\\\/\\\/landioustravel.com\\\/nl\\\/shop\\\/faiyum-wadi-rayan-reis-cairo\\\/#primaryimage\"},\"image\":{\"@id\":\"https:\\\/\\\/landioustravel.com\\\/nl\\\/shop\\\/faiyum-wadi-rayan-reis-cairo\\\/#primaryimage\"},\"thumbnailUrl\":\"https:\\\/\\\/i0.wp.com\\\/landioustravel.com\\\/wp-content\\\/uploads\\\/2021\\\/01\\\/faiyum_governorate-e1609483979351.jpg?fit=1200%2C675&ssl=1\",\"datePublished\":\"2021-01-01T11:38:20+00:00\",\"dateModified\":\"2025-10-27T02:57:10+00:00\",\"description\":\"Faiyum & Wadi El Rayan reis vanuit Ca\u00efro De dagtour naar de provincie El Fayoum vanuit Ca\u00efro geeft je de mogelijkheid om het Qarun-meer en het natuurlijke\",\"breadcrumb\":{\"@id\":\"https:\\\/\\\/landioustravel.com\\\/nl\\\/shop\\\/faiyum-wadi-rayan-reis-cairo\\\/#breadcrumb\"},\"inLanguage\":\"nl-NL\",\"potentialAction\":[{\"@type\":\"ReadAction\",\"target\":[\"https:\\\/\\\/landioustravel.com\\\/nl\\\/shop\\\/faiyum-wadi-rayan-reis-cairo\\\/\"]}]},{\"@type\":\"ImageObject\",\"inLanguage\":\"nl-NL\",\"@id\":\"https:\\\/\\\/landioustravel.com\\\/nl\\\/shop\\\/faiyum-wadi-rayan-reis-cairo\\\/#primaryimage\",\"url\":\"https:\\\/\\\/i0.wp.com\\\/landioustravel.com\\\/wp-content\\\/uploads\\\/2021\\\/01\\\/faiyum_governorate-e1609483979351.jpg?fit=1200%2C675&ssl=1\",\"contentUrl\":\"https:\\\/\\\/i0.wp.com\\\/landioustravel.com\\\/wp-content\\\/uploads\\\/2021\\\/01\\\/faiyum_governorate-e1609483979351.jpg?fit=1200%2C675&ssl=1\",\"width\":1200,\"height\":675,\"caption\":\"Faiyum Governorate\"},{\"@type\":\"BreadcrumbList\",\"@id\":\"https:\\\/\\\/landioustravel.com\\\/nl\\\/shop\\\/faiyum-wadi-rayan-reis-cairo\\\/#breadcrumb\",\"itemListElement\":[{\"@type\":\"ListItem\",\"position\":1,\"name\":\"Home\",\"item\":\"https:\\\/\\\/landioustravel.com\\\/nl\\\/\"},{\"@type\":\"ListItem\",\"position\":2,\"name\":\"Diensten &amp; rondleidingen\",\"item\":\"https:\\\/\\\/landioustravel.com\\\/nl\\\/\"},{\"@type\":\"ListItem\",\"position\":3,\"name\":\"Faiyum &#038; Wadi El Rayan reis vanuit Ca\u00efro\"}]},{\"@type\":\"WebSite\",\"@id\":\"https:\\\/\\\/landioustravel.com\\\/nl\\\/#website\",\"url\":\"https:\\\/\\\/landioustravel.com\\\/nl\\\/\",\"name\":\"Landious Travel\",\"description\":\"Excursions, trips and cruises in Egypt\",\"publisher\":{\"@id\":\"https:\\\/\\\/landioustravel.com\\\/nl\\\/#organization\"},\"potentialAction\":[{\"@type\":\"SearchAction\",\"target\":{\"@type\":\"EntryPoint\",\"urlTemplate\":\"https:\\\/\\\/landioustravel.com\\\/nl\\\/?s={search_term_string}\"},\"query-input\":{\"@type\":\"PropertyValueSpecification\",\"valueRequired\":true,\"valueName\":\"search_term_string\"}}],\"inLanguage\":\"nl-NL\"},{\"@type\":[\"Organization\",\"Place\"],\"@id\":\"https:\\\/\\\/landioustravel.com\\\/nl\\\/#organization\",\"name\":\"Landious Travel\",\"alternateName\":\"Landious Travel\",\"url\":\"https:\\\/\\\/landioustravel.com\\\/nl\\\/\",\"logo\":{\"@id\":\"https:\\\/\\\/landioustravel.com\\\/nl\\\/shop\\\/faiyum-wadi-rayan-reis-cairo\\\/#local-main-organization-logo\"},\"image\":{\"@id\":\"https:\\\/\\\/landioustravel.com\\\/nl\\\/shop\\\/faiyum-wadi-rayan-reis-cairo\\\/#local-main-organization-logo\"},\"sameAs\":[\"https:\\\/\\\/web.facebook.com\\\/landiousEgypt\",\"https:\\\/\\\/x.com\\\/LandiousTours\",\"https:\\\/\\\/mastodon.social\\\/@landious\"],\"legalName\":\"Landious Travel\",\"telephone\":[],\"openingHoursSpecification\":[{\"@type\":\"OpeningHoursSpecification\",\"dayOfWeek\":[\"Monday\",\"Tuesday\",\"Wednesday\",\"Thursday\",\"Friday\",\"Saturday\",\"Sunday\"],\"opens\":\"09:00\",\"closes\":\"17:00\"}]},{\"@type\":\"ImageObject\",\"inLanguage\":\"nl-NL\",\"@id\":\"https:\\\/\\\/landioustravel.com\\\/nl\\\/shop\\\/faiyum-wadi-rayan-reis-cairo\\\/#local-main-organization-logo\",\"url\":\"https:\\\/\\\/i0.wp.com\\\/landioustravel.com\\\/wp-content\\\/uploads\\\/2021\\\/06\\\/Landious-T.png?fit=500%2C500&ssl=1\",\"contentUrl\":\"https:\\\/\\\/i0.wp.com\\\/landioustravel.com\\\/wp-content\\\/uploads\\\/2021\\\/06\\\/Landious-T.png?fit=500%2C500&ssl=1\",\"width\":500,\"height\":500,\"caption\":\"Landious Travel\"}]}<\/script>\n<!-- \/ Yoast SEO Premium plugin. -->","yoast_head_json":{"title":"Faiyum & Wadi El Rayan reis vanuit Ca\u00efro","description":"Faiyum & Wadi El Rayan reis vanuit Ca\u00efro De dagtour naar de provincie El Fayoum vanuit Ca\u00efro geeft je de mogelijkheid om het Qarun-meer en het natuurlijke","robots":{"index":"index","follow":"follow","max-snippet":"max-snippet:-1","max-image-preview":"max-image-preview:large","max-video-preview":"max-video-preview:-1"},"canonical":"https:\/\/landioustravel.com\/nl\/shop\/faiyum-wadi-rayan-reis-cairo\/","og_locale":"nl_NL","og_type":"article","og_title":"Faiyum & Wadi El Rayan reis vanuit Ca\u00efro","og_description":"Landious Travel","og_url":"https:\/\/landioustravel.com\/nl\/shop\/faiyum-wadi-rayan-reis-cairo\/","og_site_name":"Landious Travel","article_publisher":"https:\/\/web.facebook.com\/landiousEgypt","article_modified_time":"2025-10-27T02:57:10+00:00","og_image":[{"width":1200,"height":675,"url":"https:\/\/i0.wp.com\/landioustravel.com\/wp-content\/uploads\/2021\/01\/faiyum_governorate-e1609483979351.jpg?fit=1200%2C675&ssl=1","type":"image\/jpeg"}],"twitter_card":"summary_large_image","twitter_site":"@LandiousTours","twitter_misc":{"Geschatte leestijd":"3 minuten"},"schema":{"@context":"https:\/\/schema.org","@graph":[{"@type":"WebPage","@id":"https:\/\/landioustravel.com\/nl\/shop\/faiyum-wadi-rayan-reis-cairo\/","url":"https:\/\/landioustravel.com\/nl\/shop\/faiyum-wadi-rayan-reis-cairo\/","name":"Faiyum & Wadi El Rayan reis vanuit Ca\u00efro","isPartOf":{"@id":"https:\/\/landioustravel.com\/nl\/#website"},"primaryImageOfPage":{"@id":"https:\/\/landioustravel.com\/nl\/shop\/faiyum-wadi-rayan-reis-cairo\/#primaryimage"},"image":{"@id":"https:\/\/landioustravel.com\/nl\/shop\/faiyum-wadi-rayan-reis-cairo\/#primaryimage"},"thumbnailUrl":"https:\/\/i0.wp.com\/landioustravel.com\/wp-content\/uploads\/2021\/01\/faiyum_governorate-e1609483979351.jpg?fit=1200%2C675&ssl=1","datePublished":"2021-01-01T11:38:20+00:00","dateModified":"2025-10-27T02:57:10+00:00","description":"Faiyum & Wadi El Rayan reis vanuit Ca\u00efro De dagtour naar de provincie El Fayoum vanuit Ca\u00efro geeft je de mogelijkheid om het Qarun-meer en het natuurlijke","breadcrumb":{"@id":"https:\/\/landioustravel.com\/nl\/shop\/faiyum-wadi-rayan-reis-cairo\/#breadcrumb"},"inLanguage":"nl-NL","potentialAction":[{"@type":"ReadAction","target":["https:\/\/landioustravel.com\/nl\/shop\/faiyum-wadi-rayan-reis-cairo\/"]}]},{"@type":"ImageObject","inLanguage":"nl-NL","@id":"https:\/\/landioustravel.com\/nl\/shop\/faiyum-wadi-rayan-reis-cairo\/#primaryimage","url":"https:\/\/i0.wp.com\/landioustravel.com\/wp-content\/uploads\/2021\/01\/faiyum_governorate-e1609483979351.jpg?fit=1200%2C675&ssl=1","contentUrl":"https:\/\/i0.wp.com\/landioustravel.com\/wp-content\/uploads\/2021\/01\/faiyum_governorate-e1609483979351.jpg?fit=1200%2C675&ssl=1","width":1200,"height":675,"caption":"Faiyum Governorate"},{"@type":"BreadcrumbList","@id":"https:\/\/landioustravel.com\/nl\/shop\/faiyum-wadi-rayan-reis-cairo\/#breadcrumb","itemListElement":[{"@type":"ListItem","position":1,"name":"Home","item":"https:\/\/landioustravel.com\/nl\/"},{"@type":"ListItem","position":2,"name":"Diensten &amp; rondleidingen","item":"https:\/\/landioustravel.com\/nl\/"},{"@type":"ListItem","position":3,"name":"Faiyum &#038; Wadi El Rayan reis vanuit Ca\u00efro"}]},{"@type":"WebSite","@id":"https:\/\/landioustravel.com\/nl\/#website","url":"https:\/\/landioustravel.com\/nl\/","name":"Landious Travel","description":"Excursions, trips and cruises in Egypt","publisher":{"@id":"https:\/\/landioustravel.com\/nl\/#organization"},"potentialAction":[{"@type":"SearchAction","target":{"@type":"EntryPoint","urlTemplate":"https:\/\/landioustravel.com\/nl\/?s={search_term_string}"},"query-input":{"@type":"PropertyValueSpecification","valueRequired":true,"valueName":"search_term_string"}}],"inLanguage":"nl-NL"},{"@type":["Organization","Place"],"@id":"https:\/\/landioustravel.com\/nl\/#organization","name":"Landious Travel","alternateName":"Landious Travel","url":"https:\/\/landioustravel.com\/nl\/","logo":{"@id":"https:\/\/landioustravel.com\/nl\/shop\/faiyum-wadi-rayan-reis-cairo\/#local-main-organization-logo"},"image":{"@id":"https:\/\/landioustravel.com\/nl\/shop\/faiyum-wadi-rayan-reis-cairo\/#local-main-organization-logo"},"sameAs":["https:\/\/web.facebook.com\/landiousEgypt","https:\/\/x.com\/LandiousTours","https:\/\/mastodon.social\/@landious"],"legalName":"Landious Travel","telephone":[],"openingHoursSpecification":[{"@type":"OpeningHoursSpecification","dayOfWeek":["Monday","Tuesday","Wednesday","Thursday","Friday","Saturday","Sunday"],"opens":"09:00","closes":"17:00"}]},{"@type":"ImageObject","inLanguage":"nl-NL","@id":"https:\/\/landioustravel.com\/nl\/shop\/faiyum-wadi-rayan-reis-cairo\/#local-main-organization-logo","url":"https:\/\/i0.wp.com\/landioustravel.com\/wp-content\/uploads\/2021\/06\/Landious-T.png?fit=500%2C500&ssl=1","contentUrl":"https:\/\/i0.wp.com\/landioustravel.com\/wp-content\/uploads\/2021\/06\/Landious-T.png?fit=500%2C500&ssl=1","width":500,"height":500,"caption":"Landious Travel"}]}},"jetpack_publicize_connections":[],"uagb_featured_image_src":{"full":["https:\/\/i0.wp.com\/landioustravel.com\/wp-content\/uploads\/2021\/01\/faiyum_governorate-e1609483979351.jpg?fit=1200%2C675&ssl=1",1200,675,false],"thumbnail":["https:\/\/i0.wp.com\/landioustravel.com\/wp-content\/uploads\/2021\/01\/faiyum_governorate-e1609483979351.jpg?resize=150%2C150&ssl=1",150,150,true],"medium":["https:\/\/i0.wp.com\/landioustravel.com\/wp-content\/uploads\/2021\/01\/faiyum_governorate-e1609483979351.jpg?fit=300%2C169&ssl=1",300,169,true],"medium_large":["https:\/\/i0.wp.com\/landioustravel.com\/wp-content\/uploads\/2021\/01\/faiyum_governorate-e1609483979351.jpg?fit=768%2C432&ssl=1",768,432,true],"large":["https:\/\/i0.wp.com\/landioustravel.com\/wp-content\/uploads\/2021\/01\/faiyum_governorate-e1609483979351.jpg?fit=980%2C551&ssl=1",980,551,true],"1536x1536":["https:\/\/i0.wp.com\/landioustravel.com\/wp-content\/uploads\/2021\/01\/faiyum_governorate-e1609483979351.jpg?fit=1536%2C1002&ssl=1",1536,1002,true],"2048x2048":["https:\/\/i0.wp.com\/landioustravel.com\/wp-content\/uploads\/2021\/01\/faiyum_governorate-e1609483979351.jpg?fit=1200%2C675&ssl=1",1200,675,true],"newspack-article-block-landscape-large":["https:\/\/i0.wp.com\/landioustravel.com\/wp-content\/uploads\/2021\/01\/faiyum_governorate-e1609483979351.jpg?resize=1200%2C675&ssl=1",1200,900,true],"newspack-article-block-portrait-large":["https:\/\/i0.wp.com\/landioustravel.com\/wp-content\/uploads\/2021\/01\/faiyum_governorate-e1609483979351.jpg?resize=900%2C675&ssl=1",900,675,true],"newspack-article-block-square-large":["https:\/\/i0.wp.com\/landioustravel.com\/wp-content\/uploads\/2021\/01\/faiyum_governorate-e1609483979351.jpg?resize=1200%2C675&ssl=1",1200,1200,true],"newspack-article-block-landscape-medium":["https:\/\/i0.wp.com\/landioustravel.com\/wp-content\/uploads\/2021\/01\/faiyum_governorate-e1609483979351.jpg?resize=800%2C600&ssl=1",800,600,true],"newspack-article-block-portrait-medium":["https:\/\/i0.wp.com\/landioustravel.com\/wp-content\/uploads\/2021\/01\/faiyum_governorate-e1609483979351.jpg?resize=600%2C675&ssl=1",600,675,true],"newspack-article-block-square-medium":["https:\/\/i0.wp.com\/landioustravel.com\/wp-content\/uploads\/2021\/01\/faiyum_governorate-e1609483979351.jpg?resize=800%2C675&ssl=1",800,675,true],"newspack-article-block-landscape-intermediate":["https:\/\/i0.wp.com\/landioustravel.com\/wp-content\/uploads\/2021\/01\/faiyum_governorate-e1609483979351.jpg?resize=600%2C450&ssl=1",600,450,true],"newspack-article-block-portrait-intermediate":["https:\/\/i0.wp.com\/landioustravel.com\/wp-content\/uploads\/2021\/01\/faiyum_governorate-e1609483979351.jpg?resize=450%2C600&ssl=1",450,600,true],"newspack-article-block-square-intermediate":["https:\/\/i0.wp.com\/landioustravel.com\/wp-content\/uploads\/2021\/01\/faiyum_governorate-e1609483979351.jpg?resize=600%2C600&ssl=1",600,600,true],"newspack-article-block-landscape-small":["https:\/\/i0.wp.com\/landioustravel.com\/wp-content\/uploads\/2021\/01\/faiyum_governorate-e1609483979351.jpg?resize=400%2C300&ssl=1",400,300,true],"newspack-article-block-portrait-small":["https:\/\/i0.wp.com\/landioustravel.com\/wp-content\/uploads\/2021\/01\/faiyum_governorate-e1609483979351.jpg?resize=300%2C400&ssl=1",300,400,true],"newspack-article-block-square-small":["https:\/\/i0.wp.com\/landioustravel.com\/wp-content\/uploads\/2021\/01\/faiyum_governorate-e1609483979351.jpg?resize=400%2C400&ssl=1",400,400,true],"newspack-article-block-landscape-tiny":["https:\/\/i0.wp.com\/landioustravel.com\/wp-content\/uploads\/2021\/01\/faiyum_governorate-e1609483979351.jpg?resize=200%2C150&ssl=1",200,150,true],"newspack-article-block-portrait-tiny":["https:\/\/i0.wp.com\/landioustravel.com\/wp-content\/uploads\/2021\/01\/faiyum_governorate-e1609483979351.jpg?resize=150%2C200&ssl=1",150,200,true],"newspack-article-block-square-tiny":["https:\/\/i0.wp.com\/landioustravel.com\/wp-content\/uploads\/2021\/01\/faiyum_governorate-e1609483979351.jpg?resize=200%2C200&ssl=1",200,200,true],"newspack-article-block-uncropped":["https:\/\/i0.wp.com\/landioustravel.com\/wp-content\/uploads\/2021\/01\/faiyum_governorate-e1609483979351.jpg?fit=1200%2C783&ssl=1",1200,783,true],"woocommerce_thumbnail":["https:\/\/i0.wp.com\/landioustravel.com\/wp-content\/uploads\/2021\/01\/faiyum_governorate-e1609483979351.jpg?resize=324%2C324&ssl=1",324,324,true],"woocommerce_single":["https:\/\/i0.wp.com\/landioustravel.com\/wp-content\/uploads\/2021\/01\/faiyum_governorate-e1609483979351.jpg?fit=416%2C234&ssl=1",416,234,true],"woocommerce_gallery_thumbnail":["https:\/\/i0.wp.com\/landioustravel.com\/wp-content\/uploads\/2021\/01\/faiyum_governorate-e1609483979351.jpg?resize=100%2C100&ssl=1",100,100,true]},"uagb_author_info":{"display_name":"Mofreh Landious","author_link":"https:\/\/landioustravel.com\/nl\/author\/"},"uagb_comment_info":2,"uagb_excerpt":"Ontsnap aan de drukte van Ca\u00efro en ga op avontuur naar het prachtige El Fayoum en Wadi El Rayan. Maak je klaar om weggeblazen te worden door de prachtige vallei van walvissen, met een geschiedenis van 40 miljoen jaar met walvisskeletten die gewoonweg ontzagwekkend zijn. Je krijgt ook de kans om je te vergapen aan&hellip;","jetpack_sharing_enabled":true,"jetpack_likes_enabled":true,"amp_enabled":true,"_links":{"self":[{"href":"https:\/\/landioustravel.com\/nl\/wp-json\/wp\/v2\/product\/26890","targetHints":{"allow":["GET"]}}],"collection":[{"href":"https:\/\/landioustravel.com\/nl\/wp-json\/wp\/v2\/product"}],"about":[{"href":"https:\/\/landioustravel.com\/nl\/wp-json\/wp\/v2\/types\/product"}],"replies":[{"embeddable":true,"href":"https:\/\/landioustravel.com\/nl\/wp-json\/wp\/v2\/comments?post=26890"}],"wp:featuredmedia":[{"embeddable":true,"href":"https:\/\/landioustravel.com\/nl\/wp-json\/wp\/v2\/media\/26864"}],"wp:attachment":[{"href":"https:\/\/landioustravel.com\/nl\/wp-json\/wp\/v2\/media?parent=26890"}],"wp:term":[{"taxonomy":"product_brand","embeddable":true,"href":"https:\/\/landioustravel.com\/nl\/wp-json\/wp\/v2\/product_brand?post=26890"},{"taxonomy":"product_cat","embeddable":true,"href":"https:\/\/landioustravel.com\/nl\/wp-json\/wp\/v2\/product_cat?post=26890"},{"taxonomy":"product_tag","embeddable":true,"href":"https:\/\/landioustravel.com\/nl\/wp-json\/wp\/v2\/product_tag?post=26890"}],"curies":[{"name":"wp","href":"https:\/\/api.w.org\/{rel}","templated":true}]}}