{"id":39997,"date":"2020-12-22T06:15:08","date_gmt":"2021-12-12T22:58:13","guid":{"rendered":"https:\/\/landioustravel.com\/?post_type=product&#038;p=39997"},"modified":"2026-05-02T04:19:53","modified_gmt":"2026-05-02T01:19:53","slug":"individuele-duinbuggy-hurghada","status":"publish","type":"product","link":"https:\/\/landioustravel.com\/nl\/shop\/individuele-duinbuggy-hurghada\/","title":{"rendered":"Individuele duinbuggy Hurghada"},"content":{"rendered":"<p>Het is een zeer actieve reis voor individueel rijden met een buggy in Hurghada, Egypte! Het zal een fantastische manier zijn om dit spannende avontuur te beleven. Om de een of andere reden raden we de excursie &#8220;Dune Buggy Safari in Hurghada&#8221; aan. Het is een feit dat deze reis toeristen in staat stelt zich te amuseren. In principe zal het het mogelijk maken om lange afstanden met buggy&#8217;s in de woestijn te rijden. Bovendien zal het toelaten om de charme van de natuur te ontdekken en de cultuur van bedoe\u00efenen te leren kennen. Individuele Dune Buggy is een van de beste safaritochten in Hurghada! ONLINE BOEKEN INDIVIDUELE DUNE BUGGY HURGHADA EN BESTE PRIJS!<\/p>\n<h2>Hoogtepunten op individuele duinbuggy in Hurghada<\/h2>\n<ul>\n<li>Geniet van een individuele buggyrit over een afstand van 50 km in de woestijn.<\/li>\n<li>Kameelrijden in de woestijn.<\/li>\n<li>Drink ook thee in de bedoe\u00efenentent.<\/li>\n<\/ul>\n<h2>Programma van Private Dune Buggy Safari<\/h2>\n<ul>\n<li>Landious Travel-vertegenwoordiger haalt u om ongeveer 08:00 uur op bij uw hotel in Hurghada.<\/li>\n<li>Nadat we alle bezoekers hebben opgehaald, gaat onze minibus\/Jeep richting de woestijn. Volgens onze safari-excursies moet je eerst naar een buggybasis gaan. Gelukkig duurt de weg naar het station ongeveer 30 minuten.<\/li>\n<li>Eerst moet je jezelf klaarmaken door een sjaal op je hoofd te vouwen. Vervolgens zet u een helm op en draagt u uw zonnebril.<\/li>\n<li>Verder geven onze professionele instructeurs u instructies en korte trainingen voor veiligheidsdoeleinden.<\/li>\n<li>Daarna begin je je avontuur dwars door de woestijn, ongeveer 25 km naar het bedoe\u00efenendorp.<\/li>\n<li>Zodra je aankomt in het bedoe\u00efenendorp, ga je kameelrijden en foto&#8217;s maken met de bedoe\u00efenen.<\/li>\n<li>En wanneer de kameelrit eindigt, zal je gids je begeleiden naar de bedoe\u00efenentent. Daar drink je thee en stel je de gidsvragen die je moet beantwoorden.<\/li>\n<li>Nogmaals, je maakt je klaar om 25 km terug naar de basis te rijden. Over het algemeen duurt de reis op een buggy-safari drie uur.<\/li>\n<li>Aan het einde van deze spannende activiteit heb je een Picture CD-briefing. Natuurlijk is het kopen van een souvenir voor dit mooie avontuur optioneel.<\/li>\n<li>Ten slotte begeleiden we je terug naar je hotels na zo&#8217;n fantastisch avontuur op de duinbuggy.<\/li>\n<li>Deze priv\u00e9 Safari Trip in Hurghada door Dune Buggy eindigt om ongeveer middernacht.<\/li>\n<\/ul>\n<h2>Wat is inclusief de prijs van een individuele Dune Buggy Hurghada?<\/h2>\n<ul>\n<li>Transfer naar de woestijn en terug naar het hotel.<\/li>\n<\/ul>\n<h2>Wat zit er niet in het Programma van Individuele Dune Buggy Hurghada?<\/h2>\n<ul>\n<li>Video-dvd.<\/li>\n<li>Ook de foto-cd.<\/li>\n<\/ul>\n<h2>Wat mee te nemen voor de buggy safari trip?<\/h2>\n<ul>\n<li>Sjaal.<\/li>\n<li>Ook zonnebril.<\/li>\n<\/ul>\n<p>Individuele Duinbuggy Hurghada Boekingsdagen<\/p>\n<p>Dagelijks van 08:00 \u2013 12:00 uur.<\/p>\n","protected":false},"excerpt":{"rendered":"<p>Verken de wonderen van de woestijn met een Private Dune Buggy Safari Tour in Hurghada. Begin je avontuur door opgehaald te worden bij je hotel en naar het safaricentrum te worden gebracht, waar je gids je instructies en details over het RZR Polaris-voertuig zal geven om een veilige rit te garanderen. Kies tussen een eenzitter, een tweezitter of een gezinsbuggy en begin aan een spannende rit met alle benodigde veiligheidsuitrusting.<\/p>\n<p>Rijd door de Sina\u00ef-bergen naar Sahara Park, waar je het bedoe\u00efenenleven kunt ervaren, bedoe\u00efenenthee kunt proeven, een ritje op een kameel kunt maken en een terrarium kunt bezoeken. Geniet van een prachtig uitzicht op de woestijn vanaf een enorme duin en zie onderweg een luchtspiegeling. Geniet bij zonsondergang van een speciaal open buffet bedoe\u00efenendiner met onbeperkt frisdrank en water, gevolgd door een ori\u00ebntaalse show met onder meer tanura en buikdansen.<\/p>\n<p>Deze priv\u00e9tour garandeert een ononderbroken en veilige rit, aangezien alle duinbuggy&#8217;s zijn uitgerust met rolkooien, veiligheidsgordels, kuipstoelen, nachtverlichting, brandblussers en helmen. Dompel jezelf onder in de schoonheid van de woestijn en ontmoet de bedoe\u00efenen terwijl je over de duinen rijdt. De reisprijs is inclusief alle transfers voor uw gemak.<\/p>\n","protected":false},"featured_media":45361,"comment_status":"open","ping_status":"closed","template":"","meta":{"_coblocks_attr":"","_coblocks_dimensions":"","_coblocks_responsive_height":"","_coblocks_accordion_ie_support":"","_uag_custom_page_level_css":"","jetpack_publicize_message":"","jetpack_publicize_feature_enabled":true,"jetpack_social_post_already_shared":true,"jetpack_social_options":{"image_generator_settings":{"template":"highway","default_image_id":0,"font":"","enabled":false},"version":2},"_wpas_customize_per_network":false},"product_brand":[],"product_cat":[22090,20157,2345],"product_tag":[22565,1483,1498,1492],"class_list":{"0":"post-39997","1":"product","2":"type-product","3":"status-publish","4":"has-post-thumbnail","6":"product_cat-hurghada-family-excursions","7":"product_cat-hurghada-private-safari-tours","8":"product_cat-individual-excursions-hurghada","9":"product_tag-excursion","10":"product_tag-hurghada","11":"product_tag-safari","12":"product_tag-desert-safari","14":"first","15":"outofstock","16":"sale","17":"virtual","18":"taxable","19":"purchasable","20":"product-type-simple"},"yoast_head":"<!-- This site is optimized with the Yoast SEO Premium plugin v26.9 (Yoast SEO v27.5) - https:\/\/yoast.com\/product\/yoast-seo-premium-wordpress\/ -->\n<title>Individuele duinbuggy Hurghada<\/title>\n<meta name=\"description\" content=\"Individuele duinbuggy Hurghada stelt je in staat om vertrouwd te raken met de woestijnnatuur in Egypte en om bedoe\u00efenen te ontmoeten. Het is\" \/>\n<meta name=\"robots\" content=\"index, follow, max-snippet:-1, max-image-preview:large, max-video-preview:-1\" \/>\n<link rel=\"canonical\" href=\"https:\/\/landioustravel.com\/nl\/shop\/individuele-duinbuggy-hurghada\/\" \/>\n<meta property=\"og:locale\" content=\"nl_NL\" \/>\n<meta property=\"og:type\" content=\"article\" \/>\n<meta property=\"og:title\" content=\"Individuele duinbuggy Hurghada\" \/>\n<meta property=\"og:description\" content=\"Landious Travel\" \/>\n<meta property=\"og:url\" content=\"https:\/\/landioustravel.com\/nl\/shop\/individuele-duinbuggy-hurghada\/\" \/>\n<meta property=\"og:site_name\" content=\"Landious Travel\" \/>\n<meta property=\"article:publisher\" content=\"https:\/\/web.facebook.com\/landiousEgypt\" \/>\n<meta property=\"article:modified_time\" content=\"2026-05-02T01:19:53+00:00\" \/>\n<meta property=\"og:image\" content=\"https:\/\/i0.wp.com\/landioustravel.com\/wp-content\/uploads\/2020\/12\/Individual-Dune-Buggy-Hurghada-e1617499343302.jpg?fit=1200%2C675&ssl=1\" \/>\n\t<meta property=\"og:image:width\" content=\"1200\" \/>\n\t<meta property=\"og:image:height\" content=\"675\" \/>\n\t<meta property=\"og:image:type\" content=\"image\/jpeg\" \/>\n<meta name=\"twitter:card\" content=\"summary_large_image\" \/>\n<meta name=\"twitter:site\" content=\"@LandiousTours\" \/>\n<meta name=\"twitter:label1\" content=\"Geschatte leestijd\" \/>\n\t<meta name=\"twitter:data1\" content=\"2 minuten\" \/>\n<script type=\"application\/ld+json\" class=\"yoast-schema-graph\">{\"@context\":\"https:\\\/\\\/schema.org\",\"@graph\":[{\"@type\":\"WebPage\",\"@id\":\"https:\\\/\\\/landioustravel.com\\\/nl\\\/shop\\\/individuele-duinbuggy-hurghada\\\/\",\"url\":\"https:\\\/\\\/landioustravel.com\\\/nl\\\/shop\\\/individuele-duinbuggy-hurghada\\\/\",\"name\":\"Individuele duinbuggy Hurghada\",\"isPartOf\":{\"@id\":\"https:\\\/\\\/landioustravel.com\\\/nl\\\/#website\"},\"primaryImageOfPage\":{\"@id\":\"https:\\\/\\\/landioustravel.com\\\/nl\\\/shop\\\/individuele-duinbuggy-hurghada\\\/#primaryimage\"},\"image\":{\"@id\":\"https:\\\/\\\/landioustravel.com\\\/nl\\\/shop\\\/individuele-duinbuggy-hurghada\\\/#primaryimage\"},\"thumbnailUrl\":\"https:\\\/\\\/i0.wp.com\\\/landioustravel.com\\\/wp-content\\\/uploads\\\/2020\\\/12\\\/Individual-Dune-Buggy-Hurghada-e1617499343302.jpg?fit=1200%2C675&ssl=1\",\"datePublished\":\"2021-12-12T22:58:13+00:00\",\"dateModified\":\"2026-05-02T01:19:53+00:00\",\"description\":\"Individuele duinbuggy Hurghada stelt je in staat om vertrouwd te raken met de woestijnnatuur in Egypte en om bedoe\u00efenen te ontmoeten. Het is\",\"breadcrumb\":{\"@id\":\"https:\\\/\\\/landioustravel.com\\\/nl\\\/shop\\\/individuele-duinbuggy-hurghada\\\/#breadcrumb\"},\"inLanguage\":\"nl-NL\",\"potentialAction\":[{\"@type\":\"ReadAction\",\"target\":[\"https:\\\/\\\/landioustravel.com\\\/nl\\\/shop\\\/individuele-duinbuggy-hurghada\\\/\"]}]},{\"@type\":\"ImageObject\",\"inLanguage\":\"nl-NL\",\"@id\":\"https:\\\/\\\/landioustravel.com\\\/nl\\\/shop\\\/individuele-duinbuggy-hurghada\\\/#primaryimage\",\"url\":\"https:\\\/\\\/i0.wp.com\\\/landioustravel.com\\\/wp-content\\\/uploads\\\/2020\\\/12\\\/Individual-Dune-Buggy-Hurghada-e1617499343302.jpg?fit=1200%2C675&ssl=1\",\"contentUrl\":\"https:\\\/\\\/i0.wp.com\\\/landioustravel.com\\\/wp-content\\\/uploads\\\/2020\\\/12\\\/Individual-Dune-Buggy-Hurghada-e1617499343302.jpg?fit=1200%2C675&ssl=1\",\"width\":1200,\"height\":675,\"caption\":\"Individual Dune Buggy Hurghada\"},{\"@type\":\"BreadcrumbList\",\"@id\":\"https:\\\/\\\/landioustravel.com\\\/nl\\\/shop\\\/individuele-duinbuggy-hurghada\\\/#breadcrumb\",\"itemListElement\":[{\"@type\":\"ListItem\",\"position\":1,\"name\":\"Home\",\"item\":\"https:\\\/\\\/landioustravel.com\\\/nl\\\/\"},{\"@type\":\"ListItem\",\"position\":2,\"name\":\"Diensten &amp; rondleidingen\",\"item\":\"https:\\\/\\\/landioustravel.com\\\/nl\\\/\"},{\"@type\":\"ListItem\",\"position\":3,\"name\":\"Individuele duinbuggy Hurghada\"}]},{\"@type\":\"WebSite\",\"@id\":\"https:\\\/\\\/landioustravel.com\\\/nl\\\/#website\",\"url\":\"https:\\\/\\\/landioustravel.com\\\/nl\\\/\",\"name\":\"Landious Travel\",\"description\":\"Excursions, trips and cruises in Egypt\",\"publisher\":{\"@id\":\"https:\\\/\\\/landioustravel.com\\\/nl\\\/#organization\"},\"potentialAction\":[{\"@type\":\"SearchAction\",\"target\":{\"@type\":\"EntryPoint\",\"urlTemplate\":\"https:\\\/\\\/landioustravel.com\\\/nl\\\/?s={search_term_string}\"},\"query-input\":{\"@type\":\"PropertyValueSpecification\",\"valueRequired\":true,\"valueName\":\"search_term_string\"}}],\"inLanguage\":\"nl-NL\"},{\"@type\":[\"Organization\",\"Place\"],\"@id\":\"https:\\\/\\\/landioustravel.com\\\/nl\\\/#organization\",\"name\":\"Landious Travel\",\"alternateName\":\"Landious Travel\",\"url\":\"https:\\\/\\\/landioustravel.com\\\/nl\\\/\",\"logo\":{\"@id\":\"https:\\\/\\\/landioustravel.com\\\/nl\\\/shop\\\/individuele-duinbuggy-hurghada\\\/#local-main-organization-logo\"},\"image\":{\"@id\":\"https:\\\/\\\/landioustravel.com\\\/nl\\\/shop\\\/individuele-duinbuggy-hurghada\\\/#local-main-organization-logo\"},\"sameAs\":[\"https:\\\/\\\/web.facebook.com\\\/landiousEgypt\",\"https:\\\/\\\/x.com\\\/LandiousTours\",\"https:\\\/\\\/mastodon.social\\\/@landious\"],\"legalName\":\"Landious Travel\",\"telephone\":[],\"openingHoursSpecification\":[{\"@type\":\"OpeningHoursSpecification\",\"dayOfWeek\":[\"Monday\",\"Tuesday\",\"Wednesday\",\"Thursday\",\"Friday\",\"Saturday\",\"Sunday\"],\"opens\":\"09:00\",\"closes\":\"17:00\"}]},{\"@type\":\"ImageObject\",\"inLanguage\":\"nl-NL\",\"@id\":\"https:\\\/\\\/landioustravel.com\\\/nl\\\/shop\\\/individuele-duinbuggy-hurghada\\\/#local-main-organization-logo\",\"url\":\"https:\\\/\\\/i0.wp.com\\\/landioustravel.com\\\/wp-content\\\/uploads\\\/2021\\\/06\\\/Landious-T.png?fit=500%2C500&ssl=1\",\"contentUrl\":\"https:\\\/\\\/i0.wp.com\\\/landioustravel.com\\\/wp-content\\\/uploads\\\/2021\\\/06\\\/Landious-T.png?fit=500%2C500&ssl=1\",\"width\":500,\"height\":500,\"caption\":\"Landious Travel\"}]}<\/script>\n<!-- \/ Yoast SEO Premium plugin. -->","yoast_head_json":{"title":"Individuele duinbuggy Hurghada","description":"Individuele duinbuggy Hurghada stelt je in staat om vertrouwd te raken met de woestijnnatuur in Egypte en om bedoe\u00efenen te ontmoeten. Het is","robots":{"index":"index","follow":"follow","max-snippet":"max-snippet:-1","max-image-preview":"max-image-preview:large","max-video-preview":"max-video-preview:-1"},"canonical":"https:\/\/landioustravel.com\/nl\/shop\/individuele-duinbuggy-hurghada\/","og_locale":"nl_NL","og_type":"article","og_title":"Individuele duinbuggy Hurghada","og_description":"Landious Travel","og_url":"https:\/\/landioustravel.com\/nl\/shop\/individuele-duinbuggy-hurghada\/","og_site_name":"Landious Travel","article_publisher":"https:\/\/web.facebook.com\/landiousEgypt","article_modified_time":"2026-05-02T01:19:53+00:00","og_image":[{"width":1200,"height":675,"url":"https:\/\/i0.wp.com\/landioustravel.com\/wp-content\/uploads\/2020\/12\/Individual-Dune-Buggy-Hurghada-e1617499343302.jpg?fit=1200%2C675&ssl=1","type":"image\/jpeg"}],"twitter_card":"summary_large_image","twitter_site":"@LandiousTours","twitter_misc":{"Geschatte leestijd":"2 minuten"},"schema":{"@context":"https:\/\/schema.org","@graph":[{"@type":"WebPage","@id":"https:\/\/landioustravel.com\/nl\/shop\/individuele-duinbuggy-hurghada\/","url":"https:\/\/landioustravel.com\/nl\/shop\/individuele-duinbuggy-hurghada\/","name":"Individuele duinbuggy Hurghada","isPartOf":{"@id":"https:\/\/landioustravel.com\/nl\/#website"},"primaryImageOfPage":{"@id":"https:\/\/landioustravel.com\/nl\/shop\/individuele-duinbuggy-hurghada\/#primaryimage"},"image":{"@id":"https:\/\/landioustravel.com\/nl\/shop\/individuele-duinbuggy-hurghada\/#primaryimage"},"thumbnailUrl":"https:\/\/i0.wp.com\/landioustravel.com\/wp-content\/uploads\/2020\/12\/Individual-Dune-Buggy-Hurghada-e1617499343302.jpg?fit=1200%2C675&ssl=1","datePublished":"2021-12-12T22:58:13+00:00","dateModified":"2026-05-02T01:19:53+00:00","description":"Individuele duinbuggy Hurghada stelt je in staat om vertrouwd te raken met de woestijnnatuur in Egypte en om bedoe\u00efenen te ontmoeten. Het is","breadcrumb":{"@id":"https:\/\/landioustravel.com\/nl\/shop\/individuele-duinbuggy-hurghada\/#breadcrumb"},"inLanguage":"nl-NL","potentialAction":[{"@type":"ReadAction","target":["https:\/\/landioustravel.com\/nl\/shop\/individuele-duinbuggy-hurghada\/"]}]},{"@type":"ImageObject","inLanguage":"nl-NL","@id":"https:\/\/landioustravel.com\/nl\/shop\/individuele-duinbuggy-hurghada\/#primaryimage","url":"https:\/\/i0.wp.com\/landioustravel.com\/wp-content\/uploads\/2020\/12\/Individual-Dune-Buggy-Hurghada-e1617499343302.jpg?fit=1200%2C675&ssl=1","contentUrl":"https:\/\/i0.wp.com\/landioustravel.com\/wp-content\/uploads\/2020\/12\/Individual-Dune-Buggy-Hurghada-e1617499343302.jpg?fit=1200%2C675&ssl=1","width":1200,"height":675,"caption":"Individual Dune Buggy Hurghada"},{"@type":"BreadcrumbList","@id":"https:\/\/landioustravel.com\/nl\/shop\/individuele-duinbuggy-hurghada\/#breadcrumb","itemListElement":[{"@type":"ListItem","position":1,"name":"Home","item":"https:\/\/landioustravel.com\/nl\/"},{"@type":"ListItem","position":2,"name":"Diensten &amp; rondleidingen","item":"https:\/\/landioustravel.com\/nl\/"},{"@type":"ListItem","position":3,"name":"Individuele duinbuggy Hurghada"}]},{"@type":"WebSite","@id":"https:\/\/landioustravel.com\/nl\/#website","url":"https:\/\/landioustravel.com\/nl\/","name":"Landious Travel","description":"Excursions, trips and cruises in Egypt","publisher":{"@id":"https:\/\/landioustravel.com\/nl\/#organization"},"potentialAction":[{"@type":"SearchAction","target":{"@type":"EntryPoint","urlTemplate":"https:\/\/landioustravel.com\/nl\/?s={search_term_string}"},"query-input":{"@type":"PropertyValueSpecification","valueRequired":true,"valueName":"search_term_string"}}],"inLanguage":"nl-NL"},{"@type":["Organization","Place"],"@id":"https:\/\/landioustravel.com\/nl\/#organization","name":"Landious Travel","alternateName":"Landious Travel","url":"https:\/\/landioustravel.com\/nl\/","logo":{"@id":"https:\/\/landioustravel.com\/nl\/shop\/individuele-duinbuggy-hurghada\/#local-main-organization-logo"},"image":{"@id":"https:\/\/landioustravel.com\/nl\/shop\/individuele-duinbuggy-hurghada\/#local-main-organization-logo"},"sameAs":["https:\/\/web.facebook.com\/landiousEgypt","https:\/\/x.com\/LandiousTours","https:\/\/mastodon.social\/@landious"],"legalName":"Landious Travel","telephone":[],"openingHoursSpecification":[{"@type":"OpeningHoursSpecification","dayOfWeek":["Monday","Tuesday","Wednesday","Thursday","Friday","Saturday","Sunday"],"opens":"09:00","closes":"17:00"}]},{"@type":"ImageObject","inLanguage":"nl-NL","@id":"https:\/\/landioustravel.com\/nl\/shop\/individuele-duinbuggy-hurghada\/#local-main-organization-logo","url":"https:\/\/i0.wp.com\/landioustravel.com\/wp-content\/uploads\/2021\/06\/Landious-T.png?fit=500%2C500&ssl=1","contentUrl":"https:\/\/i0.wp.com\/landioustravel.com\/wp-content\/uploads\/2021\/06\/Landious-T.png?fit=500%2C500&ssl=1","width":500,"height":500,"caption":"Landious Travel"}]}},"jetpack_publicize_connections":[],"uagb_featured_image_src":{"full":["https:\/\/i0.wp.com\/landioustravel.com\/wp-content\/uploads\/2020\/12\/Individual-Dune-Buggy-Hurghada-e1617499343302.jpg?fit=1200%2C675&ssl=1",1200,675,false],"thumbnail":["https:\/\/i0.wp.com\/landioustravel.com\/wp-content\/uploads\/2020\/12\/Individual-Dune-Buggy-Hurghada-e1617499343302.jpg?resize=150%2C150&ssl=1",150,150,true],"medium":["https:\/\/i0.wp.com\/landioustravel.com\/wp-content\/uploads\/2020\/12\/Individual-Dune-Buggy-Hurghada-e1617499343302.jpg?fit=300%2C169&ssl=1",300,169,true],"medium_large":["https:\/\/i0.wp.com\/landioustravel.com\/wp-content\/uploads\/2020\/12\/Individual-Dune-Buggy-Hurghada-e1617499343302.jpg?fit=768%2C432&ssl=1",768,432,true],"large":["https:\/\/i0.wp.com\/landioustravel.com\/wp-content\/uploads\/2020\/12\/Individual-Dune-Buggy-Hurghada-e1617499343302.jpg?fit=980%2C551&ssl=1",980,551,true],"1536x1536":["https:\/\/i0.wp.com\/landioustravel.com\/wp-content\/uploads\/2020\/12\/Individual-Dune-Buggy-Hurghada-e1617499343302.jpg?fit=1200%2C675&ssl=1",1200,675,true],"2048x2048":["https:\/\/i0.wp.com\/landioustravel.com\/wp-content\/uploads\/2020\/12\/Individual-Dune-Buggy-Hurghada-e1617499343302.jpg?fit=1200%2C675&ssl=1",1200,675,true],"newspack-article-block-landscape-large":["https:\/\/i0.wp.com\/landioustravel.com\/wp-content\/uploads\/2020\/12\/Individual-Dune-Buggy-Hurghada-e1617499343302.jpg?resize=1200%2C675&ssl=1",1200,720,true],"newspack-article-block-portrait-large":["https:\/\/i0.wp.com\/landioustravel.com\/wp-content\/uploads\/2020\/12\/Individual-Dune-Buggy-Hurghada-e1617499343302.jpg?resize=900%2C675&ssl=1",900,720,true],"newspack-article-block-square-large":["https:\/\/i0.wp.com\/landioustravel.com\/wp-content\/uploads\/2020\/12\/Individual-Dune-Buggy-Hurghada-e1617499343302.jpg?resize=1200%2C675&ssl=1",1200,720,true],"newspack-article-block-landscape-medium":["https:\/\/i0.wp.com\/landioustravel.com\/wp-content\/uploads\/2020\/12\/Individual-Dune-Buggy-Hurghada-e1617499343302.jpg?resize=800%2C600&ssl=1",800,600,true],"newspack-article-block-portrait-medium":["https:\/\/i0.wp.com\/landioustravel.com\/wp-content\/uploads\/2020\/12\/Individual-Dune-Buggy-Hurghada-e1617499343302.jpg?resize=600%2C675&ssl=1",600,720,true],"newspack-article-block-square-medium":["https:\/\/i0.wp.com\/landioustravel.com\/wp-content\/uploads\/2020\/12\/Individual-Dune-Buggy-Hurghada-e1617499343302.jpg?resize=800%2C675&ssl=1",800,720,true],"newspack-article-block-landscape-intermediate":["https:\/\/i0.wp.com\/landioustravel.com\/wp-content\/uploads\/2020\/12\/Individual-Dune-Buggy-Hurghada-e1617499343302.jpg?resize=600%2C450&ssl=1",600,450,true],"newspack-article-block-portrait-intermediate":["https:\/\/i0.wp.com\/landioustravel.com\/wp-content\/uploads\/2020\/12\/Individual-Dune-Buggy-Hurghada-e1617499343302.jpg?resize=450%2C600&ssl=1",450,600,true],"newspack-article-block-square-intermediate":["https:\/\/i0.wp.com\/landioustravel.com\/wp-content\/uploads\/2020\/12\/Individual-Dune-Buggy-Hurghada-e1617499343302.jpg?resize=600%2C600&ssl=1",600,600,true],"newspack-article-block-landscape-small":["https:\/\/i0.wp.com\/landioustravel.com\/wp-content\/uploads\/2020\/12\/Individual-Dune-Buggy-Hurghada-e1617499343302.jpg?resize=400%2C300&ssl=1",400,300,true],"newspack-article-block-portrait-small":["https:\/\/i0.wp.com\/landioustravel.com\/wp-content\/uploads\/2020\/12\/Individual-Dune-Buggy-Hurghada-e1617499343302.jpg?resize=300%2C400&ssl=1",300,400,true],"newspack-article-block-square-small":["https:\/\/i0.wp.com\/landioustravel.com\/wp-content\/uploads\/2020\/12\/Individual-Dune-Buggy-Hurghada-e1617499343302.jpg?resize=400%2C400&ssl=1",400,400,true],"newspack-article-block-landscape-tiny":["https:\/\/i0.wp.com\/landioustravel.com\/wp-content\/uploads\/2020\/12\/Individual-Dune-Buggy-Hurghada-e1617499343302.jpg?resize=200%2C150&ssl=1",200,150,true],"newspack-article-block-portrait-tiny":["https:\/\/i0.wp.com\/landioustravel.com\/wp-content\/uploads\/2020\/12\/Individual-Dune-Buggy-Hurghada-e1617499343302.jpg?resize=150%2C200&ssl=1",150,200,true],"newspack-article-block-square-tiny":["https:\/\/i0.wp.com\/landioustravel.com\/wp-content\/uploads\/2020\/12\/Individual-Dune-Buggy-Hurghada-e1617499343302.jpg?resize=200%2C200&ssl=1",200,200,true],"newspack-article-block-uncropped":["https:\/\/i0.wp.com\/landioustravel.com\/wp-content\/uploads\/2020\/12\/Individual-Dune-Buggy-Hurghada-e1617499343302.jpg?fit=1200%2C675&ssl=1",1200,675,true],"woocommerce_thumbnail":["https:\/\/i0.wp.com\/landioustravel.com\/wp-content\/uploads\/2020\/12\/Individual-Dune-Buggy-Hurghada-e1617499343302.jpg?resize=324%2C324&ssl=1",324,324,true],"woocommerce_single":["https:\/\/i0.wp.com\/landioustravel.com\/wp-content\/uploads\/2020\/12\/Individual-Dune-Buggy-Hurghada-e1617499343302.jpg?fit=416%2C234&ssl=1",416,234,true],"woocommerce_gallery_thumbnail":["https:\/\/i0.wp.com\/landioustravel.com\/wp-content\/uploads\/2020\/12\/Individual-Dune-Buggy-Hurghada-e1617499343302.jpg?resize=100%2C100&ssl=1",100,100,true]},"uagb_author_info":{"display_name":"Mofreh Landious","author_link":"https:\/\/landioustravel.com\/nl\/author\/"},"uagb_comment_info":4,"uagb_excerpt":"Verken de wonderen van de woestijn met een Private Dune Buggy Safari Tour in Hurghada. Begin je avontuur door opgehaald te worden bij je hotel en naar het safaricentrum te worden gebracht, waar je gids je instructies en details over het RZR Polaris-voertuig zal geven om een veilige rit te garanderen. Kies tussen een eenzitter,&hellip;","jetpack_sharing_enabled":true,"jetpack_likes_enabled":true,"amp_enabled":true,"_links":{"self":[{"href":"https:\/\/landioustravel.com\/nl\/wp-json\/wp\/v2\/product\/39997","targetHints":{"allow":["GET"]}}],"collection":[{"href":"https:\/\/landioustravel.com\/nl\/wp-json\/wp\/v2\/product"}],"about":[{"href":"https:\/\/landioustravel.com\/nl\/wp-json\/wp\/v2\/types\/product"}],"replies":[{"embeddable":true,"href":"https:\/\/landioustravel.com\/nl\/wp-json\/wp\/v2\/comments?post=39997"}],"wp:featuredmedia":[{"embeddable":true,"href":"https:\/\/landioustravel.com\/nl\/wp-json\/wp\/v2\/media\/45361"}],"wp:attachment":[{"href":"https:\/\/landioustravel.com\/nl\/wp-json\/wp\/v2\/media?parent=39997"}],"wp:term":[{"taxonomy":"product_brand","embeddable":true,"href":"https:\/\/landioustravel.com\/nl\/wp-json\/wp\/v2\/product_brand?post=39997"},{"taxonomy":"product_cat","embeddable":true,"href":"https:\/\/landioustravel.com\/nl\/wp-json\/wp\/v2\/product_cat?post=39997"},{"taxonomy":"product_tag","embeddable":true,"href":"https:\/\/landioustravel.com\/nl\/wp-json\/wp\/v2\/product_tag?post=39997"}],"curies":[{"name":"wp","href":"https:\/\/api.w.org\/{rel}","templated":true}]}}