{"id":2640,"date":"2019-03-07T02:47:41","date_gmt":"2019-03-07T00:47:41","guid":{"rendered":"https:\/\/landioustravel.com\/o-nas\/"},"modified":"2019-07-12T19:48:33","modified_gmt":"2019-07-12T17:48:33","slug":"o-nas","status":"publish","type":"page","link":"https:\/\/landioustravel.com\/pl\/o-nas\/","title":{"rendered":"O nas"},"content":{"rendered":"\n<p><amp-fit-text layout=\"fixed-height\" min-font-size=\"14\" max-font-size=\"48\" height=\"50\">Landious Travel to firma turystyczna dzia\u0142aj\u0105ca w <a href=\"https:\/\/landioustravel.com\/pl\/egipt\/\">Egipcie<\/a>. Firma oferuje <a href=\"https:\/\/landioustravel.com\/pl\/\">us\u0142ugi turystyczne<\/a> we wszystkich kurortach kraju, takich jak <a href=\"https:\/\/landioustravel.com\/pl\/miasto-hurghada\/\">Hurghada<\/a>, <a href=\"https:\/\/landioustravel.com\/pl\/miasto-safaga\/\">Safaga<\/a>, El-Quseir, <a href=\"https:\/\/landioustravel.com\/pl\/miasto-marsa-alam\/\">Marsa Alam<\/a>, <a href=\"https:\/\/landioustravel.com\/pl\/miasto-szarm-szejk\/\">Sharm El-Sheikh<\/a> i Taba. Poza tym oferujemy nasze us\u0142ugi w miastach <a href=\"https:\/\/landioustravel.com\/pl\/egipt\/miasta-egipskie\/gubernatorstwo-kairskie\/\">Kair<\/a>, <a href=\"https:\/\/landioustravel.com\/pl\/egipt\/miasta-egipskie\/gubernatorstwo-aswan\/\">Asuan<\/a> i <a href=\"https:\/\/landioustravel.com\/pl\/egipt\/miasta-egipskie\/gubernatorstwo-luksorskie\/\">Luksor<\/a>.<\/amp-fit-text><\/p>\n\n\n\n<p><amp-fit-text layout=\"fixed-height\" min-font-size=\"14\" max-font-size=\"48\" height=\"50\">Pracujemy dzie\u0144 i noc, aby zadowoli\u0107 naszych klient\u00f3w i rozwija\u0107 us\u0142ugi otrzymywane przez nas. Oto kilka powod\u00f3w, dla kt\u00f3rych tury\u015bci wol\u0105 korzysta\u0107 z Landious Travel:<\/amp-fit-text><\/p>\n\n\n\n<ul class=\"wp-block-list\"><li>Do\u015bwiadczenie: tury\u015bci wybieraj\u0105 nasz\u0105 firm\u0119 ze wzgl\u0119du na to, \u017ce pracujemy zawodowo od 15 lat<\/li><li>Zaufanie: tury\u015bci pisali wspania\u0142e recenzje o nas, poniewa\u017c wszystko jest zorganizowane na wysokim poziomie<\/li><li>Poziom us\u0142ug: tury\u015bci maj\u0105 najbardziej \u017cywe wra\u017cenia i emocje, poniewa\u017c wszystko jest przemy\u015blane w najdrobniejszym szczeg\u00f3le<\/li><li>Przyst\u0119pne ceny: nasza firma pomaga turystom uzyska\u0107 us\u0142ugi w najni\u017cszych cenach.<\/li><li>Punktualno\u015b\u0107: bardzo wyra\u017anie organizujemy nasze us\u0142ugi, aby tury\u015bci nie czekali na czas<\/li><li>Us\u0142uga wsparcia: nasz zesp\u00f3\u0142 pracuje codziennie, w dzie\u0144 iw nocy, dzi\u0119ki czemu nasi klienci mog\u0105 w ka\u017cdej chwili <a href=\"https:\/\/landioustravel.com\/pl\/lacznosc\/\">skontaktowa\u0107 si\u0119 z nami<\/a>.<\/li><li>Lista us\u0142ug: na li\u015bcie naszych us\u0142ug tury\u015bci znajd\u0105 transfery do r\u00f3\u017cnych <a href=\"https:\/\/landioustravel.com\/pl\/egipt\/miasta-egipskie\/\">miast<\/a> i kurort\u00f3w Egiptu, ogromny wyb\u00f3r <a href=\"https:\/\/landioustravel.com\/pl\/egipt\/wycieczki\/\">wycieczek grupowych i indywidualnych<\/a>, wynajem jachtu i zakup pami\u0105tek<\/li><\/ul>\n","protected":false},"excerpt":{"rendered":"<p>Lista us\u0142ug: na li\u015bcie naszych us\u0142ug tury\u015bci znajd\u0105 transfery w r\u00f3\u017cnych miastach i kurortach Egiptu, ogromny wyb\u00f3r wycieczek grupowych i indywidualnych, wynajem jacht\u00f3w i kupowanie pami\u0105tek<\/p>\n","protected":false},"author":1,"featured_media":2529,"parent":0,"menu_order":0,"comment_status":"open","ping_status":"closed","template":"","meta":{"_coblocks_attr":"","_coblocks_dimensions":"","_coblocks_responsive_height":"","_coblocks_accordion_ie_support":"","_uag_custom_page_level_css":"","footnotes":""},"class_list":["post-2640","page","type-page","status-publish","has-post-thumbnail","hentry"],"yoast_head":"<!-- This site is optimized with the Yoast SEO Premium plugin v26.9 (Yoast SEO v27.5) - https:\/\/yoast.com\/product\/yoast-seo-premium-wordpress\/ -->\n<title>Informacje o firmie podr\u00f3\u017cniczej Landious Travel<\/title>\n<meta name=\"description\" content=\"Tury\u015bci wybieraj\u0105 firm\u0119 Landious Travel, poniewa\u017c pracujemy zawodowo w dziedzinie turystyki. R\u00f3wnie\u017c napisano o nas \u015bwietne recenzje\" \/>\n<meta name=\"robots\" content=\"index, follow, max-snippet:-1, max-image-preview:large, max-video-preview:-1\" \/>\n<link rel=\"canonical\" href=\"https:\/\/landioustravel.com\/pl\/o-nas\/\" \/>\n<meta property=\"og:locale\" content=\"pl_PL\" \/>\n<meta property=\"og:type\" content=\"article\" \/>\n<meta property=\"og:title\" content=\"O nas\" \/>\n<meta property=\"og:description\" content=\"Tury\u015bci wybieraj\u0105 firm\u0119 Landious Travel, poniewa\u017c pracujemy zawodowo w dziedzinie turystyki. R\u00f3wnie\u017c napisano o nas \u015bwietne recenzje\" \/>\n<meta property=\"og:url\" content=\"https:\/\/landioustravel.com\/pl\/o-nas\/\" \/>\n<meta property=\"og:site_name\" content=\"Landious Travel\" \/>\n<meta property=\"article:publisher\" content=\"https:\/\/web.facebook.com\/landiousEgypt\" \/>\n<meta property=\"article:modified_time\" content=\"2019-07-12T17:48:33+00:00\" \/>\n<meta property=\"og:image\" content=\"https:\/\/landioustravel.com\/wp-content\/uploads\/2019\/01\/Information_about_Landious_Travel-1024x578.jpg\" \/>\n\t<meta property=\"og:image:width\" content=\"1024\" \/>\n\t<meta property=\"og:image:height\" content=\"578\" \/>\n\t<meta property=\"og:image:type\" content=\"image\/jpeg\" \/>\n<meta name=\"twitter:card\" content=\"summary_large_image\" \/>\n<meta name=\"twitter:site\" content=\"@LandiousTours\" \/>\n<meta name=\"twitter:label1\" content=\"Szacowany czas czytania\" \/>\n\t<meta name=\"twitter:data1\" content=\"1 minuta\" \/>\n<script type=\"application\/ld+json\" class=\"yoast-schema-graph\">{\"@context\":\"https:\\\/\\\/schema.org\",\"@graph\":[{\"@type\":\"WebPage\",\"@id\":\"https:\\\/\\\/landioustravel.com\\\/pl\\\/o-nas\\\/\",\"url\":\"https:\\\/\\\/landioustravel.com\\\/pl\\\/o-nas\\\/\",\"name\":\"Informacje o firmie podr\u00f3\u017cniczej Landious Travel\",\"isPartOf\":{\"@id\":\"https:\\\/\\\/landioustravel.com\\\/pl\\\/#website\"},\"primaryImageOfPage\":{\"@id\":\"https:\\\/\\\/landioustravel.com\\\/pl\\\/o-nas\\\/#primaryimage\"},\"image\":{\"@id\":\"https:\\\/\\\/landioustravel.com\\\/pl\\\/o-nas\\\/#primaryimage\"},\"thumbnailUrl\":\"https:\\\/\\\/i0.wp.com\\\/landioustravel.com\\\/wp-content\\\/uploads\\\/2019\\\/01\\\/Information_about_Landious_Travel.jpg?fit=4154%2C2344&ssl=1\",\"datePublished\":\"2019-03-07T00:47:41+00:00\",\"dateModified\":\"2019-07-12T17:48:33+00:00\",\"description\":\"Tury\u015bci wybieraj\u0105 firm\u0119 Landious Travel, poniewa\u017c pracujemy zawodowo w dziedzinie turystyki. R\u00f3wnie\u017c napisano o nas \u015bwietne recenzje\",\"breadcrumb\":{\"@id\":\"https:\\\/\\\/landioustravel.com\\\/pl\\\/o-nas\\\/#breadcrumb\"},\"inLanguage\":\"pl-PL\",\"potentialAction\":[{\"@type\":\"ReadAction\",\"target\":[\"https:\\\/\\\/landioustravel.com\\\/pl\\\/o-nas\\\/\"]}]},{\"@type\":\"ImageObject\",\"inLanguage\":\"pl-PL\",\"@id\":\"https:\\\/\\\/landioustravel.com\\\/pl\\\/o-nas\\\/#primaryimage\",\"url\":\"https:\\\/\\\/i0.wp.com\\\/landioustravel.com\\\/wp-content\\\/uploads\\\/2019\\\/01\\\/Information_about_Landious_Travel.jpg?fit=4154%2C2344&ssl=1\",\"contentUrl\":\"https:\\\/\\\/i0.wp.com\\\/landioustravel.com\\\/wp-content\\\/uploads\\\/2019\\\/01\\\/Information_about_Landious_Travel.jpg?fit=4154%2C2344&ssl=1\",\"width\":4154,\"height\":2344,\"caption\":\"\u0645\u0639\u0644\u0648\u0645\u0627\u062a \u0639\u0646 \u0634\u0631\u0643\u0629 \u0644\u0646\u062f\u064a\u0648\u0633 \u062a\u0631\u0627\u0641\u0644\"},{\"@type\":\"BreadcrumbList\",\"@id\":\"https:\\\/\\\/landioustravel.com\\\/pl\\\/o-nas\\\/#breadcrumb\",\"itemListElement\":[{\"@type\":\"ListItem\",\"position\":1,\"name\":\"Home\",\"item\":\"https:\\\/\\\/landioustravel.com\\\/pl\\\/\"},{\"@type\":\"ListItem\",\"position\":2,\"name\":\"O nas\"}]},{\"@type\":\"WebSite\",\"@id\":\"https:\\\/\\\/landioustravel.com\\\/pl\\\/#website\",\"url\":\"https:\\\/\\\/landioustravel.com\\\/pl\\\/\",\"name\":\"Landious Travel\",\"description\":\"Excursions, trips and cruises in Egypt\",\"publisher\":{\"@id\":\"https:\\\/\\\/landioustravel.com\\\/pl\\\/#organization\"},\"potentialAction\":[{\"@type\":\"SearchAction\",\"target\":{\"@type\":\"EntryPoint\",\"urlTemplate\":\"https:\\\/\\\/landioustravel.com\\\/pl\\\/?s={search_term_string}\"},\"query-input\":{\"@type\":\"PropertyValueSpecification\",\"valueRequired\":true,\"valueName\":\"search_term_string\"}}],\"inLanguage\":\"pl-PL\"},{\"@type\":[\"Organization\",\"Place\"],\"@id\":\"https:\\\/\\\/landioustravel.com\\\/pl\\\/#organization\",\"name\":\"Landious Travel\",\"alternateName\":\"Landious Travel\",\"url\":\"https:\\\/\\\/landioustravel.com\\\/pl\\\/\",\"logo\":{\"@id\":\"https:\\\/\\\/landioustravel.com\\\/pl\\\/o-nas\\\/#local-main-organization-logo\"},\"image\":{\"@id\":\"https:\\\/\\\/landioustravel.com\\\/pl\\\/o-nas\\\/#local-main-organization-logo\"},\"sameAs\":[\"https:\\\/\\\/web.facebook.com\\\/landiousEgypt\",\"https:\\\/\\\/x.com\\\/LandiousTours\",\"https:\\\/\\\/mastodon.social\\\/@landious\"],\"legalName\":\"Landious Travel\",\"telephone\":[],\"openingHoursSpecification\":[{\"@type\":\"OpeningHoursSpecification\",\"dayOfWeek\":[\"Monday\",\"Tuesday\",\"Wednesday\",\"Thursday\",\"Friday\",\"Saturday\",\"Sunday\"],\"opens\":\"09:00\",\"closes\":\"17:00\"}]},{\"@type\":\"ImageObject\",\"inLanguage\":\"pl-PL\",\"@id\":\"https:\\\/\\\/landioustravel.com\\\/pl\\\/o-nas\\\/#local-main-organization-logo\",\"url\":\"https:\\\/\\\/i0.wp.com\\\/landioustravel.com\\\/wp-content\\\/uploads\\\/2021\\\/06\\\/Landious-T.png?fit=500%2C500&ssl=1\",\"contentUrl\":\"https:\\\/\\\/i0.wp.com\\\/landioustravel.com\\\/wp-content\\\/uploads\\\/2021\\\/06\\\/Landious-T.png?fit=500%2C500&ssl=1\",\"width\":500,\"height\":500,\"caption\":\"Landious Travel\"}]}<\/script>\n<!-- \/ Yoast SEO Premium plugin. -->","yoast_head_json":{"title":"Informacje o firmie podr\u00f3\u017cniczej Landious Travel","description":"Tury\u015bci wybieraj\u0105 firm\u0119 Landious Travel, poniewa\u017c pracujemy zawodowo w dziedzinie turystyki. R\u00f3wnie\u017c napisano o nas \u015bwietne recenzje","robots":{"index":"index","follow":"follow","max-snippet":"max-snippet:-1","max-image-preview":"max-image-preview:large","max-video-preview":"max-video-preview:-1"},"canonical":"https:\/\/landioustravel.com\/pl\/o-nas\/","og_locale":"pl_PL","og_type":"article","og_title":"O nas","og_description":"Tury\u015bci wybieraj\u0105 firm\u0119 Landious Travel, poniewa\u017c pracujemy zawodowo w dziedzinie turystyki. R\u00f3wnie\u017c napisano o nas \u015bwietne recenzje","og_url":"https:\/\/landioustravel.com\/pl\/o-nas\/","og_site_name":"Landious Travel","article_publisher":"https:\/\/web.facebook.com\/landiousEgypt","article_modified_time":"2019-07-12T17:48:33+00:00","og_image":[{"width":1024,"height":578,"url":"https:\/\/landioustravel.com\/wp-content\/uploads\/2019\/01\/Information_about_Landious_Travel-1024x578.jpg","type":"image\/jpeg"}],"twitter_card":"summary_large_image","twitter_site":"@LandiousTours","twitter_misc":{"Szacowany czas czytania":"1 minuta"},"schema":{"@context":"https:\/\/schema.org","@graph":[{"@type":"WebPage","@id":"https:\/\/landioustravel.com\/pl\/o-nas\/","url":"https:\/\/landioustravel.com\/pl\/o-nas\/","name":"Informacje o firmie podr\u00f3\u017cniczej Landious Travel","isPartOf":{"@id":"https:\/\/landioustravel.com\/pl\/#website"},"primaryImageOfPage":{"@id":"https:\/\/landioustravel.com\/pl\/o-nas\/#primaryimage"},"image":{"@id":"https:\/\/landioustravel.com\/pl\/o-nas\/#primaryimage"},"thumbnailUrl":"https:\/\/i0.wp.com\/landioustravel.com\/wp-content\/uploads\/2019\/01\/Information_about_Landious_Travel.jpg?fit=4154%2C2344&ssl=1","datePublished":"2019-03-07T00:47:41+00:00","dateModified":"2019-07-12T17:48:33+00:00","description":"Tury\u015bci wybieraj\u0105 firm\u0119 Landious Travel, poniewa\u017c pracujemy zawodowo w dziedzinie turystyki. R\u00f3wnie\u017c napisano o nas \u015bwietne recenzje","breadcrumb":{"@id":"https:\/\/landioustravel.com\/pl\/o-nas\/#breadcrumb"},"inLanguage":"pl-PL","potentialAction":[{"@type":"ReadAction","target":["https:\/\/landioustravel.com\/pl\/o-nas\/"]}]},{"@type":"ImageObject","inLanguage":"pl-PL","@id":"https:\/\/landioustravel.com\/pl\/o-nas\/#primaryimage","url":"https:\/\/i0.wp.com\/landioustravel.com\/wp-content\/uploads\/2019\/01\/Information_about_Landious_Travel.jpg?fit=4154%2C2344&ssl=1","contentUrl":"https:\/\/i0.wp.com\/landioustravel.com\/wp-content\/uploads\/2019\/01\/Information_about_Landious_Travel.jpg?fit=4154%2C2344&ssl=1","width":4154,"height":2344,"caption":"\u0645\u0639\u0644\u0648\u0645\u0627\u062a \u0639\u0646 \u0634\u0631\u0643\u0629 \u0644\u0646\u062f\u064a\u0648\u0633 \u062a\u0631\u0627\u0641\u0644"},{"@type":"BreadcrumbList","@id":"https:\/\/landioustravel.com\/pl\/o-nas\/#breadcrumb","itemListElement":[{"@type":"ListItem","position":1,"name":"Home","item":"https:\/\/landioustravel.com\/pl\/"},{"@type":"ListItem","position":2,"name":"O nas"}]},{"@type":"WebSite","@id":"https:\/\/landioustravel.com\/pl\/#website","url":"https:\/\/landioustravel.com\/pl\/","name":"Landious Travel","description":"Excursions, trips and cruises in Egypt","publisher":{"@id":"https:\/\/landioustravel.com\/pl\/#organization"},"potentialAction":[{"@type":"SearchAction","target":{"@type":"EntryPoint","urlTemplate":"https:\/\/landioustravel.com\/pl\/?s={search_term_string}"},"query-input":{"@type":"PropertyValueSpecification","valueRequired":true,"valueName":"search_term_string"}}],"inLanguage":"pl-PL"},{"@type":["Organization","Place"],"@id":"https:\/\/landioustravel.com\/pl\/#organization","name":"Landious Travel","alternateName":"Landious Travel","url":"https:\/\/landioustravel.com\/pl\/","logo":{"@id":"https:\/\/landioustravel.com\/pl\/o-nas\/#local-main-organization-logo"},"image":{"@id":"https:\/\/landioustravel.com\/pl\/o-nas\/#local-main-organization-logo"},"sameAs":["https:\/\/web.facebook.com\/landiousEgypt","https:\/\/x.com\/LandiousTours","https:\/\/mastodon.social\/@landious"],"legalName":"Landious Travel","telephone":[],"openingHoursSpecification":[{"@type":"OpeningHoursSpecification","dayOfWeek":["Monday","Tuesday","Wednesday","Thursday","Friday","Saturday","Sunday"],"opens":"09:00","closes":"17:00"}]},{"@type":"ImageObject","inLanguage":"pl-PL","@id":"https:\/\/landioustravel.com\/pl\/o-nas\/#local-main-organization-logo","url":"https:\/\/i0.wp.com\/landioustravel.com\/wp-content\/uploads\/2021\/06\/Landious-T.png?fit=500%2C500&ssl=1","contentUrl":"https:\/\/i0.wp.com\/landioustravel.com\/wp-content\/uploads\/2021\/06\/Landious-T.png?fit=500%2C500&ssl=1","width":500,"height":500,"caption":"Landious Travel"}]}},"uagb_featured_image_src":{"full":["https:\/\/i0.wp.com\/landioustravel.com\/wp-content\/uploads\/2019\/01\/Information_about_Landious_Travel.jpg?fit=4154%2C2344&ssl=1",4154,2344,false],"thumbnail":["https:\/\/i0.wp.com\/landioustravel.com\/wp-content\/uploads\/2019\/01\/Information_about_Landious_Travel.jpg?resize=150%2C150&ssl=1",150,150,true],"medium":["https:\/\/i0.wp.com\/landioustravel.com\/wp-content\/uploads\/2019\/01\/Information_about_Landious_Travel.jpg?fit=300%2C169&ssl=1",300,169,true],"medium_large":["https:\/\/i0.wp.com\/landioustravel.com\/wp-content\/uploads\/2019\/01\/Information_about_Landious_Travel.jpg?fit=768%2C433&ssl=1",768,433,true],"large":["https:\/\/i0.wp.com\/landioustravel.com\/wp-content\/uploads\/2019\/01\/Information_about_Landious_Travel.jpg?fit=980%2C553&ssl=1",980,553,true],"1536x1536":["https:\/\/i0.wp.com\/landioustravel.com\/wp-content\/uploads\/2019\/01\/Information_about_Landious_Travel.jpg?fit=1536%2C867&ssl=1",1536,867,true],"2048x2048":["https:\/\/i0.wp.com\/landioustravel.com\/wp-content\/uploads\/2019\/01\/Information_about_Landious_Travel.jpg?fit=2048%2C1156&ssl=1",2048,1156,true],"newspack-article-block-landscape-large":["https:\/\/i0.wp.com\/landioustravel.com\/wp-content\/uploads\/2019\/01\/Information_about_Landious_Travel.jpg?resize=1200%2C900&ssl=1",1200,900,true],"newspack-article-block-portrait-large":["https:\/\/i0.wp.com\/landioustravel.com\/wp-content\/uploads\/2019\/01\/Information_about_Landious_Travel.jpg?resize=900%2C1200&ssl=1",900,1200,true],"newspack-article-block-square-large":["https:\/\/i0.wp.com\/landioustravel.com\/wp-content\/uploads\/2019\/01\/Information_about_Landious_Travel.jpg?resize=1200%2C1200&ssl=1",1200,1200,true],"newspack-article-block-landscape-medium":["https:\/\/i0.wp.com\/landioustravel.com\/wp-content\/uploads\/2019\/01\/Information_about_Landious_Travel.jpg?resize=800%2C600&ssl=1",800,600,true],"newspack-article-block-portrait-medium":["https:\/\/i0.wp.com\/landioustravel.com\/wp-content\/uploads\/2019\/01\/Information_about_Landious_Travel.jpg?resize=600%2C800&ssl=1",600,800,true],"newspack-article-block-square-medium":["https:\/\/i0.wp.com\/landioustravel.com\/wp-content\/uploads\/2019\/01\/Information_about_Landious_Travel.jpg?resize=800%2C800&ssl=1",800,800,true],"newspack-article-block-landscape-intermediate":["https:\/\/i0.wp.com\/landioustravel.com\/wp-content\/uploads\/2019\/01\/Information_about_Landious_Travel.jpg?resize=600%2C450&ssl=1",600,450,true],"newspack-article-block-portrait-intermediate":["https:\/\/i0.wp.com\/landioustravel.com\/wp-content\/uploads\/2019\/01\/Information_about_Landious_Travel.jpg?resize=450%2C600&ssl=1",450,600,true],"newspack-article-block-square-intermediate":["https:\/\/i0.wp.com\/landioustravel.com\/wp-content\/uploads\/2019\/01\/Information_about_Landious_Travel.jpg?resize=600%2C600&ssl=1",600,600,true],"newspack-article-block-landscape-small":["https:\/\/i0.wp.com\/landioustravel.com\/wp-content\/uploads\/2019\/01\/Information_about_Landious_Travel.jpg?resize=400%2C300&ssl=1",400,300,true],"newspack-article-block-portrait-small":["https:\/\/i0.wp.com\/landioustravel.com\/wp-content\/uploads\/2019\/01\/Information_about_Landious_Travel.jpg?resize=300%2C400&ssl=1",300,400,true],"newspack-article-block-square-small":["https:\/\/i0.wp.com\/landioustravel.com\/wp-content\/uploads\/2019\/01\/Information_about_Landious_Travel.jpg?resize=400%2C400&ssl=1",400,400,true],"newspack-article-block-landscape-tiny":["https:\/\/i0.wp.com\/landioustravel.com\/wp-content\/uploads\/2019\/01\/Information_about_Landious_Travel.jpg?resize=200%2C150&ssl=1",200,150,true],"newspack-article-block-portrait-tiny":["https:\/\/i0.wp.com\/landioustravel.com\/wp-content\/uploads\/2019\/01\/Information_about_Landious_Travel.jpg?resize=150%2C200&ssl=1",150,200,true],"newspack-article-block-square-tiny":["https:\/\/i0.wp.com\/landioustravel.com\/wp-content\/uploads\/2019\/01\/Information_about_Landious_Travel.jpg?resize=200%2C200&ssl=1",200,200,true],"newspack-article-block-uncropped":["https:\/\/i0.wp.com\/landioustravel.com\/wp-content\/uploads\/2019\/01\/Information_about_Landious_Travel.jpg?fit=1200%2C677&ssl=1",1200,677,true],"woocommerce_thumbnail":["https:\/\/i0.wp.com\/landioustravel.com\/wp-content\/uploads\/2019\/01\/Information_about_Landious_Travel.jpg?resize=324%2C324&ssl=1",324,324,true],"woocommerce_single":["https:\/\/i0.wp.com\/landioustravel.com\/wp-content\/uploads\/2019\/01\/Information_about_Landious_Travel.jpg?fit=416%2C235&ssl=1",416,235,true],"woocommerce_gallery_thumbnail":["https:\/\/i0.wp.com\/landioustravel.com\/wp-content\/uploads\/2019\/01\/Information_about_Landious_Travel.jpg?resize=100%2C100&ssl=1",100,100,true]},"uagb_author_info":{"display_name":"Mofreh Landious","author_link":"https:\/\/landioustravel.com\/pl\/author\/landious\/"},"uagb_comment_info":0,"uagb_excerpt":"Lista us\u0142ug: na li\u015bcie naszych us\u0142ug tury\u015bci znajd\u0105 transfery w r\u00f3\u017cnych miastach i kurortach Egiptu, ogromny wyb\u00f3r wycieczek grupowych i indywidualnych, wynajem jacht\u00f3w i kupowanie pami\u0105tek","jetpack_sharing_enabled":true,"jetpack_shortlink":"https:\/\/wp.me\/Par4r5-GA","jetpack_likes_enabled":true,"amp_enabled":true,"_links":{"self":[{"href":"https:\/\/landioustravel.com\/pl\/wp-json\/wp\/v2\/pages\/2640","targetHints":{"allow":["GET"]}}],"collection":[{"href":"https:\/\/landioustravel.com\/pl\/wp-json\/wp\/v2\/pages"}],"about":[{"href":"https:\/\/landioustravel.com\/pl\/wp-json\/wp\/v2\/types\/page"}],"author":[{"embeddable":true,"href":"https:\/\/landioustravel.com\/pl\/wp-json\/wp\/v2\/users\/1"}],"replies":[{"embeddable":true,"href":"https:\/\/landioustravel.com\/pl\/wp-json\/wp\/v2\/comments?post=2640"}],"version-history":[{"count":0,"href":"https:\/\/landioustravel.com\/pl\/wp-json\/wp\/v2\/pages\/2640\/revisions"}],"wp:featuredmedia":[{"embeddable":true,"href":"https:\/\/landioustravel.com\/pl\/wp-json\/wp\/v2\/media\/2529"}],"wp:attachment":[{"href":"https:\/\/landioustravel.com\/pl\/wp-json\/wp\/v2\/media?parent=2640"}],"curies":[{"name":"wp","href":"https:\/\/api.w.org\/{rel}","templated":true}]}}