{"id":2646,"date":"2019-03-07T02:57:21","date_gmt":"2019-03-07T00:57:21","guid":{"rendered":"https:\/\/landioustravel.com\/lacznosc\/"},"modified":"2023-04-24T00:43:39","modified_gmt":"2023-04-23T22:43:39","slug":"lacznosc","status":"publish","type":"page","link":"https:\/\/landioustravel.com\/pl\/lacznosc\/","title":{"rendered":"\u0141\u0105czno\u015b\u0107"},"content":{"rendered":"\n<h2 class=\"wp-block-heading\" id=\"h-landious-travel-kontakty\">Landious Travel Kontakty<\/h2>\n\n\n\n<p>W tej sekcji podajemy nasze kontakty i pokazujemy najlepszy spos\u00f3b dotarcia do nas. Generalnie s\u0105 dwa kana\u0142y kontaktu z nami. Landious Travel ma fizyczn\u0105 lokalizacj\u0119, a tak\u017ce obecno\u015b\u0107 w Internecie. Poni\u017cej podajemy informacje o tych dw\u00f3ch kana\u0142ach:<\/p>\n\n\n\n<ul class=\"wp-block-list\">\n<li>Lokalizacja fizyczna.<\/li>\n\n\n\n<li>R\u00f3wnie\u017c obecno\u015b\u0107 w sieci.<\/li>\n<\/ul>\n\n\n\n<h3 class=\"wp-block-heading\">Fizyczna lokalizacja i adres<\/h3>\n\n\n\n<p>Landious Travel ma fizyczn\u0105 lokalizacj\u0119 w <a href=\"https:\/\/landioustravel.com\/pl\/miasto-hurghada\/\">Hurghadzie<\/a> i kilku <a href=\"https:\/\/landioustravel.com\/pl\/egipt\/miasta-egipskie\/\">egipskich miastach<\/a>. Chocia\u017c zdecydowanie zalecamy skontaktowanie si\u0119 z nami za po\u015brednictwem naszej strony internetowej lub dostarczonego telefonu kom\u00f3rkowego. Mo\u017cesz r\u00f3wnie\u017c skontaktowa\u0107 si\u0119 z nami za po\u015brednictwem naszych stron w mediach spo\u0142eczno\u015bciowych. Pami\u0119taj, \u017ce zapewniamy przedstawiciela, kt\u00f3ry spotka si\u0119 z Tob\u0105 w Twoim hotelu, je\u015bli zajdzie taka potrzeba.<\/p>\n\n\n\n<h3 class=\"wp-block-heading\">Adres w Hurghadzie<\/h3>\n\n\n\n<p><a href=\"https:\/\/landioustravel.com\/pl\/egipt\/\">Egipt<\/a>, Hurghada, Sheraton Road, Metro St.,<\/p>\n\n\n\n<div style=\"min-height:400px\" data-map-attr=\"\/qaddress\/q:\/qlandious travel\/q||\/qlat\/q:\/qundefined\/q||\/qlng\/q:\/qundefined\/q||\/qskin\/q:\/qstandard\/q||\/qzoom\/q:\/q12\/q||\/qiconSize\/q:\/q36\/q||\/qmapTypeControl\/q:\/qtrue\/q||\/qzoomControl\/q:\/qtrue\/q||\/qstreetViewControl\/q:\/qtrue\/q||\/qfullscreenControl\/q:\/qtrue\/q\" class=\"wp-block-coblocks-map\"><iframe title=\"Google Map\" frameborder=\"0\" style=\"width:100%;min-height:400px\" src=\"https:\/\/www.google.com\/maps?q=landious%20travel&amp;output=embed&amp;hl=en-US&amp;z=12\"><\/iframe><\/div>\n\n\n\n<h3 class=\"wp-block-heading\">Obecno\u015b\u0107 w Internecie<\/h3>\n\n\n\n<p>Zesp\u00f3\u0142 Landious Travel z przyjemno\u015bci\u0105 otrzyma Twoje rezerwacje za po\u015brednictwem tej strony internetowej. Zach\u0119camy Ci\u0119 bardzo do zarezerwowania us\u0142ugi (wycieczki, wycieczki lub wycieczki) za po\u015brednictwem naszej strony poprzez dodanie Produktu do Koszyka i przej\u015bcie do procedur kasowych. Mo\u017cesz r\u00f3wnie\u017c skontaktowa\u0107 si\u0119 z nami pod naszym numerem telefonu kom\u00f3rkowego \/ WhatsApp \/ Viber. Jeste\u015bmy r\u00f3wnie\u017c obecni w mediach spo\u0142eczno\u015bciowych: Facebook, <a href=\"https:\/\/www.google.com\/maps\/place\/LANDIOUS+TRAVEL\/@27.214958,33.83836,15z\/data=!4m5!3m4!1s0x0:0xf227e58531516b2a!8m2!3d27.214958!4d33.83836\" target=\"_blank\" rel=\"noreferrer noopener\">Google My Business<\/a> i Twitter. Oczywi\u015bcie mo\u017cesz skorzysta\u0107 z jednego z tych kana\u0142\u00f3w medi\u00f3w spo\u0142eczno\u015bciowych, aby nas zdoby\u0107.<\/p>\n\n\n\n<h2 class=\"wp-block-heading\">Rezerwacja i informacje<\/h2>\n\n\n\n<ul class=\"wp-block-list\">\n<li>Telefon kom\u00f3rkowy: +2 01019611266<\/li>\n\n\n\n<li>mofreh78eg@gmail.com<\/li>\n<\/ul>\n\n\n\n<h2 class=\"wp-block-heading\">Osoba kontaktowa<\/h2>\n\n\n\n<ul class=\"wp-block-list\">\n<li>Re\u017cyser: Mofreh Landious<\/li>\n\n\n\n<li>Kierownik sprzeda\u017cy: Taysseer Zachary<\/li>\n<\/ul>\n","protected":false},"excerpt":{"rendered":"<p>Landious Travel &#8211; Egipt, Hurghada, Sheraton Street, naprzeciwko hotelu Seagull, mofreh78eg@gmail.com, +2 01019611266, +2 01123012284<\/p>\n","protected":false},"author":1,"featured_media":2647,"parent":0,"menu_order":2,"comment_status":"open","ping_status":"closed","template":"","meta":{"_coblocks_attr":"","_coblocks_dimensions":"","_coblocks_responsive_height":"","_coblocks_accordion_ie_support":"","_uag_custom_page_level_css":"","footnotes":""},"class_list":["post-2646","page","type-page","status-publish","has-post-thumbnail","hentry"],"yoast_head":"<!-- This site is optimized with the Yoast SEO Premium plugin v27.5 (Yoast SEO v27.5) - https:\/\/yoast.com\/product\/yoast-seo-premium-wordpress\/ -->\n<title>\u0141\u0105czno\u015b\u0107 - Rezerwacja i informacje - Landious Travel<\/title>\n<meta name=\"description\" content=\"\u0141\u0105czno\u015b\u0107 Landious Travel ma fizyczn\u0105 lokalizacj\u0119 w Hurghadzie i kilku egipskich miastach. Chocia\u017c zdecydowanie zalecamy skontaktowanie si\u0119\" \/>\n<meta name=\"robots\" content=\"index, follow, max-snippet:-1, max-image-preview:large, max-video-preview:-1\" \/>\n<link rel=\"canonical\" href=\"https:\/\/landioustravel.com\/pl\/lacznosc\/\" \/>\n<meta property=\"og:locale\" content=\"pl_PL\" \/>\n<meta property=\"og:type\" content=\"article\" \/>\n<meta property=\"og:title\" content=\"\u0141\u0105czno\u015b\u0107\" \/>\n<meta property=\"og:description\" content=\"\u0141\u0105czno\u015b\u0107 Landious Travel ma fizyczn\u0105 lokalizacj\u0119 w Hurghadzie i kilku egipskich miastach. Chocia\u017c zdecydowanie zalecamy skontaktowanie si\u0119\" \/>\n<meta property=\"og:url\" content=\"https:\/\/landioustravel.com\/pl\/lacznosc\/\" \/>\n<meta property=\"og:site_name\" content=\"Landious Travel\" \/>\n<meta property=\"article:publisher\" content=\"https:\/\/web.facebook.com\/landiousEgypt\" \/>\n<meta property=\"article:modified_time\" content=\"2023-04-23T22:43:39+00:00\" \/>\n<meta property=\"og:image\" content=\"https:\/\/i0.wp.com\/landioustravel.com\/wp-content\/uploads\/2018\/11\/landious_tours_contacts-3478275303-1542214415582-e1547881639415.jpg?fit=1200%2C675&ssl=1\" \/>\n\t<meta property=\"og:image:width\" content=\"1200\" \/>\n\t<meta property=\"og:image:height\" content=\"675\" \/>\n\t<meta property=\"og:image:type\" content=\"image\/jpeg\" \/>\n<meta name=\"twitter:card\" content=\"summary_large_image\" \/>\n<meta name=\"twitter:site\" content=\"@LandiousTours\" \/>\n<meta name=\"twitter:label1\" content=\"Szacowany czas czytania\" \/>\n\t<meta name=\"twitter:data1\" content=\"2 minuty\" \/>\n<script type=\"application\/ld+json\" class=\"yoast-schema-graph\">{\"@context\":\"https:\\\/\\\/schema.org\",\"@graph\":[{\"@type\":\"WebPage\",\"@id\":\"https:\\\/\\\/landioustravel.com\\\/pl\\\/lacznosc\\\/\",\"url\":\"https:\\\/\\\/landioustravel.com\\\/pl\\\/lacznosc\\\/\",\"name\":\"\u0141\u0105czno\u015b\u0107 - Rezerwacja i informacje - Landious Travel\",\"isPartOf\":{\"@id\":\"https:\\\/\\\/landioustravel.com\\\/pl\\\/#website\"},\"primaryImageOfPage\":{\"@id\":\"https:\\\/\\\/landioustravel.com\\\/pl\\\/lacznosc\\\/#primaryimage\"},\"image\":{\"@id\":\"https:\\\/\\\/landioustravel.com\\\/pl\\\/lacznosc\\\/#primaryimage\"},\"thumbnailUrl\":\"https:\\\/\\\/i0.wp.com\\\/landioustravel.com\\\/wp-content\\\/uploads\\\/2018\\\/11\\\/landious_tours_contacts-3478275303-1542214415582-e1547881639415.jpg?fit=1200%2C675&ssl=1\",\"datePublished\":\"2019-03-07T00:57:21+00:00\",\"dateModified\":\"2023-04-23T22:43:39+00:00\",\"description\":\"\u0141\u0105czno\u015b\u0107 Landious Travel ma fizyczn\u0105 lokalizacj\u0119 w Hurghadzie i kilku egipskich miastach. Chocia\u017c zdecydowanie zalecamy skontaktowanie si\u0119\",\"breadcrumb\":{\"@id\":\"https:\\\/\\\/landioustravel.com\\\/pl\\\/lacznosc\\\/#breadcrumb\"},\"inLanguage\":\"pl-PL\",\"potentialAction\":[{\"@type\":\"ReadAction\",\"target\":[\"https:\\\/\\\/landioustravel.com\\\/pl\\\/lacznosc\\\/\"]}]},{\"@type\":\"ImageObject\",\"inLanguage\":\"pl-PL\",\"@id\":\"https:\\\/\\\/landioustravel.com\\\/pl\\\/lacznosc\\\/#primaryimage\",\"url\":\"https:\\\/\\\/i0.wp.com\\\/landioustravel.com\\\/wp-content\\\/uploads\\\/2018\\\/11\\\/landious_tours_contacts-3478275303-1542214415582-e1547881639415.jpg?fit=1200%2C675&ssl=1\",\"contentUrl\":\"https:\\\/\\\/i0.wp.com\\\/landioustravel.com\\\/wp-content\\\/uploads\\\/2018\\\/11\\\/landious_tours_contacts-3478275303-1542214415582-e1547881639415.jpg?fit=1200%2C675&ssl=1\",\"width\":1200,\"height\":675,\"caption\":\"\u0141\u0105czno\u015b\u0107\"},{\"@type\":\"BreadcrumbList\",\"@id\":\"https:\\\/\\\/landioustravel.com\\\/pl\\\/lacznosc\\\/#breadcrumb\",\"itemListElement\":[{\"@type\":\"ListItem\",\"position\":1,\"name\":\"Home\",\"item\":\"https:\\\/\\\/landioustravel.com\\\/pl\\\/\"},{\"@type\":\"ListItem\",\"position\":2,\"name\":\"\u0141\u0105czno\u015b\u0107\"}]},{\"@type\":\"WebSite\",\"@id\":\"https:\\\/\\\/landioustravel.com\\\/pl\\\/#website\",\"url\":\"https:\\\/\\\/landioustravel.com\\\/pl\\\/\",\"name\":\"Landious Travel\",\"description\":\"Excursions, trips and cruises in Egypt\",\"publisher\":{\"@id\":\"https:\\\/\\\/landioustravel.com\\\/pl\\\/#organization\"},\"potentialAction\":[{\"@type\":\"SearchAction\",\"target\":{\"@type\":\"EntryPoint\",\"urlTemplate\":\"https:\\\/\\\/landioustravel.com\\\/pl\\\/?s={search_term_string}\"},\"query-input\":{\"@type\":\"PropertyValueSpecification\",\"valueRequired\":true,\"valueName\":\"search_term_string\"}}],\"inLanguage\":\"pl-PL\"},{\"@type\":[\"Organization\",\"Place\"],\"@id\":\"https:\\\/\\\/landioustravel.com\\\/pl\\\/#organization\",\"name\":\"Landious Travel\",\"alternateName\":\"Landious Travel\",\"url\":\"https:\\\/\\\/landioustravel.com\\\/pl\\\/\",\"logo\":{\"@id\":\"https:\\\/\\\/landioustravel.com\\\/pl\\\/lacznosc\\\/#local-main-organization-logo\"},\"image\":{\"@id\":\"https:\\\/\\\/landioustravel.com\\\/pl\\\/lacznosc\\\/#local-main-organization-logo\"},\"sameAs\":[\"https:\\\/\\\/web.facebook.com\\\/landiousEgypt\",\"https:\\\/\\\/x.com\\\/LandiousTours\",\"https:\\\/\\\/mastodon.social\\\/@landious\"],\"legalName\":\"Landious Travel\",\"telephone\":[],\"openingHoursSpecification\":[{\"@type\":\"OpeningHoursSpecification\",\"dayOfWeek\":[\"Monday\",\"Tuesday\",\"Wednesday\",\"Thursday\",\"Friday\",\"Saturday\",\"Sunday\"],\"opens\":\"09:00\",\"closes\":\"17:00\"}]},{\"@type\":\"ImageObject\",\"inLanguage\":\"pl-PL\",\"@id\":\"https:\\\/\\\/landioustravel.com\\\/pl\\\/lacznosc\\\/#local-main-organization-logo\",\"url\":\"https:\\\/\\\/i0.wp.com\\\/landioustravel.com\\\/wp-content\\\/uploads\\\/2021\\\/06\\\/Landious-T.png?fit=500%2C500&ssl=1\",\"contentUrl\":\"https:\\\/\\\/i0.wp.com\\\/landioustravel.com\\\/wp-content\\\/uploads\\\/2021\\\/06\\\/Landious-T.png?fit=500%2C500&ssl=1\",\"width\":500,\"height\":500,\"caption\":\"Landious Travel\"}]}<\/script>\n<!-- \/ Yoast SEO Premium plugin. -->","yoast_head_json":{"title":"\u0141\u0105czno\u015b\u0107 - Rezerwacja i informacje - Landious Travel","description":"\u0141\u0105czno\u015b\u0107 Landious Travel ma fizyczn\u0105 lokalizacj\u0119 w Hurghadzie i kilku egipskich miastach. Chocia\u017c zdecydowanie zalecamy skontaktowanie si\u0119","robots":{"index":"index","follow":"follow","max-snippet":"max-snippet:-1","max-image-preview":"max-image-preview:large","max-video-preview":"max-video-preview:-1"},"canonical":"https:\/\/landioustravel.com\/pl\/lacznosc\/","og_locale":"pl_PL","og_type":"article","og_title":"\u0141\u0105czno\u015b\u0107","og_description":"\u0141\u0105czno\u015b\u0107 Landious Travel ma fizyczn\u0105 lokalizacj\u0119 w Hurghadzie i kilku egipskich miastach. Chocia\u017c zdecydowanie zalecamy skontaktowanie si\u0119","og_url":"https:\/\/landioustravel.com\/pl\/lacznosc\/","og_site_name":"Landious Travel","article_publisher":"https:\/\/web.facebook.com\/landiousEgypt","article_modified_time":"2023-04-23T22:43:39+00:00","og_image":[{"width":1200,"height":675,"url":"https:\/\/i0.wp.com\/landioustravel.com\/wp-content\/uploads\/2018\/11\/landious_tours_contacts-3478275303-1542214415582-e1547881639415.jpg?fit=1200%2C675&ssl=1","type":"image\/jpeg"}],"twitter_card":"summary_large_image","twitter_site":"@LandiousTours","twitter_misc":{"Szacowany czas czytania":"2 minuty"},"schema":{"@context":"https:\/\/schema.org","@graph":[{"@type":"WebPage","@id":"https:\/\/landioustravel.com\/pl\/lacznosc\/","url":"https:\/\/landioustravel.com\/pl\/lacznosc\/","name":"\u0141\u0105czno\u015b\u0107 - Rezerwacja i informacje - Landious Travel","isPartOf":{"@id":"https:\/\/landioustravel.com\/pl\/#website"},"primaryImageOfPage":{"@id":"https:\/\/landioustravel.com\/pl\/lacznosc\/#primaryimage"},"image":{"@id":"https:\/\/landioustravel.com\/pl\/lacznosc\/#primaryimage"},"thumbnailUrl":"https:\/\/i0.wp.com\/landioustravel.com\/wp-content\/uploads\/2018\/11\/landious_tours_contacts-3478275303-1542214415582-e1547881639415.jpg?fit=1200%2C675&ssl=1","datePublished":"2019-03-07T00:57:21+00:00","dateModified":"2023-04-23T22:43:39+00:00","description":"\u0141\u0105czno\u015b\u0107 Landious Travel ma fizyczn\u0105 lokalizacj\u0119 w Hurghadzie i kilku egipskich miastach. Chocia\u017c zdecydowanie zalecamy skontaktowanie si\u0119","breadcrumb":{"@id":"https:\/\/landioustravel.com\/pl\/lacznosc\/#breadcrumb"},"inLanguage":"pl-PL","potentialAction":[{"@type":"ReadAction","target":["https:\/\/landioustravel.com\/pl\/lacznosc\/"]}]},{"@type":"ImageObject","inLanguage":"pl-PL","@id":"https:\/\/landioustravel.com\/pl\/lacznosc\/#primaryimage","url":"https:\/\/i0.wp.com\/landioustravel.com\/wp-content\/uploads\/2018\/11\/landious_tours_contacts-3478275303-1542214415582-e1547881639415.jpg?fit=1200%2C675&ssl=1","contentUrl":"https:\/\/i0.wp.com\/landioustravel.com\/wp-content\/uploads\/2018\/11\/landious_tours_contacts-3478275303-1542214415582-e1547881639415.jpg?fit=1200%2C675&ssl=1","width":1200,"height":675,"caption":"\u0141\u0105czno\u015b\u0107"},{"@type":"BreadcrumbList","@id":"https:\/\/landioustravel.com\/pl\/lacznosc\/#breadcrumb","itemListElement":[{"@type":"ListItem","position":1,"name":"Home","item":"https:\/\/landioustravel.com\/pl\/"},{"@type":"ListItem","position":2,"name":"\u0141\u0105czno\u015b\u0107"}]},{"@type":"WebSite","@id":"https:\/\/landioustravel.com\/pl\/#website","url":"https:\/\/landioustravel.com\/pl\/","name":"Landious Travel","description":"Excursions, trips and cruises in Egypt","publisher":{"@id":"https:\/\/landioustravel.com\/pl\/#organization"},"potentialAction":[{"@type":"SearchAction","target":{"@type":"EntryPoint","urlTemplate":"https:\/\/landioustravel.com\/pl\/?s={search_term_string}"},"query-input":{"@type":"PropertyValueSpecification","valueRequired":true,"valueName":"search_term_string"}}],"inLanguage":"pl-PL"},{"@type":["Organization","Place"],"@id":"https:\/\/landioustravel.com\/pl\/#organization","name":"Landious Travel","alternateName":"Landious Travel","url":"https:\/\/landioustravel.com\/pl\/","logo":{"@id":"https:\/\/landioustravel.com\/pl\/lacznosc\/#local-main-organization-logo"},"image":{"@id":"https:\/\/landioustravel.com\/pl\/lacznosc\/#local-main-organization-logo"},"sameAs":["https:\/\/web.facebook.com\/landiousEgypt","https:\/\/x.com\/LandiousTours","https:\/\/mastodon.social\/@landious"],"legalName":"Landious Travel","telephone":[],"openingHoursSpecification":[{"@type":"OpeningHoursSpecification","dayOfWeek":["Monday","Tuesday","Wednesday","Thursday","Friday","Saturday","Sunday"],"opens":"09:00","closes":"17:00"}]},{"@type":"ImageObject","inLanguage":"pl-PL","@id":"https:\/\/landioustravel.com\/pl\/lacznosc\/#local-main-organization-logo","url":"https:\/\/i0.wp.com\/landioustravel.com\/wp-content\/uploads\/2021\/06\/Landious-T.png?fit=500%2C500&ssl=1","contentUrl":"https:\/\/i0.wp.com\/landioustravel.com\/wp-content\/uploads\/2021\/06\/Landious-T.png?fit=500%2C500&ssl=1","width":500,"height":500,"caption":"Landious Travel"}]}},"uagb_featured_image_src":{"full":["https:\/\/i0.wp.com\/landioustravel.com\/wp-content\/uploads\/2018\/11\/landious_tours_contacts-3478275303-1542214415582-e1547881639415.jpg?fit=1200%2C675&ssl=1",1200,675,false],"thumbnail":["https:\/\/i0.wp.com\/landioustravel.com\/wp-content\/uploads\/2018\/11\/landious_tours_contacts-3478275303-1542214415582-e1547881639415.jpg?resize=150%2C150&ssl=1",150,150,true],"medium":["https:\/\/i0.wp.com\/landioustravel.com\/wp-content\/uploads\/2018\/11\/landious_tours_contacts-3478275303-1542214415582-e1547881639415.jpg?fit=300%2C169&ssl=1",300,169,true],"medium_large":["https:\/\/i0.wp.com\/landioustravel.com\/wp-content\/uploads\/2018\/11\/landious_tours_contacts-3478275303-1542214415582-e1547881639415.jpg?fit=768%2C432&ssl=1",768,432,true],"large":["https:\/\/i0.wp.com\/landioustravel.com\/wp-content\/uploads\/2018\/11\/landious_tours_contacts-3478275303-1542214415582-e1547881639415.jpg?fit=980%2C551&ssl=1",980,551,true],"1536x1536":["https:\/\/i0.wp.com\/landioustravel.com\/wp-content\/uploads\/2018\/11\/landious_tours_contacts-3478275303-1542214415582-e1547881639415.jpg?fit=1200%2C675&ssl=1",1200,675,true],"2048x2048":["https:\/\/i0.wp.com\/landioustravel.com\/wp-content\/uploads\/2018\/11\/landious_tours_contacts-3478275303-1542214415582-e1547881639415.jpg?fit=1200%2C675&ssl=1",1200,675,true],"newspack-article-block-landscape-large":["https:\/\/i0.wp.com\/landioustravel.com\/wp-content\/uploads\/2018\/11\/landious_tours_contacts-3478275303-1542214415582-e1547881639415.jpg?resize=1200%2C675&ssl=1",1200,675,true],"newspack-article-block-portrait-large":["https:\/\/i0.wp.com\/landioustravel.com\/wp-content\/uploads\/2018\/11\/landious_tours_contacts-3478275303-1542214415582-e1547881639415.jpg?resize=900%2C675&ssl=1",900,675,true],"newspack-article-block-square-large":["https:\/\/i0.wp.com\/landioustravel.com\/wp-content\/uploads\/2018\/11\/landious_tours_contacts-3478275303-1542214415582-e1547881639415.jpg?resize=1200%2C675&ssl=1",1200,675,true],"newspack-article-block-landscape-medium":["https:\/\/i0.wp.com\/landioustravel.com\/wp-content\/uploads\/2018\/11\/landious_tours_contacts-3478275303-1542214415582-e1547881639415.jpg?resize=800%2C600&ssl=1",800,600,true],"newspack-article-block-portrait-medium":["https:\/\/i0.wp.com\/landioustravel.com\/wp-content\/uploads\/2018\/11\/landious_tours_contacts-3478275303-1542214415582-e1547881639415.jpg?resize=600%2C675&ssl=1",600,675,true],"newspack-article-block-square-medium":["https:\/\/i0.wp.com\/landioustravel.com\/wp-content\/uploads\/2018\/11\/landious_tours_contacts-3478275303-1542214415582-e1547881639415.jpg?resize=800%2C675&ssl=1",800,675,true],"newspack-article-block-landscape-intermediate":["https:\/\/i0.wp.com\/landioustravel.com\/wp-content\/uploads\/2018\/11\/landious_tours_contacts-3478275303-1542214415582-e1547881639415.jpg?resize=600%2C450&ssl=1",600,450,true],"newspack-article-block-portrait-intermediate":["https:\/\/i0.wp.com\/landioustravel.com\/wp-content\/uploads\/2018\/11\/landious_tours_contacts-3478275303-1542214415582-e1547881639415.jpg?resize=450%2C600&ssl=1",450,600,true],"newspack-article-block-square-intermediate":["https:\/\/i0.wp.com\/landioustravel.com\/wp-content\/uploads\/2018\/11\/landious_tours_contacts-3478275303-1542214415582-e1547881639415.jpg?resize=600%2C600&ssl=1",600,600,true],"newspack-article-block-landscape-small":["https:\/\/i0.wp.com\/landioustravel.com\/wp-content\/uploads\/2018\/11\/landious_tours_contacts-3478275303-1542214415582-e1547881639415.jpg?resize=400%2C300&ssl=1",400,300,true],"newspack-article-block-portrait-small":["https:\/\/i0.wp.com\/landioustravel.com\/wp-content\/uploads\/2018\/11\/landious_tours_contacts-3478275303-1542214415582-e1547881639415.jpg?resize=300%2C400&ssl=1",300,400,true],"newspack-article-block-square-small":["https:\/\/i0.wp.com\/landioustravel.com\/wp-content\/uploads\/2018\/11\/landious_tours_contacts-3478275303-1542214415582-e1547881639415.jpg?resize=400%2C400&ssl=1",400,400,true],"newspack-article-block-landscape-tiny":["https:\/\/i0.wp.com\/landioustravel.com\/wp-content\/uploads\/2018\/11\/landious_tours_contacts-3478275303-1542214415582-e1547881639415.jpg?resize=200%2C150&ssl=1",200,150,true],"newspack-article-block-portrait-tiny":["https:\/\/i0.wp.com\/landioustravel.com\/wp-content\/uploads\/2018\/11\/landious_tours_contacts-3478275303-1542214415582-e1547881639415.jpg?resize=150%2C200&ssl=1",150,200,true],"newspack-article-block-square-tiny":["https:\/\/i0.wp.com\/landioustravel.com\/wp-content\/uploads\/2018\/11\/landious_tours_contacts-3478275303-1542214415582-e1547881639415.jpg?resize=200%2C200&ssl=1",200,200,true],"newspack-article-block-uncropped":["https:\/\/i0.wp.com\/landioustravel.com\/wp-content\/uploads\/2018\/11\/landious_tours_contacts-3478275303-1542214415582-e1547881639415.jpg?fit=1200%2C675&ssl=1",1200,675,true],"woocommerce_thumbnail":["https:\/\/i0.wp.com\/landioustravel.com\/wp-content\/uploads\/2018\/11\/landious_tours_contacts-3478275303-1542214415582-e1547881639415.jpg?resize=324%2C324&ssl=1",324,324,true],"woocommerce_single":["https:\/\/i0.wp.com\/landioustravel.com\/wp-content\/uploads\/2018\/11\/landious_tours_contacts-3478275303-1542214415582-e1547881639415.jpg?fit=416%2C234&ssl=1",416,234,true],"woocommerce_gallery_thumbnail":["https:\/\/i0.wp.com\/landioustravel.com\/wp-content\/uploads\/2018\/11\/landious_tours_contacts-3478275303-1542214415582-e1547881639415.jpg?resize=100%2C100&ssl=1",100,100,true]},"uagb_author_info":{"display_name":"Mofreh Landious","author_link":"https:\/\/landioustravel.com\/pl\/author\/landious\/"},"uagb_comment_info":0,"uagb_excerpt":"Landious Travel - Egipt, Hurghada, Sheraton Street, naprzeciwko hotelu Seagull, mofreh78eg@gmail.com, +2 01019611266, +2 01123012284","jetpack_sharing_enabled":true,"jetpack_shortlink":"https:\/\/wp.me\/Par4r5-GG","jetpack_likes_enabled":true,"amp_enabled":true,"_links":{"self":[{"href":"https:\/\/landioustravel.com\/pl\/wp-json\/wp\/v2\/pages\/2646","targetHints":{"allow":["GET"]}}],"collection":[{"href":"https:\/\/landioustravel.com\/pl\/wp-json\/wp\/v2\/pages"}],"about":[{"href":"https:\/\/landioustravel.com\/pl\/wp-json\/wp\/v2\/types\/page"}],"author":[{"embeddable":true,"href":"https:\/\/landioustravel.com\/pl\/wp-json\/wp\/v2\/users\/1"}],"replies":[{"embeddable":true,"href":"https:\/\/landioustravel.com\/pl\/wp-json\/wp\/v2\/comments?post=2646"}],"version-history":[{"count":2,"href":"https:\/\/landioustravel.com\/pl\/wp-json\/wp\/v2\/pages\/2646\/revisions"}],"predecessor-version":[{"id":141353,"href":"https:\/\/landioustravel.com\/pl\/wp-json\/wp\/v2\/pages\/2646\/revisions\/141353"}],"wp:featuredmedia":[{"embeddable":true,"href":"https:\/\/landioustravel.com\/pl\/wp-json\/wp\/v2\/media\/2647"}],"wp:attachment":[{"href":"https:\/\/landioustravel.com\/pl\/wp-json\/wp\/v2\/media?parent=2646"}],"curies":[{"name":"wp","href":"https:\/\/api.w.org\/{rel}","templated":true}]}}