{"id":32582,"date":"2021-06-10T02:54:21","date_gmt":"2021-06-10T00:54:21","guid":{"rendered":"https:\/\/landioustravel.com\/?page_id=32582"},"modified":"2021-06-10T02:54:21","modified_gmt":"2021-06-10T00:54:21","slug":"cytadela-kairska","status":"publish","type":"page","link":"https:\/\/landioustravel.com\/pl\/cytadela-kairska\/","title":{"rendered":"Cytadela Kairska"},"content":{"rendered":"<p>Cytadela Kairska lub Cytadela Saladyna to kultowy pomnik w islamskim <a href=\"https:\/\/landioustravel.com\/pl\/egipt\/miasta-egipskie\/gubernatorstwo-kairskie\/\">Kairze<\/a>. Pierwotnie nazywana po arabsku Qala\u02bfat Sal\u0101\u1e25 ad-D\u012bn, Cytadela jest szczytem historii. Po\u0142o\u017cony na g\u0142\u0119bokim zboczu fort oferuje najwspanialszy widok na Stary Kair. El-Nasir Salah El-Din Yusuf Ibn Ayyub zbudowa\u0142 t\u0119 cytadel\u0119 w <a href=\"https:\/\/landioustravel.com\/pl\/egipt\/\">Egipcie<\/a>.<\/p>\n<p>Su\u0142tan przeznaczy\u0142 fort do ochrony Kairu przed potencjalnymi atakami krzy\u017cowc\u00f3w. Ponadto w 1976 roku <a href=\"https:\/\/whc.unesco.org\/en\/statesparties\/pl\" target=\"_blank\" rel=\"noopener\">UNESCO<\/a> wpisa\u0142o ten zabytek na List\u0119 \u015awiatowego Dziedzictwa. Ta wspania\u0142a budowla by\u0142a \u015bwiadkiem wielu wydarze\u0144 historycznych na przestrzeni dziej\u00f3w.<\/p>\n<h2>Lokalizacja Cytadeli Kairskiej<\/h2>\n<p>Po\u0142o\u017cenie Cytadeli na wzg\u00f3rzach Mokattam zapewnia strategiczn\u0105 pozycj\u0119 nad miastem. Po\u0142o\u017cony w centrum Kairu, obszar ten jest najwy\u017cszym punktem w Kairze. Cytadel\u0119 mo\u017cna znale\u017a\u0107 od 15 do 25 minut od centrum Kairu.<\/p>\n<h2>Kim by\u0142 Saladyn?<\/h2>\n<p>Saladyn jest pierwszym su\u0142tanem Egiptu i Syrii. Prowadzi\u0142 muzu\u0142ma\u0144sk\u0105 kampani\u0119 wojskow\u0105 przeciwko pa\u0144stwom krzy\u017cowc\u00f3w. Ostatecznie zdoby\u0142 Jerozolim\u0119, czyni\u0105c j\u0105 pa\u0144stwem islamskim. Historia opisuje go jako przyw\u00f3dc\u0119 charytatywnego i religijnego.<\/p>\n<h2>Pow\u00f3d budowy Cytadeli Kairskiej<\/h2>\n<p>Fort by\u0142 najbardziej imponuj\u0105c\u0105 i ambitn\u0105 fortyfikacj\u0105 wojskow\u0105 swoich czas\u00f3w. Su\u0142tan rozpocz\u0105\u0142 budow\u0119 na du\u017cej dzia\u0142ce pod wzg\u00f3rzami Muqattam. Dlatego to ustawienie sprawi\u0142o, \u017ce Cytadela by\u0142a trudnym miejscem do ataku. Cytadela w Kairze pozosta\u0142a sercem egipskiego rz\u0105du a\u017c do XIX wieku.<\/p>\n<p>Kurdyjski w\u0142adca Ajjubid\u00f3w Salah al-Din (Saladyn) rozpocz\u0105\u0142 projekt mi\u0119dzy 1176 a 1183 rokiem n.e. Saladyn postanowi\u0142 zbudowa\u0107 mur otaczaj\u0105cy Kair i Fustat.<\/p>\n<p>Saladyn przej\u0105\u0142 kontrol\u0119 nad Egiptem i zdecydowa\u0142, \u017ce Kair powinien mie\u0107 lepsz\u0105 fortyfikacj\u0119. Uwa\u017ca\u0142, \u017ce ufortyfikowana cytadela ochroni miasto przed przysz\u0142ymi atakami. Co wi\u0119cej, w tym czasie ryzyko atak\u00f3w krzy\u017cowc\u00f3w by\u0142o szczytowe.<\/p>\n<p>Su\u0142tan znalaz\u0142 inspiracj\u0119 w cytadelach syryjskich i liba\u0144skich. Co wi\u0119cej, uzna\u0142 znaczenie pot\u0119\u017cnego fortu w ochronie Kairu.<\/p>\n<h2>Historia budowy<\/h2>\n<p>Budow\u0119 fortu rozpocz\u0119to w 1176 roku. Uko\u0144czono go jednak dopiero w 1182 roku. Budow\u0119 zako\u0144czono za panowania Al Malek El Kamel. W ten spos\u00f3b Al Malek zosta\u0142 pierwszym w\u0142adc\u0105 rezyduj\u0105cym w Cytadeli.<\/p>\n<p>Saladyn powierzy\u0142 nadzorowanie budowy swojemu bliskiemu powiernikowi Baha al-Din Qaraqush. Wi\u0119kszo\u015b\u0107 konstrukcji sk\u0142ada si\u0119 z wapienia wydobywanego z okolicznych wzg\u00f3rz.<\/p>\n<p>Staro\u017cytne opowie\u015bci m\u00f3wi\u0105, \u017ce Saladyn wzi\u0105\u0142 kamienie z niekt\u00f3rych piramid w Gizie. Nast\u0119pnie sta\u0142y si\u0119 cz\u0119\u015bci\u0105 fortu. By\u0107 mo\u017ce przy budowie pracowali \u017co\u0142nierze armii wraz z je\u0144cami krzy\u017cowc\u00f3w.<\/p>\n<p>W Cytadeli wykopali ogromn\u0105 studni\u0119. Na wypadek, gdyby krzy\u017cowcy rozpocz\u0119li obl\u0119\u017cenie fortu, \u017co\u0142nierze mieliby zapas wody. W XII wieku budowa tej studni by\u0142a niczym innym jak cudem. Co wi\u0119cej, mia\u0142 90 metr\u00f3w g\u0142\u0119boko\u015bci i by\u0142 wkopany w najtwardsze ska\u0142y.<\/p>\n<p>Cytadela Kairska to jedna z najbardziej eleganckich twierdz \u015bredniowiecza. Co wi\u0119cej, jego strategiczne po\u0142o\u017cenie zapewnia\u0142o widok z lotu ptaka na Stary Kair. Gdyby wrogowie kiedykolwiek zdobyli Kair, Cytadela by\u0142aby doskona\u0142ym miejscem do odwrotu. St\u0105d by\u0142a to prawdziwa definicja twierdzy.<\/p>\n<h2>Wst\u0119pny uk\u0142ad fortu<\/h2>\n<p>Pocz\u0105tkowa twierdza sk\u0142ada\u0142a si\u0119 zasadniczo z dzisiejszego zamkni\u0119cia p\u00f3\u0142nocnego i zamkni\u0119cia po\u0142udniowego. Pierwotna po\u0142udniowo-zachodnia cz\u0119\u015b\u0107 fortu znikn\u0119\u0142a dzisiaj. Najprawdopodobniej rozci\u0105ga\u0142 si\u0119 wok\u00f3\u0142 obecnego miejsca meczetu al-Nasira Mahometa. Cz\u0119\u015b\u0107 po\u0142udniowa s\u0142u\u017cy\u0142a kr\u00f3lowi jako rezydencja. Natomiast cz\u0119\u015b\u0107 p\u00f3\u0142nocna pe\u0142ni\u0142a funkcj\u0119 fortu wojskowego.<\/p>\n<p>Cytadela otoczy\u0142a si\u0119 kilkoma murami i wie\u017cami. Co 100 metr\u00f3w znajdowa\u0142a si\u0119 wie\u017ca. Fort posiada\u0142 kilka bram. Obecna brama, zwana Bram\u0105 Mokattam, zosta\u0142a zbudowana za czas\u00f3w dynastii osma\u0144skiej. P\u00f3\u017aniej Muhammad Ali wykona\u0142 now\u0105 bram\u0119 w 1827 roku.<\/p>\n<h2>Brama El Mokatam<\/h2>\n<p>Budowa bramy mia\u0142a miejsce w okresie osma\u0144skim. Obecnie nazywa si\u0119 to bram\u0105 Salah Salem, nawi\u0105zuj\u0105c do jej aktualnej lokalizacji. Brama Mokattam zosta\u0142a zbudowana na po\u0142udnie od wie\u017cy Mokattam.<\/p>\n<p>Z biegiem czasu brama uleg\u0142a uszkodzeniom i zosta\u0142a g\u0142\u00f3wnie utracona, gdy egipski rz\u0105d dokona\u0142 zmian. Budowa drzwi Salah Salem mia\u0142a miejsce w 1955 roku. Tutaj mia\u0142a miejsce budowa nowych drzwi. Dlatego czyni\u0105c z niej bram\u0119, z kt\u00f3rej go\u015bcie dzi\u015b wchodz\u0105 do Cytadeli.<\/p>\n<h2>Bab EL Hadid lub \u017belazna Brama<\/h2>\n<p>Mohammed Ali skonstruowa\u0142 \u017belazn\u0105 Bram\u0119 w 1822 roku. Wybrukowa\u0142 drog\u0119, kt\u00f3ra \u0142\u0105czy\u0142a t\u0119 bram\u0119 z reszt\u0105 Kairu. Co wi\u0119cej, dzi\u015b znany jest jako Ulice Bab Al Hadeed.<\/p>\n<h2>Dalsza budowa wewn\u0105trz Cytadeli Kairskiej<\/h2>\n<ul>\n<li>Mamelucy<\/li>\n<\/ul>\n<p>Mamelucy obalili dynasti\u0119 Ajjubid\u00f3w Saladyna. P\u00f3\u017aniej rozbudowali kompleks. Cz\u0119\u015bci\u0105 budowli sta\u0142y si\u0119 wspania\u0142e pa\u0142ace i haremy. Budynki zbudowane pod mamelukami zdominowa\u0142y panoram\u0119 miasta. Al-Nasir Muhammad wykona\u0142 g\u0142\u00f3wne prace w Cytadeli. Jednak wi\u0119kszo\u015b\u0107 z nich upad\u0142a w okresie osma\u0144skim. Su\u0142tan odnowi\u0142 tak\u017ce akwedukt na Nilu.<\/p>\n<p>G\u0142\u00f3wn\u0105 budowl\u0105, kt\u00f3ra pozosta\u0142a z czas\u00f3w panowania su\u0142tana, jest meczet al-Nasira. Zbudowany w 1318 roku i ponownie odnowiony w 1335 roku, meczet jest nadal dobrze zachowany. Jednak su\u0142tan osma\u0144ski odebra\u0142 p\u00f3\u017aniej wi\u0119kszo\u015b\u0107 swoich bogatych marmurowych paneli do Stambu\u0142u.<\/p>\n<ul>\n<li>Osmanowie<\/li>\n<\/ul>\n<p>Najbardziej godn\u0105 uwagi budowl\u0105 z okresu osma\u0144skiego jest meczet Sulayman Pasha. Jest to jeden z niewielu meczet\u00f3w w Kairze, kt\u00f3ry reprezentuje klasyczny osma\u0144ski styl architektoniczny.<\/p>\n<ul>\n<li>Pasza Muhammad Ali<\/li>\n<\/ul>\n<p>Muhammad Ali ustanowi\u0142 si\u0119 niezale\u017cnym w\u0142adc\u0105 Egiptu. Zaprosi\u0142 pozosta\u0142ych przyw\u00f3dc\u00f3w mameluk\u00f3w do Cytadeli. P\u00f3\u017aniej jego armia otworzy\u0142a do nich ogie\u0144. St\u0105d jeden z najwa\u017cniejszych moment\u00f3w zamachu stanu mia\u0142 miejsce w obr\u0119bie Cytadeli.<\/p>\n<p>Jednym z najs\u0142ynniejszych meczet\u00f3w na \u015bwiecie jest Meczet Muhammada Alego. Znany jest r\u00f3wnie\u017c jako Meczet Alabastrowy. Ten meczet w stylu osma\u0144skim pami\u0119ta\u0142 i czci\u0142 Tusun Pasza. By\u0142 drugim synem Muhammada Alego.<\/p>\n<p>Su\u0142tan zburzy\u0142 wiele starych budowli, aby zrobi\u0107 miejsce dla swojego nowego meczetu. W tym domu modlitwy Muhammad Ali znalaz\u0142 swoje ostatnie miejsce spoczynku. Ostatecznie meczet ten sta\u0142 si\u0119 g\u0142\u00f3wnym meczetem Cytadeli. Ta pi\u0119kna konstrukcja s\u0142u\u017cy obecnie jako gratka dla zwiedzaj\u0105cych.<\/p>\n<h2>Dzie\u0144 dzisiejszy<\/h2>\n<p>W 1983 roku rz\u0105d egipski otworzy\u0142 du\u017c\u0105 cz\u0119\u015b\u0107 Cytadeli dla publiczno\u015bci. Ponadto rozpocz\u0119li prace remontowe maj\u0105ce na celu przekszta\u0142cenie starych budynk\u00f3w w muzea. Obecnie na stronie znajduje si\u0119 wiele meczet\u00f3w i muze\u00f3w z okresu osma\u0144skiego. Odwiedzaj\u0105cy mog\u0105 r\u00f3wnie\u017c zobaczy\u0107 niesamowite widoki na Kair i pustyni\u0119 za nim. St\u0105d Cytadela Kairska jest ogromn\u0105 atrakcj\u0105 turystyczn\u0105 zar\u00f3wno dla Egipcjan, jak i turyst\u00f3w.<\/p>\n<h2>Wniosek<\/h2>\n<p>Cytadela Saladyna na zawsze pozostanie jedn\u0105 z najwa\u017cniejszych struktur Egiptu. Mury fortu by\u0142y \u015bwiadkami jednych z najbardziej historycznych wydarze\u0144. Cudowna architektura Cytadeli nadal zachwyca ludzi. Zwiedzanie Cytadeli pozwala zwiedzaj\u0105cym zajrze\u0107 do historii.<\/p>\n","protected":false},"excerpt":{"rendered":"<p>Cytadela Kairska lub Cytadela Saladyna to kultowy pomnik w islamskim Kairze. Pierwotnie nazywana po arabsku Qala\u02bfat Sal\u0101\u1e25 ad-D\u012bn, Cytadela jest szczytem historii. Po\u0142o\u017cony na g\u0142\u0119bokim zboczu fort oferuje najwspanialszy widok na Stary Kair. El-Nasir Salah El-Din Yusuf Ibn Ayyub zbudowa\u0142 t\u0119 cytadel\u0119 w Egipcie. Su\u0142tan przeznaczy\u0142 fort do ochrony Kairu przed potencjalnymi atakami krzy\u017cowc\u00f3w. Ponadto [&hellip;]<\/p>\n","protected":false},"author":1,"featured_media":32586,"parent":0,"menu_order":0,"comment_status":"open","ping_status":"open","template":"","meta":{"_coblocks_attr":"","_coblocks_dimensions":"","_coblocks_responsive_height":"","_coblocks_accordion_ie_support":"","_uag_custom_page_level_css":"","footnotes":"","big_sky_generated":false},"class_list":["post-32582","page","type-page","status-publish","has-post-thumbnail","hentry"],"yoast_head":"<!-- This site is optimized with the Yoast SEO Premium plugin v27.6 (Yoast SEO v27.6) - https:\/\/yoast.com\/product\/yoast-seo-premium-wordpress\/ -->\n<title>Cytadela Kairska - Historia i znaczenie - Landious Travel<\/title>\n<meta name=\"description\" content=\"Cytadela Kairska lub Cytadela Saladyna to kultowy pomnik w islamskim Kairze. Pierwotnie nazywana po arabsku Qala\u02bfat Sal\u0101\u1e25 ad-D\u012bn, Cytadela\" \/>\n<meta name=\"robots\" content=\"index, follow, max-snippet:-1, max-image-preview:large, max-video-preview:-1\" \/>\n<link rel=\"canonical\" href=\"https:\/\/landioustravel.com\/pl\/cytadela-kairska\/\" \/>\n<meta property=\"og:locale\" content=\"pl_PL\" \/>\n<meta property=\"og:type\" content=\"article\" \/>\n<meta property=\"og:title\" content=\"Cytadela Kairska\" \/>\n<meta property=\"og:description\" content=\"Cytadela Kairska lub Cytadela Saladyna to kultowy pomnik w islamskim Kairze. Pierwotnie nazywana po arabsku Qala\u02bfat Sal\u0101\u1e25 ad-D\u012bn, Cytadela\" \/>\n<meta property=\"og:url\" content=\"https:\/\/landioustravel.com\/pl\/cytadela-kairska\/\" \/>\n<meta property=\"og:site_name\" content=\"Landious Travel\" \/>\n<meta property=\"article:publisher\" content=\"https:\/\/web.facebook.com\/landiousEgypt\" \/>\n<meta property=\"og:image\" content=\"https:\/\/i0.wp.com\/landioustravel.com\/wp-content\/uploads\/2021\/06\/Cytadela-Kairska-e1623286304444.jpg?fit=1200%2C675&ssl=1\" \/>\n\t<meta property=\"og:image:width\" content=\"1200\" \/>\n\t<meta property=\"og:image:height\" content=\"675\" \/>\n\t<meta property=\"og:image:type\" content=\"image\/jpeg\" \/>\n<meta name=\"twitter:card\" content=\"summary_large_image\" \/>\n<meta name=\"twitter:site\" content=\"@LandiousTours\" \/>\n<meta name=\"twitter:label1\" content=\"Szacowany czas czytania\" \/>\n\t<meta name=\"twitter:data1\" content=\"5 minut\" \/>\n<script type=\"application\/ld+json\" class=\"yoast-schema-graph\">{\"@context\":\"https:\\\/\\\/schema.org\",\"@graph\":[{\"@type\":\"WebPage\",\"@id\":\"https:\\\/\\\/landioustravel.com\\\/pl\\\/cytadela-kairska\\\/\",\"url\":\"https:\\\/\\\/landioustravel.com\\\/pl\\\/cytadela-kairska\\\/\",\"name\":\"Cytadela Kairska - Historia i znaczenie - Landious Travel\",\"isPartOf\":{\"@id\":\"https:\\\/\\\/landioustravel.com\\\/pl\\\/#website\"},\"primaryImageOfPage\":{\"@id\":\"https:\\\/\\\/landioustravel.com\\\/pl\\\/cytadela-kairska\\\/#primaryimage\"},\"image\":{\"@id\":\"https:\\\/\\\/landioustravel.com\\\/pl\\\/cytadela-kairska\\\/#primaryimage\"},\"thumbnailUrl\":\"https:\\\/\\\/i0.wp.com\\\/landioustravel.com\\\/wp-content\\\/uploads\\\/2021\\\/06\\\/Cytadela-Kairska-e1623286304444.jpg?fit=1200%2C675&ssl=1\",\"datePublished\":\"2021-06-10T00:54:21+00:00\",\"description\":\"Cytadela Kairska lub Cytadela Saladyna to kultowy pomnik w islamskim Kairze. Pierwotnie nazywana po arabsku Qala\u02bfat Sal\u0101\u1e25 ad-D\u012bn, Cytadela\",\"breadcrumb\":{\"@id\":\"https:\\\/\\\/landioustravel.com\\\/pl\\\/cytadela-kairska\\\/#breadcrumb\"},\"inLanguage\":\"pl-PL\",\"potentialAction\":[{\"@type\":\"ReadAction\",\"target\":[\"https:\\\/\\\/landioustravel.com\\\/pl\\\/cytadela-kairska\\\/\"]}]},{\"@type\":\"ImageObject\",\"inLanguage\":\"pl-PL\",\"@id\":\"https:\\\/\\\/landioustravel.com\\\/pl\\\/cytadela-kairska\\\/#primaryimage\",\"url\":\"https:\\\/\\\/i0.wp.com\\\/landioustravel.com\\\/wp-content\\\/uploads\\\/2021\\\/06\\\/Cytadela-Kairska-e1623286304444.jpg?fit=1200%2C675&ssl=1\",\"contentUrl\":\"https:\\\/\\\/i0.wp.com\\\/landioustravel.com\\\/wp-content\\\/uploads\\\/2021\\\/06\\\/Cytadela-Kairska-e1623286304444.jpg?fit=1200%2C675&ssl=1\",\"width\":1200,\"height\":675,\"caption\":\"Cytadela Kairska\"},{\"@type\":\"BreadcrumbList\",\"@id\":\"https:\\\/\\\/landioustravel.com\\\/pl\\\/cytadela-kairska\\\/#breadcrumb\",\"itemListElement\":[{\"@type\":\"ListItem\",\"position\":1,\"name\":\"Home\",\"item\":\"https:\\\/\\\/landioustravel.com\\\/pl\\\/\"},{\"@type\":\"ListItem\",\"position\":2,\"name\":\"Cytadela Kairska\"}]},{\"@type\":\"WebSite\",\"@id\":\"https:\\\/\\\/landioustravel.com\\\/pl\\\/#website\",\"url\":\"https:\\\/\\\/landioustravel.com\\\/pl\\\/\",\"name\":\"Landious Travel\",\"description\":\"Excursions, trips and cruises in Egypt\",\"publisher\":{\"@id\":\"https:\\\/\\\/landioustravel.com\\\/pl\\\/#organization\"},\"potentialAction\":[{\"@type\":\"SearchAction\",\"target\":{\"@type\":\"EntryPoint\",\"urlTemplate\":\"https:\\\/\\\/landioustravel.com\\\/pl\\\/?s={search_term_string}\"},\"query-input\":{\"@type\":\"PropertyValueSpecification\",\"valueRequired\":true,\"valueName\":\"search_term_string\"}}],\"inLanguage\":\"pl-PL\"},{\"@type\":[\"Organization\",\"Place\"],\"@id\":\"https:\\\/\\\/landioustravel.com\\\/pl\\\/#organization\",\"name\":\"Landious Travel\",\"alternateName\":\"Landious Travel\",\"url\":\"https:\\\/\\\/landioustravel.com\\\/pl\\\/\",\"logo\":{\"@id\":\"https:\\\/\\\/landioustravel.com\\\/pl\\\/cytadela-kairska\\\/#local-main-organization-logo\"},\"image\":{\"@id\":\"https:\\\/\\\/landioustravel.com\\\/pl\\\/cytadela-kairska\\\/#local-main-organization-logo\"},\"sameAs\":[\"https:\\\/\\\/web.facebook.com\\\/landiousEgypt\",\"https:\\\/\\\/x.com\\\/LandiousTours\",\"https:\\\/\\\/mastodon.social\\\/@landious\"],\"legalName\":\"Landious Travel\",\"telephone\":[],\"openingHoursSpecification\":[{\"@type\":\"OpeningHoursSpecification\",\"dayOfWeek\":[\"Monday\",\"Tuesday\",\"Wednesday\",\"Thursday\",\"Friday\",\"Saturday\",\"Sunday\"],\"opens\":\"09:00\",\"closes\":\"17:00\"}]},{\"@type\":\"ImageObject\",\"inLanguage\":\"pl-PL\",\"@id\":\"https:\\\/\\\/landioustravel.com\\\/pl\\\/cytadela-kairska\\\/#local-main-organization-logo\",\"url\":\"https:\\\/\\\/i0.wp.com\\\/landioustravel.com\\\/wp-content\\\/uploads\\\/2021\\\/06\\\/Landious-T.png?fit=500%2C500&ssl=1\",\"contentUrl\":\"https:\\\/\\\/i0.wp.com\\\/landioustravel.com\\\/wp-content\\\/uploads\\\/2021\\\/06\\\/Landious-T.png?fit=500%2C500&ssl=1\",\"width\":500,\"height\":500,\"caption\":\"Landious Travel\"}]}<\/script>\n<!-- \/ Yoast SEO Premium plugin. -->","yoast_head_json":{"title":"Cytadela Kairska - Historia i znaczenie - Landious Travel","description":"Cytadela Kairska lub Cytadela Saladyna to kultowy pomnik w islamskim Kairze. Pierwotnie nazywana po arabsku Qala\u02bfat Sal\u0101\u1e25 ad-D\u012bn, Cytadela","robots":{"index":"index","follow":"follow","max-snippet":"max-snippet:-1","max-image-preview":"max-image-preview:large","max-video-preview":"max-video-preview:-1"},"canonical":"https:\/\/landioustravel.com\/pl\/cytadela-kairska\/","og_locale":"pl_PL","og_type":"article","og_title":"Cytadela Kairska","og_description":"Cytadela Kairska lub Cytadela Saladyna to kultowy pomnik w islamskim Kairze. Pierwotnie nazywana po arabsku Qala\u02bfat Sal\u0101\u1e25 ad-D\u012bn, Cytadela","og_url":"https:\/\/landioustravel.com\/pl\/cytadela-kairska\/","og_site_name":"Landious Travel","article_publisher":"https:\/\/web.facebook.com\/landiousEgypt","og_image":[{"width":1200,"height":675,"url":"https:\/\/i0.wp.com\/landioustravel.com\/wp-content\/uploads\/2021\/06\/Cytadela-Kairska-e1623286304444.jpg?fit=1200%2C675&ssl=1","type":"image\/jpeg"}],"twitter_card":"summary_large_image","twitter_site":"@LandiousTours","twitter_misc":{"Szacowany czas czytania":"5 minut"},"schema":{"@context":"https:\/\/schema.org","@graph":[{"@type":"WebPage","@id":"https:\/\/landioustravel.com\/pl\/cytadela-kairska\/","url":"https:\/\/landioustravel.com\/pl\/cytadela-kairska\/","name":"Cytadela Kairska - Historia i znaczenie - Landious Travel","isPartOf":{"@id":"https:\/\/landioustravel.com\/pl\/#website"},"primaryImageOfPage":{"@id":"https:\/\/landioustravel.com\/pl\/cytadela-kairska\/#primaryimage"},"image":{"@id":"https:\/\/landioustravel.com\/pl\/cytadela-kairska\/#primaryimage"},"thumbnailUrl":"https:\/\/i0.wp.com\/landioustravel.com\/wp-content\/uploads\/2021\/06\/Cytadela-Kairska-e1623286304444.jpg?fit=1200%2C675&ssl=1","datePublished":"2021-06-10T00:54:21+00:00","description":"Cytadela Kairska lub Cytadela Saladyna to kultowy pomnik w islamskim Kairze. Pierwotnie nazywana po arabsku Qala\u02bfat Sal\u0101\u1e25 ad-D\u012bn, Cytadela","breadcrumb":{"@id":"https:\/\/landioustravel.com\/pl\/cytadela-kairska\/#breadcrumb"},"inLanguage":"pl-PL","potentialAction":[{"@type":"ReadAction","target":["https:\/\/landioustravel.com\/pl\/cytadela-kairska\/"]}]},{"@type":"ImageObject","inLanguage":"pl-PL","@id":"https:\/\/landioustravel.com\/pl\/cytadela-kairska\/#primaryimage","url":"https:\/\/i0.wp.com\/landioustravel.com\/wp-content\/uploads\/2021\/06\/Cytadela-Kairska-e1623286304444.jpg?fit=1200%2C675&ssl=1","contentUrl":"https:\/\/i0.wp.com\/landioustravel.com\/wp-content\/uploads\/2021\/06\/Cytadela-Kairska-e1623286304444.jpg?fit=1200%2C675&ssl=1","width":1200,"height":675,"caption":"Cytadela Kairska"},{"@type":"BreadcrumbList","@id":"https:\/\/landioustravel.com\/pl\/cytadela-kairska\/#breadcrumb","itemListElement":[{"@type":"ListItem","position":1,"name":"Home","item":"https:\/\/landioustravel.com\/pl\/"},{"@type":"ListItem","position":2,"name":"Cytadela Kairska"}]},{"@type":"WebSite","@id":"https:\/\/landioustravel.com\/pl\/#website","url":"https:\/\/landioustravel.com\/pl\/","name":"Landious Travel","description":"Excursions, trips and cruises in Egypt","publisher":{"@id":"https:\/\/landioustravel.com\/pl\/#organization"},"potentialAction":[{"@type":"SearchAction","target":{"@type":"EntryPoint","urlTemplate":"https:\/\/landioustravel.com\/pl\/?s={search_term_string}"},"query-input":{"@type":"PropertyValueSpecification","valueRequired":true,"valueName":"search_term_string"}}],"inLanguage":"pl-PL"},{"@type":["Organization","Place"],"@id":"https:\/\/landioustravel.com\/pl\/#organization","name":"Landious Travel","alternateName":"Landious Travel","url":"https:\/\/landioustravel.com\/pl\/","logo":{"@id":"https:\/\/landioustravel.com\/pl\/cytadela-kairska\/#local-main-organization-logo"},"image":{"@id":"https:\/\/landioustravel.com\/pl\/cytadela-kairska\/#local-main-organization-logo"},"sameAs":["https:\/\/web.facebook.com\/landiousEgypt","https:\/\/x.com\/LandiousTours","https:\/\/mastodon.social\/@landious"],"legalName":"Landious Travel","telephone":[],"openingHoursSpecification":[{"@type":"OpeningHoursSpecification","dayOfWeek":["Monday","Tuesday","Wednesday","Thursday","Friday","Saturday","Sunday"],"opens":"09:00","closes":"17:00"}]},{"@type":"ImageObject","inLanguage":"pl-PL","@id":"https:\/\/landioustravel.com\/pl\/cytadela-kairska\/#local-main-organization-logo","url":"https:\/\/i0.wp.com\/landioustravel.com\/wp-content\/uploads\/2021\/06\/Landious-T.png?fit=500%2C500&ssl=1","contentUrl":"https:\/\/i0.wp.com\/landioustravel.com\/wp-content\/uploads\/2021\/06\/Landious-T.png?fit=500%2C500&ssl=1","width":500,"height":500,"caption":"Landious Travel"}]}},"uagb_featured_image_src":{"full":["https:\/\/i0.wp.com\/landioustravel.com\/wp-content\/uploads\/2021\/06\/Cytadela-Kairska-e1623286304444.jpg?fit=1200%2C675&ssl=1",1200,675,false],"thumbnail":["https:\/\/i0.wp.com\/landioustravel.com\/wp-content\/uploads\/2021\/06\/Cytadela-Kairska-e1623286304444.jpg?resize=150%2C150&ssl=1",150,150,true],"medium":["https:\/\/i0.wp.com\/landioustravel.com\/wp-content\/uploads\/2021\/06\/Cytadela-Kairska-e1623286304444.jpg?fit=300%2C169&ssl=1",300,169,true],"medium_large":["https:\/\/i0.wp.com\/landioustravel.com\/wp-content\/uploads\/2021\/06\/Cytadela-Kairska-e1623286304444.jpg?fit=768%2C432&ssl=1",768,432,true],"large":["https:\/\/i0.wp.com\/landioustravel.com\/wp-content\/uploads\/2021\/06\/Cytadela-Kairska-e1623286304444.jpg?fit=980%2C551&ssl=1",980,551,true],"1536x1536":["https:\/\/i0.wp.com\/landioustravel.com\/wp-content\/uploads\/2021\/06\/Cytadela-Kairska-e1623286304444.jpg?fit=1536%2C864&ssl=1",1536,864,true],"2048x2048":["https:\/\/i0.wp.com\/landioustravel.com\/wp-content\/uploads\/2021\/06\/Cytadela-Kairska-e1623286304444.jpg?fit=2048%2C1152&ssl=1",2048,1152,true],"newspack-article-block-landscape-large":["https:\/\/i0.wp.com\/landioustravel.com\/wp-content\/uploads\/2021\/06\/Cytadela-Kairska-e1623286304444.jpg?resize=1200%2C675&ssl=1",1200,900,true],"newspack-article-block-portrait-large":["https:\/\/i0.wp.com\/landioustravel.com\/wp-content\/uploads\/2021\/06\/Cytadela-Kairska-e1623286304444.jpg?resize=900%2C675&ssl=1",900,1200,true],"newspack-article-block-square-large":["https:\/\/i0.wp.com\/landioustravel.com\/wp-content\/uploads\/2021\/06\/Cytadela-Kairska-e1623286304444.jpg?resize=1200%2C675&ssl=1",1200,1200,true],"newspack-article-block-landscape-medium":["https:\/\/i0.wp.com\/landioustravel.com\/wp-content\/uploads\/2021\/06\/Cytadela-Kairska-e1623286304444.jpg?resize=800%2C600&ssl=1",800,600,true],"newspack-article-block-portrait-medium":["https:\/\/i0.wp.com\/landioustravel.com\/wp-content\/uploads\/2021\/06\/Cytadela-Kairska-e1623286304444.jpg?resize=600%2C675&ssl=1",600,800,true],"newspack-article-block-square-medium":["https:\/\/i0.wp.com\/landioustravel.com\/wp-content\/uploads\/2021\/06\/Cytadela-Kairska-e1623286304444.jpg?resize=800%2C675&ssl=1",800,800,true],"newspack-article-block-landscape-intermediate":["https:\/\/i0.wp.com\/landioustravel.com\/wp-content\/uploads\/2021\/06\/Cytadela-Kairska-e1623286304444.jpg?resize=600%2C450&ssl=1",600,450,true],"newspack-article-block-portrait-intermediate":["https:\/\/i0.wp.com\/landioustravel.com\/wp-content\/uploads\/2021\/06\/Cytadela-Kairska-e1623286304444.jpg?resize=450%2C600&ssl=1",450,600,true],"newspack-article-block-square-intermediate":["https:\/\/i0.wp.com\/landioustravel.com\/wp-content\/uploads\/2021\/06\/Cytadela-Kairska-e1623286304444.jpg?resize=600%2C600&ssl=1",600,600,true],"newspack-article-block-landscape-small":["https:\/\/i0.wp.com\/landioustravel.com\/wp-content\/uploads\/2021\/06\/Cytadela-Kairska-e1623286304444.jpg?resize=400%2C300&ssl=1",400,300,true],"newspack-article-block-portrait-small":["https:\/\/i0.wp.com\/landioustravel.com\/wp-content\/uploads\/2021\/06\/Cytadela-Kairska-e1623286304444.jpg?resize=300%2C400&ssl=1",300,400,true],"newspack-article-block-square-small":["https:\/\/i0.wp.com\/landioustravel.com\/wp-content\/uploads\/2021\/06\/Cytadela-Kairska-e1623286304444.jpg?resize=400%2C400&ssl=1",400,400,true],"newspack-article-block-landscape-tiny":["https:\/\/i0.wp.com\/landioustravel.com\/wp-content\/uploads\/2021\/06\/Cytadela-Kairska-e1623286304444.jpg?resize=200%2C150&ssl=1",200,150,true],"newspack-article-block-portrait-tiny":["https:\/\/i0.wp.com\/landioustravel.com\/wp-content\/uploads\/2021\/06\/Cytadela-Kairska-e1623286304444.jpg?resize=150%2C200&ssl=1",150,200,true],"newspack-article-block-square-tiny":["https:\/\/i0.wp.com\/landioustravel.com\/wp-content\/uploads\/2021\/06\/Cytadela-Kairska-e1623286304444.jpg?resize=200%2C200&ssl=1",200,200,true],"newspack-article-block-uncropped":["https:\/\/i0.wp.com\/landioustravel.com\/wp-content\/uploads\/2021\/06\/Cytadela-Kairska-e1623286304444.jpg?fit=1200%2C675&ssl=1",1200,675,true],"woocommerce_thumbnail":["https:\/\/i0.wp.com\/landioustravel.com\/wp-content\/uploads\/2021\/06\/Cytadela-Kairska-e1623286304444.jpg?resize=324%2C324&ssl=1",324,324,true],"woocommerce_single":["https:\/\/i0.wp.com\/landioustravel.com\/wp-content\/uploads\/2021\/06\/Cytadela-Kairska-e1623286304444.jpg?fit=416%2C234&ssl=1",416,234,true],"woocommerce_gallery_thumbnail":["https:\/\/i0.wp.com\/landioustravel.com\/wp-content\/uploads\/2021\/06\/Cytadela-Kairska-e1623286304444.jpg?resize=100%2C100&ssl=1",100,100,true]},"uagb_author_info":{"display_name":"Mofreh Landious","author_link":"https:\/\/landioustravel.com\/pl\/author\/landious\/"},"uagb_comment_info":0,"uagb_excerpt":"Cytadela Kairska lub Cytadela Saladyna to kultowy pomnik w islamskim Kairze. Pierwotnie nazywana po arabsku Qala\u02bfat Sal\u0101\u1e25 ad-D\u012bn, Cytadela jest szczytem historii. Po\u0142o\u017cony na g\u0142\u0119bokim zboczu fort oferuje najwspanialszy widok na Stary Kair. El-Nasir Salah El-Din Yusuf Ibn Ayyub zbudowa\u0142 t\u0119 cytadel\u0119 w Egipcie. Su\u0142tan przeznaczy\u0142 fort do ochrony Kairu przed potencjalnymi atakami krzy\u017cowc\u00f3w. Ponadto&hellip;","jetpack_sharing_enabled":true,"jetpack_shortlink":"https:\/\/wp.me\/Par4r5-8tw","jetpack_likes_enabled":true,"amp_enabled":true,"_links":{"self":[{"href":"https:\/\/landioustravel.com\/pl\/wp-json\/wp\/v2\/pages\/32582","targetHints":{"allow":["GET"]}}],"collection":[{"href":"https:\/\/landioustravel.com\/pl\/wp-json\/wp\/v2\/pages"}],"about":[{"href":"https:\/\/landioustravel.com\/pl\/wp-json\/wp\/v2\/types\/page"}],"author":[{"embeddable":true,"href":"https:\/\/landioustravel.com\/pl\/wp-json\/wp\/v2\/users\/1"}],"replies":[{"embeddable":true,"href":"https:\/\/landioustravel.com\/pl\/wp-json\/wp\/v2\/comments?post=32582"}],"version-history":[{"count":0,"href":"https:\/\/landioustravel.com\/pl\/wp-json\/wp\/v2\/pages\/32582\/revisions"}],"wp:featuredmedia":[{"embeddable":true,"href":"https:\/\/landioustravel.com\/pl\/wp-json\/wp\/v2\/media\/32586"}],"wp:attachment":[{"href":"https:\/\/landioustravel.com\/pl\/wp-json\/wp\/v2\/media?parent=32582"}],"curies":[{"name":"wp","href":"https:\/\/api.w.org\/{rel}","templated":true}]}}