{"id":3592,"date":"2019-03-29T13:41:18","date_gmt":"2019-03-29T11:41:18","guid":{"rendered":"https:\/\/landioustravel.com\/?page_id=3592"},"modified":"2019-03-29T13:41:19","modified_gmt":"2019-03-29T11:41:19","slug":"swiatynia-luksorska","status":"publish","type":"page","link":"https:\/\/landioustravel.com\/pl\/egipt\/egipskie-swiatynie\/swiatynia-luksorska\/","title":{"rendered":"\u015awi\u0105tynia Luksorska"},"content":{"rendered":"\n<amp-fit-text layout=\"fixed-height\" min-font-size=\"14\" max-font-size=\"48\" height=\"50\"><p>\u015awi\u0105tynia Luksorska to kompleks staro\u017cytnej egipskiej \u015bwi\u0105tyni po\u0142o\u017cony na wschodnim brzegu Nilu w mie\u015bcie Teb. \u015awi\u0105tynia ta zosta\u0142a zbudowana przez Amenhotepa III (1390-52 pne), ale uko\u0144czona przez Tutanchamona (1336-27 pne) i Horemheba (1323-1295 pne). W ko\u0144cu zosta\u0142 dodany do \u015bwi\u0105ty\u0144 zbudowanych podczas Ramzesa II (1279-13 pne). W tym samym czasie mo\u017cemy znale\u017a\u0107 granitow\u0105 \u015bwi\u0105tyni\u0119, skierowan\u0105 ku ty\u0142owi, po\u015bwi\u0119con\u0105 Aleksandrowi Wielkiemu (332-305 pne).<\/p><\/amp-fit-text>\n\n\n\n<amp-fit-text layout=\"fixed-height\" min-font-size=\"14\" max-font-size=\"48\" height=\"50\"><p>Do dnia dzisiejszego mo\u017cemy zauwa\u017cy\u0107, \u017ce \u015bwi\u0105tynia ta nadal s\u0142u\u017cy jako miejsce kultu. W czasach chrze\u015bcija\u0144skich sala hipostylu w \u015bwi\u0105tyni zosta\u0142a przekszta\u0142cona w ko\u015bci\u00f3\u0142 chrze\u015bcija\u0144ski. Pozosta\u0142o\u015bci innego ko\u015bcio\u0142a koptyjskiego mo\u017cna zobaczy\u0107 na zach\u00f3d od tej \u015bwi\u0105tyni. W tym okresie drzwi prowadz\u0105ce do sanktuarium Aleksandra zosta\u0142y zamkni\u0119te, a ko\u015bci\u00f3\u0142 znajdowa\u0142 si\u0119 na drugim otwartym dziedzi\u0144cu. Po pojawieniu si\u0119 islamu jako religii w Egipcie, \u015bwi\u0105tynia by\u0142a pochowana pod ulicami i domami Luksoru przez tysi\u0105ce lat. P\u00f3\u017aniej suficki Szejk Yusuf Abu al-Hajjaj zbudowa\u0142 meczet nad jego p\u00f3\u0142nocno-wschodni\u0105 cz\u0119\u015bci\u0105. Meczet zosta\u0142 starannie zachowany, gdy \u015bwi\u0105tynia zosta\u0142a odkryta. Ten meczet nadal s\u0142u\u017cy do dzi\u015b.<\/p><\/amp-fit-text>\n","protected":false},"excerpt":{"rendered":"<p>\u015awi\u0105tynia Luksorska to kompleks staro\u017cytnej egipskiej \u015bwi\u0105tyni po\u0142o\u017cony na wschodnim brzegu Nilu w mie\u015bcie Teb. \u015awi\u0105tynia ta zosta\u0142a zbudowana przez Amenhotepa III (1390-52 pne), ale uko\u0144czona przez Tutanchamona (1336-27 pne) i Horemheba (1323-1295 pne). W ko\u0144cu zosta\u0142 dodany do \u015bwi\u0105ty\u0144 zbudowanych podczas Ramzesa II (1279-13 pne). W tym samym czasie mo\u017cemy znale\u017a\u0107 granitow\u0105 \u015bwi\u0105tyni\u0119, skierowan\u0105 [&hellip;]<\/p>\n","protected":false},"author":1,"featured_media":0,"parent":3131,"menu_order":3,"comment_status":"open","ping_status":"closed","template":"","meta":{"_coblocks_attr":"","_coblocks_dimensions":"","_coblocks_responsive_height":"","_coblocks_accordion_ie_support":"","_uag_custom_page_level_css":"","jetpack_post_was_ever_published":false,"footnotes":""},"class_list":["post-3592","page","type-page","status-publish","hentry"],"yoast_head":"<!-- This site is optimized with the Yoast SEO Premium plugin v26.9 (Yoast SEO v27.3) - https:\/\/yoast.com\/product\/yoast-seo-premium-wordpress\/ -->\n<title>\u015awi\u0105tynia Luksorska<\/title>\n<meta name=\"description\" content=\"Luxor Temple is an Ancient Egyptian temple complex located on the east bank of the Nile River in the city Thebes, Luxor governorate. This temple was built by Amenhotep III (1390-52 BC) but completed by Tutankhamun (1336-27 BC) and Horemheb (1323-1295 BC)\" \/>\n<meta name=\"robots\" content=\"index, follow, max-snippet:-1, max-image-preview:large, max-video-preview:-1\" \/>\n<link rel=\"canonical\" href=\"https:\/\/landioustravel.com\/pl\/egipt\/egipskie-swiatynie\/swiatynia-luksorska\/\" \/>\n<meta property=\"og:locale\" content=\"pl_PL\" \/>\n<meta property=\"og:type\" content=\"article\" \/>\n<meta property=\"og:title\" content=\"\u015awi\u0105tynia Luksorska\" \/>\n<meta property=\"og:description\" content=\"Luxor Temple is an Ancient Egyptian temple complex located on the east bank of the Nile River in the city Thebes, Luxor governorate. This temple was built by Amenhotep III (1390-52 BC) but completed by Tutankhamun (1336-27 BC) and Horemheb (1323-1295 BC)\" \/>\n<meta property=\"og:url\" content=\"https:\/\/landioustravel.com\/pl\/egipt\/egipskie-swiatynie\/swiatynia-luksorska\/\" \/>\n<meta property=\"og:site_name\" content=\"Landious Travel\" \/>\n<meta property=\"article:publisher\" content=\"https:\/\/web.facebook.com\/landiousEgypt\" \/>\n<meta property=\"article:modified_time\" content=\"2019-03-29T11:41:19+00:00\" \/>\n<meta name=\"twitter:card\" content=\"summary_large_image\" \/>\n<meta name=\"twitter:site\" content=\"@LandiousTours\" \/>\n<meta name=\"twitter:label1\" content=\"Szacowany czas czytania\" \/>\n\t<meta name=\"twitter:data1\" content=\"1 minuta\" \/>\n<script type=\"application\/ld+json\" class=\"yoast-schema-graph\">{\"@context\":\"https:\\\/\\\/schema.org\",\"@graph\":[{\"@type\":\"WebPage\",\"@id\":\"https:\\\/\\\/landioustravel.com\\\/pl\\\/egipt\\\/egipskie-swiatynie\\\/swiatynia-luksorska\\\/\",\"url\":\"https:\\\/\\\/landioustravel.com\\\/pl\\\/egipt\\\/egipskie-swiatynie\\\/swiatynia-luksorska\\\/\",\"name\":\"\u015awi\u0105tynia Luksorska\",\"isPartOf\":{\"@id\":\"https:\\\/\\\/landioustravel.com\\\/pl\\\/#website\"},\"datePublished\":\"2019-03-29T11:41:18+00:00\",\"dateModified\":\"2019-03-29T11:41:19+00:00\",\"description\":\"Luxor Temple is an Ancient Egyptian temple complex located on the east bank of the Nile River in the city Thebes, Luxor governorate. This temple was built by Amenhotep III (1390-52 BC) but completed by Tutankhamun (1336-27 BC) and Horemheb (1323-1295 BC)\",\"breadcrumb\":{\"@id\":\"https:\\\/\\\/landioustravel.com\\\/pl\\\/egipt\\\/egipskie-swiatynie\\\/swiatynia-luksorska\\\/#breadcrumb\"},\"inLanguage\":\"pl-PL\",\"potentialAction\":[{\"@type\":\"ReadAction\",\"target\":[\"https:\\\/\\\/landioustravel.com\\\/pl\\\/egipt\\\/egipskie-swiatynie\\\/swiatynia-luksorska\\\/\"]}]},{\"@type\":\"BreadcrumbList\",\"@id\":\"https:\\\/\\\/landioustravel.com\\\/pl\\\/egipt\\\/egipskie-swiatynie\\\/swiatynia-luksorska\\\/#breadcrumb\",\"itemListElement\":[{\"@type\":\"ListItem\",\"position\":1,\"name\":\"Home\",\"item\":\"https:\\\/\\\/landioustravel.com\\\/pl\\\/\"},{\"@type\":\"ListItem\",\"position\":2,\"name\":\"Egipt\",\"item\":\"https:\\\/\\\/landioustravel.com\\\/pl\\\/egipt\\\/\"},{\"@type\":\"ListItem\",\"position\":3,\"name\":\"Egipskie \u015bwi\u0105tynie\",\"item\":\"https:\\\/\\\/landioustravel.com\\\/pl\\\/egipt\\\/egipskie-swiatynie\\\/\"},{\"@type\":\"ListItem\",\"position\":4,\"name\":\"\u015awi\u0105tynia Luksorska\"}]},{\"@type\":\"WebSite\",\"@id\":\"https:\\\/\\\/landioustravel.com\\\/pl\\\/#website\",\"url\":\"https:\\\/\\\/landioustravel.com\\\/pl\\\/\",\"name\":\"Landious Travel\",\"description\":\"Excursions, trips and cruises in Egypt\",\"publisher\":{\"@id\":\"https:\\\/\\\/landioustravel.com\\\/pl\\\/#organization\"},\"potentialAction\":[{\"@type\":\"SearchAction\",\"target\":{\"@type\":\"EntryPoint\",\"urlTemplate\":\"https:\\\/\\\/landioustravel.com\\\/pl\\\/?s={search_term_string}\"},\"query-input\":{\"@type\":\"PropertyValueSpecification\",\"valueRequired\":true,\"valueName\":\"search_term_string\"}}],\"inLanguage\":\"pl-PL\"},{\"@type\":[\"Organization\",\"Place\"],\"@id\":\"https:\\\/\\\/landioustravel.com\\\/pl\\\/#organization\",\"name\":\"Landious Travel\",\"alternateName\":\"Landious Travel\",\"url\":\"https:\\\/\\\/landioustravel.com\\\/pl\\\/\",\"logo\":{\"@id\":\"https:\\\/\\\/landioustravel.com\\\/pl\\\/egipt\\\/egipskie-swiatynie\\\/swiatynia-luksorska\\\/#local-main-organization-logo\"},\"image\":{\"@id\":\"https:\\\/\\\/landioustravel.com\\\/pl\\\/egipt\\\/egipskie-swiatynie\\\/swiatynia-luksorska\\\/#local-main-organization-logo\"},\"sameAs\":[\"https:\\\/\\\/web.facebook.com\\\/landiousEgypt\",\"https:\\\/\\\/x.com\\\/LandiousTours\",\"https:\\\/\\\/mastodon.social\\\/@landious\"],\"legalName\":\"Landious Travel\",\"telephone\":[],\"openingHoursSpecification\":[{\"@type\":\"OpeningHoursSpecification\",\"dayOfWeek\":[\"Monday\",\"Tuesday\",\"Wednesday\",\"Thursday\",\"Friday\",\"Saturday\",\"Sunday\"],\"opens\":\"09:00\",\"closes\":\"17:00\"}]},{\"@type\":\"ImageObject\",\"inLanguage\":\"pl-PL\",\"@id\":\"https:\\\/\\\/landioustravel.com\\\/pl\\\/egipt\\\/egipskie-swiatynie\\\/swiatynia-luksorska\\\/#local-main-organization-logo\",\"url\":\"https:\\\/\\\/i0.wp.com\\\/landioustravel.com\\\/wp-content\\\/uploads\\\/2021\\\/06\\\/Landious-T.png?fit=500%2C500&ssl=1\",\"contentUrl\":\"https:\\\/\\\/i0.wp.com\\\/landioustravel.com\\\/wp-content\\\/uploads\\\/2021\\\/06\\\/Landious-T.png?fit=500%2C500&ssl=1\",\"width\":500,\"height\":500,\"caption\":\"Landious Travel\"}]}<\/script>\n<!-- \/ Yoast SEO Premium plugin. -->","yoast_head_json":{"title":"\u015awi\u0105tynia Luksorska","description":"Luxor Temple is an Ancient Egyptian temple complex located on the east bank of the Nile River in the city Thebes, Luxor governorate. This temple was built by Amenhotep III (1390-52 BC) but completed by Tutankhamun (1336-27 BC) and Horemheb (1323-1295 BC)","robots":{"index":"index","follow":"follow","max-snippet":"max-snippet:-1","max-image-preview":"max-image-preview:large","max-video-preview":"max-video-preview:-1"},"canonical":"https:\/\/landioustravel.com\/pl\/egipt\/egipskie-swiatynie\/swiatynia-luksorska\/","og_locale":"pl_PL","og_type":"article","og_title":"\u015awi\u0105tynia Luksorska","og_description":"Luxor Temple is an Ancient Egyptian temple complex located on the east bank of the Nile River in the city Thebes, Luxor governorate. This temple was built by Amenhotep III (1390-52 BC) but completed by Tutankhamun (1336-27 BC) and Horemheb (1323-1295 BC)","og_url":"https:\/\/landioustravel.com\/pl\/egipt\/egipskie-swiatynie\/swiatynia-luksorska\/","og_site_name":"Landious Travel","article_publisher":"https:\/\/web.facebook.com\/landiousEgypt","article_modified_time":"2019-03-29T11:41:19+00:00","twitter_card":"summary_large_image","twitter_site":"@LandiousTours","twitter_misc":{"Szacowany czas czytania":"1 minuta"},"schema":{"@context":"https:\/\/schema.org","@graph":[{"@type":"WebPage","@id":"https:\/\/landioustravel.com\/pl\/egipt\/egipskie-swiatynie\/swiatynia-luksorska\/","url":"https:\/\/landioustravel.com\/pl\/egipt\/egipskie-swiatynie\/swiatynia-luksorska\/","name":"\u015awi\u0105tynia Luksorska","isPartOf":{"@id":"https:\/\/landioustravel.com\/pl\/#website"},"datePublished":"2019-03-29T11:41:18+00:00","dateModified":"2019-03-29T11:41:19+00:00","description":"Luxor Temple is an Ancient Egyptian temple complex located on the east bank of the Nile River in the city Thebes, Luxor governorate. This temple was built by Amenhotep III (1390-52 BC) but completed by Tutankhamun (1336-27 BC) and Horemheb (1323-1295 BC)","breadcrumb":{"@id":"https:\/\/landioustravel.com\/pl\/egipt\/egipskie-swiatynie\/swiatynia-luksorska\/#breadcrumb"},"inLanguage":"pl-PL","potentialAction":[{"@type":"ReadAction","target":["https:\/\/landioustravel.com\/pl\/egipt\/egipskie-swiatynie\/swiatynia-luksorska\/"]}]},{"@type":"BreadcrumbList","@id":"https:\/\/landioustravel.com\/pl\/egipt\/egipskie-swiatynie\/swiatynia-luksorska\/#breadcrumb","itemListElement":[{"@type":"ListItem","position":1,"name":"Home","item":"https:\/\/landioustravel.com\/pl\/"},{"@type":"ListItem","position":2,"name":"Egipt","item":"https:\/\/landioustravel.com\/pl\/egipt\/"},{"@type":"ListItem","position":3,"name":"Egipskie \u015bwi\u0105tynie","item":"https:\/\/landioustravel.com\/pl\/egipt\/egipskie-swiatynie\/"},{"@type":"ListItem","position":4,"name":"\u015awi\u0105tynia Luksorska"}]},{"@type":"WebSite","@id":"https:\/\/landioustravel.com\/pl\/#website","url":"https:\/\/landioustravel.com\/pl\/","name":"Landious Travel","description":"Excursions, trips and cruises in Egypt","publisher":{"@id":"https:\/\/landioustravel.com\/pl\/#organization"},"potentialAction":[{"@type":"SearchAction","target":{"@type":"EntryPoint","urlTemplate":"https:\/\/landioustravel.com\/pl\/?s={search_term_string}"},"query-input":{"@type":"PropertyValueSpecification","valueRequired":true,"valueName":"search_term_string"}}],"inLanguage":"pl-PL"},{"@type":["Organization","Place"],"@id":"https:\/\/landioustravel.com\/pl\/#organization","name":"Landious Travel","alternateName":"Landious Travel","url":"https:\/\/landioustravel.com\/pl\/","logo":{"@id":"https:\/\/landioustravel.com\/pl\/egipt\/egipskie-swiatynie\/swiatynia-luksorska\/#local-main-organization-logo"},"image":{"@id":"https:\/\/landioustravel.com\/pl\/egipt\/egipskie-swiatynie\/swiatynia-luksorska\/#local-main-organization-logo"},"sameAs":["https:\/\/web.facebook.com\/landiousEgypt","https:\/\/x.com\/LandiousTours","https:\/\/mastodon.social\/@landious"],"legalName":"Landious Travel","telephone":[],"openingHoursSpecification":[{"@type":"OpeningHoursSpecification","dayOfWeek":["Monday","Tuesday","Wednesday","Thursday","Friday","Saturday","Sunday"],"opens":"09:00","closes":"17:00"}]},{"@type":"ImageObject","inLanguage":"pl-PL","@id":"https:\/\/landioustravel.com\/pl\/egipt\/egipskie-swiatynie\/swiatynia-luksorska\/#local-main-organization-logo","url":"https:\/\/i0.wp.com\/landioustravel.com\/wp-content\/uploads\/2021\/06\/Landious-T.png?fit=500%2C500&ssl=1","contentUrl":"https:\/\/i0.wp.com\/landioustravel.com\/wp-content\/uploads\/2021\/06\/Landious-T.png?fit=500%2C500&ssl=1","width":500,"height":500,"caption":"Landious Travel"}]}},"uagb_featured_image_src":{"full":false,"thumbnail":false,"medium":false,"medium_large":false,"large":false,"1536x1536":false,"2048x2048":false,"newspack-article-block-landscape-large":false,"newspack-article-block-portrait-large":false,"newspack-article-block-square-large":false,"newspack-article-block-landscape-medium":false,"newspack-article-block-portrait-medium":false,"newspack-article-block-square-medium":false,"newspack-article-block-landscape-intermediate":false,"newspack-article-block-portrait-intermediate":false,"newspack-article-block-square-intermediate":false,"newspack-article-block-landscape-small":false,"newspack-article-block-portrait-small":false,"newspack-article-block-square-small":false,"newspack-article-block-landscape-tiny":false,"newspack-article-block-portrait-tiny":false,"newspack-article-block-square-tiny":false,"newspack-article-block-uncropped":false,"woocommerce_thumbnail":false,"woocommerce_single":false,"woocommerce_gallery_thumbnail":false},"uagb_author_info":{"display_name":"Mofreh Landious","author_link":"https:\/\/landioustravel.com\/pl\/author\/landious\/"},"uagb_comment_info":0,"uagb_excerpt":"\u015awi\u0105tynia Luksorska to kompleks staro\u017cytnej egipskiej \u015bwi\u0105tyni po\u0142o\u017cony na wschodnim brzegu Nilu w mie\u015bcie Teb. \u015awi\u0105tynia ta zosta\u0142a zbudowana przez Amenhotepa III (1390-52 pne), ale uko\u0144czona przez Tutanchamona (1336-27 pne) i Horemheba (1323-1295 pne). W ko\u0144cu zosta\u0142 dodany do \u015bwi\u0105ty\u0144 zbudowanych podczas Ramzesa II (1279-13 pne). W tym samym czasie mo\u017cemy znale\u017a\u0107 granitow\u0105 \u015bwi\u0105tyni\u0119, skierowan\u0105&hellip;","jetpack_sharing_enabled":true,"jetpack_shortlink":"https:\/\/wp.me\/Par4r5-VW","jetpack_likes_enabled":true,"amp_enabled":true,"_links":{"self":[{"href":"https:\/\/landioustravel.com\/pl\/wp-json\/wp\/v2\/pages\/3592","targetHints":{"allow":["GET"]}}],"collection":[{"href":"https:\/\/landioustravel.com\/pl\/wp-json\/wp\/v2\/pages"}],"about":[{"href":"https:\/\/landioustravel.com\/pl\/wp-json\/wp\/v2\/types\/page"}],"author":[{"embeddable":true,"href":"https:\/\/landioustravel.com\/pl\/wp-json\/wp\/v2\/users\/1"}],"replies":[{"embeddable":true,"href":"https:\/\/landioustravel.com\/pl\/wp-json\/wp\/v2\/comments?post=3592"}],"version-history":[{"count":0,"href":"https:\/\/landioustravel.com\/pl\/wp-json\/wp\/v2\/pages\/3592\/revisions"}],"up":[{"embeddable":true,"href":"https:\/\/landioustravel.com\/pl\/wp-json\/wp\/v2\/pages\/3131"}],"wp:attachment":[{"href":"https:\/\/landioustravel.com\/pl\/wp-json\/wp\/v2\/media?parent=3592"}],"curies":[{"name":"wp","href":"https:\/\/api.w.org\/{rel}","templated":true}]}}