{"id":3643,"date":"2019-03-31T18:52:04","date_gmt":"2019-03-31T16:52:04","guid":{"rendered":"https:\/\/landioustravel.com\/?page_id=3643"},"modified":"2019-03-31T18:52:05","modified_gmt":"2019-03-31T16:52:05","slug":"bog-amun","status":"publish","type":"page","link":"https:\/\/landioustravel.com\/pl\/egipt\/egipskie-bostwa\/bog-amun\/","title":{"rendered":"B\u00f3g Amun"},"content":{"rendered":"\n<amp-fit-text layout=\"fixed-height\" min-font-size=\"14\" max-font-size=\"48\" height=\"50\"><p>Amun by\u0142 imieniem b\u00f3stwa w mitologii egipskiej, kt\u00f3ry sta\u0142 si\u0119 jednym z najwa\u017cniejszych b\u00f3stw w staro\u017cytnym Egipcie. Nazwa ta r\u00f3wnie\u017c pisa\u0142a: Amon, Amoun, Amen, a czasami Imen. Oznacza \u201eNiewidzialny\u201d.<\/p><\/amp-fit-text>\n\n\n\n<amp-fit-text layout=\"fixed-height\" min-font-size=\"14\" max-font-size=\"48\" height=\"50\"><p>Staro\u017cytni Egipcjanie przedstawiali boga Amona w r\u00f3\u017cnych kszta\u0142tach. Amun pojawi\u0142 si\u0119 w postaci m\u0119\u017cczyzny z g\u0142ow\u0105 barana, m\u0119\u017cczyzn\u0105 z \u017cab\u0105 g\u0142ow\u0105, baranem, m\u0119\u017cczyzn\u0105 w strusiej upierzonej koronie i g\u0119\u015b.<\/p><\/amp-fit-text>\n\n\n\n<amp-fit-text layout=\"fixed-height\" min-font-size=\"14\" max-font-size=\"48\" height=\"50\"><p>Zacz\u0105\u0142 jako teba\u0144ski b\u00f3g wiatru i p\u0142odno\u015bci, kt\u00f3rego moc ros\u0142a wraz z rozwojem miasta Teb z nieistotnej wioski, w starym Kr\u00f3lestwie, do pot\u0119\u017cnej metropolii w \u015arodkowym i Nowym Kr\u00f3lestwie. Wsta\u0142, by zosta\u0107 cz\u0142onkiem o\u015bmiu bog\u00f3w, zwanych wsp\u00f3lnie Ogdoadem w Hermopolis. Nast\u0119pnie zosta\u0142 cz\u0142onkiem trzech bog\u00f3w zwanych Triad\u0105 Teb. W tym czasie otrzyma\u0142 tytu\u0142 patrona faraon\u00f3w teba\u0144skich i ostatecznie zosta\u0142 po\u0142\u0105czony z bogiem s\u0142o\u0144ca, Ra, kt\u00f3ry by\u0142 dominuj\u0105cym b\u00f3stwem Starego Kr\u00f3lestwa, by sta\u0107 si\u0119 Amun-Ra, kr\u00f3lem bog\u00f3w i w\u0142adc\u0105 Wielkiego Ennead. Amun-Ra zosta\u0142 okrzykni\u0119ty narodowym bogiem, stw\u00f3rc\u0105 wszech\u015bwiata, osobistym obro\u0144c\u0105 faraona i bogiem wojny.<\/p><\/amp-fit-text>\n\n\n\n<amp-fit-text layout=\"fixed-height\" min-font-size=\"14\" max-font-size=\"48\" height=\"50\"><p>\u015awi\u0105tynia w Karnaku by\u0142a g\u0142\u00f3wn\u0105 \u015bwi\u0105tyni\u0105 Amona. S\u0142awa Amona znacznie przekroczy\u0142a granice Egiptu. Jego kult rozprzestrzeni\u0142 si\u0119 na Etiopi\u0119, Nubi\u0119, Libi\u0119 i znaczn\u0105 cz\u0119\u015b\u0107 Palestyny. Grecy uwa\u017cali go za egipsk\u0105 manifestacj\u0119 swego boga Zeusa. Nawet Aleksander Wielki uwa\u017ca\u0142, \u017ce warto skonsultowa\u0107 si\u0119 z wyroczni\u0105 Amona.<\/p><\/amp-fit-text>\n","protected":false},"excerpt":{"rendered":"<p>Amun by\u0142 imieniem b\u00f3stwa w mitologii egipskiej, kt\u00f3ry sta\u0142 si\u0119 jednym z najwa\u017cniejszych b\u00f3stw w staro\u017cytnym Egipcie. Nazwa ta r\u00f3wnie\u017c pisa\u0142a: Amon, Amoun, Amen, a czasami Imen. Oznacza \u201eNiewidzialny\u201d. Staro\u017cytni Egipcjanie przedstawiali boga Amona w r\u00f3\u017cnych kszta\u0142tach. Amun pojawi\u0142 si\u0119 w postaci m\u0119\u017cczyzny z g\u0142ow\u0105 barana, m\u0119\u017cczyzn\u0105 z \u017cab\u0105 g\u0142ow\u0105, baranem, m\u0119\u017cczyzn\u0105 w strusiej upierzonej [&hellip;]<\/p>\n","protected":false},"author":1,"featured_media":29681,"parent":3624,"menu_order":2,"comment_status":"open","ping_status":"closed","template":"","meta":{"_coblocks_attr":"","_coblocks_dimensions":"","_coblocks_responsive_height":"","_coblocks_accordion_ie_support":"","_uag_custom_page_level_css":"","jetpack_post_was_ever_published":false,"footnotes":""},"class_list":["post-3643","page","type-page","status-publish","has-post-thumbnail","hentry"],"yoast_head":"<!-- This site is optimized with the Yoast SEO Premium plugin v26.9 (Yoast SEO v27.3) - https:\/\/yoast.com\/product\/yoast-seo-premium-wordpress\/ -->\n<title>B\u00f3g Amun<\/title>\n<meta name=\"description\" content=\"Amun was the name of a deity, in Egyptian mythology, who became one of the most important deities in Ancient Egypt. The name also spelled Amon, Amoun, Amen, and sometimes Imen. It means \u201cThe Invisible\u201d\" \/>\n<meta name=\"robots\" content=\"index, follow, max-snippet:-1, max-image-preview:large, max-video-preview:-1\" \/>\n<link rel=\"canonical\" href=\"https:\/\/landioustravel.com\/pl\/egipt\/egipskie-bostwa\/bog-amun\/\" \/>\n<meta property=\"og:locale\" content=\"pl_PL\" \/>\n<meta property=\"og:type\" content=\"article\" \/>\n<meta property=\"og:title\" content=\"B\u00f3g Amun\" \/>\n<meta property=\"og:description\" content=\"Amun was the name of a deity, in Egyptian mythology, who became one of the most important deities in Ancient Egypt. The name also spelled Amon, Amoun, Amen, and sometimes Imen. It means \u201cThe Invisible\u201d\" \/>\n<meta property=\"og:url\" content=\"https:\/\/landioustravel.com\/pl\/egipt\/egipskie-bostwa\/bog-amun\/\" \/>\n<meta property=\"og:site_name\" content=\"Landious Travel\" \/>\n<meta property=\"article:publisher\" content=\"https:\/\/web.facebook.com\/landiousEgypt\" \/>\n<meta property=\"article:modified_time\" content=\"2019-03-31T16:52:05+00:00\" \/>\n<meta property=\"og:image\" content=\"https:\/\/i0.wp.com\/landioustravel.com\/wp-content\/uploads\/2021\/03\/God_Amun-e1616108201617.jpg?fit=1200%2C675&ssl=1\" \/>\n\t<meta property=\"og:image:width\" content=\"1200\" \/>\n\t<meta property=\"og:image:height\" content=\"675\" \/>\n\t<meta property=\"og:image:type\" content=\"image\/jpeg\" \/>\n<meta name=\"twitter:card\" content=\"summary_large_image\" \/>\n<meta name=\"twitter:site\" content=\"@LandiousTours\" \/>\n<meta name=\"twitter:label1\" content=\"Szacowany czas czytania\" \/>\n\t<meta name=\"twitter:data1\" content=\"1 minuta\" \/>\n<script type=\"application\/ld+json\" class=\"yoast-schema-graph\">{\"@context\":\"https:\\\/\\\/schema.org\",\"@graph\":[{\"@type\":\"WebPage\",\"@id\":\"https:\\\/\\\/landioustravel.com\\\/pl\\\/egipt\\\/egipskie-bostwa\\\/bog-amun\\\/\",\"url\":\"https:\\\/\\\/landioustravel.com\\\/pl\\\/egipt\\\/egipskie-bostwa\\\/bog-amun\\\/\",\"name\":\"B\u00f3g Amun\",\"isPartOf\":{\"@id\":\"https:\\\/\\\/landioustravel.com\\\/pl\\\/#website\"},\"primaryImageOfPage\":{\"@id\":\"https:\\\/\\\/landioustravel.com\\\/pl\\\/egipt\\\/egipskie-bostwa\\\/bog-amun\\\/#primaryimage\"},\"image\":{\"@id\":\"https:\\\/\\\/landioustravel.com\\\/pl\\\/egipt\\\/egipskie-bostwa\\\/bog-amun\\\/#primaryimage\"},\"thumbnailUrl\":\"https:\\\/\\\/i0.wp.com\\\/landioustravel.com\\\/wp-content\\\/uploads\\\/2021\\\/03\\\/God_Amun-e1616108201617.jpg?fit=1200%2C675&ssl=1\",\"datePublished\":\"2019-03-31T16:52:04+00:00\",\"dateModified\":\"2019-03-31T16:52:05+00:00\",\"description\":\"Amun was the name of a deity, in Egyptian mythology, who became one of the most important deities in Ancient Egypt. The name also spelled Amon, Amoun, Amen, and sometimes Imen. It means \u201cThe Invisible\u201d\",\"breadcrumb\":{\"@id\":\"https:\\\/\\\/landioustravel.com\\\/pl\\\/egipt\\\/egipskie-bostwa\\\/bog-amun\\\/#breadcrumb\"},\"inLanguage\":\"pl-PL\",\"potentialAction\":[{\"@type\":\"ReadAction\",\"target\":[\"https:\\\/\\\/landioustravel.com\\\/pl\\\/egipt\\\/egipskie-bostwa\\\/bog-amun\\\/\"]}]},{\"@type\":\"ImageObject\",\"inLanguage\":\"pl-PL\",\"@id\":\"https:\\\/\\\/landioustravel.com\\\/pl\\\/egipt\\\/egipskie-bostwa\\\/bog-amun\\\/#primaryimage\",\"url\":\"https:\\\/\\\/i0.wp.com\\\/landioustravel.com\\\/wp-content\\\/uploads\\\/2021\\\/03\\\/God_Amun-e1616108201617.jpg?fit=1200%2C675&ssl=1\",\"contentUrl\":\"https:\\\/\\\/i0.wp.com\\\/landioustravel.com\\\/wp-content\\\/uploads\\\/2021\\\/03\\\/God_Amun-e1616108201617.jpg?fit=1200%2C675&ssl=1\",\"width\":1200,\"height\":675,\"caption\":\"God Amun\"},{\"@type\":\"BreadcrumbList\",\"@id\":\"https:\\\/\\\/landioustravel.com\\\/pl\\\/egipt\\\/egipskie-bostwa\\\/bog-amun\\\/#breadcrumb\",\"itemListElement\":[{\"@type\":\"ListItem\",\"position\":1,\"name\":\"Home\",\"item\":\"https:\\\/\\\/landioustravel.com\\\/pl\\\/\"},{\"@type\":\"ListItem\",\"position\":2,\"name\":\"Egipt\",\"item\":\"https:\\\/\\\/landioustravel.com\\\/pl\\\/egipt\\\/\"},{\"@type\":\"ListItem\",\"position\":3,\"name\":\"Egipskie B\u00f3stwa\",\"item\":\"https:\\\/\\\/landioustravel.com\\\/pl\\\/egipt\\\/egipskie-bostwa\\\/\"},{\"@type\":\"ListItem\",\"position\":4,\"name\":\"B\u00f3g Amun\"}]},{\"@type\":\"WebSite\",\"@id\":\"https:\\\/\\\/landioustravel.com\\\/pl\\\/#website\",\"url\":\"https:\\\/\\\/landioustravel.com\\\/pl\\\/\",\"name\":\"Landious Travel\",\"description\":\"Excursions, trips and cruises in Egypt\",\"publisher\":{\"@id\":\"https:\\\/\\\/landioustravel.com\\\/pl\\\/#organization\"},\"potentialAction\":[{\"@type\":\"SearchAction\",\"target\":{\"@type\":\"EntryPoint\",\"urlTemplate\":\"https:\\\/\\\/landioustravel.com\\\/pl\\\/?s={search_term_string}\"},\"query-input\":{\"@type\":\"PropertyValueSpecification\",\"valueRequired\":true,\"valueName\":\"search_term_string\"}}],\"inLanguage\":\"pl-PL\"},{\"@type\":[\"Organization\",\"Place\"],\"@id\":\"https:\\\/\\\/landioustravel.com\\\/pl\\\/#organization\",\"name\":\"Landious Travel\",\"alternateName\":\"Landious Travel\",\"url\":\"https:\\\/\\\/landioustravel.com\\\/pl\\\/\",\"logo\":{\"@id\":\"https:\\\/\\\/landioustravel.com\\\/pl\\\/egipt\\\/egipskie-bostwa\\\/bog-amun\\\/#local-main-organization-logo\"},\"image\":{\"@id\":\"https:\\\/\\\/landioustravel.com\\\/pl\\\/egipt\\\/egipskie-bostwa\\\/bog-amun\\\/#local-main-organization-logo\"},\"sameAs\":[\"https:\\\/\\\/web.facebook.com\\\/landiousEgypt\",\"https:\\\/\\\/x.com\\\/LandiousTours\",\"https:\\\/\\\/mastodon.social\\\/@landious\"],\"legalName\":\"Landious Travel\",\"telephone\":[],\"openingHoursSpecification\":[{\"@type\":\"OpeningHoursSpecification\",\"dayOfWeek\":[\"Monday\",\"Tuesday\",\"Wednesday\",\"Thursday\",\"Friday\",\"Saturday\",\"Sunday\"],\"opens\":\"09:00\",\"closes\":\"17:00\"}]},{\"@type\":\"ImageObject\",\"inLanguage\":\"pl-PL\",\"@id\":\"https:\\\/\\\/landioustravel.com\\\/pl\\\/egipt\\\/egipskie-bostwa\\\/bog-amun\\\/#local-main-organization-logo\",\"url\":\"https:\\\/\\\/i0.wp.com\\\/landioustravel.com\\\/wp-content\\\/uploads\\\/2021\\\/06\\\/Landious-T.png?fit=500%2C500&ssl=1\",\"contentUrl\":\"https:\\\/\\\/i0.wp.com\\\/landioustravel.com\\\/wp-content\\\/uploads\\\/2021\\\/06\\\/Landious-T.png?fit=500%2C500&ssl=1\",\"width\":500,\"height\":500,\"caption\":\"Landious Travel\"}]}<\/script>\n<!-- \/ Yoast SEO Premium plugin. -->","yoast_head_json":{"title":"B\u00f3g Amun","description":"Amun was the name of a deity, in Egyptian mythology, who became one of the most important deities in Ancient Egypt. The name also spelled Amon, Amoun, Amen, and sometimes Imen. It means \u201cThe Invisible\u201d","robots":{"index":"index","follow":"follow","max-snippet":"max-snippet:-1","max-image-preview":"max-image-preview:large","max-video-preview":"max-video-preview:-1"},"canonical":"https:\/\/landioustravel.com\/pl\/egipt\/egipskie-bostwa\/bog-amun\/","og_locale":"pl_PL","og_type":"article","og_title":"B\u00f3g Amun","og_description":"Amun was the name of a deity, in Egyptian mythology, who became one of the most important deities in Ancient Egypt. The name also spelled Amon, Amoun, Amen, and sometimes Imen. It means \u201cThe Invisible\u201d","og_url":"https:\/\/landioustravel.com\/pl\/egipt\/egipskie-bostwa\/bog-amun\/","og_site_name":"Landious Travel","article_publisher":"https:\/\/web.facebook.com\/landiousEgypt","article_modified_time":"2019-03-31T16:52:05+00:00","og_image":[{"width":1200,"height":675,"url":"https:\/\/i0.wp.com\/landioustravel.com\/wp-content\/uploads\/2021\/03\/God_Amun-e1616108201617.jpg?fit=1200%2C675&ssl=1","type":"image\/jpeg"}],"twitter_card":"summary_large_image","twitter_site":"@LandiousTours","twitter_misc":{"Szacowany czas czytania":"1 minuta"},"schema":{"@context":"https:\/\/schema.org","@graph":[{"@type":"WebPage","@id":"https:\/\/landioustravel.com\/pl\/egipt\/egipskie-bostwa\/bog-amun\/","url":"https:\/\/landioustravel.com\/pl\/egipt\/egipskie-bostwa\/bog-amun\/","name":"B\u00f3g Amun","isPartOf":{"@id":"https:\/\/landioustravel.com\/pl\/#website"},"primaryImageOfPage":{"@id":"https:\/\/landioustravel.com\/pl\/egipt\/egipskie-bostwa\/bog-amun\/#primaryimage"},"image":{"@id":"https:\/\/landioustravel.com\/pl\/egipt\/egipskie-bostwa\/bog-amun\/#primaryimage"},"thumbnailUrl":"https:\/\/i0.wp.com\/landioustravel.com\/wp-content\/uploads\/2021\/03\/God_Amun-e1616108201617.jpg?fit=1200%2C675&ssl=1","datePublished":"2019-03-31T16:52:04+00:00","dateModified":"2019-03-31T16:52:05+00:00","description":"Amun was the name of a deity, in Egyptian mythology, who became one of the most important deities in Ancient Egypt. The name also spelled Amon, Amoun, Amen, and sometimes Imen. It means \u201cThe Invisible\u201d","breadcrumb":{"@id":"https:\/\/landioustravel.com\/pl\/egipt\/egipskie-bostwa\/bog-amun\/#breadcrumb"},"inLanguage":"pl-PL","potentialAction":[{"@type":"ReadAction","target":["https:\/\/landioustravel.com\/pl\/egipt\/egipskie-bostwa\/bog-amun\/"]}]},{"@type":"ImageObject","inLanguage":"pl-PL","@id":"https:\/\/landioustravel.com\/pl\/egipt\/egipskie-bostwa\/bog-amun\/#primaryimage","url":"https:\/\/i0.wp.com\/landioustravel.com\/wp-content\/uploads\/2021\/03\/God_Amun-e1616108201617.jpg?fit=1200%2C675&ssl=1","contentUrl":"https:\/\/i0.wp.com\/landioustravel.com\/wp-content\/uploads\/2021\/03\/God_Amun-e1616108201617.jpg?fit=1200%2C675&ssl=1","width":1200,"height":675,"caption":"God Amun"},{"@type":"BreadcrumbList","@id":"https:\/\/landioustravel.com\/pl\/egipt\/egipskie-bostwa\/bog-amun\/#breadcrumb","itemListElement":[{"@type":"ListItem","position":1,"name":"Home","item":"https:\/\/landioustravel.com\/pl\/"},{"@type":"ListItem","position":2,"name":"Egipt","item":"https:\/\/landioustravel.com\/pl\/egipt\/"},{"@type":"ListItem","position":3,"name":"Egipskie B\u00f3stwa","item":"https:\/\/landioustravel.com\/pl\/egipt\/egipskie-bostwa\/"},{"@type":"ListItem","position":4,"name":"B\u00f3g Amun"}]},{"@type":"WebSite","@id":"https:\/\/landioustravel.com\/pl\/#website","url":"https:\/\/landioustravel.com\/pl\/","name":"Landious Travel","description":"Excursions, trips and cruises in Egypt","publisher":{"@id":"https:\/\/landioustravel.com\/pl\/#organization"},"potentialAction":[{"@type":"SearchAction","target":{"@type":"EntryPoint","urlTemplate":"https:\/\/landioustravel.com\/pl\/?s={search_term_string}"},"query-input":{"@type":"PropertyValueSpecification","valueRequired":true,"valueName":"search_term_string"}}],"inLanguage":"pl-PL"},{"@type":["Organization","Place"],"@id":"https:\/\/landioustravel.com\/pl\/#organization","name":"Landious Travel","alternateName":"Landious Travel","url":"https:\/\/landioustravel.com\/pl\/","logo":{"@id":"https:\/\/landioustravel.com\/pl\/egipt\/egipskie-bostwa\/bog-amun\/#local-main-organization-logo"},"image":{"@id":"https:\/\/landioustravel.com\/pl\/egipt\/egipskie-bostwa\/bog-amun\/#local-main-organization-logo"},"sameAs":["https:\/\/web.facebook.com\/landiousEgypt","https:\/\/x.com\/LandiousTours","https:\/\/mastodon.social\/@landious"],"legalName":"Landious Travel","telephone":[],"openingHoursSpecification":[{"@type":"OpeningHoursSpecification","dayOfWeek":["Monday","Tuesday","Wednesday","Thursday","Friday","Saturday","Sunday"],"opens":"09:00","closes":"17:00"}]},{"@type":"ImageObject","inLanguage":"pl-PL","@id":"https:\/\/landioustravel.com\/pl\/egipt\/egipskie-bostwa\/bog-amun\/#local-main-organization-logo","url":"https:\/\/i0.wp.com\/landioustravel.com\/wp-content\/uploads\/2021\/06\/Landious-T.png?fit=500%2C500&ssl=1","contentUrl":"https:\/\/i0.wp.com\/landioustravel.com\/wp-content\/uploads\/2021\/06\/Landious-T.png?fit=500%2C500&ssl=1","width":500,"height":500,"caption":"Landious Travel"}]}},"uagb_featured_image_src":{"full":["https:\/\/i0.wp.com\/landioustravel.com\/wp-content\/uploads\/2021\/03\/God_Amun-e1616108201617.jpg?fit=1200%2C675&ssl=1",1200,675,false],"thumbnail":["https:\/\/i0.wp.com\/landioustravel.com\/wp-content\/uploads\/2021\/03\/God_Amun-e1616108201617.jpg?resize=150%2C150&ssl=1",150,150,true],"medium":["https:\/\/i0.wp.com\/landioustravel.com\/wp-content\/uploads\/2021\/03\/God_Amun-e1616108201617.jpg?fit=300%2C169&ssl=1",300,169,true],"medium_large":["https:\/\/i0.wp.com\/landioustravel.com\/wp-content\/uploads\/2021\/03\/God_Amun-e1616108201617.jpg?fit=768%2C432&ssl=1",768,432,true],"large":["https:\/\/i0.wp.com\/landioustravel.com\/wp-content\/uploads\/2021\/03\/God_Amun-e1616108201617.jpg?fit=980%2C551&ssl=1",980,551,true],"1536x1536":["https:\/\/i0.wp.com\/landioustravel.com\/wp-content\/uploads\/2021\/03\/God_Amun-e1616108201617.jpg?fit=1536%2C864&ssl=1",1536,864,true],"2048x2048":["https:\/\/i0.wp.com\/landioustravel.com\/wp-content\/uploads\/2021\/03\/God_Amun-e1616108201617.jpg?fit=1200%2C675&ssl=1",1200,675,true],"newspack-article-block-landscape-large":["https:\/\/i0.wp.com\/landioustravel.com\/wp-content\/uploads\/2021\/03\/God_Amun-e1616108201617.jpg?resize=1200%2C675&ssl=1",1200,900,true],"newspack-article-block-portrait-large":["https:\/\/i0.wp.com\/landioustravel.com\/wp-content\/uploads\/2021\/03\/God_Amun-e1616108201617.jpg?resize=900%2C675&ssl=1",900,675,true],"newspack-article-block-square-large":["https:\/\/i0.wp.com\/landioustravel.com\/wp-content\/uploads\/2021\/03\/God_Amun-e1616108201617.jpg?resize=1200%2C675&ssl=1",1200,1152,true],"newspack-article-block-landscape-medium":["https:\/\/i0.wp.com\/landioustravel.com\/wp-content\/uploads\/2021\/03\/God_Amun-e1616108201617.jpg?resize=800%2C600&ssl=1",800,600,true],"newspack-article-block-portrait-medium":["https:\/\/i0.wp.com\/landioustravel.com\/wp-content\/uploads\/2021\/03\/God_Amun-e1616108201617.jpg?resize=600%2C675&ssl=1",600,675,true],"newspack-article-block-square-medium":["https:\/\/i0.wp.com\/landioustravel.com\/wp-content\/uploads\/2021\/03\/God_Amun-e1616108201617.jpg?resize=800%2C675&ssl=1",800,675,true],"newspack-article-block-landscape-intermediate":["https:\/\/i0.wp.com\/landioustravel.com\/wp-content\/uploads\/2021\/03\/God_Amun-e1616108201617.jpg?resize=600%2C450&ssl=1",600,450,true],"newspack-article-block-portrait-intermediate":["https:\/\/i0.wp.com\/landioustravel.com\/wp-content\/uploads\/2021\/03\/God_Amun-e1616108201617.jpg?resize=450%2C600&ssl=1",450,600,true],"newspack-article-block-square-intermediate":["https:\/\/i0.wp.com\/landioustravel.com\/wp-content\/uploads\/2021\/03\/God_Amun-e1616108201617.jpg?resize=600%2C600&ssl=1",600,600,true],"newspack-article-block-landscape-small":["https:\/\/i0.wp.com\/landioustravel.com\/wp-content\/uploads\/2021\/03\/God_Amun-e1616108201617.jpg?resize=400%2C300&ssl=1",400,300,true],"newspack-article-block-portrait-small":["https:\/\/i0.wp.com\/landioustravel.com\/wp-content\/uploads\/2021\/03\/God_Amun-e1616108201617.jpg?resize=300%2C400&ssl=1",300,400,true],"newspack-article-block-square-small":["https:\/\/i0.wp.com\/landioustravel.com\/wp-content\/uploads\/2021\/03\/God_Amun-e1616108201617.jpg?resize=400%2C400&ssl=1",400,400,true],"newspack-article-block-landscape-tiny":["https:\/\/i0.wp.com\/landioustravel.com\/wp-content\/uploads\/2021\/03\/God_Amun-e1616108201617.jpg?resize=200%2C150&ssl=1",200,150,true],"newspack-article-block-portrait-tiny":["https:\/\/i0.wp.com\/landioustravel.com\/wp-content\/uploads\/2021\/03\/God_Amun-e1616108201617.jpg?resize=150%2C200&ssl=1",150,200,true],"newspack-article-block-square-tiny":["https:\/\/i0.wp.com\/landioustravel.com\/wp-content\/uploads\/2021\/03\/God_Amun-e1616108201617.jpg?resize=200%2C200&ssl=1",200,200,true],"newspack-article-block-uncropped":["https:\/\/i0.wp.com\/landioustravel.com\/wp-content\/uploads\/2021\/03\/God_Amun-e1616108201617.jpg?fit=1200%2C675&ssl=1",1200,675,true],"woocommerce_thumbnail":["https:\/\/i0.wp.com\/landioustravel.com\/wp-content\/uploads\/2021\/03\/God_Amun-e1616108201617.jpg?resize=324%2C324&ssl=1",324,324,true],"woocommerce_single":["https:\/\/i0.wp.com\/landioustravel.com\/wp-content\/uploads\/2021\/03\/God_Amun-e1616108201617.jpg?fit=416%2C234&ssl=1",416,234,true],"woocommerce_gallery_thumbnail":["https:\/\/i0.wp.com\/landioustravel.com\/wp-content\/uploads\/2021\/03\/God_Amun-e1616108201617.jpg?resize=100%2C100&ssl=1",100,100,true]},"uagb_author_info":{"display_name":"Mofreh Landious","author_link":"https:\/\/landioustravel.com\/pl\/author\/landious\/"},"uagb_comment_info":0,"uagb_excerpt":"Amun by\u0142 imieniem b\u00f3stwa w mitologii egipskiej, kt\u00f3ry sta\u0142 si\u0119 jednym z najwa\u017cniejszych b\u00f3stw w staro\u017cytnym Egipcie. Nazwa ta r\u00f3wnie\u017c pisa\u0142a: Amon, Amoun, Amen, a czasami Imen. Oznacza \u201eNiewidzialny\u201d. Staro\u017cytni Egipcjanie przedstawiali boga Amona w r\u00f3\u017cnych kszta\u0142tach. Amun pojawi\u0142 si\u0119 w postaci m\u0119\u017cczyzny z g\u0142ow\u0105 barana, m\u0119\u017cczyzn\u0105 z \u017cab\u0105 g\u0142ow\u0105, baranem, m\u0119\u017cczyzn\u0105 w strusiej upierzonej&hellip;","jetpack_sharing_enabled":true,"jetpack_shortlink":"https:\/\/wp.me\/Par4r5-WL","jetpack_likes_enabled":true,"amp_enabled":true,"_links":{"self":[{"href":"https:\/\/landioustravel.com\/pl\/wp-json\/wp\/v2\/pages\/3643","targetHints":{"allow":["GET"]}}],"collection":[{"href":"https:\/\/landioustravel.com\/pl\/wp-json\/wp\/v2\/pages"}],"about":[{"href":"https:\/\/landioustravel.com\/pl\/wp-json\/wp\/v2\/types\/page"}],"author":[{"embeddable":true,"href":"https:\/\/landioustravel.com\/pl\/wp-json\/wp\/v2\/users\/1"}],"replies":[{"embeddable":true,"href":"https:\/\/landioustravel.com\/pl\/wp-json\/wp\/v2\/comments?post=3643"}],"version-history":[{"count":0,"href":"https:\/\/landioustravel.com\/pl\/wp-json\/wp\/v2\/pages\/3643\/revisions"}],"up":[{"embeddable":true,"href":"https:\/\/landioustravel.com\/pl\/wp-json\/wp\/v2\/pages\/3624"}],"wp:featuredmedia":[{"embeddable":true,"href":"https:\/\/landioustravel.com\/pl\/wp-json\/wp\/v2\/media\/29681"}],"wp:attachment":[{"href":"https:\/\/landioustravel.com\/pl\/wp-json\/wp\/v2\/media?parent=3643"}],"curies":[{"name":"wp","href":"https:\/\/api.w.org\/{rel}","templated":true}]}}