{"id":37982,"date":"2021-09-24T16:28:02","date_gmt":"2021-09-24T14:28:02","guid":{"rendered":"https:\/\/landioustravel.com\/?page_id=37982"},"modified":"2021-09-25T09:38:10","modified_gmt":"2021-09-25T07:38:10","slug":"bogini-bastet","status":"publish","type":"page","link":"https:\/\/landioustravel.com\/pl\/egipt\/egipskie-bostwa\/bogini-bastet\/","title":{"rendered":"Bogini Bastet"},"content":{"rendered":"\n<p>Staro\u017cytni Egipcjanie uwa\u017cali Bogini\u0119 Bastet za opiekunk\u0119 kobiet, domu, domostwa, kot\u00f3w, przyjemno\u015bci i dobrego zdrowia. Chroni\u0142a domy przed z\u0142ymi duchami i chorobami, kt\u00f3re mog\u0105 dotkn\u0105\u0107 kobiety lub dzieci. Podobnie jak inne <a href=\"https:\/\/landioustravel.com\/pl\/egipt\/egipskie-bostwa\/\">staro\u017cytne b\u00f3stwa<\/a>, bogini r\u00f3wnie\u017c odgrywa\u0142a istotn\u0105 rol\u0119 w \u017cyciu pozagrobowym.<\/p>\n\n\n\n<p>Role i wizerunki bog\u00f3w i bogi\u0144 zmienia\u0142y si\u0119 w <a href=\"https:\/\/landioustravel.com\/pl\/egipt\/historia-egiptu\/historia-starozytnego-egiptu\/\">historii staro\u017cytnego Egiptu<\/a>. Doskona\u0142ym przyk\u0142adem tego zjawiska jest bogini Bastet. Pocz\u0105tkowo mitologia kojarzy bogini\u0119 z <a href=\"https:\/\/landioustravel.com\/pl\/egipt\/egipskie-bostwa\/bog-ra\/\">Ra<\/a> i koncepcj\u0105 Oka Ra. Jednak z czasem jej role si\u0119 zmieni\u0142y, a jej wizerunek sta\u0142 si\u0119 bardziej udomowiony. P\u00f3\u017aniej staro\u017cytni Egipcjanie uwa\u017cali j\u0105 za opiekunk\u0119 rodziny i domu wszystkich.<\/p>\n\n\n\n<h2 class=\"wp-block-heading\" id=\"h-znaczenie-imienia-bastet\">Znaczenie imienia Bastet<\/h2>\n\n\n\n<p>Wed\u0142ug staro\u017cytnych tekst\u00f3w pierwotna nazwa bogini brzmia\u0142a B\u2019stt. P\u00f3\u017aniej sta\u0142 si\u0119 Ubaste, a nast\u0119pnie Bast. Rzeczywiste znaczenie imienia bogini pozostaje do dzi\u015b tajemnic\u0105. Stephen Quirke, profesor religii staro\u017cytnego Egiptu, okre\u015bla imi\u0119 Bastet jako \u201eOna ze s\u0142oika ma\u015bci\u201d.<\/p>\n\n\n\n<p>Egiptolog m\u00f3g\u0142 to wyja\u015bni\u0107, zauwa\u017caj\u0105c, \u017ce skrybowie zapisali imi\u0119 bogini wraz z hieroglifem u\u017cytym na s\u0142oju z ma\u015bci\u0105. Ponadto Egipcjanie kojarzyli Bastet m.in. z ma\u015bciami ochronnymi.<\/p>\n\n\n\n<p>Grecy zwi\u0105zali bogini\u0119 \u015bci\u015ble ze swoj\u0105 bogini\u0105 Artemid\u0105. Powi\u0105zali tak\u017ce Apolla z <a href=\"https:\/\/landioustravel.com\/pl\/egipt\/egipskie-bostwa\/bog-horus\/\">Horusem<\/a>, synem <a href=\"https:\/\/landioustravel.com\/pl\/egipt\/egipskie-bostwa\/bogini-izyda\/\">Izydy<\/a>. Dlatego nazwali bogini\u0119 Bast \u201eBa&#8217;Aset\u201d lub Dusz\u0119 Izydy. By\u0142oby to dos\u0142owne t\u0142umaczenie jej imienia, poniewa\u017c \u201eAset\u201d jest jednym z egipskich imion Izydy. Tutaj dodanie dodatkowego \u201eT\u201d oznacza kobieco\u015b\u0107.<\/p>\n\n\n\n<p>Ponadto teksty \u0142\u0105cz\u0105 Bastet z Nefertum, bogiem s\u0142odkich perfum i zapach\u00f3w. Wiele os\u00f3b uwa\u017ca\u0142o Nefertum za syna Bastet, co dodatkowo kojarzy jej imi\u0119 ze s\u0142oikiem ma\u015bci. Historycy mog\u0105 by\u0107 mo\u017ce powiedzie\u0107, \u017ce pocz\u0105tkowo jej imi\u0119 przypomina\u0142o co\u015b w rodzaju Ona ze S\u0142oika na Ma\u015b\u0107. Jednak p\u00f3\u017aniej Grecy zmienili jej imi\u0119 na Dusza Izydy. Zrobili to, aby \u015bci\u015blej powi\u0105za\u0107 j\u0105 z Izyd\u0105, najpopularniejsz\u0105 bogini\u0105 w <a href=\"https:\/\/landioustravel.com\/pl\/egipt\/\">Egipcie<\/a>.<\/p>\n\n\n\n<h2 class=\"wp-block-heading\">Reprezentacja<\/h2>\n\n\n\n<p>Pocz\u0105tkowo obrazy przedstawiaj\u0105 Bastet jako kobiet\u0119 z g\u0142ow\u0105 lwicy. Bardzo przypomina\u0142 wizerunki bogini <a href=\"https:\/\/landioustravel.com\/pl\/egipt\/egipskie-bostwa\/bogini-sechmet\/\">Sechmet<\/a>. Jednak z czasem ikonografia Sechmet przedstawia\u0142a j\u0105 jako coraz bardziej agresywn\u0105. W przeciwie\u0144stwie do tego, obrazy Bastet z czasem zmi\u0119k\u0142y, by przedstawia\u0107 \u0142agodniejszego towarzysza i codziennego pomocnika ni\u017c jej wcze\u015bniejsze formy m\u015bciciela.<\/p>\n\n\n\n<p>W trzecim okresie przej\u015bciowym w Egipcie ludzie zacz\u0119li przedstawia\u0107 bogini\u0119 jako udomowionego kota lub kobiet\u0119 z g\u0142ow\u0105 kota. Skrybowie z Nowego Kr\u00f3lestwa powi\u0105zali z jej imieniem \u017ce\u0144ski sufiks, aby podkre\u015bli\u0107 wymow\u0119 dodatkowego T.<\/p>\n\n\n\n<p>Staro\u017cytni Egipcjanie czcili i kochali koty. Cz\u0119\u015bciowo wynika\u0142o to z ich zdolno\u015bci do pozbycia si\u0119 szczur\u00f3w, myszy i w\u0119\u017cy, kt\u00f3re zagra\u017caj\u0105 uprawom i gospodarstwom domowym. W\u0142a\u015bciciele kr\u00f3lewscy, kt\u00f3rzy posiadali koty, ubierali je w z\u0142oto i pozwalali im je\u015b\u0107 z talerzy.<\/p>\n\n\n\n<p>Historycy przewiduj\u0105, \u017ce od XXII dynastii kult Bastet uleg\u0142 zmianie. Przekszta\u0142ci\u0142 si\u0119 z b\u00f3stwa lwa w boga-kociego. Poniewa\u017c ludzie postrzegali koty jako czu\u0142e i kochaj\u0105ce swoje dzieci, uwa\u017cali r\u00f3wnie\u017c Bastet za dobr\u0105 matk\u0119. Obrazy cz\u0119sto przedstawiaj\u0105 j\u0105 z licznymi koci\u0119tami.<\/p>\n\n\n\n<p>Od tekst\u00f3w piramid mo\u017cna zaobserwowa\u0107, \u017ce ludzie nadali Bastet inny aspekt i jej przera\u017caj\u0105c\u0105 form\u0119 m\u015bciciela. Ten aspekt polega\u0142 na troskliwej matce i \u0142agodnym opiekunie. W przeciwie\u0144stwie do tego Teksty Trumny i Ksi\u0119ga Umar\u0142ych m\u00f3wi\u0105 o demonicznej cz\u0119\u015bci Bastet. \u201eRze\u017anicy z Bastet\u201d sprowadzili na ludzko\u015b\u0107 katastrofy niczym zaraz\u0119. Mo\u017cna wi\u0119c powiedzie\u0107, \u017ce ludzie bardzo kochali Bastet, ale te\u017c bali si\u0119 ich. Jej tytu\u0142y, takie jak The Lady of Dread i The Lady of Slaughter pokazuj\u0105 jej wcze\u015bniejsz\u0105 agresywn\u0105 natur\u0119.<\/p>\n\n\n\n<h2 class=\"wp-block-heading\">Rola Basteta w religii<\/h2>\n\n\n\n<p>Teksty z III tysi\u0105clecia p.n.e. przedstawiaj\u0105 Bastet jako m\u015bciw\u0105 lwic\u0119 z Dolnego Egiptu. Teksty Piramid kojarz\u0105 j\u0105 z kr\u00f3lem Egiptu jako jego opiekunk\u0105 i opiekunk\u0105. P\u00f3\u017aniej, w tekstach Trumny, Bastet zachowa\u0142 t\u0119 rol\u0119 i mia\u0142 dodatkow\u0105 funkcj\u0119 ochrony zmar\u0142ych.<\/p>\n\n\n\n<p>Kamienne naczynia z II dynastii przedstawiaj\u0105 Bastet jako kobiet\u0119 z g\u0142ow\u0105 lwa pe\u0142n\u0105 grzywy. Jednak ikonografia bogini zmieni\u0142a si\u0119, gdy ludzie zacz\u0119li postrzega\u0107 jej natur\u0119 jako \u0142agodniejsz\u0105 ni\u017c b\u00f3stwo lwicy. Bastet zyska\u0142a popularno\u015b\u0107 w ca\u0142ym Egipcie, a jej centrum kultu <a href=\"https:\/\/www.google.com\/maps\/place\/Tell+Basta\/@30.5704018,31.5126866,17z\/data=!3m1!4b1!4m5!3m4!1s0x14f7f0e7c4e52bbb:0x4239dc7e03f514f6!8m2!3d30.5704018!4d31.5148753\" target=\"_blank\" rel=\"noreferrer noopener\">Bubastis<\/a>, znajduj\u0105ce si\u0119 w Dolnym Egipcie, sta\u0142o si\u0119 jednym z najbogatszych <a href=\"https:\/\/landioustravel.com\/pl\/egipt\/miasta-egipskie\/\">miast w Egipcie<\/a>.<\/p>\n\n\n\n<p>Bubastis sta\u0142o si\u0119 centrum bogactwa i luksusu, poniewa\u017c ludzie z ca\u0142ego kraju odwiedzali miasto, aby odda\u0107 Bastet wyrazy szacunku. W miasteczku pochowano tak\u017ce ich ukochane martwe koty. Sztuka egipska zapo\u017cycza ikonografi\u0119 Bastet od bogini Mafder i <a href=\"https:\/\/landioustravel.com\/pl\/egipt\/egipskie-bostwa\/bogini-hathor\/\">Hathor<\/a>, bogini zwi\u0105zanej z Sekhmetem.<\/p>\n\n\n\n<p>Mo\u017cna zobaczy\u0107 pos\u0105gi Bastet trzymaj\u0105cej w d\u0142oni sistrum, instrument muzyczny, aby zrozumie\u0107 wyra\u017any zwi\u0105zek bogini z Hathor, kt\u00f3ra tradycyjnie nosi\u0142a sistrum. Hathor by\u0142a kolejn\u0105 bogini\u0105, kt\u00f3ra przekszta\u0142ci\u0142a si\u0119 z przedstawianej jako niszczycielka w \u0142agodnego i \u0142agodniejszego boga.<\/p>\n\n\n\n<h2 class=\"wp-block-heading\">Kult Bogini Bastet<\/h2>\n\n\n\n<p>Bubastis by\u0142o centrum kultu Bastet. Ludzie czcili tu przede wszystkim Bastet, ale nadal zajmowa\u0142a stanowisko w Sakkarze i gdzie indziej. Jej popularno\u015b\u0107 ros\u0142a, a w okresie p\u00f3\u017anym i grecko-rzymskim cieszy\u0142a si\u0119 najwy\u017cszym statusem. Obecnie w mie\u015bcie pozosta\u0142y jedynie zarysy \u015bwi\u0105tyni Bastet. Jednak Herodot odwiedzi\u0142 to miejsce i podziwia\u0142 wspania\u0142o\u015b\u0107 pa\u0142acu.<\/p>\n\n\n\n<p>Herodot pozostaje g\u0142\u00f3wnym \u017ar\u00f3d\u0142em informacji o kulcie Bastet. Jednak nie zag\u0142\u0119bia si\u0119 w szczeg\u00f3\u0142y jej kultu. Historycy odkryli, \u017ce jej duchowni byli zar\u00f3wno m\u0119\u017cczy\u017ani, jak i kobiety. Jej \u015bwi\u0105tynia w Bubastis zapewnia\u0142a r\u00f3\u017cne us\u0142ugi, w tym opiek\u0119 medyczn\u0105, dystrybucj\u0119 \u017cywno\u015bci i poradnictwo.<\/p>\n\n\n\n<p>Miasto obchodzi\u0142o wielkie \u015bwi\u0119to Bastet, podczas kt\u00f3rego ludzie z ca\u0142ego Egiptu zebrali si\u0119, aby wzi\u0105\u0107 udzia\u0142 w jednym z najbardziej wystawnych wydarze\u0144 roku. Podczas tego staro\u017cytnego egipskiego \u015bwi\u0119ta kobiety czu\u0142y si\u0119 wolne od wszelkich ogranicze\u0144. Mogli celebrowa\u0107 bogini\u0119 pij\u0105c, ta\u0144cz\u0105c i graj\u0105c muzyk\u0119. Obchody Bastet by\u0142y dla ludzi okazj\u0105 do odrzucenia zahamowa\u0144 i dobrej zabawy.<\/p>\n\n\n\n<h2 class=\"wp-block-heading\">Wniosek<\/h2>\n\n\n\n<p>Popularno\u015b\u0107 Bastet ros\u0142a z czasem jako obro\u0144czyni kobiet i gospodarstw domowych. Co wi\u0119cej, by\u0142a r\u00f3wnie\u017c popularna w\u015br\u00f3d m\u0119\u017cczyzn, kt\u00f3rzy mieli \u017cony, dziewczyny, c\u00f3rki lub ka\u017cdego, kto znalaz\u0142 si\u0119 pod opiek\u0105 bogini. Do tej pory Bastet pozostaje popularn\u0105 postaci\u0105 i ma wiele odniesie\u0144 w dzisiejszej popkulturze.<\/p>\n","protected":false},"excerpt":{"rendered":"<p>Staro\u017cytni Egipcjanie uwa\u017cali Bogini\u0119 Bastet za opiekunk\u0119 kobiet, domu, domostwa, kot\u00f3w, przyjemno\u015bci i dobrego zdrowia. Chroni\u0142a domy przed z\u0142ymi duchami i chorobami, kt\u00f3re mog\u0105 dotkn\u0105\u0107 kobiety lub dzieci. Podobnie jak inne staro\u017cytne b\u00f3stwa, bogini r\u00f3wnie\u017c odgrywa\u0142a istotn\u0105 rol\u0119 w \u017cyciu pozagrobowym. Role i wizerunki bog\u00f3w i bogi\u0144 zmienia\u0142y si\u0119 w historii staro\u017cytnego Egiptu. Doskona\u0142ym przyk\u0142adem [&hellip;]<\/p>\n","protected":false},"author":1,"featured_media":0,"parent":3624,"menu_order":0,"comment_status":"open","ping_status":"closed","template":"","meta":{"_coblocks_attr":"","_coblocks_dimensions":"","_coblocks_responsive_height":"","_coblocks_accordion_ie_support":"","_uag_custom_page_level_css":"","footnotes":""},"class_list":["post-37982","page","type-page","status-publish","hentry"],"yoast_head":"<!-- This site is optimized with the Yoast SEO Premium plugin v27.5 (Yoast SEO v27.5) - https:\/\/yoast.com\/product\/yoast-seo-premium-wordpress\/ -->\n<title>Bogini Bastet - Rola Basteta w religii - Landious Travel<\/title>\n<meta name=\"description\" content=\"Bogini Bastet Staro\u017cytni Egipcjanie uwa\u017cali Bogini\u0119 Bastet za opiekunk\u0119 kobiet, domu, domostwa, kot\u00f3w, przyjemno\u015bci i dobrego zdrowia\" \/>\n<meta name=\"robots\" content=\"index, follow, max-snippet:-1, max-image-preview:large, max-video-preview:-1\" \/>\n<link rel=\"canonical\" href=\"https:\/\/landioustravel.com\/pl\/egipt\/egipskie-bostwa\/bogini-bastet\/\" \/>\n<meta property=\"og:locale\" content=\"pl_PL\" \/>\n<meta property=\"og:type\" content=\"article\" \/>\n<meta property=\"og:title\" content=\"Bogini Bastet\" \/>\n<meta property=\"og:description\" content=\"Bogini Bastet Staro\u017cytni Egipcjanie uwa\u017cali Bogini\u0119 Bastet za opiekunk\u0119 kobiet, domu, domostwa, kot\u00f3w, przyjemno\u015bci i dobrego zdrowia\" \/>\n<meta property=\"og:url\" content=\"https:\/\/landioustravel.com\/pl\/egipt\/egipskie-bostwa\/bogini-bastet\/\" \/>\n<meta property=\"og:site_name\" content=\"Landious Travel\" \/>\n<meta property=\"article:publisher\" content=\"https:\/\/web.facebook.com\/landiousEgypt\" \/>\n<meta property=\"article:modified_time\" content=\"2021-09-25T07:38:10+00:00\" \/>\n<meta name=\"twitter:card\" content=\"summary_large_image\" \/>\n<meta name=\"twitter:site\" content=\"@LandiousTours\" \/>\n<meta name=\"twitter:label1\" content=\"Szacowany czas czytania\" \/>\n\t<meta name=\"twitter:data1\" content=\"4 minuty\" \/>\n<script type=\"application\/ld+json\" class=\"yoast-schema-graph\">{\"@context\":\"https:\\\/\\\/schema.org\",\"@graph\":[{\"@type\":\"WebPage\",\"@id\":\"https:\\\/\\\/landioustravel.com\\\/pl\\\/egipt\\\/egipskie-bostwa\\\/bogini-bastet\\\/\",\"url\":\"https:\\\/\\\/landioustravel.com\\\/pl\\\/egipt\\\/egipskie-bostwa\\\/bogini-bastet\\\/\",\"name\":\"Bogini Bastet - Rola Basteta w religii - Landious Travel\",\"isPartOf\":{\"@id\":\"https:\\\/\\\/landioustravel.com\\\/pl\\\/#website\"},\"datePublished\":\"2021-09-24T14:28:02+00:00\",\"dateModified\":\"2021-09-25T07:38:10+00:00\",\"description\":\"Bogini Bastet Staro\u017cytni Egipcjanie uwa\u017cali Bogini\u0119 Bastet za opiekunk\u0119 kobiet, domu, domostwa, kot\u00f3w, przyjemno\u015bci i dobrego zdrowia\",\"breadcrumb\":{\"@id\":\"https:\\\/\\\/landioustravel.com\\\/pl\\\/egipt\\\/egipskie-bostwa\\\/bogini-bastet\\\/#breadcrumb\"},\"inLanguage\":\"pl-PL\",\"potentialAction\":[{\"@type\":\"ReadAction\",\"target\":[\"https:\\\/\\\/landioustravel.com\\\/pl\\\/egipt\\\/egipskie-bostwa\\\/bogini-bastet\\\/\"]}]},{\"@type\":\"BreadcrumbList\",\"@id\":\"https:\\\/\\\/landioustravel.com\\\/pl\\\/egipt\\\/egipskie-bostwa\\\/bogini-bastet\\\/#breadcrumb\",\"itemListElement\":[{\"@type\":\"ListItem\",\"position\":1,\"name\":\"Home\",\"item\":\"https:\\\/\\\/landioustravel.com\\\/pl\\\/\"},{\"@type\":\"ListItem\",\"position\":2,\"name\":\"Egipt\",\"item\":\"https:\\\/\\\/landioustravel.com\\\/pl\\\/egipt\\\/\"},{\"@type\":\"ListItem\",\"position\":3,\"name\":\"Egipskie B\u00f3stwa\",\"item\":\"https:\\\/\\\/landioustravel.com\\\/pl\\\/egipt\\\/egipskie-bostwa\\\/\"},{\"@type\":\"ListItem\",\"position\":4,\"name\":\"Bogini Bastet\"}]},{\"@type\":\"WebSite\",\"@id\":\"https:\\\/\\\/landioustravel.com\\\/pl\\\/#website\",\"url\":\"https:\\\/\\\/landioustravel.com\\\/pl\\\/\",\"name\":\"Landious Travel\",\"description\":\"Excursions, trips and cruises in Egypt\",\"publisher\":{\"@id\":\"https:\\\/\\\/landioustravel.com\\\/pl\\\/#organization\"},\"potentialAction\":[{\"@type\":\"SearchAction\",\"target\":{\"@type\":\"EntryPoint\",\"urlTemplate\":\"https:\\\/\\\/landioustravel.com\\\/pl\\\/?s={search_term_string}\"},\"query-input\":{\"@type\":\"PropertyValueSpecification\",\"valueRequired\":true,\"valueName\":\"search_term_string\"}}],\"inLanguage\":\"pl-PL\"},{\"@type\":[\"Organization\",\"Place\"],\"@id\":\"https:\\\/\\\/landioustravel.com\\\/pl\\\/#organization\",\"name\":\"Landious Travel\",\"alternateName\":\"Landious Travel\",\"url\":\"https:\\\/\\\/landioustravel.com\\\/pl\\\/\",\"logo\":{\"@id\":\"https:\\\/\\\/landioustravel.com\\\/pl\\\/egipt\\\/egipskie-bostwa\\\/bogini-bastet\\\/#local-main-organization-logo\"},\"image\":{\"@id\":\"https:\\\/\\\/landioustravel.com\\\/pl\\\/egipt\\\/egipskie-bostwa\\\/bogini-bastet\\\/#local-main-organization-logo\"},\"sameAs\":[\"https:\\\/\\\/web.facebook.com\\\/landiousEgypt\",\"https:\\\/\\\/x.com\\\/LandiousTours\",\"https:\\\/\\\/mastodon.social\\\/@landious\"],\"legalName\":\"Landious Travel\",\"telephone\":[],\"openingHoursSpecification\":[{\"@type\":\"OpeningHoursSpecification\",\"dayOfWeek\":[\"Monday\",\"Tuesday\",\"Wednesday\",\"Thursday\",\"Friday\",\"Saturday\",\"Sunday\"],\"opens\":\"09:00\",\"closes\":\"17:00\"}]},{\"@type\":\"ImageObject\",\"inLanguage\":\"pl-PL\",\"@id\":\"https:\\\/\\\/landioustravel.com\\\/pl\\\/egipt\\\/egipskie-bostwa\\\/bogini-bastet\\\/#local-main-organization-logo\",\"url\":\"https:\\\/\\\/i0.wp.com\\\/landioustravel.com\\\/wp-content\\\/uploads\\\/2021\\\/06\\\/Landious-T.png?fit=500%2C500&ssl=1\",\"contentUrl\":\"https:\\\/\\\/i0.wp.com\\\/landioustravel.com\\\/wp-content\\\/uploads\\\/2021\\\/06\\\/Landious-T.png?fit=500%2C500&ssl=1\",\"width\":500,\"height\":500,\"caption\":\"Landious Travel\"}]}<\/script>\n<!-- \/ Yoast SEO Premium plugin. -->","yoast_head_json":{"title":"Bogini Bastet - Rola Basteta w religii - Landious Travel","description":"Bogini Bastet Staro\u017cytni Egipcjanie uwa\u017cali Bogini\u0119 Bastet za opiekunk\u0119 kobiet, domu, domostwa, kot\u00f3w, przyjemno\u015bci i dobrego zdrowia","robots":{"index":"index","follow":"follow","max-snippet":"max-snippet:-1","max-image-preview":"max-image-preview:large","max-video-preview":"max-video-preview:-1"},"canonical":"https:\/\/landioustravel.com\/pl\/egipt\/egipskie-bostwa\/bogini-bastet\/","og_locale":"pl_PL","og_type":"article","og_title":"Bogini Bastet","og_description":"Bogini Bastet Staro\u017cytni Egipcjanie uwa\u017cali Bogini\u0119 Bastet za opiekunk\u0119 kobiet, domu, domostwa, kot\u00f3w, przyjemno\u015bci i dobrego zdrowia","og_url":"https:\/\/landioustravel.com\/pl\/egipt\/egipskie-bostwa\/bogini-bastet\/","og_site_name":"Landious Travel","article_publisher":"https:\/\/web.facebook.com\/landiousEgypt","article_modified_time":"2021-09-25T07:38:10+00:00","twitter_card":"summary_large_image","twitter_site":"@LandiousTours","twitter_misc":{"Szacowany czas czytania":"4 minuty"},"schema":{"@context":"https:\/\/schema.org","@graph":[{"@type":"WebPage","@id":"https:\/\/landioustravel.com\/pl\/egipt\/egipskie-bostwa\/bogini-bastet\/","url":"https:\/\/landioustravel.com\/pl\/egipt\/egipskie-bostwa\/bogini-bastet\/","name":"Bogini Bastet - Rola Basteta w religii - Landious Travel","isPartOf":{"@id":"https:\/\/landioustravel.com\/pl\/#website"},"datePublished":"2021-09-24T14:28:02+00:00","dateModified":"2021-09-25T07:38:10+00:00","description":"Bogini Bastet Staro\u017cytni Egipcjanie uwa\u017cali Bogini\u0119 Bastet za opiekunk\u0119 kobiet, domu, domostwa, kot\u00f3w, przyjemno\u015bci i dobrego zdrowia","breadcrumb":{"@id":"https:\/\/landioustravel.com\/pl\/egipt\/egipskie-bostwa\/bogini-bastet\/#breadcrumb"},"inLanguage":"pl-PL","potentialAction":[{"@type":"ReadAction","target":["https:\/\/landioustravel.com\/pl\/egipt\/egipskie-bostwa\/bogini-bastet\/"]}]},{"@type":"BreadcrumbList","@id":"https:\/\/landioustravel.com\/pl\/egipt\/egipskie-bostwa\/bogini-bastet\/#breadcrumb","itemListElement":[{"@type":"ListItem","position":1,"name":"Home","item":"https:\/\/landioustravel.com\/pl\/"},{"@type":"ListItem","position":2,"name":"Egipt","item":"https:\/\/landioustravel.com\/pl\/egipt\/"},{"@type":"ListItem","position":3,"name":"Egipskie B\u00f3stwa","item":"https:\/\/landioustravel.com\/pl\/egipt\/egipskie-bostwa\/"},{"@type":"ListItem","position":4,"name":"Bogini Bastet"}]},{"@type":"WebSite","@id":"https:\/\/landioustravel.com\/pl\/#website","url":"https:\/\/landioustravel.com\/pl\/","name":"Landious Travel","description":"Excursions, trips and cruises in Egypt","publisher":{"@id":"https:\/\/landioustravel.com\/pl\/#organization"},"potentialAction":[{"@type":"SearchAction","target":{"@type":"EntryPoint","urlTemplate":"https:\/\/landioustravel.com\/pl\/?s={search_term_string}"},"query-input":{"@type":"PropertyValueSpecification","valueRequired":true,"valueName":"search_term_string"}}],"inLanguage":"pl-PL"},{"@type":["Organization","Place"],"@id":"https:\/\/landioustravel.com\/pl\/#organization","name":"Landious Travel","alternateName":"Landious Travel","url":"https:\/\/landioustravel.com\/pl\/","logo":{"@id":"https:\/\/landioustravel.com\/pl\/egipt\/egipskie-bostwa\/bogini-bastet\/#local-main-organization-logo"},"image":{"@id":"https:\/\/landioustravel.com\/pl\/egipt\/egipskie-bostwa\/bogini-bastet\/#local-main-organization-logo"},"sameAs":["https:\/\/web.facebook.com\/landiousEgypt","https:\/\/x.com\/LandiousTours","https:\/\/mastodon.social\/@landious"],"legalName":"Landious Travel","telephone":[],"openingHoursSpecification":[{"@type":"OpeningHoursSpecification","dayOfWeek":["Monday","Tuesday","Wednesday","Thursday","Friday","Saturday","Sunday"],"opens":"09:00","closes":"17:00"}]},{"@type":"ImageObject","inLanguage":"pl-PL","@id":"https:\/\/landioustravel.com\/pl\/egipt\/egipskie-bostwa\/bogini-bastet\/#local-main-organization-logo","url":"https:\/\/i0.wp.com\/landioustravel.com\/wp-content\/uploads\/2021\/06\/Landious-T.png?fit=500%2C500&ssl=1","contentUrl":"https:\/\/i0.wp.com\/landioustravel.com\/wp-content\/uploads\/2021\/06\/Landious-T.png?fit=500%2C500&ssl=1","width":500,"height":500,"caption":"Landious Travel"}]}},"uagb_featured_image_src":{"full":false,"thumbnail":false,"medium":false,"medium_large":false,"large":false,"1536x1536":false,"2048x2048":false,"newspack-article-block-landscape-large":false,"newspack-article-block-portrait-large":false,"newspack-article-block-square-large":false,"newspack-article-block-landscape-medium":false,"newspack-article-block-portrait-medium":false,"newspack-article-block-square-medium":false,"newspack-article-block-landscape-intermediate":false,"newspack-article-block-portrait-intermediate":false,"newspack-article-block-square-intermediate":false,"newspack-article-block-landscape-small":false,"newspack-article-block-portrait-small":false,"newspack-article-block-square-small":false,"newspack-article-block-landscape-tiny":false,"newspack-article-block-portrait-tiny":false,"newspack-article-block-square-tiny":false,"newspack-article-block-uncropped":false,"woocommerce_thumbnail":false,"woocommerce_single":false,"woocommerce_gallery_thumbnail":false},"uagb_author_info":{"display_name":"Mofreh Landious","author_link":"https:\/\/landioustravel.com\/pl\/author\/landious\/"},"uagb_comment_info":0,"uagb_excerpt":"Staro\u017cytni Egipcjanie uwa\u017cali Bogini\u0119 Bastet za opiekunk\u0119 kobiet, domu, domostwa, kot\u00f3w, przyjemno\u015bci i dobrego zdrowia. Chroni\u0142a domy przed z\u0142ymi duchami i chorobami, kt\u00f3re mog\u0105 dotkn\u0105\u0107 kobiety lub dzieci. Podobnie jak inne staro\u017cytne b\u00f3stwa, bogini r\u00f3wnie\u017c odgrywa\u0142a istotn\u0105 rol\u0119 w \u017cyciu pozagrobowym. Role i wizerunki bog\u00f3w i bogi\u0144 zmienia\u0142y si\u0119 w historii staro\u017cytnego Egiptu. Doskona\u0142ym przyk\u0142adem&hellip;","jetpack_sharing_enabled":true,"jetpack_shortlink":"https:\/\/wp.me\/Par4r5-9SC","jetpack_likes_enabled":true,"amp_enabled":true,"_links":{"self":[{"href":"https:\/\/landioustravel.com\/pl\/wp-json\/wp\/v2\/pages\/37982","targetHints":{"allow":["GET"]}}],"collection":[{"href":"https:\/\/landioustravel.com\/pl\/wp-json\/wp\/v2\/pages"}],"about":[{"href":"https:\/\/landioustravel.com\/pl\/wp-json\/wp\/v2\/types\/page"}],"author":[{"embeddable":true,"href":"https:\/\/landioustravel.com\/pl\/wp-json\/wp\/v2\/users\/1"}],"replies":[{"embeddable":true,"href":"https:\/\/landioustravel.com\/pl\/wp-json\/wp\/v2\/comments?post=37982"}],"version-history":[{"count":0,"href":"https:\/\/landioustravel.com\/pl\/wp-json\/wp\/v2\/pages\/37982\/revisions"}],"up":[{"embeddable":true,"href":"https:\/\/landioustravel.com\/pl\/wp-json\/wp\/v2\/pages\/3624"}],"wp:attachment":[{"href":"https:\/\/landioustravel.com\/pl\/wp-json\/wp\/v2\/media?parent=37982"}],"curies":[{"name":"wp","href":"https:\/\/api.w.org\/{rel}","templated":true}]}}