{"id":4589,"date":"2019-05-16T12:31:31","date_gmt":"2019-05-16T10:31:31","guid":{"rendered":"https:\/\/landioustravel.com\/?page_id=4589"},"modified":"2019-07-09T03:04:06","modified_gmt":"2019-07-09T01:04:06","slug":"wyspy-egipskie","status":"publish","type":"page","link":"https:\/\/landioustravel.com\/pl\/egipt\/wyspy-egipskie\/","title":{"rendered":"Wyspy egipskie"},"content":{"rendered":"\n<p><amp-fit-text layout=\"fixed-height\" min-font-size=\"14\" max-font-size=\"48\" height=\"50\"><a href=\"https:\/\/landioustravel.com\/pl\/egipt\/\">Egipt<\/a> graniczy z Morzem Czerwonym na wschodzie i Morzem \u015ar\u00f3dziemnym na p\u00f3\u0142nocy. Wybrze\u017ce Morza Czerwonego rozci\u0105ga si\u0119 800 km od Suezu do granicy z Sudanem. Podczas gdy wybrze\u017ce Morza \u015ar\u00f3dziemnego rozci\u0105ga si\u0119 na oko\u0142o 1050 km od wschodniej cz\u0119\u015bci P\u00f3\u0142wyspu Synaj w granicy egipsko-Gazy, z zachodni\u0105 wiosk\u0105 Sallum na granicy Egiptu z Libi\u0105.<\/amp-fit-text><\/p>\n\n\n\n<p><amp-fit-text layout=\"fixed-height\" min-font-size=\"14\" max-font-size=\"48\" height=\"50\">Te naturalne obszary morskie maj\u0105 wiele egipskich wysp. Wszystkie te wyspy s\u0105 naturalnymi wyspami, kt\u00f3re spodziewaj\u0105 si\u0119 sztucznego na Zatoce Akaba.<\/amp-fit-text><\/p>\n\n\n\n<amp-fit-text layout=\"fixed-height\" min-font-size=\"14\" max-font-size=\"48\" height=\"50\"><h2 class=\"wp-block-heading\">Lista wysp morskich w Egipcie<\/h2><\/amp-fit-text>\n\n\n\n<p><amp-fit-text layout=\"fixed-height\" min-font-size=\"14\" max-font-size=\"48\" height=\"50\">Tutaj wymienimy te wyspy wed\u0142ug ich lokalizacji:<\/amp-fit-text><\/p>\n\n\n\n<amp-fit-text layout=\"fixed-height\" min-font-size=\"6\" max-font-size=\"72\" height=\"80\"><h3 class=\"wp-block-heading\">Wyspy Morza Czerwonego<\/h3><\/amp-fit-text>\n\n\n\n<ul class=\"wp-block-list\"><li><a href=\"https:\/\/landioustravel.com\/pl\/egipt\/wyspy-egipskie\/wyspy-giftun\/\">Wyspy Giftun<\/a><\/li><li>Abu Monkar<\/li><li>Wyspy Hamata<\/li><li>Wyspy El Ikhwa<\/li><li>Zielona wyspa<\/li><li>Wyspa Mukkawar<\/li><li>Wyspa Faraona<\/li><li>Wyspa Sanafir<\/li><li>Wyspa Shadwan<\/li><li>Wyspa Tiran<\/li><li>Wyspa Zabargad<\/li><\/ul>\n\n\n\n<amp-fit-text layout=\"fixed-height\" min-font-size=\"6\" max-font-size=\"72\" height=\"80\"><h3 class=\"wp-block-heading\">Wyspy Morza \u015ar\u00f3dziemnego<\/h3><\/amp-fit-text>\n\n\n\n<ul class=\"wp-block-list\"><li>Wyspa Nelsona<\/li><\/ul>\n","protected":false},"excerpt":{"rendered":"<p>Egipt graniczy z Morzem Czerwonym na wschodzie i Morzem \u015ar\u00f3dziemnym na p\u00f3\u0142nocy. Wybrze\u017ce Morza Czerwonego rozci\u0105ga si\u0119 800 km od Suezu do granicy z Sudanem. Podczas gdy wybrze\u017ce Morza \u015ar\u00f3dziemnego rozci\u0105ga si\u0119 na oko\u0142o 1050 km od wschodniej cz\u0119\u015bci P\u00f3\u0142wyspu Synaj w granicy egipsko-Gazy, z zachodni\u0105 wiosk\u0105 Sallum na granicy Egiptu z Libi\u0105. Te naturalne [&hellip;]<\/p>\n","protected":false},"author":1,"featured_media":0,"parent":2650,"menu_order":0,"comment_status":"open","ping_status":"closed","template":"","meta":{"_coblocks_attr":"","_coblocks_dimensions":"","_coblocks_responsive_height":"","_coblocks_accordion_ie_support":"","_uag_custom_page_level_css":"","footnotes":""},"class_list":["post-4589","page","type-page","status-publish","hentry"],"yoast_head":"<!-- This site is optimized with the Yoast SEO Premium plugin v27.5 (Yoast SEO v27.5) - https:\/\/yoast.com\/product\/yoast-seo-premium-wordpress\/ -->\n<title>Wyspy egipskie<\/title>\n<meta name=\"description\" content=\"Egipt graniczy z Morzem Czerwonym na wschodzie i Morzem \u015ar\u00f3dziemnym na p\u00f3\u0142nocy. Wybrze\u017ce Morza Czerwonego rozci\u0105ga si\u0119 800 km od Suezu do granicy z Sudanem. Podczas gdy wybrze\u017ce Morza \u015ar\u00f3dziemnego rozci\u0105ga si\u0119 na oko\u0142o 1050 km od wschodniej cz\u0119\u015bci P\u00f3\u0142wyspu Synaj w granicy egipsko-Gazy, z zachodni\u0105 wiosk\u0105 Sallum na granicy Egiptu z Libi\u0105\" \/>\n<meta name=\"robots\" content=\"index, follow, max-snippet:-1, max-image-preview:large, max-video-preview:-1\" \/>\n<link rel=\"canonical\" href=\"https:\/\/landioustravel.com\/pl\/egipt\/wyspy-egipskie\/\" \/>\n<meta property=\"og:locale\" content=\"pl_PL\" \/>\n<meta property=\"og:type\" content=\"article\" \/>\n<meta property=\"og:title\" content=\"Wyspy egipskie\" \/>\n<meta property=\"og:description\" content=\"Egipt graniczy z Morzem Czerwonym na wschodzie i Morzem \u015ar\u00f3dziemnym na p\u00f3\u0142nocy. Wybrze\u017ce Morza Czerwonego rozci\u0105ga si\u0119 800 km od Suezu do granicy z Sudanem. Podczas gdy wybrze\u017ce Morza \u015ar\u00f3dziemnego rozci\u0105ga si\u0119 na oko\u0142o 1050 km od wschodniej cz\u0119\u015bci P\u00f3\u0142wyspu Synaj w granicy egipsko-Gazy, z zachodni\u0105 wiosk\u0105 Sallum na granicy Egiptu z Libi\u0105\" \/>\n<meta property=\"og:url\" content=\"https:\/\/landioustravel.com\/pl\/egipt\/wyspy-egipskie\/\" \/>\n<meta property=\"og:site_name\" content=\"Landious Travel\" \/>\n<meta property=\"article:publisher\" content=\"https:\/\/web.facebook.com\/landiousEgypt\" \/>\n<meta property=\"article:modified_time\" content=\"2019-07-09T01:04:06+00:00\" \/>\n<meta name=\"twitter:card\" content=\"summary_large_image\" \/>\n<meta name=\"twitter:site\" content=\"@LandiousTours\" \/>\n<meta name=\"twitter:label1\" content=\"Szacowany czas czytania\" \/>\n\t<meta name=\"twitter:data1\" content=\"1 minuta\" \/>\n<script type=\"application\/ld+json\" class=\"yoast-schema-graph\">{\"@context\":\"https:\\\/\\\/schema.org\",\"@graph\":[{\"@type\":\"WebPage\",\"@id\":\"https:\\\/\\\/landioustravel.com\\\/pl\\\/egipt\\\/wyspy-egipskie\\\/\",\"url\":\"https:\\\/\\\/landioustravel.com\\\/pl\\\/egipt\\\/wyspy-egipskie\\\/\",\"name\":\"Wyspy egipskie\",\"isPartOf\":{\"@id\":\"https:\\\/\\\/landioustravel.com\\\/pl\\\/#website\"},\"datePublished\":\"2019-05-16T10:31:31+00:00\",\"dateModified\":\"2019-07-09T01:04:06+00:00\",\"description\":\"Egipt graniczy z Morzem Czerwonym na wschodzie i Morzem \u015ar\u00f3dziemnym na p\u00f3\u0142nocy. Wybrze\u017ce Morza Czerwonego rozci\u0105ga si\u0119 800 km od Suezu do granicy z Sudanem. Podczas gdy wybrze\u017ce Morza \u015ar\u00f3dziemnego rozci\u0105ga si\u0119 na oko\u0142o 1050 km od wschodniej cz\u0119\u015bci P\u00f3\u0142wyspu Synaj w granicy egipsko-Gazy, z zachodni\u0105 wiosk\u0105 Sallum na granicy Egiptu z Libi\u0105\",\"breadcrumb\":{\"@id\":\"https:\\\/\\\/landioustravel.com\\\/pl\\\/egipt\\\/wyspy-egipskie\\\/#breadcrumb\"},\"inLanguage\":\"pl-PL\",\"potentialAction\":[{\"@type\":\"ReadAction\",\"target\":[\"https:\\\/\\\/landioustravel.com\\\/pl\\\/egipt\\\/wyspy-egipskie\\\/\"]}]},{\"@type\":\"BreadcrumbList\",\"@id\":\"https:\\\/\\\/landioustravel.com\\\/pl\\\/egipt\\\/wyspy-egipskie\\\/#breadcrumb\",\"itemListElement\":[{\"@type\":\"ListItem\",\"position\":1,\"name\":\"Home\",\"item\":\"https:\\\/\\\/landioustravel.com\\\/pl\\\/\"},{\"@type\":\"ListItem\",\"position\":2,\"name\":\"Egipt\",\"item\":\"https:\\\/\\\/landioustravel.com\\\/pl\\\/egipt\\\/\"},{\"@type\":\"ListItem\",\"position\":3,\"name\":\"Wyspy egipskie\"}]},{\"@type\":\"WebSite\",\"@id\":\"https:\\\/\\\/landioustravel.com\\\/pl\\\/#website\",\"url\":\"https:\\\/\\\/landioustravel.com\\\/pl\\\/\",\"name\":\"Landious Travel\",\"description\":\"Excursions, trips and cruises in Egypt\",\"publisher\":{\"@id\":\"https:\\\/\\\/landioustravel.com\\\/pl\\\/#organization\"},\"potentialAction\":[{\"@type\":\"SearchAction\",\"target\":{\"@type\":\"EntryPoint\",\"urlTemplate\":\"https:\\\/\\\/landioustravel.com\\\/pl\\\/?s={search_term_string}\"},\"query-input\":{\"@type\":\"PropertyValueSpecification\",\"valueRequired\":true,\"valueName\":\"search_term_string\"}}],\"inLanguage\":\"pl-PL\"},{\"@type\":[\"Organization\",\"Place\"],\"@id\":\"https:\\\/\\\/landioustravel.com\\\/pl\\\/#organization\",\"name\":\"Landious Travel\",\"alternateName\":\"Landious Travel\",\"url\":\"https:\\\/\\\/landioustravel.com\\\/pl\\\/\",\"logo\":{\"@id\":\"https:\\\/\\\/landioustravel.com\\\/pl\\\/egipt\\\/wyspy-egipskie\\\/#local-main-organization-logo\"},\"image\":{\"@id\":\"https:\\\/\\\/landioustravel.com\\\/pl\\\/egipt\\\/wyspy-egipskie\\\/#local-main-organization-logo\"},\"sameAs\":[\"https:\\\/\\\/web.facebook.com\\\/landiousEgypt\",\"https:\\\/\\\/x.com\\\/LandiousTours\",\"https:\\\/\\\/mastodon.social\\\/@landious\"],\"legalName\":\"Landious Travel\",\"telephone\":[],\"openingHoursSpecification\":[{\"@type\":\"OpeningHoursSpecification\",\"dayOfWeek\":[\"Monday\",\"Tuesday\",\"Wednesday\",\"Thursday\",\"Friday\",\"Saturday\",\"Sunday\"],\"opens\":\"09:00\",\"closes\":\"17:00\"}]},{\"@type\":\"ImageObject\",\"inLanguage\":\"pl-PL\",\"@id\":\"https:\\\/\\\/landioustravel.com\\\/pl\\\/egipt\\\/wyspy-egipskie\\\/#local-main-organization-logo\",\"url\":\"https:\\\/\\\/i0.wp.com\\\/landioustravel.com\\\/wp-content\\\/uploads\\\/2021\\\/06\\\/Landious-T.png?fit=500%2C500&ssl=1\",\"contentUrl\":\"https:\\\/\\\/i0.wp.com\\\/landioustravel.com\\\/wp-content\\\/uploads\\\/2021\\\/06\\\/Landious-T.png?fit=500%2C500&ssl=1\",\"width\":500,\"height\":500,\"caption\":\"Landious Travel\"}]}<\/script>\n<!-- \/ Yoast SEO Premium plugin. -->","yoast_head_json":{"title":"Wyspy egipskie","description":"Egipt graniczy z Morzem Czerwonym na wschodzie i Morzem \u015ar\u00f3dziemnym na p\u00f3\u0142nocy. Wybrze\u017ce Morza Czerwonego rozci\u0105ga si\u0119 800 km od Suezu do granicy z Sudanem. Podczas gdy wybrze\u017ce Morza \u015ar\u00f3dziemnego rozci\u0105ga si\u0119 na oko\u0142o 1050 km od wschodniej cz\u0119\u015bci P\u00f3\u0142wyspu Synaj w granicy egipsko-Gazy, z zachodni\u0105 wiosk\u0105 Sallum na granicy Egiptu z Libi\u0105","robots":{"index":"index","follow":"follow","max-snippet":"max-snippet:-1","max-image-preview":"max-image-preview:large","max-video-preview":"max-video-preview:-1"},"canonical":"https:\/\/landioustravel.com\/pl\/egipt\/wyspy-egipskie\/","og_locale":"pl_PL","og_type":"article","og_title":"Wyspy egipskie","og_description":"Egipt graniczy z Morzem Czerwonym na wschodzie i Morzem \u015ar\u00f3dziemnym na p\u00f3\u0142nocy. Wybrze\u017ce Morza Czerwonego rozci\u0105ga si\u0119 800 km od Suezu do granicy z Sudanem. Podczas gdy wybrze\u017ce Morza \u015ar\u00f3dziemnego rozci\u0105ga si\u0119 na oko\u0142o 1050 km od wschodniej cz\u0119\u015bci P\u00f3\u0142wyspu Synaj w granicy egipsko-Gazy, z zachodni\u0105 wiosk\u0105 Sallum na granicy Egiptu z Libi\u0105","og_url":"https:\/\/landioustravel.com\/pl\/egipt\/wyspy-egipskie\/","og_site_name":"Landious Travel","article_publisher":"https:\/\/web.facebook.com\/landiousEgypt","article_modified_time":"2019-07-09T01:04:06+00:00","twitter_card":"summary_large_image","twitter_site":"@LandiousTours","twitter_misc":{"Szacowany czas czytania":"1 minuta"},"schema":{"@context":"https:\/\/schema.org","@graph":[{"@type":"WebPage","@id":"https:\/\/landioustravel.com\/pl\/egipt\/wyspy-egipskie\/","url":"https:\/\/landioustravel.com\/pl\/egipt\/wyspy-egipskie\/","name":"Wyspy egipskie","isPartOf":{"@id":"https:\/\/landioustravel.com\/pl\/#website"},"datePublished":"2019-05-16T10:31:31+00:00","dateModified":"2019-07-09T01:04:06+00:00","description":"Egipt graniczy z Morzem Czerwonym na wschodzie i Morzem \u015ar\u00f3dziemnym na p\u00f3\u0142nocy. Wybrze\u017ce Morza Czerwonego rozci\u0105ga si\u0119 800 km od Suezu do granicy z Sudanem. Podczas gdy wybrze\u017ce Morza \u015ar\u00f3dziemnego rozci\u0105ga si\u0119 na oko\u0142o 1050 km od wschodniej cz\u0119\u015bci P\u00f3\u0142wyspu Synaj w granicy egipsko-Gazy, z zachodni\u0105 wiosk\u0105 Sallum na granicy Egiptu z Libi\u0105","breadcrumb":{"@id":"https:\/\/landioustravel.com\/pl\/egipt\/wyspy-egipskie\/#breadcrumb"},"inLanguage":"pl-PL","potentialAction":[{"@type":"ReadAction","target":["https:\/\/landioustravel.com\/pl\/egipt\/wyspy-egipskie\/"]}]},{"@type":"BreadcrumbList","@id":"https:\/\/landioustravel.com\/pl\/egipt\/wyspy-egipskie\/#breadcrumb","itemListElement":[{"@type":"ListItem","position":1,"name":"Home","item":"https:\/\/landioustravel.com\/pl\/"},{"@type":"ListItem","position":2,"name":"Egipt","item":"https:\/\/landioustravel.com\/pl\/egipt\/"},{"@type":"ListItem","position":3,"name":"Wyspy egipskie"}]},{"@type":"WebSite","@id":"https:\/\/landioustravel.com\/pl\/#website","url":"https:\/\/landioustravel.com\/pl\/","name":"Landious Travel","description":"Excursions, trips and cruises in Egypt","publisher":{"@id":"https:\/\/landioustravel.com\/pl\/#organization"},"potentialAction":[{"@type":"SearchAction","target":{"@type":"EntryPoint","urlTemplate":"https:\/\/landioustravel.com\/pl\/?s={search_term_string}"},"query-input":{"@type":"PropertyValueSpecification","valueRequired":true,"valueName":"search_term_string"}}],"inLanguage":"pl-PL"},{"@type":["Organization","Place"],"@id":"https:\/\/landioustravel.com\/pl\/#organization","name":"Landious Travel","alternateName":"Landious Travel","url":"https:\/\/landioustravel.com\/pl\/","logo":{"@id":"https:\/\/landioustravel.com\/pl\/egipt\/wyspy-egipskie\/#local-main-organization-logo"},"image":{"@id":"https:\/\/landioustravel.com\/pl\/egipt\/wyspy-egipskie\/#local-main-organization-logo"},"sameAs":["https:\/\/web.facebook.com\/landiousEgypt","https:\/\/x.com\/LandiousTours","https:\/\/mastodon.social\/@landious"],"legalName":"Landious Travel","telephone":[],"openingHoursSpecification":[{"@type":"OpeningHoursSpecification","dayOfWeek":["Monday","Tuesday","Wednesday","Thursday","Friday","Saturday","Sunday"],"opens":"09:00","closes":"17:00"}]},{"@type":"ImageObject","inLanguage":"pl-PL","@id":"https:\/\/landioustravel.com\/pl\/egipt\/wyspy-egipskie\/#local-main-organization-logo","url":"https:\/\/i0.wp.com\/landioustravel.com\/wp-content\/uploads\/2021\/06\/Landious-T.png?fit=500%2C500&ssl=1","contentUrl":"https:\/\/i0.wp.com\/landioustravel.com\/wp-content\/uploads\/2021\/06\/Landious-T.png?fit=500%2C500&ssl=1","width":500,"height":500,"caption":"Landious Travel"}]}},"uagb_featured_image_src":{"full":false,"thumbnail":false,"medium":false,"medium_large":false,"large":false,"1536x1536":false,"2048x2048":false,"newspack-article-block-landscape-large":false,"newspack-article-block-portrait-large":false,"newspack-article-block-square-large":false,"newspack-article-block-landscape-medium":false,"newspack-article-block-portrait-medium":false,"newspack-article-block-square-medium":false,"newspack-article-block-landscape-intermediate":false,"newspack-article-block-portrait-intermediate":false,"newspack-article-block-square-intermediate":false,"newspack-article-block-landscape-small":false,"newspack-article-block-portrait-small":false,"newspack-article-block-square-small":false,"newspack-article-block-landscape-tiny":false,"newspack-article-block-portrait-tiny":false,"newspack-article-block-square-tiny":false,"newspack-article-block-uncropped":false,"woocommerce_thumbnail":false,"woocommerce_single":false,"woocommerce_gallery_thumbnail":false},"uagb_author_info":{"display_name":"Mofreh Landious","author_link":"https:\/\/landioustravel.com\/pl\/author\/landious\/"},"uagb_comment_info":0,"uagb_excerpt":"Egipt graniczy z Morzem Czerwonym na wschodzie i Morzem \u015ar\u00f3dziemnym na p\u00f3\u0142nocy. Wybrze\u017ce Morza Czerwonego rozci\u0105ga si\u0119 800 km od Suezu do granicy z Sudanem. Podczas gdy wybrze\u017ce Morza \u015ar\u00f3dziemnego rozci\u0105ga si\u0119 na oko\u0142o 1050 km od wschodniej cz\u0119\u015bci P\u00f3\u0142wyspu Synaj w granicy egipsko-Gazy, z zachodni\u0105 wiosk\u0105 Sallum na granicy Egiptu z Libi\u0105. Te naturalne&hellip;","jetpack_sharing_enabled":true,"jetpack_shortlink":"https:\/\/wp.me\/Par4r5-1c1","jetpack_likes_enabled":true,"amp_enabled":true,"_links":{"self":[{"href":"https:\/\/landioustravel.com\/pl\/wp-json\/wp\/v2\/pages\/4589","targetHints":{"allow":["GET"]}}],"collection":[{"href":"https:\/\/landioustravel.com\/pl\/wp-json\/wp\/v2\/pages"}],"about":[{"href":"https:\/\/landioustravel.com\/pl\/wp-json\/wp\/v2\/types\/page"}],"author":[{"embeddable":true,"href":"https:\/\/landioustravel.com\/pl\/wp-json\/wp\/v2\/users\/1"}],"replies":[{"embeddable":true,"href":"https:\/\/landioustravel.com\/pl\/wp-json\/wp\/v2\/comments?post=4589"}],"version-history":[{"count":0,"href":"https:\/\/landioustravel.com\/pl\/wp-json\/wp\/v2\/pages\/4589\/revisions"}],"up":[{"embeddable":true,"href":"https:\/\/landioustravel.com\/pl\/wp-json\/wp\/v2\/pages\/2650"}],"wp:attachment":[{"href":"https:\/\/landioustravel.com\/pl\/wp-json\/wp\/v2\/media?parent=4589"}],"curies":[{"name":"wp","href":"https:\/\/api.w.org\/{rel}","templated":true}]}}