{"id":4655,"date":"2019-05-17T14:23:00","date_gmt":"2019-05-17T12:23:00","guid":{"rendered":"https:\/\/landioustravel.com\/?page_id=4655"},"modified":"2019-07-10T21:27:28","modified_gmt":"2019-07-10T19:27:28","slug":"gubernatorstwo-luksorskie","status":"publish","type":"page","link":"https:\/\/landioustravel.com\/pl\/egipt\/miasta-egipskie\/gubernatorstwo-luksorskie\/","title":{"rendered":"Gubernatorstwo Luksorskie"},"content":{"rendered":"\n<p><amp-fit-text layout=\"fixed-height\" min-font-size=\"14\" max-font-size=\"48\" height=\"50\">Gubernatorstwo Luksorskie rozci\u0105ga si\u0119 na 110 km wzd\u0142u\u017c Nilu i 635 km od <a href=\"https:\/\/landioustravel.com\/pl\/egipt\/miasta-egipskie\/gubernatorstwo-kairskie\/\">Kairu<\/a>. Graniczy z <a href=\"https:\/\/landioustravel.com\/pl\/egipt\/miasta-egipskie\/gubernatorstwo-qena\/\">gubernatorstwem Qena<\/a> na p\u00f3\u0142nocy, przez <a href=\"https:\/\/landioustravel.com\/pl\/egipt\/miasta-egipskie\/gubernatorstwo-aswan\/\">gubernatorstwo Aswan<\/a> na po\u0142udniu, przez <a href=\"https:\/\/landioustravel.com\/pl\/egipt\/miasta-egipskie\/gubernatorstwo-bahr-ahmar\/\">gubernatorstwo Al-Bahr Al-Ahmar<\/a> (Morze Czerwone) na wschodzie i gubernatorstwo Nowej Doliny na zachodzie.<\/amp-fit-text><\/p>\n\n\n\n<amp-fit-text layout=\"fixed-height\" min-font-size=\"14\" max-font-size=\"48\" height=\"50\"><h2 class=\"wp-block-heading\">Historia gubernatora<\/h2><\/amp-fit-text>\n\n\n\n<p><amp-fit-text layout=\"fixed-height\" min-font-size=\"14\" max-font-size=\"48\" height=\"50\">Znaczenie miasta zacz\u0119\u0142o si\u0119 ju\u017c w XI dynastii, kiedy Luksor sta\u0142 si\u0119 stolic\u0105 <a href=\"https:\/\/landioustravel.com\/pl\/egipt\/\">Egiptu<\/a> i wspania\u0142ym miastem <a href=\"https:\/\/landioustravel.com\/pl\/egipt\/egipskie-bostwa\/bog-amun\/\">boga Amona<\/a>. Pocz\u0105wszy od Montuhotepa II, kt\u00f3ry zjednoczy\u0142 <a href=\"https:\/\/landioustravel.com\/pl\/egipt\/\">Egipt<\/a> po k\u0142opotach pierwszego okresu po\u015bredniego, miasto zacz\u0119\u0142o odgrywa\u0107 znacz\u0105c\u0105 rol\u0119 polityczn\u0105 i religijn\u0105 w tym kraju. Chwa\u0142a Luksoru trwa\u0142a d\u0142ugo podczas faraon\u00f3w Nowego Kr\u00f3lestwa.<\/amp-fit-text><\/p>\n\n\n\n<p><amp-fit-text layout=\"fixed-height\" min-font-size=\"14\" max-font-size=\"48\" height=\"50\">Jednak polityczne i militarne znaczenie miasta zanik\u0142o w p\u00f3\u017anym okresie, a Teby zosta\u0142y zast\u0105pione przez kapita\u0142 polityczny przez kilka miast w p\u00f3\u0142nocnym Egipcie, takich jak Bubastis, Sais i wreszcie Aleksandria. Tymczasem utrzymywa\u0142 swoj\u0105 pozycj\u0119 religijn\u0105 a\u017c do okresu greckiego.<\/amp-fit-text><\/p>\n\n\n\n<p><amp-fit-text layout=\"fixed-height\" min-font-size=\"14\" max-font-size=\"48\" height=\"50\">P\u00f3\u017aniej Muhammad Ali, kt\u00f3ry zacz\u0105\u0142 rz\u0105dzi\u0107 Egiptem w 1805 r., Podzieli\u0142 kraj na dyrekcje. Jedna z tych dyrekcji nazywa\u0142a si\u0119 Girga lub G\u00f3rny Egipt. W zwi\u0105zku z tym dyrekcja ta mia\u0142a wiele miast, w tym Miszt\u0119 i Qen\u0119, na p\u00f3\u0142nocy; i Esna na po\u0142udniu. Do tego czasu Luksor by\u0142 tylko miastem w tej dyrekcji.<\/amp-fit-text><\/p>\n\n\n\n<p><amp-fit-text layout=\"fixed-height\" min-font-size=\"14\" max-font-size=\"48\" height=\"50\">Wraz z nowym demonstracyjnym podzia\u0142em na <a href=\"https:\/\/landioustravel.com\/pl\/egipt\/miasta-egipskie\/\">gubernatorstwa<\/a> w 1960 r. Girga straci\u0142a du\u017c\u0105 cz\u0119\u015b\u0107 swojego po\u0142udniowego obszaru, a kolejna gubernatorstwo, zwane Qena, oddzieli\u0142o si\u0119 od niego. Do tego czasu Luksor by\u0142 tylko miastem w tym gubernatorstwie.<\/amp-fit-text><\/p>\n\n\n\n<p><amp-fit-text layout=\"fixed-height\" min-font-size=\"14\" max-font-size=\"48\" height=\"50\">W 2009 r. Luxor oddzieli\u0142 si\u0119 od Qena Governorate, tworz\u0105c now\u0105 z Luxor jako jej stolic\u0105.<\/amp-fit-text><\/p>\n\n\n\n<amp-fit-text layout=\"fixed-height\" min-font-size=\"14\" max-font-size=\"48\" height=\"50\"><h2 class=\"wp-block-heading\">Podzia\u0142 administracyjny gubernatora Luksoru<\/h2><\/amp-fit-text>\n\n\n\n<ul class=\"wp-block-list\"><li>Qurna<\/li><li>Luxor (stolica)<\/li><li>Zbroja<\/li><li>Esna<\/li><li>Tiba<\/li><\/ul>\n\n\n\n<p><amp-fit-text layout=\"fixed-height\" min-font-size=\"14\" max-font-size=\"48\" height=\"50\">Opr\u00f3cz tych centralnych miast Luxor ma wi\u0119cej podzia\u0142\u00f3w na obszary wiejskie i wsie.<\/amp-fit-text><\/p>\n","protected":false},"excerpt":{"rendered":"<p>Gubernatorstwo Luksorskie rozci\u0105ga si\u0119 na 110 km wzd\u0142u\u017c Nilu i 635 km od Kairu. Graniczy z gubernatorstwem Qena na p\u00f3\u0142nocy, przez gubernatorstwo Aswan na po\u0142udniu, przez gubernatorstwo Al-Bahr Al-Ahmar (Morze Czerwone) na wschodzie i gubernatorstwo Nowej Doliny na zachodzie. Historia gubernatora Znaczenie miasta zacz\u0119\u0142o si\u0119 ju\u017c w XI dynastii, kiedy Luksor sta\u0142 si\u0119 stolic\u0105 Egiptu [&hellip;]<\/p>\n","protected":false},"author":1,"featured_media":4014,"parent":3534,"menu_order":0,"comment_status":"open","ping_status":"open","template":"","meta":{"_coblocks_attr":"","_coblocks_dimensions":"","_coblocks_responsive_height":"","_coblocks_accordion_ie_support":"","_uag_custom_page_level_css":"","footnotes":""},"class_list":["post-4655","page","type-page","status-publish","has-post-thumbnail","hentry"],"yoast_head":"<!-- This site is optimized with the Yoast SEO Premium plugin v26.9 (Yoast SEO v27.5) - https:\/\/yoast.com\/product\/yoast-seo-premium-wordpress\/ -->\n<title>Gubernatorstwo Luksorskie - City of Ancient Temples and Tombs - Landious Travel<\/title>\n<meta name=\"description\" content=\"Gubernatorstwo Luksorskie rozci\u0105ga si\u0119 na 110 km wzd\u0142u\u017c Nilu i 635 km od Kairu. Graniczy z gubernatorstwem Qena na p\u00f3\u0142nocy, przez gubernatorstwo Aswan na po\u0142udniu, przez gubernatorstwo Al-Bahr Al-Ahmar (Morze Czerwone) na wschodzie i gubernatorstwo Nowej Doliny na zachodzie\" \/>\n<meta name=\"robots\" content=\"index, follow, max-snippet:-1, max-image-preview:large, max-video-preview:-1\" \/>\n<link rel=\"canonical\" href=\"https:\/\/landioustravel.com\/pl\/egipt\/miasta-egipskie\/gubernatorstwo-luksorskie\/\" \/>\n<meta property=\"og:locale\" content=\"pl_PL\" \/>\n<meta property=\"og:type\" content=\"article\" \/>\n<meta property=\"og:title\" content=\"Gubernatorstwo Luksorskie\" \/>\n<meta property=\"og:description\" content=\"Gubernatorstwo Luksorskie rozci\u0105ga si\u0119 na 110 km wzd\u0142u\u017c Nilu i 635 km od Kairu. Graniczy z gubernatorstwem Qena na p\u00f3\u0142nocy, przez gubernatorstwo Aswan na po\u0142udniu, przez gubernatorstwo Al-Bahr Al-Ahmar (Morze Czerwone) na wschodzie i gubernatorstwo Nowej Doliny na zachodzie\" \/>\n<meta property=\"og:url\" content=\"https:\/\/landioustravel.com\/pl\/egipt\/miasta-egipskie\/gubernatorstwo-luksorskie\/\" \/>\n<meta property=\"og:site_name\" content=\"Landious Travel\" \/>\n<meta property=\"article:publisher\" content=\"https:\/\/web.facebook.com\/landiousEgypt\" \/>\n<meta property=\"article:modified_time\" content=\"2019-07-10T19:27:28+00:00\" \/>\n<meta property=\"og:image\" content=\"https:\/\/i0.wp.com\/landioustravel.com\/wp-content\/uploads\/2019\/04\/luxor_governorate-e1617024822229.jpg?fit=1200%2C675&ssl=1\" \/>\n\t<meta property=\"og:image:width\" content=\"1200\" \/>\n\t<meta property=\"og:image:height\" content=\"675\" \/>\n\t<meta property=\"og:image:type\" content=\"image\/jpeg\" \/>\n<meta name=\"twitter:card\" content=\"summary_large_image\" \/>\n<meta name=\"twitter:site\" content=\"@LandiousTours\" \/>\n<meta name=\"twitter:label1\" content=\"Szacowany czas czytania\" \/>\n\t<meta name=\"twitter:data1\" content=\"1 minuta\" \/>\n<script type=\"application\/ld+json\" class=\"yoast-schema-graph\">{\"@context\":\"https:\\\/\\\/schema.org\",\"@graph\":[{\"@type\":\"WebPage\",\"@id\":\"https:\\\/\\\/landioustravel.com\\\/pl\\\/egipt\\\/miasta-egipskie\\\/gubernatorstwo-luksorskie\\\/\",\"url\":\"https:\\\/\\\/landioustravel.com\\\/pl\\\/egipt\\\/miasta-egipskie\\\/gubernatorstwo-luksorskie\\\/\",\"name\":\"Gubernatorstwo Luksorskie - City of Ancient Temples and Tombs - Landious Travel\",\"isPartOf\":{\"@id\":\"https:\\\/\\\/landioustravel.com\\\/pl\\\/#website\"},\"primaryImageOfPage\":{\"@id\":\"https:\\\/\\\/landioustravel.com\\\/pl\\\/egipt\\\/miasta-egipskie\\\/gubernatorstwo-luksorskie\\\/#primaryimage\"},\"image\":{\"@id\":\"https:\\\/\\\/landioustravel.com\\\/pl\\\/egipt\\\/miasta-egipskie\\\/gubernatorstwo-luksorskie\\\/#primaryimage\"},\"thumbnailUrl\":\"https:\\\/\\\/i0.wp.com\\\/landioustravel.com\\\/wp-content\\\/uploads\\\/2019\\\/04\\\/luxor_governorate-e1617024822229.jpg?fit=1200%2C675&ssl=1\",\"datePublished\":\"2019-05-17T12:23:00+00:00\",\"dateModified\":\"2019-07-10T19:27:28+00:00\",\"description\":\"Gubernatorstwo Luksorskie rozci\u0105ga si\u0119 na 110 km wzd\u0142u\u017c Nilu i 635 km od Kairu. Graniczy z gubernatorstwem Qena na p\u00f3\u0142nocy, przez gubernatorstwo Aswan na po\u0142udniu, przez gubernatorstwo Al-Bahr Al-Ahmar (Morze Czerwone) na wschodzie i gubernatorstwo Nowej Doliny na zachodzie\",\"breadcrumb\":{\"@id\":\"https:\\\/\\\/landioustravel.com\\\/pl\\\/egipt\\\/miasta-egipskie\\\/gubernatorstwo-luksorskie\\\/#breadcrumb\"},\"inLanguage\":\"pl-PL\",\"potentialAction\":[{\"@type\":\"ReadAction\",\"target\":[\"https:\\\/\\\/landioustravel.com\\\/pl\\\/egipt\\\/miasta-egipskie\\\/gubernatorstwo-luksorskie\\\/\"]}]},{\"@type\":\"ImageObject\",\"inLanguage\":\"pl-PL\",\"@id\":\"https:\\\/\\\/landioustravel.com\\\/pl\\\/egipt\\\/miasta-egipskie\\\/gubernatorstwo-luksorskie\\\/#primaryimage\",\"url\":\"https:\\\/\\\/i0.wp.com\\\/landioustravel.com\\\/wp-content\\\/uploads\\\/2019\\\/04\\\/luxor_governorate-e1617024822229.jpg?fit=1200%2C675&ssl=1\",\"contentUrl\":\"https:\\\/\\\/i0.wp.com\\\/landioustravel.com\\\/wp-content\\\/uploads\\\/2019\\\/04\\\/luxor_governorate-e1617024822229.jpg?fit=1200%2C675&ssl=1\",\"width\":1200,\"height\":675,\"caption\":\"Luxor governorate in Egypt\"},{\"@type\":\"BreadcrumbList\",\"@id\":\"https:\\\/\\\/landioustravel.com\\\/pl\\\/egipt\\\/miasta-egipskie\\\/gubernatorstwo-luksorskie\\\/#breadcrumb\",\"itemListElement\":[{\"@type\":\"ListItem\",\"position\":1,\"name\":\"Home\",\"item\":\"https:\\\/\\\/landioustravel.com\\\/pl\\\/\"},{\"@type\":\"ListItem\",\"position\":2,\"name\":\"Egipt\",\"item\":\"https:\\\/\\\/landioustravel.com\\\/pl\\\/egipt\\\/\"},{\"@type\":\"ListItem\",\"position\":3,\"name\":\"Miasta egipskie\",\"item\":\"https:\\\/\\\/landioustravel.com\\\/pl\\\/egipt\\\/miasta-egipskie\\\/\"},{\"@type\":\"ListItem\",\"position\":4,\"name\":\"Gubernatorstwo Luksorskie\"}]},{\"@type\":\"WebSite\",\"@id\":\"https:\\\/\\\/landioustravel.com\\\/pl\\\/#website\",\"url\":\"https:\\\/\\\/landioustravel.com\\\/pl\\\/\",\"name\":\"Landious Travel\",\"description\":\"Excursions, trips and cruises in Egypt\",\"publisher\":{\"@id\":\"https:\\\/\\\/landioustravel.com\\\/pl\\\/#organization\"},\"potentialAction\":[{\"@type\":\"SearchAction\",\"target\":{\"@type\":\"EntryPoint\",\"urlTemplate\":\"https:\\\/\\\/landioustravel.com\\\/pl\\\/?s={search_term_string}\"},\"query-input\":{\"@type\":\"PropertyValueSpecification\",\"valueRequired\":true,\"valueName\":\"search_term_string\"}}],\"inLanguage\":\"pl-PL\"},{\"@type\":[\"Organization\",\"Place\"],\"@id\":\"https:\\\/\\\/landioustravel.com\\\/pl\\\/#organization\",\"name\":\"Landious Travel\",\"alternateName\":\"Landious Travel\",\"url\":\"https:\\\/\\\/landioustravel.com\\\/pl\\\/\",\"logo\":{\"@id\":\"https:\\\/\\\/landioustravel.com\\\/pl\\\/egipt\\\/miasta-egipskie\\\/gubernatorstwo-luksorskie\\\/#local-main-organization-logo\"},\"image\":{\"@id\":\"https:\\\/\\\/landioustravel.com\\\/pl\\\/egipt\\\/miasta-egipskie\\\/gubernatorstwo-luksorskie\\\/#local-main-organization-logo\"},\"sameAs\":[\"https:\\\/\\\/web.facebook.com\\\/landiousEgypt\",\"https:\\\/\\\/x.com\\\/LandiousTours\",\"https:\\\/\\\/mastodon.social\\\/@landious\"],\"legalName\":\"Landious Travel\",\"telephone\":[],\"openingHoursSpecification\":[{\"@type\":\"OpeningHoursSpecification\",\"dayOfWeek\":[\"Monday\",\"Tuesday\",\"Wednesday\",\"Thursday\",\"Friday\",\"Saturday\",\"Sunday\"],\"opens\":\"09:00\",\"closes\":\"17:00\"}]},{\"@type\":\"ImageObject\",\"inLanguage\":\"pl-PL\",\"@id\":\"https:\\\/\\\/landioustravel.com\\\/pl\\\/egipt\\\/miasta-egipskie\\\/gubernatorstwo-luksorskie\\\/#local-main-organization-logo\",\"url\":\"https:\\\/\\\/i0.wp.com\\\/landioustravel.com\\\/wp-content\\\/uploads\\\/2021\\\/06\\\/Landious-T.png?fit=500%2C500&ssl=1\",\"contentUrl\":\"https:\\\/\\\/i0.wp.com\\\/landioustravel.com\\\/wp-content\\\/uploads\\\/2021\\\/06\\\/Landious-T.png?fit=500%2C500&ssl=1\",\"width\":500,\"height\":500,\"caption\":\"Landious Travel\"}]}<\/script>\n<!-- \/ Yoast SEO Premium plugin. -->","yoast_head_json":{"title":"Gubernatorstwo Luksorskie - City of Ancient Temples and Tombs - Landious Travel","description":"Gubernatorstwo Luksorskie rozci\u0105ga si\u0119 na 110 km wzd\u0142u\u017c Nilu i 635 km od Kairu. Graniczy z gubernatorstwem Qena na p\u00f3\u0142nocy, przez gubernatorstwo Aswan na po\u0142udniu, przez gubernatorstwo Al-Bahr Al-Ahmar (Morze Czerwone) na wschodzie i gubernatorstwo Nowej Doliny na zachodzie","robots":{"index":"index","follow":"follow","max-snippet":"max-snippet:-1","max-image-preview":"max-image-preview:large","max-video-preview":"max-video-preview:-1"},"canonical":"https:\/\/landioustravel.com\/pl\/egipt\/miasta-egipskie\/gubernatorstwo-luksorskie\/","og_locale":"pl_PL","og_type":"article","og_title":"Gubernatorstwo Luksorskie","og_description":"Gubernatorstwo Luksorskie rozci\u0105ga si\u0119 na 110 km wzd\u0142u\u017c Nilu i 635 km od Kairu. Graniczy z gubernatorstwem Qena na p\u00f3\u0142nocy, przez gubernatorstwo Aswan na po\u0142udniu, przez gubernatorstwo Al-Bahr Al-Ahmar (Morze Czerwone) na wschodzie i gubernatorstwo Nowej Doliny na zachodzie","og_url":"https:\/\/landioustravel.com\/pl\/egipt\/miasta-egipskie\/gubernatorstwo-luksorskie\/","og_site_name":"Landious Travel","article_publisher":"https:\/\/web.facebook.com\/landiousEgypt","article_modified_time":"2019-07-10T19:27:28+00:00","og_image":[{"width":1200,"height":675,"url":"https:\/\/i0.wp.com\/landioustravel.com\/wp-content\/uploads\/2019\/04\/luxor_governorate-e1617024822229.jpg?fit=1200%2C675&ssl=1","type":"image\/jpeg"}],"twitter_card":"summary_large_image","twitter_site":"@LandiousTours","twitter_misc":{"Szacowany czas czytania":"1 minuta"},"schema":{"@context":"https:\/\/schema.org","@graph":[{"@type":"WebPage","@id":"https:\/\/landioustravel.com\/pl\/egipt\/miasta-egipskie\/gubernatorstwo-luksorskie\/","url":"https:\/\/landioustravel.com\/pl\/egipt\/miasta-egipskie\/gubernatorstwo-luksorskie\/","name":"Gubernatorstwo Luksorskie - City of Ancient Temples and Tombs - Landious Travel","isPartOf":{"@id":"https:\/\/landioustravel.com\/pl\/#website"},"primaryImageOfPage":{"@id":"https:\/\/landioustravel.com\/pl\/egipt\/miasta-egipskie\/gubernatorstwo-luksorskie\/#primaryimage"},"image":{"@id":"https:\/\/landioustravel.com\/pl\/egipt\/miasta-egipskie\/gubernatorstwo-luksorskie\/#primaryimage"},"thumbnailUrl":"https:\/\/i0.wp.com\/landioustravel.com\/wp-content\/uploads\/2019\/04\/luxor_governorate-e1617024822229.jpg?fit=1200%2C675&ssl=1","datePublished":"2019-05-17T12:23:00+00:00","dateModified":"2019-07-10T19:27:28+00:00","description":"Gubernatorstwo Luksorskie rozci\u0105ga si\u0119 na 110 km wzd\u0142u\u017c Nilu i 635 km od Kairu. Graniczy z gubernatorstwem Qena na p\u00f3\u0142nocy, przez gubernatorstwo Aswan na po\u0142udniu, przez gubernatorstwo Al-Bahr Al-Ahmar (Morze Czerwone) na wschodzie i gubernatorstwo Nowej Doliny na zachodzie","breadcrumb":{"@id":"https:\/\/landioustravel.com\/pl\/egipt\/miasta-egipskie\/gubernatorstwo-luksorskie\/#breadcrumb"},"inLanguage":"pl-PL","potentialAction":[{"@type":"ReadAction","target":["https:\/\/landioustravel.com\/pl\/egipt\/miasta-egipskie\/gubernatorstwo-luksorskie\/"]}]},{"@type":"ImageObject","inLanguage":"pl-PL","@id":"https:\/\/landioustravel.com\/pl\/egipt\/miasta-egipskie\/gubernatorstwo-luksorskie\/#primaryimage","url":"https:\/\/i0.wp.com\/landioustravel.com\/wp-content\/uploads\/2019\/04\/luxor_governorate-e1617024822229.jpg?fit=1200%2C675&ssl=1","contentUrl":"https:\/\/i0.wp.com\/landioustravel.com\/wp-content\/uploads\/2019\/04\/luxor_governorate-e1617024822229.jpg?fit=1200%2C675&ssl=1","width":1200,"height":675,"caption":"Luxor governorate in Egypt"},{"@type":"BreadcrumbList","@id":"https:\/\/landioustravel.com\/pl\/egipt\/miasta-egipskie\/gubernatorstwo-luksorskie\/#breadcrumb","itemListElement":[{"@type":"ListItem","position":1,"name":"Home","item":"https:\/\/landioustravel.com\/pl\/"},{"@type":"ListItem","position":2,"name":"Egipt","item":"https:\/\/landioustravel.com\/pl\/egipt\/"},{"@type":"ListItem","position":3,"name":"Miasta egipskie","item":"https:\/\/landioustravel.com\/pl\/egipt\/miasta-egipskie\/"},{"@type":"ListItem","position":4,"name":"Gubernatorstwo Luksorskie"}]},{"@type":"WebSite","@id":"https:\/\/landioustravel.com\/pl\/#website","url":"https:\/\/landioustravel.com\/pl\/","name":"Landious Travel","description":"Excursions, trips and cruises in Egypt","publisher":{"@id":"https:\/\/landioustravel.com\/pl\/#organization"},"potentialAction":[{"@type":"SearchAction","target":{"@type":"EntryPoint","urlTemplate":"https:\/\/landioustravel.com\/pl\/?s={search_term_string}"},"query-input":{"@type":"PropertyValueSpecification","valueRequired":true,"valueName":"search_term_string"}}],"inLanguage":"pl-PL"},{"@type":["Organization","Place"],"@id":"https:\/\/landioustravel.com\/pl\/#organization","name":"Landious Travel","alternateName":"Landious Travel","url":"https:\/\/landioustravel.com\/pl\/","logo":{"@id":"https:\/\/landioustravel.com\/pl\/egipt\/miasta-egipskie\/gubernatorstwo-luksorskie\/#local-main-organization-logo"},"image":{"@id":"https:\/\/landioustravel.com\/pl\/egipt\/miasta-egipskie\/gubernatorstwo-luksorskie\/#local-main-organization-logo"},"sameAs":["https:\/\/web.facebook.com\/landiousEgypt","https:\/\/x.com\/LandiousTours","https:\/\/mastodon.social\/@landious"],"legalName":"Landious Travel","telephone":[],"openingHoursSpecification":[{"@type":"OpeningHoursSpecification","dayOfWeek":["Monday","Tuesday","Wednesday","Thursday","Friday","Saturday","Sunday"],"opens":"09:00","closes":"17:00"}]},{"@type":"ImageObject","inLanguage":"pl-PL","@id":"https:\/\/landioustravel.com\/pl\/egipt\/miasta-egipskie\/gubernatorstwo-luksorskie\/#local-main-organization-logo","url":"https:\/\/i0.wp.com\/landioustravel.com\/wp-content\/uploads\/2021\/06\/Landious-T.png?fit=500%2C500&ssl=1","contentUrl":"https:\/\/i0.wp.com\/landioustravel.com\/wp-content\/uploads\/2021\/06\/Landious-T.png?fit=500%2C500&ssl=1","width":500,"height":500,"caption":"Landious Travel"}]}},"uagb_featured_image_src":{"full":["https:\/\/i0.wp.com\/landioustravel.com\/wp-content\/uploads\/2019\/04\/luxor_governorate-e1617024822229.jpg?fit=1200%2C675&ssl=1",1200,675,false],"thumbnail":["https:\/\/i0.wp.com\/landioustravel.com\/wp-content\/uploads\/2019\/04\/luxor_governorate-e1617024822229.jpg?resize=150%2C150&ssl=1",150,150,true],"medium":["https:\/\/i0.wp.com\/landioustravel.com\/wp-content\/uploads\/2019\/04\/luxor_governorate-e1617024822229.jpg?fit=300%2C169&ssl=1",300,169,true],"medium_large":["https:\/\/i0.wp.com\/landioustravel.com\/wp-content\/uploads\/2019\/04\/luxor_governorate-e1617024822229.jpg?fit=768%2C433&ssl=1",768,433,true],"large":["https:\/\/i0.wp.com\/landioustravel.com\/wp-content\/uploads\/2019\/04\/luxor_governorate-e1617024822229.jpg?fit=980%2C552&ssl=1",980,552,true],"1536x1536":["https:\/\/i0.wp.com\/landioustravel.com\/wp-content\/uploads\/2019\/04\/luxor_governorate-e1617024822229.jpg?fit=1536%2C865&ssl=1",1536,865,true],"2048x2048":["https:\/\/i0.wp.com\/landioustravel.com\/wp-content\/uploads\/2019\/04\/luxor_governorate-e1617024822229.jpg?fit=1200%2C675&ssl=1",1200,675,true],"newspack-article-block-landscape-large":["https:\/\/i0.wp.com\/landioustravel.com\/wp-content\/uploads\/2019\/04\/luxor_governorate-e1617024822229.jpg?resize=1200%2C675&ssl=1",1200,900,true],"newspack-article-block-portrait-large":["https:\/\/i0.wp.com\/landioustravel.com\/wp-content\/uploads\/2019\/04\/luxor_governorate-e1617024822229.jpg?resize=900%2C675&ssl=1",900,676,true],"newspack-article-block-square-large":["https:\/\/i0.wp.com\/landioustravel.com\/wp-content\/uploads\/2019\/04\/luxor_governorate-e1617024822229.jpg?resize=1200%2C675&ssl=1",1200,1144,true],"newspack-article-block-landscape-medium":["https:\/\/i0.wp.com\/landioustravel.com\/wp-content\/uploads\/2019\/04\/luxor_governorate-e1617024822229.jpg?resize=800%2C600&ssl=1",800,600,true],"newspack-article-block-portrait-medium":["https:\/\/i0.wp.com\/landioustravel.com\/wp-content\/uploads\/2019\/04\/luxor_governorate-e1617024822229.jpg?resize=600%2C675&ssl=1",600,676,true],"newspack-article-block-square-medium":["https:\/\/i0.wp.com\/landioustravel.com\/wp-content\/uploads\/2019\/04\/luxor_governorate-e1617024822229.jpg?resize=800%2C675&ssl=1",800,676,true],"newspack-article-block-landscape-intermediate":["https:\/\/i0.wp.com\/landioustravel.com\/wp-content\/uploads\/2019\/04\/luxor_governorate-e1617024822229.jpg?resize=600%2C450&ssl=1",600,450,true],"newspack-article-block-portrait-intermediate":["https:\/\/i0.wp.com\/landioustravel.com\/wp-content\/uploads\/2019\/04\/luxor_governorate-e1617024822229.jpg?resize=450%2C600&ssl=1",450,600,true],"newspack-article-block-square-intermediate":["https:\/\/i0.wp.com\/landioustravel.com\/wp-content\/uploads\/2019\/04\/luxor_governorate-e1617024822229.jpg?resize=600%2C600&ssl=1",600,600,true],"newspack-article-block-landscape-small":["https:\/\/i0.wp.com\/landioustravel.com\/wp-content\/uploads\/2019\/04\/luxor_governorate-e1617024822229.jpg?resize=400%2C300&ssl=1",400,300,true],"newspack-article-block-portrait-small":["https:\/\/i0.wp.com\/landioustravel.com\/wp-content\/uploads\/2019\/04\/luxor_governorate-e1617024822229.jpg?resize=300%2C400&ssl=1",300,400,true],"newspack-article-block-square-small":["https:\/\/i0.wp.com\/landioustravel.com\/wp-content\/uploads\/2019\/04\/luxor_governorate-e1617024822229.jpg?resize=400%2C400&ssl=1",400,400,true],"newspack-article-block-landscape-tiny":["https:\/\/i0.wp.com\/landioustravel.com\/wp-content\/uploads\/2019\/04\/luxor_governorate-e1617024822229.jpg?resize=200%2C150&ssl=1",200,150,true],"newspack-article-block-portrait-tiny":["https:\/\/i0.wp.com\/landioustravel.com\/wp-content\/uploads\/2019\/04\/luxor_governorate-e1617024822229.jpg?resize=150%2C200&ssl=1",150,200,true],"newspack-article-block-square-tiny":["https:\/\/i0.wp.com\/landioustravel.com\/wp-content\/uploads\/2019\/04\/luxor_governorate-e1617024822229.jpg?resize=200%2C200&ssl=1",200,200,true],"newspack-article-block-uncropped":["https:\/\/i0.wp.com\/landioustravel.com\/wp-content\/uploads\/2019\/04\/luxor_governorate-e1617024822229.jpg?fit=1200%2C676&ssl=1",1200,676,true],"woocommerce_thumbnail":["https:\/\/i0.wp.com\/landioustravel.com\/wp-content\/uploads\/2019\/04\/luxor_governorate-e1617024822229.jpg?resize=324%2C324&ssl=1",324,324,true],"woocommerce_single":["https:\/\/i0.wp.com\/landioustravel.com\/wp-content\/uploads\/2019\/04\/luxor_governorate-e1617024822229.jpg?fit=416%2C234&ssl=1",416,234,true],"woocommerce_gallery_thumbnail":["https:\/\/i0.wp.com\/landioustravel.com\/wp-content\/uploads\/2019\/04\/luxor_governorate-e1617024822229.jpg?resize=100%2C100&ssl=1",100,100,true]},"uagb_author_info":{"display_name":"Mofreh Landious","author_link":"https:\/\/landioustravel.com\/pl\/author\/landious\/"},"uagb_comment_info":0,"uagb_excerpt":"Gubernatorstwo Luksorskie rozci\u0105ga si\u0119 na 110 km wzd\u0142u\u017c Nilu i 635 km od Kairu. Graniczy z gubernatorstwem Qena na p\u00f3\u0142nocy, przez gubernatorstwo Aswan na po\u0142udniu, przez gubernatorstwo Al-Bahr Al-Ahmar (Morze Czerwone) na wschodzie i gubernatorstwo Nowej Doliny na zachodzie. Historia gubernatora Znaczenie miasta zacz\u0119\u0142o si\u0119 ju\u017c w XI dynastii, kiedy Luksor sta\u0142 si\u0119 stolic\u0105 Egiptu&hellip;","jetpack_sharing_enabled":true,"jetpack_shortlink":"https:\/\/wp.me\/Par4r5-1d5","jetpack_likes_enabled":true,"amp_enabled":true,"_links":{"self":[{"href":"https:\/\/landioustravel.com\/pl\/wp-json\/wp\/v2\/pages\/4655","targetHints":{"allow":["GET"]}}],"collection":[{"href":"https:\/\/landioustravel.com\/pl\/wp-json\/wp\/v2\/pages"}],"about":[{"href":"https:\/\/landioustravel.com\/pl\/wp-json\/wp\/v2\/types\/page"}],"author":[{"embeddable":true,"href":"https:\/\/landioustravel.com\/pl\/wp-json\/wp\/v2\/users\/1"}],"replies":[{"embeddable":true,"href":"https:\/\/landioustravel.com\/pl\/wp-json\/wp\/v2\/comments?post=4655"}],"version-history":[{"count":0,"href":"https:\/\/landioustravel.com\/pl\/wp-json\/wp\/v2\/pages\/4655\/revisions"}],"up":[{"embeddable":true,"href":"https:\/\/landioustravel.com\/pl\/wp-json\/wp\/v2\/pages\/3534"}],"wp:featuredmedia":[{"embeddable":true,"href":"https:\/\/landioustravel.com\/pl\/wp-json\/wp\/v2\/media\/4014"}],"wp:attachment":[{"href":"https:\/\/landioustravel.com\/pl\/wp-json\/wp\/v2\/media?parent=4655"}],"curies":[{"name":"wp","href":"https:\/\/api.w.org\/{rel}","templated":true}]}}