{"id":4678,"date":"2019-05-17T17:35:05","date_gmt":"2019-05-17T15:35:05","guid":{"rendered":"https:\/\/landioustravel.com\/?page_id=4678"},"modified":"2019-07-11T01:51:15","modified_gmt":"2019-07-10T23:51:15","slug":"gubernatorstwo-qena","status":"publish","type":"page","link":"https:\/\/landioustravel.com\/pl\/egipt\/miasta-egipskie\/gubernatorstwo-qena\/","title":{"rendered":"Gubernatorstwo Qena"},"content":{"rendered":"\n<p><amp-fit-text layout=\"fixed-height\" min-font-size=\"14\" max-font-size=\"48\" height=\"50\">Gubernatorstwo Qena rozci\u0105ga si\u0119 na 168 km wzd\u0142u\u017c Nilu i 577 km od <a href=\"https:\/\/landioustravel.com\/pl\/egipt\/miasta-egipskie\/gubernatorstwo-kairskie\/\">Kairu<\/a>. Graniczy z gubernatorstwem Sohag na p\u00f3\u0142nocy, przez <a href=\"https:\/\/landioustravel.com\/pl\/egipt\/miasta-egipskie\/gubernatorstwo-luksorskie\/\">gubernatorstwo Luksoru<\/a> na po\u0142udniu, przez <a href=\"https:\/\/landioustravel.com\/pl\/egipt\/miasta-egipskie\/gubernatorstwo-bahr-ahmar\/\">gubernatorstwo Al-Bahr Al-Ahmar<\/a> (Morze Czerwone) na wschodzie i gubernatorstwo Nowej Doliny na zachodzie.<\/amp-fit-text><\/p>\n\n\n\n<amp-fit-text layout=\"fixed-height\" min-font-size=\"14\" max-font-size=\"48\" height=\"50\"><h2 class=\"wp-block-heading\">Historia gubernatorstwa Qena<\/h2><\/amp-fit-text>\n\n\n\n<p><amp-fit-text layout=\"fixed-height\" min-font-size=\"14\" max-font-size=\"48\" height=\"50\">Qena _ jest jednym z 27 <a href=\"https:\/\/landioustravel.com\/pl\/egipt\/miasta-egipskie\/\">gubernator\u00f3w Egiptu<\/a>. Gubernatorstwo ma g\u0142\u0119boko zakorzenion\u0105 <a href=\"https:\/\/landioustravel.com\/pl\/egipt\/historia-egiptu\/\">histori\u0119<\/a> i dziedzictwo, podobnie jak wszystkie gubernie po\u0142o\u017cone w Dolinie Nilu. Historia tego gubernatora si\u0119ga tak d\u0142ugo, jak historia cywilizacji w <a href=\"https:\/\/landioustravel.com\/pl\/egipt\/\">Egipcie<\/a>. O historii tego gubernatora mo\u017cemy dowiedzie\u0107 si\u0119 wiele z pozosta\u0142ych zabytk\u00f3w <a href=\"https:\/\/landioustravel.com\/pl\/egipt\/historia-egiptu\/historia-starozytnego-egiptu\/\">staro\u017cytnego Egiptu<\/a> w Naqada i Dendera.<\/amp-fit-text><\/p>\n\n\n\n<p><amp-fit-text layout=\"fixed-height\" min-font-size=\"14\" max-font-size=\"48\" height=\"50\">&nbsp;P\u00f3\u017aniej Muhammad Ali, kt\u00f3ry zacz\u0105\u0142 rz\u0105dzi\u0107 Egiptem w 1805 r., Podzieli\u0142 kraj na dyrekcje. Jedna z tych dyrekcji nazywa\u0142a si\u0119 Girga lub G\u00f3rny Egipt. W zwi\u0105zku z tym dyrekcja ta mia\u0142a wiele miast, w tym Miszt\u0119, na p\u00f3\u0142nocy i Esn\u0119 na po\u0142udniu. W tym czasie w tym dyrekcji znajdowa\u0142o si\u0119 miasto zwane Qena.<\/amp-fit-text><\/p>\n\n\n\n<p><amp-fit-text layout=\"fixed-height\" min-font-size=\"14\" max-font-size=\"48\" height=\"50\">Wraz z nowym podzia\u0142em demonstracyjnym na gubernatorstwa w 1960 r., Qena sta\u0142a si\u0119 gubernatorstwem rozci\u0105gaj\u0105cym si\u0119 od po\u0142udnia prowincji Sohag do miasta Esna na po\u0142udniu. W 2009 r. Luxor oddzieli\u0142 si\u0119, tworz\u0105c now\u0105 gubernatorstwo.<\/amp-fit-text><\/p>\n\n\n\n<amp-fit-text layout=\"fixed-height\" min-font-size=\"14\" max-font-size=\"48\" height=\"50\"><h2 class=\"wp-block-heading\">Wydzia\u0142 Administracyjny Gubernatorstwa Qena<\/h2><\/amp-fit-text>\n\n\n\n<p><amp-fit-text layout=\"fixed-height\" min-font-size=\"14\" max-font-size=\"48\" height=\"50\">Gubernatorstwo Qena sk\u0142ada si\u0119 z 11 oddzia\u0142\u00f3w administracyjnych lub 11 centralnych miast:<\/amp-fit-text><\/p>\n\n\n\n<ul class=\"wp-block-list\"><li>Abu Tesht<\/li><li>El Waqf<\/li><li>Dishna<\/li><li>Farshut<\/li><li>Nowa Qena<\/li><li>Naga Hammadi<\/li><li>Naqada<\/li><li>Quft (Gebtu lub Coptos)<\/li><li>Qena<\/li><li>Qus<\/li><\/ul>\n\n\n\n<p><amp-fit-text layout=\"fixed-height\" min-font-size=\"6\" max-font-size=\"72\" height=\"80\">Powy\u017csze miasta centralne (Markazes) maj\u0105 wiejskie jednostki lokalne z podleg\u0142ymi wioskami.<\/amp-fit-text><\/p>\n","protected":false},"excerpt":{"rendered":"<p>Gubernatorstwo Qena rozci\u0105ga si\u0119 na 168 km wzd\u0142u\u017c Nilu i 577 km od Kairu. Graniczy z gubernatorstwem Sohag na p\u00f3\u0142nocy, przez gubernatorstwo Luksoru na po\u0142udniu, przez gubernatorstwo Al-Bahr Al-Ahmar (Morze Czerwone) na wschodzie i gubernatorstwo Nowej Doliny na zachodzie. Historia gubernatorstwa Qena Qena _ jest jednym z 27 gubernator\u00f3w Egiptu. Gubernatorstwo ma g\u0142\u0119boko zakorzenion\u0105 histori\u0119 [&hellip;]<\/p>\n","protected":false},"author":1,"featured_media":3995,"parent":3534,"menu_order":0,"comment_status":"open","ping_status":"closed","template":"","meta":{"_coblocks_attr":"","_coblocks_dimensions":"","_coblocks_responsive_height":"","_coblocks_accordion_ie_support":"","_uag_custom_page_level_css":"","jetpack_post_was_ever_published":false,"footnotes":""},"class_list":["post-4678","page","type-page","status-publish","has-post-thumbnail","hentry"],"yoast_head":"<!-- This site is optimized with the Yoast SEO Premium plugin v26.9 (Yoast SEO v27.3) - https:\/\/yoast.com\/product\/yoast-seo-premium-wordpress\/ -->\n<title>Gubernatorstwo Qena - Location, History and Divisions - Landious Travel<\/title>\n<meta name=\"description\" content=\"Gubernatorstwo Qena rozci\u0105ga si\u0119 na 168 km wzd\u0142u\u017c Nilu i 577 km od Kairu. Graniczy z gubernatorstwem Sohag na p\u00f3\u0142nocy, przez gubernatorstwo Luksoru na po\u0142udniu, przez gubernatorstwo Al-Bahr Al-Ahmar (Morze Czerwone) na wschodzie i gubernatorstwo Nowej Doliny na zachodzie\" \/>\n<meta name=\"robots\" content=\"index, follow, max-snippet:-1, max-image-preview:large, max-video-preview:-1\" \/>\n<link rel=\"canonical\" href=\"https:\/\/landioustravel.com\/pl\/egipt\/miasta-egipskie\/gubernatorstwo-qena\/\" \/>\n<meta property=\"og:locale\" content=\"pl_PL\" \/>\n<meta property=\"og:type\" content=\"article\" \/>\n<meta property=\"og:title\" content=\"Gubernatorstwo Qena\" \/>\n<meta property=\"og:description\" content=\"Gubernatorstwo Qena rozci\u0105ga si\u0119 na 168 km wzd\u0142u\u017c Nilu i 577 km od Kairu. Graniczy z gubernatorstwem Sohag na p\u00f3\u0142nocy, przez gubernatorstwo Luksoru na po\u0142udniu, przez gubernatorstwo Al-Bahr Al-Ahmar (Morze Czerwone) na wschodzie i gubernatorstwo Nowej Doliny na zachodzie\" \/>\n<meta property=\"og:url\" content=\"https:\/\/landioustravel.com\/pl\/egipt\/miasta-egipskie\/gubernatorstwo-qena\/\" \/>\n<meta property=\"og:site_name\" content=\"Landious Travel\" \/>\n<meta property=\"article:publisher\" content=\"https:\/\/web.facebook.com\/landiousEgypt\" \/>\n<meta property=\"article:modified_time\" content=\"2019-07-10T23:51:15+00:00\" \/>\n<meta property=\"og:image\" content=\"https:\/\/i0.wp.com\/landioustravel.com\/wp-content\/uploads\/2019\/04\/monastery_nagada-e1600892638751.jpg?fit=1200%2C674&ssl=1\" \/>\n\t<meta property=\"og:image:width\" content=\"1200\" \/>\n\t<meta property=\"og:image:height\" content=\"674\" \/>\n\t<meta property=\"og:image:type\" content=\"image\/jpeg\" \/>\n<meta name=\"twitter:card\" content=\"summary_large_image\" \/>\n<meta name=\"twitter:site\" content=\"@LandiousTours\" \/>\n<meta name=\"twitter:label1\" content=\"Szacowany czas czytania\" \/>\n\t<meta name=\"twitter:data1\" content=\"1 minuta\" \/>\n<script type=\"application\/ld+json\" class=\"yoast-schema-graph\">{\"@context\":\"https:\\\/\\\/schema.org\",\"@graph\":[{\"@type\":\"WebPage\",\"@id\":\"https:\\\/\\\/landioustravel.com\\\/pl\\\/egipt\\\/miasta-egipskie\\\/gubernatorstwo-qena\\\/\",\"url\":\"https:\\\/\\\/landioustravel.com\\\/pl\\\/egipt\\\/miasta-egipskie\\\/gubernatorstwo-qena\\\/\",\"name\":\"Gubernatorstwo Qena - Location, History and Divisions - Landious Travel\",\"isPartOf\":{\"@id\":\"https:\\\/\\\/landioustravel.com\\\/pl\\\/#website\"},\"primaryImageOfPage\":{\"@id\":\"https:\\\/\\\/landioustravel.com\\\/pl\\\/egipt\\\/miasta-egipskie\\\/gubernatorstwo-qena\\\/#primaryimage\"},\"image\":{\"@id\":\"https:\\\/\\\/landioustravel.com\\\/pl\\\/egipt\\\/miasta-egipskie\\\/gubernatorstwo-qena\\\/#primaryimage\"},\"thumbnailUrl\":\"https:\\\/\\\/i0.wp.com\\\/landioustravel.com\\\/wp-content\\\/uploads\\\/2019\\\/04\\\/monastery_nagada-e1600892638751.jpg?fit=1200%2C674&ssl=1\",\"datePublished\":\"2019-05-17T15:35:05+00:00\",\"dateModified\":\"2019-07-10T23:51:15+00:00\",\"description\":\"Gubernatorstwo Qena rozci\u0105ga si\u0119 na 168 km wzd\u0142u\u017c Nilu i 577 km od Kairu. Graniczy z gubernatorstwem Sohag na p\u00f3\u0142nocy, przez gubernatorstwo Luksoru na po\u0142udniu, przez gubernatorstwo Al-Bahr Al-Ahmar (Morze Czerwone) na wschodzie i gubernatorstwo Nowej Doliny na zachodzie\",\"breadcrumb\":{\"@id\":\"https:\\\/\\\/landioustravel.com\\\/pl\\\/egipt\\\/miasta-egipskie\\\/gubernatorstwo-qena\\\/#breadcrumb\"},\"inLanguage\":\"pl-PL\",\"potentialAction\":[{\"@type\":\"ReadAction\",\"target\":[\"https:\\\/\\\/landioustravel.com\\\/pl\\\/egipt\\\/miasta-egipskie\\\/gubernatorstwo-qena\\\/\"]}]},{\"@type\":\"ImageObject\",\"inLanguage\":\"pl-PL\",\"@id\":\"https:\\\/\\\/landioustravel.com\\\/pl\\\/egipt\\\/miasta-egipskie\\\/gubernatorstwo-qena\\\/#primaryimage\",\"url\":\"https:\\\/\\\/i0.wp.com\\\/landioustravel.com\\\/wp-content\\\/uploads\\\/2019\\\/04\\\/monastery_nagada-e1600892638751.jpg?fit=1200%2C674&ssl=1\",\"contentUrl\":\"https:\\\/\\\/i0.wp.com\\\/landioustravel.com\\\/wp-content\\\/uploads\\\/2019\\\/04\\\/monastery_nagada-e1600892638751.jpg?fit=1200%2C674&ssl=1\",\"width\":1200,\"height\":674,\"caption\":\"The monastery in Nagada city\"},{\"@type\":\"BreadcrumbList\",\"@id\":\"https:\\\/\\\/landioustravel.com\\\/pl\\\/egipt\\\/miasta-egipskie\\\/gubernatorstwo-qena\\\/#breadcrumb\",\"itemListElement\":[{\"@type\":\"ListItem\",\"position\":1,\"name\":\"Home\",\"item\":\"https:\\\/\\\/landioustravel.com\\\/pl\\\/\"},{\"@type\":\"ListItem\",\"position\":2,\"name\":\"Egipt\",\"item\":\"https:\\\/\\\/landioustravel.com\\\/pl\\\/egipt\\\/\"},{\"@type\":\"ListItem\",\"position\":3,\"name\":\"Miasta egipskie\",\"item\":\"https:\\\/\\\/landioustravel.com\\\/pl\\\/egipt\\\/miasta-egipskie\\\/\"},{\"@type\":\"ListItem\",\"position\":4,\"name\":\"Gubernatorstwo Qena\"}]},{\"@type\":\"WebSite\",\"@id\":\"https:\\\/\\\/landioustravel.com\\\/pl\\\/#website\",\"url\":\"https:\\\/\\\/landioustravel.com\\\/pl\\\/\",\"name\":\"Landious Travel\",\"description\":\"Excursions, trips and cruises in Egypt\",\"publisher\":{\"@id\":\"https:\\\/\\\/landioustravel.com\\\/pl\\\/#organization\"},\"potentialAction\":[{\"@type\":\"SearchAction\",\"target\":{\"@type\":\"EntryPoint\",\"urlTemplate\":\"https:\\\/\\\/landioustravel.com\\\/pl\\\/?s={search_term_string}\"},\"query-input\":{\"@type\":\"PropertyValueSpecification\",\"valueRequired\":true,\"valueName\":\"search_term_string\"}}],\"inLanguage\":\"pl-PL\"},{\"@type\":[\"Organization\",\"Place\"],\"@id\":\"https:\\\/\\\/landioustravel.com\\\/pl\\\/#organization\",\"name\":\"Landious Travel\",\"alternateName\":\"Landious Travel\",\"url\":\"https:\\\/\\\/landioustravel.com\\\/pl\\\/\",\"logo\":{\"@id\":\"https:\\\/\\\/landioustravel.com\\\/pl\\\/egipt\\\/miasta-egipskie\\\/gubernatorstwo-qena\\\/#local-main-organization-logo\"},\"image\":{\"@id\":\"https:\\\/\\\/landioustravel.com\\\/pl\\\/egipt\\\/miasta-egipskie\\\/gubernatorstwo-qena\\\/#local-main-organization-logo\"},\"sameAs\":[\"https:\\\/\\\/web.facebook.com\\\/landiousEgypt\",\"https:\\\/\\\/x.com\\\/LandiousTours\",\"https:\\\/\\\/mastodon.social\\\/@landious\"],\"legalName\":\"Landious Travel\",\"telephone\":[],\"openingHoursSpecification\":[{\"@type\":\"OpeningHoursSpecification\",\"dayOfWeek\":[\"Monday\",\"Tuesday\",\"Wednesday\",\"Thursday\",\"Friday\",\"Saturday\",\"Sunday\"],\"opens\":\"09:00\",\"closes\":\"17:00\"}]},{\"@type\":\"ImageObject\",\"inLanguage\":\"pl-PL\",\"@id\":\"https:\\\/\\\/landioustravel.com\\\/pl\\\/egipt\\\/miasta-egipskie\\\/gubernatorstwo-qena\\\/#local-main-organization-logo\",\"url\":\"https:\\\/\\\/i0.wp.com\\\/landioustravel.com\\\/wp-content\\\/uploads\\\/2021\\\/06\\\/Landious-T.png?fit=500%2C500&ssl=1\",\"contentUrl\":\"https:\\\/\\\/i0.wp.com\\\/landioustravel.com\\\/wp-content\\\/uploads\\\/2021\\\/06\\\/Landious-T.png?fit=500%2C500&ssl=1\",\"width\":500,\"height\":500,\"caption\":\"Landious Travel\"}]}<\/script>\n<!-- \/ Yoast SEO Premium plugin. -->","yoast_head_json":{"title":"Gubernatorstwo Qena - Location, History and Divisions - Landious Travel","description":"Gubernatorstwo Qena rozci\u0105ga si\u0119 na 168 km wzd\u0142u\u017c Nilu i 577 km od Kairu. Graniczy z gubernatorstwem Sohag na p\u00f3\u0142nocy, przez gubernatorstwo Luksoru na po\u0142udniu, przez gubernatorstwo Al-Bahr Al-Ahmar (Morze Czerwone) na wschodzie i gubernatorstwo Nowej Doliny na zachodzie","robots":{"index":"index","follow":"follow","max-snippet":"max-snippet:-1","max-image-preview":"max-image-preview:large","max-video-preview":"max-video-preview:-1"},"canonical":"https:\/\/landioustravel.com\/pl\/egipt\/miasta-egipskie\/gubernatorstwo-qena\/","og_locale":"pl_PL","og_type":"article","og_title":"Gubernatorstwo Qena","og_description":"Gubernatorstwo Qena rozci\u0105ga si\u0119 na 168 km wzd\u0142u\u017c Nilu i 577 km od Kairu. Graniczy z gubernatorstwem Sohag na p\u00f3\u0142nocy, przez gubernatorstwo Luksoru na po\u0142udniu, przez gubernatorstwo Al-Bahr Al-Ahmar (Morze Czerwone) na wschodzie i gubernatorstwo Nowej Doliny na zachodzie","og_url":"https:\/\/landioustravel.com\/pl\/egipt\/miasta-egipskie\/gubernatorstwo-qena\/","og_site_name":"Landious Travel","article_publisher":"https:\/\/web.facebook.com\/landiousEgypt","article_modified_time":"2019-07-10T23:51:15+00:00","og_image":[{"width":1200,"height":674,"url":"https:\/\/i0.wp.com\/landioustravel.com\/wp-content\/uploads\/2019\/04\/monastery_nagada-e1600892638751.jpg?fit=1200%2C674&ssl=1","type":"image\/jpeg"}],"twitter_card":"summary_large_image","twitter_site":"@LandiousTours","twitter_misc":{"Szacowany czas czytania":"1 minuta"},"schema":{"@context":"https:\/\/schema.org","@graph":[{"@type":"WebPage","@id":"https:\/\/landioustravel.com\/pl\/egipt\/miasta-egipskie\/gubernatorstwo-qena\/","url":"https:\/\/landioustravel.com\/pl\/egipt\/miasta-egipskie\/gubernatorstwo-qena\/","name":"Gubernatorstwo Qena - Location, History and Divisions - Landious Travel","isPartOf":{"@id":"https:\/\/landioustravel.com\/pl\/#website"},"primaryImageOfPage":{"@id":"https:\/\/landioustravel.com\/pl\/egipt\/miasta-egipskie\/gubernatorstwo-qena\/#primaryimage"},"image":{"@id":"https:\/\/landioustravel.com\/pl\/egipt\/miasta-egipskie\/gubernatorstwo-qena\/#primaryimage"},"thumbnailUrl":"https:\/\/i0.wp.com\/landioustravel.com\/wp-content\/uploads\/2019\/04\/monastery_nagada-e1600892638751.jpg?fit=1200%2C674&ssl=1","datePublished":"2019-05-17T15:35:05+00:00","dateModified":"2019-07-10T23:51:15+00:00","description":"Gubernatorstwo Qena rozci\u0105ga si\u0119 na 168 km wzd\u0142u\u017c Nilu i 577 km od Kairu. Graniczy z gubernatorstwem Sohag na p\u00f3\u0142nocy, przez gubernatorstwo Luksoru na po\u0142udniu, przez gubernatorstwo Al-Bahr Al-Ahmar (Morze Czerwone) na wschodzie i gubernatorstwo Nowej Doliny na zachodzie","breadcrumb":{"@id":"https:\/\/landioustravel.com\/pl\/egipt\/miasta-egipskie\/gubernatorstwo-qena\/#breadcrumb"},"inLanguage":"pl-PL","potentialAction":[{"@type":"ReadAction","target":["https:\/\/landioustravel.com\/pl\/egipt\/miasta-egipskie\/gubernatorstwo-qena\/"]}]},{"@type":"ImageObject","inLanguage":"pl-PL","@id":"https:\/\/landioustravel.com\/pl\/egipt\/miasta-egipskie\/gubernatorstwo-qena\/#primaryimage","url":"https:\/\/i0.wp.com\/landioustravel.com\/wp-content\/uploads\/2019\/04\/monastery_nagada-e1600892638751.jpg?fit=1200%2C674&ssl=1","contentUrl":"https:\/\/i0.wp.com\/landioustravel.com\/wp-content\/uploads\/2019\/04\/monastery_nagada-e1600892638751.jpg?fit=1200%2C674&ssl=1","width":1200,"height":674,"caption":"The monastery in Nagada city"},{"@type":"BreadcrumbList","@id":"https:\/\/landioustravel.com\/pl\/egipt\/miasta-egipskie\/gubernatorstwo-qena\/#breadcrumb","itemListElement":[{"@type":"ListItem","position":1,"name":"Home","item":"https:\/\/landioustravel.com\/pl\/"},{"@type":"ListItem","position":2,"name":"Egipt","item":"https:\/\/landioustravel.com\/pl\/egipt\/"},{"@type":"ListItem","position":3,"name":"Miasta egipskie","item":"https:\/\/landioustravel.com\/pl\/egipt\/miasta-egipskie\/"},{"@type":"ListItem","position":4,"name":"Gubernatorstwo Qena"}]},{"@type":"WebSite","@id":"https:\/\/landioustravel.com\/pl\/#website","url":"https:\/\/landioustravel.com\/pl\/","name":"Landious Travel","description":"Excursions, trips and cruises in Egypt","publisher":{"@id":"https:\/\/landioustravel.com\/pl\/#organization"},"potentialAction":[{"@type":"SearchAction","target":{"@type":"EntryPoint","urlTemplate":"https:\/\/landioustravel.com\/pl\/?s={search_term_string}"},"query-input":{"@type":"PropertyValueSpecification","valueRequired":true,"valueName":"search_term_string"}}],"inLanguage":"pl-PL"},{"@type":["Organization","Place"],"@id":"https:\/\/landioustravel.com\/pl\/#organization","name":"Landious Travel","alternateName":"Landious Travel","url":"https:\/\/landioustravel.com\/pl\/","logo":{"@id":"https:\/\/landioustravel.com\/pl\/egipt\/miasta-egipskie\/gubernatorstwo-qena\/#local-main-organization-logo"},"image":{"@id":"https:\/\/landioustravel.com\/pl\/egipt\/miasta-egipskie\/gubernatorstwo-qena\/#local-main-organization-logo"},"sameAs":["https:\/\/web.facebook.com\/landiousEgypt","https:\/\/x.com\/LandiousTours","https:\/\/mastodon.social\/@landious"],"legalName":"Landious Travel","telephone":[],"openingHoursSpecification":[{"@type":"OpeningHoursSpecification","dayOfWeek":["Monday","Tuesday","Wednesday","Thursday","Friday","Saturday","Sunday"],"opens":"09:00","closes":"17:00"}]},{"@type":"ImageObject","inLanguage":"pl-PL","@id":"https:\/\/landioustravel.com\/pl\/egipt\/miasta-egipskie\/gubernatorstwo-qena\/#local-main-organization-logo","url":"https:\/\/i0.wp.com\/landioustravel.com\/wp-content\/uploads\/2021\/06\/Landious-T.png?fit=500%2C500&ssl=1","contentUrl":"https:\/\/i0.wp.com\/landioustravel.com\/wp-content\/uploads\/2021\/06\/Landious-T.png?fit=500%2C500&ssl=1","width":500,"height":500,"caption":"Landious Travel"}]}},"uagb_featured_image_src":{"full":["https:\/\/i0.wp.com\/landioustravel.com\/wp-content\/uploads\/2019\/04\/monastery_nagada-e1600892638751.jpg?fit=1200%2C674&ssl=1",1200,674,false],"thumbnail":["https:\/\/i0.wp.com\/landioustravel.com\/wp-content\/uploads\/2019\/04\/monastery_nagada-e1600892638751.jpg?resize=150%2C150&ssl=1",150,150,true],"medium":["https:\/\/i0.wp.com\/landioustravel.com\/wp-content\/uploads\/2019\/04\/monastery_nagada-e1600892638751.jpg?fit=300%2C169&ssl=1",300,169,true],"medium_large":["https:\/\/i0.wp.com\/landioustravel.com\/wp-content\/uploads\/2019\/04\/monastery_nagada-e1600892638751.jpg?fit=768%2C431&ssl=1",768,431,true],"large":["https:\/\/i0.wp.com\/landioustravel.com\/wp-content\/uploads\/2019\/04\/monastery_nagada-e1600892638751.jpg?fit=980%2C550&ssl=1",980,550,true],"1536x1536":["https:\/\/i0.wp.com\/landioustravel.com\/wp-content\/uploads\/2019\/04\/monastery_nagada-e1600892638751.jpg?fit=1536%2C863&ssl=1",1536,863,true],"2048x2048":["https:\/\/i0.wp.com\/landioustravel.com\/wp-content\/uploads\/2019\/04\/monastery_nagada-e1600892638751.jpg?fit=1200%2C674&ssl=1",1200,674,true],"newspack-article-block-landscape-large":["https:\/\/i0.wp.com\/landioustravel.com\/wp-content\/uploads\/2019\/04\/monastery_nagada-e1600892638751.jpg?resize=1200%2C674&ssl=1",1200,900,true],"newspack-article-block-portrait-large":["https:\/\/i0.wp.com\/landioustravel.com\/wp-content\/uploads\/2019\/04\/monastery_nagada-e1600892638751.jpg?resize=900%2C674&ssl=1",900,674,true],"newspack-article-block-square-large":["https:\/\/i0.wp.com\/landioustravel.com\/wp-content\/uploads\/2019\/04\/monastery_nagada-e1600892638751.jpg?resize=1200%2C674&ssl=1",1200,1029,true],"newspack-article-block-landscape-medium":["https:\/\/i0.wp.com\/landioustravel.com\/wp-content\/uploads\/2019\/04\/monastery_nagada-e1600892638751.jpg?resize=800%2C600&ssl=1",800,600,true],"newspack-article-block-portrait-medium":["https:\/\/i0.wp.com\/landioustravel.com\/wp-content\/uploads\/2019\/04\/monastery_nagada-e1600892638751.jpg?resize=600%2C674&ssl=1",600,674,true],"newspack-article-block-square-medium":["https:\/\/i0.wp.com\/landioustravel.com\/wp-content\/uploads\/2019\/04\/monastery_nagada-e1600892638751.jpg?resize=800%2C674&ssl=1",800,674,true],"newspack-article-block-landscape-intermediate":["https:\/\/i0.wp.com\/landioustravel.com\/wp-content\/uploads\/2019\/04\/monastery_nagada-e1600892638751.jpg?resize=600%2C450&ssl=1",600,450,true],"newspack-article-block-portrait-intermediate":["https:\/\/i0.wp.com\/landioustravel.com\/wp-content\/uploads\/2019\/04\/monastery_nagada-e1600892638751.jpg?resize=450%2C600&ssl=1",450,600,true],"newspack-article-block-square-intermediate":["https:\/\/i0.wp.com\/landioustravel.com\/wp-content\/uploads\/2019\/04\/monastery_nagada-e1600892638751.jpg?resize=600%2C600&ssl=1",600,600,true],"newspack-article-block-landscape-small":["https:\/\/i0.wp.com\/landioustravel.com\/wp-content\/uploads\/2019\/04\/monastery_nagada-e1600892638751.jpg?resize=400%2C300&ssl=1",400,300,true],"newspack-article-block-portrait-small":["https:\/\/i0.wp.com\/landioustravel.com\/wp-content\/uploads\/2019\/04\/monastery_nagada-e1600892638751.jpg?resize=300%2C400&ssl=1",300,400,true],"newspack-article-block-square-small":["https:\/\/i0.wp.com\/landioustravel.com\/wp-content\/uploads\/2019\/04\/monastery_nagada-e1600892638751.jpg?resize=400%2C400&ssl=1",400,400,true],"newspack-article-block-landscape-tiny":["https:\/\/i0.wp.com\/landioustravel.com\/wp-content\/uploads\/2019\/04\/monastery_nagada-e1600892638751.jpg?resize=200%2C150&ssl=1",200,150,true],"newspack-article-block-portrait-tiny":["https:\/\/i0.wp.com\/landioustravel.com\/wp-content\/uploads\/2019\/04\/monastery_nagada-e1600892638751.jpg?resize=150%2C200&ssl=1",150,200,true],"newspack-article-block-square-tiny":["https:\/\/i0.wp.com\/landioustravel.com\/wp-content\/uploads\/2019\/04\/monastery_nagada-e1600892638751.jpg?resize=200%2C200&ssl=1",200,200,true],"newspack-article-block-uncropped":["https:\/\/i0.wp.com\/landioustravel.com\/wp-content\/uploads\/2019\/04\/monastery_nagada-e1600892638751.jpg?fit=1200%2C674&ssl=1",1200,674,true],"woocommerce_thumbnail":["https:\/\/i0.wp.com\/landioustravel.com\/wp-content\/uploads\/2019\/04\/monastery_nagada-e1600892638751.jpg?resize=324%2C324&ssl=1",324,324,true],"woocommerce_single":["https:\/\/i0.wp.com\/landioustravel.com\/wp-content\/uploads\/2019\/04\/monastery_nagada-e1600892638751.jpg?fit=416%2C234&ssl=1",416,234,true],"woocommerce_gallery_thumbnail":["https:\/\/i0.wp.com\/landioustravel.com\/wp-content\/uploads\/2019\/04\/monastery_nagada-e1600892638751.jpg?resize=100%2C100&ssl=1",100,100,true]},"uagb_author_info":{"display_name":"Mofreh Landious","author_link":"https:\/\/landioustravel.com\/pl\/author\/landious\/"},"uagb_comment_info":0,"uagb_excerpt":"Gubernatorstwo Qena rozci\u0105ga si\u0119 na 168 km wzd\u0142u\u017c Nilu i 577 km od Kairu. Graniczy z gubernatorstwem Sohag na p\u00f3\u0142nocy, przez gubernatorstwo Luksoru na po\u0142udniu, przez gubernatorstwo Al-Bahr Al-Ahmar (Morze Czerwone) na wschodzie i gubernatorstwo Nowej Doliny na zachodzie. Historia gubernatorstwa Qena Qena _ jest jednym z 27 gubernator\u00f3w Egiptu. Gubernatorstwo ma g\u0142\u0119boko zakorzenion\u0105 histori\u0119&hellip;","jetpack_sharing_enabled":true,"jetpack_shortlink":"https:\/\/wp.me\/Par4r5-1ds","jetpack_likes_enabled":true,"amp_enabled":true,"_links":{"self":[{"href":"https:\/\/landioustravel.com\/pl\/wp-json\/wp\/v2\/pages\/4678","targetHints":{"allow":["GET"]}}],"collection":[{"href":"https:\/\/landioustravel.com\/pl\/wp-json\/wp\/v2\/pages"}],"about":[{"href":"https:\/\/landioustravel.com\/pl\/wp-json\/wp\/v2\/types\/page"}],"author":[{"embeddable":true,"href":"https:\/\/landioustravel.com\/pl\/wp-json\/wp\/v2\/users\/1"}],"replies":[{"embeddable":true,"href":"https:\/\/landioustravel.com\/pl\/wp-json\/wp\/v2\/comments?post=4678"}],"version-history":[{"count":0,"href":"https:\/\/landioustravel.com\/pl\/wp-json\/wp\/v2\/pages\/4678\/revisions"}],"up":[{"embeddable":true,"href":"https:\/\/landioustravel.com\/pl\/wp-json\/wp\/v2\/pages\/3534"}],"wp:featuredmedia":[{"embeddable":true,"href":"https:\/\/landioustravel.com\/pl\/wp-json\/wp\/v2\/media\/3995"}],"wp:attachment":[{"href":"https:\/\/landioustravel.com\/pl\/wp-json\/wp\/v2\/media?parent=4678"}],"curies":[{"name":"wp","href":"https:\/\/api.w.org\/{rel}","templated":true}]}}