{"id":4709,"date":"2019-05-18T16:51:24","date_gmt":"2019-05-18T14:51:24","guid":{"rendered":"https:\/\/landioustravel.com\/?page_id=4709"},"modified":"2019-07-11T13:17:21","modified_gmt":"2019-07-11T11:17:21","slug":"gubernatorstwo-synaju-poludniowego","status":"publish","type":"page","link":"https:\/\/landioustravel.com\/pl\/egipt\/miasta-egipskie\/gubernatorstwo-synaju-poludniowego\/","title":{"rendered":"Gubernatorstwo Synaju Po\u0142udniowego"},"content":{"rendered":"\n<p><amp-fit-text layout=\"fixed-height\" min-font-size=\"14\" max-font-size=\"48\" height=\"50\">Gubernatorstwo Synaju Po\u0142udniowego le\u017cy w po\u0142udniowej cz\u0119\u015bci P\u00f3\u0142wyspu Synaj. Gubernatorstwo to graniczy z Morzem Czerwonym, z wyj\u0105tkiem jego p\u00f3\u0142nocnej cz\u0119\u015bci. Ma kszta\u0142t tr\u00f3jk\u0105ta, na kt\u00f3rym graniczy z Morzem Czerwonym na po\u0142udniu, Zatok\u0105 Akaba na wschodzie, Zatok\u0105 Suesk\u0105 na zachodzie i guberni\u0105 P\u00f3\u0142nocnego Synaju na p\u00f3\u0142nocy.<\/amp-fit-text><\/p>\n\n\n\n<amp-fit-text layout=\"fixed-height\" min-font-size=\"14\" max-font-size=\"48\" height=\"50\"><h2 class=\"wp-block-heading\">Historia gubernatorstwa<\/h2><\/amp-fit-text>\n\n\n\n<p><amp-fit-text layout=\"fixed-height\" min-font-size=\"14\" max-font-size=\"48\" height=\"50\">Synaj Po\u0142udniowy jest jednym z dw\u00f3ch gubernator\u00f3w po\u0142o\u017conych na p\u00f3\u0142wyspie Synaj i jednym z 27 <a href=\"https:\/\/landioustravel.com\/pl\/egipt\/miasta-egipskie\/\">gubernator\u00f3w po\u0142o\u017conych<\/a> w <a href=\"https:\/\/landioustravel.com\/pl\/egipt\/\">Egipcie<\/a>. Miejsce to by\u0142o prawie opuszczone na d\u0142ugie okresy <a href=\"https:\/\/landioustravel.com\/pl\/egipt\/historia-egiptu\/\">egipskiej historii<\/a>. By\u0142 \u015bwiadkiem ma\u0142ych spo\u0142eczno\u015bci w niekt\u00f3rych jego cz\u0119\u015bciach. Wsp\u00f3lnoty te by\u0142y albo dla Beduin\u00f3w, albo dla chrze\u015bcija\u0144skich mnich\u00f3w. W ci\u0105gu ostatnich 100 lat Synaj Po\u0142udniowy sta\u0142 si\u0119 wa\u017cnym miejscem dla jego strategicznego po\u0142o\u017cenia. To znaczenie lokalizacji doprowadzi\u0142o do przekszta\u0142cenia z niemal pustego miejsca w g\u0142\u00f3wny cel turystyczny w Egipcie.<\/amp-fit-text><\/p>\n\n\n\n<p><amp-fit-text layout=\"fixed-height\" min-font-size=\"14\" max-font-size=\"48\" height=\"50\">Podobnie jak ca\u0142y obszar po\u0142o\u017cony na P\u00f3\u0142wyspie Synaj, Synaj Po\u0142udniowy by\u0142 okupowany przez Izrael podczas kryzysu sueskiego w 1956 r. I zosta\u0142 zwr\u00f3cony do Egiptu w 1957 r. W zwi\u0105zku z kryzysem mi\u0119dzy Egiptem a Izraelem stacjonowa\u0142y tam si\u0142y pokojowe ONZ do 1967 r. Wojna sze\u015bciodniowa. Po raz kolejny Izrael odzyska\u0142 miasto po tej wojnie. Tam Izrael rozpocz\u0105\u0142 kilka projekt\u00f3w na tym obszarze, kt\u00f3re doprowadzi\u0142y do \u200b\u200bbardziej komercyjnego rozwoju obszaru Synaju. Izraelczycy zbudowali miasto Ofira, z widokiem na zatok\u0119 Sharm El Maya i obszar Nesima, i otworzyli pierwsze zorientowane na turyst\u00f3w o\u015brodki w okolicy 6 km na p\u00f3\u0142noc od Naama Bay. Synaj Po\u0142udniowy pozostawa\u0142 pod kontrol\u0105 Izraela, dop\u00f3ki Egipt nie odrestaurowa\u0142 P\u00f3\u0142wyspu Synaj ponownie w 1982 r. Zgodnie z traktatem pokojowym Egipt-Izrael z 1979 r.<\/amp-fit-text><\/p>\n\n\n\n<p><amp-fit-text layout=\"fixed-height\" min-font-size=\"14\" max-font-size=\"48\" height=\"50\">Po przywr\u00f3ceniu Synaju w 1982 r. Rz\u0105d egipski uruchomi\u0142 inicjatyw\u0119 maj\u0105c\u0105 na celu wspieranie rozwoju gubernatora, kt\u00f3ry jest obecnie mi\u0119dzynarodowym celem turystycznym.<\/amp-fit-text><\/p>\n\n\n\n<amp-fit-text layout=\"fixed-height\" min-font-size=\"14\" max-font-size=\"48\" height=\"50\"><h2 class=\"wp-block-heading\">Podzia\u0142 Administracyjny<\/h2><\/amp-fit-text>\n\n\n\n<p><amp-fit-text layout=\"fixed-height\" min-font-size=\"14\" max-font-size=\"48\" height=\"50\">Gubernatorstwo jest podzielone na nast\u0119puj\u0105ce dzia\u0142y miejskie dla cel\u00f3w administracyjnych:<\/amp-fit-text><\/p>\n\n\n\n<ul class=\"wp-block-list\"><li>Abu Radis<\/li><li>El Tor (stolica)<\/li><li>Dahab<\/li><li>Nuweiba<\/li><li>Ras Sidr<\/li><li>\u015awi\u0119ta Katarzyna<\/li><li><a href=\"https:\/\/landioustravel.com\/pl\/miasto-szarm-szejk\/\">Szarm el-Szejk<\/a><\/li><li>Taba<\/li><\/ul>\n","protected":false},"excerpt":{"rendered":"<p>Gubernatorstwo Synaju Po\u0142udniowego le\u017cy w po\u0142udniowej cz\u0119\u015bci P\u00f3\u0142wyspu Synaj. Gubernatorstwo to graniczy z Morzem Czerwonym, z wyj\u0105tkiem jego p\u00f3\u0142nocnej cz\u0119\u015bci. Ma kszta\u0142t tr\u00f3jk\u0105ta, na kt\u00f3rym graniczy z Morzem Czerwonym na po\u0142udniu, Zatok\u0105 Akaba na wschodzie, Zatok\u0105 Suesk\u0105 na zachodzie i guberni\u0105 P\u00f3\u0142nocnego Synaju na p\u00f3\u0142nocy. Historia gubernatorstwa Synaj Po\u0142udniowy jest jednym z dw\u00f3ch gubernator\u00f3w po\u0142o\u017conych [&hellip;]<\/p>\n","protected":false},"author":1,"featured_media":0,"parent":3534,"menu_order":0,"comment_status":"open","ping_status":"open","template":"","meta":{"_coblocks_attr":"","_coblocks_dimensions":"","_coblocks_responsive_height":"","_coblocks_accordion_ie_support":"","_uag_custom_page_level_css":"","footnotes":""},"class_list":["post-4709","page","type-page","status-publish","hentry"],"yoast_head":"<!-- This site is optimized with the Yoast SEO Premium plugin v27.5 (Yoast SEO v27.5) - https:\/\/yoast.com\/product\/yoast-seo-premium-wordpress\/ -->\n<title>Gubernatorstwo Synaju Po\u0142udniowego - History and Official Divisions- Landious Travel<\/title>\n<meta name=\"description\" content=\"Gubernatorstwo Synaju Po\u0142udniowego le\u017cy w po\u0142udniowej cz\u0119\u015bci P\u00f3\u0142wyspu Synaj. Gubernatorstwo to graniczy z Morzem Czerwonym, z wyj\u0105tkiem jego p\u00f3\u0142nocnej cz\u0119\u015bci. Ma kszta\u0142t tr\u00f3jk\u0105ta, na kt\u00f3rym graniczy z Morzem Czerwonym na po\u0142udniu, Zatok\u0105 Akaba na wschodzie, Zatok\u0105 Suesk\u0105 na zachodzie i guberni\u0105 P\u00f3\u0142nocnego Synaju na p\u00f3\u0142nocy\" \/>\n<meta name=\"robots\" content=\"index, follow, max-snippet:-1, max-image-preview:large, max-video-preview:-1\" \/>\n<link rel=\"canonical\" href=\"https:\/\/landioustravel.com\/pl\/egipt\/miasta-egipskie\/gubernatorstwo-synaju-poludniowego\/\" \/>\n<meta property=\"og:locale\" content=\"pl_PL\" \/>\n<meta property=\"og:type\" content=\"article\" \/>\n<meta property=\"og:title\" content=\"Gubernatorstwo Synaju Po\u0142udniowego\" \/>\n<meta property=\"og:description\" content=\"Gubernatorstwo Synaju Po\u0142udniowego le\u017cy w po\u0142udniowej cz\u0119\u015bci P\u00f3\u0142wyspu Synaj. Gubernatorstwo to graniczy z Morzem Czerwonym, z wyj\u0105tkiem jego p\u00f3\u0142nocnej cz\u0119\u015bci. Ma kszta\u0142t tr\u00f3jk\u0105ta, na kt\u00f3rym graniczy z Morzem Czerwonym na po\u0142udniu, Zatok\u0105 Akaba na wschodzie, Zatok\u0105 Suesk\u0105 na zachodzie i guberni\u0105 P\u00f3\u0142nocnego Synaju na p\u00f3\u0142nocy\" \/>\n<meta property=\"og:url\" content=\"https:\/\/landioustravel.com\/pl\/egipt\/miasta-egipskie\/gubernatorstwo-synaju-poludniowego\/\" \/>\n<meta property=\"og:site_name\" content=\"Landious Travel\" \/>\n<meta property=\"article:publisher\" content=\"https:\/\/web.facebook.com\/landiousEgypt\" \/>\n<meta property=\"article:modified_time\" content=\"2019-07-11T11:17:21+00:00\" \/>\n<meta name=\"twitter:card\" content=\"summary_large_image\" \/>\n<meta name=\"twitter:site\" content=\"@LandiousTours\" \/>\n<meta name=\"twitter:label1\" content=\"Szacowany czas czytania\" \/>\n\t<meta name=\"twitter:data1\" content=\"2 minuty\" \/>\n<script type=\"application\/ld+json\" class=\"yoast-schema-graph\">{\"@context\":\"https:\\\/\\\/schema.org\",\"@graph\":[{\"@type\":\"WebPage\",\"@id\":\"https:\\\/\\\/landioustravel.com\\\/pl\\\/egipt\\\/miasta-egipskie\\\/gubernatorstwo-synaju-poludniowego\\\/\",\"url\":\"https:\\\/\\\/landioustravel.com\\\/pl\\\/egipt\\\/miasta-egipskie\\\/gubernatorstwo-synaju-poludniowego\\\/\",\"name\":\"Gubernatorstwo Synaju Po\u0142udniowego - History and Official Divisions- Landious Travel\",\"isPartOf\":{\"@id\":\"https:\\\/\\\/landioustravel.com\\\/pl\\\/#website\"},\"datePublished\":\"2019-05-18T14:51:24+00:00\",\"dateModified\":\"2019-07-11T11:17:21+00:00\",\"description\":\"Gubernatorstwo Synaju Po\u0142udniowego le\u017cy w po\u0142udniowej cz\u0119\u015bci P\u00f3\u0142wyspu Synaj. Gubernatorstwo to graniczy z Morzem Czerwonym, z wyj\u0105tkiem jego p\u00f3\u0142nocnej cz\u0119\u015bci. Ma kszta\u0142t tr\u00f3jk\u0105ta, na kt\u00f3rym graniczy z Morzem Czerwonym na po\u0142udniu, Zatok\u0105 Akaba na wschodzie, Zatok\u0105 Suesk\u0105 na zachodzie i guberni\u0105 P\u00f3\u0142nocnego Synaju na p\u00f3\u0142nocy\",\"breadcrumb\":{\"@id\":\"https:\\\/\\\/landioustravel.com\\\/pl\\\/egipt\\\/miasta-egipskie\\\/gubernatorstwo-synaju-poludniowego\\\/#breadcrumb\"},\"inLanguage\":\"pl-PL\",\"potentialAction\":[{\"@type\":\"ReadAction\",\"target\":[\"https:\\\/\\\/landioustravel.com\\\/pl\\\/egipt\\\/miasta-egipskie\\\/gubernatorstwo-synaju-poludniowego\\\/\"]}]},{\"@type\":\"BreadcrumbList\",\"@id\":\"https:\\\/\\\/landioustravel.com\\\/pl\\\/egipt\\\/miasta-egipskie\\\/gubernatorstwo-synaju-poludniowego\\\/#breadcrumb\",\"itemListElement\":[{\"@type\":\"ListItem\",\"position\":1,\"name\":\"Home\",\"item\":\"https:\\\/\\\/landioustravel.com\\\/pl\\\/\"},{\"@type\":\"ListItem\",\"position\":2,\"name\":\"Egipt\",\"item\":\"https:\\\/\\\/landioustravel.com\\\/pl\\\/egipt\\\/\"},{\"@type\":\"ListItem\",\"position\":3,\"name\":\"Miasta egipskie\",\"item\":\"https:\\\/\\\/landioustravel.com\\\/pl\\\/egipt\\\/miasta-egipskie\\\/\"},{\"@type\":\"ListItem\",\"position\":4,\"name\":\"Gubernatorstwo Synaju Po\u0142udniowego\"}]},{\"@type\":\"WebSite\",\"@id\":\"https:\\\/\\\/landioustravel.com\\\/pl\\\/#website\",\"url\":\"https:\\\/\\\/landioustravel.com\\\/pl\\\/\",\"name\":\"Landious Travel\",\"description\":\"Excursions, trips and cruises in Egypt\",\"publisher\":{\"@id\":\"https:\\\/\\\/landioustravel.com\\\/pl\\\/#organization\"},\"potentialAction\":[{\"@type\":\"SearchAction\",\"target\":{\"@type\":\"EntryPoint\",\"urlTemplate\":\"https:\\\/\\\/landioustravel.com\\\/pl\\\/?s={search_term_string}\"},\"query-input\":{\"@type\":\"PropertyValueSpecification\",\"valueRequired\":true,\"valueName\":\"search_term_string\"}}],\"inLanguage\":\"pl-PL\"},{\"@type\":[\"Organization\",\"Place\"],\"@id\":\"https:\\\/\\\/landioustravel.com\\\/pl\\\/#organization\",\"name\":\"Landious Travel\",\"alternateName\":\"Landious Travel\",\"url\":\"https:\\\/\\\/landioustravel.com\\\/pl\\\/\",\"logo\":{\"@id\":\"https:\\\/\\\/landioustravel.com\\\/pl\\\/egipt\\\/miasta-egipskie\\\/gubernatorstwo-synaju-poludniowego\\\/#local-main-organization-logo\"},\"image\":{\"@id\":\"https:\\\/\\\/landioustravel.com\\\/pl\\\/egipt\\\/miasta-egipskie\\\/gubernatorstwo-synaju-poludniowego\\\/#local-main-organization-logo\"},\"sameAs\":[\"https:\\\/\\\/web.facebook.com\\\/landiousEgypt\",\"https:\\\/\\\/x.com\\\/LandiousTours\",\"https:\\\/\\\/mastodon.social\\\/@landious\"],\"legalName\":\"Landious Travel\",\"telephone\":[],\"openingHoursSpecification\":[{\"@type\":\"OpeningHoursSpecification\",\"dayOfWeek\":[\"Monday\",\"Tuesday\",\"Wednesday\",\"Thursday\",\"Friday\",\"Saturday\",\"Sunday\"],\"opens\":\"09:00\",\"closes\":\"17:00\"}]},{\"@type\":\"ImageObject\",\"inLanguage\":\"pl-PL\",\"@id\":\"https:\\\/\\\/landioustravel.com\\\/pl\\\/egipt\\\/miasta-egipskie\\\/gubernatorstwo-synaju-poludniowego\\\/#local-main-organization-logo\",\"url\":\"https:\\\/\\\/i0.wp.com\\\/landioustravel.com\\\/wp-content\\\/uploads\\\/2021\\\/06\\\/Landious-T.png?fit=500%2C500&ssl=1\",\"contentUrl\":\"https:\\\/\\\/i0.wp.com\\\/landioustravel.com\\\/wp-content\\\/uploads\\\/2021\\\/06\\\/Landious-T.png?fit=500%2C500&ssl=1\",\"width\":500,\"height\":500,\"caption\":\"Landious Travel\"}]}<\/script>\n<!-- \/ Yoast SEO Premium plugin. -->","yoast_head_json":{"title":"Gubernatorstwo Synaju Po\u0142udniowego - History and Official Divisions- Landious Travel","description":"Gubernatorstwo Synaju Po\u0142udniowego le\u017cy w po\u0142udniowej cz\u0119\u015bci P\u00f3\u0142wyspu Synaj. Gubernatorstwo to graniczy z Morzem Czerwonym, z wyj\u0105tkiem jego p\u00f3\u0142nocnej cz\u0119\u015bci. Ma kszta\u0142t tr\u00f3jk\u0105ta, na kt\u00f3rym graniczy z Morzem Czerwonym na po\u0142udniu, Zatok\u0105 Akaba na wschodzie, Zatok\u0105 Suesk\u0105 na zachodzie i guberni\u0105 P\u00f3\u0142nocnego Synaju na p\u00f3\u0142nocy","robots":{"index":"index","follow":"follow","max-snippet":"max-snippet:-1","max-image-preview":"max-image-preview:large","max-video-preview":"max-video-preview:-1"},"canonical":"https:\/\/landioustravel.com\/pl\/egipt\/miasta-egipskie\/gubernatorstwo-synaju-poludniowego\/","og_locale":"pl_PL","og_type":"article","og_title":"Gubernatorstwo Synaju Po\u0142udniowego","og_description":"Gubernatorstwo Synaju Po\u0142udniowego le\u017cy w po\u0142udniowej cz\u0119\u015bci P\u00f3\u0142wyspu Synaj. Gubernatorstwo to graniczy z Morzem Czerwonym, z wyj\u0105tkiem jego p\u00f3\u0142nocnej cz\u0119\u015bci. Ma kszta\u0142t tr\u00f3jk\u0105ta, na kt\u00f3rym graniczy z Morzem Czerwonym na po\u0142udniu, Zatok\u0105 Akaba na wschodzie, Zatok\u0105 Suesk\u0105 na zachodzie i guberni\u0105 P\u00f3\u0142nocnego Synaju na p\u00f3\u0142nocy","og_url":"https:\/\/landioustravel.com\/pl\/egipt\/miasta-egipskie\/gubernatorstwo-synaju-poludniowego\/","og_site_name":"Landious Travel","article_publisher":"https:\/\/web.facebook.com\/landiousEgypt","article_modified_time":"2019-07-11T11:17:21+00:00","twitter_card":"summary_large_image","twitter_site":"@LandiousTours","twitter_misc":{"Szacowany czas czytania":"2 minuty"},"schema":{"@context":"https:\/\/schema.org","@graph":[{"@type":"WebPage","@id":"https:\/\/landioustravel.com\/pl\/egipt\/miasta-egipskie\/gubernatorstwo-synaju-poludniowego\/","url":"https:\/\/landioustravel.com\/pl\/egipt\/miasta-egipskie\/gubernatorstwo-synaju-poludniowego\/","name":"Gubernatorstwo Synaju Po\u0142udniowego - History and Official Divisions- Landious Travel","isPartOf":{"@id":"https:\/\/landioustravel.com\/pl\/#website"},"datePublished":"2019-05-18T14:51:24+00:00","dateModified":"2019-07-11T11:17:21+00:00","description":"Gubernatorstwo Synaju Po\u0142udniowego le\u017cy w po\u0142udniowej cz\u0119\u015bci P\u00f3\u0142wyspu Synaj. Gubernatorstwo to graniczy z Morzem Czerwonym, z wyj\u0105tkiem jego p\u00f3\u0142nocnej cz\u0119\u015bci. Ma kszta\u0142t tr\u00f3jk\u0105ta, na kt\u00f3rym graniczy z Morzem Czerwonym na po\u0142udniu, Zatok\u0105 Akaba na wschodzie, Zatok\u0105 Suesk\u0105 na zachodzie i guberni\u0105 P\u00f3\u0142nocnego Synaju na p\u00f3\u0142nocy","breadcrumb":{"@id":"https:\/\/landioustravel.com\/pl\/egipt\/miasta-egipskie\/gubernatorstwo-synaju-poludniowego\/#breadcrumb"},"inLanguage":"pl-PL","potentialAction":[{"@type":"ReadAction","target":["https:\/\/landioustravel.com\/pl\/egipt\/miasta-egipskie\/gubernatorstwo-synaju-poludniowego\/"]}]},{"@type":"BreadcrumbList","@id":"https:\/\/landioustravel.com\/pl\/egipt\/miasta-egipskie\/gubernatorstwo-synaju-poludniowego\/#breadcrumb","itemListElement":[{"@type":"ListItem","position":1,"name":"Home","item":"https:\/\/landioustravel.com\/pl\/"},{"@type":"ListItem","position":2,"name":"Egipt","item":"https:\/\/landioustravel.com\/pl\/egipt\/"},{"@type":"ListItem","position":3,"name":"Miasta egipskie","item":"https:\/\/landioustravel.com\/pl\/egipt\/miasta-egipskie\/"},{"@type":"ListItem","position":4,"name":"Gubernatorstwo Synaju Po\u0142udniowego"}]},{"@type":"WebSite","@id":"https:\/\/landioustravel.com\/pl\/#website","url":"https:\/\/landioustravel.com\/pl\/","name":"Landious Travel","description":"Excursions, trips and cruises in Egypt","publisher":{"@id":"https:\/\/landioustravel.com\/pl\/#organization"},"potentialAction":[{"@type":"SearchAction","target":{"@type":"EntryPoint","urlTemplate":"https:\/\/landioustravel.com\/pl\/?s={search_term_string}"},"query-input":{"@type":"PropertyValueSpecification","valueRequired":true,"valueName":"search_term_string"}}],"inLanguage":"pl-PL"},{"@type":["Organization","Place"],"@id":"https:\/\/landioustravel.com\/pl\/#organization","name":"Landious Travel","alternateName":"Landious Travel","url":"https:\/\/landioustravel.com\/pl\/","logo":{"@id":"https:\/\/landioustravel.com\/pl\/egipt\/miasta-egipskie\/gubernatorstwo-synaju-poludniowego\/#local-main-organization-logo"},"image":{"@id":"https:\/\/landioustravel.com\/pl\/egipt\/miasta-egipskie\/gubernatorstwo-synaju-poludniowego\/#local-main-organization-logo"},"sameAs":["https:\/\/web.facebook.com\/landiousEgypt","https:\/\/x.com\/LandiousTours","https:\/\/mastodon.social\/@landious"],"legalName":"Landious Travel","telephone":[],"openingHoursSpecification":[{"@type":"OpeningHoursSpecification","dayOfWeek":["Monday","Tuesday","Wednesday","Thursday","Friday","Saturday","Sunday"],"opens":"09:00","closes":"17:00"}]},{"@type":"ImageObject","inLanguage":"pl-PL","@id":"https:\/\/landioustravel.com\/pl\/egipt\/miasta-egipskie\/gubernatorstwo-synaju-poludniowego\/#local-main-organization-logo","url":"https:\/\/i0.wp.com\/landioustravel.com\/wp-content\/uploads\/2021\/06\/Landious-T.png?fit=500%2C500&ssl=1","contentUrl":"https:\/\/i0.wp.com\/landioustravel.com\/wp-content\/uploads\/2021\/06\/Landious-T.png?fit=500%2C500&ssl=1","width":500,"height":500,"caption":"Landious Travel"}]}},"uagb_featured_image_src":{"full":false,"thumbnail":false,"medium":false,"medium_large":false,"large":false,"1536x1536":false,"2048x2048":false,"newspack-article-block-landscape-large":false,"newspack-article-block-portrait-large":false,"newspack-article-block-square-large":false,"newspack-article-block-landscape-medium":false,"newspack-article-block-portrait-medium":false,"newspack-article-block-square-medium":false,"newspack-article-block-landscape-intermediate":false,"newspack-article-block-portrait-intermediate":false,"newspack-article-block-square-intermediate":false,"newspack-article-block-landscape-small":false,"newspack-article-block-portrait-small":false,"newspack-article-block-square-small":false,"newspack-article-block-landscape-tiny":false,"newspack-article-block-portrait-tiny":false,"newspack-article-block-square-tiny":false,"newspack-article-block-uncropped":false,"woocommerce_thumbnail":false,"woocommerce_single":false,"woocommerce_gallery_thumbnail":false},"uagb_author_info":{"display_name":"Mofreh Landious","author_link":"https:\/\/landioustravel.com\/pl\/author\/landious\/"},"uagb_comment_info":0,"uagb_excerpt":"Gubernatorstwo Synaju Po\u0142udniowego le\u017cy w po\u0142udniowej cz\u0119\u015bci P\u00f3\u0142wyspu Synaj. Gubernatorstwo to graniczy z Morzem Czerwonym, z wyj\u0105tkiem jego p\u00f3\u0142nocnej cz\u0119\u015bci. Ma kszta\u0142t tr\u00f3jk\u0105ta, na kt\u00f3rym graniczy z Morzem Czerwonym na po\u0142udniu, Zatok\u0105 Akaba na wschodzie, Zatok\u0105 Suesk\u0105 na zachodzie i guberni\u0105 P\u00f3\u0142nocnego Synaju na p\u00f3\u0142nocy. Historia gubernatorstwa Synaj Po\u0142udniowy jest jednym z dw\u00f3ch gubernator\u00f3w po\u0142o\u017conych&hellip;","jetpack_sharing_enabled":true,"jetpack_shortlink":"https:\/\/wp.me\/Par4r5-1dX","jetpack_likes_enabled":true,"amp_enabled":true,"_links":{"self":[{"href":"https:\/\/landioustravel.com\/pl\/wp-json\/wp\/v2\/pages\/4709","targetHints":{"allow":["GET"]}}],"collection":[{"href":"https:\/\/landioustravel.com\/pl\/wp-json\/wp\/v2\/pages"}],"about":[{"href":"https:\/\/landioustravel.com\/pl\/wp-json\/wp\/v2\/types\/page"}],"author":[{"embeddable":true,"href":"https:\/\/landioustravel.com\/pl\/wp-json\/wp\/v2\/users\/1"}],"replies":[{"embeddable":true,"href":"https:\/\/landioustravel.com\/pl\/wp-json\/wp\/v2\/comments?post=4709"}],"version-history":[{"count":0,"href":"https:\/\/landioustravel.com\/pl\/wp-json\/wp\/v2\/pages\/4709\/revisions"}],"up":[{"embeddable":true,"href":"https:\/\/landioustravel.com\/pl\/wp-json\/wp\/v2\/pages\/3534"}],"wp:attachment":[{"href":"https:\/\/landioustravel.com\/pl\/wp-json\/wp\/v2\/media?parent=4709"}],"curies":[{"name":"wp","href":"https:\/\/api.w.org\/{rel}","templated":true}]}}