{"id":4891,"date":"2019-05-26T18:47:56","date_gmt":"2019-05-26T16:47:56","guid":{"rendered":"https:\/\/landioustravel.com\/?page_id=4891"},"modified":"2019-07-12T16:15:20","modified_gmt":"2019-07-12T14:15:20","slug":"swiatynia-kom-ombo","status":"publish","type":"page","link":"https:\/\/landioustravel.com\/pl\/egipt\/egipskie-swiatynie\/swiatynia-kom-ombo\/","title":{"rendered":"\u015awi\u0105tynia Kom Ombo"},"content":{"rendered":"\n<p><amp-fit-text layout=\"fixed-height\" min-font-size=\"14\" max-font-size=\"48\" height=\"50\">\u015awi\u0105tynia Kom Ombo to podw\u00f3jna \u015bwi\u0105tynia w mie\u015bcie Kom Ombo w <a href=\"https:\/\/landioustravel.com\/pl\/egipt\/miasta-egipskie\/gubernatorstwo-aswan\/\">gubernatorstwie Asuanu<\/a> w G\u00f3rnym Egipcie. Budynek jest wyj\u0105tkowy, poniewa\u017c jego konstrukcja sk\u0142ada si\u0119 z dw\u00f3ch po\u0142\u0105czonych ze sob\u0105 sekcji. Innymi s\u0142owy, istnia\u0142y s\u0105dy, korytarze, sanktuaria i pokoje duplikowane dla dw\u00f3ch zestaw\u00f3w <a href=\"https:\/\/landioustravel.com\/pl\/egipt\/egipskie-bostwa\/\">bog\u00f3w<\/a>.<\/amp-fit-text><\/p>\n\n\n\n<amp-fit-text layout=\"fixed-height\" min-font-size=\"14\" max-font-size=\"48\" height=\"50\"><h2 class=\"wp-block-heading\">Historia \u015bwi\u0105tyni<\/h2><\/amp-fit-text>\n\n\n\n<p><amp-fit-text layout=\"fixed-height\" min-font-size=\"14\" max-font-size=\"48\" height=\"50\">Staro\u017cytni Egipcjanie zbudowali ju\u017c \u015bwi\u0105tyni\u0119 w Nowym Kr\u00f3lestwie, aby uczci\u0107 bog\u00f3w <a href=\"https:\/\/landioustravel.com\/pl\/egipt\/egipskie-bostwa\/bog-horus\/\">Horusa<\/a> i Sobka. Ponownie wykorzystane bloki sugeruj\u0105 wcze\u015bniejsz\u0105 \u015bwi\u0105tyni\u0119 z okresu Pa\u0144stwa \u015arodka. Jednak ma\u0142e pozosta\u0142o\u015bci \u015bwi\u0105tyni Nowego Kr\u00f3lestwa.<\/amp-fit-text><\/p>\n\n\n\n<p><amp-fit-text layout=\"fixed-height\" min-font-size=\"14\" max-font-size=\"48\" height=\"50\">Istniej\u0105ca \u015bwi\u0105tynia pochodzi z dynastii Ptolemeuszy, 180\u201347 pne. Ptolemeusz VI Philometor (180\u2013145 pne) rozpocz\u0105\u0142 budow\u0119 tej \u015bwi\u0105tyni na pocz\u0105tku swego panowania. Inni Ptolemeusze przyczynili si\u0119 do jego budowy, zw\u0142aszcza Ptolemeusza XIII Theos Philopator (51\u201347 pne), kt\u00f3ry zbudowa\u0142 wewn\u0119trzny i zewn\u0119trzny hipostyles. Niekt\u00f3re dodatki zosta\u0142y p\u00f3\u017aniej wykonane w okresie rzymskim.<\/amp-fit-text><\/p>\n\n\n\n<p><amp-fit-text layout=\"fixed-height\" min-font-size=\"14\" max-font-size=\"48\" height=\"50\">Po og\u0142oszeniu chrze\u015bcija\u0144stwa og\u0142oszonego jako oficjalna religia kraju w czasach rzymskich, niekt\u00f3re z p\u0142askorze\u017ab wewn\u0105trz zosta\u0142y zniszczone przez Kopt\u00f3w. \u015awi\u0105tynia by\u0142a w\u00f3wczas wykorzystywana jako ko\u015bci\u00f3\u0142.<\/amp-fit-text><\/p>\n\n\n\n<p><amp-fit-text layout=\"fixed-height\" min-font-size=\"14\" max-font-size=\"48\" height=\"50\">Wraz z ko\u0144cem okresu rzymskiego \u015bwi\u0105tynia zosta\u0142a zaniedbana. Ostatnio wszystkie budynki \u015bwi\u0105ty\u0144 w po\u0142udniowej cz\u0119\u015bci p\u0142askowy\u017cu zosta\u0142y oczyszczone z gruzu i przywr\u00f3cone przez Jacquesa de Morgana w 1893 roku.<\/amp-fit-text><\/p>\n\n\n\n<p><amp-fit-text layout=\"fixed-height\" min-font-size=\"14\" max-font-size=\"48\" height=\"50\">We wrze\u015bniu 2018 r. Egipskie ministerstwo antyk\u00f3w og\u0142osi\u0142o, \u017ce w \u015bwi\u0105tyni odkryto pos\u0105g sfinksa z piaskowca. Pos\u0105g mierzy oko\u0142o 28 cm szeroko\u015bci i 38 cm wysoko\u015bci, prawdopodobnie pochodzi z dynastii Ptolemejczyk\u00f3w.<\/amp-fit-text><\/p>\n","protected":false},"excerpt":{"rendered":"<p>\u015awi\u0105tynia Kom Ombo to podw\u00f3jna \u015bwi\u0105tynia w mie\u015bcie Kom Ombo w gubernatorstwie Asuanu w G\u00f3rnym Egipcie. Budynek jest wyj\u0105tkowy, poniewa\u017c jego konstrukcja sk\u0142ada si\u0119 z dw\u00f3ch po\u0142\u0105czonych ze sob\u0105 sekcji. Innymi s\u0142owy, istnia\u0142y s\u0105dy, korytarze, sanktuaria i pokoje duplikowane dla dw\u00f3ch zestaw\u00f3w bog\u00f3w. Historia \u015bwi\u0105tyni Staro\u017cytni Egipcjanie zbudowali ju\u017c \u015bwi\u0105tyni\u0119 w Nowym Kr\u00f3lestwie, aby uczci\u0107 [&hellip;]<\/p>\n","protected":false},"author":1,"featured_media":0,"parent":3131,"menu_order":0,"comment_status":"open","ping_status":"closed","template":"","meta":{"_coblocks_attr":"","_coblocks_dimensions":"","_coblocks_responsive_height":"","_coblocks_accordion_ie_support":"","_uag_custom_page_level_css":"","footnotes":""},"class_list":["post-4891","page","type-page","status-publish","hentry"],"yoast_head":"<!-- This site is optimized with the Yoast SEO Premium plugin v26.9 (Yoast SEO v27.5) - https:\/\/yoast.com\/product\/yoast-seo-premium-wordpress\/ -->\n<title>\u015awi\u0105tynia Kom Ombo -Temple of Sobek and Horus - Landious Travel<\/title>\n<meta name=\"description\" content=\"\u015awi\u0105tynia Kom Ombo to podw\u00f3jna \u015bwi\u0105tynia w mie\u015bcie Kom Ombo w Aswan Governorate w G\u00f3rnym Egipcie. Budynek jest wyj\u0105tkowy, poniewa\u017c jego konstrukcja sk\u0142ada si\u0119 z dw\u00f3ch po\u0142\u0105czonych ze sob\u0105 sekcji. Innymi s\u0142owy, istnia\u0142y s\u0105dy, korytarze, sanktuaria i pokoje duplikowane dla dw\u00f3ch zestaw\u00f3w bog\u00f3w\" \/>\n<meta name=\"robots\" content=\"index, follow, max-snippet:-1, max-image-preview:large, max-video-preview:-1\" \/>\n<link rel=\"canonical\" href=\"https:\/\/landioustravel.com\/pl\/egipt\/egipskie-swiatynie\/swiatynia-kom-ombo\/\" \/>\n<meta property=\"og:locale\" content=\"pl_PL\" \/>\n<meta property=\"og:type\" content=\"article\" \/>\n<meta property=\"og:title\" content=\"\u015awi\u0105tynia Kom Ombo\" \/>\n<meta property=\"og:description\" content=\"\u015awi\u0105tynia Kom Ombo to podw\u00f3jna \u015bwi\u0105tynia w mie\u015bcie Kom Ombo w Aswan Governorate w G\u00f3rnym Egipcie. Budynek jest wyj\u0105tkowy, poniewa\u017c jego konstrukcja sk\u0142ada si\u0119 z dw\u00f3ch po\u0142\u0105czonych ze sob\u0105 sekcji. Innymi s\u0142owy, istnia\u0142y s\u0105dy, korytarze, sanktuaria i pokoje duplikowane dla dw\u00f3ch zestaw\u00f3w bog\u00f3w\" \/>\n<meta property=\"og:url\" content=\"https:\/\/landioustravel.com\/pl\/egipt\/egipskie-swiatynie\/swiatynia-kom-ombo\/\" \/>\n<meta property=\"og:site_name\" content=\"Landious Travel\" \/>\n<meta property=\"article:publisher\" content=\"https:\/\/web.facebook.com\/landiousEgypt\" \/>\n<meta property=\"article:modified_time\" content=\"2019-07-12T14:15:20+00:00\" \/>\n<meta name=\"twitter:card\" content=\"summary_large_image\" \/>\n<meta name=\"twitter:site\" content=\"@LandiousTours\" \/>\n<meta name=\"twitter:label1\" content=\"Szacowany czas czytania\" \/>\n\t<meta name=\"twitter:data1\" content=\"1 minuta\" \/>\n<script type=\"application\/ld+json\" class=\"yoast-schema-graph\">{\"@context\":\"https:\\\/\\\/schema.org\",\"@graph\":[{\"@type\":\"WebPage\",\"@id\":\"https:\\\/\\\/landioustravel.com\\\/pl\\\/egipt\\\/egipskie-swiatynie\\\/swiatynia-kom-ombo\\\/\",\"url\":\"https:\\\/\\\/landioustravel.com\\\/pl\\\/egipt\\\/egipskie-swiatynie\\\/swiatynia-kom-ombo\\\/\",\"name\":\"\u015awi\u0105tynia Kom Ombo -Temple of Sobek and Horus - Landious Travel\",\"isPartOf\":{\"@id\":\"https:\\\/\\\/landioustravel.com\\\/pl\\\/#website\"},\"datePublished\":\"2019-05-26T16:47:56+00:00\",\"dateModified\":\"2019-07-12T14:15:20+00:00\",\"description\":\"\u015awi\u0105tynia Kom Ombo to podw\u00f3jna \u015bwi\u0105tynia w mie\u015bcie Kom Ombo w Aswan Governorate w G\u00f3rnym Egipcie. Budynek jest wyj\u0105tkowy, poniewa\u017c jego konstrukcja sk\u0142ada si\u0119 z dw\u00f3ch po\u0142\u0105czonych ze sob\u0105 sekcji. Innymi s\u0142owy, istnia\u0142y s\u0105dy, korytarze, sanktuaria i pokoje duplikowane dla dw\u00f3ch zestaw\u00f3w bog\u00f3w\",\"breadcrumb\":{\"@id\":\"https:\\\/\\\/landioustravel.com\\\/pl\\\/egipt\\\/egipskie-swiatynie\\\/swiatynia-kom-ombo\\\/#breadcrumb\"},\"inLanguage\":\"pl-PL\",\"potentialAction\":[{\"@type\":\"ReadAction\",\"target\":[\"https:\\\/\\\/landioustravel.com\\\/pl\\\/egipt\\\/egipskie-swiatynie\\\/swiatynia-kom-ombo\\\/\"]}]},{\"@type\":\"BreadcrumbList\",\"@id\":\"https:\\\/\\\/landioustravel.com\\\/pl\\\/egipt\\\/egipskie-swiatynie\\\/swiatynia-kom-ombo\\\/#breadcrumb\",\"itemListElement\":[{\"@type\":\"ListItem\",\"position\":1,\"name\":\"Home\",\"item\":\"https:\\\/\\\/landioustravel.com\\\/pl\\\/\"},{\"@type\":\"ListItem\",\"position\":2,\"name\":\"Egipt\",\"item\":\"https:\\\/\\\/landioustravel.com\\\/pl\\\/egipt\\\/\"},{\"@type\":\"ListItem\",\"position\":3,\"name\":\"Egipskie \u015bwi\u0105tynie\",\"item\":\"https:\\\/\\\/landioustravel.com\\\/pl\\\/egipt\\\/egipskie-swiatynie\\\/\"},{\"@type\":\"ListItem\",\"position\":4,\"name\":\"\u015awi\u0105tynia Kom Ombo\"}]},{\"@type\":\"WebSite\",\"@id\":\"https:\\\/\\\/landioustravel.com\\\/pl\\\/#website\",\"url\":\"https:\\\/\\\/landioustravel.com\\\/pl\\\/\",\"name\":\"Landious Travel\",\"description\":\"Excursions, trips and cruises in Egypt\",\"publisher\":{\"@id\":\"https:\\\/\\\/landioustravel.com\\\/pl\\\/#organization\"},\"potentialAction\":[{\"@type\":\"SearchAction\",\"target\":{\"@type\":\"EntryPoint\",\"urlTemplate\":\"https:\\\/\\\/landioustravel.com\\\/pl\\\/?s={search_term_string}\"},\"query-input\":{\"@type\":\"PropertyValueSpecification\",\"valueRequired\":true,\"valueName\":\"search_term_string\"}}],\"inLanguage\":\"pl-PL\"},{\"@type\":[\"Organization\",\"Place\"],\"@id\":\"https:\\\/\\\/landioustravel.com\\\/pl\\\/#organization\",\"name\":\"Landious Travel\",\"alternateName\":\"Landious Travel\",\"url\":\"https:\\\/\\\/landioustravel.com\\\/pl\\\/\",\"logo\":{\"@id\":\"https:\\\/\\\/landioustravel.com\\\/pl\\\/egipt\\\/egipskie-swiatynie\\\/swiatynia-kom-ombo\\\/#local-main-organization-logo\"},\"image\":{\"@id\":\"https:\\\/\\\/landioustravel.com\\\/pl\\\/egipt\\\/egipskie-swiatynie\\\/swiatynia-kom-ombo\\\/#local-main-organization-logo\"},\"sameAs\":[\"https:\\\/\\\/web.facebook.com\\\/landiousEgypt\",\"https:\\\/\\\/x.com\\\/LandiousTours\",\"https:\\\/\\\/mastodon.social\\\/@landious\"],\"legalName\":\"Landious Travel\",\"telephone\":[],\"openingHoursSpecification\":[{\"@type\":\"OpeningHoursSpecification\",\"dayOfWeek\":[\"Monday\",\"Tuesday\",\"Wednesday\",\"Thursday\",\"Friday\",\"Saturday\",\"Sunday\"],\"opens\":\"09:00\",\"closes\":\"17:00\"}]},{\"@type\":\"ImageObject\",\"inLanguage\":\"pl-PL\",\"@id\":\"https:\\\/\\\/landioustravel.com\\\/pl\\\/egipt\\\/egipskie-swiatynie\\\/swiatynia-kom-ombo\\\/#local-main-organization-logo\",\"url\":\"https:\\\/\\\/i0.wp.com\\\/landioustravel.com\\\/wp-content\\\/uploads\\\/2021\\\/06\\\/Landious-T.png?fit=500%2C500&ssl=1\",\"contentUrl\":\"https:\\\/\\\/i0.wp.com\\\/landioustravel.com\\\/wp-content\\\/uploads\\\/2021\\\/06\\\/Landious-T.png?fit=500%2C500&ssl=1\",\"width\":500,\"height\":500,\"caption\":\"Landious Travel\"}]}<\/script>\n<!-- \/ Yoast SEO Premium plugin. -->","yoast_head_json":{"title":"\u015awi\u0105tynia Kom Ombo -Temple of Sobek and Horus - Landious Travel","description":"\u015awi\u0105tynia Kom Ombo to podw\u00f3jna \u015bwi\u0105tynia w mie\u015bcie Kom Ombo w Aswan Governorate w G\u00f3rnym Egipcie. Budynek jest wyj\u0105tkowy, poniewa\u017c jego konstrukcja sk\u0142ada si\u0119 z dw\u00f3ch po\u0142\u0105czonych ze sob\u0105 sekcji. Innymi s\u0142owy, istnia\u0142y s\u0105dy, korytarze, sanktuaria i pokoje duplikowane dla dw\u00f3ch zestaw\u00f3w bog\u00f3w","robots":{"index":"index","follow":"follow","max-snippet":"max-snippet:-1","max-image-preview":"max-image-preview:large","max-video-preview":"max-video-preview:-1"},"canonical":"https:\/\/landioustravel.com\/pl\/egipt\/egipskie-swiatynie\/swiatynia-kom-ombo\/","og_locale":"pl_PL","og_type":"article","og_title":"\u015awi\u0105tynia Kom Ombo","og_description":"\u015awi\u0105tynia Kom Ombo to podw\u00f3jna \u015bwi\u0105tynia w mie\u015bcie Kom Ombo w Aswan Governorate w G\u00f3rnym Egipcie. Budynek jest wyj\u0105tkowy, poniewa\u017c jego konstrukcja sk\u0142ada si\u0119 z dw\u00f3ch po\u0142\u0105czonych ze sob\u0105 sekcji. Innymi s\u0142owy, istnia\u0142y s\u0105dy, korytarze, sanktuaria i pokoje duplikowane dla dw\u00f3ch zestaw\u00f3w bog\u00f3w","og_url":"https:\/\/landioustravel.com\/pl\/egipt\/egipskie-swiatynie\/swiatynia-kom-ombo\/","og_site_name":"Landious Travel","article_publisher":"https:\/\/web.facebook.com\/landiousEgypt","article_modified_time":"2019-07-12T14:15:20+00:00","twitter_card":"summary_large_image","twitter_site":"@LandiousTours","twitter_misc":{"Szacowany czas czytania":"1 minuta"},"schema":{"@context":"https:\/\/schema.org","@graph":[{"@type":"WebPage","@id":"https:\/\/landioustravel.com\/pl\/egipt\/egipskie-swiatynie\/swiatynia-kom-ombo\/","url":"https:\/\/landioustravel.com\/pl\/egipt\/egipskie-swiatynie\/swiatynia-kom-ombo\/","name":"\u015awi\u0105tynia Kom Ombo -Temple of Sobek and Horus - Landious Travel","isPartOf":{"@id":"https:\/\/landioustravel.com\/pl\/#website"},"datePublished":"2019-05-26T16:47:56+00:00","dateModified":"2019-07-12T14:15:20+00:00","description":"\u015awi\u0105tynia Kom Ombo to podw\u00f3jna \u015bwi\u0105tynia w mie\u015bcie Kom Ombo w Aswan Governorate w G\u00f3rnym Egipcie. Budynek jest wyj\u0105tkowy, poniewa\u017c jego konstrukcja sk\u0142ada si\u0119 z dw\u00f3ch po\u0142\u0105czonych ze sob\u0105 sekcji. Innymi s\u0142owy, istnia\u0142y s\u0105dy, korytarze, sanktuaria i pokoje duplikowane dla dw\u00f3ch zestaw\u00f3w bog\u00f3w","breadcrumb":{"@id":"https:\/\/landioustravel.com\/pl\/egipt\/egipskie-swiatynie\/swiatynia-kom-ombo\/#breadcrumb"},"inLanguage":"pl-PL","potentialAction":[{"@type":"ReadAction","target":["https:\/\/landioustravel.com\/pl\/egipt\/egipskie-swiatynie\/swiatynia-kom-ombo\/"]}]},{"@type":"BreadcrumbList","@id":"https:\/\/landioustravel.com\/pl\/egipt\/egipskie-swiatynie\/swiatynia-kom-ombo\/#breadcrumb","itemListElement":[{"@type":"ListItem","position":1,"name":"Home","item":"https:\/\/landioustravel.com\/pl\/"},{"@type":"ListItem","position":2,"name":"Egipt","item":"https:\/\/landioustravel.com\/pl\/egipt\/"},{"@type":"ListItem","position":3,"name":"Egipskie \u015bwi\u0105tynie","item":"https:\/\/landioustravel.com\/pl\/egipt\/egipskie-swiatynie\/"},{"@type":"ListItem","position":4,"name":"\u015awi\u0105tynia Kom Ombo"}]},{"@type":"WebSite","@id":"https:\/\/landioustravel.com\/pl\/#website","url":"https:\/\/landioustravel.com\/pl\/","name":"Landious Travel","description":"Excursions, trips and cruises in Egypt","publisher":{"@id":"https:\/\/landioustravel.com\/pl\/#organization"},"potentialAction":[{"@type":"SearchAction","target":{"@type":"EntryPoint","urlTemplate":"https:\/\/landioustravel.com\/pl\/?s={search_term_string}"},"query-input":{"@type":"PropertyValueSpecification","valueRequired":true,"valueName":"search_term_string"}}],"inLanguage":"pl-PL"},{"@type":["Organization","Place"],"@id":"https:\/\/landioustravel.com\/pl\/#organization","name":"Landious Travel","alternateName":"Landious Travel","url":"https:\/\/landioustravel.com\/pl\/","logo":{"@id":"https:\/\/landioustravel.com\/pl\/egipt\/egipskie-swiatynie\/swiatynia-kom-ombo\/#local-main-organization-logo"},"image":{"@id":"https:\/\/landioustravel.com\/pl\/egipt\/egipskie-swiatynie\/swiatynia-kom-ombo\/#local-main-organization-logo"},"sameAs":["https:\/\/web.facebook.com\/landiousEgypt","https:\/\/x.com\/LandiousTours","https:\/\/mastodon.social\/@landious"],"legalName":"Landious Travel","telephone":[],"openingHoursSpecification":[{"@type":"OpeningHoursSpecification","dayOfWeek":["Monday","Tuesday","Wednesday","Thursday","Friday","Saturday","Sunday"],"opens":"09:00","closes":"17:00"}]},{"@type":"ImageObject","inLanguage":"pl-PL","@id":"https:\/\/landioustravel.com\/pl\/egipt\/egipskie-swiatynie\/swiatynia-kom-ombo\/#local-main-organization-logo","url":"https:\/\/i0.wp.com\/landioustravel.com\/wp-content\/uploads\/2021\/06\/Landious-T.png?fit=500%2C500&ssl=1","contentUrl":"https:\/\/i0.wp.com\/landioustravel.com\/wp-content\/uploads\/2021\/06\/Landious-T.png?fit=500%2C500&ssl=1","width":500,"height":500,"caption":"Landious Travel"}]}},"uagb_featured_image_src":{"full":false,"thumbnail":false,"medium":false,"medium_large":false,"large":false,"1536x1536":false,"2048x2048":false,"newspack-article-block-landscape-large":false,"newspack-article-block-portrait-large":false,"newspack-article-block-square-large":false,"newspack-article-block-landscape-medium":false,"newspack-article-block-portrait-medium":false,"newspack-article-block-square-medium":false,"newspack-article-block-landscape-intermediate":false,"newspack-article-block-portrait-intermediate":false,"newspack-article-block-square-intermediate":false,"newspack-article-block-landscape-small":false,"newspack-article-block-portrait-small":false,"newspack-article-block-square-small":false,"newspack-article-block-landscape-tiny":false,"newspack-article-block-portrait-tiny":false,"newspack-article-block-square-tiny":false,"newspack-article-block-uncropped":false,"woocommerce_thumbnail":false,"woocommerce_single":false,"woocommerce_gallery_thumbnail":false},"uagb_author_info":{"display_name":"Mofreh Landious","author_link":"https:\/\/landioustravel.com\/pl\/author\/landious\/"},"uagb_comment_info":0,"uagb_excerpt":"\u015awi\u0105tynia Kom Ombo to podw\u00f3jna \u015bwi\u0105tynia w mie\u015bcie Kom Ombo w gubernatorstwie Asuanu w G\u00f3rnym Egipcie. Budynek jest wyj\u0105tkowy, poniewa\u017c jego konstrukcja sk\u0142ada si\u0119 z dw\u00f3ch po\u0142\u0105czonych ze sob\u0105 sekcji. Innymi s\u0142owy, istnia\u0142y s\u0105dy, korytarze, sanktuaria i pokoje duplikowane dla dw\u00f3ch zestaw\u00f3w bog\u00f3w. Historia \u015bwi\u0105tyni Staro\u017cytni Egipcjanie zbudowali ju\u017c \u015bwi\u0105tyni\u0119 w Nowym Kr\u00f3lestwie, aby uczci\u0107&hellip;","jetpack_sharing_enabled":true,"jetpack_shortlink":"https:\/\/wp.me\/Par4r5-1gT","jetpack_likes_enabled":true,"amp_enabled":true,"_links":{"self":[{"href":"https:\/\/landioustravel.com\/pl\/wp-json\/wp\/v2\/pages\/4891","targetHints":{"allow":["GET"]}}],"collection":[{"href":"https:\/\/landioustravel.com\/pl\/wp-json\/wp\/v2\/pages"}],"about":[{"href":"https:\/\/landioustravel.com\/pl\/wp-json\/wp\/v2\/types\/page"}],"author":[{"embeddable":true,"href":"https:\/\/landioustravel.com\/pl\/wp-json\/wp\/v2\/users\/1"}],"replies":[{"embeddable":true,"href":"https:\/\/landioustravel.com\/pl\/wp-json\/wp\/v2\/comments?post=4891"}],"version-history":[{"count":0,"href":"https:\/\/landioustravel.com\/pl\/wp-json\/wp\/v2\/pages\/4891\/revisions"}],"up":[{"embeddable":true,"href":"https:\/\/landioustravel.com\/pl\/wp-json\/wp\/v2\/pages\/3131"}],"wp:attachment":[{"href":"https:\/\/landioustravel.com\/pl\/wp-json\/wp\/v2\/media?parent=4891"}],"curies":[{"name":"wp","href":"https:\/\/api.w.org\/{rel}","templated":true}]}}