{"id":4903,"date":"2019-05-26T20:17:12","date_gmt":"2019-05-26T18:17:12","guid":{"rendered":"https:\/\/landioustravel.com\/?page_id=4903"},"modified":"2019-07-13T04:31:15","modified_gmt":"2019-07-13T02:31:15","slug":"swiatynie-abu-simbel","status":"publish","type":"page","link":"https:\/\/landioustravel.com\/pl\/egipt\/egipskie-swiatynie\/swiatynie-abu-simbel\/","title":{"rendered":"\u015awi\u0105tynie Abu Simbel"},"content":{"rendered":"\n<p><amp-fit-text layout=\"fixed-height\" min-font-size=\"14\" max-font-size=\"48\" height=\"50\">\u015awi\u0105tynie Abu Simbel _ najs\u0142ynniejsze skalne \u015bwi\u0105tynie, kt\u00f3re znajduj\u0105 si\u0119 w pobli\u017cu nowoczesnej wioski Abu Simbel, przy drugiej za\u0107mie Nilu, na granicy mi\u0119dzy Nubi\u0105 Doln\u0105 a G\u00f3rn\u0105 Nubi\u0105. Istniej\u0105 dwie \u015bwi\u0105tynie, Wielka \u015awi\u0105tynia po\u015bwi\u0119cona samemu Ramzesowi II i Ma\u0142a \u015awi\u0105tynia, po\u015bwi\u0119cona jego \u017conie Kr\u00f3lowej Amun-jej-khepeshef.<\/amp-fit-text><\/p>\n\n\n\n<amp-fit-text layout=\"fixed-height\" min-font-size=\"14\" max-font-size=\"48\" height=\"50\"><h2 class=\"wp-block-heading\">Lokalizacja \u015bwi\u0105ty\u0144 Abu Simbel<\/h2><\/amp-fit-text>\n\n\n\n<p><amp-fit-text layout=\"fixed-height\" min-font-size=\"14\" max-font-size=\"48\" height=\"50\">\u015awi\u0105tynie Abu Simbel to dwie masywne \u015bwi\u0105tynie skalne w nubijskiej wiosce Abu Simbel, <a href=\"https:\/\/landioustravel.com\/pl\/egipt\/miasta-egipskie\/gubernatorstwo-aswan\/\">gubernatorstwie Asuan<\/a> w <a href=\"https:\/\/landioustravel.com\/pl\/egipt\/\">Egipcie<\/a>. Znajduj\u0105 si\u0119 na zachodnim brzegu Jeziora Nasera, oko\u0142o 230 km na po\u0142udniowy zach\u00f3d od Asuanu.<\/amp-fit-text><\/p>\n\n\n\n<amp-fit-text layout=\"fixed-height\" min-font-size=\"14\" max-font-size=\"48\" height=\"50\"><h2 class=\"wp-block-heading\">Historia \u015bwi\u0105ty\u0144<\/h2><\/amp-fit-text>\n\n\n\n<p><amp-fit-text layout=\"fixed-height\" min-font-size=\"14\" max-font-size=\"48\" height=\"50\">Bli\u017aniacze \u015bwi\u0105tynie zosta\u0142y pierwotnie wyryte na zboczu g\u00f3ry w XIII wieku pne, podczas panowania dynastii faraona Ramzesa II. Podczas swego panowania Ramzes II zbudowa\u0142 kilka wspania\u0142ych \u015bwi\u0105ty\u0144 w Nubii, aby zaimponowa\u0107 pot\u0119dze Egiptu Nubijczyk\u00f3w i zabezpieczy\u0107 \u017ar\u00f3d\u0142o z\u0142ota i wielu innych cennych d\u00f3br handlowych.<\/amp-fit-text><\/p>\n\n\n\n<p><amp-fit-text layout=\"fixed-height\" min-font-size=\"14\" max-font-size=\"48\" height=\"50\">Budowa kompleksu \u015bwi\u0105tynnego rozpocz\u0119\u0142a si\u0119 oko\u0142o 1264 rpne i trwa\u0142a oko\u0142o 20 lat, a\u017c do 1244 rpne By\u0142 znany jako \u201e\u015awi\u0105tynia Ramzesa, ukochana przez <a href=\"https:\/\/landioustravel.com\/pl\/egipt\/egipskie-bostwa\/bog-amun\/\">Amona<\/a>\u201d.<\/amp-fit-text><\/p>\n\n\n\n<amp-fit-text layout=\"fixed-height\" min-font-size=\"14\" max-font-size=\"48\" height=\"50\"><h3 class=\"wp-block-heading\">\u015awi\u0105tynie Abu Simbel po V wieku naszej ery<\/h3><\/amp-fit-text>\n\n\n\n<p><amp-fit-text layout=\"fixed-height\" min-font-size=\"14\" max-font-size=\"48\" height=\"50\">Wraz z zakazem czczenia <a href=\"https:\/\/landioustravel.com\/pl\/egipt\/egipskie-bostwa\/\">staro\u017cytnych b\u00f3stw w Egipcie<\/a> \u015bwi\u0105tynie przesta\u0142y dzia\u0142a\u0107 i ostatecznie zosta\u0142y pokryte piaskiem. Do VI wieku naszej ery piasek ju\u017c zakry\u0142 pos\u0105gi g\u0142\u00f3wnej \u015bwi\u0105tyni a\u017c do kolan. \u015awi\u0105tynia zosta\u0142a zapomniana do 1813 roku, kiedy Jean-Louis Burckhardt znalaz\u0142 g\u00f3rny fryz g\u0142\u00f3wnej \u015bwi\u0105tyni. Burckhardt opowiedzia\u0142 o swoim odkryciu u w\u0142oskiego odkrywcy Giovanniego Belzoniego, kt\u00f3ry uda\u0142 si\u0119 na miejsce, ale nie by\u0142 w stanie wykopa\u0107 wej\u015bcia do \u015bwi\u0105tyni. Belzoni powr\u00f3ci\u0142 w 1817 r., Tym razem udaj\u0105c si\u0119 do wej\u015bcia do kompleksu.<\/amp-fit-text><\/p>\n\n\n\n<p><amp-fit-text layout=\"fixed-height\" min-font-size=\"14\" max-font-size=\"48\" height=\"50\">Po wybudowaniu Wysokiej Zapory Asua\u0144skiej na Nilu, przeniesienie \u015bwi\u0105ty\u0144 by\u0142o konieczne lub zosta\u0142yby zanurzone podczas tworzenia Jeziora Nasera, masywnego sztucznego zbiornika wodnego utworzonego za t\u0105 Zapor\u0105.<\/amp-fit-text><\/p>\n\n\n\n<amp-fit-text layout=\"fixed-height\" min-font-size=\"14\" max-font-size=\"48\" height=\"50\"><h2 class=\"wp-block-heading\">Ratowanie \u015bwi\u0105ty\u0144 w Abu Simbel<\/h2><\/amp-fit-text>\n\n\n\n<p><amp-fit-text layout=\"fixed-height\" min-font-size=\"14\" max-font-size=\"48\" height=\"50\">W 1959 r. Rozpocz\u0119\u0142a si\u0119 mi\u0119dzynarodowa kampania darowizn na rzecz ratowania pomnik\u00f3w Nubii: najbardziej wysuni\u0119te na po\u0142udnie relikty tej staro\u017cytnej cywilizacji ludzkiej by\u0142y zagro\u017cone przez wznosz\u0105ce si\u0119 wody Nilu, kt\u00f3re mia\u0142y wynikn\u0105\u0107 z budowy wysokiej tamy Asuanu.<\/amp-fit-text><\/p>\n\n\n\n<p><amp-fit-text layout=\"fixed-height\" min-font-size=\"14\" max-font-size=\"48\" height=\"50\">Ratowanie \u015bwi\u0105ty\u0144 Abu Simbel rozpocz\u0119\u0142o si\u0119 w 1964 r. Przez mi\u0119dzynarodowy zesp\u00f3\u0142 archeolog\u00f3w, in\u017cynier\u00f3w i wykwalifikowanych operator\u00f3w ci\u0119\u017ckiego sprz\u0119tu pracuj\u0105cych razem pod sztandarem UNESCO; kosztowa\u0142 w\u00f3wczas oko\u0142o 40 milion\u00f3w USD. Pomi\u0119dzy 1964 a 1968 rokiem ca\u0142y teren zosta\u0142 starannie poci\u0119ty na du\u017ce bloki (do 30 ton, \u015brednio 20 ton), rozebrany, podniesiony i z\u0142o\u017cony w nowej lokalizacji o 65 metr\u00f3w wy\u017cej i 200 metr\u00f3w od rzeki, w jednym z najwi\u0119kszych wyzwania in\u017cynierii archeologicznej w historii. Niekt\u00f3re struktury zosta\u0142y nawet ocalone spod w\u00f3d Jeziora Nasera.<\/amp-fit-text><\/p>\n\n\n\n<p><amp-fit-text layout=\"fixed-height\" min-font-size=\"14\" max-font-size=\"48\" height=\"50\">Kompleks zosta\u0142 w ca\u0142o\u015bci przeniesiony w 1968 r. Pod nadzorem polskiego archeologa, Kazimierza Micha\u0142owskiego, na sztucznym wzg\u00f3rzu wykonanym z kopulastej konstrukcji, wysoko nad zbiornikiem Zapory Wysokiej Asuanu.<\/amp-fit-text><\/p>\n\n\n\n<p><amp-fit-text layout=\"fixed-height\" min-font-size=\"14\" max-font-size=\"48\" height=\"50\">Zawalony kolos Wielkiej \u015awi\u0105tyni przypuszczalnie upad\u0142 podczas trz\u0119sienia ziemi wkr\u00f3tce po jego budowie. Podczas przesuwania \u015bwi\u0105tyni postanowiono j\u0105 opu\u015bci\u0107, gdy brakuje twarzy.<\/amp-fit-text><\/p>\n","protected":false},"excerpt":{"rendered":"<p>\u015awi\u0105tynie Abu Simbel _ najs\u0142ynniejsze skalne \u015bwi\u0105tynie, kt\u00f3re znajduj\u0105 si\u0119 w pobli\u017cu nowoczesnej wioski Abu Simbel, przy drugiej za\u0107mie Nilu, na granicy mi\u0119dzy Nubi\u0105 Doln\u0105 a G\u00f3rn\u0105 Nubi\u0105. Istniej\u0105 dwie \u015bwi\u0105tynie, Wielka \u015awi\u0105tynia po\u015bwi\u0119cona samemu Ramzesowi II i Ma\u0142a \u015awi\u0105tynia, po\u015bwi\u0119cona jego \u017conie Kr\u00f3lowej Amun-jej-khepeshef. Lokalizacja \u015bwi\u0105ty\u0144 Abu Simbel \u015awi\u0105tynie Abu Simbel to dwie masywne [&hellip;]<\/p>\n","protected":false},"author":1,"featured_media":0,"parent":3131,"menu_order":0,"comment_status":"open","ping_status":"closed","template":"","meta":{"_coblocks_attr":"","_coblocks_dimensions":"","_coblocks_responsive_height":"","_coblocks_accordion_ie_support":"","_uag_custom_page_level_css":"","footnotes":""},"class_list":["post-4903","page","type-page","status-publish","hentry"],"yoast_head":"<!-- This site is optimized with the Yoast SEO Premium plugin v26.9 (Yoast SEO v27.5) - https:\/\/yoast.com\/product\/yoast-seo-premium-wordpress\/ -->\n<title>\u015awi\u0105tynie Abu Simbel<\/title>\n<meta name=\"description\" content=\"\u015awi\u0105tynie Abu Simbel _ najs\u0142ynniejsze skalne \u015bwi\u0105tynie, kt\u00f3re znajduj\u0105 si\u0119 w pobli\u017cu nowoczesnej wioski Abu Simbel, przy drugiej za\u0107mie Nilu, na granicy mi\u0119dzy Nubi\u0105 Doln\u0105 a G\u00f3rn\u0105 Nubi\u0105. Istniej\u0105 dwie \u015bwi\u0105tynie, Wielka \u015awi\u0105tynia po\u015bwi\u0119cona samemu Ramzesowi II i Ma\u0142a \u015awi\u0105tynia, po\u015bwi\u0119cona jego \u017conie Kr\u00f3lowej Amun-jej-khepeshef\" \/>\n<meta name=\"robots\" content=\"index, follow, max-snippet:-1, max-image-preview:large, max-video-preview:-1\" \/>\n<link rel=\"canonical\" href=\"https:\/\/landioustravel.com\/pl\/egipt\/egipskie-swiatynie\/swiatynie-abu-simbel\/\" \/>\n<meta property=\"og:locale\" content=\"pl_PL\" \/>\n<meta property=\"og:type\" content=\"article\" \/>\n<meta property=\"og:title\" content=\"\u015awi\u0105tynie Abu Simbel\" \/>\n<meta property=\"og:description\" content=\"\u015awi\u0105tynie Abu Simbel _ najs\u0142ynniejsze skalne \u015bwi\u0105tynie, kt\u00f3re znajduj\u0105 si\u0119 w pobli\u017cu nowoczesnej wioski Abu Simbel, przy drugiej za\u0107mie Nilu, na granicy mi\u0119dzy Nubi\u0105 Doln\u0105 a G\u00f3rn\u0105 Nubi\u0105. Istniej\u0105 dwie \u015bwi\u0105tynie, Wielka \u015awi\u0105tynia po\u015bwi\u0119cona samemu Ramzesowi II i Ma\u0142a \u015awi\u0105tynia, po\u015bwi\u0119cona jego \u017conie Kr\u00f3lowej Amun-jej-khepeshef\" \/>\n<meta property=\"og:url\" content=\"https:\/\/landioustravel.com\/pl\/egipt\/egipskie-swiatynie\/swiatynie-abu-simbel\/\" \/>\n<meta property=\"og:site_name\" content=\"Landious Travel\" \/>\n<meta property=\"article:publisher\" content=\"https:\/\/web.facebook.com\/landiousEgypt\" \/>\n<meta property=\"article:modified_time\" content=\"2019-07-13T02:31:15+00:00\" \/>\n<meta name=\"twitter:card\" content=\"summary_large_image\" \/>\n<meta name=\"twitter:site\" content=\"@LandiousTours\" \/>\n<meta name=\"twitter:label1\" content=\"Szacowany czas czytania\" \/>\n\t<meta name=\"twitter:data1\" content=\"3 minuty\" \/>\n<script type=\"application\/ld+json\" class=\"yoast-schema-graph\">{\"@context\":\"https:\\\/\\\/schema.org\",\"@graph\":[{\"@type\":\"WebPage\",\"@id\":\"https:\\\/\\\/landioustravel.com\\\/pl\\\/egipt\\\/egipskie-swiatynie\\\/swiatynie-abu-simbel\\\/\",\"url\":\"https:\\\/\\\/landioustravel.com\\\/pl\\\/egipt\\\/egipskie-swiatynie\\\/swiatynie-abu-simbel\\\/\",\"name\":\"\u015awi\u0105tynie Abu Simbel\",\"isPartOf\":{\"@id\":\"https:\\\/\\\/landioustravel.com\\\/pl\\\/#website\"},\"datePublished\":\"2019-05-26T18:17:12+00:00\",\"dateModified\":\"2019-07-13T02:31:15+00:00\",\"description\":\"\u015awi\u0105tynie Abu Simbel _ najs\u0142ynniejsze skalne \u015bwi\u0105tynie, kt\u00f3re znajduj\u0105 si\u0119 w pobli\u017cu nowoczesnej wioski Abu Simbel, przy drugiej za\u0107mie Nilu, na granicy mi\u0119dzy Nubi\u0105 Doln\u0105 a G\u00f3rn\u0105 Nubi\u0105. Istniej\u0105 dwie \u015bwi\u0105tynie, Wielka \u015awi\u0105tynia po\u015bwi\u0119cona samemu Ramzesowi II i Ma\u0142a \u015awi\u0105tynia, po\u015bwi\u0119cona jego \u017conie Kr\u00f3lowej Amun-jej-khepeshef\",\"breadcrumb\":{\"@id\":\"https:\\\/\\\/landioustravel.com\\\/pl\\\/egipt\\\/egipskie-swiatynie\\\/swiatynie-abu-simbel\\\/#breadcrumb\"},\"inLanguage\":\"pl-PL\",\"potentialAction\":[{\"@type\":\"ReadAction\",\"target\":[\"https:\\\/\\\/landioustravel.com\\\/pl\\\/egipt\\\/egipskie-swiatynie\\\/swiatynie-abu-simbel\\\/\"]}]},{\"@type\":\"BreadcrumbList\",\"@id\":\"https:\\\/\\\/landioustravel.com\\\/pl\\\/egipt\\\/egipskie-swiatynie\\\/swiatynie-abu-simbel\\\/#breadcrumb\",\"itemListElement\":[{\"@type\":\"ListItem\",\"position\":1,\"name\":\"Home\",\"item\":\"https:\\\/\\\/landioustravel.com\\\/pl\\\/\"},{\"@type\":\"ListItem\",\"position\":2,\"name\":\"Egipt\",\"item\":\"https:\\\/\\\/landioustravel.com\\\/pl\\\/egipt\\\/\"},{\"@type\":\"ListItem\",\"position\":3,\"name\":\"Egipskie \u015bwi\u0105tynie\",\"item\":\"https:\\\/\\\/landioustravel.com\\\/pl\\\/egipt\\\/egipskie-swiatynie\\\/\"},{\"@type\":\"ListItem\",\"position\":4,\"name\":\"\u015awi\u0105tynie Abu Simbel\"}]},{\"@type\":\"WebSite\",\"@id\":\"https:\\\/\\\/landioustravel.com\\\/pl\\\/#website\",\"url\":\"https:\\\/\\\/landioustravel.com\\\/pl\\\/\",\"name\":\"Landious Travel\",\"description\":\"Excursions, trips and cruises in Egypt\",\"publisher\":{\"@id\":\"https:\\\/\\\/landioustravel.com\\\/pl\\\/#organization\"},\"potentialAction\":[{\"@type\":\"SearchAction\",\"target\":{\"@type\":\"EntryPoint\",\"urlTemplate\":\"https:\\\/\\\/landioustravel.com\\\/pl\\\/?s={search_term_string}\"},\"query-input\":{\"@type\":\"PropertyValueSpecification\",\"valueRequired\":true,\"valueName\":\"search_term_string\"}}],\"inLanguage\":\"pl-PL\"},{\"@type\":[\"Organization\",\"Place\"],\"@id\":\"https:\\\/\\\/landioustravel.com\\\/pl\\\/#organization\",\"name\":\"Landious Travel\",\"alternateName\":\"Landious Travel\",\"url\":\"https:\\\/\\\/landioustravel.com\\\/pl\\\/\",\"logo\":{\"@id\":\"https:\\\/\\\/landioustravel.com\\\/pl\\\/egipt\\\/egipskie-swiatynie\\\/swiatynie-abu-simbel\\\/#local-main-organization-logo\"},\"image\":{\"@id\":\"https:\\\/\\\/landioustravel.com\\\/pl\\\/egipt\\\/egipskie-swiatynie\\\/swiatynie-abu-simbel\\\/#local-main-organization-logo\"},\"sameAs\":[\"https:\\\/\\\/web.facebook.com\\\/landiousEgypt\",\"https:\\\/\\\/x.com\\\/LandiousTours\",\"https:\\\/\\\/mastodon.social\\\/@landious\"],\"legalName\":\"Landious Travel\",\"telephone\":[],\"openingHoursSpecification\":[{\"@type\":\"OpeningHoursSpecification\",\"dayOfWeek\":[\"Monday\",\"Tuesday\",\"Wednesday\",\"Thursday\",\"Friday\",\"Saturday\",\"Sunday\"],\"opens\":\"09:00\",\"closes\":\"17:00\"}]},{\"@type\":\"ImageObject\",\"inLanguage\":\"pl-PL\",\"@id\":\"https:\\\/\\\/landioustravel.com\\\/pl\\\/egipt\\\/egipskie-swiatynie\\\/swiatynie-abu-simbel\\\/#local-main-organization-logo\",\"url\":\"https:\\\/\\\/i0.wp.com\\\/landioustravel.com\\\/wp-content\\\/uploads\\\/2021\\\/06\\\/Landious-T.png?fit=500%2C500&ssl=1\",\"contentUrl\":\"https:\\\/\\\/i0.wp.com\\\/landioustravel.com\\\/wp-content\\\/uploads\\\/2021\\\/06\\\/Landious-T.png?fit=500%2C500&ssl=1\",\"width\":500,\"height\":500,\"caption\":\"Landious Travel\"}]}<\/script>\n<!-- \/ Yoast SEO Premium plugin. -->","yoast_head_json":{"title":"\u015awi\u0105tynie Abu Simbel","description":"\u015awi\u0105tynie Abu Simbel _ najs\u0142ynniejsze skalne \u015bwi\u0105tynie, kt\u00f3re znajduj\u0105 si\u0119 w pobli\u017cu nowoczesnej wioski Abu Simbel, przy drugiej za\u0107mie Nilu, na granicy mi\u0119dzy Nubi\u0105 Doln\u0105 a G\u00f3rn\u0105 Nubi\u0105. Istniej\u0105 dwie \u015bwi\u0105tynie, Wielka \u015awi\u0105tynia po\u015bwi\u0119cona samemu Ramzesowi II i Ma\u0142a \u015awi\u0105tynia, po\u015bwi\u0119cona jego \u017conie Kr\u00f3lowej Amun-jej-khepeshef","robots":{"index":"index","follow":"follow","max-snippet":"max-snippet:-1","max-image-preview":"max-image-preview:large","max-video-preview":"max-video-preview:-1"},"canonical":"https:\/\/landioustravel.com\/pl\/egipt\/egipskie-swiatynie\/swiatynie-abu-simbel\/","og_locale":"pl_PL","og_type":"article","og_title":"\u015awi\u0105tynie Abu Simbel","og_description":"\u015awi\u0105tynie Abu Simbel _ najs\u0142ynniejsze skalne \u015bwi\u0105tynie, kt\u00f3re znajduj\u0105 si\u0119 w pobli\u017cu nowoczesnej wioski Abu Simbel, przy drugiej za\u0107mie Nilu, na granicy mi\u0119dzy Nubi\u0105 Doln\u0105 a G\u00f3rn\u0105 Nubi\u0105. Istniej\u0105 dwie \u015bwi\u0105tynie, Wielka \u015awi\u0105tynia po\u015bwi\u0119cona samemu Ramzesowi II i Ma\u0142a \u015awi\u0105tynia, po\u015bwi\u0119cona jego \u017conie Kr\u00f3lowej Amun-jej-khepeshef","og_url":"https:\/\/landioustravel.com\/pl\/egipt\/egipskie-swiatynie\/swiatynie-abu-simbel\/","og_site_name":"Landious Travel","article_publisher":"https:\/\/web.facebook.com\/landiousEgypt","article_modified_time":"2019-07-13T02:31:15+00:00","twitter_card":"summary_large_image","twitter_site":"@LandiousTours","twitter_misc":{"Szacowany czas czytania":"3 minuty"},"schema":{"@context":"https:\/\/schema.org","@graph":[{"@type":"WebPage","@id":"https:\/\/landioustravel.com\/pl\/egipt\/egipskie-swiatynie\/swiatynie-abu-simbel\/","url":"https:\/\/landioustravel.com\/pl\/egipt\/egipskie-swiatynie\/swiatynie-abu-simbel\/","name":"\u015awi\u0105tynie Abu Simbel","isPartOf":{"@id":"https:\/\/landioustravel.com\/pl\/#website"},"datePublished":"2019-05-26T18:17:12+00:00","dateModified":"2019-07-13T02:31:15+00:00","description":"\u015awi\u0105tynie Abu Simbel _ najs\u0142ynniejsze skalne \u015bwi\u0105tynie, kt\u00f3re znajduj\u0105 si\u0119 w pobli\u017cu nowoczesnej wioski Abu Simbel, przy drugiej za\u0107mie Nilu, na granicy mi\u0119dzy Nubi\u0105 Doln\u0105 a G\u00f3rn\u0105 Nubi\u0105. Istniej\u0105 dwie \u015bwi\u0105tynie, Wielka \u015awi\u0105tynia po\u015bwi\u0119cona samemu Ramzesowi II i Ma\u0142a \u015awi\u0105tynia, po\u015bwi\u0119cona jego \u017conie Kr\u00f3lowej Amun-jej-khepeshef","breadcrumb":{"@id":"https:\/\/landioustravel.com\/pl\/egipt\/egipskie-swiatynie\/swiatynie-abu-simbel\/#breadcrumb"},"inLanguage":"pl-PL","potentialAction":[{"@type":"ReadAction","target":["https:\/\/landioustravel.com\/pl\/egipt\/egipskie-swiatynie\/swiatynie-abu-simbel\/"]}]},{"@type":"BreadcrumbList","@id":"https:\/\/landioustravel.com\/pl\/egipt\/egipskie-swiatynie\/swiatynie-abu-simbel\/#breadcrumb","itemListElement":[{"@type":"ListItem","position":1,"name":"Home","item":"https:\/\/landioustravel.com\/pl\/"},{"@type":"ListItem","position":2,"name":"Egipt","item":"https:\/\/landioustravel.com\/pl\/egipt\/"},{"@type":"ListItem","position":3,"name":"Egipskie \u015bwi\u0105tynie","item":"https:\/\/landioustravel.com\/pl\/egipt\/egipskie-swiatynie\/"},{"@type":"ListItem","position":4,"name":"\u015awi\u0105tynie Abu Simbel"}]},{"@type":"WebSite","@id":"https:\/\/landioustravel.com\/pl\/#website","url":"https:\/\/landioustravel.com\/pl\/","name":"Landious Travel","description":"Excursions, trips and cruises in Egypt","publisher":{"@id":"https:\/\/landioustravel.com\/pl\/#organization"},"potentialAction":[{"@type":"SearchAction","target":{"@type":"EntryPoint","urlTemplate":"https:\/\/landioustravel.com\/pl\/?s={search_term_string}"},"query-input":{"@type":"PropertyValueSpecification","valueRequired":true,"valueName":"search_term_string"}}],"inLanguage":"pl-PL"},{"@type":["Organization","Place"],"@id":"https:\/\/landioustravel.com\/pl\/#organization","name":"Landious Travel","alternateName":"Landious Travel","url":"https:\/\/landioustravel.com\/pl\/","logo":{"@id":"https:\/\/landioustravel.com\/pl\/egipt\/egipskie-swiatynie\/swiatynie-abu-simbel\/#local-main-organization-logo"},"image":{"@id":"https:\/\/landioustravel.com\/pl\/egipt\/egipskie-swiatynie\/swiatynie-abu-simbel\/#local-main-organization-logo"},"sameAs":["https:\/\/web.facebook.com\/landiousEgypt","https:\/\/x.com\/LandiousTours","https:\/\/mastodon.social\/@landious"],"legalName":"Landious Travel","telephone":[],"openingHoursSpecification":[{"@type":"OpeningHoursSpecification","dayOfWeek":["Monday","Tuesday","Wednesday","Thursday","Friday","Saturday","Sunday"],"opens":"09:00","closes":"17:00"}]},{"@type":"ImageObject","inLanguage":"pl-PL","@id":"https:\/\/landioustravel.com\/pl\/egipt\/egipskie-swiatynie\/swiatynie-abu-simbel\/#local-main-organization-logo","url":"https:\/\/i0.wp.com\/landioustravel.com\/wp-content\/uploads\/2021\/06\/Landious-T.png?fit=500%2C500&ssl=1","contentUrl":"https:\/\/i0.wp.com\/landioustravel.com\/wp-content\/uploads\/2021\/06\/Landious-T.png?fit=500%2C500&ssl=1","width":500,"height":500,"caption":"Landious Travel"}]}},"uagb_featured_image_src":{"full":false,"thumbnail":false,"medium":false,"medium_large":false,"large":false,"1536x1536":false,"2048x2048":false,"newspack-article-block-landscape-large":false,"newspack-article-block-portrait-large":false,"newspack-article-block-square-large":false,"newspack-article-block-landscape-medium":false,"newspack-article-block-portrait-medium":false,"newspack-article-block-square-medium":false,"newspack-article-block-landscape-intermediate":false,"newspack-article-block-portrait-intermediate":false,"newspack-article-block-square-intermediate":false,"newspack-article-block-landscape-small":false,"newspack-article-block-portrait-small":false,"newspack-article-block-square-small":false,"newspack-article-block-landscape-tiny":false,"newspack-article-block-portrait-tiny":false,"newspack-article-block-square-tiny":false,"newspack-article-block-uncropped":false,"woocommerce_thumbnail":false,"woocommerce_single":false,"woocommerce_gallery_thumbnail":false},"uagb_author_info":{"display_name":"Mofreh Landious","author_link":"https:\/\/landioustravel.com\/pl\/author\/landious\/"},"uagb_comment_info":0,"uagb_excerpt":"\u015awi\u0105tynie Abu Simbel _ najs\u0142ynniejsze skalne \u015bwi\u0105tynie, kt\u00f3re znajduj\u0105 si\u0119 w pobli\u017cu nowoczesnej wioski Abu Simbel, przy drugiej za\u0107mie Nilu, na granicy mi\u0119dzy Nubi\u0105 Doln\u0105 a G\u00f3rn\u0105 Nubi\u0105. Istniej\u0105 dwie \u015bwi\u0105tynie, Wielka \u015awi\u0105tynia po\u015bwi\u0119cona samemu Ramzesowi II i Ma\u0142a \u015awi\u0105tynia, po\u015bwi\u0119cona jego \u017conie Kr\u00f3lowej Amun-jej-khepeshef. Lokalizacja \u015bwi\u0105ty\u0144 Abu Simbel \u015awi\u0105tynie Abu Simbel to dwie masywne&hellip;","jetpack_sharing_enabled":true,"jetpack_shortlink":"https:\/\/wp.me\/Par4r5-1h5","jetpack_likes_enabled":true,"amp_enabled":true,"_links":{"self":[{"href":"https:\/\/landioustravel.com\/pl\/wp-json\/wp\/v2\/pages\/4903","targetHints":{"allow":["GET"]}}],"collection":[{"href":"https:\/\/landioustravel.com\/pl\/wp-json\/wp\/v2\/pages"}],"about":[{"href":"https:\/\/landioustravel.com\/pl\/wp-json\/wp\/v2\/types\/page"}],"author":[{"embeddable":true,"href":"https:\/\/landioustravel.com\/pl\/wp-json\/wp\/v2\/users\/1"}],"replies":[{"embeddable":true,"href":"https:\/\/landioustravel.com\/pl\/wp-json\/wp\/v2\/comments?post=4903"}],"version-history":[{"count":0,"href":"https:\/\/landioustravel.com\/pl\/wp-json\/wp\/v2\/pages\/4903\/revisions"}],"up":[{"embeddable":true,"href":"https:\/\/landioustravel.com\/pl\/wp-json\/wp\/v2\/pages\/3131"}],"wp:attachment":[{"href":"https:\/\/landioustravel.com\/pl\/wp-json\/wp\/v2\/media?parent=4903"}],"curies":[{"name":"wp","href":"https:\/\/api.w.org\/{rel}","templated":true}]}}