{"id":5095,"date":"2019-05-27T18:40:06","date_gmt":"2019-05-27T16:40:06","guid":{"rendered":"https:\/\/landioustravel.com\/?page_id=5095"},"modified":"2019-07-15T12:54:53","modified_gmt":"2019-07-15T10:54:53","slug":"swiatynie-dendery","status":"publish","type":"page","link":"https:\/\/landioustravel.com\/pl\/egipt\/egipskie-swiatynie\/swiatynie-dendery\/","title":{"rendered":"\u015awi\u0105tynie Dendery"},"content":{"rendered":"\n<p><amp-fit-text layout=\"fixed-height\" min-font-size=\"14\" max-font-size=\"48\" height=\"50\">Kompleks \u015awi\u0105tyni Dendery jest jednym z najlepiej zachowanych kompleks\u00f3w <a href=\"https:\/\/landioustravel.com\/pl\/egipt\/egipskie-swiatynie\/\">\u015bwi\u0105tynnych<\/a> w <a href=\"https:\/\/landioustravel.com\/pl\/egipt\/\">Egipcie<\/a>. Ca\u0142y kompleks zajmuje oko\u0142o 40 000 metr\u00f3w kwadratowych i otacza go pot\u0119\u017cny mur z ceg\u0142y mu\u0142owej. Obszar ten by\u0142 u\u017cywany jako sz\u00f3sty Nome G\u00f3rnego Egiptu na po\u0142udnie od <a href=\"https:\/\/landioustravel.com\/pl\/wioska-abydos\/\">Abydos<\/a>.<\/amp-fit-text><\/p>\n\n\n\n<amp-fit-text layout=\"fixed-height\" min-font-size=\"14\" max-font-size=\"48\" height=\"50\"><h2 class=\"wp-block-heading\">Lokalizacja \u015bwi\u0105ty\u0144 Dendera<\/h2><\/amp-fit-text>\n\n\n\n<p><amp-fit-text layout=\"fixed-height\" min-font-size=\"14\" max-font-size=\"48\" height=\"50\">Kompleks \u015bwi\u0105tynny Dendera znajduje si\u0119 7 km od Qeny i oko\u0142o 2,5 km na po\u0142udniowy wsch\u00f3d od Dendery, <a href=\"https:\/\/landioustravel.com\/pl\/egipt\/miasta-egipskie\/gubernatorstwo-qena\/\">gubernatorstwa Qena<\/a>, Egipt.<\/amp-fit-text><\/p>\n\n\n\n<amp-fit-text layout=\"fixed-height\" min-font-size=\"14\" max-font-size=\"48\" height=\"50\"><h2 class=\"wp-block-heading\">Historia kompleksu<\/h2><\/amp-fit-text>\n\n\n\n<p><amp-fit-text layout=\"fixed-height\" min-font-size=\"14\" max-font-size=\"48\" height=\"50\">Kompleks \u015bwi\u0105tynny przedstawia scen\u0119 d\u0142ugiej <a href=\"https:\/\/landioustravel.com\/pl\/egipt\/historia-egiptu\/\">historii Egiptu<\/a>. Ten niesamowity kompleks ujawnia wiele o tej historii. Badaj\u0105c histori\u0119 tego kompleksu, mo\u017cemy stwierdzi\u0107, \u017ce pierwszy budynek pochodzi z <a href=\"https:\/\/landioustravel.com\/pl\/egipt\/historia-egiptu\/historia-starozytnego-egiptu\/\">okresu staro\u017cytnego Egiptu<\/a>, i \u017ce w\u0142adcy greccy i rzymscy kontynuowali go. Istniej\u0105 dowody na \u015bwi\u0105tynie i inne budowle, kt\u00f3re si\u0119gaj\u0105 a\u017c do 2500 pne. Faraon Pepi I (ok. 2250 pne) zbudowany na tym miejscu i dowody istnienia \u015bwi\u0105tyni w XVIII dynastii (ok. 1500 pne). Jednak najwcze\u015bniejszy zachowany budynek w tym zwi\u0105zku, kt\u00f3ry pochodzi z rodzimych faraon\u00f3w, Mammisi, kt\u00f3ry zosta\u0142 podniesiony przez Nectanebo II (360\u2013343 pne).<\/amp-fit-text><\/p>\n\n\n\n<p><amp-fit-text layout=\"fixed-height\" min-font-size=\"14\" max-font-size=\"48\" height=\"50\">Pojawienie si\u0119 chrze\u015bcija\u0144stwa w Egipcie ma r\u00f3wnie\u017c wp\u0142yw na \u015bwi\u0105tynie w Denderze. Na miejscu w pobli\u017cu \u015awi\u0105tyni Narodzin znajdowa\u0142 si\u0119 tak\u017ce ko\u015bci\u00f3\u0142 chrze\u015bcija\u0144ski koptyjski. Ptolemeusz XII zbudowa\u0142 g\u0142\u00f3wn\u0105 \u015bwi\u0105tyni\u0119 i uko\u0144czy\u0142a j\u0105 prawie Kr\u00f3lowa Kleopatra VII, oko\u0142o 54 do 20 pne.<\/amp-fit-text><\/p>\n\n\n\n<amp-fit-text layout=\"fixed-height\" min-font-size=\"14\" max-font-size=\"48\" height=\"50\"><h2 class=\"wp-block-heading\">Cechy kompleksu w Dendera<\/h2><\/amp-fit-text>\n\n\n\n<p><amp-fit-text layout=\"fixed-height\" min-font-size=\"14\" max-font-size=\"48\" height=\"50\">Kompleks \u015bwi\u0105tyni Dendera ma w sobie wiele funkcji. Funkcje te obejmuj\u0105 nast\u0119puj\u0105ce \u015bwi\u0105tynie i elementy:<\/amp-fit-text><\/p>\n\n\n\n<ul class=\"wp-block-list\"><li>Roman Mammisi<\/li><li> Bazylika chrze\u015bcija\u0144ska<\/li><li> Sanatorium<\/li><li> <a href=\"https:\/\/landioustravel.com\/pl\/swiatynia-hathor-dendera\/\">\u015awi\u0105tynia Hathor<\/a> (g\u0142\u00f3wna \u015bwi\u0105tynia)<\/li><li> \u015awi\u0105tynia narodzin Izydy<\/li><li> \u015awi\u0119te jezioro<\/li><li> Barque sanktuarium<\/li><li> Bramy Domicjana i Trajana<\/li><li> Rzymski kiosk<\/li><\/ul>\n","protected":false},"excerpt":{"rendered":"<p>Kompleks \u015awi\u0105tyni Dendery jest jednym z najlepiej zachowanych kompleks\u00f3w \u015bwi\u0105tynnych w Egipcie. Ca\u0142y kompleks zajmuje oko\u0142o 40 000 metr\u00f3w kwadratowych i otacza go pot\u0119\u017cny mur z ceg\u0142y mu\u0142owej. Obszar ten by\u0142 u\u017cywany jako sz\u00f3sty Nome G\u00f3rnego Egiptu na po\u0142udnie od Abydos. Lokalizacja \u015bwi\u0105ty\u0144 Dendera Kompleks \u015bwi\u0105tynny Dendera znajduje si\u0119 7 km od Qeny i oko\u0142o [&hellip;]<\/p>\n","protected":false},"author":1,"featured_media":3905,"parent":3131,"menu_order":0,"comment_status":"open","ping_status":"closed","template":"","meta":{"_coblocks_attr":"","_coblocks_dimensions":"","_coblocks_responsive_height":"","_coblocks_accordion_ie_support":"","_uag_custom_page_level_css":"","footnotes":""},"class_list":["post-5095","page","type-page","status-publish","has-post-thumbnail","hentry"],"yoast_head":"<!-- This site is optimized with the Yoast SEO Premium plugin v27.5 (Yoast SEO v27.5) - https:\/\/yoast.com\/product\/yoast-seo-premium-wordpress\/ -->\n<title>\u015awi\u0105tynie Dendery<\/title>\n<meta name=\"description\" content=\"Kompleks \u015awi\u0105tyni Dendery jest jednym z najlepiej zachowanych kompleks\u00f3w \u015bwi\u0105tynnych w Egipcie. Ca\u0142y kompleks zajmuje oko\u0142o 40 000 metr\u00f3w kwadratowych i otacza go pot\u0119\u017cny mur z ceg\u0142y mu\u0142owej. Obszar ten by\u0142 u\u017cywany jako sz\u00f3sty Nome G\u00f3rnego Egiptu na po\u0142udnie od Abydos\" \/>\n<meta name=\"robots\" content=\"index, follow, max-snippet:-1, max-image-preview:large, max-video-preview:-1\" \/>\n<link rel=\"canonical\" href=\"https:\/\/landioustravel.com\/pl\/egipt\/egipskie-swiatynie\/swiatynie-dendery\/\" \/>\n<meta property=\"og:locale\" content=\"pl_PL\" \/>\n<meta property=\"og:type\" content=\"article\" \/>\n<meta property=\"og:title\" content=\"\u015awi\u0105tynie Dendery\" \/>\n<meta property=\"og:description\" content=\"Kompleks \u015awi\u0105tyni Dendery jest jednym z najlepiej zachowanych kompleks\u00f3w \u015bwi\u0105tynnych w Egipcie. Ca\u0142y kompleks zajmuje oko\u0142o 40 000 metr\u00f3w kwadratowych i otacza go pot\u0119\u017cny mur z ceg\u0142y mu\u0142owej. Obszar ten by\u0142 u\u017cywany jako sz\u00f3sty Nome G\u00f3rnego Egiptu na po\u0142udnie od Abydos\" \/>\n<meta property=\"og:url\" content=\"https:\/\/landioustravel.com\/pl\/egipt\/egipskie-swiatynie\/swiatynie-dendery\/\" \/>\n<meta property=\"og:site_name\" content=\"Landious Travel\" \/>\n<meta property=\"article:publisher\" content=\"https:\/\/web.facebook.com\/landiousEgypt\" \/>\n<meta property=\"article:modified_time\" content=\"2019-07-15T10:54:53+00:00\" \/>\n<meta property=\"og:image\" content=\"https:\/\/i0.wp.com\/landioustravel.com\/wp-content\/uploads\/2019\/04\/sacred_lake_dendera.jpg?fit=1805%2C1014&ssl=1\" \/>\n\t<meta property=\"og:image:width\" content=\"1805\" \/>\n\t<meta property=\"og:image:height\" content=\"1014\" \/>\n\t<meta property=\"og:image:type\" content=\"image\/jpeg\" \/>\n<meta name=\"twitter:card\" content=\"summary_large_image\" \/>\n<meta name=\"twitter:site\" content=\"@LandiousTours\" \/>\n<meta name=\"twitter:label1\" content=\"Szacowany czas czytania\" \/>\n\t<meta name=\"twitter:data1\" content=\"1 minuta\" \/>\n<script type=\"application\/ld+json\" class=\"yoast-schema-graph\">{\"@context\":\"https:\\\/\\\/schema.org\",\"@graph\":[{\"@type\":\"WebPage\",\"@id\":\"https:\\\/\\\/landioustravel.com\\\/pl\\\/egipt\\\/egipskie-swiatynie\\\/swiatynie-dendery\\\/\",\"url\":\"https:\\\/\\\/landioustravel.com\\\/pl\\\/egipt\\\/egipskie-swiatynie\\\/swiatynie-dendery\\\/\",\"name\":\"\u015awi\u0105tynie Dendery\",\"isPartOf\":{\"@id\":\"https:\\\/\\\/landioustravel.com\\\/pl\\\/#website\"},\"primaryImageOfPage\":{\"@id\":\"https:\\\/\\\/landioustravel.com\\\/pl\\\/egipt\\\/egipskie-swiatynie\\\/swiatynie-dendery\\\/#primaryimage\"},\"image\":{\"@id\":\"https:\\\/\\\/landioustravel.com\\\/pl\\\/egipt\\\/egipskie-swiatynie\\\/swiatynie-dendery\\\/#primaryimage\"},\"thumbnailUrl\":\"https:\\\/\\\/i0.wp.com\\\/landioustravel.com\\\/wp-content\\\/uploads\\\/2019\\\/04\\\/sacred_lake_dendera.jpg?fit=1805%2C1014&ssl=1\",\"datePublished\":\"2019-05-27T16:40:06+00:00\",\"dateModified\":\"2019-07-15T10:54:53+00:00\",\"description\":\"Kompleks \u015awi\u0105tyni Dendery jest jednym z najlepiej zachowanych kompleks\u00f3w \u015bwi\u0105tynnych w Egipcie. Ca\u0142y kompleks zajmuje oko\u0142o 40 000 metr\u00f3w kwadratowych i otacza go pot\u0119\u017cny mur z ceg\u0142y mu\u0142owej. Obszar ten by\u0142 u\u017cywany jako sz\u00f3sty Nome G\u00f3rnego Egiptu na po\u0142udnie od Abydos\",\"breadcrumb\":{\"@id\":\"https:\\\/\\\/landioustravel.com\\\/pl\\\/egipt\\\/egipskie-swiatynie\\\/swiatynie-dendery\\\/#breadcrumb\"},\"inLanguage\":\"pl-PL\",\"potentialAction\":[{\"@type\":\"ReadAction\",\"target\":[\"https:\\\/\\\/landioustravel.com\\\/pl\\\/egipt\\\/egipskie-swiatynie\\\/swiatynie-dendery\\\/\"]}]},{\"@type\":\"ImageObject\",\"inLanguage\":\"pl-PL\",\"@id\":\"https:\\\/\\\/landioustravel.com\\\/pl\\\/egipt\\\/egipskie-swiatynie\\\/swiatynie-dendery\\\/#primaryimage\",\"url\":\"https:\\\/\\\/i0.wp.com\\\/landioustravel.com\\\/wp-content\\\/uploads\\\/2019\\\/04\\\/sacred_lake_dendera.jpg?fit=1805%2C1014&ssl=1\",\"contentUrl\":\"https:\\\/\\\/i0.wp.com\\\/landioustravel.com\\\/wp-content\\\/uploads\\\/2019\\\/04\\\/sacred_lake_dendera.jpg?fit=1805%2C1014&ssl=1\",\"width\":1805,\"height\":1014,\"caption\":\"????????????????????????????????????\"},{\"@type\":\"BreadcrumbList\",\"@id\":\"https:\\\/\\\/landioustravel.com\\\/pl\\\/egipt\\\/egipskie-swiatynie\\\/swiatynie-dendery\\\/#breadcrumb\",\"itemListElement\":[{\"@type\":\"ListItem\",\"position\":1,\"name\":\"Home\",\"item\":\"https:\\\/\\\/landioustravel.com\\\/pl\\\/\"},{\"@type\":\"ListItem\",\"position\":2,\"name\":\"Egipt\",\"item\":\"https:\\\/\\\/landioustravel.com\\\/pl\\\/egipt\\\/\"},{\"@type\":\"ListItem\",\"position\":3,\"name\":\"Egipskie \u015bwi\u0105tynie\",\"item\":\"https:\\\/\\\/landioustravel.com\\\/pl\\\/egipt\\\/egipskie-swiatynie\\\/\"},{\"@type\":\"ListItem\",\"position\":4,\"name\":\"\u015awi\u0105tynie Dendery\"}]},{\"@type\":\"WebSite\",\"@id\":\"https:\\\/\\\/landioustravel.com\\\/pl\\\/#website\",\"url\":\"https:\\\/\\\/landioustravel.com\\\/pl\\\/\",\"name\":\"Landious Travel\",\"description\":\"Excursions, trips and cruises in Egypt\",\"publisher\":{\"@id\":\"https:\\\/\\\/landioustravel.com\\\/pl\\\/#organization\"},\"potentialAction\":[{\"@type\":\"SearchAction\",\"target\":{\"@type\":\"EntryPoint\",\"urlTemplate\":\"https:\\\/\\\/landioustravel.com\\\/pl\\\/?s={search_term_string}\"},\"query-input\":{\"@type\":\"PropertyValueSpecification\",\"valueRequired\":true,\"valueName\":\"search_term_string\"}}],\"inLanguage\":\"pl-PL\"},{\"@type\":[\"Organization\",\"Place\"],\"@id\":\"https:\\\/\\\/landioustravel.com\\\/pl\\\/#organization\",\"name\":\"Landious Travel\",\"alternateName\":\"Landious Travel\",\"url\":\"https:\\\/\\\/landioustravel.com\\\/pl\\\/\",\"logo\":{\"@id\":\"https:\\\/\\\/landioustravel.com\\\/pl\\\/egipt\\\/egipskie-swiatynie\\\/swiatynie-dendery\\\/#local-main-organization-logo\"},\"image\":{\"@id\":\"https:\\\/\\\/landioustravel.com\\\/pl\\\/egipt\\\/egipskie-swiatynie\\\/swiatynie-dendery\\\/#local-main-organization-logo\"},\"sameAs\":[\"https:\\\/\\\/web.facebook.com\\\/landiousEgypt\",\"https:\\\/\\\/x.com\\\/LandiousTours\",\"https:\\\/\\\/mastodon.social\\\/@landious\"],\"legalName\":\"Landious Travel\",\"telephone\":[],\"openingHoursSpecification\":[{\"@type\":\"OpeningHoursSpecification\",\"dayOfWeek\":[\"Monday\",\"Tuesday\",\"Wednesday\",\"Thursday\",\"Friday\",\"Saturday\",\"Sunday\"],\"opens\":\"09:00\",\"closes\":\"17:00\"}]},{\"@type\":\"ImageObject\",\"inLanguage\":\"pl-PL\",\"@id\":\"https:\\\/\\\/landioustravel.com\\\/pl\\\/egipt\\\/egipskie-swiatynie\\\/swiatynie-dendery\\\/#local-main-organization-logo\",\"url\":\"https:\\\/\\\/i0.wp.com\\\/landioustravel.com\\\/wp-content\\\/uploads\\\/2021\\\/06\\\/Landious-T.png?fit=500%2C500&ssl=1\",\"contentUrl\":\"https:\\\/\\\/i0.wp.com\\\/landioustravel.com\\\/wp-content\\\/uploads\\\/2021\\\/06\\\/Landious-T.png?fit=500%2C500&ssl=1\",\"width\":500,\"height\":500,\"caption\":\"Landious Travel\"}]}<\/script>\n<!-- \/ Yoast SEO Premium plugin. -->","yoast_head_json":{"title":"\u015awi\u0105tynie Dendery","description":"Kompleks \u015awi\u0105tyni Dendery jest jednym z najlepiej zachowanych kompleks\u00f3w \u015bwi\u0105tynnych w Egipcie. Ca\u0142y kompleks zajmuje oko\u0142o 40 000 metr\u00f3w kwadratowych i otacza go pot\u0119\u017cny mur z ceg\u0142y mu\u0142owej. Obszar ten by\u0142 u\u017cywany jako sz\u00f3sty Nome G\u00f3rnego Egiptu na po\u0142udnie od Abydos","robots":{"index":"index","follow":"follow","max-snippet":"max-snippet:-1","max-image-preview":"max-image-preview:large","max-video-preview":"max-video-preview:-1"},"canonical":"https:\/\/landioustravel.com\/pl\/egipt\/egipskie-swiatynie\/swiatynie-dendery\/","og_locale":"pl_PL","og_type":"article","og_title":"\u015awi\u0105tynie Dendery","og_description":"Kompleks \u015awi\u0105tyni Dendery jest jednym z najlepiej zachowanych kompleks\u00f3w \u015bwi\u0105tynnych w Egipcie. Ca\u0142y kompleks zajmuje oko\u0142o 40 000 metr\u00f3w kwadratowych i otacza go pot\u0119\u017cny mur z ceg\u0142y mu\u0142owej. Obszar ten by\u0142 u\u017cywany jako sz\u00f3sty Nome G\u00f3rnego Egiptu na po\u0142udnie od Abydos","og_url":"https:\/\/landioustravel.com\/pl\/egipt\/egipskie-swiatynie\/swiatynie-dendery\/","og_site_name":"Landious Travel","article_publisher":"https:\/\/web.facebook.com\/landiousEgypt","article_modified_time":"2019-07-15T10:54:53+00:00","og_image":[{"width":1805,"height":1014,"url":"https:\/\/i0.wp.com\/landioustravel.com\/wp-content\/uploads\/2019\/04\/sacred_lake_dendera.jpg?fit=1805%2C1014&ssl=1","type":"image\/jpeg"}],"twitter_card":"summary_large_image","twitter_site":"@LandiousTours","twitter_misc":{"Szacowany czas czytania":"1 minuta"},"schema":{"@context":"https:\/\/schema.org","@graph":[{"@type":"WebPage","@id":"https:\/\/landioustravel.com\/pl\/egipt\/egipskie-swiatynie\/swiatynie-dendery\/","url":"https:\/\/landioustravel.com\/pl\/egipt\/egipskie-swiatynie\/swiatynie-dendery\/","name":"\u015awi\u0105tynie Dendery","isPartOf":{"@id":"https:\/\/landioustravel.com\/pl\/#website"},"primaryImageOfPage":{"@id":"https:\/\/landioustravel.com\/pl\/egipt\/egipskie-swiatynie\/swiatynie-dendery\/#primaryimage"},"image":{"@id":"https:\/\/landioustravel.com\/pl\/egipt\/egipskie-swiatynie\/swiatynie-dendery\/#primaryimage"},"thumbnailUrl":"https:\/\/i0.wp.com\/landioustravel.com\/wp-content\/uploads\/2019\/04\/sacred_lake_dendera.jpg?fit=1805%2C1014&ssl=1","datePublished":"2019-05-27T16:40:06+00:00","dateModified":"2019-07-15T10:54:53+00:00","description":"Kompleks \u015awi\u0105tyni Dendery jest jednym z najlepiej zachowanych kompleks\u00f3w \u015bwi\u0105tynnych w Egipcie. Ca\u0142y kompleks zajmuje oko\u0142o 40 000 metr\u00f3w kwadratowych i otacza go pot\u0119\u017cny mur z ceg\u0142y mu\u0142owej. Obszar ten by\u0142 u\u017cywany jako sz\u00f3sty Nome G\u00f3rnego Egiptu na po\u0142udnie od Abydos","breadcrumb":{"@id":"https:\/\/landioustravel.com\/pl\/egipt\/egipskie-swiatynie\/swiatynie-dendery\/#breadcrumb"},"inLanguage":"pl-PL","potentialAction":[{"@type":"ReadAction","target":["https:\/\/landioustravel.com\/pl\/egipt\/egipskie-swiatynie\/swiatynie-dendery\/"]}]},{"@type":"ImageObject","inLanguage":"pl-PL","@id":"https:\/\/landioustravel.com\/pl\/egipt\/egipskie-swiatynie\/swiatynie-dendery\/#primaryimage","url":"https:\/\/i0.wp.com\/landioustravel.com\/wp-content\/uploads\/2019\/04\/sacred_lake_dendera.jpg?fit=1805%2C1014&ssl=1","contentUrl":"https:\/\/i0.wp.com\/landioustravel.com\/wp-content\/uploads\/2019\/04\/sacred_lake_dendera.jpg?fit=1805%2C1014&ssl=1","width":1805,"height":1014,"caption":"????????????????????????????????????"},{"@type":"BreadcrumbList","@id":"https:\/\/landioustravel.com\/pl\/egipt\/egipskie-swiatynie\/swiatynie-dendery\/#breadcrumb","itemListElement":[{"@type":"ListItem","position":1,"name":"Home","item":"https:\/\/landioustravel.com\/pl\/"},{"@type":"ListItem","position":2,"name":"Egipt","item":"https:\/\/landioustravel.com\/pl\/egipt\/"},{"@type":"ListItem","position":3,"name":"Egipskie \u015bwi\u0105tynie","item":"https:\/\/landioustravel.com\/pl\/egipt\/egipskie-swiatynie\/"},{"@type":"ListItem","position":4,"name":"\u015awi\u0105tynie Dendery"}]},{"@type":"WebSite","@id":"https:\/\/landioustravel.com\/pl\/#website","url":"https:\/\/landioustravel.com\/pl\/","name":"Landious Travel","description":"Excursions, trips and cruises in Egypt","publisher":{"@id":"https:\/\/landioustravel.com\/pl\/#organization"},"potentialAction":[{"@type":"SearchAction","target":{"@type":"EntryPoint","urlTemplate":"https:\/\/landioustravel.com\/pl\/?s={search_term_string}"},"query-input":{"@type":"PropertyValueSpecification","valueRequired":true,"valueName":"search_term_string"}}],"inLanguage":"pl-PL"},{"@type":["Organization","Place"],"@id":"https:\/\/landioustravel.com\/pl\/#organization","name":"Landious Travel","alternateName":"Landious Travel","url":"https:\/\/landioustravel.com\/pl\/","logo":{"@id":"https:\/\/landioustravel.com\/pl\/egipt\/egipskie-swiatynie\/swiatynie-dendery\/#local-main-organization-logo"},"image":{"@id":"https:\/\/landioustravel.com\/pl\/egipt\/egipskie-swiatynie\/swiatynie-dendery\/#local-main-organization-logo"},"sameAs":["https:\/\/web.facebook.com\/landiousEgypt","https:\/\/x.com\/LandiousTours","https:\/\/mastodon.social\/@landious"],"legalName":"Landious Travel","telephone":[],"openingHoursSpecification":[{"@type":"OpeningHoursSpecification","dayOfWeek":["Monday","Tuesday","Wednesday","Thursday","Friday","Saturday","Sunday"],"opens":"09:00","closes":"17:00"}]},{"@type":"ImageObject","inLanguage":"pl-PL","@id":"https:\/\/landioustravel.com\/pl\/egipt\/egipskie-swiatynie\/swiatynie-dendery\/#local-main-organization-logo","url":"https:\/\/i0.wp.com\/landioustravel.com\/wp-content\/uploads\/2021\/06\/Landious-T.png?fit=500%2C500&ssl=1","contentUrl":"https:\/\/i0.wp.com\/landioustravel.com\/wp-content\/uploads\/2021\/06\/Landious-T.png?fit=500%2C500&ssl=1","width":500,"height":500,"caption":"Landious Travel"}]}},"uagb_featured_image_src":{"full":["https:\/\/i0.wp.com\/landioustravel.com\/wp-content\/uploads\/2019\/04\/sacred_lake_dendera.jpg?fit=1805%2C1014&ssl=1",1805,1014,false],"thumbnail":["https:\/\/i0.wp.com\/landioustravel.com\/wp-content\/uploads\/2019\/04\/sacred_lake_dendera.jpg?resize=150%2C150&ssl=1",150,150,true],"medium":["https:\/\/i0.wp.com\/landioustravel.com\/wp-content\/uploads\/2019\/04\/sacred_lake_dendera.jpg?fit=300%2C169&ssl=1",300,169,true],"medium_large":["https:\/\/i0.wp.com\/landioustravel.com\/wp-content\/uploads\/2019\/04\/sacred_lake_dendera.jpg?fit=768%2C431&ssl=1",768,431,true],"large":["https:\/\/i0.wp.com\/landioustravel.com\/wp-content\/uploads\/2019\/04\/sacred_lake_dendera.jpg?fit=980%2C550&ssl=1",980,550,true],"1536x1536":["https:\/\/i0.wp.com\/landioustravel.com\/wp-content\/uploads\/2019\/04\/sacred_lake_dendera.jpg?fit=1536%2C863&ssl=1",1536,863,true],"2048x2048":["https:\/\/i0.wp.com\/landioustravel.com\/wp-content\/uploads\/2019\/04\/sacred_lake_dendera.jpg?fit=1805%2C1014&ssl=1",1805,1014,true],"newspack-article-block-landscape-large":["https:\/\/i0.wp.com\/landioustravel.com\/wp-content\/uploads\/2019\/04\/sacred_lake_dendera.jpg?resize=1200%2C900&ssl=1",1200,900,true],"newspack-article-block-portrait-large":["https:\/\/i0.wp.com\/landioustravel.com\/wp-content\/uploads\/2019\/04\/sacred_lake_dendera.jpg?resize=900%2C1014&ssl=1",900,1014,true],"newspack-article-block-square-large":["https:\/\/i0.wp.com\/landioustravel.com\/wp-content\/uploads\/2019\/04\/sacred_lake_dendera.jpg?resize=1200%2C1014&ssl=1",1200,1014,true],"newspack-article-block-landscape-medium":["https:\/\/i0.wp.com\/landioustravel.com\/wp-content\/uploads\/2019\/04\/sacred_lake_dendera.jpg?resize=800%2C600&ssl=1",800,600,true],"newspack-article-block-portrait-medium":["https:\/\/i0.wp.com\/landioustravel.com\/wp-content\/uploads\/2019\/04\/sacred_lake_dendera.jpg?resize=600%2C800&ssl=1",600,800,true],"newspack-article-block-square-medium":["https:\/\/i0.wp.com\/landioustravel.com\/wp-content\/uploads\/2019\/04\/sacred_lake_dendera.jpg?resize=800%2C800&ssl=1",800,800,true],"newspack-article-block-landscape-intermediate":["https:\/\/i0.wp.com\/landioustravel.com\/wp-content\/uploads\/2019\/04\/sacred_lake_dendera.jpg?resize=600%2C450&ssl=1",600,450,true],"newspack-article-block-portrait-intermediate":["https:\/\/i0.wp.com\/landioustravel.com\/wp-content\/uploads\/2019\/04\/sacred_lake_dendera.jpg?resize=450%2C600&ssl=1",450,600,true],"newspack-article-block-square-intermediate":["https:\/\/i0.wp.com\/landioustravel.com\/wp-content\/uploads\/2019\/04\/sacred_lake_dendera.jpg?resize=600%2C600&ssl=1",600,600,true],"newspack-article-block-landscape-small":["https:\/\/i0.wp.com\/landioustravel.com\/wp-content\/uploads\/2019\/04\/sacred_lake_dendera.jpg?resize=400%2C300&ssl=1",400,300,true],"newspack-article-block-portrait-small":["https:\/\/i0.wp.com\/landioustravel.com\/wp-content\/uploads\/2019\/04\/sacred_lake_dendera.jpg?resize=300%2C400&ssl=1",300,400,true],"newspack-article-block-square-small":["https:\/\/i0.wp.com\/landioustravel.com\/wp-content\/uploads\/2019\/04\/sacred_lake_dendera.jpg?resize=400%2C400&ssl=1",400,400,true],"newspack-article-block-landscape-tiny":["https:\/\/i0.wp.com\/landioustravel.com\/wp-content\/uploads\/2019\/04\/sacred_lake_dendera.jpg?resize=200%2C150&ssl=1",200,150,true],"newspack-article-block-portrait-tiny":["https:\/\/i0.wp.com\/landioustravel.com\/wp-content\/uploads\/2019\/04\/sacred_lake_dendera.jpg?resize=150%2C200&ssl=1",150,200,true],"newspack-article-block-square-tiny":["https:\/\/i0.wp.com\/landioustravel.com\/wp-content\/uploads\/2019\/04\/sacred_lake_dendera.jpg?resize=200%2C200&ssl=1",200,200,true],"newspack-article-block-uncropped":["https:\/\/i0.wp.com\/landioustravel.com\/wp-content\/uploads\/2019\/04\/sacred_lake_dendera.jpg?fit=1200%2C674&ssl=1",1200,674,true],"woocommerce_thumbnail":["https:\/\/i0.wp.com\/landioustravel.com\/wp-content\/uploads\/2019\/04\/sacred_lake_dendera.jpg?resize=324%2C324&ssl=1",324,324,true],"woocommerce_single":["https:\/\/i0.wp.com\/landioustravel.com\/wp-content\/uploads\/2019\/04\/sacred_lake_dendera.jpg?fit=416%2C234&ssl=1",416,234,true],"woocommerce_gallery_thumbnail":["https:\/\/i0.wp.com\/landioustravel.com\/wp-content\/uploads\/2019\/04\/sacred_lake_dendera.jpg?resize=100%2C100&ssl=1",100,100,true]},"uagb_author_info":{"display_name":"Mofreh Landious","author_link":"https:\/\/landioustravel.com\/pl\/author\/landious\/"},"uagb_comment_info":0,"uagb_excerpt":"Kompleks \u015awi\u0105tyni Dendery jest jednym z najlepiej zachowanych kompleks\u00f3w \u015bwi\u0105tynnych w Egipcie. Ca\u0142y kompleks zajmuje oko\u0142o 40 000 metr\u00f3w kwadratowych i otacza go pot\u0119\u017cny mur z ceg\u0142y mu\u0142owej. Obszar ten by\u0142 u\u017cywany jako sz\u00f3sty Nome G\u00f3rnego Egiptu na po\u0142udnie od Abydos. Lokalizacja \u015bwi\u0105ty\u0144 Dendera Kompleks \u015bwi\u0105tynny Dendera znajduje si\u0119 7 km od Qeny i oko\u0142o&hellip;","jetpack_sharing_enabled":true,"jetpack_shortlink":"https:\/\/wp.me\/Par4r5-1kb","jetpack_likes_enabled":true,"amp_enabled":true,"_links":{"self":[{"href":"https:\/\/landioustravel.com\/pl\/wp-json\/wp\/v2\/pages\/5095","targetHints":{"allow":["GET"]}}],"collection":[{"href":"https:\/\/landioustravel.com\/pl\/wp-json\/wp\/v2\/pages"}],"about":[{"href":"https:\/\/landioustravel.com\/pl\/wp-json\/wp\/v2\/types\/page"}],"author":[{"embeddable":true,"href":"https:\/\/landioustravel.com\/pl\/wp-json\/wp\/v2\/users\/1"}],"replies":[{"embeddable":true,"href":"https:\/\/landioustravel.com\/pl\/wp-json\/wp\/v2\/comments?post=5095"}],"version-history":[{"count":0,"href":"https:\/\/landioustravel.com\/pl\/wp-json\/wp\/v2\/pages\/5095\/revisions"}],"up":[{"embeddable":true,"href":"https:\/\/landioustravel.com\/pl\/wp-json\/wp\/v2\/pages\/3131"}],"wp:featuredmedia":[{"embeddable":true,"href":"https:\/\/landioustravel.com\/pl\/wp-json\/wp\/v2\/media\/3905"}],"wp:attachment":[{"href":"https:\/\/landioustravel.com\/pl\/wp-json\/wp\/v2\/media?parent=5095"}],"curies":[{"name":"wp","href":"https:\/\/api.w.org\/{rel}","templated":true}]}}