{"id":5483,"date":"2019-05-30T06:13:39","date_gmt":"2019-05-30T04:13:39","guid":{"rendered":"https:\/\/landioustravel.com\/?page_id=5483"},"modified":"2019-05-30T06:13:42","modified_gmt":"2019-05-30T04:13:42","slug":"bogini-hathor","status":"publish","type":"page","link":"https:\/\/landioustravel.com\/pl\/egipt\/egipskie-bostwa\/bogini-hathor\/","title":{"rendered":"Bogini Hathor"},"content":{"rendered":"\n<amp-fit-text layout=\"fixed-height\" min-font-size=\"14\" max-font-size=\"48\" height=\"50\"><h2 class=\"wp-block-heading\">O Hathor<\/h2><\/amp-fit-text>\n\n\n\n<amp-fit-text layout=\"fixed-height\" min-font-size=\"14\" max-font-size=\"48\" height=\"50\"><p>Hathor jest jedn\u0105 z g\u0142\u00f3wnych bogini w staro\u017cytnej egipskiej religii. By\u0142a bogini\u0105 nieba, muzyki, ta\u0144ca, rado\u015bci, mi\u0142o\u015bci, seksualno\u015bci i opieki nad matk\u0105. By\u0142a niebia\u0144sk\u0105 matk\u0105 Horusa i Ra.<\/p><\/amp-fit-text>\n\n\n\n<amp-fit-text layout=\"fixed-height\" min-font-size=\"14\" max-font-size=\"48\" height=\"50\"><h2 class=\"wp-block-heading\">Boska pozycja Hathor w religii staro\u017cytnego Egiptu<\/h2><\/amp-fit-text>\n\n\n\n<amp-fit-text layout=\"fixed-height\" min-font-size=\"14\" max-font-size=\"48\" height=\"50\"><p>Hathor zosta\u0142 najwyra\u017aniej przedstawiony podczas Czwartej Dynastii (ok. 2613\u20132494 pne) Starego Kr\u00f3lestwa. Tam sta\u0142a si\u0119 jednym z najwa\u017cniejszych b\u00f3stw Egiptu.<\/p><\/amp-fit-text>\n\n\n\n<amp-fit-text layout=\"fixed-height\" min-font-size=\"14\" max-font-size=\"48\" height=\"50\"><p>Podczas Nowego Kr\u00f3lestwa (ok. 1550\u20131070 pne) inne boginie, takie jak Mut i Izyda, absorbowa\u0142y cechy Hathor; a tym samym wp\u0142yn\u0119\u0142o na jej pozycj\u0119 w ideologii kr\u00f3lewskiej. Mimo to pozosta\u0142a jednym z najbardziej czczonych b\u00f3stw.<\/p><\/amp-fit-text>\n\n\n\n<amp-fit-text layout=\"fixed-height\" min-font-size=\"14\" max-font-size=\"48\" height=\"50\"><p>Po zako\u0144czeniu Nowego Kr\u00f3lestwa Hathor by\u0142a coraz bardziej przy\u0107miona przez bogini\u0119 Izyd\u0119. Po raz kolejny by\u0142a czczona i czczona w okresie grecko-rzymskim. Najbardziej widocznym przyk\u0142adem ci\u0105g\u0142o\u015bci jej kultu jest imponuj\u0105ca \u015bwi\u0105tynia zbudowana w Denderze.<\/p><\/amp-fit-text>\n\n\n\n<amp-fit-text layout=\"fixed-height\" min-font-size=\"14\" max-font-size=\"48\" height=\"50\"><h2 class=\"wp-block-heading\">Dedykowane \u015bwi\u0105tynie Hathor<\/h2><\/amp-fit-text>\n\n\n\n<ul class=\"wp-block-list\"><li>\u015awi\u0105tynia bogini Hathor w Denderze<\/li><\/ul>\n","protected":false},"excerpt":{"rendered":"<p>O Hathor Hathor jest jedn\u0105 z g\u0142\u00f3wnych bogini w staro\u017cytnej egipskiej religii. By\u0142a bogini\u0105 nieba, muzyki, ta\u0144ca, rado\u015bci, mi\u0142o\u015bci, seksualno\u015bci i opieki nad matk\u0105. By\u0142a niebia\u0144sk\u0105 matk\u0105 Horusa i Ra. Boska pozycja Hathor w religii staro\u017cytnego Egiptu Hathor zosta\u0142 najwyra\u017aniej przedstawiony podczas Czwartej Dynastii (ok. 2613\u20132494 pne) Starego Kr\u00f3lestwa. Tam sta\u0142a si\u0119 jednym z najwa\u017cniejszych [&hellip;]<\/p>\n","protected":false},"author":1,"featured_media":4057,"parent":3624,"menu_order":0,"comment_status":"open","ping_status":"closed","template":"","meta":{"_coblocks_attr":"","_coblocks_dimensions":"","_coblocks_responsive_height":"","_coblocks_accordion_ie_support":"","_uag_custom_page_level_css":"","footnotes":""},"class_list":["post-5483","page","type-page","status-publish","has-post-thumbnail","hentry"],"yoast_head":"<!-- This site is optimized with the Yoast SEO Premium plugin v27.5 (Yoast SEO v27.5) - https:\/\/yoast.com\/product\/yoast-seo-premium-wordpress\/ -->\n<title>Bogini Hathor<\/title>\n<meta name=\"description\" content=\"Hathor jest jedn\u0105 z g\u0142\u00f3wnych bogini w staro\u017cytnej egipskiej religii. By\u0142a bogini\u0105 nieba, muzyki, ta\u0144ca, rado\u015bci, mi\u0142o\u015bci, seksualno\u015bci i opieki nad matk\u0105. By\u0142a niebia\u0144sk\u0105 matk\u0105 Horusa i Ra\" \/>\n<meta name=\"robots\" content=\"index, follow, max-snippet:-1, max-image-preview:large, max-video-preview:-1\" \/>\n<link rel=\"canonical\" href=\"https:\/\/landioustravel.com\/pl\/egipt\/egipskie-bostwa\/bogini-hathor\/\" \/>\n<meta property=\"og:locale\" content=\"pl_PL\" \/>\n<meta property=\"og:type\" content=\"article\" \/>\n<meta property=\"og:title\" content=\"Bogini Hathor\" \/>\n<meta property=\"og:description\" content=\"Hathor jest jedn\u0105 z g\u0142\u00f3wnych bogini w staro\u017cytnej egipskiej religii. By\u0142a bogini\u0105 nieba, muzyki, ta\u0144ca, rado\u015bci, mi\u0142o\u015bci, seksualno\u015bci i opieki nad matk\u0105. By\u0142a niebia\u0144sk\u0105 matk\u0105 Horusa i Ra\" \/>\n<meta property=\"og:url\" content=\"https:\/\/landioustravel.com\/pl\/egipt\/egipskie-bostwa\/bogini-hathor\/\" \/>\n<meta property=\"og:site_name\" content=\"Landious Travel\" \/>\n<meta property=\"article:publisher\" content=\"https:\/\/web.facebook.com\/landiousEgypt\" \/>\n<meta property=\"article:modified_time\" content=\"2019-05-30T04:13:42+00:00\" \/>\n<meta property=\"og:image\" content=\"https:\/\/i0.wp.com\/landioustravel.com\/wp-content\/uploads\/2019\/04\/Goddess_hathor.jpg?fit=1101%2C619&ssl=1\" \/>\n\t<meta property=\"og:image:width\" content=\"1101\" \/>\n\t<meta property=\"og:image:height\" content=\"619\" \/>\n\t<meta property=\"og:image:type\" content=\"image\/jpeg\" \/>\n<meta name=\"twitter:card\" content=\"summary_large_image\" \/>\n<meta name=\"twitter:site\" content=\"@LandiousTours\" \/>\n<meta name=\"twitter:label1\" content=\"Szacowany czas czytania\" \/>\n\t<meta name=\"twitter:data1\" content=\"1 minuta\" \/>\n<script type=\"application\/ld+json\" class=\"yoast-schema-graph\">{\"@context\":\"https:\\\/\\\/schema.org\",\"@graph\":[{\"@type\":\"WebPage\",\"@id\":\"https:\\\/\\\/landioustravel.com\\\/pl\\\/egipt\\\/egipskie-bostwa\\\/bogini-hathor\\\/\",\"url\":\"https:\\\/\\\/landioustravel.com\\\/pl\\\/egipt\\\/egipskie-bostwa\\\/bogini-hathor\\\/\",\"name\":\"Bogini Hathor\",\"isPartOf\":{\"@id\":\"https:\\\/\\\/landioustravel.com\\\/pl\\\/#website\"},\"primaryImageOfPage\":{\"@id\":\"https:\\\/\\\/landioustravel.com\\\/pl\\\/egipt\\\/egipskie-bostwa\\\/bogini-hathor\\\/#primaryimage\"},\"image\":{\"@id\":\"https:\\\/\\\/landioustravel.com\\\/pl\\\/egipt\\\/egipskie-bostwa\\\/bogini-hathor\\\/#primaryimage\"},\"thumbnailUrl\":\"https:\\\/\\\/i0.wp.com\\\/landioustravel.com\\\/wp-content\\\/uploads\\\/2019\\\/04\\\/Goddess_hathor.jpg?fit=1101%2C619&ssl=1\",\"datePublished\":\"2019-05-30T04:13:39+00:00\",\"dateModified\":\"2019-05-30T04:13:42+00:00\",\"description\":\"Hathor jest jedn\u0105 z g\u0142\u00f3wnych bogini w staro\u017cytnej egipskiej religii. By\u0142a bogini\u0105 nieba, muzyki, ta\u0144ca, rado\u015bci, mi\u0142o\u015bci, seksualno\u015bci i opieki nad matk\u0105. By\u0142a niebia\u0144sk\u0105 matk\u0105 Horusa i Ra\",\"breadcrumb\":{\"@id\":\"https:\\\/\\\/landioustravel.com\\\/pl\\\/egipt\\\/egipskie-bostwa\\\/bogini-hathor\\\/#breadcrumb\"},\"inLanguage\":\"pl-PL\",\"potentialAction\":[{\"@type\":\"ReadAction\",\"target\":[\"https:\\\/\\\/landioustravel.com\\\/pl\\\/egipt\\\/egipskie-bostwa\\\/bogini-hathor\\\/\"]}]},{\"@type\":\"ImageObject\",\"inLanguage\":\"pl-PL\",\"@id\":\"https:\\\/\\\/landioustravel.com\\\/pl\\\/egipt\\\/egipskie-bostwa\\\/bogini-hathor\\\/#primaryimage\",\"url\":\"https:\\\/\\\/i0.wp.com\\\/landioustravel.com\\\/wp-content\\\/uploads\\\/2019\\\/04\\\/Goddess_hathor.jpg?fit=1101%2C619&ssl=1\",\"contentUrl\":\"https:\\\/\\\/i0.wp.com\\\/landioustravel.com\\\/wp-content\\\/uploads\\\/2019\\\/04\\\/Goddess_hathor.jpg?fit=1101%2C619&ssl=1\",\"width\":1101,\"height\":619,\"caption\":\"Goddess Hathor\"},{\"@type\":\"BreadcrumbList\",\"@id\":\"https:\\\/\\\/landioustravel.com\\\/pl\\\/egipt\\\/egipskie-bostwa\\\/bogini-hathor\\\/#breadcrumb\",\"itemListElement\":[{\"@type\":\"ListItem\",\"position\":1,\"name\":\"Home\",\"item\":\"https:\\\/\\\/landioustravel.com\\\/pl\\\/\"},{\"@type\":\"ListItem\",\"position\":2,\"name\":\"Egipt\",\"item\":\"https:\\\/\\\/landioustravel.com\\\/pl\\\/egipt\\\/\"},{\"@type\":\"ListItem\",\"position\":3,\"name\":\"Egipskie B\u00f3stwa\",\"item\":\"https:\\\/\\\/landioustravel.com\\\/pl\\\/egipt\\\/egipskie-bostwa\\\/\"},{\"@type\":\"ListItem\",\"position\":4,\"name\":\"Bogini Hathor\"}]},{\"@type\":\"WebSite\",\"@id\":\"https:\\\/\\\/landioustravel.com\\\/pl\\\/#website\",\"url\":\"https:\\\/\\\/landioustravel.com\\\/pl\\\/\",\"name\":\"Landious Travel\",\"description\":\"Excursions, trips and cruises in Egypt\",\"publisher\":{\"@id\":\"https:\\\/\\\/landioustravel.com\\\/pl\\\/#organization\"},\"potentialAction\":[{\"@type\":\"SearchAction\",\"target\":{\"@type\":\"EntryPoint\",\"urlTemplate\":\"https:\\\/\\\/landioustravel.com\\\/pl\\\/?s={search_term_string}\"},\"query-input\":{\"@type\":\"PropertyValueSpecification\",\"valueRequired\":true,\"valueName\":\"search_term_string\"}}],\"inLanguage\":\"pl-PL\"},{\"@type\":[\"Organization\",\"Place\"],\"@id\":\"https:\\\/\\\/landioustravel.com\\\/pl\\\/#organization\",\"name\":\"Landious Travel\",\"alternateName\":\"Landious Travel\",\"url\":\"https:\\\/\\\/landioustravel.com\\\/pl\\\/\",\"logo\":{\"@id\":\"https:\\\/\\\/landioustravel.com\\\/pl\\\/egipt\\\/egipskie-bostwa\\\/bogini-hathor\\\/#local-main-organization-logo\"},\"image\":{\"@id\":\"https:\\\/\\\/landioustravel.com\\\/pl\\\/egipt\\\/egipskie-bostwa\\\/bogini-hathor\\\/#local-main-organization-logo\"},\"sameAs\":[\"https:\\\/\\\/web.facebook.com\\\/landiousEgypt\",\"https:\\\/\\\/x.com\\\/LandiousTours\",\"https:\\\/\\\/mastodon.social\\\/@landious\"],\"legalName\":\"Landious Travel\",\"telephone\":[],\"openingHoursSpecification\":[{\"@type\":\"OpeningHoursSpecification\",\"dayOfWeek\":[\"Monday\",\"Tuesday\",\"Wednesday\",\"Thursday\",\"Friday\",\"Saturday\",\"Sunday\"],\"opens\":\"09:00\",\"closes\":\"17:00\"}]},{\"@type\":\"ImageObject\",\"inLanguage\":\"pl-PL\",\"@id\":\"https:\\\/\\\/landioustravel.com\\\/pl\\\/egipt\\\/egipskie-bostwa\\\/bogini-hathor\\\/#local-main-organization-logo\",\"url\":\"https:\\\/\\\/i0.wp.com\\\/landioustravel.com\\\/wp-content\\\/uploads\\\/2021\\\/06\\\/Landious-T.png?fit=500%2C500&ssl=1\",\"contentUrl\":\"https:\\\/\\\/i0.wp.com\\\/landioustravel.com\\\/wp-content\\\/uploads\\\/2021\\\/06\\\/Landious-T.png?fit=500%2C500&ssl=1\",\"width\":500,\"height\":500,\"caption\":\"Landious Travel\"}]}<\/script>\n<!-- \/ Yoast SEO Premium plugin. -->","yoast_head_json":{"title":"Bogini Hathor","description":"Hathor jest jedn\u0105 z g\u0142\u00f3wnych bogini w staro\u017cytnej egipskiej religii. By\u0142a bogini\u0105 nieba, muzyki, ta\u0144ca, rado\u015bci, mi\u0142o\u015bci, seksualno\u015bci i opieki nad matk\u0105. By\u0142a niebia\u0144sk\u0105 matk\u0105 Horusa i Ra","robots":{"index":"index","follow":"follow","max-snippet":"max-snippet:-1","max-image-preview":"max-image-preview:large","max-video-preview":"max-video-preview:-1"},"canonical":"https:\/\/landioustravel.com\/pl\/egipt\/egipskie-bostwa\/bogini-hathor\/","og_locale":"pl_PL","og_type":"article","og_title":"Bogini Hathor","og_description":"Hathor jest jedn\u0105 z g\u0142\u00f3wnych bogini w staro\u017cytnej egipskiej religii. By\u0142a bogini\u0105 nieba, muzyki, ta\u0144ca, rado\u015bci, mi\u0142o\u015bci, seksualno\u015bci i opieki nad matk\u0105. By\u0142a niebia\u0144sk\u0105 matk\u0105 Horusa i Ra","og_url":"https:\/\/landioustravel.com\/pl\/egipt\/egipskie-bostwa\/bogini-hathor\/","og_site_name":"Landious Travel","article_publisher":"https:\/\/web.facebook.com\/landiousEgypt","article_modified_time":"2019-05-30T04:13:42+00:00","og_image":[{"width":1101,"height":619,"url":"https:\/\/i0.wp.com\/landioustravel.com\/wp-content\/uploads\/2019\/04\/Goddess_hathor.jpg?fit=1101%2C619&ssl=1","type":"image\/jpeg"}],"twitter_card":"summary_large_image","twitter_site":"@LandiousTours","twitter_misc":{"Szacowany czas czytania":"1 minuta"},"schema":{"@context":"https:\/\/schema.org","@graph":[{"@type":"WebPage","@id":"https:\/\/landioustravel.com\/pl\/egipt\/egipskie-bostwa\/bogini-hathor\/","url":"https:\/\/landioustravel.com\/pl\/egipt\/egipskie-bostwa\/bogini-hathor\/","name":"Bogini Hathor","isPartOf":{"@id":"https:\/\/landioustravel.com\/pl\/#website"},"primaryImageOfPage":{"@id":"https:\/\/landioustravel.com\/pl\/egipt\/egipskie-bostwa\/bogini-hathor\/#primaryimage"},"image":{"@id":"https:\/\/landioustravel.com\/pl\/egipt\/egipskie-bostwa\/bogini-hathor\/#primaryimage"},"thumbnailUrl":"https:\/\/i0.wp.com\/landioustravel.com\/wp-content\/uploads\/2019\/04\/Goddess_hathor.jpg?fit=1101%2C619&ssl=1","datePublished":"2019-05-30T04:13:39+00:00","dateModified":"2019-05-30T04:13:42+00:00","description":"Hathor jest jedn\u0105 z g\u0142\u00f3wnych bogini w staro\u017cytnej egipskiej religii. By\u0142a bogini\u0105 nieba, muzyki, ta\u0144ca, rado\u015bci, mi\u0142o\u015bci, seksualno\u015bci i opieki nad matk\u0105. By\u0142a niebia\u0144sk\u0105 matk\u0105 Horusa i Ra","breadcrumb":{"@id":"https:\/\/landioustravel.com\/pl\/egipt\/egipskie-bostwa\/bogini-hathor\/#breadcrumb"},"inLanguage":"pl-PL","potentialAction":[{"@type":"ReadAction","target":["https:\/\/landioustravel.com\/pl\/egipt\/egipskie-bostwa\/bogini-hathor\/"]}]},{"@type":"ImageObject","inLanguage":"pl-PL","@id":"https:\/\/landioustravel.com\/pl\/egipt\/egipskie-bostwa\/bogini-hathor\/#primaryimage","url":"https:\/\/i0.wp.com\/landioustravel.com\/wp-content\/uploads\/2019\/04\/Goddess_hathor.jpg?fit=1101%2C619&ssl=1","contentUrl":"https:\/\/i0.wp.com\/landioustravel.com\/wp-content\/uploads\/2019\/04\/Goddess_hathor.jpg?fit=1101%2C619&ssl=1","width":1101,"height":619,"caption":"Goddess Hathor"},{"@type":"BreadcrumbList","@id":"https:\/\/landioustravel.com\/pl\/egipt\/egipskie-bostwa\/bogini-hathor\/#breadcrumb","itemListElement":[{"@type":"ListItem","position":1,"name":"Home","item":"https:\/\/landioustravel.com\/pl\/"},{"@type":"ListItem","position":2,"name":"Egipt","item":"https:\/\/landioustravel.com\/pl\/egipt\/"},{"@type":"ListItem","position":3,"name":"Egipskie B\u00f3stwa","item":"https:\/\/landioustravel.com\/pl\/egipt\/egipskie-bostwa\/"},{"@type":"ListItem","position":4,"name":"Bogini Hathor"}]},{"@type":"WebSite","@id":"https:\/\/landioustravel.com\/pl\/#website","url":"https:\/\/landioustravel.com\/pl\/","name":"Landious Travel","description":"Excursions, trips and cruises in Egypt","publisher":{"@id":"https:\/\/landioustravel.com\/pl\/#organization"},"potentialAction":[{"@type":"SearchAction","target":{"@type":"EntryPoint","urlTemplate":"https:\/\/landioustravel.com\/pl\/?s={search_term_string}"},"query-input":{"@type":"PropertyValueSpecification","valueRequired":true,"valueName":"search_term_string"}}],"inLanguage":"pl-PL"},{"@type":["Organization","Place"],"@id":"https:\/\/landioustravel.com\/pl\/#organization","name":"Landious Travel","alternateName":"Landious Travel","url":"https:\/\/landioustravel.com\/pl\/","logo":{"@id":"https:\/\/landioustravel.com\/pl\/egipt\/egipskie-bostwa\/bogini-hathor\/#local-main-organization-logo"},"image":{"@id":"https:\/\/landioustravel.com\/pl\/egipt\/egipskie-bostwa\/bogini-hathor\/#local-main-organization-logo"},"sameAs":["https:\/\/web.facebook.com\/landiousEgypt","https:\/\/x.com\/LandiousTours","https:\/\/mastodon.social\/@landious"],"legalName":"Landious Travel","telephone":[],"openingHoursSpecification":[{"@type":"OpeningHoursSpecification","dayOfWeek":["Monday","Tuesday","Wednesday","Thursday","Friday","Saturday","Sunday"],"opens":"09:00","closes":"17:00"}]},{"@type":"ImageObject","inLanguage":"pl-PL","@id":"https:\/\/landioustravel.com\/pl\/egipt\/egipskie-bostwa\/bogini-hathor\/#local-main-organization-logo","url":"https:\/\/i0.wp.com\/landioustravel.com\/wp-content\/uploads\/2021\/06\/Landious-T.png?fit=500%2C500&ssl=1","contentUrl":"https:\/\/i0.wp.com\/landioustravel.com\/wp-content\/uploads\/2021\/06\/Landious-T.png?fit=500%2C500&ssl=1","width":500,"height":500,"caption":"Landious Travel"}]}},"uagb_featured_image_src":{"full":["https:\/\/i0.wp.com\/landioustravel.com\/wp-content\/uploads\/2019\/04\/Goddess_hathor.jpg?fit=1101%2C619&ssl=1",1101,619,false],"thumbnail":["https:\/\/i0.wp.com\/landioustravel.com\/wp-content\/uploads\/2019\/04\/Goddess_hathor.jpg?resize=150%2C150&ssl=1",150,150,true],"medium":["https:\/\/i0.wp.com\/landioustravel.com\/wp-content\/uploads\/2019\/04\/Goddess_hathor.jpg?fit=300%2C169&ssl=1",300,169,true],"medium_large":["https:\/\/i0.wp.com\/landioustravel.com\/wp-content\/uploads\/2019\/04\/Goddess_hathor.jpg?fit=768%2C432&ssl=1",768,432,true],"large":["https:\/\/i0.wp.com\/landioustravel.com\/wp-content\/uploads\/2019\/04\/Goddess_hathor.jpg?fit=980%2C551&ssl=1",980,551,true],"1536x1536":["https:\/\/i0.wp.com\/landioustravel.com\/wp-content\/uploads\/2019\/04\/Goddess_hathor.jpg?fit=1101%2C619&ssl=1",1101,619,true],"2048x2048":["https:\/\/i0.wp.com\/landioustravel.com\/wp-content\/uploads\/2019\/04\/Goddess_hathor.jpg?fit=1101%2C619&ssl=1",1101,619,true],"newspack-article-block-landscape-large":["https:\/\/i0.wp.com\/landioustravel.com\/wp-content\/uploads\/2019\/04\/Goddess_hathor.jpg?resize=1101%2C619&ssl=1",1101,619,true],"newspack-article-block-portrait-large":["https:\/\/i0.wp.com\/landioustravel.com\/wp-content\/uploads\/2019\/04\/Goddess_hathor.jpg?resize=900%2C619&ssl=1",900,619,true],"newspack-article-block-square-large":["https:\/\/i0.wp.com\/landioustravel.com\/wp-content\/uploads\/2019\/04\/Goddess_hathor.jpg?resize=1101%2C619&ssl=1",1101,619,true],"newspack-article-block-landscape-medium":["https:\/\/i0.wp.com\/landioustravel.com\/wp-content\/uploads\/2019\/04\/Goddess_hathor.jpg?resize=800%2C600&ssl=1",800,600,true],"newspack-article-block-portrait-medium":["https:\/\/i0.wp.com\/landioustravel.com\/wp-content\/uploads\/2019\/04\/Goddess_hathor.jpg?resize=600%2C619&ssl=1",600,619,true],"newspack-article-block-square-medium":["https:\/\/i0.wp.com\/landioustravel.com\/wp-content\/uploads\/2019\/04\/Goddess_hathor.jpg?resize=800%2C619&ssl=1",800,619,true],"newspack-article-block-landscape-intermediate":["https:\/\/i0.wp.com\/landioustravel.com\/wp-content\/uploads\/2019\/04\/Goddess_hathor.jpg?resize=600%2C450&ssl=1",600,450,true],"newspack-article-block-portrait-intermediate":["https:\/\/i0.wp.com\/landioustravel.com\/wp-content\/uploads\/2019\/04\/Goddess_hathor.jpg?resize=450%2C600&ssl=1",450,600,true],"newspack-article-block-square-intermediate":["https:\/\/i0.wp.com\/landioustravel.com\/wp-content\/uploads\/2019\/04\/Goddess_hathor.jpg?resize=600%2C600&ssl=1",600,600,true],"newspack-article-block-landscape-small":["https:\/\/i0.wp.com\/landioustravel.com\/wp-content\/uploads\/2019\/04\/Goddess_hathor.jpg?resize=400%2C300&ssl=1",400,300,true],"newspack-article-block-portrait-small":["https:\/\/i0.wp.com\/landioustravel.com\/wp-content\/uploads\/2019\/04\/Goddess_hathor.jpg?resize=300%2C400&ssl=1",300,400,true],"newspack-article-block-square-small":["https:\/\/i0.wp.com\/landioustravel.com\/wp-content\/uploads\/2019\/04\/Goddess_hathor.jpg?resize=400%2C400&ssl=1",400,400,true],"newspack-article-block-landscape-tiny":["https:\/\/i0.wp.com\/landioustravel.com\/wp-content\/uploads\/2019\/04\/Goddess_hathor.jpg?resize=200%2C150&ssl=1",200,150,true],"newspack-article-block-portrait-tiny":["https:\/\/i0.wp.com\/landioustravel.com\/wp-content\/uploads\/2019\/04\/Goddess_hathor.jpg?resize=150%2C200&ssl=1",150,200,true],"newspack-article-block-square-tiny":["https:\/\/i0.wp.com\/landioustravel.com\/wp-content\/uploads\/2019\/04\/Goddess_hathor.jpg?resize=200%2C200&ssl=1",200,200,true],"newspack-article-block-uncropped":["https:\/\/i0.wp.com\/landioustravel.com\/wp-content\/uploads\/2019\/04\/Goddess_hathor.jpg?fit=1101%2C619&ssl=1",1101,619,true],"woocommerce_thumbnail":["https:\/\/i0.wp.com\/landioustravel.com\/wp-content\/uploads\/2019\/04\/Goddess_hathor.jpg?resize=324%2C324&ssl=1",324,324,true],"woocommerce_single":["https:\/\/i0.wp.com\/landioustravel.com\/wp-content\/uploads\/2019\/04\/Goddess_hathor.jpg?fit=416%2C234&ssl=1",416,234,true],"woocommerce_gallery_thumbnail":["https:\/\/i0.wp.com\/landioustravel.com\/wp-content\/uploads\/2019\/04\/Goddess_hathor.jpg?resize=100%2C100&ssl=1",100,100,true]},"uagb_author_info":{"display_name":"Mofreh Landious","author_link":"https:\/\/landioustravel.com\/pl\/author\/landious\/"},"uagb_comment_info":0,"uagb_excerpt":"O Hathor Hathor jest jedn\u0105 z g\u0142\u00f3wnych bogini w staro\u017cytnej egipskiej religii. By\u0142a bogini\u0105 nieba, muzyki, ta\u0144ca, rado\u015bci, mi\u0142o\u015bci, seksualno\u015bci i opieki nad matk\u0105. By\u0142a niebia\u0144sk\u0105 matk\u0105 Horusa i Ra. Boska pozycja Hathor w religii staro\u017cytnego Egiptu Hathor zosta\u0142 najwyra\u017aniej przedstawiony podczas Czwartej Dynastii (ok. 2613\u20132494 pne) Starego Kr\u00f3lestwa. Tam sta\u0142a si\u0119 jednym z najwa\u017cniejszych&hellip;","jetpack_sharing_enabled":true,"jetpack_shortlink":"https:\/\/wp.me\/Par4r5-1qr","jetpack_likes_enabled":true,"amp_enabled":true,"_links":{"self":[{"href":"https:\/\/landioustravel.com\/pl\/wp-json\/wp\/v2\/pages\/5483","targetHints":{"allow":["GET"]}}],"collection":[{"href":"https:\/\/landioustravel.com\/pl\/wp-json\/wp\/v2\/pages"}],"about":[{"href":"https:\/\/landioustravel.com\/pl\/wp-json\/wp\/v2\/types\/page"}],"author":[{"embeddable":true,"href":"https:\/\/landioustravel.com\/pl\/wp-json\/wp\/v2\/users\/1"}],"replies":[{"embeddable":true,"href":"https:\/\/landioustravel.com\/pl\/wp-json\/wp\/v2\/comments?post=5483"}],"version-history":[{"count":0,"href":"https:\/\/landioustravel.com\/pl\/wp-json\/wp\/v2\/pages\/5483\/revisions"}],"up":[{"embeddable":true,"href":"https:\/\/landioustravel.com\/pl\/wp-json\/wp\/v2\/pages\/3624"}],"wp:featuredmedia":[{"embeddable":true,"href":"https:\/\/landioustravel.com\/pl\/wp-json\/wp\/v2\/media\/4057"}],"wp:attachment":[{"href":"https:\/\/landioustravel.com\/pl\/wp-json\/wp\/v2\/media?parent=5483"}],"curies":[{"name":"wp","href":"https:\/\/api.w.org\/{rel}","templated":true}]}}