{"id":143251,"date":"2023-05-09T11:13:08","date_gmt":"2023-06-06T08:56:35","guid":{"rendered":"https:\/\/landioustravel.com\/?post_type=product&#038;p=143251"},"modified":"2024-02-05T14:04:38","modified_gmt":"2024-02-05T12:04:38","slug":"orange-nurkowanie-motorowa-hurghada","status":"publish","type":"product","link":"https:\/\/landioustravel.com\/pl\/shop\/orange-nurkowanie-motorowa-hurghada\/","title":{"rendered":"Orange Nurkowanie \u0142odzi\u0105 motorow\u0105 Hurghada"},"content":{"rendered":"<p>Orange Nurkowanie \u0142odzi\u0105 motorow\u0105 Hurghada to wspania\u0142a prywatna wycieczka \u0142odzi\u0105 motorow\u0105 do Orange Bay z jednym nurkowaniem w Hurghadzie w Egipcie! Polecamy wycieczk\u0119, poniewa\u017c pozwala turystom dobrze si\u0119 bawi\u0107 na morskich wyspach! Umo\u017cliwi Ci to zobaczenie pi\u0119knych raf koralowych i r\u00f3\u017cnorodnych ryb podczas nurkowania na otwartym morzu. Ponadto b\u0119dziesz cieszy\u0107 si\u0119 piknikiem \u0142odzi przez Morze Czerwone i zlokalizuj si\u0119 w Orange Bay na wyspie Grand Giftun, z wi\u0119ksz\u0105 liczb\u0105 us\u0142ug na pla\u017cy. Godny, wyspa jest blisko wybrze\u017ca Hurghady!<\/p>\n<h2>Najwa\u017cniejsze informacje na temat prywatnej \u0142odzi motorowej do Orange Bay w Hurghadzie<\/h2>\n<ul>\n<li>P\u0142ywanie na otwartym morzu z \u0142odzi motorowej.<\/li>\n<li>Nurkuj na otwartym morzu.<\/li>\n<li>Wyl\u0105duj te\u017c na pla\u017cy Orange Bay na wyspie Giftun.<\/li>\n<\/ul>\n<h2>Program rejsu \u0142odzi\u0105 motorow\u0105 na wysp\u0119 Orange Bay<\/h2>\n<p>Przedstawiciel Landious Travel odbierze Ci\u0119 z hotelu w Hurghadzie oko\u0142o godziny 08:00.<\/p>\n<ul>\n<li>Po zabraniu wszystkich ch\u0119tnych autobus jedzie do portu. Droga do portu zajmuje oko\u0142o 20 minut.<\/li>\n<li>Po przybyciu do tego portu znajdziesz swoj\u0105 \u0142\u00f3d\u017a motorow\u0105. To szykowny! Ta \u0142\u00f3d\u017a motorowa ma wygodne siedzenia i lod\u00f3wk\u0119. Gdy tylko wsi\u0105dziesz do \u0142odzi motorowej, mo\u017cesz przygotowa\u0107 si\u0119 na wspania\u0142y piknik po Morzu Czerwonym.<\/li>\n<li>Nast\u0119pnie motor\u00f3wka p\u0142ynie przez Morze Czerwone w kierunku pi\u0119knego rafy koralowej. Oczywi\u015bcie mo\u017cna p\u0142ywa\u0107 i nurkowa\u0107. Potem zatrzymasz si\u0119 w tym pi\u0119knym sporcie.<\/li>\n<li>Zabierzemy Ci\u0119 do niego \u0142odzi\u0105 motorow\u0105. Nast\u0119pnym przystankiem b\u0119dzie marzycielska Orange Bay na wyspie Giftun. Nast\u0119pnie Tw\u00f3j przewodnik poka\u017ce Ci mo\u017cliwo\u015bci na pla\u017cy &#8211; toalety, namioty i le\u017caki.<\/li>\n<li>Na wyspie sp\u0119dzisz trzy godziny. W tym czasie b\u0119dziesz mie\u0107 wystarczaj\u0105co du\u017co czasu na p\u0142ywanie i opalanie si\u0119.<\/li>\n<li>Na koniec odprowadzimy Ci\u0119 z powrotem do hotelu.<\/li>\n<li>Rejs prywatn\u0105 \u0142odzi\u0105 motorow\u0105 do Orange Bay w Hurghadzie ko\u0144czy si\u0119 oko\u0142o 13:00.<\/li>\n<\/ul>\n<h2>Co obejmuje cena \u0142odzi motorowej do Orange Bay z Hurghady?<\/h2>\n<ul>\n<li>Prywatna \u0142\u00f3d\u017a motorowa.<\/li>\n<li>Sprz\u0119t do nurkowania (maski i p\u0142etwy).<\/li>\n<li>Napoje i \u015bwie\u017ce owoce na \u0142odzi motorowej.<\/li>\n<li>Wszystkie udogodnienia na wyspie (namiot, le\u017cak i toaleta).<\/li>\n<li>Transfer do portu i powr\u00f3t do hotelu.<\/li>\n<\/ul>\n<h2>Czego nie obejmuje Program Orange \u0142odzi\u0105 motorow\u0105 z Hurghady?<\/h2>\n<ul>\n<li>Jedzenie na wyspach.<\/li>\n<li>Napoje na wyspach.<\/li>\n<li>DVD wideo.<\/li>\n<li>Ponadto p\u0142yta ze zdj\u0119ciami.<\/li>\n<\/ul>\n<h2>Rzeczy, kt\u00f3re warto zabra\u0107 ze sob\u0105 na wycieczk\u0119<\/h2>\n<ul>\n<li>R\u0119cznik.<\/li>\n<li>R\u00f3wnie\u017c filtr przeciws\u0142oneczny.<\/li>\n<\/ul>\n<h2>Rezerwacja dni w Orange Bay \u0142odzi\u0105 motorow\u0105 z nurkowaniem<\/h2>\n<ul>\n<li>Codziennie od 08:00-13:00.<\/li>\n<\/ul>\n","protected":false},"excerpt":{"rendered":"<p>Prze\u017cyj t\u0119 niesamowit\u0105 okazj\u0119, aby nurkowa\u0107 i odwiedzi\u0107 Orange Bay! Czy mo\u017cesz w to uwierzy\u0107? Przy ciep\u0142ej pogodzie w Hurghadzie mo\u017cna sp\u0119dzi\u0107 p\u00f3\u0142 dnia nad Morzem Czerwonym, p\u0142yn\u0105c \u0142odzi\u0105 motorow\u0105 do Orange Bay. I zdob\u0105d\u017a to; mo\u017cesz nawet nurkowa\u0107 z rurk\u0105 i akwalungiem ze sprz\u0119tem przez 15 minut! To nie wszystko; mo\u017cesz wybra\u0107 si\u0119 na prywatn\u0105 wycieczk\u0119 morsk\u0105 \u0142odzi\u0105 motorow\u0105 i mie\u0107 fantastyczny piknik morski przez Morze Czerwone. A gdzie\u015b po drodze przystanek na otwartym morzu do p\u0142ywania i nurkowania pod wod\u0105. Nast\u0119pnie zejdziesz na l\u0105d na wyspie Giftun, gdzie mo\u017cesz odpocz\u0105\u0107 na z\u0142otej, piaszczystej pla\u017cy, zrobi\u0107 pi\u0119kne zdj\u0119cia i pop\u0142ywa\u0107. To niesamowite, jak Orange Bay, po\u0142o\u017cona na ekologicznie chronionej wyspie Giftun, ma dziewicze rafy koralowe, imponuj\u0105ce gatunki \u017cycia morskiego i bia\u0142e piaszczyste pla\u017ce.<\/p>\n","protected":false},"featured_media":143253,"comment_status":"open","ping_status":"closed","template":"","meta":{"_coblocks_attr":"","_coblocks_dimensions":"","_coblocks_responsive_height":"","_coblocks_accordion_ie_support":"","_uag_custom_page_level_css":"","jetpack_publicize_message":"","jetpack_publicize_feature_enabled":true,"jetpack_social_post_already_shared":true,"jetpack_social_options":{"image_generator_settings":{"template":"highway","default_image_id":0,"font":"","enabled":false},"version":2},"_wpas_customize_per_network":false},"product_brand":[],"product_cat":[8566,1949],"product_tag":[1956,22821,1971,1961,2100,1974],"class_list":{"0":"post-143251","1":"product","2":"type-product","3":"status-publish","4":"has-post-thumbnail","6":"product_cat-indywidualne-wycieczki-hurghada","7":"product_cat-wycieczki-morskie-hurghadzie","8":"product_tag-hurghada-pl","9":"product_tag-morze","10":"product_tag-nurkowanie","11":"product_tag-wycieczka","12":"product_tag-wycieczki-morskie-w-hurghadzie","13":"product_tag-wyspa","15":"first","16":"instock","17":"sale","18":"virtual","19":"taxable","20":"purchasable","21":"product-type-simple"},"yoast_head":"<!-- This site is optimized with the Yoast SEO Premium plugin v27.5 (Yoast SEO v27.5) - https:\/\/yoast.com\/product\/yoast-seo-premium-wordpress\/ -->\n<title>Orange Nurkowanie \u0142odzi\u0105 motorow\u0105 Hurghada<\/title>\n<meta name=\"description\" content=\"Orange Nurkowanie \u0142odzi\u0105 motorow\u0105 Hurghada Czy mo\u017cesz w to uwierzy\u0107? Przy ciep\u0142ej pogodzie w Hurghadzie mo\u017cna sp\u0119dzi\u0107 p\u00f3\u0142 dnia nad Morzem Czerwonym, p\u0142yn\u0105c\" \/>\n<meta name=\"robots\" content=\"index, follow, max-snippet:-1, max-image-preview:large, max-video-preview:-1\" \/>\n<link rel=\"canonical\" href=\"https:\/\/landioustravel.com\/pl\/shop\/orange-nurkowanie-motorowa-hurghada\/\" \/>\n<meta property=\"og:locale\" content=\"pl_PL\" \/>\n<meta property=\"og:type\" content=\"article\" \/>\n<meta property=\"og:title\" content=\"Orange Nurkowanie \u0142odzi\u0105 motorow\u0105 Hurghada\" \/>\n<meta property=\"og:description\" content=\"Landious Travel\" \/>\n<meta property=\"og:url\" content=\"https:\/\/landioustravel.com\/pl\/shop\/orange-nurkowanie-motorowa-hurghada\/\" \/>\n<meta property=\"og:site_name\" content=\"Landious Travel\" \/>\n<meta property=\"article:publisher\" content=\"https:\/\/web.facebook.com\/landiousEgypt\" \/>\n<meta property=\"article:modified_time\" content=\"2024-02-05T12:04:38+00:00\" \/>\n<meta property=\"og:image\" content=\"https:\/\/i0.wp.com\/landioustravel.com\/wp-content\/uploads\/2023\/05\/Orange-Diving-Speedboat-Hurghada.jpg?fit=800%2C450&ssl=1\" \/>\n\t<meta property=\"og:image:width\" content=\"800\" \/>\n\t<meta property=\"og:image:height\" content=\"450\" \/>\n\t<meta property=\"og:image:type\" content=\"image\/jpeg\" \/>\n<meta name=\"twitter:card\" content=\"summary_large_image\" \/>\n<meta name=\"twitter:site\" content=\"@LandiousTours\" \/>\n<meta name=\"twitter:label1\" content=\"Szacowany czas czytania\" \/>\n\t<meta name=\"twitter:data1\" content=\"3 minuty\" \/>\n<script type=\"application\/ld+json\" class=\"yoast-schema-graph\">{\"@context\":\"https:\\\/\\\/schema.org\",\"@graph\":[{\"@type\":\"WebPage\",\"@id\":\"https:\\\/\\\/landioustravel.com\\\/pl\\\/shop\\\/orange-nurkowanie-motorowa-hurghada\\\/\",\"url\":\"https:\\\/\\\/landioustravel.com\\\/pl\\\/shop\\\/orange-nurkowanie-motorowa-hurghada\\\/\",\"name\":\"Orange Nurkowanie \u0142odzi\u0105 motorow\u0105 Hurghada\",\"isPartOf\":{\"@id\":\"https:\\\/\\\/landioustravel.com\\\/pl\\\/#website\"},\"primaryImageOfPage\":{\"@id\":\"https:\\\/\\\/landioustravel.com\\\/pl\\\/shop\\\/orange-nurkowanie-motorowa-hurghada\\\/#primaryimage\"},\"image\":{\"@id\":\"https:\\\/\\\/landioustravel.com\\\/pl\\\/shop\\\/orange-nurkowanie-motorowa-hurghada\\\/#primaryimage\"},\"thumbnailUrl\":\"https:\\\/\\\/i0.wp.com\\\/landioustravel.com\\\/wp-content\\\/uploads\\\/2023\\\/05\\\/Orange-Diving-Speedboat-Hurghada.jpg?fit=800%2C450&ssl=1\",\"datePublished\":\"2023-06-06T08:56:35+00:00\",\"dateModified\":\"2024-02-05T12:04:38+00:00\",\"description\":\"Orange Nurkowanie \u0142odzi\u0105 motorow\u0105 Hurghada Czy mo\u017cesz w to uwierzy\u0107? Przy ciep\u0142ej pogodzie w Hurghadzie mo\u017cna sp\u0119dzi\u0107 p\u00f3\u0142 dnia nad Morzem Czerwonym, p\u0142yn\u0105c\",\"breadcrumb\":{\"@id\":\"https:\\\/\\\/landioustravel.com\\\/pl\\\/shop\\\/orange-nurkowanie-motorowa-hurghada\\\/#breadcrumb\"},\"inLanguage\":\"pl-PL\",\"potentialAction\":[{\"@type\":\"ReadAction\",\"target\":[\"https:\\\/\\\/landioustravel.com\\\/pl\\\/shop\\\/orange-nurkowanie-motorowa-hurghada\\\/\"]}]},{\"@type\":\"ImageObject\",\"inLanguage\":\"pl-PL\",\"@id\":\"https:\\\/\\\/landioustravel.com\\\/pl\\\/shop\\\/orange-nurkowanie-motorowa-hurghada\\\/#primaryimage\",\"url\":\"https:\\\/\\\/i0.wp.com\\\/landioustravel.com\\\/wp-content\\\/uploads\\\/2023\\\/05\\\/Orange-Diving-Speedboat-Hurghada.jpg?fit=800%2C450&ssl=1\",\"contentUrl\":\"https:\\\/\\\/i0.wp.com\\\/landioustravel.com\\\/wp-content\\\/uploads\\\/2023\\\/05\\\/Orange-Diving-Speedboat-Hurghada.jpg?fit=800%2C450&ssl=1\",\"width\":800,\"height\":450,\"caption\":\"Orange Diving Speedboat Hurghada\"},{\"@type\":\"BreadcrumbList\",\"@id\":\"https:\\\/\\\/landioustravel.com\\\/pl\\\/shop\\\/orange-nurkowanie-motorowa-hurghada\\\/#breadcrumb\",\"itemListElement\":[{\"@type\":\"ListItem\",\"position\":1,\"name\":\"Home\",\"item\":\"https:\\\/\\\/landioustravel.com\\\/pl\\\/\"},{\"@type\":\"ListItem\",\"position\":2,\"name\":\"Us\u0142ugi i wycieczki\",\"item\":\"https:\\\/\\\/landioustravel.com\\\/pl\\\/\"},{\"@type\":\"ListItem\",\"position\":3,\"name\":\"Orange Nurkowanie \u0142odzi\u0105 motorow\u0105 Hurghada\"}]},{\"@type\":\"WebSite\",\"@id\":\"https:\\\/\\\/landioustravel.com\\\/pl\\\/#website\",\"url\":\"https:\\\/\\\/landioustravel.com\\\/pl\\\/\",\"name\":\"Landious Travel\",\"description\":\"Excursions, trips and cruises in Egypt\",\"publisher\":{\"@id\":\"https:\\\/\\\/landioustravel.com\\\/pl\\\/#organization\"},\"potentialAction\":[{\"@type\":\"SearchAction\",\"target\":{\"@type\":\"EntryPoint\",\"urlTemplate\":\"https:\\\/\\\/landioustravel.com\\\/pl\\\/?s={search_term_string}\"},\"query-input\":{\"@type\":\"PropertyValueSpecification\",\"valueRequired\":true,\"valueName\":\"search_term_string\"}}],\"inLanguage\":\"pl-PL\"},{\"@type\":[\"Organization\",\"Place\"],\"@id\":\"https:\\\/\\\/landioustravel.com\\\/pl\\\/#organization\",\"name\":\"Landious Travel\",\"alternateName\":\"Landious Travel\",\"url\":\"https:\\\/\\\/landioustravel.com\\\/pl\\\/\",\"logo\":{\"@id\":\"https:\\\/\\\/landioustravel.com\\\/pl\\\/shop\\\/orange-nurkowanie-motorowa-hurghada\\\/#local-main-organization-logo\"},\"image\":{\"@id\":\"https:\\\/\\\/landioustravel.com\\\/pl\\\/shop\\\/orange-nurkowanie-motorowa-hurghada\\\/#local-main-organization-logo\"},\"sameAs\":[\"https:\\\/\\\/web.facebook.com\\\/landiousEgypt\",\"https:\\\/\\\/x.com\\\/LandiousTours\",\"https:\\\/\\\/mastodon.social\\\/@landious\"],\"legalName\":\"Landious Travel\",\"telephone\":[],\"openingHoursSpecification\":[{\"@type\":\"OpeningHoursSpecification\",\"dayOfWeek\":[\"Monday\",\"Tuesday\",\"Wednesday\",\"Thursday\",\"Friday\",\"Saturday\",\"Sunday\"],\"opens\":\"09:00\",\"closes\":\"17:00\"}]},{\"@type\":\"ImageObject\",\"inLanguage\":\"pl-PL\",\"@id\":\"https:\\\/\\\/landioustravel.com\\\/pl\\\/shop\\\/orange-nurkowanie-motorowa-hurghada\\\/#local-main-organization-logo\",\"url\":\"https:\\\/\\\/i0.wp.com\\\/landioustravel.com\\\/wp-content\\\/uploads\\\/2021\\\/06\\\/Landious-T.png?fit=500%2C500&ssl=1\",\"contentUrl\":\"https:\\\/\\\/i0.wp.com\\\/landioustravel.com\\\/wp-content\\\/uploads\\\/2021\\\/06\\\/Landious-T.png?fit=500%2C500&ssl=1\",\"width\":500,\"height\":500,\"caption\":\"Landious Travel\"}]}<\/script>\n<!-- \/ Yoast SEO Premium plugin. -->","yoast_head_json":{"title":"Orange Nurkowanie \u0142odzi\u0105 motorow\u0105 Hurghada","description":"Orange Nurkowanie \u0142odzi\u0105 motorow\u0105 Hurghada Czy mo\u017cesz w to uwierzy\u0107? Przy ciep\u0142ej pogodzie w Hurghadzie mo\u017cna sp\u0119dzi\u0107 p\u00f3\u0142 dnia nad Morzem Czerwonym, p\u0142yn\u0105c","robots":{"index":"index","follow":"follow","max-snippet":"max-snippet:-1","max-image-preview":"max-image-preview:large","max-video-preview":"max-video-preview:-1"},"canonical":"https:\/\/landioustravel.com\/pl\/shop\/orange-nurkowanie-motorowa-hurghada\/","og_locale":"pl_PL","og_type":"article","og_title":"Orange Nurkowanie \u0142odzi\u0105 motorow\u0105 Hurghada","og_description":"Landious Travel","og_url":"https:\/\/landioustravel.com\/pl\/shop\/orange-nurkowanie-motorowa-hurghada\/","og_site_name":"Landious Travel","article_publisher":"https:\/\/web.facebook.com\/landiousEgypt","article_modified_time":"2024-02-05T12:04:38+00:00","og_image":[{"width":800,"height":450,"url":"https:\/\/i0.wp.com\/landioustravel.com\/wp-content\/uploads\/2023\/05\/Orange-Diving-Speedboat-Hurghada.jpg?fit=800%2C450&ssl=1","type":"image\/jpeg"}],"twitter_card":"summary_large_image","twitter_site":"@LandiousTours","twitter_misc":{"Szacowany czas czytania":"3 minuty"},"schema":{"@context":"https:\/\/schema.org","@graph":[{"@type":"WebPage","@id":"https:\/\/landioustravel.com\/pl\/shop\/orange-nurkowanie-motorowa-hurghada\/","url":"https:\/\/landioustravel.com\/pl\/shop\/orange-nurkowanie-motorowa-hurghada\/","name":"Orange Nurkowanie \u0142odzi\u0105 motorow\u0105 Hurghada","isPartOf":{"@id":"https:\/\/landioustravel.com\/pl\/#website"},"primaryImageOfPage":{"@id":"https:\/\/landioustravel.com\/pl\/shop\/orange-nurkowanie-motorowa-hurghada\/#primaryimage"},"image":{"@id":"https:\/\/landioustravel.com\/pl\/shop\/orange-nurkowanie-motorowa-hurghada\/#primaryimage"},"thumbnailUrl":"https:\/\/i0.wp.com\/landioustravel.com\/wp-content\/uploads\/2023\/05\/Orange-Diving-Speedboat-Hurghada.jpg?fit=800%2C450&ssl=1","datePublished":"2023-06-06T08:56:35+00:00","dateModified":"2024-02-05T12:04:38+00:00","description":"Orange Nurkowanie \u0142odzi\u0105 motorow\u0105 Hurghada Czy mo\u017cesz w to uwierzy\u0107? Przy ciep\u0142ej pogodzie w Hurghadzie mo\u017cna sp\u0119dzi\u0107 p\u00f3\u0142 dnia nad Morzem Czerwonym, p\u0142yn\u0105c","breadcrumb":{"@id":"https:\/\/landioustravel.com\/pl\/shop\/orange-nurkowanie-motorowa-hurghada\/#breadcrumb"},"inLanguage":"pl-PL","potentialAction":[{"@type":"ReadAction","target":["https:\/\/landioustravel.com\/pl\/shop\/orange-nurkowanie-motorowa-hurghada\/"]}]},{"@type":"ImageObject","inLanguage":"pl-PL","@id":"https:\/\/landioustravel.com\/pl\/shop\/orange-nurkowanie-motorowa-hurghada\/#primaryimage","url":"https:\/\/i0.wp.com\/landioustravel.com\/wp-content\/uploads\/2023\/05\/Orange-Diving-Speedboat-Hurghada.jpg?fit=800%2C450&ssl=1","contentUrl":"https:\/\/i0.wp.com\/landioustravel.com\/wp-content\/uploads\/2023\/05\/Orange-Diving-Speedboat-Hurghada.jpg?fit=800%2C450&ssl=1","width":800,"height":450,"caption":"Orange Diving Speedboat Hurghada"},{"@type":"BreadcrumbList","@id":"https:\/\/landioustravel.com\/pl\/shop\/orange-nurkowanie-motorowa-hurghada\/#breadcrumb","itemListElement":[{"@type":"ListItem","position":1,"name":"Home","item":"https:\/\/landioustravel.com\/pl\/"},{"@type":"ListItem","position":2,"name":"Us\u0142ugi i wycieczki","item":"https:\/\/landioustravel.com\/pl\/"},{"@type":"ListItem","position":3,"name":"Orange Nurkowanie \u0142odzi\u0105 motorow\u0105 Hurghada"}]},{"@type":"WebSite","@id":"https:\/\/landioustravel.com\/pl\/#website","url":"https:\/\/landioustravel.com\/pl\/","name":"Landious Travel","description":"Excursions, trips and cruises in Egypt","publisher":{"@id":"https:\/\/landioustravel.com\/pl\/#organization"},"potentialAction":[{"@type":"SearchAction","target":{"@type":"EntryPoint","urlTemplate":"https:\/\/landioustravel.com\/pl\/?s={search_term_string}"},"query-input":{"@type":"PropertyValueSpecification","valueRequired":true,"valueName":"search_term_string"}}],"inLanguage":"pl-PL"},{"@type":["Organization","Place"],"@id":"https:\/\/landioustravel.com\/pl\/#organization","name":"Landious Travel","alternateName":"Landious Travel","url":"https:\/\/landioustravel.com\/pl\/","logo":{"@id":"https:\/\/landioustravel.com\/pl\/shop\/orange-nurkowanie-motorowa-hurghada\/#local-main-organization-logo"},"image":{"@id":"https:\/\/landioustravel.com\/pl\/shop\/orange-nurkowanie-motorowa-hurghada\/#local-main-organization-logo"},"sameAs":["https:\/\/web.facebook.com\/landiousEgypt","https:\/\/x.com\/LandiousTours","https:\/\/mastodon.social\/@landious"],"legalName":"Landious Travel","telephone":[],"openingHoursSpecification":[{"@type":"OpeningHoursSpecification","dayOfWeek":["Monday","Tuesday","Wednesday","Thursday","Friday","Saturday","Sunday"],"opens":"09:00","closes":"17:00"}]},{"@type":"ImageObject","inLanguage":"pl-PL","@id":"https:\/\/landioustravel.com\/pl\/shop\/orange-nurkowanie-motorowa-hurghada\/#local-main-organization-logo","url":"https:\/\/i0.wp.com\/landioustravel.com\/wp-content\/uploads\/2021\/06\/Landious-T.png?fit=500%2C500&ssl=1","contentUrl":"https:\/\/i0.wp.com\/landioustravel.com\/wp-content\/uploads\/2021\/06\/Landious-T.png?fit=500%2C500&ssl=1","width":500,"height":500,"caption":"Landious Travel"}]}},"jetpack_publicize_connections":[],"uagb_featured_image_src":{"full":["https:\/\/i0.wp.com\/landioustravel.com\/wp-content\/uploads\/2023\/05\/Orange-Diving-Speedboat-Hurghada.jpg?fit=800%2C450&ssl=1",800,450,false],"thumbnail":["https:\/\/i0.wp.com\/landioustravel.com\/wp-content\/uploads\/2023\/05\/Orange-Diving-Speedboat-Hurghada.jpg?resize=150%2C150&ssl=1",150,150,true],"medium":["https:\/\/i0.wp.com\/landioustravel.com\/wp-content\/uploads\/2023\/05\/Orange-Diving-Speedboat-Hurghada.jpg?fit=300%2C169&ssl=1",300,169,true],"medium_large":["https:\/\/i0.wp.com\/landioustravel.com\/wp-content\/uploads\/2023\/05\/Orange-Diving-Speedboat-Hurghada.jpg?fit=768%2C432&ssl=1",768,432,true],"large":["https:\/\/i0.wp.com\/landioustravel.com\/wp-content\/uploads\/2023\/05\/Orange-Diving-Speedboat-Hurghada.jpg?fit=800%2C450&ssl=1",800,450,true],"1536x1536":["https:\/\/i0.wp.com\/landioustravel.com\/wp-content\/uploads\/2023\/05\/Orange-Diving-Speedboat-Hurghada.jpg?fit=800%2C450&ssl=1",800,450,true],"2048x2048":["https:\/\/i0.wp.com\/landioustravel.com\/wp-content\/uploads\/2023\/05\/Orange-Diving-Speedboat-Hurghada.jpg?fit=800%2C450&ssl=1",800,450,true],"newspack-article-block-landscape-large":["https:\/\/i0.wp.com\/landioustravel.com\/wp-content\/uploads\/2023\/05\/Orange-Diving-Speedboat-Hurghada.jpg?resize=800%2C450&ssl=1",800,450,true],"newspack-article-block-portrait-large":["https:\/\/i0.wp.com\/landioustravel.com\/wp-content\/uploads\/2023\/05\/Orange-Diving-Speedboat-Hurghada.jpg?resize=800%2C450&ssl=1",800,450,true],"newspack-article-block-square-large":["https:\/\/i0.wp.com\/landioustravel.com\/wp-content\/uploads\/2023\/05\/Orange-Diving-Speedboat-Hurghada.jpg?resize=800%2C450&ssl=1",800,450,true],"newspack-article-block-landscape-medium":["https:\/\/i0.wp.com\/landioustravel.com\/wp-content\/uploads\/2023\/05\/Orange-Diving-Speedboat-Hurghada.jpg?resize=800%2C450&ssl=1",800,450,true],"newspack-article-block-portrait-medium":["https:\/\/i0.wp.com\/landioustravel.com\/wp-content\/uploads\/2023\/05\/Orange-Diving-Speedboat-Hurghada.jpg?resize=600%2C450&ssl=1",600,450,true],"newspack-article-block-square-medium":["https:\/\/i0.wp.com\/landioustravel.com\/wp-content\/uploads\/2023\/05\/Orange-Diving-Speedboat-Hurghada.jpg?resize=800%2C450&ssl=1",800,450,true],"newspack-article-block-landscape-intermediate":["https:\/\/i0.wp.com\/landioustravel.com\/wp-content\/uploads\/2023\/05\/Orange-Diving-Speedboat-Hurghada.jpg?resize=600%2C450&ssl=1",600,450,true],"newspack-article-block-portrait-intermediate":["https:\/\/i0.wp.com\/landioustravel.com\/wp-content\/uploads\/2023\/05\/Orange-Diving-Speedboat-Hurghada.jpg?resize=450%2C450&ssl=1",450,450,true],"newspack-article-block-square-intermediate":["https:\/\/i0.wp.com\/landioustravel.com\/wp-content\/uploads\/2023\/05\/Orange-Diving-Speedboat-Hurghada.jpg?resize=600%2C450&ssl=1",600,450,true],"newspack-article-block-landscape-small":["https:\/\/i0.wp.com\/landioustravel.com\/wp-content\/uploads\/2023\/05\/Orange-Diving-Speedboat-Hurghada.jpg?resize=400%2C300&ssl=1",400,300,true],"newspack-article-block-portrait-small":["https:\/\/i0.wp.com\/landioustravel.com\/wp-content\/uploads\/2023\/05\/Orange-Diving-Speedboat-Hurghada.jpg?resize=300%2C400&ssl=1",300,400,true],"newspack-article-block-square-small":["https:\/\/i0.wp.com\/landioustravel.com\/wp-content\/uploads\/2023\/05\/Orange-Diving-Speedboat-Hurghada.jpg?resize=400%2C400&ssl=1",400,400,true],"newspack-article-block-landscape-tiny":["https:\/\/i0.wp.com\/landioustravel.com\/wp-content\/uploads\/2023\/05\/Orange-Diving-Speedboat-Hurghada.jpg?resize=200%2C150&ssl=1",200,150,true],"newspack-article-block-portrait-tiny":["https:\/\/i0.wp.com\/landioustravel.com\/wp-content\/uploads\/2023\/05\/Orange-Diving-Speedboat-Hurghada.jpg?resize=150%2C200&ssl=1",150,200,true],"newspack-article-block-square-tiny":["https:\/\/i0.wp.com\/landioustravel.com\/wp-content\/uploads\/2023\/05\/Orange-Diving-Speedboat-Hurghada.jpg?resize=200%2C200&ssl=1",200,200,true],"newspack-article-block-uncropped":["https:\/\/i0.wp.com\/landioustravel.com\/wp-content\/uploads\/2023\/05\/Orange-Diving-Speedboat-Hurghada.jpg?fit=800%2C450&ssl=1",800,450,true],"woocommerce_thumbnail":["https:\/\/i0.wp.com\/landioustravel.com\/wp-content\/uploads\/2023\/05\/Orange-Diving-Speedboat-Hurghada.jpg?resize=324%2C324&ssl=1",324,324,true],"woocommerce_single":["https:\/\/i0.wp.com\/landioustravel.com\/wp-content\/uploads\/2023\/05\/Orange-Diving-Speedboat-Hurghada.jpg?fit=416%2C234&ssl=1",416,234,true],"woocommerce_gallery_thumbnail":["https:\/\/i0.wp.com\/landioustravel.com\/wp-content\/uploads\/2023\/05\/Orange-Diving-Speedboat-Hurghada.jpg?resize=100%2C100&ssl=1",100,100,true]},"uagb_author_info":{"display_name":"Mofreh Landious","author_link":"https:\/\/landioustravel.com\/pl\/author\/"},"uagb_comment_info":0,"uagb_excerpt":"Prze\u017cyj t\u0119 niesamowit\u0105 okazj\u0119, aby nurkowa\u0107 i odwiedzi\u0107 Orange Bay! Czy mo\u017cesz w to uwierzy\u0107? Przy ciep\u0142ej pogodzie w Hurghadzie mo\u017cna sp\u0119dzi\u0107 p\u00f3\u0142 dnia nad Morzem Czerwonym, p\u0142yn\u0105c \u0142odzi\u0105 motorow\u0105 do Orange Bay. I zdob\u0105d\u017a to; mo\u017cesz nawet nurkowa\u0107 z rurk\u0105 i akwalungiem ze sprz\u0119tem przez 15 minut! To nie wszystko; mo\u017cesz wybra\u0107 si\u0119 na&hellip;","jetpack_sharing_enabled":true,"jetpack_likes_enabled":true,"amp_enabled":true,"_links":{"self":[{"href":"https:\/\/landioustravel.com\/pl\/wp-json\/wp\/v2\/product\/143251","targetHints":{"allow":["GET"]}}],"collection":[{"href":"https:\/\/landioustravel.com\/pl\/wp-json\/wp\/v2\/product"}],"about":[{"href":"https:\/\/landioustravel.com\/pl\/wp-json\/wp\/v2\/types\/product"}],"replies":[{"embeddable":true,"href":"https:\/\/landioustravel.com\/pl\/wp-json\/wp\/v2\/comments?post=143251"}],"wp:featuredmedia":[{"embeddable":true,"href":"https:\/\/landioustravel.com\/pl\/wp-json\/wp\/v2\/media\/143253"}],"wp:attachment":[{"href":"https:\/\/landioustravel.com\/pl\/wp-json\/wp\/v2\/media?parent=143251"}],"wp:term":[{"taxonomy":"product_brand","embeddable":true,"href":"https:\/\/landioustravel.com\/pl\/wp-json\/wp\/v2\/product_brand?post=143251"},{"taxonomy":"product_cat","embeddable":true,"href":"https:\/\/landioustravel.com\/pl\/wp-json\/wp\/v2\/product_cat?post=143251"},{"taxonomy":"product_tag","embeddable":true,"href":"https:\/\/landioustravel.com\/pl\/wp-json\/wp\/v2\/product_tag?post=143251"}],"curies":[{"name":"wp","href":"https:\/\/api.w.org\/{rel}","templated":true}]}}