{"id":143296,"date":"2023-03-08T18:01:51","date_gmt":"2023-06-02T00:29:27","guid":{"rendered":"https:\/\/landioustravel.com\/?post_type=product&#038;p=143296"},"modified":"2024-01-11T00:01:10","modified_gmt":"2024-01-10T22:01:10","slug":"poldniowa-wyprawa-ryba-hurghada","status":"publish","type":"product","link":"https:\/\/landioustravel.com\/pl\/shop\/poldniowa-wyprawa-ryba-hurghada\/","title":{"rendered":"P\u00f3\u0142dniowa wyprawa na ryby Hurghada"},"content":{"rendered":"<p>Do\u0142\u0105cz do P\u00f3\u0142dniowa wyprawa na ryby Hurghada na p\u00f3\u0142 dnia zabawy i emocji. B\u0119dziesz \u0142owi\u0142 z lokaln\u0105 za\u0142og\u0105, kt\u00f3ra zna te wody jak w\u0142asn\u0105 kiesze\u0144. Niezale\u017cnie od tego, czy jeste\u015b pocz\u0105tkuj\u0105cym, czy do\u015bwiadczonym w\u0119dkarzem, b\u0119dziesz cz\u0119\u015bci\u0105 akcji i z\u0142apiesz ryby, kt\u00f3rych nigdy wcze\u015bniej nie widzia\u0142e\u015b. Odwiedzaj\u0105c Hurghad\u0119, nie zatrzymuj si\u0119 tylko na pla\u017cy, poniewa\u017c przygoda czeka w nadmorskich miejscach.<\/p>\n<p>Wszystko zaczyna si\u0119, gdy wchodzisz na pok\u0142ad \u0142odzi mog\u0105cej pomie\u015bci\u0107 do 10 go\u015bci. Ta przestronna \u0142\u00f3d\u017a jest wygodna dla wszystkich go\u015bci, nawet przy pe\u0142nej pojemno\u015bci. Z\u0142ap ryby na dolnym pok\u0142adzie, wypij drinka na g\u00f3rnym pok\u0142adzie lub zdrzemnij si\u0119 w zamkni\u0119tej kabinie. Aby ca\u0142e do\u015bwiadczenie by\u0142o jeszcze przyjemniejsze, jest ch\u0142odziarka do okular\u00f3w, system multimedialny i sprz\u0119t do snorkelingu. Na \u0142odzi znajduje si\u0119 r\u00f3wnie\u017c prywatna toaleta.<\/p>\n<p>Istnieje wiele gatunk\u00f3w, na kt\u00f3re mo\u017cna polowa\u0107, w zale\u017cno\u015bci od odwiedzanych \u0142owisk. Jacka Crevalle&#8217;a, kolenia i belon\u0119 znajdziesz bli\u017cej brzegu, podczas gdy obszary przybrze\u017cne przynosz\u0105 Amberjacka, Mahi Mahi, tu\u0144czyka, \u017caglic\u0119 i afryka\u0144skiego Pompano Jacka.<\/p>\n<p>Za\u0142oga zadba o wszystko, czego potrzebujesz na dany dzie\u0144. Wystarczy zabra\u0107 ze sob\u0105 nakrycie g\u0142owy i krem z filtrem przeciws\u0142onecznym.<\/p>\n<h2>Najwa\u017cniejsze informacje na temat p\u00f3\u0142dniowej wycieczki w\u0119dkarskiej Hurghada<\/h2>\n<ul>\n<li>\u0141owienie ryb na otwartym morzu.<\/li>\n<li>Nurkowanie z mask\u0105 i p\u0142etwami.<\/li>\n<\/ul>\n<h2>Program Przygody W\u0119dkarskiej<\/h2>\n<ul>\n<li>Landious Travel odbierze Ci\u0119 z Twojego hotelu w Hurghadzie oko\u0142o godziny 08:00.<\/li>\n<li>Po zabraniu wszystkich ch\u0119tnych autobus uda si\u0119 do portu. Droga na molo zajmuje oko\u0142o 20 minut.<\/li>\n<li>W porcie znajdziesz swoj\u0105 \u0142\u00f3d\u017a. To du\u017ca i szykowna \u0142\u00f3d\u017a; i sk\u0142ada si\u0119 z dw\u00f3ch kondygnacji. Po wej\u015bciu na statek lepiej b\u0119dzie zdj\u0105\u0107 buty i przygotowa\u0107 si\u0119 do \u0142owienia trollingowego. \u0141owienie ryb metod\u0105 trollingu odbywa si\u0119 w czasie, gdy \u0142\u00f3d\u017a p\u0142ynie po morzu. Z tego powodu wyposa\u017camy nasz\u0105 \u0142\u00f3d\u017a w dwie w\u0119dki trollingowe z ty\u0142u.<\/li>\n<li>Gdy tylko grupa si\u0119 zbierze, \u0142\u00f3d\u017a p\u0142ynie po Morzu Czerwonym. Wtedy gdzie\u015b na otwartym morzu da kotwic\u0119, aby\u015b m\u00f3g\u0142 \u0142owi\u0107 prosto ze swojej burty. Do tego czasu wszyscy b\u0119d\u0105 mogli \u0142owi\u0107 ryby.<\/li>\n<li>P\u00f3\u017aniej spr\u00f3bujesz ponownie \u0142owi\u0107 ryby gdzie indziej.<\/li>\n<li>Na koniec eskortujemy Ci\u0119 z powrotem do hoteli po ekscytuj\u0105cym do\u015bwiadczeniu w\u0119dkarskim w Morzu Czerwonym.<\/li>\n<li>Ta p\u00f3\u0142dniowa wyprawa na ryby w Hurghadzie ko\u0144czy si\u0119 oko\u0142o po\u0142udnia.<\/li>\n<\/ul>\n<h2>Co obejmuje cena wyprawy na ryby w Hurghadzie?<\/h2>\n<ul>\n<li>Sprz\u0119t w\u0119dkarski.<\/li>\n<li>Sprz\u0119t do nurkowania.<\/li>\n<li>\u017bywno\u015b\u0107.<\/li>\n<li>Transfer do portu i powr\u00f3t do hotelu.<\/li>\n<\/ul>\n<h2>Czego nie obejmuje Program Rejsu W\u0119dkarskiego Hurghada?<\/h2>\n<ul>\n<li>Op\u0142ata za wst\u0119p (5 USD za osob\u0119)<\/li>\n<li>DVD wideo.<\/li>\n<li>Ponadto p\u0142yta ze zdj\u0119ciami.<\/li>\n<\/ul>\n<h2>Rzeczy, kt\u00f3re nale\u017cy zabra\u0107 ze sob\u0105 w podr\u00f3\u017c<\/h2>\n<ul>\n<li>R\u0119cznik.<\/li>\n<li>R\u00f3wnie\u017c filtr przeciws\u0142oneczny.<\/li>\n<\/ul>\n<h2>Rezerwacja dni p\u00f3\u0142dniowej wyprawy w\u0119dkarskiej Hurghada<\/h2>\n<ul>\n<li>Codziennie od 08:00 do 12:00.<\/li>\n<\/ul>\n<h2>Us\u0142ugi prezentowane podczas p\u00f3\u0142dniowego rejsu w\u0119dkarskiego Hurghada<\/h2>\n<ul>\n<li><strong>Transport<\/strong>: Landious Travel korzysta z klimatyzowanych limuzyn\/minibus\u00f3w jako \u015brodka transportu. Poza tym profesjonalny kierowca zawiezie Ci\u0119 do portu iz powrotem do hotelu.<\/li>\n<li><strong>Przewodnictwo<\/strong>: profesjonalny angloj\u0119zyczny przewodnik odbierze Ci\u0119 z hoteli i zabierze Ci\u0119 do portu.<\/li>\n<li><strong>Wyposa\u017cenie \u0142odzi:<\/strong> nasze \u0142odzie s\u0105 nowe, trzypi\u0119trowe. Te \u0142odzie maj\u0105 salon jadalny, ch\u0142odnic\u0119 wody, kuchni\u0119 i dwie toalety. Ponadto wyposa\u017camy ich w kamizelki ratunkowe, sprz\u0119t do snorkelingu oraz dwa ko\u0142owrotki do trollingu na pierwszym pi\u0119trze. Tymczasem pod\u0142oga pok\u0142adu s\u0142onecznego ma wygodne le\u017caki i namiot.<\/li>\n<li><strong>Zesp\u00f3\u0142 i personel:<\/strong> b\u0119dziesz mie\u0107 przyjazn\u0105 i profesjonaln\u0105 za\u0142og\u0119 na \u0142odzi. Podczas wycieczki poprowadz\u0105 Ci\u0119 nasi instruktorzy i trenerzy.<\/li>\n<\/ul>\n","protected":false},"excerpt":{"rendered":"<p>Przygotuj si\u0119 na niezapomnian\u0105 przygod\u0119 w\u0119dkarsk\u0105 na \u0142odzi z transportem, kt\u00f3ry odbierze Ci\u0119 z hotelu. W cen\u0119 wliczony jest sprz\u0119t pok\u0142adowy do w\u0119dkowania, nurkowania z rurk\u0105 i akwalungiem. Zostaniesz r\u00f3wnie\u017c potraktowany otwartym lunchem z owocami morza w formie bufetu! Do\u015bwiadczony przewodnik b\u0119dzie Ci towarzyszy\u0142 w dniu po\u0142ow\u00f3w w Morzu Czerwonym, kt\u00f3ry zawsze b\u0119dziesz pami\u0119ta\u0107. Z\u0142ap i zjedz w\u0142asn\u0105 ryb\u0119 na lunch, a nast\u0119pnie prze\u017cyj przygod\u0119 z nurkowaniem z rurk\u0105, aby zobaczy\u0107 kolorowe ryby z bliska. B\u0119dziesz mia\u0142 dwie okazje, by z\u0142owi\u0107 ryb\u0119 swojego \u017cycia. Nasza prywatna wyprawa na ryby z Hurghady zapewnia p\u00f3\u0142dniowe w\u0119dkowanie na prywatnej \u0142odzi. Zrelaksuj si\u0119 na statku, pr\u00f3buj\u0105c szcz\u0119\u015bcia z link\u0105, lub wskocz do orze\u017awiaj\u0105cej wody, aby wybra\u0107 si\u0119 na nurkowanie z rurk\u0105 i obserwowa\u0107 ryby z bliska. Do\u0142\u0105cz do naszej p\u00f3\u0142dniowej wyprawy w\u0119dkarskiej w Hurghadzie na p\u00f3\u0142 dnia zabawy i emocji. B\u0119dziesz \u0142owi\u0107 z lokaln\u0105 za\u0142og\u0105, kt\u00f3ra zna te wody od podszewki. Niezale\u017cnie od tego, czy jeste\u015b pocz\u0105tkuj\u0105cym, czy do\u015bwiadczonym w\u0119dkarzem, b\u0119dziesz m\u00f3g\u0142 uczestniczy\u0107 w akcji i \u0142owi\u0107 ryby, kt\u00f3rych nigdy wcze\u015bniej nie widzia\u0142e\u015b. Nie przegap przygody, kt\u00f3ra czeka w nadmorskich miejscach podczas wizyty w Hurghadzie!<\/p>\n","protected":false},"featured_media":134106,"comment_status":"open","ping_status":"closed","template":"","meta":{"_coblocks_attr":"","_coblocks_dimensions":"","_coblocks_responsive_height":"","_coblocks_accordion_ie_support":"","_uag_custom_page_level_css":"","jetpack_publicize_message":"","jetpack_publicize_feature_enabled":true,"jetpack_social_post_already_shared":true,"jetpack_social_options":{"image_generator_settings":{"template":"highway","default_image_id":0,"font":"","enabled":false},"version":2},"_wpas_customize_per_network":false},"product_brand":[],"product_cat":[1949,1943],"product_tag":[1956,22821,22823,1961,2100,1959,1969],"class_list":{"0":"post-143296","1":"product","2":"type-product","3":"status-publish","4":"has-post-thumbnail","6":"product_cat-wycieczki-morskie-hurghadzie","7":"product_cat-wycieczki-w-hurghadzie","8":"product_tag-hurghada-pl","9":"product_tag-morze","10":"product_tag-nurkowanie-z-rurka","11":"product_tag-wycieczka","12":"product_tag-wycieczki-morskie-w-hurghadzie","13":"product_tag-wycieczki-lodzia","14":"product_tag-wedkowanie","16":"first","17":"instock","18":"sale","19":"virtual","20":"taxable","21":"purchasable","22":"product-type-simple"},"yoast_head":"<!-- This site is optimized with the Yoast SEO Premium plugin v26.9 (Yoast SEO v27.5) - https:\/\/yoast.com\/product\/yoast-seo-premium-wordpress\/ -->\n<title>P\u00f3\u0142dniowa wyprawa na ryby Hurghada<\/title>\n<meta name=\"description\" content=\"P\u00f3\u0142dniowa wyprawa na ryby Hurghada Przygotuj si\u0119 na niezapomnian\u0105 przygod\u0119 w\u0119dkarsk\u0105 na \u0142odzi z transportem, kt\u00f3ry odbierze Ci\u0119 z hotelu. W cen\u0119 wliczony\" \/>\n<meta name=\"robots\" content=\"index, follow, max-snippet:-1, max-image-preview:large, max-video-preview:-1\" \/>\n<link rel=\"canonical\" href=\"https:\/\/landioustravel.com\/pl\/shop\/poldniowa-wyprawa-ryba-hurghada\/\" \/>\n<meta property=\"og:locale\" content=\"pl_PL\" \/>\n<meta property=\"og:type\" content=\"article\" \/>\n<meta property=\"og:title\" content=\"P\u00f3\u0142dniowa wyprawa na ryby Hurghada\" \/>\n<meta property=\"og:description\" content=\"Landious Travel\" \/>\n<meta property=\"og:url\" content=\"https:\/\/landioustravel.com\/pl\/shop\/poldniowa-wyprawa-ryba-hurghada\/\" \/>\n<meta property=\"og:site_name\" content=\"Landious Travel\" \/>\n<meta property=\"article:publisher\" content=\"https:\/\/web.facebook.com\/landiousEgypt\" \/>\n<meta property=\"article:modified_time\" content=\"2024-01-10T22:01:10+00:00\" \/>\n<meta property=\"og:image\" content=\"https:\/\/i0.wp.com\/landioustravel.com\/wp-content\/uploads\/2023\/01\/Fishing-Trip-El-Gouna-e1672532709968.jpg?fit=1200%2C675&ssl=1\" \/>\n\t<meta property=\"og:image:width\" content=\"1200\" \/>\n\t<meta property=\"og:image:height\" content=\"675\" \/>\n\t<meta property=\"og:image:type\" content=\"image\/jpeg\" \/>\n<meta name=\"twitter:card\" content=\"summary_large_image\" \/>\n<meta name=\"twitter:site\" content=\"@LandiousTours\" \/>\n<meta name=\"twitter:label1\" content=\"Szacowany czas czytania\" \/>\n\t<meta name=\"twitter:data1\" content=\"4 minuty\" \/>\n<script type=\"application\/ld+json\" class=\"yoast-schema-graph\">{\"@context\":\"https:\\\/\\\/schema.org\",\"@graph\":[{\"@type\":\"WebPage\",\"@id\":\"https:\\\/\\\/landioustravel.com\\\/pl\\\/shop\\\/poldniowa-wyprawa-ryba-hurghada\\\/\",\"url\":\"https:\\\/\\\/landioustravel.com\\\/pl\\\/shop\\\/poldniowa-wyprawa-ryba-hurghada\\\/\",\"name\":\"P\u00f3\u0142dniowa wyprawa na ryby Hurghada\",\"isPartOf\":{\"@id\":\"https:\\\/\\\/landioustravel.com\\\/pl\\\/#website\"},\"primaryImageOfPage\":{\"@id\":\"https:\\\/\\\/landioustravel.com\\\/pl\\\/shop\\\/poldniowa-wyprawa-ryba-hurghada\\\/#primaryimage\"},\"image\":{\"@id\":\"https:\\\/\\\/landioustravel.com\\\/pl\\\/shop\\\/poldniowa-wyprawa-ryba-hurghada\\\/#primaryimage\"},\"thumbnailUrl\":\"https:\\\/\\\/i0.wp.com\\\/landioustravel.com\\\/wp-content\\\/uploads\\\/2023\\\/01\\\/Fishing-Trip-El-Gouna-e1672532709968.jpg?fit=1200%2C675&ssl=1\",\"datePublished\":\"2023-06-02T00:29:27+00:00\",\"dateModified\":\"2024-01-10T22:01:10+00:00\",\"description\":\"P\u00f3\u0142dniowa wyprawa na ryby Hurghada Przygotuj si\u0119 na niezapomnian\u0105 przygod\u0119 w\u0119dkarsk\u0105 na \u0142odzi z transportem, kt\u00f3ry odbierze Ci\u0119 z hotelu. W cen\u0119 wliczony\",\"breadcrumb\":{\"@id\":\"https:\\\/\\\/landioustravel.com\\\/pl\\\/shop\\\/poldniowa-wyprawa-ryba-hurghada\\\/#breadcrumb\"},\"inLanguage\":\"pl-PL\",\"potentialAction\":[{\"@type\":\"ReadAction\",\"target\":[\"https:\\\/\\\/landioustravel.com\\\/pl\\\/shop\\\/poldniowa-wyprawa-ryba-hurghada\\\/\"]}]},{\"@type\":\"ImageObject\",\"inLanguage\":\"pl-PL\",\"@id\":\"https:\\\/\\\/landioustravel.com\\\/pl\\\/shop\\\/poldniowa-wyprawa-ryba-hurghada\\\/#primaryimage\",\"url\":\"https:\\\/\\\/i0.wp.com\\\/landioustravel.com\\\/wp-content\\\/uploads\\\/2023\\\/01\\\/Fishing-Trip-El-Gouna-e1672532709968.jpg?fit=1200%2C675&ssl=1\",\"contentUrl\":\"https:\\\/\\\/i0.wp.com\\\/landioustravel.com\\\/wp-content\\\/uploads\\\/2023\\\/01\\\/Fishing-Trip-El-Gouna-e1672532709968.jpg?fit=1200%2C675&ssl=1\",\"width\":1200,\"height\":675,\"caption\":\"Fishing Trip El Gouna\"},{\"@type\":\"BreadcrumbList\",\"@id\":\"https:\\\/\\\/landioustravel.com\\\/pl\\\/shop\\\/poldniowa-wyprawa-ryba-hurghada\\\/#breadcrumb\",\"itemListElement\":[{\"@type\":\"ListItem\",\"position\":1,\"name\":\"Home\",\"item\":\"https:\\\/\\\/landioustravel.com\\\/pl\\\/\"},{\"@type\":\"ListItem\",\"position\":2,\"name\":\"Us\u0142ugi i wycieczki\",\"item\":\"https:\\\/\\\/landioustravel.com\\\/pl\\\/\"},{\"@type\":\"ListItem\",\"position\":3,\"name\":\"P\u00f3\u0142dniowa wyprawa na ryby Hurghada\"}]},{\"@type\":\"WebSite\",\"@id\":\"https:\\\/\\\/landioustravel.com\\\/pl\\\/#website\",\"url\":\"https:\\\/\\\/landioustravel.com\\\/pl\\\/\",\"name\":\"Landious Travel\",\"description\":\"Excursions, trips and cruises in Egypt\",\"publisher\":{\"@id\":\"https:\\\/\\\/landioustravel.com\\\/pl\\\/#organization\"},\"potentialAction\":[{\"@type\":\"SearchAction\",\"target\":{\"@type\":\"EntryPoint\",\"urlTemplate\":\"https:\\\/\\\/landioustravel.com\\\/pl\\\/?s={search_term_string}\"},\"query-input\":{\"@type\":\"PropertyValueSpecification\",\"valueRequired\":true,\"valueName\":\"search_term_string\"}}],\"inLanguage\":\"pl-PL\"},{\"@type\":[\"Organization\",\"Place\"],\"@id\":\"https:\\\/\\\/landioustravel.com\\\/pl\\\/#organization\",\"name\":\"Landious Travel\",\"alternateName\":\"Landious Travel\",\"url\":\"https:\\\/\\\/landioustravel.com\\\/pl\\\/\",\"logo\":{\"@id\":\"https:\\\/\\\/landioustravel.com\\\/pl\\\/shop\\\/poldniowa-wyprawa-ryba-hurghada\\\/#local-main-organization-logo\"},\"image\":{\"@id\":\"https:\\\/\\\/landioustravel.com\\\/pl\\\/shop\\\/poldniowa-wyprawa-ryba-hurghada\\\/#local-main-organization-logo\"},\"sameAs\":[\"https:\\\/\\\/web.facebook.com\\\/landiousEgypt\",\"https:\\\/\\\/x.com\\\/LandiousTours\",\"https:\\\/\\\/mastodon.social\\\/@landious\"],\"legalName\":\"Landious Travel\",\"telephone\":[],\"openingHoursSpecification\":[{\"@type\":\"OpeningHoursSpecification\",\"dayOfWeek\":[\"Monday\",\"Tuesday\",\"Wednesday\",\"Thursday\",\"Friday\",\"Saturday\",\"Sunday\"],\"opens\":\"09:00\",\"closes\":\"17:00\"}]},{\"@type\":\"ImageObject\",\"inLanguage\":\"pl-PL\",\"@id\":\"https:\\\/\\\/landioustravel.com\\\/pl\\\/shop\\\/poldniowa-wyprawa-ryba-hurghada\\\/#local-main-organization-logo\",\"url\":\"https:\\\/\\\/i0.wp.com\\\/landioustravel.com\\\/wp-content\\\/uploads\\\/2021\\\/06\\\/Landious-T.png?fit=500%2C500&ssl=1\",\"contentUrl\":\"https:\\\/\\\/i0.wp.com\\\/landioustravel.com\\\/wp-content\\\/uploads\\\/2021\\\/06\\\/Landious-T.png?fit=500%2C500&ssl=1\",\"width\":500,\"height\":500,\"caption\":\"Landious Travel\"}]}<\/script>\n<!-- \/ Yoast SEO Premium plugin. -->","yoast_head_json":{"title":"P\u00f3\u0142dniowa wyprawa na ryby Hurghada","description":"P\u00f3\u0142dniowa wyprawa na ryby Hurghada Przygotuj si\u0119 na niezapomnian\u0105 przygod\u0119 w\u0119dkarsk\u0105 na \u0142odzi z transportem, kt\u00f3ry odbierze Ci\u0119 z hotelu. W cen\u0119 wliczony","robots":{"index":"index","follow":"follow","max-snippet":"max-snippet:-1","max-image-preview":"max-image-preview:large","max-video-preview":"max-video-preview:-1"},"canonical":"https:\/\/landioustravel.com\/pl\/shop\/poldniowa-wyprawa-ryba-hurghada\/","og_locale":"pl_PL","og_type":"article","og_title":"P\u00f3\u0142dniowa wyprawa na ryby Hurghada","og_description":"Landious Travel","og_url":"https:\/\/landioustravel.com\/pl\/shop\/poldniowa-wyprawa-ryba-hurghada\/","og_site_name":"Landious Travel","article_publisher":"https:\/\/web.facebook.com\/landiousEgypt","article_modified_time":"2024-01-10T22:01:10+00:00","og_image":[{"width":1200,"height":675,"url":"https:\/\/i0.wp.com\/landioustravel.com\/wp-content\/uploads\/2023\/01\/Fishing-Trip-El-Gouna-e1672532709968.jpg?fit=1200%2C675&ssl=1","type":"image\/jpeg"}],"twitter_card":"summary_large_image","twitter_site":"@LandiousTours","twitter_misc":{"Szacowany czas czytania":"4 minuty"},"schema":{"@context":"https:\/\/schema.org","@graph":[{"@type":"WebPage","@id":"https:\/\/landioustravel.com\/pl\/shop\/poldniowa-wyprawa-ryba-hurghada\/","url":"https:\/\/landioustravel.com\/pl\/shop\/poldniowa-wyprawa-ryba-hurghada\/","name":"P\u00f3\u0142dniowa wyprawa na ryby Hurghada","isPartOf":{"@id":"https:\/\/landioustravel.com\/pl\/#website"},"primaryImageOfPage":{"@id":"https:\/\/landioustravel.com\/pl\/shop\/poldniowa-wyprawa-ryba-hurghada\/#primaryimage"},"image":{"@id":"https:\/\/landioustravel.com\/pl\/shop\/poldniowa-wyprawa-ryba-hurghada\/#primaryimage"},"thumbnailUrl":"https:\/\/i0.wp.com\/landioustravel.com\/wp-content\/uploads\/2023\/01\/Fishing-Trip-El-Gouna-e1672532709968.jpg?fit=1200%2C675&ssl=1","datePublished":"2023-06-02T00:29:27+00:00","dateModified":"2024-01-10T22:01:10+00:00","description":"P\u00f3\u0142dniowa wyprawa na ryby Hurghada Przygotuj si\u0119 na niezapomnian\u0105 przygod\u0119 w\u0119dkarsk\u0105 na \u0142odzi z transportem, kt\u00f3ry odbierze Ci\u0119 z hotelu. W cen\u0119 wliczony","breadcrumb":{"@id":"https:\/\/landioustravel.com\/pl\/shop\/poldniowa-wyprawa-ryba-hurghada\/#breadcrumb"},"inLanguage":"pl-PL","potentialAction":[{"@type":"ReadAction","target":["https:\/\/landioustravel.com\/pl\/shop\/poldniowa-wyprawa-ryba-hurghada\/"]}]},{"@type":"ImageObject","inLanguage":"pl-PL","@id":"https:\/\/landioustravel.com\/pl\/shop\/poldniowa-wyprawa-ryba-hurghada\/#primaryimage","url":"https:\/\/i0.wp.com\/landioustravel.com\/wp-content\/uploads\/2023\/01\/Fishing-Trip-El-Gouna-e1672532709968.jpg?fit=1200%2C675&ssl=1","contentUrl":"https:\/\/i0.wp.com\/landioustravel.com\/wp-content\/uploads\/2023\/01\/Fishing-Trip-El-Gouna-e1672532709968.jpg?fit=1200%2C675&ssl=1","width":1200,"height":675,"caption":"Fishing Trip El Gouna"},{"@type":"BreadcrumbList","@id":"https:\/\/landioustravel.com\/pl\/shop\/poldniowa-wyprawa-ryba-hurghada\/#breadcrumb","itemListElement":[{"@type":"ListItem","position":1,"name":"Home","item":"https:\/\/landioustravel.com\/pl\/"},{"@type":"ListItem","position":2,"name":"Us\u0142ugi i wycieczki","item":"https:\/\/landioustravel.com\/pl\/"},{"@type":"ListItem","position":3,"name":"P\u00f3\u0142dniowa wyprawa na ryby Hurghada"}]},{"@type":"WebSite","@id":"https:\/\/landioustravel.com\/pl\/#website","url":"https:\/\/landioustravel.com\/pl\/","name":"Landious Travel","description":"Excursions, trips and cruises in Egypt","publisher":{"@id":"https:\/\/landioustravel.com\/pl\/#organization"},"potentialAction":[{"@type":"SearchAction","target":{"@type":"EntryPoint","urlTemplate":"https:\/\/landioustravel.com\/pl\/?s={search_term_string}"},"query-input":{"@type":"PropertyValueSpecification","valueRequired":true,"valueName":"search_term_string"}}],"inLanguage":"pl-PL"},{"@type":["Organization","Place"],"@id":"https:\/\/landioustravel.com\/pl\/#organization","name":"Landious Travel","alternateName":"Landious Travel","url":"https:\/\/landioustravel.com\/pl\/","logo":{"@id":"https:\/\/landioustravel.com\/pl\/shop\/poldniowa-wyprawa-ryba-hurghada\/#local-main-organization-logo"},"image":{"@id":"https:\/\/landioustravel.com\/pl\/shop\/poldniowa-wyprawa-ryba-hurghada\/#local-main-organization-logo"},"sameAs":["https:\/\/web.facebook.com\/landiousEgypt","https:\/\/x.com\/LandiousTours","https:\/\/mastodon.social\/@landious"],"legalName":"Landious Travel","telephone":[],"openingHoursSpecification":[{"@type":"OpeningHoursSpecification","dayOfWeek":["Monday","Tuesday","Wednesday","Thursday","Friday","Saturday","Sunday"],"opens":"09:00","closes":"17:00"}]},{"@type":"ImageObject","inLanguage":"pl-PL","@id":"https:\/\/landioustravel.com\/pl\/shop\/poldniowa-wyprawa-ryba-hurghada\/#local-main-organization-logo","url":"https:\/\/i0.wp.com\/landioustravel.com\/wp-content\/uploads\/2021\/06\/Landious-T.png?fit=500%2C500&ssl=1","contentUrl":"https:\/\/i0.wp.com\/landioustravel.com\/wp-content\/uploads\/2021\/06\/Landious-T.png?fit=500%2C500&ssl=1","width":500,"height":500,"caption":"Landious Travel"}]}},"jetpack_publicize_connections":[],"uagb_featured_image_src":{"full":["https:\/\/i0.wp.com\/landioustravel.com\/wp-content\/uploads\/2023\/01\/Fishing-Trip-El-Gouna-e1672532709968.jpg?fit=1200%2C675&ssl=1",1200,675,false],"thumbnail":["https:\/\/i0.wp.com\/landioustravel.com\/wp-content\/uploads\/2023\/01\/Fishing-Trip-El-Gouna-e1672532709968.jpg?resize=150%2C150&ssl=1",150,150,true],"medium":["https:\/\/i0.wp.com\/landioustravel.com\/wp-content\/uploads\/2023\/01\/Fishing-Trip-El-Gouna-e1672532709968.jpg?fit=300%2C169&ssl=1",300,169,true],"medium_large":["https:\/\/i0.wp.com\/landioustravel.com\/wp-content\/uploads\/2023\/01\/Fishing-Trip-El-Gouna-e1672532709968.jpg?fit=768%2C432&ssl=1",768,432,true],"large":["https:\/\/i0.wp.com\/landioustravel.com\/wp-content\/uploads\/2023\/01\/Fishing-Trip-El-Gouna-e1672532709968.jpg?fit=980%2C551&ssl=1",980,551,true],"1536x1536":["https:\/\/i0.wp.com\/landioustravel.com\/wp-content\/uploads\/2023\/01\/Fishing-Trip-El-Gouna-e1672532709968.jpg?fit=1200%2C675&ssl=1",1200,675,true],"2048x2048":["https:\/\/i0.wp.com\/landioustravel.com\/wp-content\/uploads\/2023\/01\/Fishing-Trip-El-Gouna-e1672532709968.jpg?fit=1200%2C675&ssl=1",1200,675,true],"newspack-article-block-landscape-large":["https:\/\/i0.wp.com\/landioustravel.com\/wp-content\/uploads\/2023\/01\/Fishing-Trip-El-Gouna-e1672532709968.jpg?resize=1200%2C675&ssl=1",1200,675,true],"newspack-article-block-portrait-large":["https:\/\/i0.wp.com\/landioustravel.com\/wp-content\/uploads\/2023\/01\/Fishing-Trip-El-Gouna-e1672532709968.jpg?resize=900%2C675&ssl=1",900,675,true],"newspack-article-block-square-large":["https:\/\/i0.wp.com\/landioustravel.com\/wp-content\/uploads\/2023\/01\/Fishing-Trip-El-Gouna-e1672532709968.jpg?resize=1200%2C675&ssl=1",1200,675,true],"newspack-article-block-landscape-medium":["https:\/\/i0.wp.com\/landioustravel.com\/wp-content\/uploads\/2023\/01\/Fishing-Trip-El-Gouna-e1672532709968.jpg?resize=800%2C600&ssl=1",800,600,true],"newspack-article-block-portrait-medium":["https:\/\/i0.wp.com\/landioustravel.com\/wp-content\/uploads\/2023\/01\/Fishing-Trip-El-Gouna-e1672532709968.jpg?resize=600%2C675&ssl=1",600,675,true],"newspack-article-block-square-medium":["https:\/\/i0.wp.com\/landioustravel.com\/wp-content\/uploads\/2023\/01\/Fishing-Trip-El-Gouna-e1672532709968.jpg?resize=800%2C675&ssl=1",800,675,true],"newspack-article-block-landscape-intermediate":["https:\/\/i0.wp.com\/landioustravel.com\/wp-content\/uploads\/2023\/01\/Fishing-Trip-El-Gouna-e1672532709968.jpg?resize=600%2C450&ssl=1",600,450,true],"newspack-article-block-portrait-intermediate":["https:\/\/i0.wp.com\/landioustravel.com\/wp-content\/uploads\/2023\/01\/Fishing-Trip-El-Gouna-e1672532709968.jpg?resize=450%2C600&ssl=1",450,600,true],"newspack-article-block-square-intermediate":["https:\/\/i0.wp.com\/landioustravel.com\/wp-content\/uploads\/2023\/01\/Fishing-Trip-El-Gouna-e1672532709968.jpg?resize=600%2C600&ssl=1",600,600,true],"newspack-article-block-landscape-small":["https:\/\/i0.wp.com\/landioustravel.com\/wp-content\/uploads\/2023\/01\/Fishing-Trip-El-Gouna-e1672532709968.jpg?resize=400%2C300&ssl=1",400,300,true],"newspack-article-block-portrait-small":["https:\/\/i0.wp.com\/landioustravel.com\/wp-content\/uploads\/2023\/01\/Fishing-Trip-El-Gouna-e1672532709968.jpg?resize=300%2C400&ssl=1",300,400,true],"newspack-article-block-square-small":["https:\/\/i0.wp.com\/landioustravel.com\/wp-content\/uploads\/2023\/01\/Fishing-Trip-El-Gouna-e1672532709968.jpg?resize=400%2C400&ssl=1",400,400,true],"newspack-article-block-landscape-tiny":["https:\/\/i0.wp.com\/landioustravel.com\/wp-content\/uploads\/2023\/01\/Fishing-Trip-El-Gouna-e1672532709968.jpg?resize=200%2C150&ssl=1",200,150,true],"newspack-article-block-portrait-tiny":["https:\/\/i0.wp.com\/landioustravel.com\/wp-content\/uploads\/2023\/01\/Fishing-Trip-El-Gouna-e1672532709968.jpg?resize=150%2C200&ssl=1",150,200,true],"newspack-article-block-square-tiny":["https:\/\/i0.wp.com\/landioustravel.com\/wp-content\/uploads\/2023\/01\/Fishing-Trip-El-Gouna-e1672532709968.jpg?resize=200%2C200&ssl=1",200,200,true],"newspack-article-block-uncropped":["https:\/\/i0.wp.com\/landioustravel.com\/wp-content\/uploads\/2023\/01\/Fishing-Trip-El-Gouna-e1672532709968.jpg?fit=1200%2C675&ssl=1",1200,675,true],"woocommerce_thumbnail":["https:\/\/i0.wp.com\/landioustravel.com\/wp-content\/uploads\/2023\/01\/Fishing-Trip-El-Gouna-e1672532709968.jpg?resize=324%2C324&ssl=1",324,324,true],"woocommerce_single":["https:\/\/i0.wp.com\/landioustravel.com\/wp-content\/uploads\/2023\/01\/Fishing-Trip-El-Gouna-e1672532709968.jpg?fit=416%2C234&ssl=1",416,234,true],"woocommerce_gallery_thumbnail":["https:\/\/i0.wp.com\/landioustravel.com\/wp-content\/uploads\/2023\/01\/Fishing-Trip-El-Gouna-e1672532709968.jpg?resize=100%2C100&ssl=1",100,100,true]},"uagb_author_info":{"display_name":"Mofreh Landious","author_link":"https:\/\/landioustravel.com\/pl\/author\/"},"uagb_comment_info":0,"uagb_excerpt":"Przygotuj si\u0119 na niezapomnian\u0105 przygod\u0119 w\u0119dkarsk\u0105 na \u0142odzi z transportem, kt\u00f3ry odbierze Ci\u0119 z hotelu. W cen\u0119 wliczony jest sprz\u0119t pok\u0142adowy do w\u0119dkowania, nurkowania z rurk\u0105 i akwalungiem. Zostaniesz r\u00f3wnie\u017c potraktowany otwartym lunchem z owocami morza w formie bufetu! Do\u015bwiadczony przewodnik b\u0119dzie Ci towarzyszy\u0142 w dniu po\u0142ow\u00f3w w Morzu Czerwonym, kt\u00f3ry zawsze b\u0119dziesz pami\u0119ta\u0107. Z\u0142ap&hellip;","jetpack_sharing_enabled":true,"jetpack_likes_enabled":true,"amp_enabled":true,"_links":{"self":[{"href":"https:\/\/landioustravel.com\/pl\/wp-json\/wp\/v2\/product\/143296","targetHints":{"allow":["GET"]}}],"collection":[{"href":"https:\/\/landioustravel.com\/pl\/wp-json\/wp\/v2\/product"}],"about":[{"href":"https:\/\/landioustravel.com\/pl\/wp-json\/wp\/v2\/types\/product"}],"replies":[{"embeddable":true,"href":"https:\/\/landioustravel.com\/pl\/wp-json\/wp\/v2\/comments?post=143296"}],"wp:featuredmedia":[{"embeddable":true,"href":"https:\/\/landioustravel.com\/pl\/wp-json\/wp\/v2\/media\/134106"}],"wp:attachment":[{"href":"https:\/\/landioustravel.com\/pl\/wp-json\/wp\/v2\/media?parent=143296"}],"wp:term":[{"taxonomy":"product_brand","embeddable":true,"href":"https:\/\/landioustravel.com\/pl\/wp-json\/wp\/v2\/product_brand?post=143296"},{"taxonomy":"product_cat","embeddable":true,"href":"https:\/\/landioustravel.com\/pl\/wp-json\/wp\/v2\/product_cat?post=143296"},{"taxonomy":"product_tag","embeddable":true,"href":"https:\/\/landioustravel.com\/pl\/wp-json\/wp\/v2\/product_tag?post=143296"}],"curies":[{"name":"wp","href":"https:\/\/api.w.org\/{rel}","templated":true}]}}