{"id":2509,"date":"2023-03-28T02:23:35","date_gmt":"2019-02-22T09:23:35","guid":{"rendered":"https:\/\/landioustravel.com\/product\/wycieczka-super-gouna-hurghady\/"},"modified":"2024-04-24T19:23:39","modified_gmt":"2024-04-24T17:23:39","slug":"wycieczka-super-gouna-hurghady","status":"publish","type":"product","link":"https:\/\/landioustravel.com\/pl\/shop\/wycieczka-super-gouna-hurghady\/","title":{"rendered":"Wycieczka Super Gouna z Hurghady"},"content":{"rendered":"<p>Fantastyczna podr\u00f3\u017c morska do egipskiej Wenecji w Hurghadzie! Polecamy wycieczk\u0119, poniewa\u017c pozwala turystom dobrze si\u0119 bawi\u0107 p\u0142ywaj\u0105c w morzu. Pozwala tak\u017ce zobaczy\u0107 pi\u0119kne korale i r\u00f3\u017cnorodne ryby oraz delektowa\u0107 si\u0119 piknikiem \u0142odzi nad Morzem Czerwonym. Wycieczka daje mo\u017cliwo\u015b\u0107 odnalezienia si\u0119 w egipskiej Wenecji _ El Gouna i p\u0142ywania z delfinami!<\/p>\n<h2>G\u0142\u00f3wne punkty programu wycieczki w El Gouna<\/h2>\n<ul>\n<li>P\u0142ywanie z delfinami na otwartym morzu<\/li>\n<li>Nurkowanie z rurk\u0105<\/li>\n<li>Obiad<\/li>\n<li>Ogl\u0105danie \u017cycia morskiego na p\u00f3\u0142-\u0142odzi podwodnej<\/li>\n<li>Zwiedzanie wycieczki motor\u00f3wk\u0105 po El Gounie<\/li>\n<li>Wycieczka piesza po El-Gounie<\/li>\n<\/ul>\n<h3>Program wycieczek do El Gouny z Hurghady<\/h3>\n<ul>\n<li>Odbierzemy ci\u0119 z hotelu oko\u0142o godziny 08:00<\/li>\n<li>Po zabraniu wszystkich ch\u0119tnych autobus jedzie do portu. Droga do portu trwa oko\u0142o 35 minut<\/li>\n<li>W porcie znajdziesz sw\u00f3j jacht. Jest du\u017cy i szykowny! Jacht sk\u0142ada si\u0119 z dw\u00f3ch pi\u0119ter. Jak tylko dostaniesz si\u0119 do jachtu, musisz zdj\u0105\u0107 obuwie i wznie\u015b\u0107 si\u0119 na drugim pi\u0119trze do opalania na g\u00f3rnym pok\u0142adzie s\u0142onecznym<\/li>\n<li>Jacht przechodzi przez Morze Czerwone, gdy tylko grupa si\u0119 zgromadzi. Ponadto, na pi\u0119knym morskim miejscu koralowc\u00f3w, pierwszy przystanek na otwartym morzu. Tam mo\u017cna p\u0142ywa\u0107 z delfinami i fajk\u0105 z maskami i p\u0142etwami<\/li>\n<li>Po tym cudownym przystanku jacht porusza si\u0119 w kierunku pi\u0119knego miasta El-Gouna<\/li>\n<li>Gdy znajdziesz si\u0119 ju\u017c tak blisko egipskiej Wenecji, we\u017a motor\u00f3wk\u0119, aby bli\u017cej przyjrze\u0107 si\u0119 El Gounie. \u0141\u00f3d\u017a przechodzi przez kana\u0142y egipskiej Wenecji, aby zobaczy\u0107 to miejsce od wewn\u0105trz, a przewodnik poka\u017ce i poda informacje o tym miejscu<\/li>\n<li>Po takiej wycieczce wyl\u0105dujesz na El-Gouna, aby rozpocz\u0105\u0107 wycieczk\u0119 piesz\u0105 w tym miejscu. Ponownie przewodnik towarzyszy Ci i pokazuje zabytki w El Gounie<\/li>\n<li>W El-Gounie mo\u017cna zobaczy\u0107 podwodny \u015bwiat na p\u00f3\u0142-\u0142odzi podwodnej. P\u00f3\u0142-\u0142\u00f3d\u017a podwodna znajduje si\u0119 w porcie egipskiej Wenecji<\/li>\n<li>Nast\u0119pnie zabieramy ci\u0119 z powrotem na jacht. Na pierwszym pi\u0119trze twojej \u0142odzi grupa zbiera si\u0119 na lunch. W porze lunchu bufet b\u0119dzie otwarty<\/li>\n<li>Ten program wycieczek w El Gouna ko\u0144czy si\u0119 oko\u0142o 16:30<\/li>\n<\/ul>\n<h4>Co wliczone jest w cen\u0119 podr\u00f3\u017cy<\/h4>\n<ul>\n<li>Maski i p\u0142etwy<\/li>\n<li>Jedzenie napoje<\/li>\n<li>Przejazd do portu i powr\u00f3t do hotelu<\/li>\n<\/ul>\n<h5>Co nie jest wliczone w cen\u0119 wycieczki<\/h5>\n<ul>\n<li>DVD wideo<\/li>\n<li>Photo CD<\/li>\n<\/ul>\n<h6>CO ZAWIERA\u0106 Z TOB\u0104 NA TOUR<\/h6>\n<ul>\n<li>R\u0119cznik<\/li>\n<li>Krem do opalania<\/li>\n<\/ul>\n<h6>DNI ORGANIZACJI WYCIECZKOWEJ<\/h6>\n<ul>\n<li>Codziennie od 08: 00-17: 00<\/li>\n<\/ul>\n","protected":false},"excerpt":{"rendered":"<p>Prze\u017cyj wspania\u0142e i t\u0119tni\u0105ce \u017cyciem miasto El Gouna podczas ekscytuj\u0105cej wycieczki \u0142odzi\u0105, kt\u00f3ra zapiera dech w piersiach. Nasza wycieczka ma na celu zapewnienie niezapomnianych wra\u017ce\u0144, bogatych w rozrywk\u0119 i przygod\u0119.<\/p>\n<p>Zabierzemy Ci\u0119 wygodnym statkiem z wybrze\u017cy Hurghady do El Gouny, znanej r\u00f3wnie\u017c jako Wenecja Egiptu. Po drodze b\u0119dziesz mia\u0142 okazj\u0119 zobaczy\u0107 zapieraj\u0105ce dech w piersiach delfiny w ich naturalnym \u015brodowisku w Dolphin House. Mo\u017cesz tak\u017ce zrobi\u0107 sobie przerw\u0119 na ryby i nurkowanie, zanim wyruszymy na El Gouna.<\/p>\n<p>El Gouna to niewielka miejscowo\u015b\u0107 po\u0142o\u017cona oko\u0142o 20 km na p\u00f3\u0142noc od Hurghady nad Morzem Czerwonym. S\u0142ynie z rozleg\u0142ych piaszczystych pla\u017c i \u015bwietnych warunk\u00f3w wietrznych, co czyni go popularnym miejscem dla nurk\u00f3w i surfer\u00f3w. B\u0119dziesz oczarowany tradycyjn\u0105 architektur\u0105 dom\u00f3w ustawionych wzd\u0142u\u017c alejek, przenosz\u0105cych prosto do Orientu.<\/p>\n<p>Podczas wycieczki \u0142odzi\u0105 b\u0119dziesz mia\u0142 okazj\u0119 p\u0142ywa\u0107 i nurkowa\u0107 z mask\u0105 i p\u0142etwami. Zaraz po przybyciu do El Gouna rozpoczniesz rejs motor\u00f3wk\u0105 po kana\u0142ach wodnych i lagunach tego kurortu. Mo\u017cesz nawet ogl\u0105da\u0107 podwodny \u015bwiat z p\u00f3\u0142-\u0142odzi podwodnej. Cena wycieczki obejmuje obiad i nap\u00f3j.<\/p>\n<p>Nasz zesp\u00f3\u0142 profesjonalnych przewodnik\u00f3w b\u0119dzie s\u0142u\u017cy\u0142 pomoc\u0105 podczas ca\u0142ej podr\u00f3\u017cy, zapewniaj\u0105c niezapomniane wra\u017cenia. Rozumiemy, jak wa\u017cne jest, aby Twoja podr\u00f3\u017c by\u0142a wygodna i przyjemna, dlatego zapewniamy wysokiej klasy transfery z Twojego hotelu klimatyzowanymi pojazdami.<\/p>\n<p>Chcemy, aby\u015b mia\u0142 do\u015bwiadczenie, kt\u00f3re b\u0119dziesz piel\u0119gnowa\u0107 przez ca\u0142e \u017cycie. Dlatego oferujemy ca\u0142y niezb\u0119dny sprz\u0119t do w\u0119dkowania i snorkelingu, a nawet sport\u00f3w wodnych. Mo\u017cesz robi\u0107 zdj\u0119cia przez ca\u0142\u0105 podr\u00f3\u017c, aby uchwyci\u0107 te cenne chwile.<\/p>\n<p>Nie przegap tej okazji, aby pozna\u0107 El Goun\u0119 i jej bogat\u0105 histori\u0119. Po wycieczce \u0142odzi\u0105 zabierzemy Ci\u0119 z powrotem do hotelu w Hurghadzie. Czas powrotu to 16:30. Zarezerwuj wycieczk\u0119 ju\u017c teraz i pozw\u00f3l nam zabra\u0107 Ci\u0119 w podr\u00f3\u017c, kt\u00f3rej nigdy nie zapomnisz!<\/p>\n","protected":false},"featured_media":46489,"comment_status":"open","ping_status":"closed","template":"","meta":{"_coblocks_attr":"","_coblocks_dimensions":"","_coblocks_responsive_height":"","_coblocks_accordion_ie_support":"","_uag_custom_page_level_css":"","jetpack_publicize_message":"","jetpack_publicize_feature_enabled":true,"jetpack_social_post_already_shared":false,"jetpack_social_options":{"image_generator_settings":{"template":"highway","default_image_id":0,"font":"","enabled":false},"version":2},"_wpas_customize_per_network":false},"product_brand":[],"product_cat":[1949,1943],"product_tag":[1955,1957,1956,22821,22823,1970,1961,2146,1959],"class_list":{"0":"post-2509","1":"product","2":"type-product","3":"status-publish","4":"has-post-thumbnail","6":"product_cat-wycieczki-morskie-hurghadzie","7":"product_cat-wycieczki-w-hurghadzie","8":"product_tag-dom-delfinow","9":"product_tag-el-gounie","10":"product_tag-hurghada-pl","11":"product_tag-morze","12":"product_tag-nurkowanie-z-rurka","13":"product_tag-pol-lodzi-podwodne","14":"product_tag-wycieczka","15":"product_tag-wycieczki-z-hurghady","16":"product_tag-wycieczki-lodzia","17":"pa_age-dorosly","18":"pa_age-dziecko-1-4-lata","19":"pa_age-dziecko-5-11-lat","21":"first","22":"instock","23":"sale","24":"purchasable","25":"product-type-variable"},"yoast_head":"<!-- This site is optimized with the Yoast SEO Premium plugin v27.5 (Yoast SEO v27.5) - https:\/\/yoast.com\/product\/yoast-seo-premium-wordpress\/ -->\n<title>Wycieczka Super Gouna z Hurghady<\/title>\n<meta name=\"description\" content=\"Wycieczka Super Gouna z Hurghady Prze\u017cyj wspania\u0142e i t\u0119tni\u0105ce \u017cyciem miasto El Gouna podczas ekscytuj\u0105cej wycieczki \u0142odzi\u0105, kt\u00f3ra zapiera dech w piersiach.\" \/>\n<meta name=\"robots\" content=\"index, follow, max-snippet:-1, max-image-preview:large, max-video-preview:-1\" \/>\n<link rel=\"canonical\" href=\"https:\/\/landioustravel.com\/pl\/shop\/wycieczka-super-gouna-hurghady\/\" \/>\n<meta property=\"og:locale\" content=\"pl_PL\" \/>\n<meta property=\"og:type\" content=\"article\" \/>\n<meta property=\"og:title\" content=\"Wycieczka Super Gouna z Hurghady\" \/>\n<meta property=\"og:description\" content=\"Landious Travel\" \/>\n<meta property=\"og:url\" content=\"https:\/\/landioustravel.com\/pl\/shop\/wycieczka-super-gouna-hurghady\/\" \/>\n<meta property=\"og:site_name\" content=\"Landious Travel\" \/>\n<meta property=\"article:publisher\" content=\"https:\/\/web.facebook.com\/landiousEgypt\" \/>\n<meta property=\"article:modified_time\" content=\"2024-04-24T17:23:39+00:00\" \/>\n<meta property=\"og:image\" content=\"https:\/\/landioustravel.com\/wp-content\/uploads\/2019\/02\/Super-Gouna-Trip-Hurghada-e1617742910305.jpg\" \/>\n\t<meta property=\"og:image:width\" content=\"1200\" \/>\n\t<meta property=\"og:image:height\" content=\"675\" \/>\n\t<meta property=\"og:image:type\" content=\"image\/jpeg\" \/>\n<meta name=\"twitter:card\" content=\"summary_large_image\" \/>\n<meta name=\"twitter:site\" content=\"@LandiousTours\" \/>\n<meta name=\"twitter:label1\" content=\"Szacowany czas czytania\" \/>\n\t<meta name=\"twitter:data1\" content=\"2 minuty\" \/>\n<script type=\"application\/ld+json\" class=\"yoast-schema-graph\">{\"@context\":\"https:\\\/\\\/schema.org\",\"@graph\":[{\"@type\":\"WebPage\",\"@id\":\"https:\\\/\\\/landioustravel.com\\\/pl\\\/shop\\\/wycieczka-super-gouna-hurghady\\\/\",\"url\":\"https:\\\/\\\/landioustravel.com\\\/pl\\\/shop\\\/wycieczka-super-gouna-hurghady\\\/\",\"name\":\"Wycieczka Super Gouna z Hurghady\",\"isPartOf\":{\"@id\":\"https:\\\/\\\/landioustravel.com\\\/pl\\\/#website\"},\"primaryImageOfPage\":{\"@id\":\"https:\\\/\\\/landioustravel.com\\\/pl\\\/shop\\\/wycieczka-super-gouna-hurghady\\\/#primaryimage\"},\"image\":{\"@id\":\"https:\\\/\\\/landioustravel.com\\\/pl\\\/shop\\\/wycieczka-super-gouna-hurghady\\\/#primaryimage\"},\"thumbnailUrl\":\"https:\\\/\\\/i0.wp.com\\\/landioustravel.com\\\/wp-content\\\/uploads\\\/2019\\\/02\\\/Super-Gouna-Trip-Hurghada-e1617742910305.jpg?fit=1200%2C675&ssl=1\",\"datePublished\":\"2019-02-22T09:23:35+00:00\",\"dateModified\":\"2024-04-24T17:23:39+00:00\",\"description\":\"Wycieczka Super Gouna z Hurghady Prze\u017cyj wspania\u0142e i t\u0119tni\u0105ce \u017cyciem miasto El Gouna podczas ekscytuj\u0105cej wycieczki \u0142odzi\u0105, kt\u00f3ra zapiera dech w piersiach.\",\"breadcrumb\":{\"@id\":\"https:\\\/\\\/landioustravel.com\\\/pl\\\/shop\\\/wycieczka-super-gouna-hurghady\\\/#breadcrumb\"},\"inLanguage\":\"pl-PL\",\"potentialAction\":[{\"@type\":\"ReadAction\",\"target\":[\"https:\\\/\\\/landioustravel.com\\\/pl\\\/shop\\\/wycieczka-super-gouna-hurghady\\\/\"]}]},{\"@type\":\"ImageObject\",\"inLanguage\":\"pl-PL\",\"@id\":\"https:\\\/\\\/landioustravel.com\\\/pl\\\/shop\\\/wycieczka-super-gouna-hurghady\\\/#primaryimage\",\"url\":\"https:\\\/\\\/i0.wp.com\\\/landioustravel.com\\\/wp-content\\\/uploads\\\/2019\\\/02\\\/Super-Gouna-Trip-Hurghada-e1617742910305.jpg?fit=1200%2C675&ssl=1\",\"contentUrl\":\"https:\\\/\\\/i0.wp.com\\\/landioustravel.com\\\/wp-content\\\/uploads\\\/2019\\\/02\\\/Super-Gouna-Trip-Hurghada-e1617742910305.jpg?fit=1200%2C675&ssl=1\",\"width\":1200,\"height\":675,\"caption\":\"Super Gouna Trip Hurghada\"},{\"@type\":\"BreadcrumbList\",\"@id\":\"https:\\\/\\\/landioustravel.com\\\/pl\\\/shop\\\/wycieczka-super-gouna-hurghady\\\/#breadcrumb\",\"itemListElement\":[{\"@type\":\"ListItem\",\"position\":1,\"name\":\"Home\",\"item\":\"https:\\\/\\\/landioustravel.com\\\/pl\\\/\"},{\"@type\":\"ListItem\",\"position\":2,\"name\":\"Us\u0142ugi i wycieczki\",\"item\":\"https:\\\/\\\/landioustravel.com\\\/pl\\\/\"},{\"@type\":\"ListItem\",\"position\":3,\"name\":\"Wycieczka Super Gouna z Hurghady\"}]},{\"@type\":\"WebSite\",\"@id\":\"https:\\\/\\\/landioustravel.com\\\/pl\\\/#website\",\"url\":\"https:\\\/\\\/landioustravel.com\\\/pl\\\/\",\"name\":\"Landious Travel\",\"description\":\"Excursions, trips and cruises in Egypt\",\"publisher\":{\"@id\":\"https:\\\/\\\/landioustravel.com\\\/pl\\\/#organization\"},\"potentialAction\":[{\"@type\":\"SearchAction\",\"target\":{\"@type\":\"EntryPoint\",\"urlTemplate\":\"https:\\\/\\\/landioustravel.com\\\/pl\\\/?s={search_term_string}\"},\"query-input\":{\"@type\":\"PropertyValueSpecification\",\"valueRequired\":true,\"valueName\":\"search_term_string\"}}],\"inLanguage\":\"pl-PL\"},{\"@type\":[\"Organization\",\"Place\"],\"@id\":\"https:\\\/\\\/landioustravel.com\\\/pl\\\/#organization\",\"name\":\"Landious Travel\",\"alternateName\":\"Landious Travel\",\"url\":\"https:\\\/\\\/landioustravel.com\\\/pl\\\/\",\"logo\":{\"@id\":\"https:\\\/\\\/landioustravel.com\\\/pl\\\/shop\\\/wycieczka-super-gouna-hurghady\\\/#local-main-organization-logo\"},\"image\":{\"@id\":\"https:\\\/\\\/landioustravel.com\\\/pl\\\/shop\\\/wycieczka-super-gouna-hurghady\\\/#local-main-organization-logo\"},\"sameAs\":[\"https:\\\/\\\/web.facebook.com\\\/landiousEgypt\",\"https:\\\/\\\/x.com\\\/LandiousTours\",\"https:\\\/\\\/mastodon.social\\\/@landious\"],\"legalName\":\"Landious Travel\",\"telephone\":[],\"openingHoursSpecification\":[{\"@type\":\"OpeningHoursSpecification\",\"dayOfWeek\":[\"Monday\",\"Tuesday\",\"Wednesday\",\"Thursday\",\"Friday\",\"Saturday\",\"Sunday\"],\"opens\":\"09:00\",\"closes\":\"17:00\"}]},{\"@type\":\"ImageObject\",\"inLanguage\":\"pl-PL\",\"@id\":\"https:\\\/\\\/landioustravel.com\\\/pl\\\/shop\\\/wycieczka-super-gouna-hurghady\\\/#local-main-organization-logo\",\"url\":\"https:\\\/\\\/i0.wp.com\\\/landioustravel.com\\\/wp-content\\\/uploads\\\/2021\\\/06\\\/Landious-T.png?fit=500%2C500&ssl=1\",\"contentUrl\":\"https:\\\/\\\/i0.wp.com\\\/landioustravel.com\\\/wp-content\\\/uploads\\\/2021\\\/06\\\/Landious-T.png?fit=500%2C500&ssl=1\",\"width\":500,\"height\":500,\"caption\":\"Landious Travel\"}]}<\/script>\n<!-- \/ Yoast SEO Premium plugin. -->","yoast_head_json":{"title":"Wycieczka Super Gouna z Hurghady","description":"Wycieczka Super Gouna z Hurghady Prze\u017cyj wspania\u0142e i t\u0119tni\u0105ce \u017cyciem miasto El Gouna podczas ekscytuj\u0105cej wycieczki \u0142odzi\u0105, kt\u00f3ra zapiera dech w piersiach.","robots":{"index":"index","follow":"follow","max-snippet":"max-snippet:-1","max-image-preview":"max-image-preview:large","max-video-preview":"max-video-preview:-1"},"canonical":"https:\/\/landioustravel.com\/pl\/shop\/wycieczka-super-gouna-hurghady\/","og_locale":"pl_PL","og_type":"article","og_title":"Wycieczka Super Gouna z Hurghady","og_description":"Landious Travel","og_url":"https:\/\/landioustravel.com\/pl\/shop\/wycieczka-super-gouna-hurghady\/","og_site_name":"Landious Travel","article_publisher":"https:\/\/web.facebook.com\/landiousEgypt","article_modified_time":"2024-04-24T17:23:39+00:00","og_image":[{"width":1200,"height":675,"url":"https:\/\/landioustravel.com\/wp-content\/uploads\/2019\/02\/Super-Gouna-Trip-Hurghada-e1617742910305.jpg","type":"image\/jpeg"}],"twitter_card":"summary_large_image","twitter_site":"@LandiousTours","twitter_misc":{"Szacowany czas czytania":"2 minuty"},"schema":{"@context":"https:\/\/schema.org","@graph":[{"@type":"WebPage","@id":"https:\/\/landioustravel.com\/pl\/shop\/wycieczka-super-gouna-hurghady\/","url":"https:\/\/landioustravel.com\/pl\/shop\/wycieczka-super-gouna-hurghady\/","name":"Wycieczka Super Gouna z Hurghady","isPartOf":{"@id":"https:\/\/landioustravel.com\/pl\/#website"},"primaryImageOfPage":{"@id":"https:\/\/landioustravel.com\/pl\/shop\/wycieczka-super-gouna-hurghady\/#primaryimage"},"image":{"@id":"https:\/\/landioustravel.com\/pl\/shop\/wycieczka-super-gouna-hurghady\/#primaryimage"},"thumbnailUrl":"https:\/\/i0.wp.com\/landioustravel.com\/wp-content\/uploads\/2019\/02\/Super-Gouna-Trip-Hurghada-e1617742910305.jpg?fit=1200%2C675&ssl=1","datePublished":"2019-02-22T09:23:35+00:00","dateModified":"2024-04-24T17:23:39+00:00","description":"Wycieczka Super Gouna z Hurghady Prze\u017cyj wspania\u0142e i t\u0119tni\u0105ce \u017cyciem miasto El Gouna podczas ekscytuj\u0105cej wycieczki \u0142odzi\u0105, kt\u00f3ra zapiera dech w piersiach.","breadcrumb":{"@id":"https:\/\/landioustravel.com\/pl\/shop\/wycieczka-super-gouna-hurghady\/#breadcrumb"},"inLanguage":"pl-PL","potentialAction":[{"@type":"ReadAction","target":["https:\/\/landioustravel.com\/pl\/shop\/wycieczka-super-gouna-hurghady\/"]}]},{"@type":"ImageObject","inLanguage":"pl-PL","@id":"https:\/\/landioustravel.com\/pl\/shop\/wycieczka-super-gouna-hurghady\/#primaryimage","url":"https:\/\/i0.wp.com\/landioustravel.com\/wp-content\/uploads\/2019\/02\/Super-Gouna-Trip-Hurghada-e1617742910305.jpg?fit=1200%2C675&ssl=1","contentUrl":"https:\/\/i0.wp.com\/landioustravel.com\/wp-content\/uploads\/2019\/02\/Super-Gouna-Trip-Hurghada-e1617742910305.jpg?fit=1200%2C675&ssl=1","width":1200,"height":675,"caption":"Super Gouna Trip Hurghada"},{"@type":"BreadcrumbList","@id":"https:\/\/landioustravel.com\/pl\/shop\/wycieczka-super-gouna-hurghady\/#breadcrumb","itemListElement":[{"@type":"ListItem","position":1,"name":"Home","item":"https:\/\/landioustravel.com\/pl\/"},{"@type":"ListItem","position":2,"name":"Us\u0142ugi i wycieczki","item":"https:\/\/landioustravel.com\/pl\/"},{"@type":"ListItem","position":3,"name":"Wycieczka Super Gouna z Hurghady"}]},{"@type":"WebSite","@id":"https:\/\/landioustravel.com\/pl\/#website","url":"https:\/\/landioustravel.com\/pl\/","name":"Landious Travel","description":"Excursions, trips and cruises in Egypt","publisher":{"@id":"https:\/\/landioustravel.com\/pl\/#organization"},"potentialAction":[{"@type":"SearchAction","target":{"@type":"EntryPoint","urlTemplate":"https:\/\/landioustravel.com\/pl\/?s={search_term_string}"},"query-input":{"@type":"PropertyValueSpecification","valueRequired":true,"valueName":"search_term_string"}}],"inLanguage":"pl-PL"},{"@type":["Organization","Place"],"@id":"https:\/\/landioustravel.com\/pl\/#organization","name":"Landious Travel","alternateName":"Landious Travel","url":"https:\/\/landioustravel.com\/pl\/","logo":{"@id":"https:\/\/landioustravel.com\/pl\/shop\/wycieczka-super-gouna-hurghady\/#local-main-organization-logo"},"image":{"@id":"https:\/\/landioustravel.com\/pl\/shop\/wycieczka-super-gouna-hurghady\/#local-main-organization-logo"},"sameAs":["https:\/\/web.facebook.com\/landiousEgypt","https:\/\/x.com\/LandiousTours","https:\/\/mastodon.social\/@landious"],"legalName":"Landious Travel","telephone":[],"openingHoursSpecification":[{"@type":"OpeningHoursSpecification","dayOfWeek":["Monday","Tuesday","Wednesday","Thursday","Friday","Saturday","Sunday"],"opens":"09:00","closes":"17:00"}]},{"@type":"ImageObject","inLanguage":"pl-PL","@id":"https:\/\/landioustravel.com\/pl\/shop\/wycieczka-super-gouna-hurghady\/#local-main-organization-logo","url":"https:\/\/i0.wp.com\/landioustravel.com\/wp-content\/uploads\/2021\/06\/Landious-T.png?fit=500%2C500&ssl=1","contentUrl":"https:\/\/i0.wp.com\/landioustravel.com\/wp-content\/uploads\/2021\/06\/Landious-T.png?fit=500%2C500&ssl=1","width":500,"height":500,"caption":"Landious Travel"}]}},"jetpack_publicize_connections":[],"uagb_featured_image_src":{"full":["https:\/\/i0.wp.com\/landioustravel.com\/wp-content\/uploads\/2019\/02\/Super-Gouna-Trip-Hurghada-e1617742910305.jpg?fit=1200%2C675&ssl=1",1200,675,false],"thumbnail":["https:\/\/i0.wp.com\/landioustravel.com\/wp-content\/uploads\/2019\/02\/Super-Gouna-Trip-Hurghada-e1617742910305.jpg?resize=150%2C150&ssl=1",150,150,true],"medium":["https:\/\/i0.wp.com\/landioustravel.com\/wp-content\/uploads\/2019\/02\/Super-Gouna-Trip-Hurghada-e1617742910305.jpg?fit=300%2C169&ssl=1",300,169,true],"medium_large":["https:\/\/i0.wp.com\/landioustravel.com\/wp-content\/uploads\/2019\/02\/Super-Gouna-Trip-Hurghada-e1617742910305.jpg?fit=768%2C432&ssl=1",768,432,true],"large":["https:\/\/i0.wp.com\/landioustravel.com\/wp-content\/uploads\/2019\/02\/Super-Gouna-Trip-Hurghada-e1617742910305.jpg?fit=980%2C551&ssl=1",980,551,true],"1536x1536":["https:\/\/i0.wp.com\/landioustravel.com\/wp-content\/uploads\/2019\/02\/Super-Gouna-Trip-Hurghada-e1617742910305.jpg?fit=1536%2C864&ssl=1",1536,864,true],"2048x2048":["https:\/\/i0.wp.com\/landioustravel.com\/wp-content\/uploads\/2019\/02\/Super-Gouna-Trip-Hurghada-e1617742910305.jpg?fit=2048%2C1152&ssl=1",2048,1152,true],"newspack-article-block-landscape-large":["https:\/\/i0.wp.com\/landioustravel.com\/wp-content\/uploads\/2019\/02\/Super-Gouna-Trip-Hurghada-e1617742910305.jpg?resize=1200%2C675&ssl=1",1200,900,true],"newspack-article-block-portrait-large":["https:\/\/i0.wp.com\/landioustravel.com\/wp-content\/uploads\/2019\/02\/Super-Gouna-Trip-Hurghada-e1617742910305.jpg?resize=900%2C675&ssl=1",900,1200,true],"newspack-article-block-square-large":["https:\/\/i0.wp.com\/landioustravel.com\/wp-content\/uploads\/2019\/02\/Super-Gouna-Trip-Hurghada-e1617742910305.jpg?resize=1200%2C675&ssl=1",1200,1200,true],"newspack-article-block-landscape-medium":["https:\/\/i0.wp.com\/landioustravel.com\/wp-content\/uploads\/2019\/02\/Super-Gouna-Trip-Hurghada-e1617742910305.jpg?resize=800%2C600&ssl=1",800,600,true],"newspack-article-block-portrait-medium":["https:\/\/i0.wp.com\/landioustravel.com\/wp-content\/uploads\/2019\/02\/Super-Gouna-Trip-Hurghada-e1617742910305.jpg?resize=600%2C675&ssl=1",600,800,true],"newspack-article-block-square-medium":["https:\/\/i0.wp.com\/landioustravel.com\/wp-content\/uploads\/2019\/02\/Super-Gouna-Trip-Hurghada-e1617742910305.jpg?resize=800%2C675&ssl=1",800,800,true],"newspack-article-block-landscape-intermediate":["https:\/\/i0.wp.com\/landioustravel.com\/wp-content\/uploads\/2019\/02\/Super-Gouna-Trip-Hurghada-e1617742910305.jpg?resize=600%2C450&ssl=1",600,450,true],"newspack-article-block-portrait-intermediate":["https:\/\/i0.wp.com\/landioustravel.com\/wp-content\/uploads\/2019\/02\/Super-Gouna-Trip-Hurghada-e1617742910305.jpg?resize=450%2C600&ssl=1",450,600,true],"newspack-article-block-square-intermediate":["https:\/\/i0.wp.com\/landioustravel.com\/wp-content\/uploads\/2019\/02\/Super-Gouna-Trip-Hurghada-e1617742910305.jpg?resize=600%2C600&ssl=1",600,600,true],"newspack-article-block-landscape-small":["https:\/\/i0.wp.com\/landioustravel.com\/wp-content\/uploads\/2019\/02\/Super-Gouna-Trip-Hurghada-e1617742910305.jpg?resize=400%2C300&ssl=1",400,300,true],"newspack-article-block-portrait-small":["https:\/\/i0.wp.com\/landioustravel.com\/wp-content\/uploads\/2019\/02\/Super-Gouna-Trip-Hurghada-e1617742910305.jpg?resize=300%2C400&ssl=1",300,400,true],"newspack-article-block-square-small":["https:\/\/i0.wp.com\/landioustravel.com\/wp-content\/uploads\/2019\/02\/Super-Gouna-Trip-Hurghada-e1617742910305.jpg?resize=400%2C400&ssl=1",400,400,true],"newspack-article-block-landscape-tiny":["https:\/\/i0.wp.com\/landioustravel.com\/wp-content\/uploads\/2019\/02\/Super-Gouna-Trip-Hurghada-e1617742910305.jpg?resize=200%2C150&ssl=1",200,150,true],"newspack-article-block-portrait-tiny":["https:\/\/i0.wp.com\/landioustravel.com\/wp-content\/uploads\/2019\/02\/Super-Gouna-Trip-Hurghada-e1617742910305.jpg?resize=150%2C200&ssl=1",150,200,true],"newspack-article-block-square-tiny":["https:\/\/i0.wp.com\/landioustravel.com\/wp-content\/uploads\/2019\/02\/Super-Gouna-Trip-Hurghada-e1617742910305.jpg?resize=200%2C200&ssl=1",200,200,true],"newspack-article-block-uncropped":["https:\/\/i0.wp.com\/landioustravel.com\/wp-content\/uploads\/2019\/02\/Super-Gouna-Trip-Hurghada-e1617742910305.jpg?fit=1200%2C675&ssl=1",1200,675,true],"woocommerce_thumbnail":["https:\/\/i0.wp.com\/landioustravel.com\/wp-content\/uploads\/2019\/02\/Super-Gouna-Trip-Hurghada-e1617742910305.jpg?resize=324%2C324&ssl=1",324,324,true],"woocommerce_single":["https:\/\/i0.wp.com\/landioustravel.com\/wp-content\/uploads\/2019\/02\/Super-Gouna-Trip-Hurghada-e1617742910305.jpg?fit=416%2C234&ssl=1",416,234,true],"woocommerce_gallery_thumbnail":["https:\/\/i0.wp.com\/landioustravel.com\/wp-content\/uploads\/2019\/02\/Super-Gouna-Trip-Hurghada-e1617742910305.jpg?resize=100%2C100&ssl=1",100,100,true]},"uagb_author_info":{"display_name":"Mofreh Landious","author_link":"https:\/\/landioustravel.com\/pl\/author\/"},"uagb_comment_info":2,"uagb_excerpt":"Prze\u017cyj wspania\u0142e i t\u0119tni\u0105ce \u017cyciem miasto El Gouna podczas ekscytuj\u0105cej wycieczki \u0142odzi\u0105, kt\u00f3ra zapiera dech w piersiach. Nasza wycieczka ma na celu zapewnienie niezapomnianych wra\u017ce\u0144, bogatych w rozrywk\u0119 i przygod\u0119. Zabierzemy Ci\u0119 wygodnym statkiem z wybrze\u017cy Hurghady do El Gouny, znanej r\u00f3wnie\u017c jako Wenecja Egiptu. Po drodze b\u0119dziesz mia\u0142 okazj\u0119 zobaczy\u0107 zapieraj\u0105ce dech w piersiach&hellip;","jetpack_sharing_enabled":true,"jetpack_likes_enabled":true,"amp_enabled":true,"_links":{"self":[{"href":"https:\/\/landioustravel.com\/pl\/wp-json\/wp\/v2\/product\/2509","targetHints":{"allow":["GET"]}}],"collection":[{"href":"https:\/\/landioustravel.com\/pl\/wp-json\/wp\/v2\/product"}],"about":[{"href":"https:\/\/landioustravel.com\/pl\/wp-json\/wp\/v2\/types\/product"}],"replies":[{"embeddable":true,"href":"https:\/\/landioustravel.com\/pl\/wp-json\/wp\/v2\/comments?post=2509"}],"wp:featuredmedia":[{"embeddable":true,"href":"https:\/\/landioustravel.com\/pl\/wp-json\/wp\/v2\/media\/46489"}],"wp:attachment":[{"href":"https:\/\/landioustravel.com\/pl\/wp-json\/wp\/v2\/media?parent=2509"}],"wp:term":[{"taxonomy":"product_brand","embeddable":true,"href":"https:\/\/landioustravel.com\/pl\/wp-json\/wp\/v2\/product_brand?post=2509"},{"taxonomy":"product_cat","embeddable":true,"href":"https:\/\/landioustravel.com\/pl\/wp-json\/wp\/v2\/product_cat?post=2509"},{"taxonomy":"product_tag","embeddable":true,"href":"https:\/\/landioustravel.com\/pl\/wp-json\/wp\/v2\/product_tag?post=2509"}],"curies":[{"name":"wp","href":"https:\/\/api.w.org\/{rel}","templated":true}]}}