{"id":2525,"date":"2019-02-05T22:01:03","date_gmt":"2019-02-05T20:01:03","guid":{"rendered":"https:\/\/landioustravel.com\/product\/wycieczka-konna-hurghadzie\/"},"modified":"2024-03-27T04:44:45","modified_gmt":"2024-03-27T02:44:45","slug":"wycieczka-konna-hurghadzie","status":"publish","type":"product","link":"https:\/\/landioustravel.com\/pl\/shop\/wycieczka-konna-hurghadzie\/","title":{"rendered":"Wycieczka konna w Hurghadzie"},"content":{"rendered":"<p>To niesamowite prze\u017cycie na jazd\u0119 konn\u0105 na otwartym morzu! Polecamy wycieczk\u0119, poniewa\u017c pozwala turystom sp\u0119dza\u0107 mi\u0142o czas maj\u0105c pe\u0142n\u0105 jazd\u0119 konn\u0105! Ta jazda konna b\u0119dzie tak profesjonalna, jak zaczyna si\u0119 od spokojnego spaceru, a potem; pozwala na k\u0105panie si\u0119 w morzu z tymi cudownymi stworzeniami, i wreszcie; mo\u017cesz spr\u00f3bowa\u0107 k\u0142usownictwa, aby uzyska\u0107 wi\u0119cej emocji.<\/p>\n<h2>G\u0142\u00f3wne punkty programu wycieczek dla jazdy konnej<\/h2>\n<ul>\n<li>Seminarium<\/li>\n<li>Spokojna jazda konna na spacerze<\/li>\n<li>K\u0105panie z ko\u0144mi w otwartym morzu<\/li>\n<li>K\u0142usownictwo<\/li>\n<\/ul>\n<h3>Program wycieczki konnej w Hurghadzie<\/h3>\n<ul>\n<li>Odbierzemy Ci\u0119 z hotelu oko\u0142o godziny 15:00.<\/li>\n<li>Po zebraniu wszystkich ch\u0119tnych autobus jedzie do stadniny koni. Droga do stadniny trwa oko\u0142o 20 minut<\/li>\n<li>Znajdziesz konie w stajni. S\u0105 bardzo przyjazni! Jak tylko wejdziesz do stajni, przez kr\u00f3tki czas b\u0119dziesz mie\u0107 samouczek.<\/li>\n<li>Po tym samouczku b\u0119dziesz musia\u0142 przygotowa\u0107 si\u0119 do jazdy konnej. Tutaj chodzisz na pe\u0142zaj\u0105ce konie, aby pozna\u0107 ca\u0142\u0105 spraw\u0119. Przygotujemy specjalny przewodnik, kt\u00f3ry b\u0119dzie Ci towarzyszy\u0142.<\/li>\n<li>Nast\u0119pnie mo\u017cesz rozpocz\u0105\u0107 swoj\u0105 prawdziw\u0105 przygod\u0119, wchodz\u0105c do morza, p\u0142ywaj\u0105c na tylnych koniach.<\/li>\n<li>Wreszcie mo\u017cesz cieszy\u0107 si\u0119 k\u0142usownictwem<\/li>\n<li>Ten program jazdy konnej ko\u0144czy si\u0119 oko\u0142o godziny 19:00<\/li>\n<\/ul>\n<h4>Co wliczone jest w cen\u0119 podr\u00f3\u017cy<\/h4>\n<ul>\n<li>Seminarium<\/li>\n<li>Prowadzenie<\/li>\n<li>Przejazd do portu i powr\u00f3t do hotelu<\/li>\n<\/ul>\n<h5>Co nie jest wliczone w cen\u0119 podr\u00f3\u017cy<\/h5>\n<ul>\n<li>DVD wideo<\/li>\n<li>Photo CD<\/li>\n<\/ul>\n<h6>Co zabra\u0107 ze sob\u0105 na wycieczk\u0119<\/h6>\n<ul>\n<li>R\u0119cznik<\/li>\n<li>Krem do opalania<\/li>\n<\/ul>\n<h6>DNI ORGANIZACJI WYCIECZKOWEJ<\/h6>\n<ul>\n<li>Codziennie od 15:00 do 19:00<\/li>\n<\/ul>\n","protected":false},"excerpt":{"rendered":"<p>Dla tych, kt\u00f3rzy kochaj\u0105 konie, jest to niesamowita przygoda, kt\u00f3rej nie mo\u017cesz przegapi\u0107! W Hurghadzie mo\u017cna wybra\u0107 si\u0119 na dwugodzinn\u0105 wypraw\u0119 konno morsk\u0105. B\u0119dziesz mia\u0142 okazj\u0119 poje\u017adzi\u0107 konno na otwartym morzu, wybra\u0107 si\u0119 na spokojny spacer konno, a nawet spr\u00f3bowa\u0107 k\u0142usu. Przebywanie w wodzie z tymi \u0142agodnymi stworzeniami zapewni niezapomniane chwile i pozostawi mn\u00f3stwo ciep\u0142ych uczu\u0107. Koszt wycieczki obejmuje transport i samouczki, wi\u0119c b\u0119dziesz pod dobr\u0105 opiek\u0105 przez ca\u0142y czas.<\/p>\n<p>P\u0142ywanie z ko\u0144mi to doskona\u0142y spos\u00f3b na oderwanie si\u0119 od codziennego zgie\u0142ku i ekscytuj\u0105c\u0105 jazd\u0119. Nasze spokojne i pi\u0119kne konie poprowadz\u0105 Ci\u0119 przez pustyni\u0119, ba\u015bniowy las i nad morze, gdzie prze\u017cyjesz niezapomniane chwile. Podczas jazdy poczujesz orze\u017awiaj\u0105c\u0105 morsk\u0105 bryz\u0119 na twarzy i podziwiasz zapieraj\u0105ce dech w piersiach krajobrazy wok\u00f3\u0142 Hurghady. Jazda konna jest nie tylko zabawn\u0105 i przyjemn\u0105 czynno\u015bci\u0105, ale mo\u017ce r\u00f3wnie\u017c pom\u00f3c w r\u00f3\u017cnych problemach zdrowotnych i zachowa\u0107 form\u0119.<\/p>\n<p>Odbierzemy Ci\u0119 z hotelu i zawieziemy do stajni, gdzie otrzymasz kr\u00f3tkie wprowadzenie. Nast\u0119pnie mo\u017cesz rozpocz\u0105\u0107 swoj\u0105 przygod\u0119 i je\u017adzi\u0107 konno po morzu. Nasze konie s\u0105 odpowiednie dla wszystkich poziom\u00f3w, od pocz\u0105tkuj\u0105cych do profesjonalnych je\u017ad\u017ac\u00f3w, mamy r\u00f3wnie\u017c konie dla dzieci.<\/p>\n<p>Gor\u0105co polecamy t\u0119 przeja\u017cd\u017ck\u0119 konn\u0105 morsk\u0105 w Hurghadzie w Egipcie, poniewa\u017c jest to doskona\u0142y spos\u00f3b na czerpanie przyjemno\u015bci z jazdy, dobr\u0105 zabaw\u0119 i tworzenie trwa\u0142ych wspomnie\u0144. Zaczniesz od spokojnego spaceru, a nast\u0119pnie b\u0119dziesz mia\u0142 okazj\u0119 pop\u0142ywa\u0107 z tymi przyjaznymi stworzeniami. Nie zapomnij zrobi\u0107 niesamowitych zdj\u0119\u0107, aby zapami\u0119ta\u0107 ten moment na zawsze. Mo\u017cesz tak\u017ce spr\u00f3bowa\u0107 k\u0142usu, aby uzyska\u0107 bardziej radosne wra\u017cenia. Rozumiemy, jak wiele konie mog\u0105 znaczy\u0107 dla ludzi, dlatego zapewniamy bezpieczne i niezapomniane wra\u017cenia.<\/p>\n","protected":false},"featured_media":2554,"comment_status":"open","ping_status":"closed","template":"","meta":{"_coblocks_attr":"","_coblocks_dimensions":"","_coblocks_responsive_height":"","_coblocks_accordion_ie_support":"","_uag_custom_page_level_css":"","jetpack_publicize_message":"","jetpack_publicize_feature_enabled":true,"jetpack_social_post_already_shared":false,"jetpack_social_options":{"image_generator_settings":{"template":"highway","default_image_id":0,"font":"","enabled":false},"version":2},"_wpas_customize_per_network":false},"product_brand":[],"product_cat":[1943,1945],"product_tag":[1956,1962,22821,1961],"class_list":{"0":"post-2525","1":"product","2":"type-product","3":"status-publish","4":"has-post-thumbnail","6":"product_cat-wycieczki-w-hurghadzie","7":"product_cat-zabawne-wycieczki-hurghadzie","8":"product_tag-hurghada-pl","9":"product_tag-jazda-konna","10":"product_tag-morze","11":"product_tag-wycieczka","12":"pa_age-dorosly","13":"pa_age-dziecko","15":"first","16":"instock","17":"sale","18":"taxable","19":"shipping-taxable","20":"purchasable","21":"product-type-variable"},"yoast_head":"<!-- This site is optimized with the Yoast SEO Premium plugin v26.9 (Yoast SEO v27.5) - https:\/\/yoast.com\/product\/yoast-seo-premium-wordpress\/ -->\n<title>Wycieczka konna w Hurghadzie<\/title>\n<meta name=\"description\" content=\"To niesamowita przygoda dla mi\u0142o\u015bnik\u00f3w koni! Podczas Wycieczka konna w Hurghadzie mo\u017cna je\u017adzi\u0107 konno na otwartym morzu przez dwie godziny.\" \/>\n<meta name=\"robots\" content=\"index, follow, max-snippet:-1, max-image-preview:large, max-video-preview:-1\" \/>\n<link rel=\"canonical\" href=\"https:\/\/landioustravel.com\/pl\/shop\/wycieczka-konna-hurghadzie\/\" \/>\n<meta property=\"og:locale\" content=\"pl_PL\" \/>\n<meta property=\"og:type\" content=\"article\" \/>\n<meta property=\"og:title\" content=\"Wycieczka konna w Hurghadzie\" \/>\n<meta property=\"og:description\" content=\"Landious Travel\" \/>\n<meta property=\"og:url\" content=\"https:\/\/landioustravel.com\/pl\/shop\/wycieczka-konna-hurghadzie\/\" \/>\n<meta property=\"og:site_name\" content=\"Landious Travel\" \/>\n<meta property=\"article:publisher\" content=\"https:\/\/web.facebook.com\/landiousEgypt\" \/>\n<meta property=\"article:modified_time\" content=\"2024-03-27T02:44:45+00:00\" \/>\n<meta property=\"og:image\" content=\"https:\/\/i0.wp.com\/landioustravel.com\/wp-content\/uploads\/2019\/02\/horseback_riding_in_hurghada.jpg?fit=823%2C463&ssl=1\" \/>\n\t<meta property=\"og:image:width\" content=\"823\" \/>\n\t<meta property=\"og:image:height\" content=\"463\" \/>\n\t<meta property=\"og:image:type\" content=\"image\/jpeg\" \/>\n<meta name=\"twitter:card\" content=\"summary_large_image\" \/>\n<meta name=\"twitter:site\" content=\"@LandiousTours\" \/>\n<meta name=\"twitter:label1\" content=\"Szacowany czas czytania\" \/>\n\t<meta name=\"twitter:data1\" content=\"1 minuta\" \/>\n<script type=\"application\/ld+json\" class=\"yoast-schema-graph\">{\"@context\":\"https:\\\/\\\/schema.org\",\"@graph\":[{\"@type\":\"WebPage\",\"@id\":\"https:\\\/\\\/landioustravel.com\\\/pl\\\/shop\\\/wycieczka-konna-hurghadzie\\\/\",\"url\":\"https:\\\/\\\/landioustravel.com\\\/pl\\\/shop\\\/wycieczka-konna-hurghadzie\\\/\",\"name\":\"Wycieczka konna w Hurghadzie\",\"isPartOf\":{\"@id\":\"https:\\\/\\\/landioustravel.com\\\/pl\\\/#website\"},\"primaryImageOfPage\":{\"@id\":\"https:\\\/\\\/landioustravel.com\\\/pl\\\/shop\\\/wycieczka-konna-hurghadzie\\\/#primaryimage\"},\"image\":{\"@id\":\"https:\\\/\\\/landioustravel.com\\\/pl\\\/shop\\\/wycieczka-konna-hurghadzie\\\/#primaryimage\"},\"thumbnailUrl\":\"https:\\\/\\\/i0.wp.com\\\/landioustravel.com\\\/wp-content\\\/uploads\\\/2019\\\/02\\\/horseback_riding_in_hurghada.jpg?fit=823%2C463&ssl=1\",\"datePublished\":\"2019-02-05T20:01:03+00:00\",\"dateModified\":\"2024-03-27T02:44:45+00:00\",\"description\":\"To niesamowita przygoda dla mi\u0142o\u015bnik\u00f3w koni! Podczas Wycieczka konna w Hurghadzie mo\u017cna je\u017adzi\u0107 konno na otwartym morzu przez dwie godziny.\",\"breadcrumb\":{\"@id\":\"https:\\\/\\\/landioustravel.com\\\/pl\\\/shop\\\/wycieczka-konna-hurghadzie\\\/#breadcrumb\"},\"inLanguage\":\"pl-PL\",\"potentialAction\":[{\"@type\":\"ReadAction\",\"target\":[\"https:\\\/\\\/landioustravel.com\\\/pl\\\/shop\\\/wycieczka-konna-hurghadzie\\\/\"]}]},{\"@type\":\"ImageObject\",\"inLanguage\":\"pl-PL\",\"@id\":\"https:\\\/\\\/landioustravel.com\\\/pl\\\/shop\\\/wycieczka-konna-hurghadzie\\\/#primaryimage\",\"url\":\"https:\\\/\\\/i0.wp.com\\\/landioustravel.com\\\/wp-content\\\/uploads\\\/2019\\\/02\\\/horseback_riding_in_hurghada.jpg?fit=823%2C463&ssl=1\",\"contentUrl\":\"https:\\\/\\\/i0.wp.com\\\/landioustravel.com\\\/wp-content\\\/uploads\\\/2019\\\/02\\\/horseback_riding_in_hurghada.jpg?fit=823%2C463&ssl=1\",\"width\":823,\"height\":463,\"caption\":\"Wycieczka konna w Hurghadzie\"},{\"@type\":\"BreadcrumbList\",\"@id\":\"https:\\\/\\\/landioustravel.com\\\/pl\\\/shop\\\/wycieczka-konna-hurghadzie\\\/#breadcrumb\",\"itemListElement\":[{\"@type\":\"ListItem\",\"position\":1,\"name\":\"Home\",\"item\":\"https:\\\/\\\/landioustravel.com\\\/pl\\\/\"},{\"@type\":\"ListItem\",\"position\":2,\"name\":\"Us\u0142ugi i wycieczki\",\"item\":\"https:\\\/\\\/landioustravel.com\\\/pl\\\/\"},{\"@type\":\"ListItem\",\"position\":3,\"name\":\"Wycieczka konna w Hurghadzie\"}]},{\"@type\":\"WebSite\",\"@id\":\"https:\\\/\\\/landioustravel.com\\\/pl\\\/#website\",\"url\":\"https:\\\/\\\/landioustravel.com\\\/pl\\\/\",\"name\":\"Landious Travel\",\"description\":\"Excursions, trips and cruises in Egypt\",\"publisher\":{\"@id\":\"https:\\\/\\\/landioustravel.com\\\/pl\\\/#organization\"},\"potentialAction\":[{\"@type\":\"SearchAction\",\"target\":{\"@type\":\"EntryPoint\",\"urlTemplate\":\"https:\\\/\\\/landioustravel.com\\\/pl\\\/?s={search_term_string}\"},\"query-input\":{\"@type\":\"PropertyValueSpecification\",\"valueRequired\":true,\"valueName\":\"search_term_string\"}}],\"inLanguage\":\"pl-PL\"},{\"@type\":[\"Organization\",\"Place\"],\"@id\":\"https:\\\/\\\/landioustravel.com\\\/pl\\\/#organization\",\"name\":\"Landious Travel\",\"alternateName\":\"Landious Travel\",\"url\":\"https:\\\/\\\/landioustravel.com\\\/pl\\\/\",\"logo\":{\"@id\":\"https:\\\/\\\/landioustravel.com\\\/pl\\\/shop\\\/wycieczka-konna-hurghadzie\\\/#local-main-organization-logo\"},\"image\":{\"@id\":\"https:\\\/\\\/landioustravel.com\\\/pl\\\/shop\\\/wycieczka-konna-hurghadzie\\\/#local-main-organization-logo\"},\"sameAs\":[\"https:\\\/\\\/web.facebook.com\\\/landiousEgypt\",\"https:\\\/\\\/x.com\\\/LandiousTours\",\"https:\\\/\\\/mastodon.social\\\/@landious\"],\"legalName\":\"Landious Travel\",\"telephone\":[],\"openingHoursSpecification\":[{\"@type\":\"OpeningHoursSpecification\",\"dayOfWeek\":[\"Monday\",\"Tuesday\",\"Wednesday\",\"Thursday\",\"Friday\",\"Saturday\",\"Sunday\"],\"opens\":\"09:00\",\"closes\":\"17:00\"}]},{\"@type\":\"ImageObject\",\"inLanguage\":\"pl-PL\",\"@id\":\"https:\\\/\\\/landioustravel.com\\\/pl\\\/shop\\\/wycieczka-konna-hurghadzie\\\/#local-main-organization-logo\",\"url\":\"https:\\\/\\\/i0.wp.com\\\/landioustravel.com\\\/wp-content\\\/uploads\\\/2021\\\/06\\\/Landious-T.png?fit=500%2C500&ssl=1\",\"contentUrl\":\"https:\\\/\\\/i0.wp.com\\\/landioustravel.com\\\/wp-content\\\/uploads\\\/2021\\\/06\\\/Landious-T.png?fit=500%2C500&ssl=1\",\"width\":500,\"height\":500,\"caption\":\"Landious Travel\"}]}<\/script>\n<!-- \/ Yoast SEO Premium plugin. -->","yoast_head_json":{"title":"Wycieczka konna w Hurghadzie","description":"To niesamowita przygoda dla mi\u0142o\u015bnik\u00f3w koni! Podczas Wycieczka konna w Hurghadzie mo\u017cna je\u017adzi\u0107 konno na otwartym morzu przez dwie godziny.","robots":{"index":"index","follow":"follow","max-snippet":"max-snippet:-1","max-image-preview":"max-image-preview:large","max-video-preview":"max-video-preview:-1"},"canonical":"https:\/\/landioustravel.com\/pl\/shop\/wycieczka-konna-hurghadzie\/","og_locale":"pl_PL","og_type":"article","og_title":"Wycieczka konna w Hurghadzie","og_description":"Landious Travel","og_url":"https:\/\/landioustravel.com\/pl\/shop\/wycieczka-konna-hurghadzie\/","og_site_name":"Landious Travel","article_publisher":"https:\/\/web.facebook.com\/landiousEgypt","article_modified_time":"2024-03-27T02:44:45+00:00","og_image":[{"width":823,"height":463,"url":"https:\/\/i0.wp.com\/landioustravel.com\/wp-content\/uploads\/2019\/02\/horseback_riding_in_hurghada.jpg?fit=823%2C463&ssl=1","type":"image\/jpeg"}],"twitter_card":"summary_large_image","twitter_site":"@LandiousTours","twitter_misc":{"Szacowany czas czytania":"1 minuta"},"schema":{"@context":"https:\/\/schema.org","@graph":[{"@type":"WebPage","@id":"https:\/\/landioustravel.com\/pl\/shop\/wycieczka-konna-hurghadzie\/","url":"https:\/\/landioustravel.com\/pl\/shop\/wycieczka-konna-hurghadzie\/","name":"Wycieczka konna w Hurghadzie","isPartOf":{"@id":"https:\/\/landioustravel.com\/pl\/#website"},"primaryImageOfPage":{"@id":"https:\/\/landioustravel.com\/pl\/shop\/wycieczka-konna-hurghadzie\/#primaryimage"},"image":{"@id":"https:\/\/landioustravel.com\/pl\/shop\/wycieczka-konna-hurghadzie\/#primaryimage"},"thumbnailUrl":"https:\/\/i0.wp.com\/landioustravel.com\/wp-content\/uploads\/2019\/02\/horseback_riding_in_hurghada.jpg?fit=823%2C463&ssl=1","datePublished":"2019-02-05T20:01:03+00:00","dateModified":"2024-03-27T02:44:45+00:00","description":"To niesamowita przygoda dla mi\u0142o\u015bnik\u00f3w koni! Podczas Wycieczka konna w Hurghadzie mo\u017cna je\u017adzi\u0107 konno na otwartym morzu przez dwie godziny.","breadcrumb":{"@id":"https:\/\/landioustravel.com\/pl\/shop\/wycieczka-konna-hurghadzie\/#breadcrumb"},"inLanguage":"pl-PL","potentialAction":[{"@type":"ReadAction","target":["https:\/\/landioustravel.com\/pl\/shop\/wycieczka-konna-hurghadzie\/"]}]},{"@type":"ImageObject","inLanguage":"pl-PL","@id":"https:\/\/landioustravel.com\/pl\/shop\/wycieczka-konna-hurghadzie\/#primaryimage","url":"https:\/\/i0.wp.com\/landioustravel.com\/wp-content\/uploads\/2019\/02\/horseback_riding_in_hurghada.jpg?fit=823%2C463&ssl=1","contentUrl":"https:\/\/i0.wp.com\/landioustravel.com\/wp-content\/uploads\/2019\/02\/horseback_riding_in_hurghada.jpg?fit=823%2C463&ssl=1","width":823,"height":463,"caption":"Wycieczka konna w Hurghadzie"},{"@type":"BreadcrumbList","@id":"https:\/\/landioustravel.com\/pl\/shop\/wycieczka-konna-hurghadzie\/#breadcrumb","itemListElement":[{"@type":"ListItem","position":1,"name":"Home","item":"https:\/\/landioustravel.com\/pl\/"},{"@type":"ListItem","position":2,"name":"Us\u0142ugi i wycieczki","item":"https:\/\/landioustravel.com\/pl\/"},{"@type":"ListItem","position":3,"name":"Wycieczka konna w Hurghadzie"}]},{"@type":"WebSite","@id":"https:\/\/landioustravel.com\/pl\/#website","url":"https:\/\/landioustravel.com\/pl\/","name":"Landious Travel","description":"Excursions, trips and cruises in Egypt","publisher":{"@id":"https:\/\/landioustravel.com\/pl\/#organization"},"potentialAction":[{"@type":"SearchAction","target":{"@type":"EntryPoint","urlTemplate":"https:\/\/landioustravel.com\/pl\/?s={search_term_string}"},"query-input":{"@type":"PropertyValueSpecification","valueRequired":true,"valueName":"search_term_string"}}],"inLanguage":"pl-PL"},{"@type":["Organization","Place"],"@id":"https:\/\/landioustravel.com\/pl\/#organization","name":"Landious Travel","alternateName":"Landious Travel","url":"https:\/\/landioustravel.com\/pl\/","logo":{"@id":"https:\/\/landioustravel.com\/pl\/shop\/wycieczka-konna-hurghadzie\/#local-main-organization-logo"},"image":{"@id":"https:\/\/landioustravel.com\/pl\/shop\/wycieczka-konna-hurghadzie\/#local-main-organization-logo"},"sameAs":["https:\/\/web.facebook.com\/landiousEgypt","https:\/\/x.com\/LandiousTours","https:\/\/mastodon.social\/@landious"],"legalName":"Landious Travel","telephone":[],"openingHoursSpecification":[{"@type":"OpeningHoursSpecification","dayOfWeek":["Monday","Tuesday","Wednesday","Thursday","Friday","Saturday","Sunday"],"opens":"09:00","closes":"17:00"}]},{"@type":"ImageObject","inLanguage":"pl-PL","@id":"https:\/\/landioustravel.com\/pl\/shop\/wycieczka-konna-hurghadzie\/#local-main-organization-logo","url":"https:\/\/i0.wp.com\/landioustravel.com\/wp-content\/uploads\/2021\/06\/Landious-T.png?fit=500%2C500&ssl=1","contentUrl":"https:\/\/i0.wp.com\/landioustravel.com\/wp-content\/uploads\/2021\/06\/Landious-T.png?fit=500%2C500&ssl=1","width":500,"height":500,"caption":"Landious Travel"}]}},"jetpack_publicize_connections":[],"uagb_featured_image_src":{"full":["https:\/\/i0.wp.com\/landioustravel.com\/wp-content\/uploads\/2019\/02\/horseback_riding_in_hurghada.jpg?fit=823%2C463&ssl=1",823,463,false],"thumbnail":["https:\/\/i0.wp.com\/landioustravel.com\/wp-content\/uploads\/2019\/02\/horseback_riding_in_hurghada.jpg?resize=150%2C150&ssl=1",150,150,true],"medium":["https:\/\/i0.wp.com\/landioustravel.com\/wp-content\/uploads\/2019\/02\/horseback_riding_in_hurghada.jpg?fit=300%2C169&ssl=1",300,169,true],"medium_large":["https:\/\/i0.wp.com\/landioustravel.com\/wp-content\/uploads\/2019\/02\/horseback_riding_in_hurghada.jpg?fit=768%2C432&ssl=1",768,432,true],"large":["https:\/\/i0.wp.com\/landioustravel.com\/wp-content\/uploads\/2019\/02\/horseback_riding_in_hurghada.jpg?fit=823%2C463&ssl=1",823,463,true],"1536x1536":["https:\/\/i0.wp.com\/landioustravel.com\/wp-content\/uploads\/2019\/02\/horseback_riding_in_hurghada.jpg?fit=823%2C463&ssl=1",823,463,true],"2048x2048":["https:\/\/i0.wp.com\/landioustravel.com\/wp-content\/uploads\/2019\/02\/horseback_riding_in_hurghada.jpg?fit=823%2C463&ssl=1",823,463,true],"newspack-article-block-landscape-large":["https:\/\/i0.wp.com\/landioustravel.com\/wp-content\/uploads\/2019\/02\/horseback_riding_in_hurghada.jpg?resize=823%2C463&ssl=1",823,463,true],"newspack-article-block-portrait-large":["https:\/\/i0.wp.com\/landioustravel.com\/wp-content\/uploads\/2019\/02\/horseback_riding_in_hurghada.jpg?resize=823%2C463&ssl=1",823,463,true],"newspack-article-block-square-large":["https:\/\/i0.wp.com\/landioustravel.com\/wp-content\/uploads\/2019\/02\/horseback_riding_in_hurghada.jpg?resize=823%2C463&ssl=1",823,463,true],"newspack-article-block-landscape-medium":["https:\/\/i0.wp.com\/landioustravel.com\/wp-content\/uploads\/2019\/02\/horseback_riding_in_hurghada.jpg?resize=800%2C463&ssl=1",800,463,true],"newspack-article-block-portrait-medium":["https:\/\/i0.wp.com\/landioustravel.com\/wp-content\/uploads\/2019\/02\/horseback_riding_in_hurghada.jpg?resize=600%2C463&ssl=1",600,463,true],"newspack-article-block-square-medium":["https:\/\/i0.wp.com\/landioustravel.com\/wp-content\/uploads\/2019\/02\/horseback_riding_in_hurghada.jpg?resize=800%2C463&ssl=1",800,463,true],"newspack-article-block-landscape-intermediate":["https:\/\/i0.wp.com\/landioustravel.com\/wp-content\/uploads\/2019\/02\/horseback_riding_in_hurghada.jpg?resize=600%2C450&ssl=1",600,450,true],"newspack-article-block-portrait-intermediate":["https:\/\/i0.wp.com\/landioustravel.com\/wp-content\/uploads\/2019\/02\/horseback_riding_in_hurghada.jpg?resize=450%2C463&ssl=1",450,463,true],"newspack-article-block-square-intermediate":["https:\/\/i0.wp.com\/landioustravel.com\/wp-content\/uploads\/2019\/02\/horseback_riding_in_hurghada.jpg?resize=600%2C463&ssl=1",600,463,true],"newspack-article-block-landscape-small":["https:\/\/i0.wp.com\/landioustravel.com\/wp-content\/uploads\/2019\/02\/horseback_riding_in_hurghada.jpg?resize=400%2C300&ssl=1",400,300,true],"newspack-article-block-portrait-small":["https:\/\/i0.wp.com\/landioustravel.com\/wp-content\/uploads\/2019\/02\/horseback_riding_in_hurghada.jpg?resize=300%2C400&ssl=1",300,400,true],"newspack-article-block-square-small":["https:\/\/i0.wp.com\/landioustravel.com\/wp-content\/uploads\/2019\/02\/horseback_riding_in_hurghada.jpg?resize=400%2C400&ssl=1",400,400,true],"newspack-article-block-landscape-tiny":["https:\/\/i0.wp.com\/landioustravel.com\/wp-content\/uploads\/2019\/02\/horseback_riding_in_hurghada.jpg?resize=200%2C150&ssl=1",200,150,true],"newspack-article-block-portrait-tiny":["https:\/\/i0.wp.com\/landioustravel.com\/wp-content\/uploads\/2019\/02\/horseback_riding_in_hurghada.jpg?resize=150%2C200&ssl=1",150,200,true],"newspack-article-block-square-tiny":["https:\/\/i0.wp.com\/landioustravel.com\/wp-content\/uploads\/2019\/02\/horseback_riding_in_hurghada.jpg?resize=200%2C200&ssl=1",200,200,true],"newspack-article-block-uncropped":["https:\/\/i0.wp.com\/landioustravel.com\/wp-content\/uploads\/2019\/02\/horseback_riding_in_hurghada.jpg?fit=823%2C463&ssl=1",823,463,true],"woocommerce_thumbnail":["https:\/\/i0.wp.com\/landioustravel.com\/wp-content\/uploads\/2019\/02\/horseback_riding_in_hurghada.jpg?resize=324%2C324&ssl=1",324,324,true],"woocommerce_single":["https:\/\/i0.wp.com\/landioustravel.com\/wp-content\/uploads\/2019\/02\/horseback_riding_in_hurghada.jpg?fit=416%2C234&ssl=1",416,234,true],"woocommerce_gallery_thumbnail":["https:\/\/i0.wp.com\/landioustravel.com\/wp-content\/uploads\/2019\/02\/horseback_riding_in_hurghada.jpg?resize=100%2C100&ssl=1",100,100,true]},"uagb_author_info":{"display_name":"Mofreh Landious","author_link":"https:\/\/landioustravel.com\/pl\/author\/"},"uagb_comment_info":4,"uagb_excerpt":"Dla tych, kt\u00f3rzy kochaj\u0105 konie, jest to niesamowita przygoda, kt\u00f3rej nie mo\u017cesz przegapi\u0107! W Hurghadzie mo\u017cna wybra\u0107 si\u0119 na dwugodzinn\u0105 wypraw\u0119 konno morsk\u0105. B\u0119dziesz mia\u0142 okazj\u0119 poje\u017adzi\u0107 konno na otwartym morzu, wybra\u0107 si\u0119 na spokojny spacer konno, a nawet spr\u00f3bowa\u0107 k\u0142usu. Przebywanie w wodzie z tymi \u0142agodnymi stworzeniami zapewni niezapomniane chwile i pozostawi mn\u00f3stwo ciep\u0142ych&hellip;","jetpack_sharing_enabled":true,"jetpack_likes_enabled":true,"amp_enabled":true,"_links":{"self":[{"href":"https:\/\/landioustravel.com\/pl\/wp-json\/wp\/v2\/product\/2525","targetHints":{"allow":["GET"]}}],"collection":[{"href":"https:\/\/landioustravel.com\/pl\/wp-json\/wp\/v2\/product"}],"about":[{"href":"https:\/\/landioustravel.com\/pl\/wp-json\/wp\/v2\/types\/product"}],"replies":[{"embeddable":true,"href":"https:\/\/landioustravel.com\/pl\/wp-json\/wp\/v2\/comments?post=2525"}],"wp:featuredmedia":[{"embeddable":true,"href":"https:\/\/landioustravel.com\/pl\/wp-json\/wp\/v2\/media\/2554"}],"wp:attachment":[{"href":"https:\/\/landioustravel.com\/pl\/wp-json\/wp\/v2\/media?parent=2525"}],"wp:term":[{"taxonomy":"product_brand","embeddable":true,"href":"https:\/\/landioustravel.com\/pl\/wp-json\/wp\/v2\/product_brand?post=2525"},{"taxonomy":"product_cat","embeddable":true,"href":"https:\/\/landioustravel.com\/pl\/wp-json\/wp\/v2\/product_cat?post=2525"},{"taxonomy":"product_tag","embeddable":true,"href":"https:\/\/landioustravel.com\/pl\/wp-json\/wp\/v2\/product_tag?post=2525"}],"curies":[{"name":"wp","href":"https:\/\/api.w.org\/{rel}","templated":true}]}}