{"id":25510,"date":"2020-10-26T22:16:31","date_gmt":"2020-10-28T11:02:00","guid":{"rendered":"https:\/\/landioustravel.com\/?post_type=product&#038;p=25510"},"modified":"2025-12-19T19:13:37","modified_gmt":"2025-12-19T17:13:37","slug":"wyprawa-wedkarska-szarm-szejk","status":"publish","type":"product","link":"https:\/\/landioustravel.com\/pl\/shop\/wyprawa-wedkarska-szarm-szejk\/","title":{"rendered":"Wyprawa w\u0119dkarska z Szarm el-Szejk"},"content":{"rendered":"<p>Ciekawa wycieczka \u0142odzi\u0105 ryback\u0105 z <a href=\"https:\/\/landioustravel.com\/pl\/miasto-szarm-szejk\/\">Szarm el-Szejk<\/a> w Egipcie! Polecamy wycieczk\u0119, poniewa\u017c pozwala ona turystom na urocze zaj\u0119cia. Oczywi\u015bcie g\u0142\u00f3wnym tematem tej wyprawy jest \u0142owienie ryb w Morzu Czerwonym. Poza tym nasi tury\u015bci mog\u0105 si\u0119 opala\u0107, nurkowa\u0107 z rurk\u0105 i urz\u0105dzi\u0107 uroczy piknik morski. Nie przegap takiej rado\u015bci z \u0142owienia ryb!<\/p>\n<h2>G\u0142\u00f3wne punkty programu wycieczek dla w\u0119dkarzy<\/h2>\n<ul>\n<li>W\u0119dkowanie na otwartym morzu<\/li>\n<li>Snorkeling<\/li>\n<li>R\u00f3wnie\u017c obiad na \u0142odzi<\/li>\n<\/ul>\n<h3>Program wyprawy w\u0119dkarskiej z Szarm el-Szejk<\/h3>\n<ul>\n<li>Przedstawiciel Landious Travel odbierze Ci\u0119 z hotelu w Szarm el-Szejk oko\u0142o godziny 08:00<\/li>\n<li>Po zabraniu wszystkich ch\u0119tnych autobus jedzie do portu w kurorcie Dahab. Droga do portu zajmuje oko\u0142o 60 minut<\/li>\n<li>W porcie znajdziesz sw\u00f3j jacht. Jest du\u017cy i elegancki! Jacht sk\u0142ada si\u0119 z dw\u00f3ch pi\u0119ter. Zaraz po wej\u015bciu na jacht b\u0119dziesz musia\u0142 zdj\u0105\u0107 buty i przygotowa\u0107 si\u0119 do \u0142owienia trollingiem. \u0141owienie ryb metod\u0105 trollingu odbywa si\u0119 podczas \u017ceglugi jachtu po morzu. Z tego powodu zapewniamy dwie w\u0119dki trollingowe z ty\u0142u jachtu.<\/li>\n<li>Jacht p\u0142ynie dalej przez Morze Czerwone, gdy tylko zgromadzi si\u0119 grupa<\/li>\n<li>Gdzie\u015b na otwartym morzu nasza \u0142\u00f3d\u017a zatrzymuje si\u0119, aby pozwoli\u0107 Ci \u0142owi\u0107 bezpo\u015brednio z jej pok\u0142adu. Do tego czasu ka\u017cdy mo\u017ce \u0142owi\u0107 ryby<\/li>\n<li>Lunch jest w po\u0142owie tej uroczej wycieczki \u0142odzi\u0105 ryback\u0105. Oczywi\u015bcie zapewnimy Ci lunch na pok\u0142adzie. Do tego czasu, je\u015bli uda Ci si\u0119 z\u0142owi\u0107 jak\u0105kolwiek ryb\u0119, z rado\u015bci\u0105 przygotujemy j\u0105 dla Ciebie! W porze lunchu bufet jest otwarty<\/li>\n<li>Nast\u0119pnie nasza wycieczka nadal umo\u017cliwia \u0142owienie w innym miejscu.<\/li>\n<li>Nurkowanie z rurk\u0105 to ostatni przystanek na tej wycieczce. Oczywi\u015bcie w Dahabie mo\u017cna p\u0142ywa\u0107 i nurkowa\u0107 z maskami i p\u0142etwami. Tak bardzo to pokochasz!<\/li>\n<li>Na koniec odwieziemy Ci\u0119 z powrotem do Twoich hoteli<\/li>\n<li>Ta \u201ewyprawa na ryby z Szarm el-Szejk\u201d ko\u0144czy si\u0119 oko\u0142o 16:30<\/li>\n<\/ul>\n<h4>Co jest wliczone w cen\u0119 wycieczki<\/h4>\n<ul>\n<li>Sprz\u0119t w\u0119dkarski<\/li>\n<li>Sprz\u0119t do nurkowania<\/li>\n<li>jedzenie<\/li>\n<li>R\u00f3wnie\u017c transfer do portu iz powrotem do hotelu<\/li>\n<\/ul>\n<h5>Co nie jest wliczone w cen\u0119 wycieczki<\/h5>\n<ul>\n<li>Video DVD<\/li>\n<li>R\u00f3wnie\u017c Photo CD<\/li>\n<\/ul>\n<h6>Co zabra\u0107 ze sob\u0105 w podr\u00f3\u017c<\/h6>\n<ul>\n<li>R\u0119cznik<\/li>\n<li>Krem do opalania<\/li>\n<\/ul>\n<h6>Dni organizacji wycieczek<\/h6>\n<ul>\n<li>W niedziele 08:00 &#8211; 17:00<\/li>\n<li>\u015arody od 08:00 do 17:00<\/li>\n<li>R\u00f3wnie\u017c w pi\u0105tki od 08:00 do 17:00<\/li>\n<\/ul>\n","protected":false},"excerpt":{"rendered":"<p>Wycieczka realizuje ch\u0119\u0107 \u0142owienia ryb w Morzu Czerwonym i gotowania na miejscu. Tak interesuj\u0105ce i smaczne! W czasie rejsu jacht zatrzymuje si\u0119 na otwartym morzu, gdzie jest du\u017co ryb. Na jachcie mo\u017cesz przygotowa\u0107 z\u0142owion\u0105 ryb\u0119 do zjedzenia na lunch. Pod koniec programu wycieczki mo\u017cesz p\u0142ywa\u0107 na otwartym morzu w maskach i p\u0142etwach.<\/p>\n","protected":false},"featured_media":28905,"comment_status":"open","ping_status":"closed","template":"","meta":{"_coblocks_attr":"","_coblocks_dimensions":"","_coblocks_responsive_height":"","_coblocks_accordion_ie_support":"","_uag_custom_page_level_css":"","jetpack_publicize_message":"","jetpack_publicize_feature_enabled":true,"jetpack_social_post_already_shared":true,"jetpack_social_options":{"image_generator_settings":{"template":"highway","default_image_id":0,"font":"","enabled":false},"version":2},"_wpas_customize_per_network":false},"product_brand":[],"product_cat":[1952,1950],"product_tag":[22821,22823,1963,1961,1959,1969],"class_list":{"0":"post-25510","1":"product","2":"type-product","3":"status-publish","4":"has-post-thumbnail","6":"product_cat-rejsy-statkiem-sharm-sheikh","7":"product_cat-wycieczki-sharm-sheikh","8":"product_tag-morze","9":"product_tag-nurkowanie-z-rurka","10":"product_tag-szarm-el-szejk","11":"product_tag-wycieczka","12":"product_tag-wycieczki-lodzia","13":"product_tag-wedkowanie","15":"first","16":"instock","17":"sale","18":"taxable","19":"shipping-taxable","20":"purchasable","21":"product-type-variable"},"yoast_head":"<!-- This site is optimized with the Yoast SEO Premium plugin v26.9 (Yoast SEO v27.5) - https:\/\/yoast.com\/product\/yoast-seo-premium-wordpress\/ -->\n<title>Wyprawa w\u0119dkarska z Szarm el-Szejk - Landious Travel<\/title>\n<meta name=\"description\" content=\"Wyprawa w\u0119dkarska z Szarm el-Szejk Wycieczka realizuje ch\u0119\u0107 \u0142owienia ryb w Morzu Czerwonym i gotowania na miejscu. Tak interesuj\u0105ce i smaczne! W czasie rejsu jacht zatrzymuje si\u0119 na otwartym morzu, gdzie jest du\u017co ryb. Na jachcie mo\u017cesz przygotowa\u0107 z\u0142owion\u0105 ryb\u0119 do zjedzenia na lunch. Pod koniec programu wycieczki mo\u017cesz p\u0142ywa\u0107 na otwartym morzu w maskach i p\u0142etwach.\" \/>\n<meta name=\"robots\" content=\"index, follow, max-snippet:-1, max-image-preview:large, max-video-preview:-1\" \/>\n<link rel=\"canonical\" href=\"https:\/\/landioustravel.com\/pl\/shop\/wyprawa-wedkarska-szarm-szejk\/\" \/>\n<meta property=\"og:locale\" content=\"pl_PL\" \/>\n<meta property=\"og:type\" content=\"article\" \/>\n<meta property=\"og:title\" content=\"Wyprawa w\u0119dkarska z Szarm el-Szejk\" \/>\n<meta property=\"og:description\" content=\"Landious Travel\" \/>\n<meta property=\"og:url\" content=\"https:\/\/landioustravel.com\/pl\/shop\/wyprawa-wedkarska-szarm-szejk\/\" \/>\n<meta property=\"og:site_name\" content=\"Landious Travel\" \/>\n<meta property=\"article:publisher\" content=\"https:\/\/web.facebook.com\/landiousEgypt\" \/>\n<meta property=\"article:modified_time\" content=\"2025-12-19T17:13:37+00:00\" \/>\n<meta property=\"og:image\" content=\"https:\/\/i0.wp.com\/landioustravel.com\/wp-content\/uploads\/2021\/03\/fishing_activity-e1615127083985.jpg?fit=1200%2C675&ssl=1\" \/>\n\t<meta property=\"og:image:width\" content=\"1200\" \/>\n\t<meta property=\"og:image:height\" content=\"675\" \/>\n\t<meta property=\"og:image:type\" content=\"image\/jpeg\" \/>\n<meta name=\"twitter:card\" content=\"summary_large_image\" \/>\n<meta name=\"twitter:site\" content=\"@LandiousTours\" \/>\n<meta name=\"twitter:label1\" content=\"Szacowany czas czytania\" \/>\n\t<meta name=\"twitter:data1\" content=\"2 minuty\" \/>\n<script type=\"application\/ld+json\" class=\"yoast-schema-graph\">{\"@context\":\"https:\\\/\\\/schema.org\",\"@graph\":[{\"@type\":\"WebPage\",\"@id\":\"https:\\\/\\\/landioustravel.com\\\/pl\\\/shop\\\/wyprawa-wedkarska-szarm-szejk\\\/\",\"url\":\"https:\\\/\\\/landioustravel.com\\\/pl\\\/shop\\\/wyprawa-wedkarska-szarm-szejk\\\/\",\"name\":\"Wyprawa w\u0119dkarska z Szarm el-Szejk - Landious Travel\",\"isPartOf\":{\"@id\":\"https:\\\/\\\/landioustravel.com\\\/pl\\\/#website\"},\"primaryImageOfPage\":{\"@id\":\"https:\\\/\\\/landioustravel.com\\\/pl\\\/shop\\\/wyprawa-wedkarska-szarm-szejk\\\/#primaryimage\"},\"image\":{\"@id\":\"https:\\\/\\\/landioustravel.com\\\/pl\\\/shop\\\/wyprawa-wedkarska-szarm-szejk\\\/#primaryimage\"},\"thumbnailUrl\":\"https:\\\/\\\/i0.wp.com\\\/landioustravel.com\\\/wp-content\\\/uploads\\\/2021\\\/03\\\/fishing_activity-e1615127083985.jpg?fit=1200%2C675&ssl=1\",\"datePublished\":\"2020-10-28T11:02:00+00:00\",\"dateModified\":\"2025-12-19T17:13:37+00:00\",\"description\":\"Wyprawa w\u0119dkarska z Szarm el-Szejk Wycieczka realizuje ch\u0119\u0107 \u0142owienia ryb w Morzu Czerwonym i gotowania na miejscu. Tak interesuj\u0105ce i smaczne! W czasie rejsu jacht zatrzymuje si\u0119 na otwartym morzu, gdzie jest du\u017co ryb. Na jachcie mo\u017cesz przygotowa\u0107 z\u0142owion\u0105 ryb\u0119 do zjedzenia na lunch. Pod koniec programu wycieczki mo\u017cesz p\u0142ywa\u0107 na otwartym morzu w maskach i p\u0142etwach.\",\"breadcrumb\":{\"@id\":\"https:\\\/\\\/landioustravel.com\\\/pl\\\/shop\\\/wyprawa-wedkarska-szarm-szejk\\\/#breadcrumb\"},\"inLanguage\":\"pl-PL\",\"potentialAction\":[{\"@type\":\"ReadAction\",\"target\":[\"https:\\\/\\\/landioustravel.com\\\/pl\\\/shop\\\/wyprawa-wedkarska-szarm-szejk\\\/\"]}]},{\"@type\":\"ImageObject\",\"inLanguage\":\"pl-PL\",\"@id\":\"https:\\\/\\\/landioustravel.com\\\/pl\\\/shop\\\/wyprawa-wedkarska-szarm-szejk\\\/#primaryimage\",\"url\":\"https:\\\/\\\/i0.wp.com\\\/landioustravel.com\\\/wp-content\\\/uploads\\\/2021\\\/03\\\/fishing_activity-e1615127083985.jpg?fit=1200%2C675&ssl=1\",\"contentUrl\":\"https:\\\/\\\/i0.wp.com\\\/landioustravel.com\\\/wp-content\\\/uploads\\\/2021\\\/03\\\/fishing_activity-e1615127083985.jpg?fit=1200%2C675&ssl=1\",\"width\":1200,\"height\":675,\"caption\":\"Fishing Trip Sharm El Sheikh\"},{\"@type\":\"BreadcrumbList\",\"@id\":\"https:\\\/\\\/landioustravel.com\\\/pl\\\/shop\\\/wyprawa-wedkarska-szarm-szejk\\\/#breadcrumb\",\"itemListElement\":[{\"@type\":\"ListItem\",\"position\":1,\"name\":\"Home\",\"item\":\"https:\\\/\\\/landioustravel.com\\\/pl\\\/\"},{\"@type\":\"ListItem\",\"position\":2,\"name\":\"Us\u0142ugi i wycieczki\",\"item\":\"https:\\\/\\\/landioustravel.com\\\/pl\\\/\"},{\"@type\":\"ListItem\",\"position\":3,\"name\":\"Wyprawa w\u0119dkarska z Szarm el-Szejk\"}]},{\"@type\":\"WebSite\",\"@id\":\"https:\\\/\\\/landioustravel.com\\\/pl\\\/#website\",\"url\":\"https:\\\/\\\/landioustravel.com\\\/pl\\\/\",\"name\":\"Landious Travel\",\"description\":\"Excursions, trips and cruises in Egypt\",\"publisher\":{\"@id\":\"https:\\\/\\\/landioustravel.com\\\/pl\\\/#organization\"},\"potentialAction\":[{\"@type\":\"SearchAction\",\"target\":{\"@type\":\"EntryPoint\",\"urlTemplate\":\"https:\\\/\\\/landioustravel.com\\\/pl\\\/?s={search_term_string}\"},\"query-input\":{\"@type\":\"PropertyValueSpecification\",\"valueRequired\":true,\"valueName\":\"search_term_string\"}}],\"inLanguage\":\"pl-PL\"},{\"@type\":[\"Organization\",\"Place\"],\"@id\":\"https:\\\/\\\/landioustravel.com\\\/pl\\\/#organization\",\"name\":\"Landious Travel\",\"alternateName\":\"Landious Travel\",\"url\":\"https:\\\/\\\/landioustravel.com\\\/pl\\\/\",\"logo\":{\"@id\":\"https:\\\/\\\/landioustravel.com\\\/pl\\\/shop\\\/wyprawa-wedkarska-szarm-szejk\\\/#local-main-organization-logo\"},\"image\":{\"@id\":\"https:\\\/\\\/landioustravel.com\\\/pl\\\/shop\\\/wyprawa-wedkarska-szarm-szejk\\\/#local-main-organization-logo\"},\"sameAs\":[\"https:\\\/\\\/web.facebook.com\\\/landiousEgypt\",\"https:\\\/\\\/x.com\\\/LandiousTours\",\"https:\\\/\\\/mastodon.social\\\/@landious\"],\"legalName\":\"Landious Travel\",\"telephone\":[],\"openingHoursSpecification\":[{\"@type\":\"OpeningHoursSpecification\",\"dayOfWeek\":[\"Monday\",\"Tuesday\",\"Wednesday\",\"Thursday\",\"Friday\",\"Saturday\",\"Sunday\"],\"opens\":\"09:00\",\"closes\":\"17:00\"}]},{\"@type\":\"ImageObject\",\"inLanguage\":\"pl-PL\",\"@id\":\"https:\\\/\\\/landioustravel.com\\\/pl\\\/shop\\\/wyprawa-wedkarska-szarm-szejk\\\/#local-main-organization-logo\",\"url\":\"https:\\\/\\\/i0.wp.com\\\/landioustravel.com\\\/wp-content\\\/uploads\\\/2021\\\/06\\\/Landious-T.png?fit=500%2C500&ssl=1\",\"contentUrl\":\"https:\\\/\\\/i0.wp.com\\\/landioustravel.com\\\/wp-content\\\/uploads\\\/2021\\\/06\\\/Landious-T.png?fit=500%2C500&ssl=1\",\"width\":500,\"height\":500,\"caption\":\"Landious Travel\"}]}<\/script>\n<!-- \/ Yoast SEO Premium plugin. -->","yoast_head_json":{"title":"Wyprawa w\u0119dkarska z Szarm el-Szejk - Landious Travel","description":"Wyprawa w\u0119dkarska z Szarm el-Szejk Wycieczka realizuje ch\u0119\u0107 \u0142owienia ryb w Morzu Czerwonym i gotowania na miejscu. Tak interesuj\u0105ce i smaczne! W czasie rejsu jacht zatrzymuje si\u0119 na otwartym morzu, gdzie jest du\u017co ryb. Na jachcie mo\u017cesz przygotowa\u0107 z\u0142owion\u0105 ryb\u0119 do zjedzenia na lunch. Pod koniec programu wycieczki mo\u017cesz p\u0142ywa\u0107 na otwartym morzu w maskach i p\u0142etwach.","robots":{"index":"index","follow":"follow","max-snippet":"max-snippet:-1","max-image-preview":"max-image-preview:large","max-video-preview":"max-video-preview:-1"},"canonical":"https:\/\/landioustravel.com\/pl\/shop\/wyprawa-wedkarska-szarm-szejk\/","og_locale":"pl_PL","og_type":"article","og_title":"Wyprawa w\u0119dkarska z Szarm el-Szejk","og_description":"Landious Travel","og_url":"https:\/\/landioustravel.com\/pl\/shop\/wyprawa-wedkarska-szarm-szejk\/","og_site_name":"Landious Travel","article_publisher":"https:\/\/web.facebook.com\/landiousEgypt","article_modified_time":"2025-12-19T17:13:37+00:00","og_image":[{"width":1200,"height":675,"url":"https:\/\/i0.wp.com\/landioustravel.com\/wp-content\/uploads\/2021\/03\/fishing_activity-e1615127083985.jpg?fit=1200%2C675&ssl=1","type":"image\/jpeg"}],"twitter_card":"summary_large_image","twitter_site":"@LandiousTours","twitter_misc":{"Szacowany czas czytania":"2 minuty"},"schema":{"@context":"https:\/\/schema.org","@graph":[{"@type":"WebPage","@id":"https:\/\/landioustravel.com\/pl\/shop\/wyprawa-wedkarska-szarm-szejk\/","url":"https:\/\/landioustravel.com\/pl\/shop\/wyprawa-wedkarska-szarm-szejk\/","name":"Wyprawa w\u0119dkarska z Szarm el-Szejk - Landious Travel","isPartOf":{"@id":"https:\/\/landioustravel.com\/pl\/#website"},"primaryImageOfPage":{"@id":"https:\/\/landioustravel.com\/pl\/shop\/wyprawa-wedkarska-szarm-szejk\/#primaryimage"},"image":{"@id":"https:\/\/landioustravel.com\/pl\/shop\/wyprawa-wedkarska-szarm-szejk\/#primaryimage"},"thumbnailUrl":"https:\/\/i0.wp.com\/landioustravel.com\/wp-content\/uploads\/2021\/03\/fishing_activity-e1615127083985.jpg?fit=1200%2C675&ssl=1","datePublished":"2020-10-28T11:02:00+00:00","dateModified":"2025-12-19T17:13:37+00:00","description":"Wyprawa w\u0119dkarska z Szarm el-Szejk Wycieczka realizuje ch\u0119\u0107 \u0142owienia ryb w Morzu Czerwonym i gotowania na miejscu. Tak interesuj\u0105ce i smaczne! W czasie rejsu jacht zatrzymuje si\u0119 na otwartym morzu, gdzie jest du\u017co ryb. Na jachcie mo\u017cesz przygotowa\u0107 z\u0142owion\u0105 ryb\u0119 do zjedzenia na lunch. Pod koniec programu wycieczki mo\u017cesz p\u0142ywa\u0107 na otwartym morzu w maskach i p\u0142etwach.","breadcrumb":{"@id":"https:\/\/landioustravel.com\/pl\/shop\/wyprawa-wedkarska-szarm-szejk\/#breadcrumb"},"inLanguage":"pl-PL","potentialAction":[{"@type":"ReadAction","target":["https:\/\/landioustravel.com\/pl\/shop\/wyprawa-wedkarska-szarm-szejk\/"]}]},{"@type":"ImageObject","inLanguage":"pl-PL","@id":"https:\/\/landioustravel.com\/pl\/shop\/wyprawa-wedkarska-szarm-szejk\/#primaryimage","url":"https:\/\/i0.wp.com\/landioustravel.com\/wp-content\/uploads\/2021\/03\/fishing_activity-e1615127083985.jpg?fit=1200%2C675&ssl=1","contentUrl":"https:\/\/i0.wp.com\/landioustravel.com\/wp-content\/uploads\/2021\/03\/fishing_activity-e1615127083985.jpg?fit=1200%2C675&ssl=1","width":1200,"height":675,"caption":"Fishing Trip Sharm El Sheikh"},{"@type":"BreadcrumbList","@id":"https:\/\/landioustravel.com\/pl\/shop\/wyprawa-wedkarska-szarm-szejk\/#breadcrumb","itemListElement":[{"@type":"ListItem","position":1,"name":"Home","item":"https:\/\/landioustravel.com\/pl\/"},{"@type":"ListItem","position":2,"name":"Us\u0142ugi i wycieczki","item":"https:\/\/landioustravel.com\/pl\/"},{"@type":"ListItem","position":3,"name":"Wyprawa w\u0119dkarska z Szarm el-Szejk"}]},{"@type":"WebSite","@id":"https:\/\/landioustravel.com\/pl\/#website","url":"https:\/\/landioustravel.com\/pl\/","name":"Landious Travel","description":"Excursions, trips and cruises in Egypt","publisher":{"@id":"https:\/\/landioustravel.com\/pl\/#organization"},"potentialAction":[{"@type":"SearchAction","target":{"@type":"EntryPoint","urlTemplate":"https:\/\/landioustravel.com\/pl\/?s={search_term_string}"},"query-input":{"@type":"PropertyValueSpecification","valueRequired":true,"valueName":"search_term_string"}}],"inLanguage":"pl-PL"},{"@type":["Organization","Place"],"@id":"https:\/\/landioustravel.com\/pl\/#organization","name":"Landious Travel","alternateName":"Landious Travel","url":"https:\/\/landioustravel.com\/pl\/","logo":{"@id":"https:\/\/landioustravel.com\/pl\/shop\/wyprawa-wedkarska-szarm-szejk\/#local-main-organization-logo"},"image":{"@id":"https:\/\/landioustravel.com\/pl\/shop\/wyprawa-wedkarska-szarm-szejk\/#local-main-organization-logo"},"sameAs":["https:\/\/web.facebook.com\/landiousEgypt","https:\/\/x.com\/LandiousTours","https:\/\/mastodon.social\/@landious"],"legalName":"Landious Travel","telephone":[],"openingHoursSpecification":[{"@type":"OpeningHoursSpecification","dayOfWeek":["Monday","Tuesday","Wednesday","Thursday","Friday","Saturday","Sunday"],"opens":"09:00","closes":"17:00"}]},{"@type":"ImageObject","inLanguage":"pl-PL","@id":"https:\/\/landioustravel.com\/pl\/shop\/wyprawa-wedkarska-szarm-szejk\/#local-main-organization-logo","url":"https:\/\/i0.wp.com\/landioustravel.com\/wp-content\/uploads\/2021\/06\/Landious-T.png?fit=500%2C500&ssl=1","contentUrl":"https:\/\/i0.wp.com\/landioustravel.com\/wp-content\/uploads\/2021\/06\/Landious-T.png?fit=500%2C500&ssl=1","width":500,"height":500,"caption":"Landious Travel"}]}},"jetpack_publicize_connections":[],"uagb_featured_image_src":{"full":["https:\/\/i0.wp.com\/landioustravel.com\/wp-content\/uploads\/2021\/03\/fishing_activity-e1615127083985.jpg?fit=1200%2C675&ssl=1",1200,675,false],"thumbnail":["https:\/\/i0.wp.com\/landioustravel.com\/wp-content\/uploads\/2021\/03\/fishing_activity-e1615127083985.jpg?resize=150%2C150&ssl=1",150,150,true],"medium":["https:\/\/i0.wp.com\/landioustravel.com\/wp-content\/uploads\/2021\/03\/fishing_activity-e1615127083985.jpg?fit=300%2C169&ssl=1",300,169,true],"medium_large":["https:\/\/i0.wp.com\/landioustravel.com\/wp-content\/uploads\/2021\/03\/fishing_activity-e1615127083985.jpg?fit=768%2C432&ssl=1",768,432,true],"large":["https:\/\/i0.wp.com\/landioustravel.com\/wp-content\/uploads\/2021\/03\/fishing_activity-e1615127083985.jpg?fit=980%2C551&ssl=1",980,551,true],"1536x1536":["https:\/\/i0.wp.com\/landioustravel.com\/wp-content\/uploads\/2021\/03\/fishing_activity-e1615127083985.jpg?fit=1536%2C1536&ssl=1",1536,1536,true],"2048x2048":["https:\/\/i0.wp.com\/landioustravel.com\/wp-content\/uploads\/2021\/03\/fishing_activity-e1615127083985.jpg?fit=2048%2C2048&ssl=1",2048,2048,true],"newspack-article-block-landscape-large":["https:\/\/i0.wp.com\/landioustravel.com\/wp-content\/uploads\/2021\/03\/fishing_activity-e1615127083985.jpg?resize=1200%2C675&ssl=1",1200,900,true],"newspack-article-block-portrait-large":["https:\/\/i0.wp.com\/landioustravel.com\/wp-content\/uploads\/2021\/03\/fishing_activity-e1615127083985.jpg?resize=900%2C675&ssl=1",900,675,true],"newspack-article-block-square-large":["https:\/\/i0.wp.com\/landioustravel.com\/wp-content\/uploads\/2021\/03\/fishing_activity-e1615127083985.jpg?resize=1200%2C675&ssl=1",1200,1200,true],"newspack-article-block-landscape-medium":["https:\/\/i0.wp.com\/landioustravel.com\/wp-content\/uploads\/2021\/03\/fishing_activity-e1615127083985.jpg?resize=800%2C600&ssl=1",800,600,true],"newspack-article-block-portrait-medium":["https:\/\/i0.wp.com\/landioustravel.com\/wp-content\/uploads\/2021\/03\/fishing_activity-e1615127083985.jpg?resize=600%2C675&ssl=1",600,675,true],"newspack-article-block-square-medium":["https:\/\/i0.wp.com\/landioustravel.com\/wp-content\/uploads\/2021\/03\/fishing_activity-e1615127083985.jpg?resize=800%2C675&ssl=1",800,675,true],"newspack-article-block-landscape-intermediate":["https:\/\/i0.wp.com\/landioustravel.com\/wp-content\/uploads\/2021\/03\/fishing_activity-e1615127083985.jpg?resize=600%2C450&ssl=1",600,450,true],"newspack-article-block-portrait-intermediate":["https:\/\/i0.wp.com\/landioustravel.com\/wp-content\/uploads\/2021\/03\/fishing_activity-e1615127083985.jpg?resize=450%2C600&ssl=1",450,600,true],"newspack-article-block-square-intermediate":["https:\/\/i0.wp.com\/landioustravel.com\/wp-content\/uploads\/2021\/03\/fishing_activity-e1615127083985.jpg?resize=600%2C600&ssl=1",600,600,true],"newspack-article-block-landscape-small":["https:\/\/i0.wp.com\/landioustravel.com\/wp-content\/uploads\/2021\/03\/fishing_activity-e1615127083985.jpg?resize=400%2C300&ssl=1",400,300,true],"newspack-article-block-portrait-small":["https:\/\/i0.wp.com\/landioustravel.com\/wp-content\/uploads\/2021\/03\/fishing_activity-e1615127083985.jpg?resize=300%2C400&ssl=1",300,400,true],"newspack-article-block-square-small":["https:\/\/i0.wp.com\/landioustravel.com\/wp-content\/uploads\/2021\/03\/fishing_activity-e1615127083985.jpg?resize=400%2C400&ssl=1",400,400,true],"newspack-article-block-landscape-tiny":["https:\/\/i0.wp.com\/landioustravel.com\/wp-content\/uploads\/2021\/03\/fishing_activity-e1615127083985.jpg?resize=200%2C150&ssl=1",200,150,true],"newspack-article-block-portrait-tiny":["https:\/\/i0.wp.com\/landioustravel.com\/wp-content\/uploads\/2021\/03\/fishing_activity-e1615127083985.jpg?resize=150%2C200&ssl=1",150,200,true],"newspack-article-block-square-tiny":["https:\/\/i0.wp.com\/landioustravel.com\/wp-content\/uploads\/2021\/03\/fishing_activity-e1615127083985.jpg?resize=200%2C200&ssl=1",200,200,true],"newspack-article-block-uncropped":["https:\/\/i0.wp.com\/landioustravel.com\/wp-content\/uploads\/2021\/03\/fishing_activity-e1615127083985.jpg?fit=1200%2C1200&ssl=1",1200,1200,true],"woocommerce_thumbnail":["https:\/\/i0.wp.com\/landioustravel.com\/wp-content\/uploads\/2021\/03\/fishing_activity-e1615127083985.jpg?resize=324%2C324&ssl=1",324,324,true],"woocommerce_single":["https:\/\/i0.wp.com\/landioustravel.com\/wp-content\/uploads\/2021\/03\/fishing_activity-e1615127083985.jpg?fit=416%2C234&ssl=1",416,234,true],"woocommerce_gallery_thumbnail":["https:\/\/i0.wp.com\/landioustravel.com\/wp-content\/uploads\/2021\/03\/fishing_activity-e1615127083985.jpg?resize=100%2C100&ssl=1",100,100,true]},"uagb_author_info":{"display_name":"Mofreh Landious","author_link":"https:\/\/landioustravel.com\/pl\/author\/"},"uagb_comment_info":3,"uagb_excerpt":"Wycieczka realizuje ch\u0119\u0107 \u0142owienia ryb w Morzu Czerwonym i gotowania na miejscu. Tak interesuj\u0105ce i smaczne! W czasie rejsu jacht zatrzymuje si\u0119 na otwartym morzu, gdzie jest du\u017co ryb. Na jachcie mo\u017cesz przygotowa\u0107 z\u0142owion\u0105 ryb\u0119 do zjedzenia na lunch. Pod koniec programu wycieczki mo\u017cesz p\u0142ywa\u0107 na otwartym morzu w maskach i p\u0142etwach.","jetpack_sharing_enabled":true,"jetpack_likes_enabled":true,"amp_enabled":true,"_links":{"self":[{"href":"https:\/\/landioustravel.com\/pl\/wp-json\/wp\/v2\/product\/25510","targetHints":{"allow":["GET"]}}],"collection":[{"href":"https:\/\/landioustravel.com\/pl\/wp-json\/wp\/v2\/product"}],"about":[{"href":"https:\/\/landioustravel.com\/pl\/wp-json\/wp\/v2\/types\/product"}],"replies":[{"embeddable":true,"href":"https:\/\/landioustravel.com\/pl\/wp-json\/wp\/v2\/comments?post=25510"}],"wp:featuredmedia":[{"embeddable":true,"href":"https:\/\/landioustravel.com\/pl\/wp-json\/wp\/v2\/media\/28905"}],"wp:attachment":[{"href":"https:\/\/landioustravel.com\/pl\/wp-json\/wp\/v2\/media?parent=25510"}],"wp:term":[{"taxonomy":"product_brand","embeddable":true,"href":"https:\/\/landioustravel.com\/pl\/wp-json\/wp\/v2\/product_brand?post=25510"},{"taxonomy":"product_cat","embeddable":true,"href":"https:\/\/landioustravel.com\/pl\/wp-json\/wp\/v2\/product_cat?post=25510"},{"taxonomy":"product_tag","embeddable":true,"href":"https:\/\/landioustravel.com\/pl\/wp-json\/wp\/v2\/product_tag?post=25510"}],"curies":[{"name":"wp","href":"https:\/\/api.w.org\/{rel}","templated":true}]}}