{"id":2562,"date":"2018-12-16T20:52:00","date_gmt":"2018-12-16T18:52:00","guid":{"rendered":"https:\/\/landioustravel.com\/product\/wycieczka-kairu-aleksandrii-szarm\/"},"modified":"2024-09-24T01:49:04","modified_gmt":"2024-09-23T22:49:04","slug":"wycieczka-kairu-aleksandrii-szarm","status":"publish","type":"product","link":"https:\/\/landioustravel.com\/pl\/shop\/wycieczka-kairu-aleksandrii-szarm\/","title":{"rendered":"Wycieczka do Kairu-Aleksandrii z Szarm el-Szejk"},"content":{"rendered":"<p>Intensywny program wycieczek do Kairu i Aleksandrii z kurortu Sharm El Sheikh! Polecamy wycieczk\u0119, poniewa\u017c pozwala turystom zobaczy\u0107 najbardziej imponuj\u0105ce zabytki. Te atrakcje znajduj\u0105 si\u0119 w trzech r\u00f3\u017cnych miastach &#8211; Kairu, Gizie i Aleksandrii. W miastach Kairu i Giza mo\u017cna zwiedzi\u0107 staro\u017cytne egipskie zabytki. Podczas pobytu w Aleksandrii mo\u017cna zobaczy\u0107 zabytki Cesarstwa Rzymskiego i czasy nowo\u017cytne. Wszystko to pozwala ci dowiedzie\u0107 si\u0119 wi\u0119cej o historii Egiptu i uzyska\u0107 wiele wra\u017ce\u0144.<\/p>\n<h2>G\u0142\u00f3wne punkty programu wycieczki do Kairu-Aleksandrii<\/h2>\n<h3>Program w Kairze:<\/h3>\n<ul>\n<li>Zwiedzanie Muzeum Egipskiego w Kairze<\/li>\n<li>Trzy piramidy w Gizie<\/li>\n<li>I Wielki Sfinks w kompleksie piramid<\/li>\n<li>Nocleg w hotelu<\/li>\n<\/ul>\n<h3>Program drugiego dnia w Aleksandrii:<\/h3>\n<ul>\n<li>Wizyta w parku Montazah i latarni morskiej w Aleksandrii<\/li>\n<li>Wizyta w Bibliotece Aleksandryjskiej<\/li>\n<li>Obiad w restauracji rybnej<\/li>\n<li>Cytadela Qeitbay i meczet Abu Abbas<\/li>\n<li>I zwiedzanie rzymskiego amfiteatru<\/li>\n<\/ul>\n<h3>Program wycieczek do Kairu-Aleksandrii z Szarm el-Szejk<\/h3>\n<ul>\n<li>Odbierzemy ci\u0119 z hotelu oko\u0142o p\u00f3\u0142nocy 00:00<\/li>\n<li>Po zabraniu wszystkich ch\u0119tnych, autobus odje\u017cd\u017ca w kierunku Kairu, mijaj\u0105c miasta El Tor, Abu Zinema, Ras Sidr i Suez. Wszystkie te miasta znajduj\u0105 si\u0119 na p\u00f3\u0142noc od Szarm el-Szejk, na wybrze\u017cu Morza Czerwonego. Droga z centrum Szarm el-Szejk do Kairu trwa oko\u0142o 6 godzin.<\/li>\n<\/ul>\n<h4>Program pierwszego dnia w Kairze<\/h4>\n<ul>\n<li>Po przybyciu do Kairu pokazujemy Muzeum Egipskie. Tw\u00f3j przewodnik b\u0119dzie mia\u0142 takie zadanie, aby pokaza\u0107 wszystkie eksponaty w tym ogromnym muzeum i daje wolny czas na robienie zdj\u0119\u0107.<\/li>\n<li>Po zwiedzeniu Muzeum Egipskiego w Kairze rozpoczyna si\u0119 piknik \u0142odzi nad rzek\u0105 Nil, jako opcj\u0119 p\u0142atn\u0105. Jest to dodatkowy program, kt\u00f3ry musi zosta\u0107 wcze\u015bniej zarezerwowany przez nas! Jak tylko piknik \u0142odzi na Nilu si\u0119 sko\u0144czy, zmierzasz do innego miasta &#8211; Giza<\/li>\n<li>Podr\u00f3\u017c trwa nadal w Gizie. Pierwszy przystanek b\u0119dzie w restauracji na lunch. Restauracja oferuje posi\u0142ki w formie bufetu<\/li>\n<li>Po lunchu robisz zakupy na chwil\u0119<\/li>\n<li>Nast\u0119pnie grupa udaje si\u0119 do kompleksu piramid, gdzie znajduj\u0105 si\u0119 takie wielkie piramidy i Sfinks. Tw\u00f3j przewodnik pokazuje je i daje wolny czas, aby zrobi\u0107 im zdj\u0119cie<\/li>\n<li>Przed ko\u0144cem programu w Gizie tury\u015bci maj\u0105 czas na zakupy w perfumerii<\/li>\n<li>P\u00f3\u017aniej idziesz do hotelu, aby sprawdzi\u0107 sw\u00f3j hotel i sp\u0119dzi\u0107 noc.<\/li>\n<li>Rano musisz uda\u0107 si\u0119 do Aleksandrii. Zostaniesz odebrany z hotelu oko\u0142o godziny 03:00<\/li>\n<\/ul>\n<h4>Program drugiego dnia w Aleksandrii<\/h4>\n<ul>\n<li>Jak tylko przyb\u0119dziesz do Aleksandrii, poka\u017cemy ci pa\u0142ac w Montazah, gdzie znajduje si\u0119 pa\u0142ac kr\u00f3la Egiptu i latarnia morska Pharos<\/li>\n<li>Dalej zobaczysz Bibliotek\u0119 Aleksandryjsk\u0105 i meczet Abu Abbas.<\/li>\n<li>Nast\u0119pnie b\u0119dziesz musia\u0142 odwiedzi\u0107 cytadel\u0119 Qeitbay<\/li>\n<li>Po wizycie w fortecy zjesz obiad w restauracji rybnej<\/li>\n<li>Potem wracasz do Kairu i przenosisz si\u0119 do Sharm El Sheikh.<\/li>\n<\/ul>\n<h4>Co zawiera cena wycieczki<\/h4>\n<ul>\n<li>Bilety na zwiedzanie \u015bwi\u0105ty\u0144<\/li>\n<li>Jedzenie (z wyj\u0105tkiem napoj\u00f3w)<\/li>\n<li>Przewodnik<\/li>\n<li>Przejazd do Kairu-Aleksandrii i powr\u00f3t do hotelu<\/li>\n<\/ul>\n<h5>Co nie jest wliczone w cen\u0119 wycieczki<\/h5>\n<ul>\n<li>Dodatkowe programy wycieczek<\/li>\n<li>Napoje<\/li>\n<\/ul>\n<h6>Co zabra\u0107 ze sob\u0105 na wycieczk\u0119<\/h6>\n<ul>\n<li>Pude\u0142ko \u015bniadaniowe<\/li>\n<li>Paszport<\/li>\n<li>Ubrania na sezon<\/li>\n<\/ul>\n<h6>DNI ORGANIZACJI WYCIECZKOWEJ<\/h6>\n<ul>\n<li>Codziennie od 00:00 p\u00f3\u0142nocy &#8211; 23:00 drugiego dnia<\/li>\n<\/ul>\n","protected":false},"excerpt":{"rendered":"<p>Czy jeste\u015b zainteresowany zwiedzaniem wspania\u0142ych miast Kairu i Aleksandrii podczas wizyty w Egipcie? Nasza dwudniowa wycieczka z Sharm El-Sheikh oferuje mo\u017cliwo\u015b\u0107 zobaczenia zapieraj\u0105cych dech w piersiach piramid w Gizie i odwiedzenia Muzeum Egipskiego w Kairze. Mo\u017cesz tak\u017ce wybra\u0107 si\u0119 na relaksuj\u0105cy piknik \u0142odzi\u0105 na Nilu i kupi\u0107 pami\u0105tki w fabryce perfum.<\/p>\n<p>Drugiego dnia nasz przyjazny i kompetentny angloj\u0119zyczny przewodnik zabierze Ci\u0119 do Aleksandrii, gdzie zobaczysz zabytkowy pa\u0142ac kr\u00f3la Egiptu w Montaza, fortec\u0119 Qaitbay i pi\u0119kn\u0105 Bibliotek\u0119 Aleksandryjsk\u0105. Odwiedzicie tak\u017ce Patriarchat Koptyjski i meczet Abu Abbas, kt\u00f3ry ma wielkie znaczenie w historii Egiptu.<\/p>\n<p>Rozumiemy, \u017ce podr\u00f3\u017cowanie mo\u017ce by\u0107 m\u0119cz\u0105ce, dlatego odbierzemy Ci\u0119 z hotelu w Sharm El-Sheikh du\u017cym, klimatyzowanym autokarem i zapewnimy komfortowe zakwaterowanie podczas ca\u0142ej podr\u00f3\u017cy. Zapewnimy Ci r\u00f3wnie\u017c du\u017co wolnego czasu na zwiedzanie miast w czasie wolnym. Pod koniec wycieczki zabierzemy Ci\u0119 z powrotem do hotelu w Sharm el-Sheikh. Odkryj z nami bogat\u0105 histori\u0119 i kultur\u0119 Egiptu!<\/p>\n","protected":false},"featured_media":51275,"comment_status":"open","ping_status":"closed","template":"","meta":{"_coblocks_attr":"","_coblocks_dimensions":"","_coblocks_responsive_height":"","_coblocks_accordion_ie_support":"","_uag_custom_page_level_css":"","jetpack_publicize_message":"","jetpack_publicize_feature_enabled":true,"jetpack_social_post_already_shared":false,"jetpack_social_options":{"image_generator_settings":{"template":"highway","default_image_id":0,"font":"","enabled":false},"version":2},"_wpas_customize_per_network":false},"product_brand":[],"product_cat":[1951,1950],"product_tag":[1967,1964,1965,1966,1963,1961,9909],"class_list":{"0":"post-2562","1":"product","2":"type-product","3":"status-publish","4":"has-post-thumbnail","6":"product_cat-historyczne-wycieczki-sharm","7":"product_cat-wycieczki-sharm-sheikh","8":"product_tag-aleksandria","9":"product_tag-kair","10":"product_tag-piramidy","11":"product_tag-sfinks","12":"product_tag-szarm-el-szejk","13":"product_tag-wycieczka","14":"product_tag-zwiedzanie","15":"pa_age-dorosly","16":"pa_age-dziecko","18":"first","19":"instock","20":"sale","21":"purchasable","22":"product-type-variable"},"yoast_head":"<!-- This site is optimized with the Yoast SEO Premium plugin v27.5 (Yoast SEO v27.5) - https:\/\/yoast.com\/product\/yoast-seo-premium-wordpress\/ -->\n<title>Wycieczka do Kairu-Aleksandrii z Szarm el-Szejk<\/title>\n<meta name=\"description\" content=\"Wycieczka do Kairu-Aleksandrii z Szarm el-Szejk odwiedza piramidy i Sfinksa w Gizie, Muzeum Egipskie w Kairze oraz twierdz\u0119 Qaitbay i Montazah\" \/>\n<meta name=\"robots\" content=\"index, follow, max-snippet:-1, max-image-preview:large, max-video-preview:-1\" \/>\n<link rel=\"canonical\" href=\"https:\/\/landioustravel.com\/pl\/shop\/wycieczka-kairu-aleksandrii-szarm\/\" \/>\n<meta property=\"og:locale\" content=\"pl_PL\" \/>\n<meta property=\"og:type\" content=\"article\" \/>\n<meta property=\"og:title\" content=\"Wycieczka do Kairu-Aleksandrii z Szarm el-Szejk\" \/>\n<meta property=\"og:description\" content=\"Landious Travel\" \/>\n<meta property=\"og:url\" content=\"https:\/\/landioustravel.com\/pl\/shop\/wycieczka-kairu-aleksandrii-szarm\/\" \/>\n<meta property=\"og:site_name\" content=\"Landious Travel\" \/>\n<meta property=\"article:publisher\" content=\"https:\/\/web.facebook.com\/landiousEgypt\" \/>\n<meta property=\"article:modified_time\" content=\"2024-09-23T22:49:04+00:00\" \/>\n<meta property=\"og:image\" content=\"https:\/\/i0.wp.com\/landioustravel.com\/wp-content\/uploads\/2021\/05\/landious-montaza-palace-e1621971093894.jpg?fit=1200%2C675&ssl=1\" \/>\n\t<meta property=\"og:image:width\" content=\"1200\" \/>\n\t<meta property=\"og:image:height\" content=\"675\" \/>\n\t<meta property=\"og:image:type\" content=\"image\/jpeg\" \/>\n<meta name=\"twitter:card\" content=\"summary_large_image\" \/>\n<meta name=\"twitter:site\" content=\"@LandiousTours\" \/>\n<meta name=\"twitter:label1\" content=\"Szacowany czas czytania\" \/>\n\t<meta name=\"twitter:data1\" content=\"3 minuty\" \/>\n<script type=\"application\/ld+json\" class=\"yoast-schema-graph\">{\"@context\":\"https:\\\/\\\/schema.org\",\"@graph\":[{\"@type\":\"WebPage\",\"@id\":\"https:\\\/\\\/landioustravel.com\\\/pl\\\/shop\\\/wycieczka-kairu-aleksandrii-szarm\\\/\",\"url\":\"https:\\\/\\\/landioustravel.com\\\/pl\\\/shop\\\/wycieczka-kairu-aleksandrii-szarm\\\/\",\"name\":\"Wycieczka do Kairu-Aleksandrii z Szarm el-Szejk\",\"isPartOf\":{\"@id\":\"https:\\\/\\\/landioustravel.com\\\/pl\\\/#website\"},\"primaryImageOfPage\":{\"@id\":\"https:\\\/\\\/landioustravel.com\\\/pl\\\/shop\\\/wycieczka-kairu-aleksandrii-szarm\\\/#primaryimage\"},\"image\":{\"@id\":\"https:\\\/\\\/landioustravel.com\\\/pl\\\/shop\\\/wycieczka-kairu-aleksandrii-szarm\\\/#primaryimage\"},\"thumbnailUrl\":\"https:\\\/\\\/i0.wp.com\\\/landioustravel.com\\\/wp-content\\\/uploads\\\/2021\\\/05\\\/landious-montaza-palace-e1621971093894.jpg?fit=1200%2C675&ssl=1\",\"datePublished\":\"2018-12-16T18:52:00+00:00\",\"dateModified\":\"2024-09-23T22:49:04+00:00\",\"description\":\"Wycieczka do Kairu-Aleksandrii z Szarm el-Szejk odwiedza piramidy i Sfinksa w Gizie, Muzeum Egipskie w Kairze oraz twierdz\u0119 Qaitbay i Montazah\",\"breadcrumb\":{\"@id\":\"https:\\\/\\\/landioustravel.com\\\/pl\\\/shop\\\/wycieczka-kairu-aleksandrii-szarm\\\/#breadcrumb\"},\"inLanguage\":\"pl-PL\",\"potentialAction\":[{\"@type\":\"ReadAction\",\"target\":[\"https:\\\/\\\/landioustravel.com\\\/pl\\\/shop\\\/wycieczka-kairu-aleksandrii-szarm\\\/\"]}]},{\"@type\":\"ImageObject\",\"inLanguage\":\"pl-PL\",\"@id\":\"https:\\\/\\\/landioustravel.com\\\/pl\\\/shop\\\/wycieczka-kairu-aleksandrii-szarm\\\/#primaryimage\",\"url\":\"https:\\\/\\\/i0.wp.com\\\/landioustravel.com\\\/wp-content\\\/uploads\\\/2021\\\/05\\\/landious-montaza-palace-e1621971093894.jpg?fit=1200%2C675&ssl=1\",\"contentUrl\":\"https:\\\/\\\/i0.wp.com\\\/landioustravel.com\\\/wp-content\\\/uploads\\\/2021\\\/05\\\/landious-montaza-palace-e1621971093894.jpg?fit=1200%2C675&ssl=1\",\"width\":1200,\"height\":675,\"caption\":\"Montaza Palace\"},{\"@type\":\"BreadcrumbList\",\"@id\":\"https:\\\/\\\/landioustravel.com\\\/pl\\\/shop\\\/wycieczka-kairu-aleksandrii-szarm\\\/#breadcrumb\",\"itemListElement\":[{\"@type\":\"ListItem\",\"position\":1,\"name\":\"Home\",\"item\":\"https:\\\/\\\/landioustravel.com\\\/pl\\\/\"},{\"@type\":\"ListItem\",\"position\":2,\"name\":\"Us\u0142ugi i wycieczki\",\"item\":\"https:\\\/\\\/landioustravel.com\\\/pl\\\/\"},{\"@type\":\"ListItem\",\"position\":3,\"name\":\"Wycieczka do Kairu-Aleksandrii z Szarm el-Szejk\"}]},{\"@type\":\"WebSite\",\"@id\":\"https:\\\/\\\/landioustravel.com\\\/pl\\\/#website\",\"url\":\"https:\\\/\\\/landioustravel.com\\\/pl\\\/\",\"name\":\"Landious Travel\",\"description\":\"Excursions, trips and cruises in Egypt\",\"publisher\":{\"@id\":\"https:\\\/\\\/landioustravel.com\\\/pl\\\/#organization\"},\"potentialAction\":[{\"@type\":\"SearchAction\",\"target\":{\"@type\":\"EntryPoint\",\"urlTemplate\":\"https:\\\/\\\/landioustravel.com\\\/pl\\\/?s={search_term_string}\"},\"query-input\":{\"@type\":\"PropertyValueSpecification\",\"valueRequired\":true,\"valueName\":\"search_term_string\"}}],\"inLanguage\":\"pl-PL\"},{\"@type\":[\"Organization\",\"Place\"],\"@id\":\"https:\\\/\\\/landioustravel.com\\\/pl\\\/#organization\",\"name\":\"Landious Travel\",\"alternateName\":\"Landious Travel\",\"url\":\"https:\\\/\\\/landioustravel.com\\\/pl\\\/\",\"logo\":{\"@id\":\"https:\\\/\\\/landioustravel.com\\\/pl\\\/shop\\\/wycieczka-kairu-aleksandrii-szarm\\\/#local-main-organization-logo\"},\"image\":{\"@id\":\"https:\\\/\\\/landioustravel.com\\\/pl\\\/shop\\\/wycieczka-kairu-aleksandrii-szarm\\\/#local-main-organization-logo\"},\"sameAs\":[\"https:\\\/\\\/web.facebook.com\\\/landiousEgypt\",\"https:\\\/\\\/x.com\\\/LandiousTours\",\"https:\\\/\\\/mastodon.social\\\/@landious\"],\"legalName\":\"Landious Travel\",\"telephone\":[],\"openingHoursSpecification\":[{\"@type\":\"OpeningHoursSpecification\",\"dayOfWeek\":[\"Monday\",\"Tuesday\",\"Wednesday\",\"Thursday\",\"Friday\",\"Saturday\",\"Sunday\"],\"opens\":\"09:00\",\"closes\":\"17:00\"}]},{\"@type\":\"ImageObject\",\"inLanguage\":\"pl-PL\",\"@id\":\"https:\\\/\\\/landioustravel.com\\\/pl\\\/shop\\\/wycieczka-kairu-aleksandrii-szarm\\\/#local-main-organization-logo\",\"url\":\"https:\\\/\\\/i0.wp.com\\\/landioustravel.com\\\/wp-content\\\/uploads\\\/2021\\\/06\\\/Landious-T.png?fit=500%2C500&ssl=1\",\"contentUrl\":\"https:\\\/\\\/i0.wp.com\\\/landioustravel.com\\\/wp-content\\\/uploads\\\/2021\\\/06\\\/Landious-T.png?fit=500%2C500&ssl=1\",\"width\":500,\"height\":500,\"caption\":\"Landious Travel\"}]}<\/script>\n<!-- \/ Yoast SEO Premium plugin. -->","yoast_head_json":{"title":"Wycieczka do Kairu-Aleksandrii z Szarm el-Szejk","description":"Wycieczka do Kairu-Aleksandrii z Szarm el-Szejk odwiedza piramidy i Sfinksa w Gizie, Muzeum Egipskie w Kairze oraz twierdz\u0119 Qaitbay i Montazah","robots":{"index":"index","follow":"follow","max-snippet":"max-snippet:-1","max-image-preview":"max-image-preview:large","max-video-preview":"max-video-preview:-1"},"canonical":"https:\/\/landioustravel.com\/pl\/shop\/wycieczka-kairu-aleksandrii-szarm\/","og_locale":"pl_PL","og_type":"article","og_title":"Wycieczka do Kairu-Aleksandrii z Szarm el-Szejk","og_description":"Landious Travel","og_url":"https:\/\/landioustravel.com\/pl\/shop\/wycieczka-kairu-aleksandrii-szarm\/","og_site_name":"Landious Travel","article_publisher":"https:\/\/web.facebook.com\/landiousEgypt","article_modified_time":"2024-09-23T22:49:04+00:00","og_image":[{"width":1200,"height":675,"url":"https:\/\/i0.wp.com\/landioustravel.com\/wp-content\/uploads\/2021\/05\/landious-montaza-palace-e1621971093894.jpg?fit=1200%2C675&ssl=1","type":"image\/jpeg"}],"twitter_card":"summary_large_image","twitter_site":"@LandiousTours","twitter_misc":{"Szacowany czas czytania":"3 minuty"},"schema":{"@context":"https:\/\/schema.org","@graph":[{"@type":"WebPage","@id":"https:\/\/landioustravel.com\/pl\/shop\/wycieczka-kairu-aleksandrii-szarm\/","url":"https:\/\/landioustravel.com\/pl\/shop\/wycieczka-kairu-aleksandrii-szarm\/","name":"Wycieczka do Kairu-Aleksandrii z Szarm el-Szejk","isPartOf":{"@id":"https:\/\/landioustravel.com\/pl\/#website"},"primaryImageOfPage":{"@id":"https:\/\/landioustravel.com\/pl\/shop\/wycieczka-kairu-aleksandrii-szarm\/#primaryimage"},"image":{"@id":"https:\/\/landioustravel.com\/pl\/shop\/wycieczka-kairu-aleksandrii-szarm\/#primaryimage"},"thumbnailUrl":"https:\/\/i0.wp.com\/landioustravel.com\/wp-content\/uploads\/2021\/05\/landious-montaza-palace-e1621971093894.jpg?fit=1200%2C675&ssl=1","datePublished":"2018-12-16T18:52:00+00:00","dateModified":"2024-09-23T22:49:04+00:00","description":"Wycieczka do Kairu-Aleksandrii z Szarm el-Szejk odwiedza piramidy i Sfinksa w Gizie, Muzeum Egipskie w Kairze oraz twierdz\u0119 Qaitbay i Montazah","breadcrumb":{"@id":"https:\/\/landioustravel.com\/pl\/shop\/wycieczka-kairu-aleksandrii-szarm\/#breadcrumb"},"inLanguage":"pl-PL","potentialAction":[{"@type":"ReadAction","target":["https:\/\/landioustravel.com\/pl\/shop\/wycieczka-kairu-aleksandrii-szarm\/"]}]},{"@type":"ImageObject","inLanguage":"pl-PL","@id":"https:\/\/landioustravel.com\/pl\/shop\/wycieczka-kairu-aleksandrii-szarm\/#primaryimage","url":"https:\/\/i0.wp.com\/landioustravel.com\/wp-content\/uploads\/2021\/05\/landious-montaza-palace-e1621971093894.jpg?fit=1200%2C675&ssl=1","contentUrl":"https:\/\/i0.wp.com\/landioustravel.com\/wp-content\/uploads\/2021\/05\/landious-montaza-palace-e1621971093894.jpg?fit=1200%2C675&ssl=1","width":1200,"height":675,"caption":"Montaza Palace"},{"@type":"BreadcrumbList","@id":"https:\/\/landioustravel.com\/pl\/shop\/wycieczka-kairu-aleksandrii-szarm\/#breadcrumb","itemListElement":[{"@type":"ListItem","position":1,"name":"Home","item":"https:\/\/landioustravel.com\/pl\/"},{"@type":"ListItem","position":2,"name":"Us\u0142ugi i wycieczki","item":"https:\/\/landioustravel.com\/pl\/"},{"@type":"ListItem","position":3,"name":"Wycieczka do Kairu-Aleksandrii z Szarm el-Szejk"}]},{"@type":"WebSite","@id":"https:\/\/landioustravel.com\/pl\/#website","url":"https:\/\/landioustravel.com\/pl\/","name":"Landious Travel","description":"Excursions, trips and cruises in Egypt","publisher":{"@id":"https:\/\/landioustravel.com\/pl\/#organization"},"potentialAction":[{"@type":"SearchAction","target":{"@type":"EntryPoint","urlTemplate":"https:\/\/landioustravel.com\/pl\/?s={search_term_string}"},"query-input":{"@type":"PropertyValueSpecification","valueRequired":true,"valueName":"search_term_string"}}],"inLanguage":"pl-PL"},{"@type":["Organization","Place"],"@id":"https:\/\/landioustravel.com\/pl\/#organization","name":"Landious Travel","alternateName":"Landious Travel","url":"https:\/\/landioustravel.com\/pl\/","logo":{"@id":"https:\/\/landioustravel.com\/pl\/shop\/wycieczka-kairu-aleksandrii-szarm\/#local-main-organization-logo"},"image":{"@id":"https:\/\/landioustravel.com\/pl\/shop\/wycieczka-kairu-aleksandrii-szarm\/#local-main-organization-logo"},"sameAs":["https:\/\/web.facebook.com\/landiousEgypt","https:\/\/x.com\/LandiousTours","https:\/\/mastodon.social\/@landious"],"legalName":"Landious Travel","telephone":[],"openingHoursSpecification":[{"@type":"OpeningHoursSpecification","dayOfWeek":["Monday","Tuesday","Wednesday","Thursday","Friday","Saturday","Sunday"],"opens":"09:00","closes":"17:00"}]},{"@type":"ImageObject","inLanguage":"pl-PL","@id":"https:\/\/landioustravel.com\/pl\/shop\/wycieczka-kairu-aleksandrii-szarm\/#local-main-organization-logo","url":"https:\/\/i0.wp.com\/landioustravel.com\/wp-content\/uploads\/2021\/06\/Landious-T.png?fit=500%2C500&ssl=1","contentUrl":"https:\/\/i0.wp.com\/landioustravel.com\/wp-content\/uploads\/2021\/06\/Landious-T.png?fit=500%2C500&ssl=1","width":500,"height":500,"caption":"Landious Travel"}]}},"jetpack_publicize_connections":[],"uagb_featured_image_src":{"full":["https:\/\/i0.wp.com\/landioustravel.com\/wp-content\/uploads\/2021\/05\/landious-montaza-palace-e1621971093894.jpg?fit=1200%2C675&ssl=1",1200,675,false],"thumbnail":["https:\/\/i0.wp.com\/landioustravel.com\/wp-content\/uploads\/2021\/05\/landious-montaza-palace-e1621971093894.jpg?resize=150%2C150&ssl=1",150,150,true],"medium":["https:\/\/i0.wp.com\/landioustravel.com\/wp-content\/uploads\/2021\/05\/landious-montaza-palace-e1621971093894.jpg?fit=300%2C169&ssl=1",300,169,true],"medium_large":["https:\/\/i0.wp.com\/landioustravel.com\/wp-content\/uploads\/2021\/05\/landious-montaza-palace-e1621971093894.jpg?fit=768%2C432&ssl=1",768,432,true],"large":["https:\/\/i0.wp.com\/landioustravel.com\/wp-content\/uploads\/2021\/05\/landious-montaza-palace-e1621971093894.jpg?fit=980%2C551&ssl=1",980,551,true],"1536x1536":["https:\/\/i0.wp.com\/landioustravel.com\/wp-content\/uploads\/2021\/05\/landious-montaza-palace-e1621971093894.jpg?fit=1536%2C864&ssl=1",1536,864,true],"2048x2048":["https:\/\/i0.wp.com\/landioustravel.com\/wp-content\/uploads\/2021\/05\/landious-montaza-palace-e1621971093894.jpg?fit=2048%2C1152&ssl=1",2048,1152,true],"newspack-article-block-landscape-large":["https:\/\/i0.wp.com\/landioustravel.com\/wp-content\/uploads\/2021\/05\/landious-montaza-palace-e1621971093894.jpg?resize=1200%2C675&ssl=1",1200,900,true],"newspack-article-block-portrait-large":["https:\/\/i0.wp.com\/landioustravel.com\/wp-content\/uploads\/2021\/05\/landious-montaza-palace-e1621971093894.jpg?resize=900%2C675&ssl=1",900,1200,true],"newspack-article-block-square-large":["https:\/\/i0.wp.com\/landioustravel.com\/wp-content\/uploads\/2021\/05\/landious-montaza-palace-e1621971093894.jpg?resize=1200%2C675&ssl=1",1200,1200,true],"newspack-article-block-landscape-medium":["https:\/\/i0.wp.com\/landioustravel.com\/wp-content\/uploads\/2021\/05\/landious-montaza-palace-e1621971093894.jpg?resize=800%2C600&ssl=1",800,600,true],"newspack-article-block-portrait-medium":["https:\/\/i0.wp.com\/landioustravel.com\/wp-content\/uploads\/2021\/05\/landious-montaza-palace-e1621971093894.jpg?resize=600%2C675&ssl=1",600,800,true],"newspack-article-block-square-medium":["https:\/\/i0.wp.com\/landioustravel.com\/wp-content\/uploads\/2021\/05\/landious-montaza-palace-e1621971093894.jpg?resize=800%2C675&ssl=1",800,800,true],"newspack-article-block-landscape-intermediate":["https:\/\/i0.wp.com\/landioustravel.com\/wp-content\/uploads\/2021\/05\/landious-montaza-palace-e1621971093894.jpg?resize=600%2C450&ssl=1",600,450,true],"newspack-article-block-portrait-intermediate":["https:\/\/i0.wp.com\/landioustravel.com\/wp-content\/uploads\/2021\/05\/landious-montaza-palace-e1621971093894.jpg?resize=450%2C600&ssl=1",450,600,true],"newspack-article-block-square-intermediate":["https:\/\/i0.wp.com\/landioustravel.com\/wp-content\/uploads\/2021\/05\/landious-montaza-palace-e1621971093894.jpg?resize=600%2C600&ssl=1",600,600,true],"newspack-article-block-landscape-small":["https:\/\/i0.wp.com\/landioustravel.com\/wp-content\/uploads\/2021\/05\/landious-montaza-palace-e1621971093894.jpg?resize=400%2C300&ssl=1",400,300,true],"newspack-article-block-portrait-small":["https:\/\/i0.wp.com\/landioustravel.com\/wp-content\/uploads\/2021\/05\/landious-montaza-palace-e1621971093894.jpg?resize=300%2C400&ssl=1",300,400,true],"newspack-article-block-square-small":["https:\/\/i0.wp.com\/landioustravel.com\/wp-content\/uploads\/2021\/05\/landious-montaza-palace-e1621971093894.jpg?resize=400%2C400&ssl=1",400,400,true],"newspack-article-block-landscape-tiny":["https:\/\/i0.wp.com\/landioustravel.com\/wp-content\/uploads\/2021\/05\/landious-montaza-palace-e1621971093894.jpg?resize=200%2C150&ssl=1",200,150,true],"newspack-article-block-portrait-tiny":["https:\/\/i0.wp.com\/landioustravel.com\/wp-content\/uploads\/2021\/05\/landious-montaza-palace-e1621971093894.jpg?resize=150%2C200&ssl=1",150,200,true],"newspack-article-block-square-tiny":["https:\/\/i0.wp.com\/landioustravel.com\/wp-content\/uploads\/2021\/05\/landious-montaza-palace-e1621971093894.jpg?resize=200%2C200&ssl=1",200,200,true],"newspack-article-block-uncropped":["https:\/\/i0.wp.com\/landioustravel.com\/wp-content\/uploads\/2021\/05\/landious-montaza-palace-e1621971093894.jpg?fit=1200%2C675&ssl=1",1200,675,true],"woocommerce_thumbnail":["https:\/\/i0.wp.com\/landioustravel.com\/wp-content\/uploads\/2021\/05\/landious-montaza-palace-e1621971093894.jpg?resize=324%2C324&ssl=1",324,324,true],"woocommerce_single":["https:\/\/i0.wp.com\/landioustravel.com\/wp-content\/uploads\/2021\/05\/landious-montaza-palace-e1621971093894.jpg?fit=416%2C234&ssl=1",416,234,true],"woocommerce_gallery_thumbnail":["https:\/\/i0.wp.com\/landioustravel.com\/wp-content\/uploads\/2021\/05\/landious-montaza-palace-e1621971093894.jpg?resize=100%2C100&ssl=1",100,100,true]},"uagb_author_info":{"display_name":"Mofreh Landious","author_link":"https:\/\/landioustravel.com\/pl\/author\/"},"uagb_comment_info":6,"uagb_excerpt":"Czy jeste\u015b zainteresowany zwiedzaniem wspania\u0142ych miast Kairu i Aleksandrii podczas wizyty w Egipcie? Nasza dwudniowa wycieczka z Sharm El-Sheikh oferuje mo\u017cliwo\u015b\u0107 zobaczenia zapieraj\u0105cych dech w piersiach piramid w Gizie i odwiedzenia Muzeum Egipskiego w Kairze. Mo\u017cesz tak\u017ce wybra\u0107 si\u0119 na relaksuj\u0105cy piknik \u0142odzi\u0105 na Nilu i kupi\u0107 pami\u0105tki w fabryce perfum. Drugiego dnia nasz przyjazny&hellip;","jetpack_sharing_enabled":true,"jetpack_likes_enabled":true,"amp_enabled":true,"_links":{"self":[{"href":"https:\/\/landioustravel.com\/pl\/wp-json\/wp\/v2\/product\/2562","targetHints":{"allow":["GET"]}}],"collection":[{"href":"https:\/\/landioustravel.com\/pl\/wp-json\/wp\/v2\/product"}],"about":[{"href":"https:\/\/landioustravel.com\/pl\/wp-json\/wp\/v2\/types\/product"}],"replies":[{"embeddable":true,"href":"https:\/\/landioustravel.com\/pl\/wp-json\/wp\/v2\/comments?post=2562"}],"wp:featuredmedia":[{"embeddable":true,"href":"https:\/\/landioustravel.com\/pl\/wp-json\/wp\/v2\/media\/51275"}],"wp:attachment":[{"href":"https:\/\/landioustravel.com\/pl\/wp-json\/wp\/v2\/media?parent=2562"}],"wp:term":[{"taxonomy":"product_brand","embeddable":true,"href":"https:\/\/landioustravel.com\/pl\/wp-json\/wp\/v2\/product_brand?post=2562"},{"taxonomy":"product_cat","embeddable":true,"href":"https:\/\/landioustravel.com\/pl\/wp-json\/wp\/v2\/product_cat?post=2562"},{"taxonomy":"product_tag","embeddable":true,"href":"https:\/\/landioustravel.com\/pl\/wp-json\/wp\/v2\/product_tag?post=2562"}],"curies":[{"name":"wp","href":"https:\/\/api.w.org\/{rel}","templated":true}]}}