{"id":2564,"date":"2018-12-16T17:22:22","date_gmt":"2018-12-16T15:22:22","guid":{"rendered":"https:\/\/landioustravel.com\/product\/wycieczka-snurkowanie-tiran-szarm\/"},"modified":"2024-09-26T18:53:27","modified_gmt":"2024-09-26T15:53:27","slug":"wycieczka-snurkowanie-tiran-szarm","status":"publish","type":"product","link":"https:\/\/landioustravel.com\/pl\/shop\/wycieczka-snurkowanie-tiran-szarm\/","title":{"rendered":"Wycieczka Snurkowanie in Tiran z Szarm el-Szejk"},"content":{"rendered":"<p>Wspania\u0142a wycieczka \u0142odzi\u0105 do Parku Narodowego Tiran w Sharm El Sheikh! Polecamy wycieczk\u0119, poniewa\u017c pozwala turystom dobrze si\u0119 bawi\u0107 nad morzem! Wycieczka daje mo\u017cliwo\u015b\u0107 zobaczenia pi\u0119knych koralowc\u00f3w i r\u00f3\u017cnych ryb za pomoc\u0105 masek i p\u0142etw. Co wi\u0119cej, mo\u017cesz cieszy\u0107 si\u0119 piknikiem morskim przez Morze Czerwone w jednym z najbardziej znanych miejsc w Sharm El-Sheikh.<\/p>\n<h2>G\u0142\u00f3wne punkty programu wycieczki do Tiran<\/h2>\n<ul>\n<li>P\u0142ywanie w otwartym morzu z jachtu<\/li>\n<li>Snurkowanie z maskami i p\u0142etwami<\/li>\n<li>Obiad na \u0142odzi<\/li>\n<\/ul>\n<h3>Program wycieczki do chronionego obszaru Tiran w Sharm El-Sheikh<\/h3>\n<ul>\n<li>Jeste\u015b odebrany z hotelu oko\u0142o godziny 08:00<\/li>\n<li>Po zabraniu wszystkich ch\u0119tnych autobus jedzie do portu. Droga do portu trwa oko\u0142o 20 minut<\/li>\n<li>W porcie znajdziesz sw\u00f3j jacht. Jest du\u017cy i szykowny! Jacht sk\u0142ada si\u0119 z dw\u00f3ch pi\u0119ter. Po dotarciu do jachtu nale\u017cy zdj\u0105\u0107 obuwie i wznie\u015b\u0107 si\u0119 na drugim pi\u0119trze opalania w g\u00f3rnym pok\u0142adzie s\u0142onecznym<\/li>\n<li>Jacht p\u0142ynie przez Morze Czerwone, gdy gromadzi si\u0119 ca\u0142a grupa. Nast\u0119pnie, w pi\u0119knym miejscu koralowc\u00f3w, zatrzymujesz si\u0119 na otwartym morzu w pobli\u017cu wyspy Tiran. Tam mo\u017cna bezpo\u015brednio p\u0142ywa\u0107 i nurkowa\u0107 z maskami i p\u0142etwami z jachtu<\/li>\n<li>Po takim zatrzymaniu zaczyna si\u0119 tw\u00f3j lunch. W porze lunchu grupa zbiera si\u0119 na pierwszym pi\u0119trze wok\u00f3\u0142 otwartego bufetu.<\/li>\n<li>Jacht jedzie, aw innym miejscu zatrzymuje si\u0119, by pozwoli\u0107 ci powt\u00f3rzy\u0107 p\u0142ywanie z maskami i p\u0142etwami.<\/li>\n<li>Ta wycieczka do chronionego obszaru Tiranu ko\u0144czy si\u0119 oko\u0142o 18:30<\/li>\n<\/ul>\n<h4>Co wliczone jest w cen\u0119 podr\u00f3\u017cy<\/h4>\n<ul>\n<li>Jedzenie napoje<\/li>\n<li>Przejazd do portu i powr\u00f3t do hotelu<\/li>\n<\/ul>\n<h5>Co nie jest wliczone w cen\u0119 podr\u00f3\u017cy<\/h5>\n<ul>\n<li>Sprz\u0119t do snurkowania<\/li>\n<li>DVD wideo<\/li>\n<li>Photo CD<\/li>\n<\/ul>\n<h5>Co zabra\u0107 ze sob\u0105 na wycieczk\u0119<\/h5>\n<ul>\n<li>R\u0119cznik<\/li>\n<li>Krem do opalania<\/li>\n<li>Sprz\u0119t do snurkowania<\/li>\n<\/ul>\n<h6>DNI ORGANIZACJI WYCIECZKOWEJ<\/h6>\n<ul>\n<li>Codziennie od 08: 00-17: 00<\/li>\n<\/ul>\n","protected":false},"excerpt":{"rendered":"<p>Do\u015bwiadcz cud\u00f3w Morza Czerwonego podczas spokojnej wycieczki \u0142odzi\u0105 do Parku Narodowego Tiran Island w Sharm El-Sheikh. Ten park s\u0142ynie z pi\u0119knego \u017cycia podwodnego, w tym wspania\u0142ych raf koralowych i ryb. Z mo\u017cliwo\u015bci\u0105 p\u0142ywania i nurkowania z mask\u0105 i p\u0142etwami na otwartym morzu, \u0142\u00f3d\u017a dwukrotnie zakotwiczy w r\u00f3\u017cnych miejscach parku narodowego. Zostaniesz r\u00f3wnie\u017c potraktowany pysznym lunchem na pok\u0142adzie.<\/p>\n<p>Rozumiemy, \u017ce Twoje bezpiecze\u0144stwo jest najwa\u017cniejsze. Dlatego nasi profesjonalni przewodnicy przedstawi\u0105 r\u00f3\u017cne ryby, kt\u00f3re mo\u017cesz napotka\u0107, w tym te, kt\u00f3re mog\u0105 by\u0107 niebezpieczne. Chcemy, aby\u015b mia\u0142 bezproblemowe wra\u017cenia podczas zanurzania si\u0119 w podwodn\u0105 przygod\u0119 p\u0142ywania, nurkowania z rurk\u0105, a nawet nurkowania.<\/p>\n<p>Nasz zesp\u00f3\u0142 odbierze Ci\u0119 z hotelu oko\u0142o godziny 8:00 i zawiezie do portu morskiego, gdzie mo\u017cesz wypo\u017cyczy\u0107 sprz\u0119t do nurkowania w naszym centrum nurkowym. Je\u015bli masz szcz\u0119\u015bcie, mo\u017cesz nawet dostrzec delfiny. Gdy znajdziesz si\u0119 na pok\u0142adzie \u0142odzi, mo\u017cesz si\u0119 zrelaksowa\u0107 i podziwia\u0107 malownicze widoki w drodze na wysp\u0119 Tiran.<\/p>\n<p>Chcemy, aby\u015b mia\u0142 jak najlepsze wra\u017cenia, dlatego zapewniamy transport klimatyzowanym minivanem, a tak\u017ce sprz\u0119t do nurkowania, taki jak maski, p\u0142etwy i kamizelki ratunkowe. Po ca\u0142ym dniu zwiedzania i przyg\u00f3d pop\u0142yniemy z powrotem na molo w Sharm El Sheikh i zawieziemy Ci\u0119 do hotelu.<\/p>\n<p>Naszym celem jest, aby Twoja podr\u00f3\u017c na wysp\u0119 Tiran by\u0142a niezapomniana, ze wsp\u00f3\u0142czuciem i sympati\u0105, aby zapewni\u0107 Ci komfort i bezpiecze\u0144stwo podczas ca\u0142ej podr\u00f3\u017cy. Zarezerwuj wycieczk\u0119 \u0142odzi\u0105 z rurk\u0105 ju\u017c dzi\u015b i do\u015bwiadcz pi\u0119kna Morza Czerwonego jak nigdy dot\u0105d.<\/p>\n","protected":false},"featured_media":99879,"comment_status":"open","ping_status":"closed","template":"","meta":{"_coblocks_attr":"","_coblocks_dimensions":"","_coblocks_responsive_height":"","_coblocks_accordion_ie_support":"","_uag_custom_page_level_css":"","jetpack_publicize_message":"","jetpack_publicize_feature_enabled":true,"jetpack_social_post_already_shared":false,"jetpack_social_options":{"image_generator_settings":{"template":"highway","default_image_id":0,"font":"","enabled":false},"version":2},"_wpas_customize_per_network":false},"product_brand":[],"product_cat":[1952,1950],"product_tag":[22821,22823,1963,1961,1959,1974],"class_list":{"0":"post-2564","1":"product","2":"type-product","3":"status-publish","4":"has-post-thumbnail","6":"product_cat-rejsy-statkiem-sharm-sheikh","7":"product_cat-wycieczki-sharm-sheikh","8":"product_tag-morze","9":"product_tag-nurkowanie-z-rurka","10":"product_tag-szarm-el-szejk","11":"product_tag-wycieczka","12":"product_tag-wycieczki-lodzia","13":"product_tag-wyspa","14":"pa_age-dorosly","15":"pa_age-dziecko-1-4-lata","16":"pa_age-dziecko-5-11-lat","18":"first","19":"instock","20":"sale","21":"purchasable","22":"product-type-variable"},"yoast_head":"<!-- This site is optimized with the Yoast SEO Premium plugin v26.9 (Yoast SEO v27.5) - https:\/\/yoast.com\/product\/yoast-seo-premium-wordpress\/ -->\n<title>Wycieczka Snurkowanie in Tiran z Szarm el-Szejk<\/title>\n<meta name=\"description\" content=\"Wycieczka Snurkowanie in Tiran z Szarm el-Szejk pozwala p\u0142ywa\u0107 i nurkowa\u0107 z rurk\u0105 tak blisko wyspy Tiran, gdzie niesamowita morska przyroda w parku\" \/>\n<meta name=\"robots\" content=\"index, follow, max-snippet:-1, max-image-preview:large, max-video-preview:-1\" \/>\n<link rel=\"canonical\" href=\"https:\/\/landioustravel.com\/pl\/shop\/wycieczka-snurkowanie-tiran-szarm\/\" \/>\n<meta property=\"og:locale\" content=\"pl_PL\" \/>\n<meta property=\"og:type\" content=\"article\" \/>\n<meta property=\"og:title\" content=\"Wycieczka Snurkowanie in Tiran z Szarm el-Szejk\" \/>\n<meta property=\"og:description\" content=\"Landious Travel\" \/>\n<meta property=\"og:url\" content=\"https:\/\/landioustravel.com\/pl\/shop\/wycieczka-snurkowanie-tiran-szarm\/\" \/>\n<meta property=\"og:site_name\" content=\"Landious Travel\" \/>\n<meta property=\"article:publisher\" content=\"https:\/\/web.facebook.com\/landiousEgypt\" \/>\n<meta property=\"article:modified_time\" content=\"2024-09-26T15:53:27+00:00\" \/>\n<meta property=\"og:image\" content=\"https:\/\/i0.wp.com\/landioustravel.com\/wp-content\/uploads\/2018\/12\/Tiran-Snorkelling-Excursion-Sharm-El-Sheikh-e1669412145583.jpg?fit=1200%2C675&ssl=1\" \/>\n\t<meta property=\"og:image:width\" content=\"1200\" \/>\n\t<meta property=\"og:image:height\" content=\"675\" \/>\n\t<meta property=\"og:image:type\" content=\"image\/jpeg\" \/>\n<meta name=\"twitter:card\" content=\"summary_large_image\" \/>\n<meta name=\"twitter:site\" content=\"@LandiousTours\" \/>\n<meta name=\"twitter:label1\" content=\"Szacowany czas czytania\" \/>\n\t<meta name=\"twitter:data1\" content=\"2 minuty\" \/>\n<script type=\"application\/ld+json\" class=\"yoast-schema-graph\">{\"@context\":\"https:\\\/\\\/schema.org\",\"@graph\":[{\"@type\":\"WebPage\",\"@id\":\"https:\\\/\\\/landioustravel.com\\\/pl\\\/shop\\\/wycieczka-snurkowanie-tiran-szarm\\\/\",\"url\":\"https:\\\/\\\/landioustravel.com\\\/pl\\\/shop\\\/wycieczka-snurkowanie-tiran-szarm\\\/\",\"name\":\"Wycieczka Snurkowanie in Tiran z Szarm el-Szejk\",\"isPartOf\":{\"@id\":\"https:\\\/\\\/landioustravel.com\\\/pl\\\/#website\"},\"primaryImageOfPage\":{\"@id\":\"https:\\\/\\\/landioustravel.com\\\/pl\\\/shop\\\/wycieczka-snurkowanie-tiran-szarm\\\/#primaryimage\"},\"image\":{\"@id\":\"https:\\\/\\\/landioustravel.com\\\/pl\\\/shop\\\/wycieczka-snurkowanie-tiran-szarm\\\/#primaryimage\"},\"thumbnailUrl\":\"https:\\\/\\\/i0.wp.com\\\/landioustravel.com\\\/wp-content\\\/uploads\\\/2018\\\/12\\\/Tiran-Snorkelling-Excursion-Sharm-El-Sheikh-e1669412145583.jpg?fit=1200%2C675&ssl=1\",\"datePublished\":\"2018-12-16T15:22:22+00:00\",\"dateModified\":\"2024-09-26T15:53:27+00:00\",\"description\":\"Wycieczka Snurkowanie in Tiran z Szarm el-Szejk pozwala p\u0142ywa\u0107 i nurkowa\u0107 z rurk\u0105 tak blisko wyspy Tiran, gdzie niesamowita morska przyroda w parku\",\"breadcrumb\":{\"@id\":\"https:\\\/\\\/landioustravel.com\\\/pl\\\/shop\\\/wycieczka-snurkowanie-tiran-szarm\\\/#breadcrumb\"},\"inLanguage\":\"pl-PL\",\"potentialAction\":[{\"@type\":\"ReadAction\",\"target\":[\"https:\\\/\\\/landioustravel.com\\\/pl\\\/shop\\\/wycieczka-snurkowanie-tiran-szarm\\\/\"]}]},{\"@type\":\"ImageObject\",\"inLanguage\":\"pl-PL\",\"@id\":\"https:\\\/\\\/landioustravel.com\\\/pl\\\/shop\\\/wycieczka-snurkowanie-tiran-szarm\\\/#primaryimage\",\"url\":\"https:\\\/\\\/i0.wp.com\\\/landioustravel.com\\\/wp-content\\\/uploads\\\/2018\\\/12\\\/Tiran-Snorkelling-Excursion-Sharm-El-Sheikh-e1669412145583.jpg?fit=1200%2C675&ssl=1\",\"contentUrl\":\"https:\\\/\\\/i0.wp.com\\\/landioustravel.com\\\/wp-content\\\/uploads\\\/2018\\\/12\\\/Tiran-Snorkelling-Excursion-Sharm-El-Sheikh-e1669412145583.jpg?fit=1200%2C675&ssl=1\",\"width\":1200,\"height\":675,\"caption\":\"Tiran Snorkelling Excursion Sharm El Sheikh\"},{\"@type\":\"BreadcrumbList\",\"@id\":\"https:\\\/\\\/landioustravel.com\\\/pl\\\/shop\\\/wycieczka-snurkowanie-tiran-szarm\\\/#breadcrumb\",\"itemListElement\":[{\"@type\":\"ListItem\",\"position\":1,\"name\":\"Home\",\"item\":\"https:\\\/\\\/landioustravel.com\\\/pl\\\/\"},{\"@type\":\"ListItem\",\"position\":2,\"name\":\"Us\u0142ugi i wycieczki\",\"item\":\"https:\\\/\\\/landioustravel.com\\\/pl\\\/\"},{\"@type\":\"ListItem\",\"position\":3,\"name\":\"Wycieczka Snurkowanie in Tiran z Szarm el-Szejk\"}]},{\"@type\":\"WebSite\",\"@id\":\"https:\\\/\\\/landioustravel.com\\\/pl\\\/#website\",\"url\":\"https:\\\/\\\/landioustravel.com\\\/pl\\\/\",\"name\":\"Landious Travel\",\"description\":\"Excursions, trips and cruises in Egypt\",\"publisher\":{\"@id\":\"https:\\\/\\\/landioustravel.com\\\/pl\\\/#organization\"},\"potentialAction\":[{\"@type\":\"SearchAction\",\"target\":{\"@type\":\"EntryPoint\",\"urlTemplate\":\"https:\\\/\\\/landioustravel.com\\\/pl\\\/?s={search_term_string}\"},\"query-input\":{\"@type\":\"PropertyValueSpecification\",\"valueRequired\":true,\"valueName\":\"search_term_string\"}}],\"inLanguage\":\"pl-PL\"},{\"@type\":[\"Organization\",\"Place\"],\"@id\":\"https:\\\/\\\/landioustravel.com\\\/pl\\\/#organization\",\"name\":\"Landious Travel\",\"alternateName\":\"Landious Travel\",\"url\":\"https:\\\/\\\/landioustravel.com\\\/pl\\\/\",\"logo\":{\"@id\":\"https:\\\/\\\/landioustravel.com\\\/pl\\\/shop\\\/wycieczka-snurkowanie-tiran-szarm\\\/#local-main-organization-logo\"},\"image\":{\"@id\":\"https:\\\/\\\/landioustravel.com\\\/pl\\\/shop\\\/wycieczka-snurkowanie-tiran-szarm\\\/#local-main-organization-logo\"},\"sameAs\":[\"https:\\\/\\\/web.facebook.com\\\/landiousEgypt\",\"https:\\\/\\\/x.com\\\/LandiousTours\",\"https:\\\/\\\/mastodon.social\\\/@landious\"],\"legalName\":\"Landious Travel\",\"telephone\":[],\"openingHoursSpecification\":[{\"@type\":\"OpeningHoursSpecification\",\"dayOfWeek\":[\"Monday\",\"Tuesday\",\"Wednesday\",\"Thursday\",\"Friday\",\"Saturday\",\"Sunday\"],\"opens\":\"09:00\",\"closes\":\"17:00\"}]},{\"@type\":\"ImageObject\",\"inLanguage\":\"pl-PL\",\"@id\":\"https:\\\/\\\/landioustravel.com\\\/pl\\\/shop\\\/wycieczka-snurkowanie-tiran-szarm\\\/#local-main-organization-logo\",\"url\":\"https:\\\/\\\/i0.wp.com\\\/landioustravel.com\\\/wp-content\\\/uploads\\\/2021\\\/06\\\/Landious-T.png?fit=500%2C500&ssl=1\",\"contentUrl\":\"https:\\\/\\\/i0.wp.com\\\/landioustravel.com\\\/wp-content\\\/uploads\\\/2021\\\/06\\\/Landious-T.png?fit=500%2C500&ssl=1\",\"width\":500,\"height\":500,\"caption\":\"Landious Travel\"}]}<\/script>\n<!-- \/ Yoast SEO Premium plugin. -->","yoast_head_json":{"title":"Wycieczka Snurkowanie in Tiran z Szarm el-Szejk","description":"Wycieczka Snurkowanie in Tiran z Szarm el-Szejk pozwala p\u0142ywa\u0107 i nurkowa\u0107 z rurk\u0105 tak blisko wyspy Tiran, gdzie niesamowita morska przyroda w parku","robots":{"index":"index","follow":"follow","max-snippet":"max-snippet:-1","max-image-preview":"max-image-preview:large","max-video-preview":"max-video-preview:-1"},"canonical":"https:\/\/landioustravel.com\/pl\/shop\/wycieczka-snurkowanie-tiran-szarm\/","og_locale":"pl_PL","og_type":"article","og_title":"Wycieczka Snurkowanie in Tiran z Szarm el-Szejk","og_description":"Landious Travel","og_url":"https:\/\/landioustravel.com\/pl\/shop\/wycieczka-snurkowanie-tiran-szarm\/","og_site_name":"Landious Travel","article_publisher":"https:\/\/web.facebook.com\/landiousEgypt","article_modified_time":"2024-09-26T15:53:27+00:00","og_image":[{"width":1200,"height":675,"url":"https:\/\/i0.wp.com\/landioustravel.com\/wp-content\/uploads\/2018\/12\/Tiran-Snorkelling-Excursion-Sharm-El-Sheikh-e1669412145583.jpg?fit=1200%2C675&ssl=1","type":"image\/jpeg"}],"twitter_card":"summary_large_image","twitter_site":"@LandiousTours","twitter_misc":{"Szacowany czas czytania":"2 minuty"},"schema":{"@context":"https:\/\/schema.org","@graph":[{"@type":"WebPage","@id":"https:\/\/landioustravel.com\/pl\/shop\/wycieczka-snurkowanie-tiran-szarm\/","url":"https:\/\/landioustravel.com\/pl\/shop\/wycieczka-snurkowanie-tiran-szarm\/","name":"Wycieczka Snurkowanie in Tiran z Szarm el-Szejk","isPartOf":{"@id":"https:\/\/landioustravel.com\/pl\/#website"},"primaryImageOfPage":{"@id":"https:\/\/landioustravel.com\/pl\/shop\/wycieczka-snurkowanie-tiran-szarm\/#primaryimage"},"image":{"@id":"https:\/\/landioustravel.com\/pl\/shop\/wycieczka-snurkowanie-tiran-szarm\/#primaryimage"},"thumbnailUrl":"https:\/\/i0.wp.com\/landioustravel.com\/wp-content\/uploads\/2018\/12\/Tiran-Snorkelling-Excursion-Sharm-El-Sheikh-e1669412145583.jpg?fit=1200%2C675&ssl=1","datePublished":"2018-12-16T15:22:22+00:00","dateModified":"2024-09-26T15:53:27+00:00","description":"Wycieczka Snurkowanie in Tiran z Szarm el-Szejk pozwala p\u0142ywa\u0107 i nurkowa\u0107 z rurk\u0105 tak blisko wyspy Tiran, gdzie niesamowita morska przyroda w parku","breadcrumb":{"@id":"https:\/\/landioustravel.com\/pl\/shop\/wycieczka-snurkowanie-tiran-szarm\/#breadcrumb"},"inLanguage":"pl-PL","potentialAction":[{"@type":"ReadAction","target":["https:\/\/landioustravel.com\/pl\/shop\/wycieczka-snurkowanie-tiran-szarm\/"]}]},{"@type":"ImageObject","inLanguage":"pl-PL","@id":"https:\/\/landioustravel.com\/pl\/shop\/wycieczka-snurkowanie-tiran-szarm\/#primaryimage","url":"https:\/\/i0.wp.com\/landioustravel.com\/wp-content\/uploads\/2018\/12\/Tiran-Snorkelling-Excursion-Sharm-El-Sheikh-e1669412145583.jpg?fit=1200%2C675&ssl=1","contentUrl":"https:\/\/i0.wp.com\/landioustravel.com\/wp-content\/uploads\/2018\/12\/Tiran-Snorkelling-Excursion-Sharm-El-Sheikh-e1669412145583.jpg?fit=1200%2C675&ssl=1","width":1200,"height":675,"caption":"Tiran Snorkelling Excursion Sharm El Sheikh"},{"@type":"BreadcrumbList","@id":"https:\/\/landioustravel.com\/pl\/shop\/wycieczka-snurkowanie-tiran-szarm\/#breadcrumb","itemListElement":[{"@type":"ListItem","position":1,"name":"Home","item":"https:\/\/landioustravel.com\/pl\/"},{"@type":"ListItem","position":2,"name":"Us\u0142ugi i wycieczki","item":"https:\/\/landioustravel.com\/pl\/"},{"@type":"ListItem","position":3,"name":"Wycieczka Snurkowanie in Tiran z Szarm el-Szejk"}]},{"@type":"WebSite","@id":"https:\/\/landioustravel.com\/pl\/#website","url":"https:\/\/landioustravel.com\/pl\/","name":"Landious Travel","description":"Excursions, trips and cruises in Egypt","publisher":{"@id":"https:\/\/landioustravel.com\/pl\/#organization"},"potentialAction":[{"@type":"SearchAction","target":{"@type":"EntryPoint","urlTemplate":"https:\/\/landioustravel.com\/pl\/?s={search_term_string}"},"query-input":{"@type":"PropertyValueSpecification","valueRequired":true,"valueName":"search_term_string"}}],"inLanguage":"pl-PL"},{"@type":["Organization","Place"],"@id":"https:\/\/landioustravel.com\/pl\/#organization","name":"Landious Travel","alternateName":"Landious Travel","url":"https:\/\/landioustravel.com\/pl\/","logo":{"@id":"https:\/\/landioustravel.com\/pl\/shop\/wycieczka-snurkowanie-tiran-szarm\/#local-main-organization-logo"},"image":{"@id":"https:\/\/landioustravel.com\/pl\/shop\/wycieczka-snurkowanie-tiran-szarm\/#local-main-organization-logo"},"sameAs":["https:\/\/web.facebook.com\/landiousEgypt","https:\/\/x.com\/LandiousTours","https:\/\/mastodon.social\/@landious"],"legalName":"Landious Travel","telephone":[],"openingHoursSpecification":[{"@type":"OpeningHoursSpecification","dayOfWeek":["Monday","Tuesday","Wednesday","Thursday","Friday","Saturday","Sunday"],"opens":"09:00","closes":"17:00"}]},{"@type":"ImageObject","inLanguage":"pl-PL","@id":"https:\/\/landioustravel.com\/pl\/shop\/wycieczka-snurkowanie-tiran-szarm\/#local-main-organization-logo","url":"https:\/\/i0.wp.com\/landioustravel.com\/wp-content\/uploads\/2021\/06\/Landious-T.png?fit=500%2C500&ssl=1","contentUrl":"https:\/\/i0.wp.com\/landioustravel.com\/wp-content\/uploads\/2021\/06\/Landious-T.png?fit=500%2C500&ssl=1","width":500,"height":500,"caption":"Landious Travel"}]}},"jetpack_publicize_connections":[],"uagb_featured_image_src":{"full":["https:\/\/i0.wp.com\/landioustravel.com\/wp-content\/uploads\/2018\/12\/Tiran-Snorkelling-Excursion-Sharm-El-Sheikh-e1669412145583.jpg?fit=1200%2C675&ssl=1",1200,675,false],"thumbnail":["https:\/\/i0.wp.com\/landioustravel.com\/wp-content\/uploads\/2018\/12\/Tiran-Snorkelling-Excursion-Sharm-El-Sheikh-e1669412145583.jpg?resize=150%2C150&ssl=1",150,150,true],"medium":["https:\/\/i0.wp.com\/landioustravel.com\/wp-content\/uploads\/2018\/12\/Tiran-Snorkelling-Excursion-Sharm-El-Sheikh-e1669412145583.jpg?fit=300%2C169&ssl=1",300,169,true],"medium_large":["https:\/\/i0.wp.com\/landioustravel.com\/wp-content\/uploads\/2018\/12\/Tiran-Snorkelling-Excursion-Sharm-El-Sheikh-e1669412145583.jpg?fit=768%2C432&ssl=1",768,432,true],"large":["https:\/\/i0.wp.com\/landioustravel.com\/wp-content\/uploads\/2018\/12\/Tiran-Snorkelling-Excursion-Sharm-El-Sheikh-e1669412145583.jpg?fit=980%2C551&ssl=1",980,551,true],"1536x1536":["https:\/\/i0.wp.com\/landioustravel.com\/wp-content\/uploads\/2018\/12\/Tiran-Snorkelling-Excursion-Sharm-El-Sheikh-e1669412145583.jpg?fit=1536%2C1152&ssl=1",1536,1152,true],"2048x2048":["https:\/\/i0.wp.com\/landioustravel.com\/wp-content\/uploads\/2018\/12\/Tiran-Snorkelling-Excursion-Sharm-El-Sheikh-e1669412145583.jpg?fit=1200%2C675&ssl=1",1200,675,true],"newspack-article-block-landscape-large":["https:\/\/i0.wp.com\/landioustravel.com\/wp-content\/uploads\/2018\/12\/Tiran-Snorkelling-Excursion-Sharm-El-Sheikh-e1669412145583.jpg?resize=1200%2C675&ssl=1",1200,675,true],"newspack-article-block-portrait-large":["https:\/\/i0.wp.com\/landioustravel.com\/wp-content\/uploads\/2018\/12\/Tiran-Snorkelling-Excursion-Sharm-El-Sheikh-e1669412145583.jpg?resize=900%2C675&ssl=1",900,675,true],"newspack-article-block-square-large":["https:\/\/i0.wp.com\/landioustravel.com\/wp-content\/uploads\/2018\/12\/Tiran-Snorkelling-Excursion-Sharm-El-Sheikh-e1669412145583.jpg?resize=1200%2C675&ssl=1",1200,675,true],"newspack-article-block-landscape-medium":["https:\/\/i0.wp.com\/landioustravel.com\/wp-content\/uploads\/2018\/12\/Tiran-Snorkelling-Excursion-Sharm-El-Sheikh-e1669412145583.jpg?resize=800%2C600&ssl=1",800,600,true],"newspack-article-block-portrait-medium":["https:\/\/i0.wp.com\/landioustravel.com\/wp-content\/uploads\/2018\/12\/Tiran-Snorkelling-Excursion-Sharm-El-Sheikh-e1669412145583.jpg?resize=600%2C675&ssl=1",600,675,true],"newspack-article-block-square-medium":["https:\/\/i0.wp.com\/landioustravel.com\/wp-content\/uploads\/2018\/12\/Tiran-Snorkelling-Excursion-Sharm-El-Sheikh-e1669412145583.jpg?resize=800%2C675&ssl=1",800,675,true],"newspack-article-block-landscape-intermediate":["https:\/\/i0.wp.com\/landioustravel.com\/wp-content\/uploads\/2018\/12\/Tiran-Snorkelling-Excursion-Sharm-El-Sheikh-e1669412145583.jpg?resize=600%2C450&ssl=1",600,450,true],"newspack-article-block-portrait-intermediate":["https:\/\/i0.wp.com\/landioustravel.com\/wp-content\/uploads\/2018\/12\/Tiran-Snorkelling-Excursion-Sharm-El-Sheikh-e1669412145583.jpg?resize=450%2C600&ssl=1",450,600,true],"newspack-article-block-square-intermediate":["https:\/\/i0.wp.com\/landioustravel.com\/wp-content\/uploads\/2018\/12\/Tiran-Snorkelling-Excursion-Sharm-El-Sheikh-e1669412145583.jpg?resize=600%2C600&ssl=1",600,600,true],"newspack-article-block-landscape-small":["https:\/\/i0.wp.com\/landioustravel.com\/wp-content\/uploads\/2018\/12\/Tiran-Snorkelling-Excursion-Sharm-El-Sheikh-e1669412145583.jpg?resize=400%2C300&ssl=1",400,300,true],"newspack-article-block-portrait-small":["https:\/\/i0.wp.com\/landioustravel.com\/wp-content\/uploads\/2018\/12\/Tiran-Snorkelling-Excursion-Sharm-El-Sheikh-e1669412145583.jpg?resize=300%2C400&ssl=1",300,400,true],"newspack-article-block-square-small":["https:\/\/i0.wp.com\/landioustravel.com\/wp-content\/uploads\/2018\/12\/Tiran-Snorkelling-Excursion-Sharm-El-Sheikh-e1669412145583.jpg?resize=400%2C400&ssl=1",400,400,true],"newspack-article-block-landscape-tiny":["https:\/\/i0.wp.com\/landioustravel.com\/wp-content\/uploads\/2018\/12\/Tiran-Snorkelling-Excursion-Sharm-El-Sheikh-e1669412145583.jpg?resize=200%2C150&ssl=1",200,150,true],"newspack-article-block-portrait-tiny":["https:\/\/i0.wp.com\/landioustravel.com\/wp-content\/uploads\/2018\/12\/Tiran-Snorkelling-Excursion-Sharm-El-Sheikh-e1669412145583.jpg?resize=150%2C200&ssl=1",150,200,true],"newspack-article-block-square-tiny":["https:\/\/i0.wp.com\/landioustravel.com\/wp-content\/uploads\/2018\/12\/Tiran-Snorkelling-Excursion-Sharm-El-Sheikh-e1669412145583.jpg?resize=200%2C200&ssl=1",200,200,true],"newspack-article-block-uncropped":["https:\/\/i0.wp.com\/landioustravel.com\/wp-content\/uploads\/2018\/12\/Tiran-Snorkelling-Excursion-Sharm-El-Sheikh-e1669412145583.jpg?fit=1200%2C675&ssl=1",1200,675,true],"woocommerce_thumbnail":["https:\/\/i0.wp.com\/landioustravel.com\/wp-content\/uploads\/2018\/12\/Tiran-Snorkelling-Excursion-Sharm-El-Sheikh-e1669412145583.jpg?resize=324%2C324&ssl=1",324,324,true],"woocommerce_single":["https:\/\/i0.wp.com\/landioustravel.com\/wp-content\/uploads\/2018\/12\/Tiran-Snorkelling-Excursion-Sharm-El-Sheikh-e1669412145583.jpg?fit=416%2C234&ssl=1",416,234,true],"woocommerce_gallery_thumbnail":["https:\/\/i0.wp.com\/landioustravel.com\/wp-content\/uploads\/2018\/12\/Tiran-Snorkelling-Excursion-Sharm-El-Sheikh-e1669412145583.jpg?resize=100%2C100&ssl=1",100,100,true]},"uagb_author_info":{"display_name":"Mofreh Landious","author_link":"https:\/\/landioustravel.com\/pl\/author\/"},"uagb_comment_info":2,"uagb_excerpt":"Do\u015bwiadcz cud\u00f3w Morza Czerwonego podczas spokojnej wycieczki \u0142odzi\u0105 do Parku Narodowego Tiran Island w Sharm El-Sheikh. Ten park s\u0142ynie z pi\u0119knego \u017cycia podwodnego, w tym wspania\u0142ych raf koralowych i ryb. Z mo\u017cliwo\u015bci\u0105 p\u0142ywania i nurkowania z mask\u0105 i p\u0142etwami na otwartym morzu, \u0142\u00f3d\u017a dwukrotnie zakotwiczy w r\u00f3\u017cnych miejscach parku narodowego. Zostaniesz r\u00f3wnie\u017c potraktowany pysznym lunchem&hellip;","jetpack_sharing_enabled":true,"jetpack_likes_enabled":true,"amp_enabled":true,"_links":{"self":[{"href":"https:\/\/landioustravel.com\/pl\/wp-json\/wp\/v2\/product\/2564","targetHints":{"allow":["GET"]}}],"collection":[{"href":"https:\/\/landioustravel.com\/pl\/wp-json\/wp\/v2\/product"}],"about":[{"href":"https:\/\/landioustravel.com\/pl\/wp-json\/wp\/v2\/types\/product"}],"replies":[{"embeddable":true,"href":"https:\/\/landioustravel.com\/pl\/wp-json\/wp\/v2\/comments?post=2564"}],"wp:featuredmedia":[{"embeddable":true,"href":"https:\/\/landioustravel.com\/pl\/wp-json\/wp\/v2\/media\/99879"}],"wp:attachment":[{"href":"https:\/\/landioustravel.com\/pl\/wp-json\/wp\/v2\/media?parent=2564"}],"wp:term":[{"taxonomy":"product_brand","embeddable":true,"href":"https:\/\/landioustravel.com\/pl\/wp-json\/wp\/v2\/product_brand?post=2564"},{"taxonomy":"product_cat","embeddable":true,"href":"https:\/\/landioustravel.com\/pl\/wp-json\/wp\/v2\/product_cat?post=2564"},{"taxonomy":"product_tag","embeddable":true,"href":"https:\/\/landioustravel.com\/pl\/wp-json\/wp\/v2\/product_tag?post=2564"}],"curies":[{"name":"wp","href":"https:\/\/api.w.org\/{rel}","templated":true}]}}