{"id":2566,"date":"2018-12-14T11:16:38","date_gmt":"2018-12-14T09:16:38","guid":{"rendered":"https:\/\/landioustravel.com\/product\/wycieczka-jerozolimy-szarm\/"},"modified":"2024-09-18T20:13:31","modified_gmt":"2024-09-18T17:13:31","slug":"wycieczka-jerozolimy-szarm","status":"publish","type":"product","link":"https:\/\/landioustravel.com\/pl\/shop\/wycieczka-jerozolimy-szarm\/","title":{"rendered":"Wycieczka do Jerozolimy z Szarm el-Szejk"},"content":{"rendered":"<p>Bardzo udana, jednodniowa wycieczka do Jerozolimy z kurortu Szarm el-Szejk! Polecamy wycieczk\u0119, poniewa\u017c pozwala zobaczy\u0107 najbardziej religijne i duchowe miejsca na \u015bwiecie! Oczywi\u015bcie podr\u00f3\u017c przypomina \u017cycie Zbawiciela Jezusa Chrystusa w Izraelu! Wizyta w Jerozolimie dostarcza tak\u017ce wi\u0119cej informacji o historii chrze\u015bcija\u0144stwa oraz wa\u017cnych wydarzeniach i faktach biblijnych.<\/p>\n<h2>G\u0142\u00f3wne punkty programu wycieczki do Jerozolimy<\/h2>\n<ul>\n<li>G\u00f3ra Oliwna w Jerozolimie<\/li>\n<li>\u015aciana P\u0142aczu<\/li>\n<li>I Droga Ucisku<\/li>\n<li>Ko\u015bci\u00f3\u0142 Grobu Pa\u0144skiego<\/li>\n<li>Obiad<\/li>\n<li>Ko\u015bci\u00f3\u0142 Narodzenia Pa\u0144skiego<\/li>\n<li>P\u0142ywanie w Morzu Martwym<\/li>\n<\/ul>\n<h3>Program wycieczek do Jerozolimy z Szarm el-Szejk<\/h3>\n<ul>\n<li>Zostajesz odebrany z hotelu oko\u0142o godziny 20:00<\/li>\n<li>Po zabraniu wszystkich ch\u0119tnych autobus wyje\u017cd\u017ca w kierunku granic z Izraelem, mijaj\u0105c nadmorskie miasta Dahab, Nuweiba i Taba. Wszystkie te miasta znajduj\u0105 si\u0119 na p\u00f3\u0142noc od Szarm el-Szejk, na wybrze\u017cu Morza Czerwonego. Droga z centrum Szarm el-Szejk do granic zajmuje oko\u0142o 3 godzin.<\/li>\n<\/ul>\n<h4>Program w Izraelu<\/h4>\n<ul>\n<li>Zatrzymaj si\u0119 na G\u00f3rze Oliwnej w Jerozolimie, z panoramicznym widokiem na Wzg\u00f3rze \u015awi\u0105tynne i stare miasto<\/li>\n<li>Nast\u0119pnie udaj si\u0119 do \u015awi\u0105tyni Jerozolimskiej i zatrzymaj si\u0119 przy \u015acianie P\u0142aczu<\/li>\n<li>Po odwiedzeniu \u015aciany P\u0142aczu b\u0119dziesz musia\u0142 i\u015b\u0107 Drog\u0105 Ucisku &#8211; Drog\u0105 Krzy\u017cow\u0105, kt\u00f3r\u0105 Zbawiciel ni\u00f3s\u0142 ze sob\u0105 krzy\u017cem i uda\u0142 si\u0119 na miejsce ukrzy\u017cowania na Kalwarii. Tutaj zobaczysz dziur\u0119 w skale, w kt\u00f3rej zainstalowano Krzy\u017c, a tak\u017ce p\u0119kni\u0119cie, kt\u00f3re pojawi\u0142o si\u0119 w skale po uderzeniu pioruna.<\/li>\n<li>Nast\u0119pnie odwiedza si\u0119 Ko\u015bci\u00f3\u0142 Grobu Pa\u0144skiego, kt\u00f3ry zosta\u0142 zbudowany w pobli\u017cu jaskini, w kt\u00f3rej Chrystus zosta\u0142 pochowany<\/li>\n<li>Obiad<\/li>\n<li>Inspekcja Ko\u015bcio\u0142a Narodzenia Pa\u0144skiego w mie\u015bcie Betlejem<\/li>\n<li>A potem p\u0142ywanie w Morzu Martwym przez prawie godzin\u0119<\/li>\n<li>W ko\u0144cu wracasz do Sharm El-Sheikh, po zako\u0144czeniu tego niesamowitego programu w Jerozolimie<\/li>\n<\/ul>\n<h4>Co zawiera cena wycieczki<\/h4>\n<ul>\n<li>Obiad<\/li>\n<li>Przewodnik<\/li>\n<li>Przejazd do Jerozolimy i powr\u00f3t do hotelu<\/li>\n<\/ul>\n<h5>Co nie jest wliczone w cen\u0119 podr\u00f3\u017cy<\/h5>\n<ul>\n<li>Dodatkowe programy wycieczek<\/li>\n<\/ul>\n<h6>Co zabra\u0107 ze sob\u0105 na wycieczk\u0119<\/h6>\n<ul>\n<li>Paszport<\/li>\n<li>Pude\u0142ko \u015bniadaniowe<\/li>\n<li>Ubrania na sezon<\/li>\n<\/ul>\n<h6>DNI ORGANIZACJI WYCIECZKOWEJ<\/h6>\n<ul>\n<li>W poniedzia\u0142ki od 20:00 do 23:00 drugiego dnia<\/li>\n<li>W czwartki od 20:00 do 23:00 drugiego dnia<\/li>\n<\/ul>\n","protected":false},"excerpt":{"rendered":"<p>Je\u015bli zdecydowa\u0142e\u015b si\u0119 sp\u0119dzi\u0107 wakacje w Sharm El-Sheikh, mamy dla Ciebie mo\u017cliwo\u015b\u0107 poznania Ziemi \u015awi\u0119tej w Izraelu. Jerozolima Over Day Tour da Ci szans\u0119 zag\u0142\u0119bienia si\u0119 w duchowe i historyczne znaczenie tej \u015bwi\u0119tej przestrzeni. Podczas swojej podr\u00f3\u017cy odwiedzisz G\u00f3r\u0119 Oliwn\u0105 i \u015acian\u0119 P\u0142aczu oraz przespacerujesz si\u0119 Drog\u0105 Ucisku. Zobaczysz tak\u017ce Bazylik\u0119 Grobu \u015awi\u0119tego i Bazylik\u0119 Narodzenia Pa\u0144skiego, a na koniec zatrzymasz si\u0119 nad Morzem Martwym. Koszt wycieczki obejmuje transfery, bilety wst\u0119pu i obiad.<\/p>\n<p>Nasz plan wycieczki zaczyna si\u0119 od e-maila z potwierdzeniem, kt\u00f3ry b\u0119dzie zawiera\u0142 szczeg\u00f3\u0142y wycieczki, w tym czas odbioru z hotelu (zwykle oko\u0142o 8:00, w zale\u017cno\u015bci od lokalizacji hotelu). Po odebraniu przekroczymy pieszo granic\u0119 na drug\u0105 stron\u0119 Izraela, gdzie spotkasz swojego angloj\u0119zycznego przewodnika. Nale\u017cy pami\u0119ta\u0107, \u017ce czas sp\u0119dzony na granicy jest poza nasz\u0105 kontrol\u0105 ze wzgl\u0119du na du\u017c\u0105 liczb\u0119 podr\u00f3\u017cnych i kwestie polityczne.<\/p>\n<p>Nast\u0119pnie przez p\u00f3\u0142torej godziny b\u0119dziemy jecha\u0107 wzd\u0142u\u017c doliny Avara w kierunku Morza Martwego, najg\u0142\u0119bszego punktu na Ziemi. B\u0119dziesz mie\u0107 godzin\u0119 na odkrywanie jego naturalnego pi\u0119kna i zanurzenie si\u0119 w jego bogatych w minera\u0142y wodach, je\u015bli chcesz. Odwiedzimy r\u00f3wnie\u017c miejsce, w kt\u00f3rym znaleziono zwoje znad Morza Martwego i b\u0119dziemy \u015bwiadkami plemion Beduin\u00f3w \u017cyj\u0105cych na pustyni.<\/p>\n<p>Przybywaj\u0105c na G\u00f3r\u0119 Oliwn\u0105, b\u0119dziesz mie\u0107 panoramiczny widok na miasto i wprowadzenie do jego historii i kultury. Nast\u0119pnie odwiedzimy \u015acian\u0119 P\u0142aczu, ostatnie pozosta\u0142o\u015bci po \u017cydowskiej \u015bwi\u0105tyni i p\u00f3jdziemy drog\u0105 cierpienia, kt\u00f3ra prowadzi do Bazyliki Grobu Pa\u0144skiego, gdzie Jezus zosta\u0142 ukrzy\u017cowany i pochowany.<\/p>\n<p>Przerwa na lunch w jednej z lokalnych restauracji przed wizyt\u0105 w Betlejem, gdzie znajduje si\u0119 Bazylika Narodzenia Pa\u0144skiego. To tutaj narodzi\u0142 si\u0119 Jezus Chrystus i jest g\u0142\u00f3wnym celem pielgrzymek chrze\u015bcijan na ca\u0142ym \u015bwiecie. Przed powrotem do granicy b\u0119dziemy mieli okazj\u0119 kupi\u0107 w Betlejem pami\u0105tki z tego \u015bwi\u0119tego miejsca.<\/p>\n<p>Wycieczka obejmuje klimatyzowany transport w ca\u0142ej Jerozolimie i Sharm El Sheikh, wszystkie op\u0142aty za wst\u0119p do miejsc turystycznych wymienionych w planie podr\u00f3\u017cy, podatki graniczne i wiz\u0119, lunch w lokalnej restauracji oraz angloj\u0119zycznego przewodnika. Mamy nadziej\u0119, \u017ce do\u0142\u0105czysz do nas w tej podr\u00f3\u017cy, aby odkry\u0107 Ziemi\u0119 \u015awi\u0119t\u0105.<\/p>\n","protected":false},"featured_media":100076,"comment_status":"open","ping_status":"closed","template":"","meta":{"_coblocks_attr":"","_coblocks_dimensions":"","_coblocks_responsive_height":"","_coblocks_accordion_ie_support":"","_uag_custom_page_level_css":"","jetpack_post_was_ever_published":false,"jetpack_publicize_message":"","jetpack_publicize_feature_enabled":true,"jetpack_social_post_already_shared":false,"jetpack_social_options":{"image_generator_settings":{"template":"highway","default_image_id":0,"font":"","enabled":false},"version":2},"_wpas_customize_per_network":false},"product_brand":[],"product_cat":[1951,1950],"product_tag":[1963,1961,9909],"class_list":{"0":"post-2566","1":"product","2":"type-product","3":"status-publish","4":"has-post-thumbnail","6":"product_cat-historyczne-wycieczki-sharm","7":"product_cat-wycieczki-sharm-sheikh","8":"product_tag-szarm-el-szejk","9":"product_tag-wycieczka","10":"product_tag-zwiedzanie","11":"pa_age-dorosly","12":"pa_age-dziecko","14":"first","15":"instock","16":"sale","17":"purchasable","18":"product-type-variable"},"yoast_head":"<!-- This site is optimized with the Yoast SEO Premium plugin v26.9 (Yoast SEO v27.3) - https:\/\/yoast.com\/product\/yoast-seo-premium-wordpress\/ -->\n<title>Wycieczka do Jerozolimy z Szarm el-Szejk<\/title>\n<meta name=\"description\" content=\"Wycieczka do Jerozolimy z Szarm el-Szejk na G\u00f3rze Oliwnej, \u015aciana P\u0142aczu, Droga \u017calu, Ko\u015bci\u00f3\u0142 Grobu \u015awi\u0119tego, Ko\u015bci\u00f3\u0142 Narodzenia Pa\u0144skiego\" \/>\n<meta name=\"robots\" content=\"index, follow, max-snippet:-1, max-image-preview:large, max-video-preview:-1\" \/>\n<link rel=\"canonical\" href=\"https:\/\/landioustravel.com\/pl\/shop\/wycieczka-jerozolimy-szarm\/\" \/>\n<meta property=\"og:locale\" content=\"pl_PL\" \/>\n<meta property=\"og:type\" content=\"article\" \/>\n<meta property=\"og:title\" content=\"Wycieczka do Jerozolimy z Szarm el-Szejk\" \/>\n<meta property=\"og:description\" content=\"Landious Travel\" \/>\n<meta property=\"og:url\" content=\"https:\/\/landioustravel.com\/pl\/shop\/wycieczka-jerozolimy-szarm\/\" \/>\n<meta property=\"og:site_name\" content=\"Landious Travel\" \/>\n<meta property=\"article:publisher\" content=\"https:\/\/web.facebook.com\/landiousEgypt\" \/>\n<meta property=\"article:modified_time\" content=\"2024-09-18T17:13:31+00:00\" \/>\n<meta property=\"og:image\" content=\"https:\/\/i0.wp.com\/landioustravel.com\/wp-content\/uploads\/2018\/12\/Mount-of-Olives-in-Jerusalem-e1669427546714.jpg?fit=1200%2C675&ssl=1\" \/>\n\t<meta property=\"og:image:width\" content=\"1200\" \/>\n\t<meta property=\"og:image:height\" content=\"675\" \/>\n\t<meta property=\"og:image:type\" content=\"image\/jpeg\" \/>\n<meta name=\"twitter:card\" content=\"summary_large_image\" \/>\n<meta name=\"twitter:site\" content=\"@LandiousTours\" \/>\n<meta name=\"twitter:label1\" content=\"Szacowany czas czytania\" \/>\n\t<meta name=\"twitter:data1\" content=\"2 minuty\" \/>\n<script type=\"application\/ld+json\" class=\"yoast-schema-graph\">{\"@context\":\"https:\\\/\\\/schema.org\",\"@graph\":[{\"@type\":\"WebPage\",\"@id\":\"https:\\\/\\\/landioustravel.com\\\/pl\\\/shop\\\/wycieczka-jerozolimy-szarm\\\/\",\"url\":\"https:\\\/\\\/landioustravel.com\\\/pl\\\/shop\\\/wycieczka-jerozolimy-szarm\\\/\",\"name\":\"Wycieczka do Jerozolimy z Szarm el-Szejk\",\"isPartOf\":{\"@id\":\"https:\\\/\\\/landioustravel.com\\\/pl\\\/#website\"},\"primaryImageOfPage\":{\"@id\":\"https:\\\/\\\/landioustravel.com\\\/pl\\\/shop\\\/wycieczka-jerozolimy-szarm\\\/#primaryimage\"},\"image\":{\"@id\":\"https:\\\/\\\/landioustravel.com\\\/pl\\\/shop\\\/wycieczka-jerozolimy-szarm\\\/#primaryimage\"},\"thumbnailUrl\":\"https:\\\/\\\/i0.wp.com\\\/landioustravel.com\\\/wp-content\\\/uploads\\\/2018\\\/12\\\/Mount-of-Olives-in-Jerusalem-e1669427546714.jpg?fit=1200%2C675&ssl=1\",\"datePublished\":\"2018-12-14T09:16:38+00:00\",\"dateModified\":\"2024-09-18T17:13:31+00:00\",\"description\":\"Wycieczka do Jerozolimy z Szarm el-Szejk na G\u00f3rze Oliwnej, \u015aciana P\u0142aczu, Droga \u017calu, Ko\u015bci\u00f3\u0142 Grobu \u015awi\u0119tego, Ko\u015bci\u00f3\u0142 Narodzenia Pa\u0144skiego\",\"breadcrumb\":{\"@id\":\"https:\\\/\\\/landioustravel.com\\\/pl\\\/shop\\\/wycieczka-jerozolimy-szarm\\\/#breadcrumb\"},\"inLanguage\":\"pl-PL\",\"potentialAction\":[{\"@type\":\"ReadAction\",\"target\":[\"https:\\\/\\\/landioustravel.com\\\/pl\\\/shop\\\/wycieczka-jerozolimy-szarm\\\/\"]}]},{\"@type\":\"ImageObject\",\"inLanguage\":\"pl-PL\",\"@id\":\"https:\\\/\\\/landioustravel.com\\\/pl\\\/shop\\\/wycieczka-jerozolimy-szarm\\\/#primaryimage\",\"url\":\"https:\\\/\\\/i0.wp.com\\\/landioustravel.com\\\/wp-content\\\/uploads\\\/2018\\\/12\\\/Mount-of-Olives-in-Jerusalem-e1669427546714.jpg?fit=1200%2C675&ssl=1\",\"contentUrl\":\"https:\\\/\\\/i0.wp.com\\\/landioustravel.com\\\/wp-content\\\/uploads\\\/2018\\\/12\\\/Mount-of-Olives-in-Jerusalem-e1669427546714.jpg?fit=1200%2C675&ssl=1\",\"width\":1200,\"height\":675,\"caption\":\"Mount of Olives in Jerusalem\"},{\"@type\":\"BreadcrumbList\",\"@id\":\"https:\\\/\\\/landioustravel.com\\\/pl\\\/shop\\\/wycieczka-jerozolimy-szarm\\\/#breadcrumb\",\"itemListElement\":[{\"@type\":\"ListItem\",\"position\":1,\"name\":\"Home\",\"item\":\"https:\\\/\\\/landioustravel.com\\\/pl\\\/\"},{\"@type\":\"ListItem\",\"position\":2,\"name\":\"Us\u0142ugi i wycieczki\",\"item\":\"https:\\\/\\\/landioustravel.com\\\/pl\\\/\"},{\"@type\":\"ListItem\",\"position\":3,\"name\":\"Wycieczka do Jerozolimy z Szarm el-Szejk\"}]},{\"@type\":\"WebSite\",\"@id\":\"https:\\\/\\\/landioustravel.com\\\/pl\\\/#website\",\"url\":\"https:\\\/\\\/landioustravel.com\\\/pl\\\/\",\"name\":\"Landious Travel\",\"description\":\"Excursions, trips and cruises in Egypt\",\"publisher\":{\"@id\":\"https:\\\/\\\/landioustravel.com\\\/pl\\\/#organization\"},\"potentialAction\":[{\"@type\":\"SearchAction\",\"target\":{\"@type\":\"EntryPoint\",\"urlTemplate\":\"https:\\\/\\\/landioustravel.com\\\/pl\\\/?s={search_term_string}\"},\"query-input\":{\"@type\":\"PropertyValueSpecification\",\"valueRequired\":true,\"valueName\":\"search_term_string\"}}],\"inLanguage\":\"pl-PL\"},{\"@type\":[\"Organization\",\"Place\"],\"@id\":\"https:\\\/\\\/landioustravel.com\\\/pl\\\/#organization\",\"name\":\"Landious Travel\",\"alternateName\":\"Landious Travel\",\"url\":\"https:\\\/\\\/landioustravel.com\\\/pl\\\/\",\"logo\":{\"@id\":\"https:\\\/\\\/landioustravel.com\\\/pl\\\/shop\\\/wycieczka-jerozolimy-szarm\\\/#local-main-organization-logo\"},\"image\":{\"@id\":\"https:\\\/\\\/landioustravel.com\\\/pl\\\/shop\\\/wycieczka-jerozolimy-szarm\\\/#local-main-organization-logo\"},\"sameAs\":[\"https:\\\/\\\/web.facebook.com\\\/landiousEgypt\",\"https:\\\/\\\/x.com\\\/LandiousTours\",\"https:\\\/\\\/mastodon.social\\\/@landious\"],\"legalName\":\"Landious Travel\",\"telephone\":[],\"openingHoursSpecification\":[{\"@type\":\"OpeningHoursSpecification\",\"dayOfWeek\":[\"Monday\",\"Tuesday\",\"Wednesday\",\"Thursday\",\"Friday\",\"Saturday\",\"Sunday\"],\"opens\":\"09:00\",\"closes\":\"17:00\"}]},{\"@type\":\"ImageObject\",\"inLanguage\":\"pl-PL\",\"@id\":\"https:\\\/\\\/landioustravel.com\\\/pl\\\/shop\\\/wycieczka-jerozolimy-szarm\\\/#local-main-organization-logo\",\"url\":\"https:\\\/\\\/i0.wp.com\\\/landioustravel.com\\\/wp-content\\\/uploads\\\/2021\\\/06\\\/Landious-T.png?fit=500%2C500&ssl=1\",\"contentUrl\":\"https:\\\/\\\/i0.wp.com\\\/landioustravel.com\\\/wp-content\\\/uploads\\\/2021\\\/06\\\/Landious-T.png?fit=500%2C500&ssl=1\",\"width\":500,\"height\":500,\"caption\":\"Landious Travel\"}]}<\/script>\n<!-- \/ Yoast SEO Premium plugin. -->","yoast_head_json":{"title":"Wycieczka do Jerozolimy z Szarm el-Szejk","description":"Wycieczka do Jerozolimy z Szarm el-Szejk na G\u00f3rze Oliwnej, \u015aciana P\u0142aczu, Droga \u017calu, Ko\u015bci\u00f3\u0142 Grobu \u015awi\u0119tego, Ko\u015bci\u00f3\u0142 Narodzenia Pa\u0144skiego","robots":{"index":"index","follow":"follow","max-snippet":"max-snippet:-1","max-image-preview":"max-image-preview:large","max-video-preview":"max-video-preview:-1"},"canonical":"https:\/\/landioustravel.com\/pl\/shop\/wycieczka-jerozolimy-szarm\/","og_locale":"pl_PL","og_type":"article","og_title":"Wycieczka do Jerozolimy z Szarm el-Szejk","og_description":"Landious Travel","og_url":"https:\/\/landioustravel.com\/pl\/shop\/wycieczka-jerozolimy-szarm\/","og_site_name":"Landious Travel","article_publisher":"https:\/\/web.facebook.com\/landiousEgypt","article_modified_time":"2024-09-18T17:13:31+00:00","og_image":[{"width":1200,"height":675,"url":"https:\/\/i0.wp.com\/landioustravel.com\/wp-content\/uploads\/2018\/12\/Mount-of-Olives-in-Jerusalem-e1669427546714.jpg?fit=1200%2C675&ssl=1","type":"image\/jpeg"}],"twitter_card":"summary_large_image","twitter_site":"@LandiousTours","twitter_misc":{"Szacowany czas czytania":"2 minuty"},"schema":{"@context":"https:\/\/schema.org","@graph":[{"@type":"WebPage","@id":"https:\/\/landioustravel.com\/pl\/shop\/wycieczka-jerozolimy-szarm\/","url":"https:\/\/landioustravel.com\/pl\/shop\/wycieczka-jerozolimy-szarm\/","name":"Wycieczka do Jerozolimy z Szarm el-Szejk","isPartOf":{"@id":"https:\/\/landioustravel.com\/pl\/#website"},"primaryImageOfPage":{"@id":"https:\/\/landioustravel.com\/pl\/shop\/wycieczka-jerozolimy-szarm\/#primaryimage"},"image":{"@id":"https:\/\/landioustravel.com\/pl\/shop\/wycieczka-jerozolimy-szarm\/#primaryimage"},"thumbnailUrl":"https:\/\/i0.wp.com\/landioustravel.com\/wp-content\/uploads\/2018\/12\/Mount-of-Olives-in-Jerusalem-e1669427546714.jpg?fit=1200%2C675&ssl=1","datePublished":"2018-12-14T09:16:38+00:00","dateModified":"2024-09-18T17:13:31+00:00","description":"Wycieczka do Jerozolimy z Szarm el-Szejk na G\u00f3rze Oliwnej, \u015aciana P\u0142aczu, Droga \u017calu, Ko\u015bci\u00f3\u0142 Grobu \u015awi\u0119tego, Ko\u015bci\u00f3\u0142 Narodzenia Pa\u0144skiego","breadcrumb":{"@id":"https:\/\/landioustravel.com\/pl\/shop\/wycieczka-jerozolimy-szarm\/#breadcrumb"},"inLanguage":"pl-PL","potentialAction":[{"@type":"ReadAction","target":["https:\/\/landioustravel.com\/pl\/shop\/wycieczka-jerozolimy-szarm\/"]}]},{"@type":"ImageObject","inLanguage":"pl-PL","@id":"https:\/\/landioustravel.com\/pl\/shop\/wycieczka-jerozolimy-szarm\/#primaryimage","url":"https:\/\/i0.wp.com\/landioustravel.com\/wp-content\/uploads\/2018\/12\/Mount-of-Olives-in-Jerusalem-e1669427546714.jpg?fit=1200%2C675&ssl=1","contentUrl":"https:\/\/i0.wp.com\/landioustravel.com\/wp-content\/uploads\/2018\/12\/Mount-of-Olives-in-Jerusalem-e1669427546714.jpg?fit=1200%2C675&ssl=1","width":1200,"height":675,"caption":"Mount of Olives in Jerusalem"},{"@type":"BreadcrumbList","@id":"https:\/\/landioustravel.com\/pl\/shop\/wycieczka-jerozolimy-szarm\/#breadcrumb","itemListElement":[{"@type":"ListItem","position":1,"name":"Home","item":"https:\/\/landioustravel.com\/pl\/"},{"@type":"ListItem","position":2,"name":"Us\u0142ugi i wycieczki","item":"https:\/\/landioustravel.com\/pl\/"},{"@type":"ListItem","position":3,"name":"Wycieczka do Jerozolimy z Szarm el-Szejk"}]},{"@type":"WebSite","@id":"https:\/\/landioustravel.com\/pl\/#website","url":"https:\/\/landioustravel.com\/pl\/","name":"Landious Travel","description":"Excursions, trips and cruises in Egypt","publisher":{"@id":"https:\/\/landioustravel.com\/pl\/#organization"},"potentialAction":[{"@type":"SearchAction","target":{"@type":"EntryPoint","urlTemplate":"https:\/\/landioustravel.com\/pl\/?s={search_term_string}"},"query-input":{"@type":"PropertyValueSpecification","valueRequired":true,"valueName":"search_term_string"}}],"inLanguage":"pl-PL"},{"@type":["Organization","Place"],"@id":"https:\/\/landioustravel.com\/pl\/#organization","name":"Landious Travel","alternateName":"Landious Travel","url":"https:\/\/landioustravel.com\/pl\/","logo":{"@id":"https:\/\/landioustravel.com\/pl\/shop\/wycieczka-jerozolimy-szarm\/#local-main-organization-logo"},"image":{"@id":"https:\/\/landioustravel.com\/pl\/shop\/wycieczka-jerozolimy-szarm\/#local-main-organization-logo"},"sameAs":["https:\/\/web.facebook.com\/landiousEgypt","https:\/\/x.com\/LandiousTours","https:\/\/mastodon.social\/@landious"],"legalName":"Landious Travel","telephone":[],"openingHoursSpecification":[{"@type":"OpeningHoursSpecification","dayOfWeek":["Monday","Tuesday","Wednesday","Thursday","Friday","Saturday","Sunday"],"opens":"09:00","closes":"17:00"}]},{"@type":"ImageObject","inLanguage":"pl-PL","@id":"https:\/\/landioustravel.com\/pl\/shop\/wycieczka-jerozolimy-szarm\/#local-main-organization-logo","url":"https:\/\/i0.wp.com\/landioustravel.com\/wp-content\/uploads\/2021\/06\/Landious-T.png?fit=500%2C500&ssl=1","contentUrl":"https:\/\/i0.wp.com\/landioustravel.com\/wp-content\/uploads\/2021\/06\/Landious-T.png?fit=500%2C500&ssl=1","width":500,"height":500,"caption":"Landious Travel"}]}},"jetpack_publicize_connections":[],"uagb_featured_image_src":{"full":["https:\/\/i0.wp.com\/landioustravel.com\/wp-content\/uploads\/2018\/12\/Mount-of-Olives-in-Jerusalem-e1669427546714.jpg?fit=1200%2C675&ssl=1",1200,675,false],"thumbnail":["https:\/\/i0.wp.com\/landioustravel.com\/wp-content\/uploads\/2018\/12\/Mount-of-Olives-in-Jerusalem-e1669427546714.jpg?resize=150%2C150&ssl=1",150,150,true],"medium":["https:\/\/i0.wp.com\/landioustravel.com\/wp-content\/uploads\/2018\/12\/Mount-of-Olives-in-Jerusalem-e1669427546714.jpg?fit=300%2C169&ssl=1",300,169,true],"medium_large":["https:\/\/i0.wp.com\/landioustravel.com\/wp-content\/uploads\/2018\/12\/Mount-of-Olives-in-Jerusalem-e1669427546714.jpg?fit=768%2C432&ssl=1",768,432,true],"large":["https:\/\/i0.wp.com\/landioustravel.com\/wp-content\/uploads\/2018\/12\/Mount-of-Olives-in-Jerusalem-e1669427546714.jpg?fit=980%2C551&ssl=1",980,551,true],"1536x1536":["https:\/\/i0.wp.com\/landioustravel.com\/wp-content\/uploads\/2018\/12\/Mount-of-Olives-in-Jerusalem-e1669427546714.jpg?fit=1536%2C864&ssl=1",1536,864,true],"2048x2048":["https:\/\/i0.wp.com\/landioustravel.com\/wp-content\/uploads\/2018\/12\/Mount-of-Olives-in-Jerusalem-e1669427546714.jpg?fit=1200%2C675&ssl=1",1200,675,true],"newspack-article-block-landscape-large":["https:\/\/i0.wp.com\/landioustravel.com\/wp-content\/uploads\/2018\/12\/Mount-of-Olives-in-Jerusalem-e1669427546714.jpg?resize=1200%2C675&ssl=1",1200,675,true],"newspack-article-block-portrait-large":["https:\/\/i0.wp.com\/landioustravel.com\/wp-content\/uploads\/2018\/12\/Mount-of-Olives-in-Jerusalem-e1669427546714.jpg?resize=900%2C675&ssl=1",900,675,true],"newspack-article-block-square-large":["https:\/\/i0.wp.com\/landioustravel.com\/wp-content\/uploads\/2018\/12\/Mount-of-Olives-in-Jerusalem-e1669427546714.jpg?resize=1200%2C675&ssl=1",1200,675,true],"newspack-article-block-landscape-medium":["https:\/\/i0.wp.com\/landioustravel.com\/wp-content\/uploads\/2018\/12\/Mount-of-Olives-in-Jerusalem-e1669427546714.jpg?resize=800%2C600&ssl=1",800,600,true],"newspack-article-block-portrait-medium":["https:\/\/i0.wp.com\/landioustravel.com\/wp-content\/uploads\/2018\/12\/Mount-of-Olives-in-Jerusalem-e1669427546714.jpg?resize=600%2C675&ssl=1",600,675,true],"newspack-article-block-square-medium":["https:\/\/i0.wp.com\/landioustravel.com\/wp-content\/uploads\/2018\/12\/Mount-of-Olives-in-Jerusalem-e1669427546714.jpg?resize=800%2C675&ssl=1",800,675,true],"newspack-article-block-landscape-intermediate":["https:\/\/i0.wp.com\/landioustravel.com\/wp-content\/uploads\/2018\/12\/Mount-of-Olives-in-Jerusalem-e1669427546714.jpg?resize=600%2C450&ssl=1",600,450,true],"newspack-article-block-portrait-intermediate":["https:\/\/i0.wp.com\/landioustravel.com\/wp-content\/uploads\/2018\/12\/Mount-of-Olives-in-Jerusalem-e1669427546714.jpg?resize=450%2C600&ssl=1",450,600,true],"newspack-article-block-square-intermediate":["https:\/\/i0.wp.com\/landioustravel.com\/wp-content\/uploads\/2018\/12\/Mount-of-Olives-in-Jerusalem-e1669427546714.jpg?resize=600%2C600&ssl=1",600,600,true],"newspack-article-block-landscape-small":["https:\/\/i0.wp.com\/landioustravel.com\/wp-content\/uploads\/2018\/12\/Mount-of-Olives-in-Jerusalem-e1669427546714.jpg?resize=400%2C300&ssl=1",400,300,true],"newspack-article-block-portrait-small":["https:\/\/i0.wp.com\/landioustravel.com\/wp-content\/uploads\/2018\/12\/Mount-of-Olives-in-Jerusalem-e1669427546714.jpg?resize=300%2C400&ssl=1",300,400,true],"newspack-article-block-square-small":["https:\/\/i0.wp.com\/landioustravel.com\/wp-content\/uploads\/2018\/12\/Mount-of-Olives-in-Jerusalem-e1669427546714.jpg?resize=400%2C400&ssl=1",400,400,true],"newspack-article-block-landscape-tiny":["https:\/\/i0.wp.com\/landioustravel.com\/wp-content\/uploads\/2018\/12\/Mount-of-Olives-in-Jerusalem-e1669427546714.jpg?resize=200%2C150&ssl=1",200,150,true],"newspack-article-block-portrait-tiny":["https:\/\/i0.wp.com\/landioustravel.com\/wp-content\/uploads\/2018\/12\/Mount-of-Olives-in-Jerusalem-e1669427546714.jpg?resize=150%2C200&ssl=1",150,200,true],"newspack-article-block-square-tiny":["https:\/\/i0.wp.com\/landioustravel.com\/wp-content\/uploads\/2018\/12\/Mount-of-Olives-in-Jerusalem-e1669427546714.jpg?resize=200%2C200&ssl=1",200,200,true],"newspack-article-block-uncropped":["https:\/\/i0.wp.com\/landioustravel.com\/wp-content\/uploads\/2018\/12\/Mount-of-Olives-in-Jerusalem-e1669427546714.jpg?fit=1200%2C675&ssl=1",1200,675,true],"woocommerce_thumbnail":["https:\/\/i0.wp.com\/landioustravel.com\/wp-content\/uploads\/2018\/12\/Mount-of-Olives-in-Jerusalem-e1669427546714.jpg?resize=324%2C324&ssl=1",324,324,true],"woocommerce_single":["https:\/\/i0.wp.com\/landioustravel.com\/wp-content\/uploads\/2018\/12\/Mount-of-Olives-in-Jerusalem-e1669427546714.jpg?fit=416%2C234&ssl=1",416,234,true],"woocommerce_gallery_thumbnail":["https:\/\/i0.wp.com\/landioustravel.com\/wp-content\/uploads\/2018\/12\/Mount-of-Olives-in-Jerusalem-e1669427546714.jpg?resize=100%2C100&ssl=1",100,100,true]},"uagb_author_info":{"display_name":"Mofreh Landious","author_link":"https:\/\/landioustravel.com\/pl\/author\/"},"uagb_comment_info":7,"uagb_excerpt":"Je\u015bli zdecydowa\u0142e\u015b si\u0119 sp\u0119dzi\u0107 wakacje w Sharm El-Sheikh, mamy dla Ciebie mo\u017cliwo\u015b\u0107 poznania Ziemi \u015awi\u0119tej w Izraelu. Jerozolima Over Day Tour da Ci szans\u0119 zag\u0142\u0119bienia si\u0119 w duchowe i historyczne znaczenie tej \u015bwi\u0119tej przestrzeni. Podczas swojej podr\u00f3\u017cy odwiedzisz G\u00f3r\u0119 Oliwn\u0105 i \u015acian\u0119 P\u0142aczu oraz przespacerujesz si\u0119 Drog\u0105 Ucisku. Zobaczysz tak\u017ce Bazylik\u0119 Grobu \u015awi\u0119tego i Bazylik\u0119&hellip;","jetpack_sharing_enabled":true,"jetpack_likes_enabled":true,"amp_enabled":true,"_links":{"self":[{"href":"https:\/\/landioustravel.com\/pl\/wp-json\/wp\/v2\/product\/2566","targetHints":{"allow":["GET"]}}],"collection":[{"href":"https:\/\/landioustravel.com\/pl\/wp-json\/wp\/v2\/product"}],"about":[{"href":"https:\/\/landioustravel.com\/pl\/wp-json\/wp\/v2\/types\/product"}],"replies":[{"embeddable":true,"href":"https:\/\/landioustravel.com\/pl\/wp-json\/wp\/v2\/comments?post=2566"}],"wp:featuredmedia":[{"embeddable":true,"href":"https:\/\/landioustravel.com\/pl\/wp-json\/wp\/v2\/media\/100076"}],"wp:attachment":[{"href":"https:\/\/landioustravel.com\/pl\/wp-json\/wp\/v2\/media?parent=2566"}],"wp:term":[{"taxonomy":"product_brand","embeddable":true,"href":"https:\/\/landioustravel.com\/pl\/wp-json\/wp\/v2\/product_brand?post=2566"},{"taxonomy":"product_cat","embeddable":true,"href":"https:\/\/landioustravel.com\/pl\/wp-json\/wp\/v2\/product_cat?post=2566"},{"taxonomy":"product_tag","embeddable":true,"href":"https:\/\/landioustravel.com\/pl\/wp-json\/wp\/v2\/product_tag?post=2566"}],"curies":[{"name":"wp","href":"https:\/\/api.w.org\/{rel}","templated":true}]}}