{"id":2569,"date":"2018-12-12T16:16:09","date_gmt":"2018-12-12T14:16:09","guid":{"rendered":"https:\/\/landioustravel.com\/product\/wycieczka-wspinaczka-mojzesza-szarm\/"},"modified":"2024-09-29T20:14:33","modified_gmt":"2024-09-29T17:14:33","slug":"wycieczka-wspinaczka-mojzesza-szarm","status":"publish","type":"product","link":"https:\/\/landioustravel.com\/pl\/shop\/wycieczka-wspinaczka-mojzesza-szarm\/","title":{"rendered":"Wycieczka Wspinaczka G\u00f3ra Moj\u017cesza z Szarm el-Szejk"},"content":{"rendered":"<p>Bardzo uduchowiona wycieczka na g\u00f3r\u0119 Proroka Moj\u017cesza i zwiedzanie klasztoru \u015awi\u0119tej Katarzyny z kurortu Szarm el-Szejk! Polecamy wycieczk\u0119, poniewa\u017c pozwala zobaczy\u0107 jedn\u0105 z najbardziej imponuj\u0105cych atrakcji P\u00f3\u0142wyspu Synaj! Oczywi\u015bcie, podr\u00f3\u017c przypomina \u015bcie\u017ck\u0119 Proroka Moj\u017cesza od Delty Nilu do p\u00f3\u0142wyspu Synaj! Niew\u0105tpliwie odwiedzanie klasztoru \u015awi\u0119tej Katarzyny daje wi\u0119cej duchowej mocy i informacji o historii chrze\u015bcija\u0144stwa w Egipcie.<\/p>\n<h2>G\u0142\u00f3wne punkty programu wycieczki na g\u00f3r\u0119 Moj\u017cesza<\/h2>\n<ul>\n<li>Wspinaczka na g\u00f3r\u0119 Proroka Moj\u017cesza<\/li>\n<li>\u015aniadanie<\/li>\n<li>Zwiedzanie klasztoru \u015awi\u0119tej Katarzyny na p\u00f3\u0142wyspie Synaj<\/li>\n<\/ul>\n<h3>Program wycieczki na g\u00f3r\u0119 Moj\u017cesza z Szarm el-Szejk<\/h3>\n<ul>\n<li>Zostajesz odebrany z hotelu oko\u0142o godziny 20:00<\/li>\n<li>Po zabraniu wszystkich, autobus odje\u017cd\u017ca w kierunku klasztoru \u015awi\u0119tej Katarzyny jad\u0105cego wzd\u0142u\u017c nadmorskich miast Dahab i Nuweiba. Wszystkie te miasta znajduj\u0105 si\u0119 na p\u00f3\u0142noc od Szarm el-Szejk, na wschodnim wybrze\u017cu Morza Czerwonego. Droga z centrum Szarm el-Szejk do klasztoru trwa oko\u0142o 3 godzin.<\/li>\n<\/ul>\n<h4>Program na g\u00f3rze Moj\u017cesza<\/h4>\n<ul>\n<li>Po przybyciu do klasztoru \u015awi\u0119tej Katarzyny, zaczniesz wspina\u0107 si\u0119 na g\u00f3r\u0119 Moj\u017cesza wraz ze swoim przewodnikiem<\/li>\n<li>W drodze na szczyt, robisz przerw\u0119 dwa lub wi\u0119cej razy.<\/li>\n<li>Gdy dojdziesz do szczytu g\u00f3ry Moj\u017cesz, b\u0119dziesz musia\u0142 poczeka\u0107 na \u015bwit s\u0142o\u0144ca. O \u015bwicie s\u0142o\u0144ce pi\u0119knie wznosi si\u0119 na twoich oczach. Po takim panoramicznym widoku g\u00f3r Synaj, zaczynasz schodzi\u0107 do klasztoru \u015awi\u0119tej Katarzyny<\/li>\n<li>Potem b\u0119dziesz mia\u0142 \u015bniadanie<\/li>\n<\/ul>\n<h4>Program w klasztorze \u015bw. Katarzyny<\/h4>\n<ul>\n<li>Po \u015bniadaniu program rozpoczyna si\u0119 od wizyty w klasztorze \u015awi\u0119tej Katarzyny. Tw\u00f3j przewodnik b\u0119dzie mia\u0142 za zadanie pokaza\u0107 wszystkie g\u0142\u00f3wne \u015bwi\u0105tynie klasztoru i da wolny czas na robienie zdj\u0119\u0107.<\/li>\n<li>W klasztorze zobaczycie relikwie \u015awi\u0119tej Katarzyny, krzew P\u0142on\u0105cego Krzewu, cmentarz i krypt\u0119 pod kaplic\u0105 \u015bw. Trifonaba, najstarsze mozaiki, ikony i s\u0142ynn\u0105 bibliotek\u0119 Synaju<\/li>\n<li>Po odwiedzeniu klasztoru \u015awi\u0119tej Katarzyny u podn\u00f3\u017ca g\u00f3ry Proroka Moj\u017cesza, wr\u00f3cisz do Szarm el-Szejk<\/li>\n<\/ul>\n<h4>Co zawiera cena wycieczki<\/h4>\n<ul>\n<li>\u015aniadanie<\/li>\n<li>Przewodnik<\/li>\n<li>Przejazd do klasztoru i powr\u00f3t do hotelu<\/li>\n<\/ul>\n<h5>Co nie jest wliczone w cen\u0119 wycieczki<\/h5>\n<ul>\n<li>Dodatkowe programy wycieczek<\/li>\n<\/ul>\n<h6>Co zabra\u0107 ze sob\u0105 na wycieczk\u0119<\/h6>\n<ul>\n<li>Pude\u0142ko \u015bniadaniowe<\/li>\n<li>Paszport<\/li>\n<li>Ubrania na sezon<\/li>\n<\/ul>\n<h6>DNI ORGANIZACJI WYCIECZKOWEJ<\/h6>\n<ul>\n<li>Codziennie od 20:00 do 15:00<\/li>\n<\/ul>\n","protected":false},"excerpt":{"rendered":"<p>Nasz \u015bwiat jest pe\u0142en wyj\u0105tkowych miejsc i widok\u00f3w, kt\u00f3re przynosz\u0105 nam wiele rado\u015bci i orze\u017awienia. Jedn\u0105 z takich wycieczek, kt\u00f3ra ma znaczenie zar\u00f3wno duchowe, jak i historyczne, jest \u201eWspinaczka na g\u00f3r\u0119 proroka Moj\u017cesza\u201d.<\/p>\n<p>Podczas tej wycieczki wejdziesz na g\u00f3r\u0119 i b\u0119dziesz \u015bwiadkiem spektakularnego wschodu s\u0142o\u0144ca na jej szczycie, zanim zjesz obfite \u015bniadanie. Nast\u0119pnie mo\u017cesz odwiedzi\u0107 pi\u0119kny klasztor \u015bw. Katarzyny.<\/p>\n<p>Wspinaczka na g\u00f3r\u0119 zajmuje oko\u0142o 2-3 godzin, ale zapieraj\u0105ce dech w piersiach widoki na wsch\u00f3d s\u0142o\u0144ca s\u0105 tego warte. Po zej\u015bciu z g\u00f3ry mo\u017cesz zwiedzi\u0107 klasztor \u015bw. Katarzyny, jeden z najs\u0142ynniejszych na \u015bwiecie. Zbudowany w latach 527-565 ne, nosi imi\u0119 \u015bw. Katarzyny, kt\u00f3ra ponios\u0142a \u015bmier\u0107 m\u0119cze\u0144sk\u0105 za swoje chrze\u015bcija\u0144skie przekonania.<\/p>\n<p>Podczas wizyty zobaczysz grecki ko\u015bci\u00f3\u0142 prawos\u0142awny, ikony kultu i s\u0142ynn\u0105 Mozaik\u0119 Przemienienia Pa\u0144skiego. W klasztorze znajduje si\u0119 r\u00f3wnie\u017c Kaplica P\u0142on\u0105cego Krzewu, o kt\u00f3rej m\u00f3wi si\u0119, \u017ce jest miejscem, w kt\u00f3rym Moj\u017cesz zobaczy\u0142 p\u0142on\u0105cy krzew. Bezcenne dzie\u0142a sztuki, ikony klasztorne i iluminowane r\u0119kopisy sprawiaj\u0105, \u017ce jest to naprawd\u0119 niezapomniane prze\u017cycie.<\/p>\n<p>Nasza wycieczka obejmuje wykwalifikowanego przewodnika egiptologa, lokalnego przewodnika podczas wspinaczki na g\u00f3r\u0119 oraz transport w obie strony z hotelu lub portu w Sharm el Sheikh. Pokrywamy r\u00f3wnie\u017c op\u0142aty za Park Narodowy \u015aw. Katarzyny i transport samochodem.<\/p>\n<p>Rozumiemy, jak wa\u017cne jest do\u015bwiadczanie tych wa\u017cnych miejsc historycznych i duchowych, i dok\u0142adamy wszelkich stara\u0144, aby Twoja podr\u00f3\u017c by\u0142a jak najbardziej komfortowa i niezapomniana. Do\u0142\u0105cz do nas, aby prze\u017cy\u0107 to niezapomniane prze\u017cycie, a my poka\u017cemy Ci cuda \u201eWspinaczki na G\u00f3r\u0119 Proroka Moj\u017cesza\u201d.<\/p>\n","protected":false},"featured_media":110016,"comment_status":"open","ping_status":"closed","template":"","meta":{"_coblocks_attr":"","_coblocks_dimensions":"","_coblocks_responsive_height":"","_coblocks_accordion_ie_support":"","_uag_custom_page_level_css":"","jetpack_publicize_message":"","jetpack_publicize_feature_enabled":true,"jetpack_social_post_already_shared":false,"jetpack_social_options":{"image_generator_settings":{"template":"highway","default_image_id":0,"font":"","enabled":false},"version":2},"_wpas_customize_per_network":false},"product_brand":[],"product_cat":[1951,1950],"product_tag":[1968,1963,1961,9909],"class_list":{"0":"post-2569","1":"product","2":"type-product","3":"status-publish","4":"has-post-thumbnail","6":"product_cat-historyczne-wycieczki-sharm","7":"product_cat-wycieczki-sharm-sheikh","8":"product_tag-klasztor-swietej-katarzyny","9":"product_tag-szarm-el-szejk","10":"product_tag-wycieczka","11":"product_tag-zwiedzanie","12":"pa_age-dorosly","13":"pa_age-dziecko-1-4-lata","14":"pa_age-dziecko-5-11-lat","16":"first","17":"instock","18":"sale","19":"taxable","20":"shipping-taxable","21":"purchasable","22":"product-type-variable"},"yoast_head":"<!-- This site is optimized with the Yoast SEO Premium plugin v26.9 (Yoast SEO v27.5) - https:\/\/yoast.com\/product\/yoast-seo-premium-wordpress\/ -->\n<title>Wycieczka Wspinaczka G\u00f3ra Moj\u017cesza z Szarm el-Szejk<\/title>\n<meta name=\"description\" content=\"Wycieczka Wspinaczka G\u00f3ra Moj\u017cesza z Szarm el-Szejk kieruje si\u0119 do klasztoru \u015awi\u0119tej Katarzyny i pozwala wspi\u0105\u0107 si\u0119 na g\u00f3r\u0119 Proroka Moj\u017cesza\" \/>\n<meta name=\"robots\" content=\"index, follow, max-snippet:-1, max-image-preview:large, max-video-preview:-1\" \/>\n<link rel=\"canonical\" href=\"https:\/\/landioustravel.com\/pl\/shop\/wycieczka-wspinaczka-mojzesza-szarm\/\" \/>\n<meta property=\"og:locale\" content=\"pl_PL\" \/>\n<meta property=\"og:type\" content=\"article\" \/>\n<meta property=\"og:title\" content=\"Wycieczka Wspinaczka G\u00f3ra Moj\u017cesza z Szarm el-Szejk\" \/>\n<meta property=\"og:description\" content=\"Landious Travel\" \/>\n<meta property=\"og:url\" content=\"https:\/\/landioustravel.com\/pl\/shop\/wycieczka-wspinaczka-mojzesza-szarm\/\" \/>\n<meta property=\"og:site_name\" content=\"Landious Travel\" \/>\n<meta property=\"article:publisher\" content=\"https:\/\/web.facebook.com\/landiousEgypt\" \/>\n<meta property=\"article:modified_time\" content=\"2024-09-29T17:14:33+00:00\" \/>\n<meta property=\"og:image\" content=\"https:\/\/i0.wp.com\/landioustravel.com\/wp-content\/uploads\/2022\/06\/Saint-Katherine-Protectorate.jpg?fit=600%2C450&ssl=1\" \/>\n\t<meta property=\"og:image:width\" content=\"600\" \/>\n\t<meta property=\"og:image:height\" content=\"450\" \/>\n\t<meta property=\"og:image:type\" content=\"image\/jpeg\" \/>\n<meta name=\"twitter:card\" content=\"summary_large_image\" \/>\n<meta name=\"twitter:site\" content=\"@LandiousTours\" \/>\n<meta name=\"twitter:label1\" content=\"Szacowany czas czytania\" \/>\n\t<meta name=\"twitter:data1\" content=\"2 minuty\" \/>\n<script type=\"application\/ld+json\" class=\"yoast-schema-graph\">{\"@context\":\"https:\\\/\\\/schema.org\",\"@graph\":[{\"@type\":\"WebPage\",\"@id\":\"https:\\\/\\\/landioustravel.com\\\/pl\\\/shop\\\/wycieczka-wspinaczka-mojzesza-szarm\\\/\",\"url\":\"https:\\\/\\\/landioustravel.com\\\/pl\\\/shop\\\/wycieczka-wspinaczka-mojzesza-szarm\\\/\",\"name\":\"Wycieczka Wspinaczka G\u00f3ra Moj\u017cesza z Szarm el-Szejk\",\"isPartOf\":{\"@id\":\"https:\\\/\\\/landioustravel.com\\\/pl\\\/#website\"},\"primaryImageOfPage\":{\"@id\":\"https:\\\/\\\/landioustravel.com\\\/pl\\\/shop\\\/wycieczka-wspinaczka-mojzesza-szarm\\\/#primaryimage\"},\"image\":{\"@id\":\"https:\\\/\\\/landioustravel.com\\\/pl\\\/shop\\\/wycieczka-wspinaczka-mojzesza-szarm\\\/#primaryimage\"},\"thumbnailUrl\":\"https:\\\/\\\/i0.wp.com\\\/landioustravel.com\\\/wp-content\\\/uploads\\\/2022\\\/06\\\/Saint-Katherine-Protectorate.jpg?fit=600%2C450&ssl=1\",\"datePublished\":\"2018-12-12T14:16:09+00:00\",\"dateModified\":\"2024-09-29T17:14:33+00:00\",\"description\":\"Wycieczka Wspinaczka G\u00f3ra Moj\u017cesza z Szarm el-Szejk kieruje si\u0119 do klasztoru \u015awi\u0119tej Katarzyny i pozwala wspi\u0105\u0107 si\u0119 na g\u00f3r\u0119 Proroka Moj\u017cesza\",\"breadcrumb\":{\"@id\":\"https:\\\/\\\/landioustravel.com\\\/pl\\\/shop\\\/wycieczka-wspinaczka-mojzesza-szarm\\\/#breadcrumb\"},\"inLanguage\":\"pl-PL\",\"potentialAction\":[{\"@type\":\"ReadAction\",\"target\":[\"https:\\\/\\\/landioustravel.com\\\/pl\\\/shop\\\/wycieczka-wspinaczka-mojzesza-szarm\\\/\"]}]},{\"@type\":\"ImageObject\",\"inLanguage\":\"pl-PL\",\"@id\":\"https:\\\/\\\/landioustravel.com\\\/pl\\\/shop\\\/wycieczka-wspinaczka-mojzesza-szarm\\\/#primaryimage\",\"url\":\"https:\\\/\\\/i0.wp.com\\\/landioustravel.com\\\/wp-content\\\/uploads\\\/2022\\\/06\\\/Saint-Katherine-Protectorate.jpg?fit=600%2C450&ssl=1\",\"contentUrl\":\"https:\\\/\\\/i0.wp.com\\\/landioustravel.com\\\/wp-content\\\/uploads\\\/2022\\\/06\\\/Saint-Katherine-Protectorate.jpg?fit=600%2C450&ssl=1\",\"width\":600,\"height\":450,\"caption\":\"Saint Katherine Protectorate\"},{\"@type\":\"BreadcrumbList\",\"@id\":\"https:\\\/\\\/landioustravel.com\\\/pl\\\/shop\\\/wycieczka-wspinaczka-mojzesza-szarm\\\/#breadcrumb\",\"itemListElement\":[{\"@type\":\"ListItem\",\"position\":1,\"name\":\"Home\",\"item\":\"https:\\\/\\\/landioustravel.com\\\/pl\\\/\"},{\"@type\":\"ListItem\",\"position\":2,\"name\":\"Us\u0142ugi i wycieczki\",\"item\":\"https:\\\/\\\/landioustravel.com\\\/pl\\\/\"},{\"@type\":\"ListItem\",\"position\":3,\"name\":\"Wycieczka Wspinaczka G\u00f3ra Moj\u017cesza z Szarm el-Szejk\"}]},{\"@type\":\"WebSite\",\"@id\":\"https:\\\/\\\/landioustravel.com\\\/pl\\\/#website\",\"url\":\"https:\\\/\\\/landioustravel.com\\\/pl\\\/\",\"name\":\"Landious Travel\",\"description\":\"Excursions, trips and cruises in Egypt\",\"publisher\":{\"@id\":\"https:\\\/\\\/landioustravel.com\\\/pl\\\/#organization\"},\"potentialAction\":[{\"@type\":\"SearchAction\",\"target\":{\"@type\":\"EntryPoint\",\"urlTemplate\":\"https:\\\/\\\/landioustravel.com\\\/pl\\\/?s={search_term_string}\"},\"query-input\":{\"@type\":\"PropertyValueSpecification\",\"valueRequired\":true,\"valueName\":\"search_term_string\"}}],\"inLanguage\":\"pl-PL\"},{\"@type\":[\"Organization\",\"Place\"],\"@id\":\"https:\\\/\\\/landioustravel.com\\\/pl\\\/#organization\",\"name\":\"Landious Travel\",\"alternateName\":\"Landious Travel\",\"url\":\"https:\\\/\\\/landioustravel.com\\\/pl\\\/\",\"logo\":{\"@id\":\"https:\\\/\\\/landioustravel.com\\\/pl\\\/shop\\\/wycieczka-wspinaczka-mojzesza-szarm\\\/#local-main-organization-logo\"},\"image\":{\"@id\":\"https:\\\/\\\/landioustravel.com\\\/pl\\\/shop\\\/wycieczka-wspinaczka-mojzesza-szarm\\\/#local-main-organization-logo\"},\"sameAs\":[\"https:\\\/\\\/web.facebook.com\\\/landiousEgypt\",\"https:\\\/\\\/x.com\\\/LandiousTours\",\"https:\\\/\\\/mastodon.social\\\/@landious\"],\"legalName\":\"Landious Travel\",\"telephone\":[],\"openingHoursSpecification\":[{\"@type\":\"OpeningHoursSpecification\",\"dayOfWeek\":[\"Monday\",\"Tuesday\",\"Wednesday\",\"Thursday\",\"Friday\",\"Saturday\",\"Sunday\"],\"opens\":\"09:00\",\"closes\":\"17:00\"}]},{\"@type\":\"ImageObject\",\"inLanguage\":\"pl-PL\",\"@id\":\"https:\\\/\\\/landioustravel.com\\\/pl\\\/shop\\\/wycieczka-wspinaczka-mojzesza-szarm\\\/#local-main-organization-logo\",\"url\":\"https:\\\/\\\/i0.wp.com\\\/landioustravel.com\\\/wp-content\\\/uploads\\\/2021\\\/06\\\/Landious-T.png?fit=500%2C500&ssl=1\",\"contentUrl\":\"https:\\\/\\\/i0.wp.com\\\/landioustravel.com\\\/wp-content\\\/uploads\\\/2021\\\/06\\\/Landious-T.png?fit=500%2C500&ssl=1\",\"width\":500,\"height\":500,\"caption\":\"Landious Travel\"}]}<\/script>\n<!-- \/ Yoast SEO Premium plugin. -->","yoast_head_json":{"title":"Wycieczka Wspinaczka G\u00f3ra Moj\u017cesza z Szarm el-Szejk","description":"Wycieczka Wspinaczka G\u00f3ra Moj\u017cesza z Szarm el-Szejk kieruje si\u0119 do klasztoru \u015awi\u0119tej Katarzyny i pozwala wspi\u0105\u0107 si\u0119 na g\u00f3r\u0119 Proroka Moj\u017cesza","robots":{"index":"index","follow":"follow","max-snippet":"max-snippet:-1","max-image-preview":"max-image-preview:large","max-video-preview":"max-video-preview:-1"},"canonical":"https:\/\/landioustravel.com\/pl\/shop\/wycieczka-wspinaczka-mojzesza-szarm\/","og_locale":"pl_PL","og_type":"article","og_title":"Wycieczka Wspinaczka G\u00f3ra Moj\u017cesza z Szarm el-Szejk","og_description":"Landious Travel","og_url":"https:\/\/landioustravel.com\/pl\/shop\/wycieczka-wspinaczka-mojzesza-szarm\/","og_site_name":"Landious Travel","article_publisher":"https:\/\/web.facebook.com\/landiousEgypt","article_modified_time":"2024-09-29T17:14:33+00:00","og_image":[{"width":600,"height":450,"url":"https:\/\/i0.wp.com\/landioustravel.com\/wp-content\/uploads\/2022\/06\/Saint-Katherine-Protectorate.jpg?fit=600%2C450&ssl=1","type":"image\/jpeg"}],"twitter_card":"summary_large_image","twitter_site":"@LandiousTours","twitter_misc":{"Szacowany czas czytania":"2 minuty"},"schema":{"@context":"https:\/\/schema.org","@graph":[{"@type":"WebPage","@id":"https:\/\/landioustravel.com\/pl\/shop\/wycieczka-wspinaczka-mojzesza-szarm\/","url":"https:\/\/landioustravel.com\/pl\/shop\/wycieczka-wspinaczka-mojzesza-szarm\/","name":"Wycieczka Wspinaczka G\u00f3ra Moj\u017cesza z Szarm el-Szejk","isPartOf":{"@id":"https:\/\/landioustravel.com\/pl\/#website"},"primaryImageOfPage":{"@id":"https:\/\/landioustravel.com\/pl\/shop\/wycieczka-wspinaczka-mojzesza-szarm\/#primaryimage"},"image":{"@id":"https:\/\/landioustravel.com\/pl\/shop\/wycieczka-wspinaczka-mojzesza-szarm\/#primaryimage"},"thumbnailUrl":"https:\/\/i0.wp.com\/landioustravel.com\/wp-content\/uploads\/2022\/06\/Saint-Katherine-Protectorate.jpg?fit=600%2C450&ssl=1","datePublished":"2018-12-12T14:16:09+00:00","dateModified":"2024-09-29T17:14:33+00:00","description":"Wycieczka Wspinaczka G\u00f3ra Moj\u017cesza z Szarm el-Szejk kieruje si\u0119 do klasztoru \u015awi\u0119tej Katarzyny i pozwala wspi\u0105\u0107 si\u0119 na g\u00f3r\u0119 Proroka Moj\u017cesza","breadcrumb":{"@id":"https:\/\/landioustravel.com\/pl\/shop\/wycieczka-wspinaczka-mojzesza-szarm\/#breadcrumb"},"inLanguage":"pl-PL","potentialAction":[{"@type":"ReadAction","target":["https:\/\/landioustravel.com\/pl\/shop\/wycieczka-wspinaczka-mojzesza-szarm\/"]}]},{"@type":"ImageObject","inLanguage":"pl-PL","@id":"https:\/\/landioustravel.com\/pl\/shop\/wycieczka-wspinaczka-mojzesza-szarm\/#primaryimage","url":"https:\/\/i0.wp.com\/landioustravel.com\/wp-content\/uploads\/2022\/06\/Saint-Katherine-Protectorate.jpg?fit=600%2C450&ssl=1","contentUrl":"https:\/\/i0.wp.com\/landioustravel.com\/wp-content\/uploads\/2022\/06\/Saint-Katherine-Protectorate.jpg?fit=600%2C450&ssl=1","width":600,"height":450,"caption":"Saint Katherine Protectorate"},{"@type":"BreadcrumbList","@id":"https:\/\/landioustravel.com\/pl\/shop\/wycieczka-wspinaczka-mojzesza-szarm\/#breadcrumb","itemListElement":[{"@type":"ListItem","position":1,"name":"Home","item":"https:\/\/landioustravel.com\/pl\/"},{"@type":"ListItem","position":2,"name":"Us\u0142ugi i wycieczki","item":"https:\/\/landioustravel.com\/pl\/"},{"@type":"ListItem","position":3,"name":"Wycieczka Wspinaczka G\u00f3ra Moj\u017cesza z Szarm el-Szejk"}]},{"@type":"WebSite","@id":"https:\/\/landioustravel.com\/pl\/#website","url":"https:\/\/landioustravel.com\/pl\/","name":"Landious Travel","description":"Excursions, trips and cruises in Egypt","publisher":{"@id":"https:\/\/landioustravel.com\/pl\/#organization"},"potentialAction":[{"@type":"SearchAction","target":{"@type":"EntryPoint","urlTemplate":"https:\/\/landioustravel.com\/pl\/?s={search_term_string}"},"query-input":{"@type":"PropertyValueSpecification","valueRequired":true,"valueName":"search_term_string"}}],"inLanguage":"pl-PL"},{"@type":["Organization","Place"],"@id":"https:\/\/landioustravel.com\/pl\/#organization","name":"Landious Travel","alternateName":"Landious Travel","url":"https:\/\/landioustravel.com\/pl\/","logo":{"@id":"https:\/\/landioustravel.com\/pl\/shop\/wycieczka-wspinaczka-mojzesza-szarm\/#local-main-organization-logo"},"image":{"@id":"https:\/\/landioustravel.com\/pl\/shop\/wycieczka-wspinaczka-mojzesza-szarm\/#local-main-organization-logo"},"sameAs":["https:\/\/web.facebook.com\/landiousEgypt","https:\/\/x.com\/LandiousTours","https:\/\/mastodon.social\/@landious"],"legalName":"Landious Travel","telephone":[],"openingHoursSpecification":[{"@type":"OpeningHoursSpecification","dayOfWeek":["Monday","Tuesday","Wednesday","Thursday","Friday","Saturday","Sunday"],"opens":"09:00","closes":"17:00"}]},{"@type":"ImageObject","inLanguage":"pl-PL","@id":"https:\/\/landioustravel.com\/pl\/shop\/wycieczka-wspinaczka-mojzesza-szarm\/#local-main-organization-logo","url":"https:\/\/i0.wp.com\/landioustravel.com\/wp-content\/uploads\/2021\/06\/Landious-T.png?fit=500%2C500&ssl=1","contentUrl":"https:\/\/i0.wp.com\/landioustravel.com\/wp-content\/uploads\/2021\/06\/Landious-T.png?fit=500%2C500&ssl=1","width":500,"height":500,"caption":"Landious Travel"}]}},"jetpack_publicize_connections":[],"uagb_featured_image_src":{"full":["https:\/\/i0.wp.com\/landioustravel.com\/wp-content\/uploads\/2022\/06\/Saint-Katherine-Protectorate.jpg?fit=600%2C450&ssl=1",600,450,false],"thumbnail":["https:\/\/i0.wp.com\/landioustravel.com\/wp-content\/uploads\/2022\/06\/Saint-Katherine-Protectorate.jpg?resize=150%2C150&ssl=1",150,150,true],"medium":["https:\/\/i0.wp.com\/landioustravel.com\/wp-content\/uploads\/2022\/06\/Saint-Katherine-Protectorate.jpg?fit=300%2C225&ssl=1",300,225,true],"medium_large":["https:\/\/i0.wp.com\/landioustravel.com\/wp-content\/uploads\/2022\/06\/Saint-Katherine-Protectorate.jpg?fit=600%2C450&ssl=1",600,450,true],"large":["https:\/\/i0.wp.com\/landioustravel.com\/wp-content\/uploads\/2022\/06\/Saint-Katherine-Protectorate.jpg?fit=600%2C450&ssl=1",600,450,true],"1536x1536":["https:\/\/i0.wp.com\/landioustravel.com\/wp-content\/uploads\/2022\/06\/Saint-Katherine-Protectorate.jpg?fit=600%2C450&ssl=1",600,450,true],"2048x2048":["https:\/\/i0.wp.com\/landioustravel.com\/wp-content\/uploads\/2022\/06\/Saint-Katherine-Protectorate.jpg?fit=600%2C450&ssl=1",600,450,true],"newspack-article-block-landscape-large":["https:\/\/i0.wp.com\/landioustravel.com\/wp-content\/uploads\/2022\/06\/Saint-Katherine-Protectorate.jpg?resize=600%2C450&ssl=1",600,450,true],"newspack-article-block-portrait-large":["https:\/\/i0.wp.com\/landioustravel.com\/wp-content\/uploads\/2022\/06\/Saint-Katherine-Protectorate.jpg?resize=600%2C450&ssl=1",600,450,true],"newspack-article-block-square-large":["https:\/\/i0.wp.com\/landioustravel.com\/wp-content\/uploads\/2022\/06\/Saint-Katherine-Protectorate.jpg?resize=600%2C450&ssl=1",600,450,true],"newspack-article-block-landscape-medium":["https:\/\/i0.wp.com\/landioustravel.com\/wp-content\/uploads\/2022\/06\/Saint-Katherine-Protectorate.jpg?resize=600%2C450&ssl=1",600,450,true],"newspack-article-block-portrait-medium":["https:\/\/i0.wp.com\/landioustravel.com\/wp-content\/uploads\/2022\/06\/Saint-Katherine-Protectorate.jpg?resize=600%2C450&ssl=1",600,450,true],"newspack-article-block-square-medium":["https:\/\/i0.wp.com\/landioustravel.com\/wp-content\/uploads\/2022\/06\/Saint-Katherine-Protectorate.jpg?resize=600%2C450&ssl=1",600,450,true],"newspack-article-block-landscape-intermediate":["https:\/\/i0.wp.com\/landioustravel.com\/wp-content\/uploads\/2022\/06\/Saint-Katherine-Protectorate.jpg?resize=600%2C450&ssl=1",600,450,true],"newspack-article-block-portrait-intermediate":["https:\/\/i0.wp.com\/landioustravel.com\/wp-content\/uploads\/2022\/06\/Saint-Katherine-Protectorate.jpg?resize=450%2C450&ssl=1",450,450,true],"newspack-article-block-square-intermediate":["https:\/\/i0.wp.com\/landioustravel.com\/wp-content\/uploads\/2022\/06\/Saint-Katherine-Protectorate.jpg?resize=600%2C450&ssl=1",600,450,true],"newspack-article-block-landscape-small":["https:\/\/i0.wp.com\/landioustravel.com\/wp-content\/uploads\/2022\/06\/Saint-Katherine-Protectorate.jpg?resize=400%2C300&ssl=1",400,300,true],"newspack-article-block-portrait-small":["https:\/\/i0.wp.com\/landioustravel.com\/wp-content\/uploads\/2022\/06\/Saint-Katherine-Protectorate.jpg?resize=300%2C400&ssl=1",300,400,true],"newspack-article-block-square-small":["https:\/\/i0.wp.com\/landioustravel.com\/wp-content\/uploads\/2022\/06\/Saint-Katherine-Protectorate.jpg?resize=400%2C400&ssl=1",400,400,true],"newspack-article-block-landscape-tiny":["https:\/\/i0.wp.com\/landioustravel.com\/wp-content\/uploads\/2022\/06\/Saint-Katherine-Protectorate.jpg?resize=200%2C150&ssl=1",200,150,true],"newspack-article-block-portrait-tiny":["https:\/\/i0.wp.com\/landioustravel.com\/wp-content\/uploads\/2022\/06\/Saint-Katherine-Protectorate.jpg?resize=150%2C200&ssl=1",150,200,true],"newspack-article-block-square-tiny":["https:\/\/i0.wp.com\/landioustravel.com\/wp-content\/uploads\/2022\/06\/Saint-Katherine-Protectorate.jpg?resize=200%2C200&ssl=1",200,200,true],"newspack-article-block-uncropped":["https:\/\/i0.wp.com\/landioustravel.com\/wp-content\/uploads\/2022\/06\/Saint-Katherine-Protectorate.jpg?fit=600%2C450&ssl=1",600,450,true],"woocommerce_thumbnail":["https:\/\/i0.wp.com\/landioustravel.com\/wp-content\/uploads\/2022\/06\/Saint-Katherine-Protectorate.jpg?resize=324%2C324&ssl=1",324,324,true],"woocommerce_single":["https:\/\/i0.wp.com\/landioustravel.com\/wp-content\/uploads\/2022\/06\/Saint-Katherine-Protectorate.jpg?fit=416%2C312&ssl=1",416,312,true],"woocommerce_gallery_thumbnail":["https:\/\/i0.wp.com\/landioustravel.com\/wp-content\/uploads\/2022\/06\/Saint-Katherine-Protectorate.jpg?resize=100%2C100&ssl=1",100,100,true]},"uagb_author_info":{"display_name":"Mofreh Landious","author_link":"https:\/\/landioustravel.com\/pl\/author\/"},"uagb_comment_info":7,"uagb_excerpt":"Nasz \u015bwiat jest pe\u0142en wyj\u0105tkowych miejsc i widok\u00f3w, kt\u00f3re przynosz\u0105 nam wiele rado\u015bci i orze\u017awienia. Jedn\u0105 z takich wycieczek, kt\u00f3ra ma znaczenie zar\u00f3wno duchowe, jak i historyczne, jest \u201eWspinaczka na g\u00f3r\u0119 proroka Moj\u017cesza\u201d. Podczas tej wycieczki wejdziesz na g\u00f3r\u0119 i b\u0119dziesz \u015bwiadkiem spektakularnego wschodu s\u0142o\u0144ca na jej szczycie, zanim zjesz obfite \u015bniadanie. Nast\u0119pnie mo\u017cesz odwiedzi\u0107&hellip;","jetpack_sharing_enabled":true,"jetpack_likes_enabled":true,"amp_enabled":true,"_links":{"self":[{"href":"https:\/\/landioustravel.com\/pl\/wp-json\/wp\/v2\/product\/2569","targetHints":{"allow":["GET"]}}],"collection":[{"href":"https:\/\/landioustravel.com\/pl\/wp-json\/wp\/v2\/product"}],"about":[{"href":"https:\/\/landioustravel.com\/pl\/wp-json\/wp\/v2\/types\/product"}],"replies":[{"embeddable":true,"href":"https:\/\/landioustravel.com\/pl\/wp-json\/wp\/v2\/comments?post=2569"}],"wp:featuredmedia":[{"embeddable":true,"href":"https:\/\/landioustravel.com\/pl\/wp-json\/wp\/v2\/media\/110016"}],"wp:attachment":[{"href":"https:\/\/landioustravel.com\/pl\/wp-json\/wp\/v2\/media?parent=2569"}],"wp:term":[{"taxonomy":"product_brand","embeddable":true,"href":"https:\/\/landioustravel.com\/pl\/wp-json\/wp\/v2\/product_brand?post=2569"},{"taxonomy":"product_cat","embeddable":true,"href":"https:\/\/landioustravel.com\/pl\/wp-json\/wp\/v2\/product_cat?post=2569"},{"taxonomy":"product_tag","embeddable":true,"href":"https:\/\/landioustravel.com\/pl\/wp-json\/wp\/v2\/product_tag?post=2569"}],"curies":[{"name":"wp","href":"https:\/\/api.w.org\/{rel}","templated":true}]}}