{"id":2575,"date":"2018-12-09T08:05:36","date_gmt":"2018-12-09T06:05:36","guid":{"rendered":"https:\/\/landioustravel.com\/product\/wycieczka-pol-lodzi-podwodnej-szarm\/"},"modified":"2026-05-02T02:25:05","modified_gmt":"2026-05-01T23:25:05","slug":"wycieczka-pol-lodzi-podwodnej-szarm","status":"publish","type":"product","link":"https:\/\/landioustravel.com\/pl\/shop\/wycieczka-pol-lodzi-podwodnej-szarm\/","title":{"rendered":"Wycieczka na p\u00f3\u0142-\u0142odzi podwodnej w Szarm El-Szejk"},"content":{"rendered":"<p>Ulubiona podr\u00f3\u017c morska na p\u00f3\u0142-\u0142odzi podwodnej w Szarm El-Szejk! Polecamy wycieczk\u0119, poniewa\u017c pozwala turystom w ka\u017cdym wieku dobrze si\u0119 bawi\u0107 nad morzem obserwuj\u0105c pi\u0119kne korale i r\u00f3\u017cnorodne ryby. A tak\u017ce ciesz\u0105c si\u0119 morskim piknikiem przez Morze Czerwone.<\/p>\n<h2>G\u0142\u00f3wne punkty programu wycieczki na p\u00f3\u0142-\u0142odzi podwodnej<\/h2>\n<ul>\n<li>Piknik morski nad Morzem Read<\/li>\n<li>Obserwacja podwodnego \u015bwiata z wn\u0119trza p\u00f3\u0142-\u0142odzi podwodnej<\/li>\n<\/ul>\n<h3>Program wycieczki na p\u00f3\u0142-\u0142odzi podwodnej w Szarm El-Szejk<\/h3>\n<ul>\n<li>Odbi\u00f3r z hotelu oko\u0142o godziny 10:00<\/li>\n<li>Po zabraniu wszystkich ch\u0119tnych autobus jedzie do portu. Droga do portu trwa oko\u0142o 20 minut<\/li>\n<li>Na pocz\u0105tku programu wycieczki odb\u0119dzie si\u0119 piknik morski nad Morzem Czerwonym<\/li>\n<li>Nast\u0119pnie schodzimy na parter, aby zobaczy\u0107 ryby i korale przez oko\u0142o 45 minut<\/li>\n<li>W drodze powrotnej do portu wci\u0105\u017c b\u0119dziesz mia\u0142 okazj\u0119 zobaczy\u0107 korale i ryby.<\/li>\n<\/ul>\n<h3>Co zawiera cena wycieczki<\/h3>\n<ul>\n<li>Przejazd do portu i powr\u00f3t do hotelu<\/li>\n<\/ul>\n<h4>Co nie jest wliczone w cen\u0119 podr\u00f3\u017cy<\/h4>\n<ul>\n<li>DVD wideo<\/li>\n<li>Photo CD<\/li>\n<\/ul>\n<h5>Co zabra\u0107 ze sob\u0105 na wycieczk\u0119<\/h5>\n<ul>\n<li>R\u0119cznik<\/li>\n<li>Krem do opalania<\/li>\n<\/ul>\n<p>DNI ORGANIZACJI WYCIECZKOWEJ<\/p>\n<ul>\n<li>Codziennie od 010: 00 do 14:00<\/li>\n<\/ul>\n","protected":false},"excerpt":{"rendered":"<p>Przygotuj si\u0119 na niezapomnian\u0105 przygod\u0119 w Sharm El Sheikh na pok\u0142adzie dwupok\u0142adowej \u0142odzi podwodnej! Dzi\u0119ki masywnym panoramicznym oknom b\u0119dziesz mie\u0107 zapieraj\u0105cy dech w piersiach widok na podwodny \u015bwiat Morza Czerwonego. Zobacz inspiruj\u0105ce rafy koralowe i t\u0119tni\u0105ce \u017cyciem \u0142awice ryb Morza Czerwonego z wygodnej \u0142odzi podwodnej. \u0141\u00f3d\u017a \u015blizga si\u0119 po spokojnych wodach morza, podczas gdy Ty usi\u0105d\u017a wygodnie i zrelaksuj si\u0119 w \u0142odzi podwodnej, ca\u0142kowicie zanurzonej w podwodnym \u015bwiecie.<\/p>\n<p>Wycieczka Semi Submarine w Morzu Czerwonym z Sharm El Sheikh to obowi\u0105zkowa pozycja dla rodzin i os\u00f3b poszukuj\u0105cych przyg\u00f3d i emocji. To jak posiadanie w\u0142asnej \u0142odzi podwodnej! Dno \u0142odzi zanurza si\u0119 4 metry pod powierzchni\u0119, zapewniaj\u0105c bliskie i osobiste spojrzenie na podwodny \u015bwiat. B\u0119dziesz mie\u0107 mn\u00f3stwo czasu, aby uchwyci\u0107 te niezapomniane chwile w aparacie i zabra\u0107 do domu wspomnienia na ca\u0142e \u017cycie.<\/p>\n<p>Ta wycieczka jest idealna dla rodzin podr\u00f3\u017cuj\u0105cych z dzie\u0107mi, poniewa\u017c daje im szans\u0119 po raz pierwszy do\u015bwiadczy\u0107 cud\u00f3w podwodnego \u015bwiata. Nawet doro\u015bli mog\u0105 skorzysta\u0107 z tej wycieczki, poniewa\u017c pozwala ona rzuci\u0107 okiem na podwodny \u015bwiat i zach\u0119ca ich do pokonania swoich l\u0119k\u00f3w i nurkowania. Dzieci pokochaj\u0105 ekscytuj\u0105c\u0105 atmosfer\u0119 \u0142odzi podwodnej, a wycieczka z pewno\u015bci\u0105 b\u0119dzie niezapomnian\u0105 przygod\u0105.<\/p>\n<p>Przygotuj si\u0119 na ekscytuj\u0105c\u0105 podr\u00f3\u017c, kt\u00f3ra zachwyci Ci\u0119 wspania\u0142ym podwodnym \u015bwiatem Morza Czerwonego! Do\u0142\u0105cz do nas w ekscytuj\u0105cej podwodnej wycieczce z 18 panoramicznymi oknami o wymiarach 100 x 125 cm. Siedz\u0105c wygodnie w ruchomym okr\u0105g\u0142ym fotelu, b\u0119dziesz m\u00f3g\u0142 podziwia\u0107 pi\u0119kno rafy koralowej, kolorowych ryb i otch\u0142ani ze wszystkich stron. Seas-cop mo\u017ce pomie\u015bci\u0107 do 34 pasa\u017cer\u00f3w, zapewniaj\u0105c wszystkim bezpieczne i komfortowe wra\u017cenia. Odbierzemy Ci\u0119 z hotelu o wyznaczonej godzinie, a po 20 minutach jazdy wsi\u0105dziemy na pok\u0142ad Semi Submarine i wyruszymy na nasz\u0105 przygod\u0119.<\/p>\n","protected":false},"featured_media":100303,"comment_status":"open","ping_status":"closed","template":"","meta":{"_coblocks_attr":"","_coblocks_dimensions":"","_coblocks_responsive_height":"","_coblocks_accordion_ie_support":"","_uag_custom_page_level_css":"","jetpack_publicize_message":"","jetpack_publicize_feature_enabled":true,"jetpack_social_post_already_shared":false,"jetpack_social_options":{"image_generator_settings":{"template":"highway","default_image_id":0,"font":"","enabled":false},"version":2},"_wpas_customize_per_network":false},"product_brand":[],"product_cat":[1952,1950],"product_tag":[22821,1970,1963,1961],"class_list":{"0":"post-2575","1":"product","2":"type-product","3":"status-publish","4":"has-post-thumbnail","6":"product_cat-rejsy-statkiem-sharm-sheikh","7":"product_cat-wycieczki-sharm-sheikh","8":"product_tag-morze","9":"product_tag-pol-lodzi-podwodne","10":"product_tag-szarm-el-szejk","11":"product_tag-wycieczka","12":"pa_age-dorosly","13":"pa_age-dziecko-1-4-lata","14":"pa_age-dziecko-5-11-lat","16":"first","17":"instock","18":"sale","19":"purchasable","20":"product-type-variable"},"yoast_head":"<!-- This site is optimized with the Yoast SEO Premium plugin v27.5 (Yoast SEO v27.5) - https:\/\/yoast.com\/product\/yoast-seo-premium-wordpress\/ -->\n<title>Wycieczka na p\u00f3\u0142-\u0142odzi podwodnej w Szarm El-Szejk<\/title>\n<meta name=\"description\" content=\"Wycieczka na p\u00f3\u0142-\u0142odzi podwodnej w Szarm El-Szejk pozwala bez trudu zobaczy\u0107 koralowce i ryby Morza Czerwonego na pok\u0142adzie \u0142odzi podwodnej\" \/>\n<meta name=\"robots\" content=\"index, follow, max-snippet:-1, max-image-preview:large, max-video-preview:-1\" \/>\n<link rel=\"canonical\" href=\"https:\/\/landioustravel.com\/pl\/shop\/wycieczka-pol-lodzi-podwodnej-szarm\/\" \/>\n<meta property=\"og:locale\" content=\"pl_PL\" \/>\n<meta property=\"og:type\" content=\"article\" \/>\n<meta property=\"og:title\" content=\"Wycieczka na p\u00f3\u0142-\u0142odzi podwodnej w Szarm El-Szejk\" \/>\n<meta property=\"og:description\" content=\"Landious Travel\" \/>\n<meta property=\"og:url\" content=\"https:\/\/landioustravel.com\/pl\/shop\/wycieczka-pol-lodzi-podwodnej-szarm\/\" \/>\n<meta property=\"og:site_name\" content=\"Landious Travel\" \/>\n<meta property=\"article:publisher\" content=\"https:\/\/web.facebook.com\/landiousEgypt\" \/>\n<meta property=\"article:modified_time\" content=\"2026-05-01T23:25:05+00:00\" \/>\n<meta property=\"og:image\" content=\"https:\/\/i0.wp.com\/landioustravel.com\/wp-content\/uploads\/2018\/12\/Semi-Submarine-Excursion-Sharm-El-Sheikh-e1669492996378.jpg?fit=1201%2C675&ssl=1\" \/>\n\t<meta property=\"og:image:width\" content=\"1201\" \/>\n\t<meta property=\"og:image:height\" content=\"675\" \/>\n\t<meta property=\"og:image:type\" content=\"image\/jpeg\" \/>\n<meta name=\"twitter:card\" content=\"summary_large_image\" \/>\n<meta name=\"twitter:site\" content=\"@LandiousTours\" \/>\n<meta name=\"twitter:label1\" content=\"Szacowany czas czytania\" \/>\n\t<meta name=\"twitter:data1\" content=\"1 minuta\" \/>\n<script type=\"application\/ld+json\" class=\"yoast-schema-graph\">{\"@context\":\"https:\\\/\\\/schema.org\",\"@graph\":[{\"@type\":\"WebPage\",\"@id\":\"https:\\\/\\\/landioustravel.com\\\/pl\\\/shop\\\/wycieczka-pol-lodzi-podwodnej-szarm\\\/\",\"url\":\"https:\\\/\\\/landioustravel.com\\\/pl\\\/shop\\\/wycieczka-pol-lodzi-podwodnej-szarm\\\/\",\"name\":\"Wycieczka na p\u00f3\u0142-\u0142odzi podwodnej w Szarm El-Szejk\",\"isPartOf\":{\"@id\":\"https:\\\/\\\/landioustravel.com\\\/pl\\\/#website\"},\"primaryImageOfPage\":{\"@id\":\"https:\\\/\\\/landioustravel.com\\\/pl\\\/shop\\\/wycieczka-pol-lodzi-podwodnej-szarm\\\/#primaryimage\"},\"image\":{\"@id\":\"https:\\\/\\\/landioustravel.com\\\/pl\\\/shop\\\/wycieczka-pol-lodzi-podwodnej-szarm\\\/#primaryimage\"},\"thumbnailUrl\":\"https:\\\/\\\/i0.wp.com\\\/landioustravel.com\\\/wp-content\\\/uploads\\\/2018\\\/12\\\/Semi-Submarine-Excursion-Sharm-El-Sheikh-e1669492996378.jpg?fit=1201%2C675&ssl=1\",\"datePublished\":\"2018-12-09T06:05:36+00:00\",\"dateModified\":\"2026-05-01T23:25:05+00:00\",\"description\":\"Wycieczka na p\u00f3\u0142-\u0142odzi podwodnej w Szarm El-Szejk pozwala bez trudu zobaczy\u0107 koralowce i ryby Morza Czerwonego na pok\u0142adzie \u0142odzi podwodnej\",\"breadcrumb\":{\"@id\":\"https:\\\/\\\/landioustravel.com\\\/pl\\\/shop\\\/wycieczka-pol-lodzi-podwodnej-szarm\\\/#breadcrumb\"},\"inLanguage\":\"pl-PL\",\"potentialAction\":[{\"@type\":\"ReadAction\",\"target\":[\"https:\\\/\\\/landioustravel.com\\\/pl\\\/shop\\\/wycieczka-pol-lodzi-podwodnej-szarm\\\/\"]}]},{\"@type\":\"ImageObject\",\"inLanguage\":\"pl-PL\",\"@id\":\"https:\\\/\\\/landioustravel.com\\\/pl\\\/shop\\\/wycieczka-pol-lodzi-podwodnej-szarm\\\/#primaryimage\",\"url\":\"https:\\\/\\\/i0.wp.com\\\/landioustravel.com\\\/wp-content\\\/uploads\\\/2018\\\/12\\\/Semi-Submarine-Excursion-Sharm-El-Sheikh-e1669492996378.jpg?fit=1201%2C675&ssl=1\",\"contentUrl\":\"https:\\\/\\\/i0.wp.com\\\/landioustravel.com\\\/wp-content\\\/uploads\\\/2018\\\/12\\\/Semi-Submarine-Excursion-Sharm-El-Sheikh-e1669492996378.jpg?fit=1201%2C675&ssl=1\",\"width\":1201,\"height\":675,\"caption\":\"Semi Submarine Excursion Sharm El Sheikh\"},{\"@type\":\"BreadcrumbList\",\"@id\":\"https:\\\/\\\/landioustravel.com\\\/pl\\\/shop\\\/wycieczka-pol-lodzi-podwodnej-szarm\\\/#breadcrumb\",\"itemListElement\":[{\"@type\":\"ListItem\",\"position\":1,\"name\":\"Home\",\"item\":\"https:\\\/\\\/landioustravel.com\\\/pl\\\/\"},{\"@type\":\"ListItem\",\"position\":2,\"name\":\"Us\u0142ugi i wycieczki\",\"item\":\"https:\\\/\\\/landioustravel.com\\\/pl\\\/\"},{\"@type\":\"ListItem\",\"position\":3,\"name\":\"Wycieczka na p\u00f3\u0142-\u0142odzi podwodnej w Szarm El-Szejk\"}]},{\"@type\":\"WebSite\",\"@id\":\"https:\\\/\\\/landioustravel.com\\\/pl\\\/#website\",\"url\":\"https:\\\/\\\/landioustravel.com\\\/pl\\\/\",\"name\":\"Landious Travel\",\"description\":\"Excursions, trips and cruises in Egypt\",\"publisher\":{\"@id\":\"https:\\\/\\\/landioustravel.com\\\/pl\\\/#organization\"},\"potentialAction\":[{\"@type\":\"SearchAction\",\"target\":{\"@type\":\"EntryPoint\",\"urlTemplate\":\"https:\\\/\\\/landioustravel.com\\\/pl\\\/?s={search_term_string}\"},\"query-input\":{\"@type\":\"PropertyValueSpecification\",\"valueRequired\":true,\"valueName\":\"search_term_string\"}}],\"inLanguage\":\"pl-PL\"},{\"@type\":[\"Organization\",\"Place\"],\"@id\":\"https:\\\/\\\/landioustravel.com\\\/pl\\\/#organization\",\"name\":\"Landious Travel\",\"alternateName\":\"Landious Travel\",\"url\":\"https:\\\/\\\/landioustravel.com\\\/pl\\\/\",\"logo\":{\"@id\":\"https:\\\/\\\/landioustravel.com\\\/pl\\\/shop\\\/wycieczka-pol-lodzi-podwodnej-szarm\\\/#local-main-organization-logo\"},\"image\":{\"@id\":\"https:\\\/\\\/landioustravel.com\\\/pl\\\/shop\\\/wycieczka-pol-lodzi-podwodnej-szarm\\\/#local-main-organization-logo\"},\"sameAs\":[\"https:\\\/\\\/web.facebook.com\\\/landiousEgypt\",\"https:\\\/\\\/x.com\\\/LandiousTours\",\"https:\\\/\\\/mastodon.social\\\/@landious\"],\"legalName\":\"Landious Travel\",\"telephone\":[],\"openingHoursSpecification\":[{\"@type\":\"OpeningHoursSpecification\",\"dayOfWeek\":[\"Monday\",\"Tuesday\",\"Wednesday\",\"Thursday\",\"Friday\",\"Saturday\",\"Sunday\"],\"opens\":\"09:00\",\"closes\":\"17:00\"}]},{\"@type\":\"ImageObject\",\"inLanguage\":\"pl-PL\",\"@id\":\"https:\\\/\\\/landioustravel.com\\\/pl\\\/shop\\\/wycieczka-pol-lodzi-podwodnej-szarm\\\/#local-main-organization-logo\",\"url\":\"https:\\\/\\\/i0.wp.com\\\/landioustravel.com\\\/wp-content\\\/uploads\\\/2021\\\/06\\\/Landious-T.png?fit=500%2C500&ssl=1\",\"contentUrl\":\"https:\\\/\\\/i0.wp.com\\\/landioustravel.com\\\/wp-content\\\/uploads\\\/2021\\\/06\\\/Landious-T.png?fit=500%2C500&ssl=1\",\"width\":500,\"height\":500,\"caption\":\"Landious Travel\"}]}<\/script>\n<!-- \/ Yoast SEO Premium plugin. -->","yoast_head_json":{"title":"Wycieczka na p\u00f3\u0142-\u0142odzi podwodnej w Szarm El-Szejk","description":"Wycieczka na p\u00f3\u0142-\u0142odzi podwodnej w Szarm El-Szejk pozwala bez trudu zobaczy\u0107 koralowce i ryby Morza Czerwonego na pok\u0142adzie \u0142odzi podwodnej","robots":{"index":"index","follow":"follow","max-snippet":"max-snippet:-1","max-image-preview":"max-image-preview:large","max-video-preview":"max-video-preview:-1"},"canonical":"https:\/\/landioustravel.com\/pl\/shop\/wycieczka-pol-lodzi-podwodnej-szarm\/","og_locale":"pl_PL","og_type":"article","og_title":"Wycieczka na p\u00f3\u0142-\u0142odzi podwodnej w Szarm El-Szejk","og_description":"Landious Travel","og_url":"https:\/\/landioustravel.com\/pl\/shop\/wycieczka-pol-lodzi-podwodnej-szarm\/","og_site_name":"Landious Travel","article_publisher":"https:\/\/web.facebook.com\/landiousEgypt","article_modified_time":"2026-05-01T23:25:05+00:00","og_image":[{"width":1201,"height":675,"url":"https:\/\/i0.wp.com\/landioustravel.com\/wp-content\/uploads\/2018\/12\/Semi-Submarine-Excursion-Sharm-El-Sheikh-e1669492996378.jpg?fit=1201%2C675&ssl=1","type":"image\/jpeg"}],"twitter_card":"summary_large_image","twitter_site":"@LandiousTours","twitter_misc":{"Szacowany czas czytania":"1 minuta"},"schema":{"@context":"https:\/\/schema.org","@graph":[{"@type":"WebPage","@id":"https:\/\/landioustravel.com\/pl\/shop\/wycieczka-pol-lodzi-podwodnej-szarm\/","url":"https:\/\/landioustravel.com\/pl\/shop\/wycieczka-pol-lodzi-podwodnej-szarm\/","name":"Wycieczka na p\u00f3\u0142-\u0142odzi podwodnej w Szarm El-Szejk","isPartOf":{"@id":"https:\/\/landioustravel.com\/pl\/#website"},"primaryImageOfPage":{"@id":"https:\/\/landioustravel.com\/pl\/shop\/wycieczka-pol-lodzi-podwodnej-szarm\/#primaryimage"},"image":{"@id":"https:\/\/landioustravel.com\/pl\/shop\/wycieczka-pol-lodzi-podwodnej-szarm\/#primaryimage"},"thumbnailUrl":"https:\/\/i0.wp.com\/landioustravel.com\/wp-content\/uploads\/2018\/12\/Semi-Submarine-Excursion-Sharm-El-Sheikh-e1669492996378.jpg?fit=1201%2C675&ssl=1","datePublished":"2018-12-09T06:05:36+00:00","dateModified":"2026-05-01T23:25:05+00:00","description":"Wycieczka na p\u00f3\u0142-\u0142odzi podwodnej w Szarm El-Szejk pozwala bez trudu zobaczy\u0107 koralowce i ryby Morza Czerwonego na pok\u0142adzie \u0142odzi podwodnej","breadcrumb":{"@id":"https:\/\/landioustravel.com\/pl\/shop\/wycieczka-pol-lodzi-podwodnej-szarm\/#breadcrumb"},"inLanguage":"pl-PL","potentialAction":[{"@type":"ReadAction","target":["https:\/\/landioustravel.com\/pl\/shop\/wycieczka-pol-lodzi-podwodnej-szarm\/"]}]},{"@type":"ImageObject","inLanguage":"pl-PL","@id":"https:\/\/landioustravel.com\/pl\/shop\/wycieczka-pol-lodzi-podwodnej-szarm\/#primaryimage","url":"https:\/\/i0.wp.com\/landioustravel.com\/wp-content\/uploads\/2018\/12\/Semi-Submarine-Excursion-Sharm-El-Sheikh-e1669492996378.jpg?fit=1201%2C675&ssl=1","contentUrl":"https:\/\/i0.wp.com\/landioustravel.com\/wp-content\/uploads\/2018\/12\/Semi-Submarine-Excursion-Sharm-El-Sheikh-e1669492996378.jpg?fit=1201%2C675&ssl=1","width":1201,"height":675,"caption":"Semi Submarine Excursion Sharm El Sheikh"},{"@type":"BreadcrumbList","@id":"https:\/\/landioustravel.com\/pl\/shop\/wycieczka-pol-lodzi-podwodnej-szarm\/#breadcrumb","itemListElement":[{"@type":"ListItem","position":1,"name":"Home","item":"https:\/\/landioustravel.com\/pl\/"},{"@type":"ListItem","position":2,"name":"Us\u0142ugi i wycieczki","item":"https:\/\/landioustravel.com\/pl\/"},{"@type":"ListItem","position":3,"name":"Wycieczka na p\u00f3\u0142-\u0142odzi podwodnej w Szarm El-Szejk"}]},{"@type":"WebSite","@id":"https:\/\/landioustravel.com\/pl\/#website","url":"https:\/\/landioustravel.com\/pl\/","name":"Landious Travel","description":"Excursions, trips and cruises in Egypt","publisher":{"@id":"https:\/\/landioustravel.com\/pl\/#organization"},"potentialAction":[{"@type":"SearchAction","target":{"@type":"EntryPoint","urlTemplate":"https:\/\/landioustravel.com\/pl\/?s={search_term_string}"},"query-input":{"@type":"PropertyValueSpecification","valueRequired":true,"valueName":"search_term_string"}}],"inLanguage":"pl-PL"},{"@type":["Organization","Place"],"@id":"https:\/\/landioustravel.com\/pl\/#organization","name":"Landious Travel","alternateName":"Landious Travel","url":"https:\/\/landioustravel.com\/pl\/","logo":{"@id":"https:\/\/landioustravel.com\/pl\/shop\/wycieczka-pol-lodzi-podwodnej-szarm\/#local-main-organization-logo"},"image":{"@id":"https:\/\/landioustravel.com\/pl\/shop\/wycieczka-pol-lodzi-podwodnej-szarm\/#local-main-organization-logo"},"sameAs":["https:\/\/web.facebook.com\/landiousEgypt","https:\/\/x.com\/LandiousTours","https:\/\/mastodon.social\/@landious"],"legalName":"Landious Travel","telephone":[],"openingHoursSpecification":[{"@type":"OpeningHoursSpecification","dayOfWeek":["Monday","Tuesday","Wednesday","Thursday","Friday","Saturday","Sunday"],"opens":"09:00","closes":"17:00"}]},{"@type":"ImageObject","inLanguage":"pl-PL","@id":"https:\/\/landioustravel.com\/pl\/shop\/wycieczka-pol-lodzi-podwodnej-szarm\/#local-main-organization-logo","url":"https:\/\/i0.wp.com\/landioustravel.com\/wp-content\/uploads\/2021\/06\/Landious-T.png?fit=500%2C500&ssl=1","contentUrl":"https:\/\/i0.wp.com\/landioustravel.com\/wp-content\/uploads\/2021\/06\/Landious-T.png?fit=500%2C500&ssl=1","width":500,"height":500,"caption":"Landious Travel"}]}},"jetpack_publicize_connections":[],"uagb_featured_image_src":{"full":["https:\/\/i0.wp.com\/landioustravel.com\/wp-content\/uploads\/2018\/12\/Semi-Submarine-Excursion-Sharm-El-Sheikh-e1669492996378.jpg?fit=1201%2C675&ssl=1",1201,675,false],"thumbnail":["https:\/\/i0.wp.com\/landioustravel.com\/wp-content\/uploads\/2018\/12\/Semi-Submarine-Excursion-Sharm-El-Sheikh-e1669492996378.jpg?resize=150%2C150&ssl=1",150,150,true],"medium":["https:\/\/i0.wp.com\/landioustravel.com\/wp-content\/uploads\/2018\/12\/Semi-Submarine-Excursion-Sharm-El-Sheikh-e1669492996378.jpg?fit=300%2C169&ssl=1",300,169,true],"medium_large":["https:\/\/i0.wp.com\/landioustravel.com\/wp-content\/uploads\/2018\/12\/Semi-Submarine-Excursion-Sharm-El-Sheikh-e1669492996378.jpg?fit=768%2C432&ssl=1",768,432,true],"large":["https:\/\/i0.wp.com\/landioustravel.com\/wp-content\/uploads\/2018\/12\/Semi-Submarine-Excursion-Sharm-El-Sheikh-e1669492996378.jpg?fit=980%2C551&ssl=1",980,551,true],"1536x1536":["https:\/\/i0.wp.com\/landioustravel.com\/wp-content\/uploads\/2018\/12\/Semi-Submarine-Excursion-Sharm-El-Sheikh-e1669492996378.jpg?fit=1201%2C675&ssl=1",1201,675,true],"2048x2048":["https:\/\/i0.wp.com\/landioustravel.com\/wp-content\/uploads\/2018\/12\/Semi-Submarine-Excursion-Sharm-El-Sheikh-e1669492996378.jpg?fit=1201%2C675&ssl=1",1201,675,true],"newspack-article-block-landscape-large":["https:\/\/i0.wp.com\/landioustravel.com\/wp-content\/uploads\/2018\/12\/Semi-Submarine-Excursion-Sharm-El-Sheikh-e1669492996378.jpg?resize=1200%2C674&ssl=1",1200,674,true],"newspack-article-block-portrait-large":["https:\/\/i0.wp.com\/landioustravel.com\/wp-content\/uploads\/2018\/12\/Semi-Submarine-Excursion-Sharm-El-Sheikh-e1669492996378.jpg?resize=900%2C675&ssl=1",900,675,true],"newspack-article-block-square-large":["https:\/\/i0.wp.com\/landioustravel.com\/wp-content\/uploads\/2018\/12\/Semi-Submarine-Excursion-Sharm-El-Sheikh-e1669492996378.jpg?resize=1200%2C674&ssl=1",1200,674,true],"newspack-article-block-landscape-medium":["https:\/\/i0.wp.com\/landioustravel.com\/wp-content\/uploads\/2018\/12\/Semi-Submarine-Excursion-Sharm-El-Sheikh-e1669492996378.jpg?resize=800%2C600&ssl=1",800,600,true],"newspack-article-block-portrait-medium":["https:\/\/i0.wp.com\/landioustravel.com\/wp-content\/uploads\/2018\/12\/Semi-Submarine-Excursion-Sharm-El-Sheikh-e1669492996378.jpg?resize=600%2C675&ssl=1",600,675,true],"newspack-article-block-square-medium":["https:\/\/i0.wp.com\/landioustravel.com\/wp-content\/uploads\/2018\/12\/Semi-Submarine-Excursion-Sharm-El-Sheikh-e1669492996378.jpg?resize=800%2C675&ssl=1",800,675,true],"newspack-article-block-landscape-intermediate":["https:\/\/i0.wp.com\/landioustravel.com\/wp-content\/uploads\/2018\/12\/Semi-Submarine-Excursion-Sharm-El-Sheikh-e1669492996378.jpg?resize=600%2C450&ssl=1",600,450,true],"newspack-article-block-portrait-intermediate":["https:\/\/i0.wp.com\/landioustravel.com\/wp-content\/uploads\/2018\/12\/Semi-Submarine-Excursion-Sharm-El-Sheikh-e1669492996378.jpg?resize=450%2C600&ssl=1",450,600,true],"newspack-article-block-square-intermediate":["https:\/\/i0.wp.com\/landioustravel.com\/wp-content\/uploads\/2018\/12\/Semi-Submarine-Excursion-Sharm-El-Sheikh-e1669492996378.jpg?resize=600%2C600&ssl=1",600,600,true],"newspack-article-block-landscape-small":["https:\/\/i0.wp.com\/landioustravel.com\/wp-content\/uploads\/2018\/12\/Semi-Submarine-Excursion-Sharm-El-Sheikh-e1669492996378.jpg?resize=400%2C300&ssl=1",400,300,true],"newspack-article-block-portrait-small":["https:\/\/i0.wp.com\/landioustravel.com\/wp-content\/uploads\/2018\/12\/Semi-Submarine-Excursion-Sharm-El-Sheikh-e1669492996378.jpg?resize=300%2C400&ssl=1",300,400,true],"newspack-article-block-square-small":["https:\/\/i0.wp.com\/landioustravel.com\/wp-content\/uploads\/2018\/12\/Semi-Submarine-Excursion-Sharm-El-Sheikh-e1669492996378.jpg?resize=400%2C400&ssl=1",400,400,true],"newspack-article-block-landscape-tiny":["https:\/\/i0.wp.com\/landioustravel.com\/wp-content\/uploads\/2018\/12\/Semi-Submarine-Excursion-Sharm-El-Sheikh-e1669492996378.jpg?resize=200%2C150&ssl=1",200,150,true],"newspack-article-block-portrait-tiny":["https:\/\/i0.wp.com\/landioustravel.com\/wp-content\/uploads\/2018\/12\/Semi-Submarine-Excursion-Sharm-El-Sheikh-e1669492996378.jpg?resize=150%2C200&ssl=1",150,200,true],"newspack-article-block-square-tiny":["https:\/\/i0.wp.com\/landioustravel.com\/wp-content\/uploads\/2018\/12\/Semi-Submarine-Excursion-Sharm-El-Sheikh-e1669492996378.jpg?resize=200%2C200&ssl=1",200,200,true],"newspack-article-block-uncropped":["https:\/\/i0.wp.com\/landioustravel.com\/wp-content\/uploads\/2018\/12\/Semi-Submarine-Excursion-Sharm-El-Sheikh-e1669492996378.jpg?fit=1200%2C674&ssl=1",1200,674,true],"woocommerce_thumbnail":["https:\/\/i0.wp.com\/landioustravel.com\/wp-content\/uploads\/2018\/12\/Semi-Submarine-Excursion-Sharm-El-Sheikh-e1669492996378.jpg?resize=324%2C324&ssl=1",324,324,true],"woocommerce_single":["https:\/\/i0.wp.com\/landioustravel.com\/wp-content\/uploads\/2018\/12\/Semi-Submarine-Excursion-Sharm-El-Sheikh-e1669492996378.jpg?fit=416%2C234&ssl=1",416,234,true],"woocommerce_gallery_thumbnail":["https:\/\/i0.wp.com\/landioustravel.com\/wp-content\/uploads\/2018\/12\/Semi-Submarine-Excursion-Sharm-El-Sheikh-e1669492996378.jpg?resize=100%2C100&ssl=1",100,100,true]},"uagb_author_info":{"display_name":"Mofreh Landious","author_link":"https:\/\/landioustravel.com\/pl\/author\/"},"uagb_comment_info":7,"uagb_excerpt":"Przygotuj si\u0119 na niezapomnian\u0105 przygod\u0119 w Sharm El Sheikh na pok\u0142adzie dwupok\u0142adowej \u0142odzi podwodnej! Dzi\u0119ki masywnym panoramicznym oknom b\u0119dziesz mie\u0107 zapieraj\u0105cy dech w piersiach widok na podwodny \u015bwiat Morza Czerwonego. Zobacz inspiruj\u0105ce rafy koralowe i t\u0119tni\u0105ce \u017cyciem \u0142awice ryb Morza Czerwonego z wygodnej \u0142odzi podwodnej. \u0141\u00f3d\u017a \u015blizga si\u0119 po spokojnych wodach morza, podczas gdy Ty&hellip;","jetpack_sharing_enabled":true,"jetpack_likes_enabled":true,"amp_enabled":true,"_links":{"self":[{"href":"https:\/\/landioustravel.com\/pl\/wp-json\/wp\/v2\/product\/2575","targetHints":{"allow":["GET"]}}],"collection":[{"href":"https:\/\/landioustravel.com\/pl\/wp-json\/wp\/v2\/product"}],"about":[{"href":"https:\/\/landioustravel.com\/pl\/wp-json\/wp\/v2\/types\/product"}],"replies":[{"embeddable":true,"href":"https:\/\/landioustravel.com\/pl\/wp-json\/wp\/v2\/comments?post=2575"}],"wp:featuredmedia":[{"embeddable":true,"href":"https:\/\/landioustravel.com\/pl\/wp-json\/wp\/v2\/media\/100303"}],"wp:attachment":[{"href":"https:\/\/landioustravel.com\/pl\/wp-json\/wp\/v2\/media?parent=2575"}],"wp:term":[{"taxonomy":"product_brand","embeddable":true,"href":"https:\/\/landioustravel.com\/pl\/wp-json\/wp\/v2\/product_brand?post=2575"},{"taxonomy":"product_cat","embeddable":true,"href":"https:\/\/landioustravel.com\/pl\/wp-json\/wp\/v2\/product_cat?post=2575"},{"taxonomy":"product_tag","embeddable":true,"href":"https:\/\/landioustravel.com\/pl\/wp-json\/wp\/v2\/product_tag?post=2575"}],"curies":[{"name":"wp","href":"https:\/\/api.w.org\/{rel}","templated":true}]}}