{"id":2593,"date":"2018-12-06T15:16:29","date_gmt":"2018-12-06T13:16:29","guid":{"rendered":"https:\/\/landioustravel.com\/product\/nurkowanie-ras-mohammed-szarm\/"},"modified":"2026-03-06T19:13:23","modified_gmt":"2026-03-06T17:13:23","slug":"nurkowanie-ras-mohammed-szarm","status":"publish","type":"product","link":"https:\/\/landioustravel.com\/pl\/shop\/nurkowanie-ras-mohammed-szarm\/","title":{"rendered":"Nurkowanie w Ras Mohammed z Szarm el-Szejk"},"content":{"rendered":"<p>Cudowna morska wyprawa na nurkowanie w kurorcie Sharm el-Sheikh! Polecamy! Wycieczka pozwala turystom zobaczy\u0107 pi\u0119kne korale i r\u00f3\u017cnorodne ryby pod wod\u0105 w jednym z najs\u0142ynniejszych miejsc na \u015bwiecie &#8211; chronionym obszarze Ras Muhammada. Ponadto wycieczka pozwala cieszy\u0107 si\u0119 piknikiem morskim przez Morze Czerwone w bardzo pi\u0119knym miejscu.<\/p>\n<h2>G\u0142\u00f3wne punkty programu wycieczki na nurkowanie<\/h2>\n<ul>\n<li>Piknik morski<\/li>\n<li>P\u0142ywanie w otwartym morzu z jachtu<\/li>\n<li>Nurkowanie dwa razy pod wod\u0105<\/li>\n<li>Obiad<\/li>\n<\/ul>\n<h3>Program wycieczek nurkowych &#8211; Ras Mohammed w Sharm El-Sheikh<\/h3>\n<ul>\n<li>Odbierzemy Ci\u0119 z hotelu oko\u0142o godziny 8:00<\/li>\n<li>Po zabraniu wszystkich ch\u0119tnych autobus jedzie do portu. Droga do portu trwa oko\u0142o 30 minut<\/li>\n<li>W porcie znajdziesz sw\u00f3j jacht. Jest du\u017cy i szykowny! Jacht sk\u0142ada si\u0119 z dw\u00f3ch pi\u0119ter. Jak tylko wejdziesz na jacht, musisz zdj\u0105\u0107 obuwie i wsta\u0107 na drugim pi\u0119trze do opalania na g\u00f3rnym pok\u0142adzie s\u0142onecznym<\/li>\n<li>Jacht przechodzi przez Morze Czerwone, gdy tylko grupa si\u0119 zgromadzi. Dalej, na pi\u0119knych koralach, zatrzymasz si\u0119 na otwartym morzu. Tam mo\u017cesz nurkowa\u0107<\/li>\n<li>Po takim postoju grupa zbiera si\u0119 na pierwszym pi\u0119trze jachtu na lunch. W porze lunchu bufet b\u0119dzie otwarty<\/li>\n<li>Podr\u00f3\u017c trwa nadal, pozwalaj\u0105c uzyska\u0107 drugi przystanek do nurkowania w innym miejscu morskim.<\/li>\n<li>Program wycieczek do nurkowania w parku narodowym Ras Mohammed ko\u0144czy si\u0119 oko\u0142o godziny 16:30<\/li>\n<\/ul>\n<h4>Co wliczone jest w cen\u0119 podr\u00f3\u017cy<\/h4>\n<ul>\n<li>Sprz\u0119t do nurkowania<\/li>\n<li>Sprz\u0119t do nurkowania<\/li>\n<li>Jedzenie napoje<\/li>\n<li>Przejazd do portu i powr\u00f3t do hotelu<\/li>\n<\/ul>\n<h5>Co nie jest wliczone w cen\u0119 podr\u00f3\u017cy<\/h5>\n<ul>\n<li>DVD wideo<\/li>\n<li>Photo CD<\/li>\n<\/ul>\n<h6>Co zabra\u0107 ze sob\u0105 na wycieczk\u0119<\/h6>\n<ul>\n<li>R\u0119cznik<\/li>\n<li>Krem do opalania<\/li>\n<\/ul>\n<h6>DNI ORGANIZACJI WYCIECZKOWEJ<\/h6>\n<ul>\n<li>Codziennie od 08: 00-17: 00<\/li>\n<\/ul>\n","protected":false},"excerpt":{"rendered":"<p>Wyrusz w ekscytuj\u0105c\u0105 przygod\u0119 z przystani w Sharm El Sheikh i odkryj cuda Morza Czerwonego jak nigdy dot\u0105d! Podczas tej niesamowitej wycieczki \u0142odzi\u0105 zostaniesz zabrany do osza\u0142amiaj\u0105cego Parku Narodowego Ras Mohammed i Bia\u0142ej Wyspy, gdzie mo\u017cesz odkrywa\u0107 t\u0119tni\u0105c\u0105 \u017cyciem raf\u0119 koralow\u0105 i krystalicznie czyste wody.<\/p>\n<p>Przygotuj si\u0119 na niezapomniane wra\u017cenia, gdy wejdziesz na pok\u0142ad wygodnego jachtu i pop\u0142yniesz w kierunku najbardziej wysuni\u0119tego na po\u0142udnie kra\u0144ca p\u00f3\u0142wyspu Synaj. Ze \u015bwie\u017c\u0105 morsk\u0105 bryz\u0105 na twarzy i b\u0142yszcz\u0105cymi wodami wok\u00f3\u0142 ciebie poczujesz si\u0119 jak w raju! A to dopiero pocz\u0105tek.<\/p>\n<p>Po przybyciu do Parku Narodowego Ras Mohammed b\u0119dziesz zdumiony zapieraj\u0105cym dech w piersiach podwodnym \u015bwiatem, kt\u00f3ry na Ciebie czeka. Przygotuj si\u0119 na zahipnotyzowanie kolorowymi rybami, formacjami koralowymi i innymi fascynuj\u0105cymi stworzeniami morskimi. Z pomoc\u0105 naszego profesjonalnego przewodnika mo\u017cesz zdecydowa\u0107 si\u0119 na dwukrotne nurkowanie i wyruszy\u0107 na przygod\u0119, aby zobaczy\u0107 wi\u0119cej rafy.<\/p>\n<p>Ale przygoda na tym si\u0119 nie ko\u0144czy! Nast\u0119pnie zabierzemy Ci\u0119 na osza\u0142amiaj\u0105c\u0105 Bia\u0142\u0105 Wysp\u0119, gdzie mo\u017cesz odpocz\u0105\u0107 na mi\u0119kkim piasku, zrobi\u0107 zdj\u0119cia l\u015bni\u0105cego Morza Czerwonego i ponurkowa\u0107 w okolicznych p\u0142ytkich wodach. A przy tym wszystkim mo\u017cesz delektowa\u0107 si\u0119 pysznym lunchem w formie bufetu na pok\u0142adzie jachtu. Od ry\u017cu, makaronu, sa\u0142atek i kurczaka z grilla po ryby, mamy co\u015b dla ka\u017cdego.<\/p>\n<p>Gdy dzie\u0144 dobiegnie ko\u0144ca, zostaniesz odwieziony z powrotem do hotelu, czuj\u0105c si\u0119 spe\u0142niony i szcz\u0119\u015bliwy. Ta wyprawa nurkowa do Parku Narodowego Ras Mohammed jest obowi\u0105zkowym miejscem dla mi\u0142o\u015bnik\u00f3w przyrody, a my zadbamy o to, aby\u015b mia\u0142 zabawny i niezapomniany czas.<\/p>\n<p>Do\u0142\u0105cz do nas na tej niesamowitej wycieczce \u0142odzi\u0105 i stw\u00f3rzmy razem niezapomniane wspomnienia!<\/p>\n","protected":false},"featured_media":100415,"comment_status":"open","ping_status":"closed","template":"","meta":{"_coblocks_attr":"","_coblocks_dimensions":"","_coblocks_responsive_height":"","_coblocks_accordion_ie_support":"","_uag_custom_page_level_css":"","jetpack_post_was_ever_published":false,"jetpack_publicize_message":"","jetpack_publicize_feature_enabled":true,"jetpack_social_post_already_shared":false,"jetpack_social_options":{"image_generator_settings":{"template":"highway","default_image_id":0,"font":"","enabled":false},"version":2},"_wpas_customize_per_network":false},"product_brand":[],"product_cat":[1952,1950],"product_tag":[22821,1971,22823,1963,1961,1959],"class_list":{"0":"post-2593","1":"product","2":"type-product","3":"status-publish","4":"has-post-thumbnail","6":"product_cat-rejsy-statkiem-sharm-sheikh","7":"product_cat-wycieczki-sharm-sheikh","8":"product_tag-morze","9":"product_tag-nurkowanie","10":"product_tag-nurkowanie-z-rurka","11":"product_tag-szarm-el-szejk","12":"product_tag-wycieczka","13":"product_tag-wycieczki-lodzia","14":"pa_age-dorosly","15":"pa_age-dziecko","17":"first","18":"instock","19":"sale","20":"purchasable","21":"product-type-variable"},"yoast_head":"<!-- This site is optimized with the Yoast SEO Premium plugin v26.9 (Yoast SEO v27.3) - https:\/\/yoast.com\/product\/yoast-seo-premium-wordpress\/ -->\n<title>Nurkowanie w Ras Mohammed z Szarm el-Szejk<\/title>\n<meta name=\"description\" content=\"Nurkowanie w Ras Mohammed z Szarm el-Szejk daje mo\u017cliwo\u015b\u0107 podwodnego nurkowania z nurkowaniem dwa razy i snurkowania w parku narodowym\" \/>\n<meta name=\"robots\" content=\"index, follow, max-snippet:-1, max-image-preview:large, max-video-preview:-1\" \/>\n<link rel=\"canonical\" href=\"https:\/\/landioustravel.com\/pl\/shop\/nurkowanie-ras-mohammed-szarm\/\" \/>\n<meta property=\"og:locale\" content=\"pl_PL\" \/>\n<meta property=\"og:type\" content=\"article\" \/>\n<meta property=\"og:title\" content=\"Nurkowanie w Ras Mohammed z Szarm el-Szejk\" \/>\n<meta property=\"og:description\" content=\"Landious Travel\" \/>\n<meta property=\"og:url\" content=\"https:\/\/landioustravel.com\/pl\/shop\/nurkowanie-ras-mohammed-szarm\/\" \/>\n<meta property=\"og:site_name\" content=\"Landious Travel\" \/>\n<meta property=\"article:publisher\" content=\"https:\/\/web.facebook.com\/landiousEgypt\" \/>\n<meta property=\"article:modified_time\" content=\"2026-03-06T17:13:23+00:00\" \/>\n<meta property=\"og:image\" content=\"https:\/\/i0.wp.com\/landioustravel.com\/wp-content\/uploads\/2018\/12\/Ras-Muhammad-Protected-Diving-e1669506469715.jpg?fit=1200%2C675&ssl=1\" \/>\n\t<meta property=\"og:image:width\" content=\"1200\" \/>\n\t<meta property=\"og:image:height\" content=\"675\" \/>\n\t<meta property=\"og:image:type\" content=\"image\/jpeg\" \/>\n<meta name=\"twitter:card\" content=\"summary_large_image\" \/>\n<meta name=\"twitter:site\" content=\"@LandiousTours\" \/>\n<meta name=\"twitter:label1\" content=\"Szacowany czas czytania\" \/>\n\t<meta name=\"twitter:data1\" content=\"2 minuty\" \/>\n<script type=\"application\/ld+json\" class=\"yoast-schema-graph\">{\"@context\":\"https:\\\/\\\/schema.org\",\"@graph\":[{\"@type\":\"WebPage\",\"@id\":\"https:\\\/\\\/landioustravel.com\\\/pl\\\/shop\\\/nurkowanie-ras-mohammed-szarm\\\/\",\"url\":\"https:\\\/\\\/landioustravel.com\\\/pl\\\/shop\\\/nurkowanie-ras-mohammed-szarm\\\/\",\"name\":\"Nurkowanie w Ras Mohammed z Szarm el-Szejk\",\"isPartOf\":{\"@id\":\"https:\\\/\\\/landioustravel.com\\\/pl\\\/#website\"},\"primaryImageOfPage\":{\"@id\":\"https:\\\/\\\/landioustravel.com\\\/pl\\\/shop\\\/nurkowanie-ras-mohammed-szarm\\\/#primaryimage\"},\"image\":{\"@id\":\"https:\\\/\\\/landioustravel.com\\\/pl\\\/shop\\\/nurkowanie-ras-mohammed-szarm\\\/#primaryimage\"},\"thumbnailUrl\":\"https:\\\/\\\/i0.wp.com\\\/landioustravel.com\\\/wp-content\\\/uploads\\\/2018\\\/12\\\/Ras-Muhammad-Protected-Diving-e1669506469715.jpg?fit=1200%2C675&ssl=1\",\"datePublished\":\"2018-12-06T13:16:29+00:00\",\"dateModified\":\"2026-03-06T17:13:23+00:00\",\"description\":\"Nurkowanie w Ras Mohammed z Szarm el-Szejk daje mo\u017cliwo\u015b\u0107 podwodnego nurkowania z nurkowaniem dwa razy i snurkowania w parku narodowym\",\"breadcrumb\":{\"@id\":\"https:\\\/\\\/landioustravel.com\\\/pl\\\/shop\\\/nurkowanie-ras-mohammed-szarm\\\/#breadcrumb\"},\"inLanguage\":\"pl-PL\",\"potentialAction\":[{\"@type\":\"ReadAction\",\"target\":[\"https:\\\/\\\/landioustravel.com\\\/pl\\\/shop\\\/nurkowanie-ras-mohammed-szarm\\\/\"]}]},{\"@type\":\"ImageObject\",\"inLanguage\":\"pl-PL\",\"@id\":\"https:\\\/\\\/landioustravel.com\\\/pl\\\/shop\\\/nurkowanie-ras-mohammed-szarm\\\/#primaryimage\",\"url\":\"https:\\\/\\\/i0.wp.com\\\/landioustravel.com\\\/wp-content\\\/uploads\\\/2018\\\/12\\\/Ras-Muhammad-Protected-Diving-e1669506469715.jpg?fit=1200%2C675&ssl=1\",\"contentUrl\":\"https:\\\/\\\/i0.wp.com\\\/landioustravel.com\\\/wp-content\\\/uploads\\\/2018\\\/12\\\/Ras-Muhammad-Protected-Diving-e1669506469715.jpg?fit=1200%2C675&ssl=1\",\"width\":1200,\"height\":675,\"caption\":\"Ras Mohammed Diving Excursion Sharm\"},{\"@type\":\"BreadcrumbList\",\"@id\":\"https:\\\/\\\/landioustravel.com\\\/pl\\\/shop\\\/nurkowanie-ras-mohammed-szarm\\\/#breadcrumb\",\"itemListElement\":[{\"@type\":\"ListItem\",\"position\":1,\"name\":\"Home\",\"item\":\"https:\\\/\\\/landioustravel.com\\\/pl\\\/\"},{\"@type\":\"ListItem\",\"position\":2,\"name\":\"Us\u0142ugi i wycieczki\",\"item\":\"https:\\\/\\\/landioustravel.com\\\/pl\\\/\"},{\"@type\":\"ListItem\",\"position\":3,\"name\":\"Nurkowanie w Ras Mohammed z Szarm el-Szejk\"}]},{\"@type\":\"WebSite\",\"@id\":\"https:\\\/\\\/landioustravel.com\\\/pl\\\/#website\",\"url\":\"https:\\\/\\\/landioustravel.com\\\/pl\\\/\",\"name\":\"Landious Travel\",\"description\":\"Excursions, trips and cruises in Egypt\",\"publisher\":{\"@id\":\"https:\\\/\\\/landioustravel.com\\\/pl\\\/#organization\"},\"potentialAction\":[{\"@type\":\"SearchAction\",\"target\":{\"@type\":\"EntryPoint\",\"urlTemplate\":\"https:\\\/\\\/landioustravel.com\\\/pl\\\/?s={search_term_string}\"},\"query-input\":{\"@type\":\"PropertyValueSpecification\",\"valueRequired\":true,\"valueName\":\"search_term_string\"}}],\"inLanguage\":\"pl-PL\"},{\"@type\":[\"Organization\",\"Place\"],\"@id\":\"https:\\\/\\\/landioustravel.com\\\/pl\\\/#organization\",\"name\":\"Landious Travel\",\"alternateName\":\"Landious Travel\",\"url\":\"https:\\\/\\\/landioustravel.com\\\/pl\\\/\",\"logo\":{\"@id\":\"https:\\\/\\\/landioustravel.com\\\/pl\\\/shop\\\/nurkowanie-ras-mohammed-szarm\\\/#local-main-organization-logo\"},\"image\":{\"@id\":\"https:\\\/\\\/landioustravel.com\\\/pl\\\/shop\\\/nurkowanie-ras-mohammed-szarm\\\/#local-main-organization-logo\"},\"sameAs\":[\"https:\\\/\\\/web.facebook.com\\\/landiousEgypt\",\"https:\\\/\\\/x.com\\\/LandiousTours\",\"https:\\\/\\\/mastodon.social\\\/@landious\"],\"legalName\":\"Landious Travel\",\"telephone\":[],\"openingHoursSpecification\":[{\"@type\":\"OpeningHoursSpecification\",\"dayOfWeek\":[\"Monday\",\"Tuesday\",\"Wednesday\",\"Thursday\",\"Friday\",\"Saturday\",\"Sunday\"],\"opens\":\"09:00\",\"closes\":\"17:00\"}]},{\"@type\":\"ImageObject\",\"inLanguage\":\"pl-PL\",\"@id\":\"https:\\\/\\\/landioustravel.com\\\/pl\\\/shop\\\/nurkowanie-ras-mohammed-szarm\\\/#local-main-organization-logo\",\"url\":\"https:\\\/\\\/i0.wp.com\\\/landioustravel.com\\\/wp-content\\\/uploads\\\/2021\\\/06\\\/Landious-T.png?fit=500%2C500&ssl=1\",\"contentUrl\":\"https:\\\/\\\/i0.wp.com\\\/landioustravel.com\\\/wp-content\\\/uploads\\\/2021\\\/06\\\/Landious-T.png?fit=500%2C500&ssl=1\",\"width\":500,\"height\":500,\"caption\":\"Landious Travel\"}]}<\/script>\n<!-- \/ Yoast SEO Premium plugin. -->","yoast_head_json":{"title":"Nurkowanie w Ras Mohammed z Szarm el-Szejk","description":"Nurkowanie w Ras Mohammed z Szarm el-Szejk daje mo\u017cliwo\u015b\u0107 podwodnego nurkowania z nurkowaniem dwa razy i snurkowania w parku narodowym","robots":{"index":"index","follow":"follow","max-snippet":"max-snippet:-1","max-image-preview":"max-image-preview:large","max-video-preview":"max-video-preview:-1"},"canonical":"https:\/\/landioustravel.com\/pl\/shop\/nurkowanie-ras-mohammed-szarm\/","og_locale":"pl_PL","og_type":"article","og_title":"Nurkowanie w Ras Mohammed z Szarm el-Szejk","og_description":"Landious Travel","og_url":"https:\/\/landioustravel.com\/pl\/shop\/nurkowanie-ras-mohammed-szarm\/","og_site_name":"Landious Travel","article_publisher":"https:\/\/web.facebook.com\/landiousEgypt","article_modified_time":"2026-03-06T17:13:23+00:00","og_image":[{"width":1200,"height":675,"url":"https:\/\/i0.wp.com\/landioustravel.com\/wp-content\/uploads\/2018\/12\/Ras-Muhammad-Protected-Diving-e1669506469715.jpg?fit=1200%2C675&ssl=1","type":"image\/jpeg"}],"twitter_card":"summary_large_image","twitter_site":"@LandiousTours","twitter_misc":{"Szacowany czas czytania":"2 minuty"},"schema":{"@context":"https:\/\/schema.org","@graph":[{"@type":"WebPage","@id":"https:\/\/landioustravel.com\/pl\/shop\/nurkowanie-ras-mohammed-szarm\/","url":"https:\/\/landioustravel.com\/pl\/shop\/nurkowanie-ras-mohammed-szarm\/","name":"Nurkowanie w Ras Mohammed z Szarm el-Szejk","isPartOf":{"@id":"https:\/\/landioustravel.com\/pl\/#website"},"primaryImageOfPage":{"@id":"https:\/\/landioustravel.com\/pl\/shop\/nurkowanie-ras-mohammed-szarm\/#primaryimage"},"image":{"@id":"https:\/\/landioustravel.com\/pl\/shop\/nurkowanie-ras-mohammed-szarm\/#primaryimage"},"thumbnailUrl":"https:\/\/i0.wp.com\/landioustravel.com\/wp-content\/uploads\/2018\/12\/Ras-Muhammad-Protected-Diving-e1669506469715.jpg?fit=1200%2C675&ssl=1","datePublished":"2018-12-06T13:16:29+00:00","dateModified":"2026-03-06T17:13:23+00:00","description":"Nurkowanie w Ras Mohammed z Szarm el-Szejk daje mo\u017cliwo\u015b\u0107 podwodnego nurkowania z nurkowaniem dwa razy i snurkowania w parku narodowym","breadcrumb":{"@id":"https:\/\/landioustravel.com\/pl\/shop\/nurkowanie-ras-mohammed-szarm\/#breadcrumb"},"inLanguage":"pl-PL","potentialAction":[{"@type":"ReadAction","target":["https:\/\/landioustravel.com\/pl\/shop\/nurkowanie-ras-mohammed-szarm\/"]}]},{"@type":"ImageObject","inLanguage":"pl-PL","@id":"https:\/\/landioustravel.com\/pl\/shop\/nurkowanie-ras-mohammed-szarm\/#primaryimage","url":"https:\/\/i0.wp.com\/landioustravel.com\/wp-content\/uploads\/2018\/12\/Ras-Muhammad-Protected-Diving-e1669506469715.jpg?fit=1200%2C675&ssl=1","contentUrl":"https:\/\/i0.wp.com\/landioustravel.com\/wp-content\/uploads\/2018\/12\/Ras-Muhammad-Protected-Diving-e1669506469715.jpg?fit=1200%2C675&ssl=1","width":1200,"height":675,"caption":"Ras Mohammed Diving Excursion Sharm"},{"@type":"BreadcrumbList","@id":"https:\/\/landioustravel.com\/pl\/shop\/nurkowanie-ras-mohammed-szarm\/#breadcrumb","itemListElement":[{"@type":"ListItem","position":1,"name":"Home","item":"https:\/\/landioustravel.com\/pl\/"},{"@type":"ListItem","position":2,"name":"Us\u0142ugi i wycieczki","item":"https:\/\/landioustravel.com\/pl\/"},{"@type":"ListItem","position":3,"name":"Nurkowanie w Ras Mohammed z Szarm el-Szejk"}]},{"@type":"WebSite","@id":"https:\/\/landioustravel.com\/pl\/#website","url":"https:\/\/landioustravel.com\/pl\/","name":"Landious Travel","description":"Excursions, trips and cruises in Egypt","publisher":{"@id":"https:\/\/landioustravel.com\/pl\/#organization"},"potentialAction":[{"@type":"SearchAction","target":{"@type":"EntryPoint","urlTemplate":"https:\/\/landioustravel.com\/pl\/?s={search_term_string}"},"query-input":{"@type":"PropertyValueSpecification","valueRequired":true,"valueName":"search_term_string"}}],"inLanguage":"pl-PL"},{"@type":["Organization","Place"],"@id":"https:\/\/landioustravel.com\/pl\/#organization","name":"Landious Travel","alternateName":"Landious Travel","url":"https:\/\/landioustravel.com\/pl\/","logo":{"@id":"https:\/\/landioustravel.com\/pl\/shop\/nurkowanie-ras-mohammed-szarm\/#local-main-organization-logo"},"image":{"@id":"https:\/\/landioustravel.com\/pl\/shop\/nurkowanie-ras-mohammed-szarm\/#local-main-organization-logo"},"sameAs":["https:\/\/web.facebook.com\/landiousEgypt","https:\/\/x.com\/LandiousTours","https:\/\/mastodon.social\/@landious"],"legalName":"Landious Travel","telephone":[],"openingHoursSpecification":[{"@type":"OpeningHoursSpecification","dayOfWeek":["Monday","Tuesday","Wednesday","Thursday","Friday","Saturday","Sunday"],"opens":"09:00","closes":"17:00"}]},{"@type":"ImageObject","inLanguage":"pl-PL","@id":"https:\/\/landioustravel.com\/pl\/shop\/nurkowanie-ras-mohammed-szarm\/#local-main-organization-logo","url":"https:\/\/i0.wp.com\/landioustravel.com\/wp-content\/uploads\/2021\/06\/Landious-T.png?fit=500%2C500&ssl=1","contentUrl":"https:\/\/i0.wp.com\/landioustravel.com\/wp-content\/uploads\/2021\/06\/Landious-T.png?fit=500%2C500&ssl=1","width":500,"height":500,"caption":"Landious Travel"}]}},"jetpack_publicize_connections":[],"uagb_featured_image_src":{"full":["https:\/\/i0.wp.com\/landioustravel.com\/wp-content\/uploads\/2018\/12\/Ras-Muhammad-Protected-Diving-e1669506469715.jpg?fit=1200%2C675&ssl=1",1200,675,false],"thumbnail":["https:\/\/i0.wp.com\/landioustravel.com\/wp-content\/uploads\/2018\/12\/Ras-Muhammad-Protected-Diving-e1669506469715.jpg?resize=150%2C150&ssl=1",150,150,true],"medium":["https:\/\/i0.wp.com\/landioustravel.com\/wp-content\/uploads\/2018\/12\/Ras-Muhammad-Protected-Diving-e1669506469715.jpg?fit=300%2C169&ssl=1",300,169,true],"medium_large":["https:\/\/i0.wp.com\/landioustravel.com\/wp-content\/uploads\/2018\/12\/Ras-Muhammad-Protected-Diving-e1669506469715.jpg?fit=768%2C432&ssl=1",768,432,true],"large":["https:\/\/i0.wp.com\/landioustravel.com\/wp-content\/uploads\/2018\/12\/Ras-Muhammad-Protected-Diving-e1669506469715.jpg?fit=980%2C551&ssl=1",980,551,true],"1536x1536":["https:\/\/i0.wp.com\/landioustravel.com\/wp-content\/uploads\/2018\/12\/Ras-Muhammad-Protected-Diving-e1669506469715.jpg?fit=1536%2C996&ssl=1",1536,996,true],"2048x2048":["https:\/\/i0.wp.com\/landioustravel.com\/wp-content\/uploads\/2018\/12\/Ras-Muhammad-Protected-Diving-e1669506469715.jpg?fit=1200%2C675&ssl=1",1200,675,true],"newspack-article-block-landscape-large":["https:\/\/i0.wp.com\/landioustravel.com\/wp-content\/uploads\/2018\/12\/Ras-Muhammad-Protected-Diving-e1669506469715.jpg?resize=1200%2C675&ssl=1",1200,675,true],"newspack-article-block-portrait-large":["https:\/\/i0.wp.com\/landioustravel.com\/wp-content\/uploads\/2018\/12\/Ras-Muhammad-Protected-Diving-e1669506469715.jpg?resize=900%2C675&ssl=1",900,675,true],"newspack-article-block-square-large":["https:\/\/i0.wp.com\/landioustravel.com\/wp-content\/uploads\/2018\/12\/Ras-Muhammad-Protected-Diving-e1669506469715.jpg?resize=1200%2C675&ssl=1",1200,675,true],"newspack-article-block-landscape-medium":["https:\/\/i0.wp.com\/landioustravel.com\/wp-content\/uploads\/2018\/12\/Ras-Muhammad-Protected-Diving-e1669506469715.jpg?resize=800%2C600&ssl=1",800,600,true],"newspack-article-block-portrait-medium":["https:\/\/i0.wp.com\/landioustravel.com\/wp-content\/uploads\/2018\/12\/Ras-Muhammad-Protected-Diving-e1669506469715.jpg?resize=600%2C675&ssl=1",600,675,true],"newspack-article-block-square-medium":["https:\/\/i0.wp.com\/landioustravel.com\/wp-content\/uploads\/2018\/12\/Ras-Muhammad-Protected-Diving-e1669506469715.jpg?resize=800%2C675&ssl=1",800,675,true],"newspack-article-block-landscape-intermediate":["https:\/\/i0.wp.com\/landioustravel.com\/wp-content\/uploads\/2018\/12\/Ras-Muhammad-Protected-Diving-e1669506469715.jpg?resize=600%2C450&ssl=1",600,450,true],"newspack-article-block-portrait-intermediate":["https:\/\/i0.wp.com\/landioustravel.com\/wp-content\/uploads\/2018\/12\/Ras-Muhammad-Protected-Diving-e1669506469715.jpg?resize=450%2C600&ssl=1",450,600,true],"newspack-article-block-square-intermediate":["https:\/\/i0.wp.com\/landioustravel.com\/wp-content\/uploads\/2018\/12\/Ras-Muhammad-Protected-Diving-e1669506469715.jpg?resize=600%2C600&ssl=1",600,600,true],"newspack-article-block-landscape-small":["https:\/\/i0.wp.com\/landioustravel.com\/wp-content\/uploads\/2018\/12\/Ras-Muhammad-Protected-Diving-e1669506469715.jpg?resize=400%2C300&ssl=1",400,300,true],"newspack-article-block-portrait-small":["https:\/\/i0.wp.com\/landioustravel.com\/wp-content\/uploads\/2018\/12\/Ras-Muhammad-Protected-Diving-e1669506469715.jpg?resize=300%2C400&ssl=1",300,400,true],"newspack-article-block-square-small":["https:\/\/i0.wp.com\/landioustravel.com\/wp-content\/uploads\/2018\/12\/Ras-Muhammad-Protected-Diving-e1669506469715.jpg?resize=400%2C400&ssl=1",400,400,true],"newspack-article-block-landscape-tiny":["https:\/\/i0.wp.com\/landioustravel.com\/wp-content\/uploads\/2018\/12\/Ras-Muhammad-Protected-Diving-e1669506469715.jpg?resize=200%2C150&ssl=1",200,150,true],"newspack-article-block-portrait-tiny":["https:\/\/i0.wp.com\/landioustravel.com\/wp-content\/uploads\/2018\/12\/Ras-Muhammad-Protected-Diving-e1669506469715.jpg?resize=150%2C200&ssl=1",150,200,true],"newspack-article-block-square-tiny":["https:\/\/i0.wp.com\/landioustravel.com\/wp-content\/uploads\/2018\/12\/Ras-Muhammad-Protected-Diving-e1669506469715.jpg?resize=200%2C200&ssl=1",200,200,true],"newspack-article-block-uncropped":["https:\/\/i0.wp.com\/landioustravel.com\/wp-content\/uploads\/2018\/12\/Ras-Muhammad-Protected-Diving-e1669506469715.jpg?fit=1200%2C675&ssl=1",1200,675,true],"woocommerce_thumbnail":["https:\/\/i0.wp.com\/landioustravel.com\/wp-content\/uploads\/2018\/12\/Ras-Muhammad-Protected-Diving-e1669506469715.jpg?resize=324%2C324&ssl=1",324,324,true],"woocommerce_single":["https:\/\/i0.wp.com\/landioustravel.com\/wp-content\/uploads\/2018\/12\/Ras-Muhammad-Protected-Diving-e1669506469715.jpg?fit=416%2C234&ssl=1",416,234,true],"woocommerce_gallery_thumbnail":["https:\/\/i0.wp.com\/landioustravel.com\/wp-content\/uploads\/2018\/12\/Ras-Muhammad-Protected-Diving-e1669506469715.jpg?resize=100%2C100&ssl=1",100,100,true]},"uagb_author_info":{"display_name":"Mofreh Landious","author_link":"https:\/\/landioustravel.com\/pl\/author\/"},"uagb_comment_info":5,"uagb_excerpt":"Wyrusz w ekscytuj\u0105c\u0105 przygod\u0119 z przystani w Sharm El Sheikh i odkryj cuda Morza Czerwonego jak nigdy dot\u0105d! Podczas tej niesamowitej wycieczki \u0142odzi\u0105 zostaniesz zabrany do osza\u0142amiaj\u0105cego Parku Narodowego Ras Mohammed i Bia\u0142ej Wyspy, gdzie mo\u017cesz odkrywa\u0107 t\u0119tni\u0105c\u0105 \u017cyciem raf\u0119 koralow\u0105 i krystalicznie czyste wody. Przygotuj si\u0119 na niezapomniane wra\u017cenia, gdy wejdziesz na pok\u0142ad wygodnego&hellip;","jetpack_sharing_enabled":true,"jetpack_likes_enabled":true,"amp_enabled":true,"_links":{"self":[{"href":"https:\/\/landioustravel.com\/pl\/wp-json\/wp\/v2\/product\/2593","targetHints":{"allow":["GET"]}}],"collection":[{"href":"https:\/\/landioustravel.com\/pl\/wp-json\/wp\/v2\/product"}],"about":[{"href":"https:\/\/landioustravel.com\/pl\/wp-json\/wp\/v2\/types\/product"}],"replies":[{"embeddable":true,"href":"https:\/\/landioustravel.com\/pl\/wp-json\/wp\/v2\/comments?post=2593"}],"wp:featuredmedia":[{"embeddable":true,"href":"https:\/\/landioustravel.com\/pl\/wp-json\/wp\/v2\/media\/100415"}],"wp:attachment":[{"href":"https:\/\/landioustravel.com\/pl\/wp-json\/wp\/v2\/media?parent=2593"}],"wp:term":[{"taxonomy":"product_brand","embeddable":true,"href":"https:\/\/landioustravel.com\/pl\/wp-json\/wp\/v2\/product_brand?post=2593"},{"taxonomy":"product_cat","embeddable":true,"href":"https:\/\/landioustravel.com\/pl\/wp-json\/wp\/v2\/product_cat?post=2593"},{"taxonomy":"product_tag","embeddable":true,"href":"https:\/\/landioustravel.com\/pl\/wp-json\/wp\/v2\/product_tag?post=2593"}],"curies":[{"name":"wp","href":"https:\/\/api.w.org\/{rel}","templated":true}]}}