{"id":25950,"date":"2020-11-02T15:29:21","date_gmt":"2020-11-25T19:08:58","guid":{"rendered":"https:\/\/landioustravel.com\/?post_type=product&#038;p=25950"},"modified":"2024-04-19T17:48:25","modified_gmt":"2024-04-19T15:48:25","slug":"wycieczka-aleksandria-kair","status":"publish","type":"product","link":"https:\/\/landioustravel.com\/pl\/shop\/wycieczka-aleksandria-kair\/","title":{"rendered":"Wycieczka do Aleksandrii z Kairu"},"content":{"rendered":"<p>Intensywna wycieczka do Aleksandrii z <a href=\"https:\/\/landioustravel.com\/pl\/egipt\/miasta-egipskie\/gubernatorstwo-kairskie\/\">Kairu<\/a> w Egipcie! Polecamy wycieczk\u0119, poniewa\u017c pozwala ona turystom zobaczy\u0107 najbardziej imponuj\u0105ce zabytki Egiptu. Te zabytki i atrakcje znajduj\u0105 si\u0119 w nadmorskim mie\u015bcie Aleksandrii. W tym mie\u015bcie zobaczysz zabytki Cesarstwa Rzymskiego i czasy nowo\u017cytne. Wszystkie te wizyty pozwalaj\u0105 lepiej pozna\u0107 histori\u0119 kraju i uzyska\u0107 wiele wra\u017ce\u0144. Nie mo\u017cesz przegapi\u0107 tej uroczej wycieczki do Aleksandrii z Kairu!<\/p>\n<h2>G\u0142\u00f3wne punkty programu wycieczki do Aleksandrii<\/h2>\n<ul>\n<li>Wykute w skale rzymskie katakumby<\/li>\n<li>Ruiny rzymskiego kompleksu \u015bwi\u0105tynnego<\/li>\n<li>Ponadto Biblioteka Aleksandryjska<\/li>\n<li>Lunch w restauracji rybnej<\/li>\n<li>Cytadela Qeitbay i Meczet Abu-Abbas<\/li>\n<li>Zwiedzanie rzymskiego amfiteatru<\/li>\n<\/ul>\n<h3>Program wycieczki do Aleksandrii z Kairu<\/h3>\n<ul>\n<li>Przedstawiciel Landious Travel odbiera Pa\u0144stwa z hotelu w Kairze oko\u0142o godziny 05:00 rano<\/li>\n<li>Po zabraniu wszystkich ch\u0119tnych autobus odje\u017cd\u017ca bezpo\u015brednio do Aleksandrii. Droga z centrum Kairu do Aleksandrii trwa oko\u0142o 3 godzin<\/li>\n<li>Zaraz po przybyciu do Aleksandrii odwiedzasz filar Pompejusza. Ten filar zosta\u0142 zbudowany na cze\u015b\u0107 cesarza Dioklecjana pod koniec IV wieku. Pierwotnie znajdowa\u0142 si\u0119 w \u015bwi\u0105tyni Serapisa. Kiedy\u015b jest to wspania\u0142a budowla rywalizuj\u0105ca z Som\u0105 i cesarskim ci\u0119ciem<\/li>\n<li>Podr\u00f3\u017c do Aleksandrii nadal odwiedza Katakumby. To najwi\u0119kszy rzymski cmentarz sk\u0142adaj\u0105cy si\u0119 z trzech poziom\u00f3w wykutych w skale<\/li>\n<li>Po wizycie na rzymskim cmentarzu zjesz obiad w restauracji rybnej<\/li>\n<li>Nast\u0119pnie poka\u017cemy Ci park Montazah, w kt\u00f3rym znajduje si\u0119 pa\u0142ac kr\u00f3la Egiptu i latarnia morska Pharos<\/li>\n<li>Ponadto zobaczysz Bibliotek\u0119 Aleksandrii i Meczet Abu-Abbas.<\/li>\n<li>Pod koniec tej interesuj\u0105cej wycieczki odwiedzisz Fortec\u0119 Qaitbay. Ta Cytadela zosta\u0142a zbudowana w miejscu staro\u017cytnej latarni morskiej faraon\u00f3w w Aleksandrii<\/li>\n<li>Na koniec odwieziemy Ci\u0119 z powrotem do Twojego hotelu w Kairze<\/li>\n<li>Ta \u201eWycieczka do Aleksandrii z Kairu\u201d ko\u0144czy si\u0119 oko\u0142o godziny 19:00<\/li>\n<\/ul>\n<h4>Co jest wliczone w cen\u0119 wycieczki<\/h4>\n<ul>\n<li>Bilety na zwiedzanie \u015bwi\u0105ty\u0144<\/li>\n<li>Jedzenie (z wyj\u0105tkiem napoj\u00f3w)<\/li>\n<li>Przewodnik<\/li>\n<li>Przejazd do Kairu-Aleksandrii iz powrotem do hotelu<\/li>\n<\/ul>\n<h5>Co nie jest wliczone w cen\u0119 wycieczki<\/h5>\n<ul>\n<li>Dodatkowe programy wycieczek<\/li>\n<li>R\u00f3wnie\u017c napoje<\/li>\n<\/ul>\n<h6>Co zabra\u0107 na wyjazd<\/h6>\n<ul>\n<li>Pude\u0142ko \u015bniadaniowe<\/li>\n<li>Paszport<\/li>\n<li>R\u00f3wnie\u017c ubrania na sezon<\/li>\n<\/ul>\n<h6>Dni organizacji wycieczek<\/h6>\n<ul>\n<li>Codziennie od 05:00 do 19:00<\/li>\n<\/ul>\n","protected":false},"excerpt":{"rendered":"<p>Do\u0142\u0105cz do nas na jednodniow\u0105 wycieczk\u0119 do Aleksandrii z Kairu, gdzie zwiedzimy wiele fascynuj\u0105cych miejsc. Zaczniemy od zwiedzania wykutych w skale rzymskich katakumb i ruin rzymskiego kompleksu \u015bwi\u0105tynnego. Nast\u0119pnie udamy si\u0119 do cytadeli Qaitbey, gdzie b\u0119dziesz mia\u0142 okazj\u0119 zrobi\u0107 kilka niezapomnianych zdj\u0119\u0107. P\u00f3\u017aniej zjemy pyszny lunch w lokalnej restauracji rybnej przed kontynuowaniem naszej wycieczki. Nast\u0119pnie odwiedzimy rzymski amfiteatr, gdzie b\u0119dziesz mia\u0142 okazj\u0119 zobaczy\u0107 pi\u0119kn\u0105 mozaik\u0119 Ryby w willi ptak\u00f3w. Nast\u0119pnie udamy si\u0119 do Kr\u00f3lewskiego Muzeum Bi\u017cuterii, gdzie zachwyci Ci\u0119 osza\u0142amiaj\u0105ca kolekcja diament\u00f3w, rubin\u00f3w i rzadkich kamieni. Na koniec odwiedzimy s\u0142ynny meczet Abu Al-Abbas Al-Mursi, najwi\u0119kszy meczet w mie\u015bcie. Nasza cena wycieczki obejmuje przewodnika, transfery i lunch, dzi\u0119ki czemu mo\u017cesz usi\u0105\u015b\u0107 i cieszy\u0107 si\u0119 niesamowitymi widokami i d\u017awi\u0119kami Aleksandrii. Dzi\u0119ki naszej wycieczce mo\u017cesz zobaczy\u0107 wszystkie atrakcje Aleksandrii w ci\u0105gu jednego dnia.<\/p>\n","protected":false},"featured_media":45625,"comment_status":"open","ping_status":"closed","template":"","meta":{"_coblocks_attr":"","_coblocks_dimensions":"","_coblocks_responsive_height":"","_coblocks_accordion_ie_support":"","_uag_custom_page_level_css":"","jetpack_publicize_message":"","jetpack_publicize_feature_enabled":true,"jetpack_social_post_already_shared":true,"jetpack_social_options":{"image_generator_settings":{"template":"highway","default_image_id":0,"font":"","enabled":false},"version":2},"_wpas_customize_per_network":false},"product_brand":[],"product_cat":[9853],"product_tag":[1967,1964,1961,9909],"class_list":{"0":"post-25950","1":"product","2":"type-product","3":"status-publish","4":"has-post-thumbnail","6":"product_cat-wycieczki-kair","7":"product_tag-aleksandria","8":"product_tag-kair","9":"product_tag-wycieczka","10":"product_tag-zwiedzanie","12":"first","13":"instock","14":"sale","15":"taxable","16":"shipping-taxable","17":"purchasable","18":"product-type-variable"},"yoast_head":"<!-- This site is optimized with the Yoast SEO Premium plugin v27.5 (Yoast SEO v27.5) - https:\/\/yoast.com\/product\/yoast-seo-premium-wordpress\/ -->\n<title>Wycieczka do Aleksandrii z Kairu<\/title>\n<meta name=\"description\" content=\"Wycieczka do Aleksandrii z Kairu odwiedzimy wykute w skale rzymskie katakumby, ruiny rzymskiego kompleksu \u015bwi\u0105tynnego oraz cytadel\u0119 Qaitbey. Ponadto zjesz\" \/>\n<meta name=\"robots\" content=\"index, follow, max-snippet:-1, max-image-preview:large, max-video-preview:-1\" \/>\n<link rel=\"canonical\" href=\"https:\/\/landioustravel.com\/pl\/shop\/wycieczka-aleksandria-kair\/\" \/>\n<meta property=\"og:locale\" content=\"pl_PL\" \/>\n<meta property=\"og:type\" content=\"article\" \/>\n<meta property=\"og:title\" content=\"Wycieczka do Aleksandrii z Kairu\" \/>\n<meta property=\"og:description\" content=\"Landious Travel\" \/>\n<meta property=\"og:url\" content=\"https:\/\/landioustravel.com\/pl\/shop\/wycieczka-aleksandria-kair\/\" \/>\n<meta property=\"og:site_name\" content=\"Landious Travel\" \/>\n<meta property=\"article:publisher\" content=\"https:\/\/web.facebook.com\/landiousEgypt\" \/>\n<meta property=\"article:modified_time\" content=\"2024-04-19T15:48:25+00:00\" \/>\n<meta property=\"og:image\" content=\"https:\/\/i0.wp.com\/landioustravel.com\/wp-content\/uploads\/2020\/11\/Alexandria-Trip-Cairo-e1617554461353.jpg?fit=1200%2C675&ssl=1\" \/>\n\t<meta property=\"og:image:width\" content=\"1200\" \/>\n\t<meta property=\"og:image:height\" content=\"675\" \/>\n\t<meta property=\"og:image:type\" content=\"image\/jpeg\" \/>\n<meta name=\"twitter:card\" content=\"summary_large_image\" \/>\n<meta name=\"twitter:site\" content=\"@LandiousTours\" \/>\n<meta name=\"twitter:label1\" content=\"Szacowany czas czytania\" \/>\n\t<meta name=\"twitter:data1\" content=\"2 minuty\" \/>\n<script type=\"application\/ld+json\" class=\"yoast-schema-graph\">{\"@context\":\"https:\\\/\\\/schema.org\",\"@graph\":[{\"@type\":\"WebPage\",\"@id\":\"https:\\\/\\\/landioustravel.com\\\/pl\\\/shop\\\/wycieczka-aleksandria-kair\\\/\",\"url\":\"https:\\\/\\\/landioustravel.com\\\/pl\\\/shop\\\/wycieczka-aleksandria-kair\\\/\",\"name\":\"Wycieczka do Aleksandrii z Kairu\",\"isPartOf\":{\"@id\":\"https:\\\/\\\/landioustravel.com\\\/pl\\\/#website\"},\"primaryImageOfPage\":{\"@id\":\"https:\\\/\\\/landioustravel.com\\\/pl\\\/shop\\\/wycieczka-aleksandria-kair\\\/#primaryimage\"},\"image\":{\"@id\":\"https:\\\/\\\/landioustravel.com\\\/pl\\\/shop\\\/wycieczka-aleksandria-kair\\\/#primaryimage\"},\"thumbnailUrl\":\"https:\\\/\\\/i0.wp.com\\\/landioustravel.com\\\/wp-content\\\/uploads\\\/2020\\\/11\\\/Alexandria-Trip-Cairo-e1617554461353.jpg?fit=1200%2C675&ssl=1\",\"datePublished\":\"2020-11-25T19:08:58+00:00\",\"dateModified\":\"2024-04-19T15:48:25+00:00\",\"description\":\"Wycieczka do Aleksandrii z Kairu odwiedzimy wykute w skale rzymskie katakumby, ruiny rzymskiego kompleksu \u015bwi\u0105tynnego oraz cytadel\u0119 Qaitbey. Ponadto zjesz\",\"breadcrumb\":{\"@id\":\"https:\\\/\\\/landioustravel.com\\\/pl\\\/shop\\\/wycieczka-aleksandria-kair\\\/#breadcrumb\"},\"inLanguage\":\"pl-PL\",\"potentialAction\":[{\"@type\":\"ReadAction\",\"target\":[\"https:\\\/\\\/landioustravel.com\\\/pl\\\/shop\\\/wycieczka-aleksandria-kair\\\/\"]}]},{\"@type\":\"ImageObject\",\"inLanguage\":\"pl-PL\",\"@id\":\"https:\\\/\\\/landioustravel.com\\\/pl\\\/shop\\\/wycieczka-aleksandria-kair\\\/#primaryimage\",\"url\":\"https:\\\/\\\/i0.wp.com\\\/landioustravel.com\\\/wp-content\\\/uploads\\\/2020\\\/11\\\/Alexandria-Trip-Cairo-e1617554461353.jpg?fit=1200%2C675&ssl=1\",\"contentUrl\":\"https:\\\/\\\/i0.wp.com\\\/landioustravel.com\\\/wp-content\\\/uploads\\\/2020\\\/11\\\/Alexandria-Trip-Cairo-e1617554461353.jpg?fit=1200%2C675&ssl=1\",\"width\":1200,\"height\":675,\"caption\":\"Alexandria Trip Cairo\"},{\"@type\":\"BreadcrumbList\",\"@id\":\"https:\\\/\\\/landioustravel.com\\\/pl\\\/shop\\\/wycieczka-aleksandria-kair\\\/#breadcrumb\",\"itemListElement\":[{\"@type\":\"ListItem\",\"position\":1,\"name\":\"Home\",\"item\":\"https:\\\/\\\/landioustravel.com\\\/pl\\\/\"},{\"@type\":\"ListItem\",\"position\":2,\"name\":\"Us\u0142ugi i wycieczki\",\"item\":\"https:\\\/\\\/landioustravel.com\\\/pl\\\/\"},{\"@type\":\"ListItem\",\"position\":3,\"name\":\"Wycieczka do Aleksandrii z Kairu\"}]},{\"@type\":\"WebSite\",\"@id\":\"https:\\\/\\\/landioustravel.com\\\/pl\\\/#website\",\"url\":\"https:\\\/\\\/landioustravel.com\\\/pl\\\/\",\"name\":\"Landious Travel\",\"description\":\"Excursions, trips and cruises in Egypt\",\"publisher\":{\"@id\":\"https:\\\/\\\/landioustravel.com\\\/pl\\\/#organization\"},\"potentialAction\":[{\"@type\":\"SearchAction\",\"target\":{\"@type\":\"EntryPoint\",\"urlTemplate\":\"https:\\\/\\\/landioustravel.com\\\/pl\\\/?s={search_term_string}\"},\"query-input\":{\"@type\":\"PropertyValueSpecification\",\"valueRequired\":true,\"valueName\":\"search_term_string\"}}],\"inLanguage\":\"pl-PL\"},{\"@type\":[\"Organization\",\"Place\"],\"@id\":\"https:\\\/\\\/landioustravel.com\\\/pl\\\/#organization\",\"name\":\"Landious Travel\",\"alternateName\":\"Landious Travel\",\"url\":\"https:\\\/\\\/landioustravel.com\\\/pl\\\/\",\"logo\":{\"@id\":\"https:\\\/\\\/landioustravel.com\\\/pl\\\/shop\\\/wycieczka-aleksandria-kair\\\/#local-main-organization-logo\"},\"image\":{\"@id\":\"https:\\\/\\\/landioustravel.com\\\/pl\\\/shop\\\/wycieczka-aleksandria-kair\\\/#local-main-organization-logo\"},\"sameAs\":[\"https:\\\/\\\/web.facebook.com\\\/landiousEgypt\",\"https:\\\/\\\/x.com\\\/LandiousTours\",\"https:\\\/\\\/mastodon.social\\\/@landious\"],\"legalName\":\"Landious Travel\",\"telephone\":[],\"openingHoursSpecification\":[{\"@type\":\"OpeningHoursSpecification\",\"dayOfWeek\":[\"Monday\",\"Tuesday\",\"Wednesday\",\"Thursday\",\"Friday\",\"Saturday\",\"Sunday\"],\"opens\":\"09:00\",\"closes\":\"17:00\"}]},{\"@type\":\"ImageObject\",\"inLanguage\":\"pl-PL\",\"@id\":\"https:\\\/\\\/landioustravel.com\\\/pl\\\/shop\\\/wycieczka-aleksandria-kair\\\/#local-main-organization-logo\",\"url\":\"https:\\\/\\\/i0.wp.com\\\/landioustravel.com\\\/wp-content\\\/uploads\\\/2021\\\/06\\\/Landious-T.png?fit=500%2C500&ssl=1\",\"contentUrl\":\"https:\\\/\\\/i0.wp.com\\\/landioustravel.com\\\/wp-content\\\/uploads\\\/2021\\\/06\\\/Landious-T.png?fit=500%2C500&ssl=1\",\"width\":500,\"height\":500,\"caption\":\"Landious Travel\"}]}<\/script>\n<!-- \/ Yoast SEO Premium plugin. -->","yoast_head_json":{"title":"Wycieczka do Aleksandrii z Kairu","description":"Wycieczka do Aleksandrii z Kairu odwiedzimy wykute w skale rzymskie katakumby, ruiny rzymskiego kompleksu \u015bwi\u0105tynnego oraz cytadel\u0119 Qaitbey. Ponadto zjesz","robots":{"index":"index","follow":"follow","max-snippet":"max-snippet:-1","max-image-preview":"max-image-preview:large","max-video-preview":"max-video-preview:-1"},"canonical":"https:\/\/landioustravel.com\/pl\/shop\/wycieczka-aleksandria-kair\/","og_locale":"pl_PL","og_type":"article","og_title":"Wycieczka do Aleksandrii z Kairu","og_description":"Landious Travel","og_url":"https:\/\/landioustravel.com\/pl\/shop\/wycieczka-aleksandria-kair\/","og_site_name":"Landious Travel","article_publisher":"https:\/\/web.facebook.com\/landiousEgypt","article_modified_time":"2024-04-19T15:48:25+00:00","og_image":[{"width":1200,"height":675,"url":"https:\/\/i0.wp.com\/landioustravel.com\/wp-content\/uploads\/2020\/11\/Alexandria-Trip-Cairo-e1617554461353.jpg?fit=1200%2C675&ssl=1","type":"image\/jpeg"}],"twitter_card":"summary_large_image","twitter_site":"@LandiousTours","twitter_misc":{"Szacowany czas czytania":"2 minuty"},"schema":{"@context":"https:\/\/schema.org","@graph":[{"@type":"WebPage","@id":"https:\/\/landioustravel.com\/pl\/shop\/wycieczka-aleksandria-kair\/","url":"https:\/\/landioustravel.com\/pl\/shop\/wycieczka-aleksandria-kair\/","name":"Wycieczka do Aleksandrii z Kairu","isPartOf":{"@id":"https:\/\/landioustravel.com\/pl\/#website"},"primaryImageOfPage":{"@id":"https:\/\/landioustravel.com\/pl\/shop\/wycieczka-aleksandria-kair\/#primaryimage"},"image":{"@id":"https:\/\/landioustravel.com\/pl\/shop\/wycieczka-aleksandria-kair\/#primaryimage"},"thumbnailUrl":"https:\/\/i0.wp.com\/landioustravel.com\/wp-content\/uploads\/2020\/11\/Alexandria-Trip-Cairo-e1617554461353.jpg?fit=1200%2C675&ssl=1","datePublished":"2020-11-25T19:08:58+00:00","dateModified":"2024-04-19T15:48:25+00:00","description":"Wycieczka do Aleksandrii z Kairu odwiedzimy wykute w skale rzymskie katakumby, ruiny rzymskiego kompleksu \u015bwi\u0105tynnego oraz cytadel\u0119 Qaitbey. Ponadto zjesz","breadcrumb":{"@id":"https:\/\/landioustravel.com\/pl\/shop\/wycieczka-aleksandria-kair\/#breadcrumb"},"inLanguage":"pl-PL","potentialAction":[{"@type":"ReadAction","target":["https:\/\/landioustravel.com\/pl\/shop\/wycieczka-aleksandria-kair\/"]}]},{"@type":"ImageObject","inLanguage":"pl-PL","@id":"https:\/\/landioustravel.com\/pl\/shop\/wycieczka-aleksandria-kair\/#primaryimage","url":"https:\/\/i0.wp.com\/landioustravel.com\/wp-content\/uploads\/2020\/11\/Alexandria-Trip-Cairo-e1617554461353.jpg?fit=1200%2C675&ssl=1","contentUrl":"https:\/\/i0.wp.com\/landioustravel.com\/wp-content\/uploads\/2020\/11\/Alexandria-Trip-Cairo-e1617554461353.jpg?fit=1200%2C675&ssl=1","width":1200,"height":675,"caption":"Alexandria Trip Cairo"},{"@type":"BreadcrumbList","@id":"https:\/\/landioustravel.com\/pl\/shop\/wycieczka-aleksandria-kair\/#breadcrumb","itemListElement":[{"@type":"ListItem","position":1,"name":"Home","item":"https:\/\/landioustravel.com\/pl\/"},{"@type":"ListItem","position":2,"name":"Us\u0142ugi i wycieczki","item":"https:\/\/landioustravel.com\/pl\/"},{"@type":"ListItem","position":3,"name":"Wycieczka do Aleksandrii z Kairu"}]},{"@type":"WebSite","@id":"https:\/\/landioustravel.com\/pl\/#website","url":"https:\/\/landioustravel.com\/pl\/","name":"Landious Travel","description":"Excursions, trips and cruises in Egypt","publisher":{"@id":"https:\/\/landioustravel.com\/pl\/#organization"},"potentialAction":[{"@type":"SearchAction","target":{"@type":"EntryPoint","urlTemplate":"https:\/\/landioustravel.com\/pl\/?s={search_term_string}"},"query-input":{"@type":"PropertyValueSpecification","valueRequired":true,"valueName":"search_term_string"}}],"inLanguage":"pl-PL"},{"@type":["Organization","Place"],"@id":"https:\/\/landioustravel.com\/pl\/#organization","name":"Landious Travel","alternateName":"Landious Travel","url":"https:\/\/landioustravel.com\/pl\/","logo":{"@id":"https:\/\/landioustravel.com\/pl\/shop\/wycieczka-aleksandria-kair\/#local-main-organization-logo"},"image":{"@id":"https:\/\/landioustravel.com\/pl\/shop\/wycieczka-aleksandria-kair\/#local-main-organization-logo"},"sameAs":["https:\/\/web.facebook.com\/landiousEgypt","https:\/\/x.com\/LandiousTours","https:\/\/mastodon.social\/@landious"],"legalName":"Landious Travel","telephone":[],"openingHoursSpecification":[{"@type":"OpeningHoursSpecification","dayOfWeek":["Monday","Tuesday","Wednesday","Thursday","Friday","Saturday","Sunday"],"opens":"09:00","closes":"17:00"}]},{"@type":"ImageObject","inLanguage":"pl-PL","@id":"https:\/\/landioustravel.com\/pl\/shop\/wycieczka-aleksandria-kair\/#local-main-organization-logo","url":"https:\/\/i0.wp.com\/landioustravel.com\/wp-content\/uploads\/2021\/06\/Landious-T.png?fit=500%2C500&ssl=1","contentUrl":"https:\/\/i0.wp.com\/landioustravel.com\/wp-content\/uploads\/2021\/06\/Landious-T.png?fit=500%2C500&ssl=1","width":500,"height":500,"caption":"Landious Travel"}]}},"jetpack_publicize_connections":[],"uagb_featured_image_src":{"full":["https:\/\/i0.wp.com\/landioustravel.com\/wp-content\/uploads\/2020\/11\/Alexandria-Trip-Cairo-e1617554461353.jpg?fit=1200%2C675&ssl=1",1200,675,false],"thumbnail":["https:\/\/i0.wp.com\/landioustravel.com\/wp-content\/uploads\/2020\/11\/Alexandria-Trip-Cairo-e1617554461353.jpg?resize=150%2C150&ssl=1",150,150,true],"medium":["https:\/\/i0.wp.com\/landioustravel.com\/wp-content\/uploads\/2020\/11\/Alexandria-Trip-Cairo-e1617554461353.jpg?fit=300%2C169&ssl=1",300,169,true],"medium_large":["https:\/\/i0.wp.com\/landioustravel.com\/wp-content\/uploads\/2020\/11\/Alexandria-Trip-Cairo-e1617554461353.jpg?fit=768%2C432&ssl=1",768,432,true],"large":["https:\/\/i0.wp.com\/landioustravel.com\/wp-content\/uploads\/2020\/11\/Alexandria-Trip-Cairo-e1617554461353.jpg?fit=980%2C551&ssl=1",980,551,true],"1536x1536":["https:\/\/i0.wp.com\/landioustravel.com\/wp-content\/uploads\/2020\/11\/Alexandria-Trip-Cairo-e1617554461353.jpg?fit=1536%2C864&ssl=1",1536,864,true],"2048x2048":["https:\/\/i0.wp.com\/landioustravel.com\/wp-content\/uploads\/2020\/11\/Alexandria-Trip-Cairo-e1617554461353.jpg?fit=2048%2C1152&ssl=1",2048,1152,true],"newspack-article-block-landscape-large":["https:\/\/i0.wp.com\/landioustravel.com\/wp-content\/uploads\/2020\/11\/Alexandria-Trip-Cairo-e1617554461353.jpg?resize=1200%2C675&ssl=1",1200,900,true],"newspack-article-block-portrait-large":["https:\/\/i0.wp.com\/landioustravel.com\/wp-content\/uploads\/2020\/11\/Alexandria-Trip-Cairo-e1617554461353.jpg?resize=900%2C675&ssl=1",900,1200,true],"newspack-article-block-square-large":["https:\/\/i0.wp.com\/landioustravel.com\/wp-content\/uploads\/2020\/11\/Alexandria-Trip-Cairo-e1617554461353.jpg?resize=1200%2C675&ssl=1",1200,1200,true],"newspack-article-block-landscape-medium":["https:\/\/i0.wp.com\/landioustravel.com\/wp-content\/uploads\/2020\/11\/Alexandria-Trip-Cairo-e1617554461353.jpg?resize=800%2C600&ssl=1",800,600,true],"newspack-article-block-portrait-medium":["https:\/\/i0.wp.com\/landioustravel.com\/wp-content\/uploads\/2020\/11\/Alexandria-Trip-Cairo-e1617554461353.jpg?resize=600%2C675&ssl=1",600,800,true],"newspack-article-block-square-medium":["https:\/\/i0.wp.com\/landioustravel.com\/wp-content\/uploads\/2020\/11\/Alexandria-Trip-Cairo-e1617554461353.jpg?resize=800%2C675&ssl=1",800,800,true],"newspack-article-block-landscape-intermediate":["https:\/\/i0.wp.com\/landioustravel.com\/wp-content\/uploads\/2020\/11\/Alexandria-Trip-Cairo-e1617554461353.jpg?resize=600%2C450&ssl=1",600,450,true],"newspack-article-block-portrait-intermediate":["https:\/\/i0.wp.com\/landioustravel.com\/wp-content\/uploads\/2020\/11\/Alexandria-Trip-Cairo-e1617554461353.jpg?resize=450%2C600&ssl=1",450,600,true],"newspack-article-block-square-intermediate":["https:\/\/i0.wp.com\/landioustravel.com\/wp-content\/uploads\/2020\/11\/Alexandria-Trip-Cairo-e1617554461353.jpg?resize=600%2C600&ssl=1",600,600,true],"newspack-article-block-landscape-small":["https:\/\/i0.wp.com\/landioustravel.com\/wp-content\/uploads\/2020\/11\/Alexandria-Trip-Cairo-e1617554461353.jpg?resize=400%2C300&ssl=1",400,300,true],"newspack-article-block-portrait-small":["https:\/\/i0.wp.com\/landioustravel.com\/wp-content\/uploads\/2020\/11\/Alexandria-Trip-Cairo-e1617554461353.jpg?resize=300%2C400&ssl=1",300,400,true],"newspack-article-block-square-small":["https:\/\/i0.wp.com\/landioustravel.com\/wp-content\/uploads\/2020\/11\/Alexandria-Trip-Cairo-e1617554461353.jpg?resize=400%2C400&ssl=1",400,400,true],"newspack-article-block-landscape-tiny":["https:\/\/i0.wp.com\/landioustravel.com\/wp-content\/uploads\/2020\/11\/Alexandria-Trip-Cairo-e1617554461353.jpg?resize=200%2C150&ssl=1",200,150,true],"newspack-article-block-portrait-tiny":["https:\/\/i0.wp.com\/landioustravel.com\/wp-content\/uploads\/2020\/11\/Alexandria-Trip-Cairo-e1617554461353.jpg?resize=150%2C200&ssl=1",150,200,true],"newspack-article-block-square-tiny":["https:\/\/i0.wp.com\/landioustravel.com\/wp-content\/uploads\/2020\/11\/Alexandria-Trip-Cairo-e1617554461353.jpg?resize=200%2C200&ssl=1",200,200,true],"newspack-article-block-uncropped":["https:\/\/i0.wp.com\/landioustravel.com\/wp-content\/uploads\/2020\/11\/Alexandria-Trip-Cairo-e1617554461353.jpg?fit=1200%2C675&ssl=1",1200,675,true],"woocommerce_thumbnail":["https:\/\/i0.wp.com\/landioustravel.com\/wp-content\/uploads\/2020\/11\/Alexandria-Trip-Cairo-e1617554461353.jpg?resize=324%2C324&ssl=1",324,324,true],"woocommerce_single":["https:\/\/i0.wp.com\/landioustravel.com\/wp-content\/uploads\/2020\/11\/Alexandria-Trip-Cairo-e1617554461353.jpg?fit=416%2C234&ssl=1",416,234,true],"woocommerce_gallery_thumbnail":["https:\/\/i0.wp.com\/landioustravel.com\/wp-content\/uploads\/2020\/11\/Alexandria-Trip-Cairo-e1617554461353.jpg?resize=100%2C100&ssl=1",100,100,true]},"uagb_author_info":{"display_name":"Mofreh Landious","author_link":"https:\/\/landioustravel.com\/pl\/author\/"},"uagb_comment_info":1,"uagb_excerpt":"Do\u0142\u0105cz do nas na jednodniow\u0105 wycieczk\u0119 do Aleksandrii z Kairu, gdzie zwiedzimy wiele fascynuj\u0105cych miejsc. Zaczniemy od zwiedzania wykutych w skale rzymskich katakumb i ruin rzymskiego kompleksu \u015bwi\u0105tynnego. Nast\u0119pnie udamy si\u0119 do cytadeli Qaitbey, gdzie b\u0119dziesz mia\u0142 okazj\u0119 zrobi\u0107 kilka niezapomnianych zdj\u0119\u0107. P\u00f3\u017aniej zjemy pyszny lunch w lokalnej restauracji rybnej przed kontynuowaniem naszej wycieczki. Nast\u0119pnie&hellip;","jetpack_sharing_enabled":true,"jetpack_likes_enabled":true,"amp_enabled":true,"_links":{"self":[{"href":"https:\/\/landioustravel.com\/pl\/wp-json\/wp\/v2\/product\/25950","targetHints":{"allow":["GET"]}}],"collection":[{"href":"https:\/\/landioustravel.com\/pl\/wp-json\/wp\/v2\/product"}],"about":[{"href":"https:\/\/landioustravel.com\/pl\/wp-json\/wp\/v2\/types\/product"}],"replies":[{"embeddable":true,"href":"https:\/\/landioustravel.com\/pl\/wp-json\/wp\/v2\/comments?post=25950"}],"wp:featuredmedia":[{"embeddable":true,"href":"https:\/\/landioustravel.com\/pl\/wp-json\/wp\/v2\/media\/45625"}],"wp:attachment":[{"href":"https:\/\/landioustravel.com\/pl\/wp-json\/wp\/v2\/media?parent=25950"}],"wp:term":[{"taxonomy":"product_brand","embeddable":true,"href":"https:\/\/landioustravel.com\/pl\/wp-json\/wp\/v2\/product_brand?post=25950"},{"taxonomy":"product_cat","embeddable":true,"href":"https:\/\/landioustravel.com\/pl\/wp-json\/wp\/v2\/product_cat?post=25950"},{"taxonomy":"product_tag","embeddable":true,"href":"https:\/\/landioustravel.com\/pl\/wp-json\/wp\/v2\/product_tag?post=25950"}],"curies":[{"name":"wp","href":"https:\/\/api.w.org\/{rel}","templated":true}]}}