{"id":2596,"date":"2023-03-26T16:58:01","date_gmt":"2018-11-26T14:58:01","guid":{"rendered":"https:\/\/landioustravel.com\/product\/wycieczka-po-miescie-hurghade\/"},"modified":"2024-01-13T19:14:13","modified_gmt":"2024-01-13T17:14:13","slug":"wycieczka-po-miescie-hurghade","status":"publish","type":"product","link":"https:\/\/landioustravel.com\/pl\/shop\/wycieczka-po-miescie-hurghade\/","title":{"rendered":"Wycieczka po mie\u015bcie przez Hurghad\u0119"},"content":{"rendered":"<p>Bardzo pouczaj\u0105ca wycieczka do zwiedzania miasta Hurghada! Polecamy wycieczk\u0119, poniewa\u017c pozwala turystom odkrywa\u0107 miasto ze wszystkimi jego r\u00f3\u017cnymi obszarami i atrakcjami.<\/p>\n<h2>G\u0142\u00f3wne punkty programu wycieczek po mie\u015bcie w Hurghadzie<\/h2>\n<ul>\n<li>Zwiedzanie bulwar\u00f3w w Hurghadzie (Marina Boulevard)<\/li>\n<li>R\u00f3wnie\u017c port i pomys\u0142, jak przygotowa\u0107 jachty w tym porcie.<\/li>\n<li>Nast\u0119pnie inspekcja najwi\u0119kszego meczetu w Hurghadzie<\/li>\n<li>Nast\u0119pnie zwiedzanie targu owoc\u00f3w i ryb<\/li>\n<li>Wycieczka obejmuje wizyt\u0119 w cerkwi prawos\u0142awnej<\/li>\n<li>Wreszcie zakupy w fabryce oleju i hali pami\u0105tek<\/li>\n<\/ul>\n<h3>Program wycieczki po mie\u015bcie w Hurghadzie<\/h3>\n<ul>\n<li>Odbierzemy ci\u0119 z hotelu oko\u0142o godziny 15:00<\/li>\n<li>Po zabraniu wszystkich ch\u0119tnych, autobus jedzie do miasta. Dojazd do miasta zajmuje oko\u0142o 10 minut<\/li>\n<li>Na pocz\u0105tku wycieczki zrobisz panoramiczny przegl\u0105d miasta. Tam Tw\u00f3j przewodnik podaje informacje o tym, kt\u00f3re obszary mamy w Hurghadzie<\/li>\n<li>Po tym panoramicznym widoku Hurghady jedziemy wzd\u0142u\u017c ulicy Sheraton i widzimy stare miasto &#8211; Sakkala<\/li>\n<li>W Sakkala odwiedzisz bulwary _ Marina Boulevard<\/li>\n<li>A obok targ rybny, meczet El Mina i port<\/li>\n<li>Po zwiedzeniu starego miasta, jedziesz do nowoczesnej dzielnicy Dahar. Tam widzisz Koptyjski Ko\u015bci\u00f3\u0142 Prawos\u0142awny<\/li>\n<li>Wreszcie odwiedzasz fabryk\u0119 oleju i sal\u0119 z pami\u0105tkami<\/li>\n<\/ul>\n<h4>Co zawiera cena wycieczki<\/h4>\n<ul>\n<li>Przejazd do miasta i powr\u00f3t do hotelu<\/li>\n<\/ul>\n<h5>Co nie jest wliczone w cen\u0119 wycieczki<\/h5>\n<ul>\n<li>Dodatkowe programy<\/li>\n<\/ul>\n<h6>Co zabra\u0107 na wycieczk\u0119<\/h6>\n<ul>\n<li>Okulary s\u0142oneczne<\/li>\n<\/ul>\n<h6>DNI ORGANIZACJI WYCIECZKOWEJ<\/h6>\n<ul>\n<li>Codziennie od 15:00 do 18:00<\/li>\n<\/ul>\n","protected":false},"excerpt":{"rendered":"<p>Wybierz si\u0119 na wspania\u0142\u0105 wycieczk\u0119 krajoznawcz\u0105 po Hurghadzie i odkryj najbardziej urzekaj\u0105ce zabytki i ukryte skarby miasta. Od starego miasta i targu owocowego po targ rybny, platformy, wielki meczet, ko\u015bci\u00f3\u0142 koptyjski i port \u2014 ta wycieczka ma wszystko. Podczas spaceru po mie\u015bcie nasz kompetentny przewodnik podzieli si\u0119 pomocnymi wskaz\u00f3wkami i fascynuj\u0105cymi spostrze\u017ceniami na temat ka\u017cdej lokalizacji. Ta wycieczka to doskona\u0142a okazja, aby odkry\u0107 prawdziw\u0105 esencj\u0119 Hurghady poza jej wspania\u0142ymi pla\u017cami. Pozw\u00f3l, aby nasz do\u015bwiadczony lokalny przewodnik zabra\u0142 Ci\u0119 w podr\u00f3\u017c przez czas i kultur\u0119 w ci\u0105gu zaledwie kilku godzin. Dowiesz si\u0119 o spo\u0142eczno\u015bci rybackiej w stoczni, podziwiasz najwi\u0119kszy meczet w mie\u015bcie i odwiedzasz najstarszy koptyjski ko\u015bci\u00f3\u0142 w okolicy. Dzi\u0119ki transportowi \u201eod drzwi do drzwi\u201d mo\u017cesz zaoszcz\u0119dzi\u0107 energi\u0119 na zwiedzanie i cieszy\u0107 si\u0119 bezproblemow\u0105 wycieczk\u0105, podczas kt\u00f3rej wszystkie op\u0142aty za wst\u0119p s\u0105 pokrywane z g\u00f3ry. Ponadto nie przegap okazji, aby odwiedzi\u0107 t\u0119tni\u0105cy \u017cyciem targ owocowo-warzywny, prawdziw\u0105 rozkosz dla wszystkich zmys\u0142\u00f3w. Do\u0142\u0105cz do nas w tej niezwyk\u0142ej przygodzie i zakochaj si\u0119 w Hurghadzie, po jednym punkcie orientacyjnym na raz.<\/p>\n","protected":false},"featured_media":2597,"comment_status":"open","ping_status":"closed","template":"","meta":{"_coblocks_attr":"","_coblocks_dimensions":"","_coblocks_responsive_height":"","_coblocks_accordion_ie_support":"","_uag_custom_page_level_css":"","jetpack_publicize_message":"","jetpack_publicize_feature_enabled":true,"jetpack_social_post_already_shared":false,"jetpack_social_options":{"image_generator_settings":{"template":"highway","default_image_id":0,"font":"","enabled":false},"version":2},"_wpas_customize_per_network":false},"product_brand":[],"product_cat":[1944,1943],"product_tag":[1956,1961,1973,9909],"class_list":{"0":"post-2596","1":"product","2":"type-product","3":"status-publish","4":"has-post-thumbnail","6":"product_cat-wycieczki-krajoznawcze-hurghadzie","7":"product_cat-wycieczki-w-hurghadzie","8":"product_tag-hurghada-pl","9":"product_tag-wycieczka","10":"product_tag-wycieczka-po-miescie","11":"product_tag-zwiedzanie","12":"pa_age-dorosly","13":"pa_age-dziecko","15":"first","16":"instock","17":"sale","18":"purchasable","19":"product-type-variable"},"yoast_head":"<!-- This site is optimized with the Yoast SEO Premium plugin v26.9 (Yoast SEO v27.5) - https:\/\/yoast.com\/product\/yoast-seo-premium-wordpress\/ -->\n<title>Wycieczka po mie\u015bcie przez Hurghad\u0119 -<\/title>\n<meta name=\"description\" content=\"Wycieczka po mie\u015bcie przez Hurghad\u0119: zwiedzanie bulwaru Marina, portu, meczetu El-Mina, targu z owocami, targu rybnego, Ko\u015bcio\u0142a Koptyjskiego i robienia zakup\u00f3w\" \/>\n<meta name=\"robots\" content=\"index, follow, max-snippet:-1, max-image-preview:large, max-video-preview:-1\" \/>\n<link rel=\"canonical\" href=\"https:\/\/landioustravel.com\/pl\/shop\/wycieczka-po-miescie-hurghade\/\" \/>\n<meta property=\"og:locale\" content=\"pl_PL\" \/>\n<meta property=\"og:type\" content=\"article\" \/>\n<meta property=\"og:title\" content=\"Wycieczka po mie\u015bcie przez Hurghad\u0119\" \/>\n<meta property=\"og:description\" content=\"Landious Travel\" \/>\n<meta property=\"og:url\" content=\"https:\/\/landioustravel.com\/pl\/shop\/wycieczka-po-miescie-hurghade\/\" \/>\n<meta property=\"og:site_name\" content=\"Landious Travel\" \/>\n<meta property=\"article:publisher\" content=\"https:\/\/web.facebook.com\/landiousEgypt\" \/>\n<meta property=\"article:modified_time\" content=\"2024-01-13T17:14:13+00:00\" \/>\n<meta property=\"og:image\" content=\"https:\/\/i0.wp.com\/landioustravel.com\/wp-content\/uploads\/2019\/01\/City_tour_by_Hurghada-e1551670998685.jpg?fit=1200%2C676&ssl=1\" \/>\n\t<meta property=\"og:image:width\" content=\"1200\" \/>\n\t<meta property=\"og:image:height\" content=\"676\" \/>\n\t<meta property=\"og:image:type\" content=\"image\/jpeg\" \/>\n<meta name=\"twitter:card\" content=\"summary_large_image\" \/>\n<meta name=\"twitter:site\" content=\"@LandiousTours\" \/>\n<meta name=\"twitter:label1\" content=\"Szacowany czas czytania\" \/>\n\t<meta name=\"twitter:data1\" content=\"1 minuta\" \/>\n<script type=\"application\/ld+json\" class=\"yoast-schema-graph\">{\"@context\":\"https:\\\/\\\/schema.org\",\"@graph\":[{\"@type\":\"WebPage\",\"@id\":\"https:\\\/\\\/landioustravel.com\\\/pl\\\/shop\\\/wycieczka-po-miescie-hurghade\\\/\",\"url\":\"https:\\\/\\\/landioustravel.com\\\/pl\\\/shop\\\/wycieczka-po-miescie-hurghade\\\/\",\"name\":\"Wycieczka po mie\u015bcie przez Hurghad\u0119 -\",\"isPartOf\":{\"@id\":\"https:\\\/\\\/landioustravel.com\\\/pl\\\/#website\"},\"primaryImageOfPage\":{\"@id\":\"https:\\\/\\\/landioustravel.com\\\/pl\\\/shop\\\/wycieczka-po-miescie-hurghade\\\/#primaryimage\"},\"image\":{\"@id\":\"https:\\\/\\\/landioustravel.com\\\/pl\\\/shop\\\/wycieczka-po-miescie-hurghade\\\/#primaryimage\"},\"thumbnailUrl\":\"https:\\\/\\\/i0.wp.com\\\/landioustravel.com\\\/wp-content\\\/uploads\\\/2019\\\/01\\\/City_tour_by_Hurghada-e1551670998685.jpg?fit=1200%2C676&ssl=1\",\"datePublished\":\"2018-11-26T14:58:01+00:00\",\"dateModified\":\"2024-01-13T17:14:13+00:00\",\"description\":\"Wycieczka po mie\u015bcie przez Hurghad\u0119: zwiedzanie bulwaru Marina, portu, meczetu El-Mina, targu z owocami, targu rybnego, Ko\u015bcio\u0142a Koptyjskiego i robienia zakup\u00f3w\",\"breadcrumb\":{\"@id\":\"https:\\\/\\\/landioustravel.com\\\/pl\\\/shop\\\/wycieczka-po-miescie-hurghade\\\/#breadcrumb\"},\"inLanguage\":\"pl-PL\",\"potentialAction\":[{\"@type\":\"ReadAction\",\"target\":[\"https:\\\/\\\/landioustravel.com\\\/pl\\\/shop\\\/wycieczka-po-miescie-hurghade\\\/\"]}]},{\"@type\":\"ImageObject\",\"inLanguage\":\"pl-PL\",\"@id\":\"https:\\\/\\\/landioustravel.com\\\/pl\\\/shop\\\/wycieczka-po-miescie-hurghade\\\/#primaryimage\",\"url\":\"https:\\\/\\\/i0.wp.com\\\/landioustravel.com\\\/wp-content\\\/uploads\\\/2019\\\/01\\\/City_tour_by_Hurghada-e1551670998685.jpg?fit=1200%2C676&ssl=1\",\"contentUrl\":\"https:\\\/\\\/i0.wp.com\\\/landioustravel.com\\\/wp-content\\\/uploads\\\/2019\\\/01\\\/City_tour_by_Hurghada-e1551670998685.jpg?fit=1200%2C676&ssl=1\",\"width\":1200,\"height\":676,\"caption\":\"Wycieczka po mie\u015bcie przez Hurghad\u0119\"},{\"@type\":\"BreadcrumbList\",\"@id\":\"https:\\\/\\\/landioustravel.com\\\/pl\\\/shop\\\/wycieczka-po-miescie-hurghade\\\/#breadcrumb\",\"itemListElement\":[{\"@type\":\"ListItem\",\"position\":1,\"name\":\"Home\",\"item\":\"https:\\\/\\\/landioustravel.com\\\/pl\\\/\"},{\"@type\":\"ListItem\",\"position\":2,\"name\":\"Us\u0142ugi i wycieczki\",\"item\":\"https:\\\/\\\/landioustravel.com\\\/pl\\\/\"},{\"@type\":\"ListItem\",\"position\":3,\"name\":\"Wycieczka po mie\u015bcie przez Hurghad\u0119\"}]},{\"@type\":\"WebSite\",\"@id\":\"https:\\\/\\\/landioustravel.com\\\/pl\\\/#website\",\"url\":\"https:\\\/\\\/landioustravel.com\\\/pl\\\/\",\"name\":\"Landious Travel\",\"description\":\"Excursions, trips and cruises in Egypt\",\"publisher\":{\"@id\":\"https:\\\/\\\/landioustravel.com\\\/pl\\\/#organization\"},\"potentialAction\":[{\"@type\":\"SearchAction\",\"target\":{\"@type\":\"EntryPoint\",\"urlTemplate\":\"https:\\\/\\\/landioustravel.com\\\/pl\\\/?s={search_term_string}\"},\"query-input\":{\"@type\":\"PropertyValueSpecification\",\"valueRequired\":true,\"valueName\":\"search_term_string\"}}],\"inLanguage\":\"pl-PL\"},{\"@type\":[\"Organization\",\"Place\"],\"@id\":\"https:\\\/\\\/landioustravel.com\\\/pl\\\/#organization\",\"name\":\"Landious Travel\",\"alternateName\":\"Landious Travel\",\"url\":\"https:\\\/\\\/landioustravel.com\\\/pl\\\/\",\"logo\":{\"@id\":\"https:\\\/\\\/landioustravel.com\\\/pl\\\/shop\\\/wycieczka-po-miescie-hurghade\\\/#local-main-organization-logo\"},\"image\":{\"@id\":\"https:\\\/\\\/landioustravel.com\\\/pl\\\/shop\\\/wycieczka-po-miescie-hurghade\\\/#local-main-organization-logo\"},\"sameAs\":[\"https:\\\/\\\/web.facebook.com\\\/landiousEgypt\",\"https:\\\/\\\/x.com\\\/LandiousTours\",\"https:\\\/\\\/mastodon.social\\\/@landious\"],\"legalName\":\"Landious Travel\",\"telephone\":[],\"openingHoursSpecification\":[{\"@type\":\"OpeningHoursSpecification\",\"dayOfWeek\":[\"Monday\",\"Tuesday\",\"Wednesday\",\"Thursday\",\"Friday\",\"Saturday\",\"Sunday\"],\"opens\":\"09:00\",\"closes\":\"17:00\"}]},{\"@type\":\"ImageObject\",\"inLanguage\":\"pl-PL\",\"@id\":\"https:\\\/\\\/landioustravel.com\\\/pl\\\/shop\\\/wycieczka-po-miescie-hurghade\\\/#local-main-organization-logo\",\"url\":\"https:\\\/\\\/i0.wp.com\\\/landioustravel.com\\\/wp-content\\\/uploads\\\/2021\\\/06\\\/Landious-T.png?fit=500%2C500&ssl=1\",\"contentUrl\":\"https:\\\/\\\/i0.wp.com\\\/landioustravel.com\\\/wp-content\\\/uploads\\\/2021\\\/06\\\/Landious-T.png?fit=500%2C500&ssl=1\",\"width\":500,\"height\":500,\"caption\":\"Landious Travel\"}]}<\/script>\n<!-- \/ Yoast SEO Premium plugin. -->","yoast_head_json":{"title":"Wycieczka po mie\u015bcie przez Hurghad\u0119 -","description":"Wycieczka po mie\u015bcie przez Hurghad\u0119: zwiedzanie bulwaru Marina, portu, meczetu El-Mina, targu z owocami, targu rybnego, Ko\u015bcio\u0142a Koptyjskiego i robienia zakup\u00f3w","robots":{"index":"index","follow":"follow","max-snippet":"max-snippet:-1","max-image-preview":"max-image-preview:large","max-video-preview":"max-video-preview:-1"},"canonical":"https:\/\/landioustravel.com\/pl\/shop\/wycieczka-po-miescie-hurghade\/","og_locale":"pl_PL","og_type":"article","og_title":"Wycieczka po mie\u015bcie przez Hurghad\u0119","og_description":"Landious Travel","og_url":"https:\/\/landioustravel.com\/pl\/shop\/wycieczka-po-miescie-hurghade\/","og_site_name":"Landious Travel","article_publisher":"https:\/\/web.facebook.com\/landiousEgypt","article_modified_time":"2024-01-13T17:14:13+00:00","og_image":[{"width":1200,"height":676,"url":"https:\/\/i0.wp.com\/landioustravel.com\/wp-content\/uploads\/2019\/01\/City_tour_by_Hurghada-e1551670998685.jpg?fit=1200%2C676&ssl=1","type":"image\/jpeg"}],"twitter_card":"summary_large_image","twitter_site":"@LandiousTours","twitter_misc":{"Szacowany czas czytania":"1 minuta"},"schema":{"@context":"https:\/\/schema.org","@graph":[{"@type":"WebPage","@id":"https:\/\/landioustravel.com\/pl\/shop\/wycieczka-po-miescie-hurghade\/","url":"https:\/\/landioustravel.com\/pl\/shop\/wycieczka-po-miescie-hurghade\/","name":"Wycieczka po mie\u015bcie przez Hurghad\u0119 -","isPartOf":{"@id":"https:\/\/landioustravel.com\/pl\/#website"},"primaryImageOfPage":{"@id":"https:\/\/landioustravel.com\/pl\/shop\/wycieczka-po-miescie-hurghade\/#primaryimage"},"image":{"@id":"https:\/\/landioustravel.com\/pl\/shop\/wycieczka-po-miescie-hurghade\/#primaryimage"},"thumbnailUrl":"https:\/\/i0.wp.com\/landioustravel.com\/wp-content\/uploads\/2019\/01\/City_tour_by_Hurghada-e1551670998685.jpg?fit=1200%2C676&ssl=1","datePublished":"2018-11-26T14:58:01+00:00","dateModified":"2024-01-13T17:14:13+00:00","description":"Wycieczka po mie\u015bcie przez Hurghad\u0119: zwiedzanie bulwaru Marina, portu, meczetu El-Mina, targu z owocami, targu rybnego, Ko\u015bcio\u0142a Koptyjskiego i robienia zakup\u00f3w","breadcrumb":{"@id":"https:\/\/landioustravel.com\/pl\/shop\/wycieczka-po-miescie-hurghade\/#breadcrumb"},"inLanguage":"pl-PL","potentialAction":[{"@type":"ReadAction","target":["https:\/\/landioustravel.com\/pl\/shop\/wycieczka-po-miescie-hurghade\/"]}]},{"@type":"ImageObject","inLanguage":"pl-PL","@id":"https:\/\/landioustravel.com\/pl\/shop\/wycieczka-po-miescie-hurghade\/#primaryimage","url":"https:\/\/i0.wp.com\/landioustravel.com\/wp-content\/uploads\/2019\/01\/City_tour_by_Hurghada-e1551670998685.jpg?fit=1200%2C676&ssl=1","contentUrl":"https:\/\/i0.wp.com\/landioustravel.com\/wp-content\/uploads\/2019\/01\/City_tour_by_Hurghada-e1551670998685.jpg?fit=1200%2C676&ssl=1","width":1200,"height":676,"caption":"Wycieczka po mie\u015bcie przez Hurghad\u0119"},{"@type":"BreadcrumbList","@id":"https:\/\/landioustravel.com\/pl\/shop\/wycieczka-po-miescie-hurghade\/#breadcrumb","itemListElement":[{"@type":"ListItem","position":1,"name":"Home","item":"https:\/\/landioustravel.com\/pl\/"},{"@type":"ListItem","position":2,"name":"Us\u0142ugi i wycieczki","item":"https:\/\/landioustravel.com\/pl\/"},{"@type":"ListItem","position":3,"name":"Wycieczka po mie\u015bcie przez Hurghad\u0119"}]},{"@type":"WebSite","@id":"https:\/\/landioustravel.com\/pl\/#website","url":"https:\/\/landioustravel.com\/pl\/","name":"Landious Travel","description":"Excursions, trips and cruises in Egypt","publisher":{"@id":"https:\/\/landioustravel.com\/pl\/#organization"},"potentialAction":[{"@type":"SearchAction","target":{"@type":"EntryPoint","urlTemplate":"https:\/\/landioustravel.com\/pl\/?s={search_term_string}"},"query-input":{"@type":"PropertyValueSpecification","valueRequired":true,"valueName":"search_term_string"}}],"inLanguage":"pl-PL"},{"@type":["Organization","Place"],"@id":"https:\/\/landioustravel.com\/pl\/#organization","name":"Landious Travel","alternateName":"Landious Travel","url":"https:\/\/landioustravel.com\/pl\/","logo":{"@id":"https:\/\/landioustravel.com\/pl\/shop\/wycieczka-po-miescie-hurghade\/#local-main-organization-logo"},"image":{"@id":"https:\/\/landioustravel.com\/pl\/shop\/wycieczka-po-miescie-hurghade\/#local-main-organization-logo"},"sameAs":["https:\/\/web.facebook.com\/landiousEgypt","https:\/\/x.com\/LandiousTours","https:\/\/mastodon.social\/@landious"],"legalName":"Landious Travel","telephone":[],"openingHoursSpecification":[{"@type":"OpeningHoursSpecification","dayOfWeek":["Monday","Tuesday","Wednesday","Thursday","Friday","Saturday","Sunday"],"opens":"09:00","closes":"17:00"}]},{"@type":"ImageObject","inLanguage":"pl-PL","@id":"https:\/\/landioustravel.com\/pl\/shop\/wycieczka-po-miescie-hurghade\/#local-main-organization-logo","url":"https:\/\/i0.wp.com\/landioustravel.com\/wp-content\/uploads\/2021\/06\/Landious-T.png?fit=500%2C500&ssl=1","contentUrl":"https:\/\/i0.wp.com\/landioustravel.com\/wp-content\/uploads\/2021\/06\/Landious-T.png?fit=500%2C500&ssl=1","width":500,"height":500,"caption":"Landious Travel"}]}},"jetpack_publicize_connections":[],"uagb_featured_image_src":{"full":["https:\/\/i0.wp.com\/landioustravel.com\/wp-content\/uploads\/2019\/01\/City_tour_by_Hurghada-e1551670998685.jpg?fit=1200%2C676&ssl=1",1200,676,false],"thumbnail":["https:\/\/i0.wp.com\/landioustravel.com\/wp-content\/uploads\/2019\/01\/City_tour_by_Hurghada-e1551670998685.jpg?resize=150%2C150&ssl=1",150,150,true],"medium":["https:\/\/i0.wp.com\/landioustravel.com\/wp-content\/uploads\/2019\/01\/City_tour_by_Hurghada-e1551670998685.jpg?fit=300%2C169&ssl=1",300,169,true],"medium_large":["https:\/\/i0.wp.com\/landioustravel.com\/wp-content\/uploads\/2019\/01\/City_tour_by_Hurghada-e1551670998685.jpg?fit=768%2C433&ssl=1",768,433,true],"large":["https:\/\/i0.wp.com\/landioustravel.com\/wp-content\/uploads\/2019\/01\/City_tour_by_Hurghada-e1551670998685.jpg?fit=980%2C552&ssl=1",980,552,true],"1536x1536":["https:\/\/i0.wp.com\/landioustravel.com\/wp-content\/uploads\/2019\/01\/City_tour_by_Hurghada-e1551670998685.jpg?fit=1200%2C676&ssl=1",1200,676,true],"2048x2048":["https:\/\/i0.wp.com\/landioustravel.com\/wp-content\/uploads\/2019\/01\/City_tour_by_Hurghada-e1551670998685.jpg?fit=1200%2C676&ssl=1",1200,676,true],"newspack-article-block-landscape-large":["https:\/\/i0.wp.com\/landioustravel.com\/wp-content\/uploads\/2019\/01\/City_tour_by_Hurghada-e1551670998685.jpg?resize=1200%2C676&ssl=1",1200,676,true],"newspack-article-block-portrait-large":["https:\/\/i0.wp.com\/landioustravel.com\/wp-content\/uploads\/2019\/01\/City_tour_by_Hurghada-e1551670998685.jpg?resize=900%2C676&ssl=1",900,676,true],"newspack-article-block-square-large":["https:\/\/i0.wp.com\/landioustravel.com\/wp-content\/uploads\/2019\/01\/City_tour_by_Hurghada-e1551670998685.jpg?resize=1200%2C676&ssl=1",1200,676,true],"newspack-article-block-landscape-medium":["https:\/\/i0.wp.com\/landioustravel.com\/wp-content\/uploads\/2019\/01\/City_tour_by_Hurghada-e1551670998685.jpg?resize=800%2C600&ssl=1",800,600,true],"newspack-article-block-portrait-medium":["https:\/\/i0.wp.com\/landioustravel.com\/wp-content\/uploads\/2019\/01\/City_tour_by_Hurghada-e1551670998685.jpg?resize=600%2C676&ssl=1",600,676,true],"newspack-article-block-square-medium":["https:\/\/i0.wp.com\/landioustravel.com\/wp-content\/uploads\/2019\/01\/City_tour_by_Hurghada-e1551670998685.jpg?resize=800%2C676&ssl=1",800,676,true],"newspack-article-block-landscape-intermediate":["https:\/\/i0.wp.com\/landioustravel.com\/wp-content\/uploads\/2019\/01\/City_tour_by_Hurghada-e1551670998685.jpg?resize=600%2C450&ssl=1",600,450,true],"newspack-article-block-portrait-intermediate":["https:\/\/i0.wp.com\/landioustravel.com\/wp-content\/uploads\/2019\/01\/City_tour_by_Hurghada-e1551670998685.jpg?resize=450%2C600&ssl=1",450,600,true],"newspack-article-block-square-intermediate":["https:\/\/i0.wp.com\/landioustravel.com\/wp-content\/uploads\/2019\/01\/City_tour_by_Hurghada-e1551670998685.jpg?resize=600%2C600&ssl=1",600,600,true],"newspack-article-block-landscape-small":["https:\/\/i0.wp.com\/landioustravel.com\/wp-content\/uploads\/2019\/01\/City_tour_by_Hurghada-e1551670998685.jpg?resize=400%2C300&ssl=1",400,300,true],"newspack-article-block-portrait-small":["https:\/\/i0.wp.com\/landioustravel.com\/wp-content\/uploads\/2019\/01\/City_tour_by_Hurghada-e1551670998685.jpg?resize=300%2C400&ssl=1",300,400,true],"newspack-article-block-square-small":["https:\/\/i0.wp.com\/landioustravel.com\/wp-content\/uploads\/2019\/01\/City_tour_by_Hurghada-e1551670998685.jpg?resize=400%2C400&ssl=1",400,400,true],"newspack-article-block-landscape-tiny":["https:\/\/i0.wp.com\/landioustravel.com\/wp-content\/uploads\/2019\/01\/City_tour_by_Hurghada-e1551670998685.jpg?resize=200%2C150&ssl=1",200,150,true],"newspack-article-block-portrait-tiny":["https:\/\/i0.wp.com\/landioustravel.com\/wp-content\/uploads\/2019\/01\/City_tour_by_Hurghada-e1551670998685.jpg?resize=150%2C200&ssl=1",150,200,true],"newspack-article-block-square-tiny":["https:\/\/i0.wp.com\/landioustravel.com\/wp-content\/uploads\/2019\/01\/City_tour_by_Hurghada-e1551670998685.jpg?resize=200%2C200&ssl=1",200,200,true],"newspack-article-block-uncropped":["https:\/\/i0.wp.com\/landioustravel.com\/wp-content\/uploads\/2019\/01\/City_tour_by_Hurghada-e1551670998685.jpg?fit=1200%2C676&ssl=1",1200,676,true],"woocommerce_thumbnail":["https:\/\/i0.wp.com\/landioustravel.com\/wp-content\/uploads\/2019\/01\/City_tour_by_Hurghada-e1551670998685.jpg?resize=324%2C324&ssl=1",324,324,true],"woocommerce_single":["https:\/\/i0.wp.com\/landioustravel.com\/wp-content\/uploads\/2019\/01\/City_tour_by_Hurghada-e1551670998685.jpg?fit=416%2C234&ssl=1",416,234,true],"woocommerce_gallery_thumbnail":["https:\/\/i0.wp.com\/landioustravel.com\/wp-content\/uploads\/2019\/01\/City_tour_by_Hurghada-e1551670998685.jpg?resize=100%2C100&ssl=1",100,100,true]},"uagb_author_info":{"display_name":"Mofreh Landious","author_link":"https:\/\/landioustravel.com\/pl\/author\/"},"uagb_comment_info":6,"uagb_excerpt":"Wybierz si\u0119 na wspania\u0142\u0105 wycieczk\u0119 krajoznawcz\u0105 po Hurghadzie i odkryj najbardziej urzekaj\u0105ce zabytki i ukryte skarby miasta. Od starego miasta i targu owocowego po targ rybny, platformy, wielki meczet, ko\u015bci\u00f3\u0142 koptyjski i port \u2014 ta wycieczka ma wszystko. Podczas spaceru po mie\u015bcie nasz kompetentny przewodnik podzieli si\u0119 pomocnymi wskaz\u00f3wkami i fascynuj\u0105cymi spostrze\u017ceniami na temat ka\u017cdej&hellip;","jetpack_sharing_enabled":true,"jetpack_likes_enabled":true,"amp_enabled":true,"_links":{"self":[{"href":"https:\/\/landioustravel.com\/pl\/wp-json\/wp\/v2\/product\/2596","targetHints":{"allow":["GET"]}}],"collection":[{"href":"https:\/\/landioustravel.com\/pl\/wp-json\/wp\/v2\/product"}],"about":[{"href":"https:\/\/landioustravel.com\/pl\/wp-json\/wp\/v2\/types\/product"}],"replies":[{"embeddable":true,"href":"https:\/\/landioustravel.com\/pl\/wp-json\/wp\/v2\/comments?post=2596"}],"wp:featuredmedia":[{"embeddable":true,"href":"https:\/\/landioustravel.com\/pl\/wp-json\/wp\/v2\/media\/2597"}],"wp:attachment":[{"href":"https:\/\/landioustravel.com\/pl\/wp-json\/wp\/v2\/media?parent=2596"}],"wp:term":[{"taxonomy":"product_brand","embeddable":true,"href":"https:\/\/landioustravel.com\/pl\/wp-json\/wp\/v2\/product_brand?post=2596"},{"taxonomy":"product_cat","embeddable":true,"href":"https:\/\/landioustravel.com\/pl\/wp-json\/wp\/v2\/product_cat?post=2596"},{"taxonomy":"product_tag","embeddable":true,"href":"https:\/\/landioustravel.com\/pl\/wp-json\/wp\/v2\/product_tag?post=2596"}],"curies":[{"name":"wp","href":"https:\/\/api.w.org\/{rel}","templated":true}]}}